{"id":62528,"date":"2026-03-17T02:40:43","date_gmt":"2026-03-16T23:40:43","guid":{"rendered":"https:\/\/ranoja.ee\/toode\/jahutusvedeliku-kontsentraat-oem-advanced-40-208l-valvoline\/"},"modified":"2026-03-17T15:33:47","modified_gmt":"2026-03-17T12:33:47","slug":"jahutusvedeliku-kontsentraat-oem-advanced-40-208l-valvoline","status":"publish","type":"product","link":"https:\/\/ranoja.ee\/en\/toode\/jahutusvedeliku-kontsentraat-oem-advanced-40-208l-valvoline\/","title":{"rendered":"Jahutusvedeliku kontsentraat OEM Advanced 40 208L, Valvoline"},"content":{"rendered":"","protected":false},"excerpt":{"rendered":"<p>OEM-i heakskiidetud esmaklassiline Si-OAT jahutusvedelik s\u00f5iduautode, veoautode, busside ja maastikus\u00f5idukite jaoks. Valvoline OEM Advanced 40 antifriis jahutusvedelik on esmaklassiline h\u00fcbriidkarboks\u00fclaadi koostis, mis tagab pikema kasutusea. See sisaldab tipptasemel orgaanilise happe tehnoloogiat et\u00fcleengl\u00fckooli baasil, et kaitsta k\u00f5iki jahutuss\u00fcsteemi metalle, sealhulgas alumiiniumi, korrosiooni eest. Valvoline OEM Advanced 40 ei sisalda fosfaate, imidasooli, boraate, nitraate, amiine ega nitriteid.<\/p>\n<p>Ametlikud heakskiidud:<br \/>\nCummins CES 14603, CES 14439<br \/>\nDTFR 29C120 (MB 325.5)<br \/>\nDCC Detroit Diesel DSF93K217ELC<br \/>\nDeutz DQC CC-14<br \/>\nLiebherr Approval Minimum LH-01-COL3A<br \/>\nMAN 324 Type Si-OAT<br \/>\nMB 326.6<br \/>\nMTU MTL 5048<br \/>\nSCANIA TB1451-7<br \/>\nTL 774-G (G12++) &#8211; VW \/ Audi \/ Seat \/ Skoda \/ Lamborghini \/ Bentley \/ Bugatti<\/p>\n<p>T\u00e4idab v\u00f5i \u00fcletab kvaliteedin\u00f5udeid:<br \/>\nASTM D3306 \/ D4985 \/ D6210<br \/>\nDTFR 29D120 (MB 326.5)<br \/>\nFederal Specification A-A-870\u00b0<br \/>\nIrizar (from 2016)<br \/>\nMB Trucks (from October 2011)<br \/>\nNavistar MPAPS B1 IIIA<br \/>\nPorsche From MY 2010<br \/>\nSAE J814<br \/>\nSmart MB 325.6<br \/>\nVW TL 774-J<\/p>\n","protected":false},"featured_media":62529,"template":"","meta":{"inline_featured_image":false},"product_cat":[5160,5121,5009],"product_tag":[],"class_list":{"0":"post-62528","1":"product","2":"type-product","3":"status-publish","4":"has-post-thumbnail","6":"product_brand-valvoline","7":"product_cat-jahutusvedelikud","8":"product_cat-klaasipesu-ja-jahutusvedelikud","9":"product_cat-toostus-ja-autokeemia","11":"first","12":"instock","13":"purchasable","14":"product-type-simple"},"yoast_head":"<!-- This site is optimized with the Yoast SEO plugin v27.4 - https:\/\/yoast.com\/product\/yoast-seo-wordpress\/ -->\n<title>Jahutusvedeliku kontsentraat OEM Advanced 40 208L, Valvoline - Ranoja<\/title>\n<meta name=\"robots\" content=\"index, follow, max-snippet:-1, max-image-preview:large, max-video-preview:-1\" \/>\n<link rel=\"canonical\" href=\"https:\/\/ranoja.ee\/toode\/jahutusvedeliku-kontsentraat-oem-advanced-40-208l-valvoline\/\" \/>\n<meta property=\"og:locale\" content=\"en_US\" \/>\n<meta property=\"og:type\" content=\"article\" \/>\n<meta property=\"og:title\" content=\"Jahutusvedeliku kontsentraat OEM Advanced 40 208L, Valvoline - Ranoja\" \/>\n<meta property=\"og:description\" content=\"OEM-i heakskiidetud esmaklassiline Si-OAT jahutusvedelik s\u00f5iduautode, veoautode, busside ja maastikus\u00f5idukite jaoks. Valvoline OEM Advanced 40 antifriis jahutusvedelik on esmaklassiline h\u00fcbriidkarboks\u00fclaadi koostis, mis tagab pikema kasutusea. See sisaldab tipptasemel orgaanilise happe tehnoloogiat et\u00fcleengl\u00fckooli baasil, et kaitsta k\u00f5iki jahutuss\u00fcsteemi metalle, sealhulgas alumiiniumi, korrosiooni eest. Valvoline OEM Advanced 40 ei sisalda fosfaate, imidasooli, boraate, nitraate, amiine ega nitriteid. Ametlikud heakskiidud: Cummins CES 14603, CES 14439 DTFR 29C120 (MB 325.5) DCC Detroit Diesel DSF93K217ELC Deutz DQC CC-14 Liebherr Approval Minimum LH-01-COL3A MAN 324 Type Si-OAT MB 326.6 MTU MTL 5048 SCANIA TB1451-7 TL 774-G (G12++) - VW \/ Audi \/ Seat \/ Skoda \/ Lamborghini \/ Bentley \/ Bugatti T\u00e4idab v\u00f5i \u00fcletab kvaliteedin\u00f5udeid: ASTM D3306 \/ D4985 \/ D6210 DTFR 29D120 (MB 326.5) Federal Specification A-A-870\u00b0 Irizar (from 2016) MB Trucks (from October 2011) Navistar MPAPS B1 IIIA Porsche From MY 2010 SAE J814 Smart MB 325.6 VW TL 774-J\" \/>\n<meta property=\"og:url\" content=\"https:\/\/ranoja.ee\/toode\/jahutusvedeliku-kontsentraat-oem-advanced-40-208l-valvoline\/\" \/>\n<meta property=\"og:site_name\" content=\"Ranoja\" \/>\n<meta property=\"article:publisher\" content=\"https:\/\/www.facebook.com\/ranoja.ee\" \/>\n<meta property=\"article:modified_time\" content=\"2026-03-17T12:33:47+00:00\" \/>\n<meta property=\"og:image\" content=\"https:\/\/ranoja.ee\/wp-content\/uploads\/2026\/03\/248156166.jpg\" \/>\n\t<meta property=\"og:image:width\" content=\"892\" \/>\n\t<meta property=\"og:image:height\" content=\"900\" \/>\n\t<meta property=\"og:image:type\" content=\"image\/jpeg\" \/>\n<meta name=\"twitter:card\" content=\"summary_large_image\" \/>\n<script type=\"application\/ld+json\" class=\"yoast-schema-graph\">{\"@context\":\"https:\\\/\\\/schema.org\",\"@graph\":[{\"@type\":\"WebPage\",\"@id\":\"https:\\\/\\\/ranoja.ee\\\/toode\\\/jahutusvedeliku-kontsentraat-oem-advanced-40-208l-valvoline\\\/\",\"url\":\"https:\\\/\\\/ranoja.ee\\\/toode\\\/jahutusvedeliku-kontsentraat-oem-advanced-40-208l-valvoline\\\/\",\"name\":\"Jahutusvedeliku kontsentraat OEM Advanced 40 208L, Valvoline - Ranoja\",\"isPartOf\":{\"@id\":\"https:\\\/\\\/ranoja.ee\\\/#website\"},\"primaryImageOfPage\":{\"@id\":\"https:\\\/\\\/ranoja.ee\\\/toode\\\/jahutusvedeliku-kontsentraat-oem-advanced-40-208l-valvoline\\\/#primaryimage\"},\"image\":{\"@id\":\"https:\\\/\\\/ranoja.ee\\\/toode\\\/jahutusvedeliku-kontsentraat-oem-advanced-40-208l-valvoline\\\/#primaryimage\"},\"thumbnailUrl\":\"https:\\\/\\\/ranoja.ee\\\/wp-content\\\/uploads\\\/2026\\\/03\\\/248156166.jpg\",\"datePublished\":\"2026-03-16T23:40:43+00:00\",\"dateModified\":\"2026-03-17T12:33:47+00:00\",\"breadcrumb\":{\"@id\":\"https:\\\/\\\/ranoja.ee\\\/toode\\\/jahutusvedeliku-kontsentraat-oem-advanced-40-208l-valvoline\\\/#breadcrumb\"},\"inLanguage\":\"en-US\",\"potentialAction\":[{\"@type\":\"ReadAction\",\"target\":[\"https:\\\/\\\/ranoja.ee\\\/toode\\\/jahutusvedeliku-kontsentraat-oem-advanced-40-208l-valvoline\\\/\"]}]},{\"@type\":\"ImageObject\",\"inLanguage\":\"en-US\",\"@id\":\"https:\\\/\\\/ranoja.ee\\\/toode\\\/jahutusvedeliku-kontsentraat-oem-advanced-40-208l-valvoline\\\/#primaryimage\",\"url\":\"https:\\\/\\\/ranoja.ee\\\/wp-content\\\/uploads\\\/2026\\\/03\\\/248156166.jpg\",\"contentUrl\":\"https:\\\/\\\/ranoja.ee\\\/wp-content\\\/uploads\\\/2026\\\/03\\\/248156166.jpg\",\"width\":892,\"height\":900},{\"@type\":\"BreadcrumbList\",\"@id\":\"https:\\\/\\\/ranoja.ee\\\/toode\\\/jahutusvedeliku-kontsentraat-oem-advanced-40-208l-valvoline\\\/#breadcrumb\",\"itemListElement\":[{\"@type\":\"ListItem\",\"position\":1,\"name\":\"Home\",\"item\":\"https:\\\/\\\/ranoja.ee\\\/\"},{\"@type\":\"ListItem\",\"position\":2,\"name\":\"Shop\",\"item\":\"https:\\\/\\\/ranoja.ee\\\/en\\\/shop\\\/\"},{\"@type\":\"ListItem\",\"position\":3,\"name\":\"Jahutusvedeliku kontsentraat OEM Advanced 40 208L, Valvoline\"}]},{\"@type\":\"WebSite\",\"@id\":\"https:\\\/\\\/ranoja.ee\\\/#website\",\"url\":\"https:\\\/\\\/ranoja.ee\\\/\",\"name\":\"Ranoja\",\"description\":\"Equipment Shop WooCommerce WordPress Theme for Machine &amp; Tools\",\"publisher\":{\"@id\":\"https:\\\/\\\/ranoja.ee\\\/#organization\"},\"potentialAction\":[{\"@type\":\"SearchAction\",\"target\":{\"@type\":\"EntryPoint\",\"urlTemplate\":\"https:\\\/\\\/ranoja.ee\\\/?s={search_term_string}\"},\"query-input\":{\"@type\":\"PropertyValueSpecification\",\"valueRequired\":true,\"valueName\":\"search_term_string\"}}],\"inLanguage\":\"en-US\"},{\"@type\":\"Organization\",\"@id\":\"https:\\\/\\\/ranoja.ee\\\/#organization\",\"name\":\"Ranoja O\u00dc\",\"url\":\"https:\\\/\\\/ranoja.ee\\\/\",\"logo\":{\"@type\":\"ImageObject\",\"inLanguage\":\"en-US\",\"@id\":\"https:\\\/\\\/ranoja.ee\\\/#\\\/schema\\\/logo\\\/image\\\/\",\"url\":\"https:\\\/\\\/ranoja.ee\\\/wp-content\\\/uploads\\\/2023\\\/11\\\/ranoja-Logo.png\",\"contentUrl\":\"https:\\\/\\\/ranoja.ee\\\/wp-content\\\/uploads\\\/2023\\\/11\\\/ranoja-Logo.png\",\"width\":207,\"height\":58,\"caption\":\"Ranoja O\u00dc\"},\"image\":{\"@id\":\"https:\\\/\\\/ranoja.ee\\\/#\\\/schema\\\/logo\\\/image\\\/\"},\"sameAs\":[\"https:\\\/\\\/www.facebook.com\\\/ranoja.ee\",\"https:\\\/\\\/www.instagram.com\\\/ranoja__\\\/\"]}]}<\/script>\n<!-- \/ Yoast SEO plugin. -->","yoast_head_json":{"title":"Jahutusvedeliku kontsentraat OEM Advanced 40 208L, Valvoline - Ranoja","robots":{"index":"index","follow":"follow","max-snippet":"max-snippet:-1","max-image-preview":"max-image-preview:large","max-video-preview":"max-video-preview:-1"},"canonical":"https:\/\/ranoja.ee\/toode\/jahutusvedeliku-kontsentraat-oem-advanced-40-208l-valvoline\/","og_locale":"en_US","og_type":"article","og_title":"Jahutusvedeliku kontsentraat OEM Advanced 40 208L, Valvoline - Ranoja","og_description":"OEM-i heakskiidetud esmaklassiline Si-OAT jahutusvedelik s\u00f5iduautode, veoautode, busside ja maastikus\u00f5idukite jaoks. Valvoline OEM Advanced 40 antifriis jahutusvedelik on esmaklassiline h\u00fcbriidkarboks\u00fclaadi koostis, mis tagab pikema kasutusea. See sisaldab tipptasemel orgaanilise happe tehnoloogiat et\u00fcleengl\u00fckooli baasil, et kaitsta k\u00f5iki jahutuss\u00fcsteemi metalle, sealhulgas alumiiniumi, korrosiooni eest. Valvoline OEM Advanced 40 ei sisalda fosfaate, imidasooli, boraate, nitraate, amiine ega nitriteid. Ametlikud heakskiidud: Cummins CES 14603, CES 14439 DTFR 29C120 (MB 325.5) DCC Detroit Diesel DSF93K217ELC Deutz DQC CC-14 Liebherr Approval Minimum LH-01-COL3A MAN 324 Type Si-OAT MB 326.6 MTU MTL 5048 SCANIA TB1451-7 TL 774-G (G12++) - VW \/ Audi \/ Seat \/ Skoda \/ Lamborghini \/ Bentley \/ Bugatti T\u00e4idab v\u00f5i \u00fcletab kvaliteedin\u00f5udeid: ASTM D3306 \/ D4985 \/ D6210 DTFR 29D120 (MB 326.5) Federal Specification A-A-870\u00b0 Irizar (from 2016) MB Trucks (from October 2011) Navistar MPAPS B1 IIIA Porsche From MY 2010 SAE J814 Smart MB 325.6 VW TL 774-J","og_url":"https:\/\/ranoja.ee\/toode\/jahutusvedeliku-kontsentraat-oem-advanced-40-208l-valvoline\/","og_site_name":"Ranoja","article_publisher":"https:\/\/www.facebook.com\/ranoja.ee","article_modified_time":"2026-03-17T12:33:47+00:00","og_image":[{"width":892,"height":900,"url":"https:\/\/ranoja.ee\/wp-content\/uploads\/2026\/03\/248156166.jpg","type":"image\/jpeg"}],"twitter_card":"summary_large_image","schema":{"@context":"https:\/\/schema.org","@graph":[{"@type":"WebPage","@id":"https:\/\/ranoja.ee\/toode\/jahutusvedeliku-kontsentraat-oem-advanced-40-208l-valvoline\/","url":"https:\/\/ranoja.ee\/toode\/jahutusvedeliku-kontsentraat-oem-advanced-40-208l-valvoline\/","name":"Jahutusvedeliku kontsentraat OEM Advanced 40 208L, Valvoline - Ranoja","isPartOf":{"@id":"https:\/\/ranoja.ee\/#website"},"primaryImageOfPage":{"@id":"https:\/\/ranoja.ee\/toode\/jahutusvedeliku-kontsentraat-oem-advanced-40-208l-valvoline\/#primaryimage"},"image":{"@id":"https:\/\/ranoja.ee\/toode\/jahutusvedeliku-kontsentraat-oem-advanced-40-208l-valvoline\/#primaryimage"},"thumbnailUrl":"https:\/\/ranoja.ee\/wp-content\/uploads\/2026\/03\/248156166.jpg","datePublished":"2026-03-16T23:40:43+00:00","dateModified":"2026-03-17T12:33:47+00:00","breadcrumb":{"@id":"https:\/\/ranoja.ee\/toode\/jahutusvedeliku-kontsentraat-oem-advanced-40-208l-valvoline\/#breadcrumb"},"inLanguage":"en-US","potentialAction":[{"@type":"ReadAction","target":["https:\/\/ranoja.ee\/toode\/jahutusvedeliku-kontsentraat-oem-advanced-40-208l-valvoline\/"]}]},{"@type":"ImageObject","inLanguage":"en-US","@id":"https:\/\/ranoja.ee\/toode\/jahutusvedeliku-kontsentraat-oem-advanced-40-208l-valvoline\/#primaryimage","url":"https:\/\/ranoja.ee\/wp-content\/uploads\/2026\/03\/248156166.jpg","contentUrl":"https:\/\/ranoja.ee\/wp-content\/uploads\/2026\/03\/248156166.jpg","width":892,"height":900},{"@type":"BreadcrumbList","@id":"https:\/\/ranoja.ee\/toode\/jahutusvedeliku-kontsentraat-oem-advanced-40-208l-valvoline\/#breadcrumb","itemListElement":[{"@type":"ListItem","position":1,"name":"Home","item":"https:\/\/ranoja.ee\/"},{"@type":"ListItem","position":2,"name":"Shop","item":"https:\/\/ranoja.ee\/en\/shop\/"},{"@type":"ListItem","position":3,"name":"Jahutusvedeliku kontsentraat OEM Advanced 40 208L, Valvoline"}]},{"@type":"WebSite","@id":"https:\/\/ranoja.ee\/#website","url":"https:\/\/ranoja.ee\/","name":"Ranoja","description":"Equipment Shop WooCommerce WordPress Theme for Machine &amp; Tools","publisher":{"@id":"https:\/\/ranoja.ee\/#organization"},"potentialAction":[{"@type":"SearchAction","target":{"@type":"EntryPoint","urlTemplate":"https:\/\/ranoja.ee\/?s={search_term_string}"},"query-input":{"@type":"PropertyValueSpecification","valueRequired":true,"valueName":"search_term_string"}}],"inLanguage":"en-US"},{"@type":"Organization","@id":"https:\/\/ranoja.ee\/#organization","name":"Ranoja O\u00dc","url":"https:\/\/ranoja.ee\/","logo":{"@type":"ImageObject","inLanguage":"en-US","@id":"https:\/\/ranoja.ee\/#\/schema\/logo\/image\/","url":"https:\/\/ranoja.ee\/wp-content\/uploads\/2023\/11\/ranoja-Logo.png","contentUrl":"https:\/\/ranoja.ee\/wp-content\/uploads\/2023\/11\/ranoja-Logo.png","width":207,"height":58,"caption":"Ranoja O\u00dc"},"image":{"@id":"https:\/\/ranoja.ee\/#\/schema\/logo\/image\/"},"sameAs":["https:\/\/www.facebook.com\/ranoja.ee","https:\/\/www.instagram.com\/ranoja__\/"]}]}},"_links":{"self":[{"href":"https:\/\/ranoja.ee\/en\/wp-json\/wp\/v2\/product\/62528","targetHints":{"allow":["GET"]}}],"collection":[{"href":"https:\/\/ranoja.ee\/en\/wp-json\/wp\/v2\/product"}],"about":[{"href":"https:\/\/ranoja.ee\/en\/wp-json\/wp\/v2\/types\/product"}],"wp:featuredmedia":[{"embeddable":true,"href":"https:\/\/ranoja.ee\/en\/wp-json\/wp\/v2\/media\/62529"}],"wp:attachment":[{"href":"https:\/\/ranoja.ee\/en\/wp-json\/wp\/v2\/media?parent=62528"}],"wp:term":[{"taxonomy":"product_cat","embeddable":true,"href":"https:\/\/ranoja.ee\/en\/wp-json\/wp\/v2\/product_cat?post=62528"},{"taxonomy":"product_tag","embeddable":true,"href":"https:\/\/ranoja.ee\/en\/wp-json\/wp\/v2\/product_tag?post=62528"}],"curies":[{"name":"wp","href":"https:\/\/api.w.org\/{rel}","templated":true}]}}