{"id":62488,"date":"2026-03-17T02:40:08","date_gmt":"2026-03-16T23:40:08","guid":{"rendered":"https:\/\/ranoja.ee\/toode\/bituumenist-aluskatteaine-500ml-motip\/"},"modified":"2026-03-17T15:33:47","modified_gmt":"2026-03-17T12:33:47","slug":"bituumenist-aluskatteaine-500ml-motip","status":"publish","type":"product","link":"https:\/\/ranoja.ee\/en\/toode\/bituumenist-aluskatteaine-500ml-motip\/","title":{"rendered":"Bituumenist aluskatteaine 500ml, Motip"},"content":{"rendered":"","protected":false},"excerpt":{"rendered":"<p>Kaitske oma auto p\u00f5hja n\u00f5rkade hapete ja aluste eest MOTIP bituumenkattega.<br \/>\nBituumenip\u00f5hine p\u00f5hjakate on ilmastikukindel ning vastupidav n\u00f5rkadele hapetele ja alustele ning tagab suurep\u00e4rase roostekaitse. Bituumenip\u00f5hine p\u00f5hjakate j\u00e4\u00e4b elastseks ja summutab m\u00fcra.<\/p>\n<p>Kvaliteet ja omadused:<br \/>\nJ\u00e4\u00e4b elastseks<br \/>\nSuurep\u00e4rane nakkuvus<br \/>\nVastupidav ilmastikum\u00f5judele<br \/>\nVastupidav n\u00f5rkadele hapetele ja alustele<br \/>\nSuurep\u00e4rane korrosioonikaitse<br \/>\nM\u00fcrasummutav<\/p>\n<p>F\u00fc\u00fcsikalised ja keemilised andmed:<br \/>\nAlus: bituumen<br \/>\nV\u00e4rvi nimetus: must<br \/>\nL\u00f5hn: iseloomulik<br \/>\nTolmukuiv: 60 min<br \/>\nPinnad: s\u00f5idukite p\u00f5hjaalune<br \/>\nMinimaalne t\u00f6\u00f6temperatuur: 10 \u00b0C<br \/>\nMaksimaalne t\u00f6\u00f6temperatuur: 25 \u00b0C<br \/>\nLeekpunkt: ei ole kohaldatav<br \/>\nS\u00e4ilivusaeg: 5 aastat<br \/>\nSisu: 500 ml<\/p>\n","protected":false},"featured_media":62489,"template":"","meta":{"inline_featured_image":false},"product_cat":[5246,5475,5009],"product_tag":[],"class_list":{"0":"post-62488","1":"product","2":"type-product","3":"status-publish","4":"has-post-thumbnail","6":"product_brand-motip","7":"product_cat-korosioonitorjevahendid","8":"product_cat-pohjakaitseained","9":"product_cat-toostus-ja-autokeemia","11":"first","12":"instock","13":"purchasable","14":"product-type-simple"},"yoast_head":"<!-- This site is optimized with the Yoast SEO plugin v27.4 - https:\/\/yoast.com\/product\/yoast-seo-wordpress\/ -->\n<title>Bituumenist aluskatteaine 500ml, Motip - Ranoja<\/title>\n<meta name=\"robots\" content=\"index, follow, max-snippet:-1, max-image-preview:large, max-video-preview:-1\" \/>\n<link rel=\"canonical\" href=\"https:\/\/ranoja.ee\/toode\/bituumenist-aluskatteaine-500ml-motip\/\" \/>\n<meta property=\"og:locale\" content=\"en_US\" \/>\n<meta property=\"og:type\" content=\"article\" \/>\n<meta property=\"og:title\" content=\"Bituumenist aluskatteaine 500ml, Motip - Ranoja\" \/>\n<meta property=\"og:description\" content=\"Kaitske oma auto p\u00f5hja n\u00f5rkade hapete ja aluste eest MOTIP bituumenkattega. Bituumenip\u00f5hine p\u00f5hjakate on ilmastikukindel ning vastupidav n\u00f5rkadele hapetele ja alustele ning tagab suurep\u00e4rase roostekaitse. Bituumenip\u00f5hine p\u00f5hjakate j\u00e4\u00e4b elastseks ja summutab m\u00fcra. Kvaliteet ja omadused: J\u00e4\u00e4b elastseks Suurep\u00e4rane nakkuvus Vastupidav ilmastikum\u00f5judele Vastupidav n\u00f5rkadele hapetele ja alustele Suurep\u00e4rane korrosioonikaitse M\u00fcrasummutav F\u00fc\u00fcsikalised ja keemilised andmed: Alus: bituumen V\u00e4rvi nimetus: must L\u00f5hn: iseloomulik Tolmukuiv: 60 min Pinnad: s\u00f5idukite p\u00f5hjaalune Minimaalne t\u00f6\u00f6temperatuur: 10 \u00b0C Maksimaalne t\u00f6\u00f6temperatuur: 25 \u00b0C Leekpunkt: ei ole kohaldatav S\u00e4ilivusaeg: 5 aastat Sisu: 500 ml\" \/>\n<meta property=\"og:url\" content=\"https:\/\/ranoja.ee\/toode\/bituumenist-aluskatteaine-500ml-motip\/\" \/>\n<meta property=\"og:site_name\" content=\"Ranoja\" \/>\n<meta property=\"article:publisher\" content=\"https:\/\/www.facebook.com\/ranoja.ee\" \/>\n<meta property=\"article:modified_time\" content=\"2026-03-17T12:33:47+00:00\" \/>\n<meta property=\"og:image\" content=\"https:\/\/ranoja.ee\/wp-content\/uploads\/2026\/03\/5638671108.png\" \/>\n\t<meta property=\"og:image:width\" content=\"311\" \/>\n\t<meta property=\"og:image:height\" content=\"643\" \/>\n\t<meta property=\"og:image:type\" content=\"image\/png\" \/>\n<meta name=\"twitter:card\" content=\"summary_large_image\" \/>\n<script type=\"application\/ld+json\" class=\"yoast-schema-graph\">{\"@context\":\"https:\\\/\\\/schema.org\",\"@graph\":[{\"@type\":\"WebPage\",\"@id\":\"https:\\\/\\\/ranoja.ee\\\/toode\\\/bituumenist-aluskatteaine-500ml-motip\\\/\",\"url\":\"https:\\\/\\\/ranoja.ee\\\/toode\\\/bituumenist-aluskatteaine-500ml-motip\\\/\",\"name\":\"Bituumenist aluskatteaine 500ml, Motip - Ranoja\",\"isPartOf\":{\"@id\":\"https:\\\/\\\/ranoja.ee\\\/#website\"},\"primaryImageOfPage\":{\"@id\":\"https:\\\/\\\/ranoja.ee\\\/toode\\\/bituumenist-aluskatteaine-500ml-motip\\\/#primaryimage\"},\"image\":{\"@id\":\"https:\\\/\\\/ranoja.ee\\\/toode\\\/bituumenist-aluskatteaine-500ml-motip\\\/#primaryimage\"},\"thumbnailUrl\":\"https:\\\/\\\/ranoja.ee\\\/wp-content\\\/uploads\\\/2026\\\/03\\\/5638671108.png\",\"datePublished\":\"2026-03-16T23:40:08+00:00\",\"dateModified\":\"2026-03-17T12:33:47+00:00\",\"breadcrumb\":{\"@id\":\"https:\\\/\\\/ranoja.ee\\\/toode\\\/bituumenist-aluskatteaine-500ml-motip\\\/#breadcrumb\"},\"inLanguage\":\"en-US\",\"potentialAction\":[{\"@type\":\"ReadAction\",\"target\":[\"https:\\\/\\\/ranoja.ee\\\/toode\\\/bituumenist-aluskatteaine-500ml-motip\\\/\"]}]},{\"@type\":\"ImageObject\",\"inLanguage\":\"en-US\",\"@id\":\"https:\\\/\\\/ranoja.ee\\\/toode\\\/bituumenist-aluskatteaine-500ml-motip\\\/#primaryimage\",\"url\":\"https:\\\/\\\/ranoja.ee\\\/wp-content\\\/uploads\\\/2026\\\/03\\\/5638671108.png\",\"contentUrl\":\"https:\\\/\\\/ranoja.ee\\\/wp-content\\\/uploads\\\/2026\\\/03\\\/5638671108.png\",\"width\":311,\"height\":643},{\"@type\":\"BreadcrumbList\",\"@id\":\"https:\\\/\\\/ranoja.ee\\\/toode\\\/bituumenist-aluskatteaine-500ml-motip\\\/#breadcrumb\",\"itemListElement\":[{\"@type\":\"ListItem\",\"position\":1,\"name\":\"Home\",\"item\":\"https:\\\/\\\/ranoja.ee\\\/\"},{\"@type\":\"ListItem\",\"position\":2,\"name\":\"Shop\",\"item\":\"https:\\\/\\\/ranoja.ee\\\/en\\\/shop\\\/\"},{\"@type\":\"ListItem\",\"position\":3,\"name\":\"Bituumenist aluskatteaine 500ml, Motip\"}]},{\"@type\":\"WebSite\",\"@id\":\"https:\\\/\\\/ranoja.ee\\\/#website\",\"url\":\"https:\\\/\\\/ranoja.ee\\\/\",\"name\":\"Ranoja\",\"description\":\"Equipment Shop WooCommerce WordPress Theme for Machine &amp; Tools\",\"publisher\":{\"@id\":\"https:\\\/\\\/ranoja.ee\\\/#organization\"},\"potentialAction\":[{\"@type\":\"SearchAction\",\"target\":{\"@type\":\"EntryPoint\",\"urlTemplate\":\"https:\\\/\\\/ranoja.ee\\\/?s={search_term_string}\"},\"query-input\":{\"@type\":\"PropertyValueSpecification\",\"valueRequired\":true,\"valueName\":\"search_term_string\"}}],\"inLanguage\":\"en-US\"},{\"@type\":\"Organization\",\"@id\":\"https:\\\/\\\/ranoja.ee\\\/#organization\",\"name\":\"Ranoja O\u00dc\",\"url\":\"https:\\\/\\\/ranoja.ee\\\/\",\"logo\":{\"@type\":\"ImageObject\",\"inLanguage\":\"en-US\",\"@id\":\"https:\\\/\\\/ranoja.ee\\\/#\\\/schema\\\/logo\\\/image\\\/\",\"url\":\"https:\\\/\\\/ranoja.ee\\\/wp-content\\\/uploads\\\/2023\\\/11\\\/ranoja-Logo.png\",\"contentUrl\":\"https:\\\/\\\/ranoja.ee\\\/wp-content\\\/uploads\\\/2023\\\/11\\\/ranoja-Logo.png\",\"width\":207,\"height\":58,\"caption\":\"Ranoja O\u00dc\"},\"image\":{\"@id\":\"https:\\\/\\\/ranoja.ee\\\/#\\\/schema\\\/logo\\\/image\\\/\"},\"sameAs\":[\"https:\\\/\\\/www.facebook.com\\\/ranoja.ee\",\"https:\\\/\\\/www.instagram.com\\\/ranoja__\\\/\"]}]}<\/script>\n<!-- \/ Yoast SEO plugin. -->","yoast_head_json":{"title":"Bituumenist aluskatteaine 500ml, Motip - Ranoja","robots":{"index":"index","follow":"follow","max-snippet":"max-snippet:-1","max-image-preview":"max-image-preview:large","max-video-preview":"max-video-preview:-1"},"canonical":"https:\/\/ranoja.ee\/toode\/bituumenist-aluskatteaine-500ml-motip\/","og_locale":"en_US","og_type":"article","og_title":"Bituumenist aluskatteaine 500ml, Motip - Ranoja","og_description":"Kaitske oma auto p\u00f5hja n\u00f5rkade hapete ja aluste eest MOTIP bituumenkattega. Bituumenip\u00f5hine p\u00f5hjakate on ilmastikukindel ning vastupidav n\u00f5rkadele hapetele ja alustele ning tagab suurep\u00e4rase roostekaitse. Bituumenip\u00f5hine p\u00f5hjakate j\u00e4\u00e4b elastseks ja summutab m\u00fcra. Kvaliteet ja omadused: J\u00e4\u00e4b elastseks Suurep\u00e4rane nakkuvus Vastupidav ilmastikum\u00f5judele Vastupidav n\u00f5rkadele hapetele ja alustele Suurep\u00e4rane korrosioonikaitse M\u00fcrasummutav F\u00fc\u00fcsikalised ja keemilised andmed: Alus: bituumen V\u00e4rvi nimetus: must L\u00f5hn: iseloomulik Tolmukuiv: 60 min Pinnad: s\u00f5idukite p\u00f5hjaalune Minimaalne t\u00f6\u00f6temperatuur: 10 \u00b0C Maksimaalne t\u00f6\u00f6temperatuur: 25 \u00b0C Leekpunkt: ei ole kohaldatav S\u00e4ilivusaeg: 5 aastat Sisu: 500 ml","og_url":"https:\/\/ranoja.ee\/toode\/bituumenist-aluskatteaine-500ml-motip\/","og_site_name":"Ranoja","article_publisher":"https:\/\/www.facebook.com\/ranoja.ee","article_modified_time":"2026-03-17T12:33:47+00:00","og_image":[{"width":311,"height":643,"url":"https:\/\/ranoja.ee\/wp-content\/uploads\/2026\/03\/5638671108.png","type":"image\/png"}],"twitter_card":"summary_large_image","schema":{"@context":"https:\/\/schema.org","@graph":[{"@type":"WebPage","@id":"https:\/\/ranoja.ee\/toode\/bituumenist-aluskatteaine-500ml-motip\/","url":"https:\/\/ranoja.ee\/toode\/bituumenist-aluskatteaine-500ml-motip\/","name":"Bituumenist aluskatteaine 500ml, Motip - Ranoja","isPartOf":{"@id":"https:\/\/ranoja.ee\/#website"},"primaryImageOfPage":{"@id":"https:\/\/ranoja.ee\/toode\/bituumenist-aluskatteaine-500ml-motip\/#primaryimage"},"image":{"@id":"https:\/\/ranoja.ee\/toode\/bituumenist-aluskatteaine-500ml-motip\/#primaryimage"},"thumbnailUrl":"https:\/\/ranoja.ee\/wp-content\/uploads\/2026\/03\/5638671108.png","datePublished":"2026-03-16T23:40:08+00:00","dateModified":"2026-03-17T12:33:47+00:00","breadcrumb":{"@id":"https:\/\/ranoja.ee\/toode\/bituumenist-aluskatteaine-500ml-motip\/#breadcrumb"},"inLanguage":"en-US","potentialAction":[{"@type":"ReadAction","target":["https:\/\/ranoja.ee\/toode\/bituumenist-aluskatteaine-500ml-motip\/"]}]},{"@type":"ImageObject","inLanguage":"en-US","@id":"https:\/\/ranoja.ee\/toode\/bituumenist-aluskatteaine-500ml-motip\/#primaryimage","url":"https:\/\/ranoja.ee\/wp-content\/uploads\/2026\/03\/5638671108.png","contentUrl":"https:\/\/ranoja.ee\/wp-content\/uploads\/2026\/03\/5638671108.png","width":311,"height":643},{"@type":"BreadcrumbList","@id":"https:\/\/ranoja.ee\/toode\/bituumenist-aluskatteaine-500ml-motip\/#breadcrumb","itemListElement":[{"@type":"ListItem","position":1,"name":"Home","item":"https:\/\/ranoja.ee\/"},{"@type":"ListItem","position":2,"name":"Shop","item":"https:\/\/ranoja.ee\/en\/shop\/"},{"@type":"ListItem","position":3,"name":"Bituumenist aluskatteaine 500ml, Motip"}]},{"@type":"WebSite","@id":"https:\/\/ranoja.ee\/#website","url":"https:\/\/ranoja.ee\/","name":"Ranoja","description":"Equipment Shop WooCommerce WordPress Theme for Machine &amp; Tools","publisher":{"@id":"https:\/\/ranoja.ee\/#organization"},"potentialAction":[{"@type":"SearchAction","target":{"@type":"EntryPoint","urlTemplate":"https:\/\/ranoja.ee\/?s={search_term_string}"},"query-input":{"@type":"PropertyValueSpecification","valueRequired":true,"valueName":"search_term_string"}}],"inLanguage":"en-US"},{"@type":"Organization","@id":"https:\/\/ranoja.ee\/#organization","name":"Ranoja O\u00dc","url":"https:\/\/ranoja.ee\/","logo":{"@type":"ImageObject","inLanguage":"en-US","@id":"https:\/\/ranoja.ee\/#\/schema\/logo\/image\/","url":"https:\/\/ranoja.ee\/wp-content\/uploads\/2023\/11\/ranoja-Logo.png","contentUrl":"https:\/\/ranoja.ee\/wp-content\/uploads\/2023\/11\/ranoja-Logo.png","width":207,"height":58,"caption":"Ranoja O\u00dc"},"image":{"@id":"https:\/\/ranoja.ee\/#\/schema\/logo\/image\/"},"sameAs":["https:\/\/www.facebook.com\/ranoja.ee","https:\/\/www.instagram.com\/ranoja__\/"]}]}},"_links":{"self":[{"href":"https:\/\/ranoja.ee\/en\/wp-json\/wp\/v2\/product\/62488","targetHints":{"allow":["GET"]}}],"collection":[{"href":"https:\/\/ranoja.ee\/en\/wp-json\/wp\/v2\/product"}],"about":[{"href":"https:\/\/ranoja.ee\/en\/wp-json\/wp\/v2\/types\/product"}],"wp:featuredmedia":[{"embeddable":true,"href":"https:\/\/ranoja.ee\/en\/wp-json\/wp\/v2\/media\/62489"}],"wp:attachment":[{"href":"https:\/\/ranoja.ee\/en\/wp-json\/wp\/v2\/media?parent=62488"}],"wp:term":[{"taxonomy":"product_cat","embeddable":true,"href":"https:\/\/ranoja.ee\/en\/wp-json\/wp\/v2\/product_cat?post=62488"},{"taxonomy":"product_tag","embeddable":true,"href":"https:\/\/ranoja.ee\/en\/wp-json\/wp\/v2\/product_tag?post=62488"}],"curies":[{"name":"wp","href":"https:\/\/api.w.org\/{rel}","templated":true}]}}