{"id":62485,"date":"2026-03-17T02:39:31","date_gmt":"2026-03-16T23:39:31","guid":{"rendered":"https:\/\/ranoja.ee\/toode\/jahutusvedelik-multivehicle-coolant-50-50-valmissegu-20l-valvoline-2\/"},"modified":"2026-03-17T15:33:47","modified_gmt":"2026-03-17T12:33:47","slug":"jahutusvedelik-multivehicle-coolant-50-50-valmissegu-20l-valvoline-2","status":"publish","type":"product","link":"https:\/\/ranoja.ee\/en\/toode\/jahutusvedelik-multivehicle-coolant-50-50-valmissegu-20l-valvoline-2\/","title":{"rendered":"Jahutusvedelik Multivehicle Coolant 50\/50 valmissegu 20L, Valvoline"},"content":{"rendered":"","protected":false},"excerpt":{"rendered":"<p>Multi-Vehicle jahutusvedelik on universaalne jahutusvedelik mis sobib igat t\u00fc\u00fcpi mootoritele ja neis kasutatud materjalidele k\u00f5ikidele s\u00f5iduautodele ja pakibussidele. T\u00e4nu oma neutraalsele helekollasele v\u00e4rvile ja h\u00fcbriidtehnoloogiale seguneb see jahutusvedelik ohutult igat t\u00fc\u00fcpi ja v\u00e4rvi jahutusvedelikega.<br \/>\nEsmaklassilised vananemisvastased korrosiooni inhibiitorid ja spetsiaalne keemiline koostis tagavad pikaealise kaitse nii talvek\u00fclmaga kui suvise \u00fclekuumenemise vastu, hoides kogu jahutuss\u00fcsteemi puhtana ja heas t\u00f6\u00f6korras.<br \/>\nMulti-Vehicle jahutusvedelik kaitseb nii modernsete s\u00f5idukite alumiinium-mootoreid kui vanemaid malmplokkidega mootoreid korrosiooni ja vananemise eest.<br \/>\nKeemiline koostis sisaldab spetsiaalseid vananemise vastaseid lisandeid ja korrosiooni inhibiitoreid, mis v\u00e4ldivad sadestiste moodustumist ning tagavad jahutuss\u00fcsteemi efektiivse toimimise.<br \/>\nValmis segu tagab s\u00fcsteemi k\u00fclmakaitse -37 C.<br \/>\nKvaliteeditasemed\/ kasutuskohad:<br \/>\nAfnor 15-601, 1991<br \/>\nASTM D3306 (D4656)<br \/>\nSAE J1034, J814, J1941<br \/>\nBMW N600.69.0<br \/>\nBS 6580, 1992<br \/>\nCitroen (PSA B71 5110)<br \/>\nCUNA NC956-16<br \/>\nFord WSS-M97B44-D<br \/>\nGM B 040 0240<br \/>\nHonda type 2<br \/>\nIsuzu<br \/>\nJaguar\/Land Rover: STJLR.651.5003<br \/>\nMB-325.0, 2, 3, 5, 6<br \/>\nNissan<br \/>\nO-Norm V5123<br \/>\nOpel 6277M (B 040 1065)<br \/>\nPeugeot (PSA B71 5110)<br \/>\nRenault Glaceol AL type C; RX type D<br \/>\nSaab (6901 599)<br \/>\nToyota TSK 2601G-8A<br \/>\nVolvo<br \/>\nValvoline kasutus soovitus:<br \/>\nVW TL 774 C, D, F, G, J<br \/>\nVW G11, G12, G12+, G12++ ja G13 kasutuskohtades<br \/>\nAudi, Seat, Skoda<\/p>\n","protected":false},"featured_media":0,"template":"","meta":{"inline_featured_image":false},"product_cat":[5160,5121,5009],"product_tag":[],"class_list":{"0":"post-62485","1":"product","2":"type-product","3":"status-publish","5":"product_brand-valvoline","6":"product_cat-jahutusvedelikud","7":"product_cat-klaasipesu-ja-jahutusvedelikud","8":"product_cat-toostus-ja-autokeemia","10":"first","11":"instock","12":"purchasable","13":"product-type-simple"},"yoast_head":"<!-- This site is optimized with the Yoast SEO plugin v27.4 - https:\/\/yoast.com\/product\/yoast-seo-wordpress\/ -->\n<title>Jahutusvedelik Multivehicle Coolant 50\/50 valmissegu 20L, Valvoline - Ranoja<\/title>\n<meta name=\"robots\" content=\"index, follow, max-snippet:-1, max-image-preview:large, max-video-preview:-1\" \/>\n<link rel=\"canonical\" href=\"https:\/\/ranoja.ee\/toode\/jahutusvedelik-multivehicle-coolant-50-50-valmissegu-20l-valvoline-2\/\" \/>\n<meta property=\"og:locale\" content=\"en_US\" \/>\n<meta property=\"og:type\" content=\"article\" \/>\n<meta property=\"og:title\" content=\"Jahutusvedelik Multivehicle Coolant 50\/50 valmissegu 20L, Valvoline - Ranoja\" \/>\n<meta property=\"og:description\" content=\"Multi-Vehicle jahutusvedelik on universaalne jahutusvedelik mis sobib igat t\u00fc\u00fcpi mootoritele ja neis kasutatud materjalidele k\u00f5ikidele s\u00f5iduautodele ja pakibussidele. T\u00e4nu oma neutraalsele helekollasele v\u00e4rvile ja h\u00fcbriidtehnoloogiale seguneb see jahutusvedelik ohutult igat t\u00fc\u00fcpi ja v\u00e4rvi jahutusvedelikega. Esmaklassilised vananemisvastased korrosiooni inhibiitorid ja spetsiaalne keemiline koostis tagavad pikaealise kaitse nii talvek\u00fclmaga kui suvise \u00fclekuumenemise vastu, hoides kogu jahutuss\u00fcsteemi puhtana ja heas t\u00f6\u00f6korras. Multi-Vehicle jahutusvedelik kaitseb nii modernsete s\u00f5idukite alumiinium-mootoreid kui vanemaid malmplokkidega mootoreid korrosiooni ja vananemise eest. Keemiline koostis sisaldab spetsiaalseid vananemise vastaseid lisandeid ja korrosiooni inhibiitoreid, mis v\u00e4ldivad sadestiste moodustumist ning tagavad jahutuss\u00fcsteemi efektiivse toimimise. Valmis segu tagab s\u00fcsteemi k\u00fclmakaitse -37 C. Kvaliteeditasemed\/ kasutuskohad: Afnor 15-601, 1991 ASTM D3306 (D4656) SAE J1034, J814, J1941 BMW N600.69.0 BS 6580, 1992 Citroen (PSA B71 5110) CUNA NC956-16 Ford WSS-M97B44-D GM B 040 0240 Honda type 2 Isuzu Jaguar\/Land Rover: STJLR.651.5003 MB-325.0, 2, 3, 5, 6 Nissan O-Norm V5123 Opel 6277M (B 040 1065) Peugeot (PSA B71 5110) Renault Glaceol AL type C; RX type D Saab (6901 599) Toyota TSK 2601G-8A Volvo Valvoline kasutus soovitus: VW TL 774 C, D, F, G, J VW G11, G12, G12+, G12++ ja G13 kasutuskohtades Audi, Seat, Skoda\" \/>\n<meta property=\"og:url\" content=\"https:\/\/ranoja.ee\/toode\/jahutusvedelik-multivehicle-coolant-50-50-valmissegu-20l-valvoline-2\/\" \/>\n<meta property=\"og:site_name\" content=\"Ranoja\" \/>\n<meta property=\"article:publisher\" content=\"https:\/\/www.facebook.com\/ranoja.ee\" \/>\n<meta property=\"article:modified_time\" content=\"2026-03-17T12:33:47+00:00\" \/>\n<meta name=\"twitter:card\" content=\"summary_large_image\" \/>\n<script type=\"application\/ld+json\" class=\"yoast-schema-graph\">{\"@context\":\"https:\\\/\\\/schema.org\",\"@graph\":[{\"@type\":\"WebPage\",\"@id\":\"https:\\\/\\\/ranoja.ee\\\/toode\\\/jahutusvedelik-multivehicle-coolant-50-50-valmissegu-20l-valvoline-2\\\/\",\"url\":\"https:\\\/\\\/ranoja.ee\\\/toode\\\/jahutusvedelik-multivehicle-coolant-50-50-valmissegu-20l-valvoline-2\\\/\",\"name\":\"Jahutusvedelik Multivehicle Coolant 50\\\/50 valmissegu 20L, Valvoline - Ranoja\",\"isPartOf\":{\"@id\":\"https:\\\/\\\/ranoja.ee\\\/#website\"},\"datePublished\":\"2026-03-16T23:39:31+00:00\",\"dateModified\":\"2026-03-17T12:33:47+00:00\",\"breadcrumb\":{\"@id\":\"https:\\\/\\\/ranoja.ee\\\/toode\\\/jahutusvedelik-multivehicle-coolant-50-50-valmissegu-20l-valvoline-2\\\/#breadcrumb\"},\"inLanguage\":\"en-US\",\"potentialAction\":[{\"@type\":\"ReadAction\",\"target\":[\"https:\\\/\\\/ranoja.ee\\\/toode\\\/jahutusvedelik-multivehicle-coolant-50-50-valmissegu-20l-valvoline-2\\\/\"]}]},{\"@type\":\"BreadcrumbList\",\"@id\":\"https:\\\/\\\/ranoja.ee\\\/toode\\\/jahutusvedelik-multivehicle-coolant-50-50-valmissegu-20l-valvoline-2\\\/#breadcrumb\",\"itemListElement\":[{\"@type\":\"ListItem\",\"position\":1,\"name\":\"Home\",\"item\":\"https:\\\/\\\/ranoja.ee\\\/\"},{\"@type\":\"ListItem\",\"position\":2,\"name\":\"Shop\",\"item\":\"https:\\\/\\\/ranoja.ee\\\/en\\\/shop\\\/\"},{\"@type\":\"ListItem\",\"position\":3,\"name\":\"Jahutusvedelik Multivehicle Coolant 50\\\/50 valmissegu 20L, Valvoline\"}]},{\"@type\":\"WebSite\",\"@id\":\"https:\\\/\\\/ranoja.ee\\\/#website\",\"url\":\"https:\\\/\\\/ranoja.ee\\\/\",\"name\":\"Ranoja\",\"description\":\"Equipment Shop WooCommerce WordPress Theme for Machine &amp; Tools\",\"publisher\":{\"@id\":\"https:\\\/\\\/ranoja.ee\\\/#organization\"},\"potentialAction\":[{\"@type\":\"SearchAction\",\"target\":{\"@type\":\"EntryPoint\",\"urlTemplate\":\"https:\\\/\\\/ranoja.ee\\\/?s={search_term_string}\"},\"query-input\":{\"@type\":\"PropertyValueSpecification\",\"valueRequired\":true,\"valueName\":\"search_term_string\"}}],\"inLanguage\":\"en-US\"},{\"@type\":\"Organization\",\"@id\":\"https:\\\/\\\/ranoja.ee\\\/#organization\",\"name\":\"Ranoja O\u00dc\",\"url\":\"https:\\\/\\\/ranoja.ee\\\/\",\"logo\":{\"@type\":\"ImageObject\",\"inLanguage\":\"en-US\",\"@id\":\"https:\\\/\\\/ranoja.ee\\\/#\\\/schema\\\/logo\\\/image\\\/\",\"url\":\"https:\\\/\\\/ranoja.ee\\\/wp-content\\\/uploads\\\/2023\\\/11\\\/ranoja-Logo.png\",\"contentUrl\":\"https:\\\/\\\/ranoja.ee\\\/wp-content\\\/uploads\\\/2023\\\/11\\\/ranoja-Logo.png\",\"width\":207,\"height\":58,\"caption\":\"Ranoja O\u00dc\"},\"image\":{\"@id\":\"https:\\\/\\\/ranoja.ee\\\/#\\\/schema\\\/logo\\\/image\\\/\"},\"sameAs\":[\"https:\\\/\\\/www.facebook.com\\\/ranoja.ee\",\"https:\\\/\\\/www.instagram.com\\\/ranoja__\\\/\"]}]}<\/script>\n<!-- \/ Yoast SEO plugin. -->","yoast_head_json":{"title":"Jahutusvedelik Multivehicle Coolant 50\/50 valmissegu 20L, Valvoline - Ranoja","robots":{"index":"index","follow":"follow","max-snippet":"max-snippet:-1","max-image-preview":"max-image-preview:large","max-video-preview":"max-video-preview:-1"},"canonical":"https:\/\/ranoja.ee\/toode\/jahutusvedelik-multivehicle-coolant-50-50-valmissegu-20l-valvoline-2\/","og_locale":"en_US","og_type":"article","og_title":"Jahutusvedelik Multivehicle Coolant 50\/50 valmissegu 20L, Valvoline - Ranoja","og_description":"Multi-Vehicle jahutusvedelik on universaalne jahutusvedelik mis sobib igat t\u00fc\u00fcpi mootoritele ja neis kasutatud materjalidele k\u00f5ikidele s\u00f5iduautodele ja pakibussidele. T\u00e4nu oma neutraalsele helekollasele v\u00e4rvile ja h\u00fcbriidtehnoloogiale seguneb see jahutusvedelik ohutult igat t\u00fc\u00fcpi ja v\u00e4rvi jahutusvedelikega. Esmaklassilised vananemisvastased korrosiooni inhibiitorid ja spetsiaalne keemiline koostis tagavad pikaealise kaitse nii talvek\u00fclmaga kui suvise \u00fclekuumenemise vastu, hoides kogu jahutuss\u00fcsteemi puhtana ja heas t\u00f6\u00f6korras. Multi-Vehicle jahutusvedelik kaitseb nii modernsete s\u00f5idukite alumiinium-mootoreid kui vanemaid malmplokkidega mootoreid korrosiooni ja vananemise eest. Keemiline koostis sisaldab spetsiaalseid vananemise vastaseid lisandeid ja korrosiooni inhibiitoreid, mis v\u00e4ldivad sadestiste moodustumist ning tagavad jahutuss\u00fcsteemi efektiivse toimimise. Valmis segu tagab s\u00fcsteemi k\u00fclmakaitse -37 C. Kvaliteeditasemed\/ kasutuskohad: Afnor 15-601, 1991 ASTM D3306 (D4656) SAE J1034, J814, J1941 BMW N600.69.0 BS 6580, 1992 Citroen (PSA B71 5110) CUNA NC956-16 Ford WSS-M97B44-D GM B 040 0240 Honda type 2 Isuzu Jaguar\/Land Rover: STJLR.651.5003 MB-325.0, 2, 3, 5, 6 Nissan O-Norm V5123 Opel 6277M (B 040 1065) Peugeot (PSA B71 5110) Renault Glaceol AL type C; RX type D Saab (6901 599) Toyota TSK 2601G-8A Volvo Valvoline kasutus soovitus: VW TL 774 C, D, F, G, J VW G11, G12, G12+, G12++ ja G13 kasutuskohtades Audi, Seat, Skoda","og_url":"https:\/\/ranoja.ee\/toode\/jahutusvedelik-multivehicle-coolant-50-50-valmissegu-20l-valvoline-2\/","og_site_name":"Ranoja","article_publisher":"https:\/\/www.facebook.com\/ranoja.ee","article_modified_time":"2026-03-17T12:33:47+00:00","twitter_card":"summary_large_image","schema":{"@context":"https:\/\/schema.org","@graph":[{"@type":"WebPage","@id":"https:\/\/ranoja.ee\/toode\/jahutusvedelik-multivehicle-coolant-50-50-valmissegu-20l-valvoline-2\/","url":"https:\/\/ranoja.ee\/toode\/jahutusvedelik-multivehicle-coolant-50-50-valmissegu-20l-valvoline-2\/","name":"Jahutusvedelik Multivehicle Coolant 50\/50 valmissegu 20L, Valvoline - Ranoja","isPartOf":{"@id":"https:\/\/ranoja.ee\/#website"},"datePublished":"2026-03-16T23:39:31+00:00","dateModified":"2026-03-17T12:33:47+00:00","breadcrumb":{"@id":"https:\/\/ranoja.ee\/toode\/jahutusvedelik-multivehicle-coolant-50-50-valmissegu-20l-valvoline-2\/#breadcrumb"},"inLanguage":"en-US","potentialAction":[{"@type":"ReadAction","target":["https:\/\/ranoja.ee\/toode\/jahutusvedelik-multivehicle-coolant-50-50-valmissegu-20l-valvoline-2\/"]}]},{"@type":"BreadcrumbList","@id":"https:\/\/ranoja.ee\/toode\/jahutusvedelik-multivehicle-coolant-50-50-valmissegu-20l-valvoline-2\/#breadcrumb","itemListElement":[{"@type":"ListItem","position":1,"name":"Home","item":"https:\/\/ranoja.ee\/"},{"@type":"ListItem","position":2,"name":"Shop","item":"https:\/\/ranoja.ee\/en\/shop\/"},{"@type":"ListItem","position":3,"name":"Jahutusvedelik Multivehicle Coolant 50\/50 valmissegu 20L, Valvoline"}]},{"@type":"WebSite","@id":"https:\/\/ranoja.ee\/#website","url":"https:\/\/ranoja.ee\/","name":"Ranoja","description":"Equipment Shop WooCommerce WordPress Theme for Machine &amp; Tools","publisher":{"@id":"https:\/\/ranoja.ee\/#organization"},"potentialAction":[{"@type":"SearchAction","target":{"@type":"EntryPoint","urlTemplate":"https:\/\/ranoja.ee\/?s={search_term_string}"},"query-input":{"@type":"PropertyValueSpecification","valueRequired":true,"valueName":"search_term_string"}}],"inLanguage":"en-US"},{"@type":"Organization","@id":"https:\/\/ranoja.ee\/#organization","name":"Ranoja O\u00dc","url":"https:\/\/ranoja.ee\/","logo":{"@type":"ImageObject","inLanguage":"en-US","@id":"https:\/\/ranoja.ee\/#\/schema\/logo\/image\/","url":"https:\/\/ranoja.ee\/wp-content\/uploads\/2023\/11\/ranoja-Logo.png","contentUrl":"https:\/\/ranoja.ee\/wp-content\/uploads\/2023\/11\/ranoja-Logo.png","width":207,"height":58,"caption":"Ranoja O\u00dc"},"image":{"@id":"https:\/\/ranoja.ee\/#\/schema\/logo\/image\/"},"sameAs":["https:\/\/www.facebook.com\/ranoja.ee","https:\/\/www.instagram.com\/ranoja__\/"]}]}},"_links":{"self":[{"href":"https:\/\/ranoja.ee\/en\/wp-json\/wp\/v2\/product\/62485","targetHints":{"allow":["GET"]}}],"collection":[{"href":"https:\/\/ranoja.ee\/en\/wp-json\/wp\/v2\/product"}],"about":[{"href":"https:\/\/ranoja.ee\/en\/wp-json\/wp\/v2\/types\/product"}],"wp:attachment":[{"href":"https:\/\/ranoja.ee\/en\/wp-json\/wp\/v2\/media?parent=62485"}],"wp:term":[{"taxonomy":"product_cat","embeddable":true,"href":"https:\/\/ranoja.ee\/en\/wp-json\/wp\/v2\/product_cat?post=62485"},{"taxonomy":"product_tag","embeddable":true,"href":"https:\/\/ranoja.ee\/en\/wp-json\/wp\/v2\/product_tag?post=62485"}],"curies":[{"name":"wp","href":"https:\/\/api.w.org\/{rel}","templated":true}]}}