{"id":62475,"date":"2026-03-17T02:39:31","date_gmt":"2026-03-16T23:39:31","guid":{"rendered":"https:\/\/ranoja.ee\/toode\/liimipustol-eg280-12mm-rapid-2\/"},"modified":"2026-03-18T12:47:12","modified_gmt":"2026-03-18T09:47:12","slug":"liimipustol-eg280-12mm-rapid-2","status":"publish","type":"product","link":"https:\/\/ranoja.ee\/en\/toode\/liimipustol-eg280-12mm-rapid-2\/","title":{"rendered":"Liimip\u00fcstol EG280 12mm, Rapid"},"content":{"rendered":"","protected":false},"excerpt":{"rendered":"<p>N\u00f5udlikele isetegijatele ja mitmesuguste majapidamist\u00f6\u00f6de jaoks on sellel suure j\u00f5udlusega liimip\u00fcstolil mugav vahetatav otsik (saadaval eraldi), mis v\u00f5imaldab liimi peale kanda joonte ja punktidena, suurendades t\u00e4psust. Sellel on ka pehme k\u00e4epidemega p\u00e4\u00e4stik ja k\u00e4epide optimaalse kasutusmugavuse tagamiseks. T\u00e4iustatud s\u00f6\u00f6tmismehhanism tagab suure, kuid sujuva liimi v\u00e4ljundi 600 g\/h, mis annab paremad l\u00f5pptulemused. EG280 on varustatud fikseeritud alusega optimaalses asendis pealekandmiseks.<\/p>\n<p>Omadused<br \/>\n12 mm liimipulkade jaoks<br \/>\n600 g\/h liimi v\u00e4ljund<br \/>\n3 minutit kuumenemisaega<br \/>\nPehme k\u00e4epidemega p\u00e4\u00e4stik ja k\u00e4epide<br \/>\nPehme k\u00e4epidemega \u00fclemine kate kuumenemise eest kaitsmiseks<br \/>\nVahetatav otsik<\/p>\n","protected":false},"featured_media":62476,"template":"","meta":{"inline_featured_image":false},"product_cat":[1094,5111,1102,5245],"product_tag":[],"class_list":{"0":"post-62475","1":"product","2":"type-product","3":"status-publish","4":"has-post-thumbnail","6":"product_brand-rapid","7":"product_cat-akutooriistad","8":"product_cat-elektrilised-kasitooriistad","9":"product_cat-liimipustolid","10":"product_cat-muud-elektrilised-tooriistad","12":"first","13":"instock","14":"purchasable","15":"product-type-simple"},"yoast_head":"<!-- This site is optimized with the Yoast SEO plugin v27.4 - https:\/\/yoast.com\/product\/yoast-seo-wordpress\/ -->\n<title>Liimip\u00fcstol EG280 12mm, Rapid - Ranoja<\/title>\n<meta name=\"robots\" content=\"index, follow, max-snippet:-1, max-image-preview:large, max-video-preview:-1\" \/>\n<link rel=\"canonical\" href=\"https:\/\/ranoja.ee\/toode\/liimipustol-eg280-12mm-rapid-2\/\" \/>\n<meta property=\"og:locale\" content=\"en_US\" \/>\n<meta property=\"og:type\" content=\"article\" \/>\n<meta property=\"og:title\" content=\"Liimip\u00fcstol EG280 12mm, Rapid - Ranoja\" \/>\n<meta property=\"og:description\" content=\"N\u00f5udlikele isetegijatele ja mitmesuguste majapidamist\u00f6\u00f6de jaoks on sellel suure j\u00f5udlusega liimip\u00fcstolil mugav vahetatav otsik (saadaval eraldi), mis v\u00f5imaldab liimi peale kanda joonte ja punktidena, suurendades t\u00e4psust. Sellel on ka pehme k\u00e4epidemega p\u00e4\u00e4stik ja k\u00e4epide optimaalse kasutusmugavuse tagamiseks. T\u00e4iustatud s\u00f6\u00f6tmismehhanism tagab suure, kuid sujuva liimi v\u00e4ljundi 600 g\/h, mis annab paremad l\u00f5pptulemused. EG280 on varustatud fikseeritud alusega optimaalses asendis pealekandmiseks.  Omadused 12 mm liimipulkade jaoks 600 g\/h liimi v\u00e4ljund 3 minutit kuumenemisaega Pehme k\u00e4epidemega p\u00e4\u00e4stik ja k\u00e4epide Pehme k\u00e4epidemega \u00fclemine kate kuumenemise eest kaitsmiseks Vahetatav otsik\" \/>\n<meta property=\"og:url\" content=\"https:\/\/ranoja.ee\/toode\/liimipustol-eg280-12mm-rapid-2\/\" \/>\n<meta property=\"og:site_name\" content=\"Ranoja\" \/>\n<meta property=\"article:publisher\" content=\"https:\/\/www.facebook.com\/ranoja.ee\" \/>\n<meta property=\"article:modified_time\" content=\"2026-03-18T09:47:12+00:00\" \/>\n<meta property=\"og:image\" content=\"https:\/\/ranoja.ee\/wp-content\/uploads\/2026\/03\/5638498989.png\" \/>\n\t<meta property=\"og:image:width\" content=\"600\" \/>\n\t<meta property=\"og:image:height\" content=\"600\" \/>\n\t<meta property=\"og:image:type\" content=\"image\/png\" \/>\n<meta name=\"twitter:card\" content=\"summary_large_image\" \/>\n<meta name=\"twitter:label1\" content=\"Est. reading time\" \/>\n\t<meta name=\"twitter:data1\" content=\"1 minute\" \/>\n<script type=\"application\/ld+json\" class=\"yoast-schema-graph\">{\"@context\":\"https:\\\/\\\/schema.org\",\"@graph\":[{\"@type\":\"WebPage\",\"@id\":\"https:\\\/\\\/ranoja.ee\\\/toode\\\/liimipustol-eg280-12mm-rapid-2\\\/\",\"url\":\"https:\\\/\\\/ranoja.ee\\\/toode\\\/liimipustol-eg280-12mm-rapid-2\\\/\",\"name\":\"Liimip\u00fcstol EG280 12mm, Rapid - Ranoja\",\"isPartOf\":{\"@id\":\"https:\\\/\\\/ranoja.ee\\\/#website\"},\"primaryImageOfPage\":{\"@id\":\"https:\\\/\\\/ranoja.ee\\\/toode\\\/liimipustol-eg280-12mm-rapid-2\\\/#primaryimage\"},\"image\":{\"@id\":\"https:\\\/\\\/ranoja.ee\\\/toode\\\/liimipustol-eg280-12mm-rapid-2\\\/#primaryimage\"},\"thumbnailUrl\":\"https:\\\/\\\/ranoja.ee\\\/wp-content\\\/uploads\\\/2026\\\/03\\\/5638498989.png\",\"datePublished\":\"2026-03-16T23:39:31+00:00\",\"dateModified\":\"2026-03-18T09:47:12+00:00\",\"breadcrumb\":{\"@id\":\"https:\\\/\\\/ranoja.ee\\\/toode\\\/liimipustol-eg280-12mm-rapid-2\\\/#breadcrumb\"},\"inLanguage\":\"en-US\",\"potentialAction\":[{\"@type\":\"ReadAction\",\"target\":[\"https:\\\/\\\/ranoja.ee\\\/toode\\\/liimipustol-eg280-12mm-rapid-2\\\/\"]}]},{\"@type\":\"ImageObject\",\"inLanguage\":\"en-US\",\"@id\":\"https:\\\/\\\/ranoja.ee\\\/toode\\\/liimipustol-eg280-12mm-rapid-2\\\/#primaryimage\",\"url\":\"https:\\\/\\\/ranoja.ee\\\/wp-content\\\/uploads\\\/2026\\\/03\\\/5638498989.png\",\"contentUrl\":\"https:\\\/\\\/ranoja.ee\\\/wp-content\\\/uploads\\\/2026\\\/03\\\/5638498989.png\",\"width\":600,\"height\":600},{\"@type\":\"BreadcrumbList\",\"@id\":\"https:\\\/\\\/ranoja.ee\\\/toode\\\/liimipustol-eg280-12mm-rapid-2\\\/#breadcrumb\",\"itemListElement\":[{\"@type\":\"ListItem\",\"position\":1,\"name\":\"Home\",\"item\":\"https:\\\/\\\/ranoja.ee\\\/\"},{\"@type\":\"ListItem\",\"position\":2,\"name\":\"Shop\",\"item\":\"https:\\\/\\\/ranoja.ee\\\/en\\\/shop\\\/\"},{\"@type\":\"ListItem\",\"position\":3,\"name\":\"Liimip\u00fcstol EG280 12mm, Rapid\"}]},{\"@type\":\"WebSite\",\"@id\":\"https:\\\/\\\/ranoja.ee\\\/#website\",\"url\":\"https:\\\/\\\/ranoja.ee\\\/\",\"name\":\"Ranoja\",\"description\":\"Equipment Shop WooCommerce WordPress Theme for Machine &amp; Tools\",\"publisher\":{\"@id\":\"https:\\\/\\\/ranoja.ee\\\/#organization\"},\"potentialAction\":[{\"@type\":\"SearchAction\",\"target\":{\"@type\":\"EntryPoint\",\"urlTemplate\":\"https:\\\/\\\/ranoja.ee\\\/?s={search_term_string}\"},\"query-input\":{\"@type\":\"PropertyValueSpecification\",\"valueRequired\":true,\"valueName\":\"search_term_string\"}}],\"inLanguage\":\"en-US\"},{\"@type\":\"Organization\",\"@id\":\"https:\\\/\\\/ranoja.ee\\\/#organization\",\"name\":\"Ranoja O\u00dc\",\"url\":\"https:\\\/\\\/ranoja.ee\\\/\",\"logo\":{\"@type\":\"ImageObject\",\"inLanguage\":\"en-US\",\"@id\":\"https:\\\/\\\/ranoja.ee\\\/#\\\/schema\\\/logo\\\/image\\\/\",\"url\":\"https:\\\/\\\/ranoja.ee\\\/wp-content\\\/uploads\\\/2023\\\/11\\\/ranoja-Logo.png\",\"contentUrl\":\"https:\\\/\\\/ranoja.ee\\\/wp-content\\\/uploads\\\/2023\\\/11\\\/ranoja-Logo.png\",\"width\":207,\"height\":58,\"caption\":\"Ranoja O\u00dc\"},\"image\":{\"@id\":\"https:\\\/\\\/ranoja.ee\\\/#\\\/schema\\\/logo\\\/image\\\/\"},\"sameAs\":[\"https:\\\/\\\/www.facebook.com\\\/ranoja.ee\",\"https:\\\/\\\/www.instagram.com\\\/ranoja__\\\/\"]}]}<\/script>\n<!-- \/ Yoast SEO plugin. -->","yoast_head_json":{"title":"Liimip\u00fcstol EG280 12mm, Rapid - Ranoja","robots":{"index":"index","follow":"follow","max-snippet":"max-snippet:-1","max-image-preview":"max-image-preview:large","max-video-preview":"max-video-preview:-1"},"canonical":"https:\/\/ranoja.ee\/toode\/liimipustol-eg280-12mm-rapid-2\/","og_locale":"en_US","og_type":"article","og_title":"Liimip\u00fcstol EG280 12mm, Rapid - Ranoja","og_description":"N\u00f5udlikele isetegijatele ja mitmesuguste majapidamist\u00f6\u00f6de jaoks on sellel suure j\u00f5udlusega liimip\u00fcstolil mugav vahetatav otsik (saadaval eraldi), mis v\u00f5imaldab liimi peale kanda joonte ja punktidena, suurendades t\u00e4psust. Sellel on ka pehme k\u00e4epidemega p\u00e4\u00e4stik ja k\u00e4epide optimaalse kasutusmugavuse tagamiseks. T\u00e4iustatud s\u00f6\u00f6tmismehhanism tagab suure, kuid sujuva liimi v\u00e4ljundi 600 g\/h, mis annab paremad l\u00f5pptulemused. EG280 on varustatud fikseeritud alusega optimaalses asendis pealekandmiseks.  Omadused 12 mm liimipulkade jaoks 600 g\/h liimi v\u00e4ljund 3 minutit kuumenemisaega Pehme k\u00e4epidemega p\u00e4\u00e4stik ja k\u00e4epide Pehme k\u00e4epidemega \u00fclemine kate kuumenemise eest kaitsmiseks Vahetatav otsik","og_url":"https:\/\/ranoja.ee\/toode\/liimipustol-eg280-12mm-rapid-2\/","og_site_name":"Ranoja","article_publisher":"https:\/\/www.facebook.com\/ranoja.ee","article_modified_time":"2026-03-18T09:47:12+00:00","og_image":[{"width":600,"height":600,"url":"https:\/\/ranoja.ee\/wp-content\/uploads\/2026\/03\/5638498989.png","type":"image\/png"}],"twitter_card":"summary_large_image","twitter_misc":{"Est. reading time":"1 minute"},"schema":{"@context":"https:\/\/schema.org","@graph":[{"@type":"WebPage","@id":"https:\/\/ranoja.ee\/toode\/liimipustol-eg280-12mm-rapid-2\/","url":"https:\/\/ranoja.ee\/toode\/liimipustol-eg280-12mm-rapid-2\/","name":"Liimip\u00fcstol EG280 12mm, Rapid - Ranoja","isPartOf":{"@id":"https:\/\/ranoja.ee\/#website"},"primaryImageOfPage":{"@id":"https:\/\/ranoja.ee\/toode\/liimipustol-eg280-12mm-rapid-2\/#primaryimage"},"image":{"@id":"https:\/\/ranoja.ee\/toode\/liimipustol-eg280-12mm-rapid-2\/#primaryimage"},"thumbnailUrl":"https:\/\/ranoja.ee\/wp-content\/uploads\/2026\/03\/5638498989.png","datePublished":"2026-03-16T23:39:31+00:00","dateModified":"2026-03-18T09:47:12+00:00","breadcrumb":{"@id":"https:\/\/ranoja.ee\/toode\/liimipustol-eg280-12mm-rapid-2\/#breadcrumb"},"inLanguage":"en-US","potentialAction":[{"@type":"ReadAction","target":["https:\/\/ranoja.ee\/toode\/liimipustol-eg280-12mm-rapid-2\/"]}]},{"@type":"ImageObject","inLanguage":"en-US","@id":"https:\/\/ranoja.ee\/toode\/liimipustol-eg280-12mm-rapid-2\/#primaryimage","url":"https:\/\/ranoja.ee\/wp-content\/uploads\/2026\/03\/5638498989.png","contentUrl":"https:\/\/ranoja.ee\/wp-content\/uploads\/2026\/03\/5638498989.png","width":600,"height":600},{"@type":"BreadcrumbList","@id":"https:\/\/ranoja.ee\/toode\/liimipustol-eg280-12mm-rapid-2\/#breadcrumb","itemListElement":[{"@type":"ListItem","position":1,"name":"Home","item":"https:\/\/ranoja.ee\/"},{"@type":"ListItem","position":2,"name":"Shop","item":"https:\/\/ranoja.ee\/en\/shop\/"},{"@type":"ListItem","position":3,"name":"Liimip\u00fcstol EG280 12mm, Rapid"}]},{"@type":"WebSite","@id":"https:\/\/ranoja.ee\/#website","url":"https:\/\/ranoja.ee\/","name":"Ranoja","description":"Equipment Shop WooCommerce WordPress Theme for Machine &amp; Tools","publisher":{"@id":"https:\/\/ranoja.ee\/#organization"},"potentialAction":[{"@type":"SearchAction","target":{"@type":"EntryPoint","urlTemplate":"https:\/\/ranoja.ee\/?s={search_term_string}"},"query-input":{"@type":"PropertyValueSpecification","valueRequired":true,"valueName":"search_term_string"}}],"inLanguage":"en-US"},{"@type":"Organization","@id":"https:\/\/ranoja.ee\/#organization","name":"Ranoja O\u00dc","url":"https:\/\/ranoja.ee\/","logo":{"@type":"ImageObject","inLanguage":"en-US","@id":"https:\/\/ranoja.ee\/#\/schema\/logo\/image\/","url":"https:\/\/ranoja.ee\/wp-content\/uploads\/2023\/11\/ranoja-Logo.png","contentUrl":"https:\/\/ranoja.ee\/wp-content\/uploads\/2023\/11\/ranoja-Logo.png","width":207,"height":58,"caption":"Ranoja O\u00dc"},"image":{"@id":"https:\/\/ranoja.ee\/#\/schema\/logo\/image\/"},"sameAs":["https:\/\/www.facebook.com\/ranoja.ee","https:\/\/www.instagram.com\/ranoja__\/"]}]}},"_links":{"self":[{"href":"https:\/\/ranoja.ee\/en\/wp-json\/wp\/v2\/product\/62475","targetHints":{"allow":["GET"]}}],"collection":[{"href":"https:\/\/ranoja.ee\/en\/wp-json\/wp\/v2\/product"}],"about":[{"href":"https:\/\/ranoja.ee\/en\/wp-json\/wp\/v2\/types\/product"}],"wp:featuredmedia":[{"embeddable":true,"href":"https:\/\/ranoja.ee\/en\/wp-json\/wp\/v2\/media\/62476"}],"wp:attachment":[{"href":"https:\/\/ranoja.ee\/en\/wp-json\/wp\/v2\/media?parent=62475"}],"wp:term":[{"taxonomy":"product_cat","embeddable":true,"href":"https:\/\/ranoja.ee\/en\/wp-json\/wp\/v2\/product_cat?post=62475"},{"taxonomy":"product_tag","embeddable":true,"href":"https:\/\/ranoja.ee\/en\/wp-json\/wp\/v2\/product_tag?post=62475"}],"curies":[{"name":"wp","href":"https:\/\/api.w.org\/{rel}","templated":true}]}}