{"id":62461,"date":"2026-03-17T02:39:31","date_gmt":"2026-03-16T23:39:31","guid":{"rendered":"https:\/\/ranoja.ee\/toode\/mootorioli-all-climate-c2-c3-5w30-1l-valvoline\/"},"modified":"2026-03-17T18:13:19","modified_gmt":"2026-03-17T15:13:19","slug":"mootorioli-all-climate-c2-c3-5w30-1l-valvoline","status":"publish","type":"product","link":"https:\/\/ranoja.ee\/en\/toode\/mootorioli-all-climate-c2-c3-5w30-1l-valvoline\/","title":{"rendered":"Mootori\u00f5li All Climate C2\/C3 5W30 1L, Valvoline"},"content":{"rendered":"","protected":false},"excerpt":{"rendered":"<p>Kaasaegne tippkvaliteetne s\u00fcnteetiline mootori\u00f5li. Loodud aastaringseks parimaks j\u00f5udluseks. T\u00f5estatud ja usaldusv\u00e4\u00e4rne tehnoloogia laiale valikule diisel-, bensiini- ja LPG-mootoritele. Sobib laiale valikule erinevate autotootjate mootoritele.<br \/>\nSpetsiaalselt loodud kasutamiseks s\u00f5iduautodel ja tarbes\u00f5idukitel, mis on varustatud heitgaasi j\u00e4relt\u00f6\u00f6tluss\u00fcsteemidega. (madala heitmenormiga moototid)<br \/>\nSobib mootoritele, millel on diislik\u00fctuse tahkete osakeste filter (DPF), bensiini katal\u00fc\u00fcsmuundur (GCC) v\u00f5i kolmeastmeline katal\u00fc\u00fcsmuundur (TWC), kus on ette n\u00e4htud ACEA C2 v\u00f5i C3 spetsifikatsioon, n\u00e4iteks Toyota, Hyundai, Kia, Nissan jpt.<br \/>\nJ\u00f5udlustasemed:<br \/>\nACEA C2, C3<br \/>\nAPI SP<br \/>\nMB-229.31<\/p>\n","protected":false},"featured_media":62462,"template":"","meta":{"inline_featured_image":false},"product_cat":[5012,5033,5032],"product_tag":[],"class_list":{"0":"post-62461","1":"product","2":"type-product","3":"status-publish","4":"has-post-thumbnail","6":"product_brand-valvoline","7":"product_cat-olid-ja-maardeained","8":"product_cat-soiduautode-ja-tarbesoidukite-taissunteetilised-mootoriolid","9":"product_cat-soiduautode-mootoriolid","11":"first","12":"instock","13":"purchasable","14":"product-type-simple"},"yoast_head":"<!-- This site is optimized with the Yoast SEO plugin v27.4 - https:\/\/yoast.com\/product\/yoast-seo-wordpress\/ -->\n<title>Mootori\u00f5li All Climate C2\/C3 5W30 1L, Valvoline - Ranoja<\/title>\n<meta name=\"robots\" content=\"index, follow, max-snippet:-1, max-image-preview:large, max-video-preview:-1\" \/>\n<link rel=\"canonical\" href=\"https:\/\/ranoja.ee\/toode\/mootorioli-all-climate-c2-c3-5w30-1l-valvoline\/\" \/>\n<meta property=\"og:locale\" content=\"en_US\" \/>\n<meta property=\"og:type\" content=\"article\" \/>\n<meta property=\"og:title\" content=\"Mootori\u00f5li All Climate C2\/C3 5W30 1L, Valvoline - Ranoja\" \/>\n<meta property=\"og:description\" content=\"Kaasaegne tippkvaliteetne s\u00fcnteetiline mootori\u00f5li. Loodud aastaringseks parimaks j\u00f5udluseks. T\u00f5estatud ja usaldusv\u00e4\u00e4rne tehnoloogia laiale valikule diisel-, bensiini- ja LPG-mootoritele. Sobib laiale valikule erinevate autotootjate mootoritele. Spetsiaalselt loodud kasutamiseks s\u00f5iduautodel ja tarbes\u00f5idukitel, mis on varustatud heitgaasi j\u00e4relt\u00f6\u00f6tluss\u00fcsteemidega. (madala heitmenormiga moototid) Sobib mootoritele, millel on diislik\u00fctuse tahkete osakeste filter (DPF), bensiini katal\u00fc\u00fcsmuundur (GCC) v\u00f5i kolmeastmeline katal\u00fc\u00fcsmuundur (TWC), kus on ette n\u00e4htud ACEA C2 v\u00f5i C3 spetsifikatsioon, n\u00e4iteks Toyota, Hyundai, Kia, Nissan jpt. J\u00f5udlustasemed: ACEA C2, C3 API SP MB-229.31\" \/>\n<meta property=\"og:url\" content=\"https:\/\/ranoja.ee\/toode\/mootorioli-all-climate-c2-c3-5w30-1l-valvoline\/\" \/>\n<meta property=\"og:site_name\" content=\"Ranoja\" \/>\n<meta property=\"article:publisher\" content=\"https:\/\/www.facebook.com\/ranoja.ee\" \/>\n<meta property=\"article:modified_time\" content=\"2026-03-17T15:13:19+00:00\" \/>\n<meta property=\"og:image\" content=\"https:\/\/ranoja.ee\/wp-content\/uploads\/2026\/03\/5638310332.jpg\" \/>\n\t<meta property=\"og:image:width\" content=\"793\" \/>\n\t<meta property=\"og:image:height\" content=\"900\" \/>\n\t<meta property=\"og:image:type\" content=\"image\/jpeg\" \/>\n<meta name=\"twitter:card\" content=\"summary_large_image\" \/>\n<meta name=\"twitter:label1\" content=\"Est. reading time\" \/>\n\t<meta name=\"twitter:data1\" content=\"1 minute\" \/>\n<script type=\"application\/ld+json\" class=\"yoast-schema-graph\">{\"@context\":\"https:\\\/\\\/schema.org\",\"@graph\":[{\"@type\":\"WebPage\",\"@id\":\"https:\\\/\\\/ranoja.ee\\\/toode\\\/mootorioli-all-climate-c2-c3-5w30-1l-valvoline\\\/\",\"url\":\"https:\\\/\\\/ranoja.ee\\\/toode\\\/mootorioli-all-climate-c2-c3-5w30-1l-valvoline\\\/\",\"name\":\"Mootori\u00f5li All Climate C2\\\/C3 5W30 1L, Valvoline - Ranoja\",\"isPartOf\":{\"@id\":\"https:\\\/\\\/ranoja.ee\\\/#website\"},\"primaryImageOfPage\":{\"@id\":\"https:\\\/\\\/ranoja.ee\\\/toode\\\/mootorioli-all-climate-c2-c3-5w30-1l-valvoline\\\/#primaryimage\"},\"image\":{\"@id\":\"https:\\\/\\\/ranoja.ee\\\/toode\\\/mootorioli-all-climate-c2-c3-5w30-1l-valvoline\\\/#primaryimage\"},\"thumbnailUrl\":\"https:\\\/\\\/ranoja.ee\\\/wp-content\\\/uploads\\\/2026\\\/03\\\/5638310332.jpg\",\"datePublished\":\"2026-03-16T23:39:31+00:00\",\"dateModified\":\"2026-03-17T15:13:19+00:00\",\"breadcrumb\":{\"@id\":\"https:\\\/\\\/ranoja.ee\\\/toode\\\/mootorioli-all-climate-c2-c3-5w30-1l-valvoline\\\/#breadcrumb\"},\"inLanguage\":\"en-US\",\"potentialAction\":[{\"@type\":\"ReadAction\",\"target\":[\"https:\\\/\\\/ranoja.ee\\\/toode\\\/mootorioli-all-climate-c2-c3-5w30-1l-valvoline\\\/\"]}]},{\"@type\":\"ImageObject\",\"inLanguage\":\"en-US\",\"@id\":\"https:\\\/\\\/ranoja.ee\\\/toode\\\/mootorioli-all-climate-c2-c3-5w30-1l-valvoline\\\/#primaryimage\",\"url\":\"https:\\\/\\\/ranoja.ee\\\/wp-content\\\/uploads\\\/2026\\\/03\\\/5638310332.jpg\",\"contentUrl\":\"https:\\\/\\\/ranoja.ee\\\/wp-content\\\/uploads\\\/2026\\\/03\\\/5638310332.jpg\",\"width\":793,\"height\":900},{\"@type\":\"BreadcrumbList\",\"@id\":\"https:\\\/\\\/ranoja.ee\\\/toode\\\/mootorioli-all-climate-c2-c3-5w30-1l-valvoline\\\/#breadcrumb\",\"itemListElement\":[{\"@type\":\"ListItem\",\"position\":1,\"name\":\"Home\",\"item\":\"https:\\\/\\\/ranoja.ee\\\/\"},{\"@type\":\"ListItem\",\"position\":2,\"name\":\"Shop\",\"item\":\"https:\\\/\\\/ranoja.ee\\\/en\\\/shop\\\/\"},{\"@type\":\"ListItem\",\"position\":3,\"name\":\"Mootori\u00f5li All Climate C2\\\/C3 5W30 1L, Valvoline\"}]},{\"@type\":\"WebSite\",\"@id\":\"https:\\\/\\\/ranoja.ee\\\/#website\",\"url\":\"https:\\\/\\\/ranoja.ee\\\/\",\"name\":\"Ranoja\",\"description\":\"Equipment Shop WooCommerce WordPress Theme for Machine &amp; Tools\",\"publisher\":{\"@id\":\"https:\\\/\\\/ranoja.ee\\\/#organization\"},\"potentialAction\":[{\"@type\":\"SearchAction\",\"target\":{\"@type\":\"EntryPoint\",\"urlTemplate\":\"https:\\\/\\\/ranoja.ee\\\/?s={search_term_string}\"},\"query-input\":{\"@type\":\"PropertyValueSpecification\",\"valueRequired\":true,\"valueName\":\"search_term_string\"}}],\"inLanguage\":\"en-US\"},{\"@type\":\"Organization\",\"@id\":\"https:\\\/\\\/ranoja.ee\\\/#organization\",\"name\":\"Ranoja O\u00dc\",\"url\":\"https:\\\/\\\/ranoja.ee\\\/\",\"logo\":{\"@type\":\"ImageObject\",\"inLanguage\":\"en-US\",\"@id\":\"https:\\\/\\\/ranoja.ee\\\/#\\\/schema\\\/logo\\\/image\\\/\",\"url\":\"https:\\\/\\\/ranoja.ee\\\/wp-content\\\/uploads\\\/2023\\\/11\\\/ranoja-Logo.png\",\"contentUrl\":\"https:\\\/\\\/ranoja.ee\\\/wp-content\\\/uploads\\\/2023\\\/11\\\/ranoja-Logo.png\",\"width\":207,\"height\":58,\"caption\":\"Ranoja O\u00dc\"},\"image\":{\"@id\":\"https:\\\/\\\/ranoja.ee\\\/#\\\/schema\\\/logo\\\/image\\\/\"},\"sameAs\":[\"https:\\\/\\\/www.facebook.com\\\/ranoja.ee\",\"https:\\\/\\\/www.instagram.com\\\/ranoja__\\\/\"]}]}<\/script>\n<!-- \/ Yoast SEO plugin. -->","yoast_head_json":{"title":"Mootori\u00f5li All Climate C2\/C3 5W30 1L, Valvoline - Ranoja","robots":{"index":"index","follow":"follow","max-snippet":"max-snippet:-1","max-image-preview":"max-image-preview:large","max-video-preview":"max-video-preview:-1"},"canonical":"https:\/\/ranoja.ee\/toode\/mootorioli-all-climate-c2-c3-5w30-1l-valvoline\/","og_locale":"en_US","og_type":"article","og_title":"Mootori\u00f5li All Climate C2\/C3 5W30 1L, Valvoline - Ranoja","og_description":"Kaasaegne tippkvaliteetne s\u00fcnteetiline mootori\u00f5li. Loodud aastaringseks parimaks j\u00f5udluseks. T\u00f5estatud ja usaldusv\u00e4\u00e4rne tehnoloogia laiale valikule diisel-, bensiini- ja LPG-mootoritele. Sobib laiale valikule erinevate autotootjate mootoritele. Spetsiaalselt loodud kasutamiseks s\u00f5iduautodel ja tarbes\u00f5idukitel, mis on varustatud heitgaasi j\u00e4relt\u00f6\u00f6tluss\u00fcsteemidega. (madala heitmenormiga moototid) Sobib mootoritele, millel on diislik\u00fctuse tahkete osakeste filter (DPF), bensiini katal\u00fc\u00fcsmuundur (GCC) v\u00f5i kolmeastmeline katal\u00fc\u00fcsmuundur (TWC), kus on ette n\u00e4htud ACEA C2 v\u00f5i C3 spetsifikatsioon, n\u00e4iteks Toyota, Hyundai, Kia, Nissan jpt. J\u00f5udlustasemed: ACEA C2, C3 API SP MB-229.31","og_url":"https:\/\/ranoja.ee\/toode\/mootorioli-all-climate-c2-c3-5w30-1l-valvoline\/","og_site_name":"Ranoja","article_publisher":"https:\/\/www.facebook.com\/ranoja.ee","article_modified_time":"2026-03-17T15:13:19+00:00","og_image":[{"width":793,"height":900,"url":"https:\/\/ranoja.ee\/wp-content\/uploads\/2026\/03\/5638310332.jpg","type":"image\/jpeg"}],"twitter_card":"summary_large_image","twitter_misc":{"Est. reading time":"1 minute"},"schema":{"@context":"https:\/\/schema.org","@graph":[{"@type":"WebPage","@id":"https:\/\/ranoja.ee\/toode\/mootorioli-all-climate-c2-c3-5w30-1l-valvoline\/","url":"https:\/\/ranoja.ee\/toode\/mootorioli-all-climate-c2-c3-5w30-1l-valvoline\/","name":"Mootori\u00f5li All Climate C2\/C3 5W30 1L, Valvoline - Ranoja","isPartOf":{"@id":"https:\/\/ranoja.ee\/#website"},"primaryImageOfPage":{"@id":"https:\/\/ranoja.ee\/toode\/mootorioli-all-climate-c2-c3-5w30-1l-valvoline\/#primaryimage"},"image":{"@id":"https:\/\/ranoja.ee\/toode\/mootorioli-all-climate-c2-c3-5w30-1l-valvoline\/#primaryimage"},"thumbnailUrl":"https:\/\/ranoja.ee\/wp-content\/uploads\/2026\/03\/5638310332.jpg","datePublished":"2026-03-16T23:39:31+00:00","dateModified":"2026-03-17T15:13:19+00:00","breadcrumb":{"@id":"https:\/\/ranoja.ee\/toode\/mootorioli-all-climate-c2-c3-5w30-1l-valvoline\/#breadcrumb"},"inLanguage":"en-US","potentialAction":[{"@type":"ReadAction","target":["https:\/\/ranoja.ee\/toode\/mootorioli-all-climate-c2-c3-5w30-1l-valvoline\/"]}]},{"@type":"ImageObject","inLanguage":"en-US","@id":"https:\/\/ranoja.ee\/toode\/mootorioli-all-climate-c2-c3-5w30-1l-valvoline\/#primaryimage","url":"https:\/\/ranoja.ee\/wp-content\/uploads\/2026\/03\/5638310332.jpg","contentUrl":"https:\/\/ranoja.ee\/wp-content\/uploads\/2026\/03\/5638310332.jpg","width":793,"height":900},{"@type":"BreadcrumbList","@id":"https:\/\/ranoja.ee\/toode\/mootorioli-all-climate-c2-c3-5w30-1l-valvoline\/#breadcrumb","itemListElement":[{"@type":"ListItem","position":1,"name":"Home","item":"https:\/\/ranoja.ee\/"},{"@type":"ListItem","position":2,"name":"Shop","item":"https:\/\/ranoja.ee\/en\/shop\/"},{"@type":"ListItem","position":3,"name":"Mootori\u00f5li All Climate C2\/C3 5W30 1L, Valvoline"}]},{"@type":"WebSite","@id":"https:\/\/ranoja.ee\/#website","url":"https:\/\/ranoja.ee\/","name":"Ranoja","description":"Equipment Shop WooCommerce WordPress Theme for Machine &amp; Tools","publisher":{"@id":"https:\/\/ranoja.ee\/#organization"},"potentialAction":[{"@type":"SearchAction","target":{"@type":"EntryPoint","urlTemplate":"https:\/\/ranoja.ee\/?s={search_term_string}"},"query-input":{"@type":"PropertyValueSpecification","valueRequired":true,"valueName":"search_term_string"}}],"inLanguage":"en-US"},{"@type":"Organization","@id":"https:\/\/ranoja.ee\/#organization","name":"Ranoja O\u00dc","url":"https:\/\/ranoja.ee\/","logo":{"@type":"ImageObject","inLanguage":"en-US","@id":"https:\/\/ranoja.ee\/#\/schema\/logo\/image\/","url":"https:\/\/ranoja.ee\/wp-content\/uploads\/2023\/11\/ranoja-Logo.png","contentUrl":"https:\/\/ranoja.ee\/wp-content\/uploads\/2023\/11\/ranoja-Logo.png","width":207,"height":58,"caption":"Ranoja O\u00dc"},"image":{"@id":"https:\/\/ranoja.ee\/#\/schema\/logo\/image\/"},"sameAs":["https:\/\/www.facebook.com\/ranoja.ee","https:\/\/www.instagram.com\/ranoja__\/"]}]}},"_links":{"self":[{"href":"https:\/\/ranoja.ee\/en\/wp-json\/wp\/v2\/product\/62461","targetHints":{"allow":["GET"]}}],"collection":[{"href":"https:\/\/ranoja.ee\/en\/wp-json\/wp\/v2\/product"}],"about":[{"href":"https:\/\/ranoja.ee\/en\/wp-json\/wp\/v2\/types\/product"}],"wp:featuredmedia":[{"embeddable":true,"href":"https:\/\/ranoja.ee\/en\/wp-json\/wp\/v2\/media\/62462"}],"wp:attachment":[{"href":"https:\/\/ranoja.ee\/en\/wp-json\/wp\/v2\/media?parent=62461"}],"wp:term":[{"taxonomy":"product_cat","embeddable":true,"href":"https:\/\/ranoja.ee\/en\/wp-json\/wp\/v2\/product_cat?post=62461"},{"taxonomy":"product_tag","embeddable":true,"href":"https:\/\/ranoja.ee\/en\/wp-json\/wp\/v2\/product_tag?post=62461"}],"curies":[{"name":"wp","href":"https:\/\/api.w.org\/{rel}","templated":true}]}}