{"id":62453,"date":"2026-03-17T02:39:31","date_gmt":"2026-03-16T23:39:31","guid":{"rendered":"https:\/\/ranoja.ee\/toode\/avatud-hammasulekande-maare-earth-open-gear-0-18kg-valvoline\/"},"modified":"2026-03-17T15:33:49","modified_gmt":"2026-03-17T12:33:49","slug":"avatud-hammasulekande-maare-earth-open-gear-0-18kg-valvoline","status":"publish","type":"product","link":"https:\/\/ranoja.ee\/en\/toode\/avatud-hammasulekande-maare-earth-open-gear-0-18kg-valvoline\/","title":{"rendered":"avatud hammas\u00fclekande m\u00e4\u00e4re EARTH OPEN GEAR 0 18kg, Valvoline"},"content":{"rendered":"","protected":false},"excerpt":{"rendered":"<p>K\u00f5rge j\u00f5udlusega m\u00e4\u00e4re avatud hammas\u00fclekannete jaoks, mida kasutatakse kaevanduses, karj\u00e4\u00e4ris jmt. Valvoline Earth Open Gear 3 on k\u00f5rge viskoossusega ja eriti kleepuv m\u00e4\u00e4re, mis on v\u00e4lja t\u00f6\u00f6tatud spetsiaalse tahkesti ja k\u00f5rgkoormus lisanditega, et tagada pikaajaline m\u00e4\u00e4rimine ja kaitse suurte- ja l\u00f6\u00f6k koormuste korral lahtistel hammas \u00fclekannetel. Sobib lahtiste k\u00e4igukastide, hammaslattide, hammasrataste ja ketirataste k\u00e4sitsi m\u00e4\u00e4rimiseks. T\u00e4nu oma k\u00f5rgele viskoossusele, ekstreemse survega lisanditele ja spetsiaalsele tahkestile Valvoline Earth Open Gear 3 m\u00e4\u00e4re tagab suurep\u00e4rase nakkuvuse ning suurep\u00e4rase mehaanilise ja kolloidse stabiilsuse aeglaselt liikuvate ja raskelt koormatud avatud hammasrataste puhul. Lahtiste hammasrataste olemuse t\u00f5ttu on see m\u00e4\u00e4re spetsiaalselt v\u00e4lja t\u00f6\u00f6tatud selleks, et moodustada m\u00e4\u00e4rdele tugev kaitsekile, mis hoiab vett ja tolmu eemal ning kaitseb suure koormuse, varajase oks\u00fcdatsiooni ja enneaegse kulumise eest. Valvoline Earth Open Gear 3 on soovitatav kasutada ebasoodsates ja karmides t\u00f6\u00f6tingimustes, nagu suured- ja l\u00f6\u00f6k koormused, vibratsioon, k\u00f5rgendatud t\u00f6\u00f6temperatuur ja niiskus. See m\u00e4\u00e4re v\u00f5ib aidata v\u00e4hendada vibratsiooni ja m\u00fcra.<br \/>\nJ\u00f5udlustasemed:<br \/>\nISO 6743-9: L-X BCHB3<br \/>\nISO L-CKM<br \/>\nDIN 51 502: OGPF 3K-25<\/p>\n","protected":false},"featured_media":62454,"template":"","meta":{"inline_featured_image":false},"product_cat":[5017,5013,5012],"product_tag":[],"class_list":{"0":"post-62453","1":"product","2":"type-product","3":"status-publish","4":"has-post-thumbnail","6":"product_brand-valvoline","7":"product_cat-liitiummaarded","8":"product_cat-maarded","9":"product_cat-olid-ja-maardeained","11":"first","12":"instock","13":"purchasable","14":"product-type-simple"},"yoast_head":"<!-- This site is optimized with the Yoast SEO plugin v27.4 - https:\/\/yoast.com\/product\/yoast-seo-wordpress\/ -->\n<title>avatud hammas\u00fclekande m\u00e4\u00e4re EARTH OPEN GEAR 0 18kg, Valvoline - Ranoja<\/title>\n<meta name=\"robots\" content=\"index, follow, max-snippet:-1, max-image-preview:large, max-video-preview:-1\" \/>\n<link rel=\"canonical\" href=\"https:\/\/ranoja.ee\/toode\/avatud-hammasulekande-maare-earth-open-gear-0-18kg-valvoline\/\" \/>\n<meta property=\"og:locale\" content=\"en_US\" \/>\n<meta property=\"og:type\" content=\"article\" \/>\n<meta property=\"og:title\" content=\"avatud hammas\u00fclekande m\u00e4\u00e4re EARTH OPEN GEAR 0 18kg, Valvoline - Ranoja\" \/>\n<meta property=\"og:description\" content=\"K\u00f5rge j\u00f5udlusega m\u00e4\u00e4re avatud hammas\u00fclekannete jaoks, mida kasutatakse kaevanduses, karj\u00e4\u00e4ris jmt. Valvoline Earth Open Gear 3 on k\u00f5rge viskoossusega ja eriti kleepuv m\u00e4\u00e4re, mis on v\u00e4lja t\u00f6\u00f6tatud spetsiaalse tahkesti ja k\u00f5rgkoormus lisanditega, et tagada pikaajaline m\u00e4\u00e4rimine ja kaitse suurte- ja l\u00f6\u00f6k koormuste korral lahtistel hammas \u00fclekannetel. Sobib lahtiste k\u00e4igukastide, hammaslattide, hammasrataste ja ketirataste k\u00e4sitsi m\u00e4\u00e4rimiseks. T\u00e4nu oma k\u00f5rgele viskoossusele, ekstreemse survega lisanditele ja spetsiaalsele tahkestile Valvoline Earth Open Gear 3 m\u00e4\u00e4re tagab suurep\u00e4rase nakkuvuse ning suurep\u00e4rase mehaanilise ja kolloidse stabiilsuse aeglaselt liikuvate ja raskelt koormatud avatud hammasrataste puhul. Lahtiste hammasrataste olemuse t\u00f5ttu on see m\u00e4\u00e4re spetsiaalselt v\u00e4lja t\u00f6\u00f6tatud selleks, et moodustada m\u00e4\u00e4rdele tugev kaitsekile, mis hoiab vett ja tolmu eemal ning kaitseb suure koormuse, varajase oks\u00fcdatsiooni ja enneaegse kulumise eest. Valvoline Earth Open Gear 3 on soovitatav kasutada ebasoodsates ja karmides t\u00f6\u00f6tingimustes, nagu suured- ja l\u00f6\u00f6k koormused, vibratsioon, k\u00f5rgendatud t\u00f6\u00f6temperatuur ja niiskus. See m\u00e4\u00e4re v\u00f5ib aidata v\u00e4hendada vibratsiooni ja m\u00fcra. J\u00f5udlustasemed: ISO 6743-9: L-X BCHB3 ISO L-CKM DIN 51 502: OGPF 3K-25\" \/>\n<meta property=\"og:url\" content=\"https:\/\/ranoja.ee\/toode\/avatud-hammasulekande-maare-earth-open-gear-0-18kg-valvoline\/\" \/>\n<meta property=\"og:site_name\" content=\"Ranoja\" \/>\n<meta property=\"article:publisher\" content=\"https:\/\/www.facebook.com\/ranoja.ee\" \/>\n<meta property=\"article:modified_time\" content=\"2026-03-17T12:33:49+00:00\" \/>\n<meta property=\"og:image\" content=\"https:\/\/ranoja.ee\/wp-content\/uploads\/2026\/03\/5638281862.jpg\" \/>\n\t<meta property=\"og:image:width\" content=\"690\" \/>\n\t<meta property=\"og:image:height\" content=\"900\" \/>\n\t<meta property=\"og:image:type\" content=\"image\/jpeg\" \/>\n<meta name=\"twitter:card\" content=\"summary_large_image\" \/>\n<script type=\"application\/ld+json\" class=\"yoast-schema-graph\">{\"@context\":\"https:\\\/\\\/schema.org\",\"@graph\":[{\"@type\":\"WebPage\",\"@id\":\"https:\\\/\\\/ranoja.ee\\\/toode\\\/avatud-hammasulekande-maare-earth-open-gear-0-18kg-valvoline\\\/\",\"url\":\"https:\\\/\\\/ranoja.ee\\\/toode\\\/avatud-hammasulekande-maare-earth-open-gear-0-18kg-valvoline\\\/\",\"name\":\"avatud hammas\u00fclekande m\u00e4\u00e4re EARTH OPEN GEAR 0 18kg, Valvoline - Ranoja\",\"isPartOf\":{\"@id\":\"https:\\\/\\\/ranoja.ee\\\/#website\"},\"primaryImageOfPage\":{\"@id\":\"https:\\\/\\\/ranoja.ee\\\/toode\\\/avatud-hammasulekande-maare-earth-open-gear-0-18kg-valvoline\\\/#primaryimage\"},\"image\":{\"@id\":\"https:\\\/\\\/ranoja.ee\\\/toode\\\/avatud-hammasulekande-maare-earth-open-gear-0-18kg-valvoline\\\/#primaryimage\"},\"thumbnailUrl\":\"https:\\\/\\\/ranoja.ee\\\/wp-content\\\/uploads\\\/2026\\\/03\\\/5638281862.jpg\",\"datePublished\":\"2026-03-16T23:39:31+00:00\",\"dateModified\":\"2026-03-17T12:33:49+00:00\",\"breadcrumb\":{\"@id\":\"https:\\\/\\\/ranoja.ee\\\/toode\\\/avatud-hammasulekande-maare-earth-open-gear-0-18kg-valvoline\\\/#breadcrumb\"},\"inLanguage\":\"en-US\",\"potentialAction\":[{\"@type\":\"ReadAction\",\"target\":[\"https:\\\/\\\/ranoja.ee\\\/toode\\\/avatud-hammasulekande-maare-earth-open-gear-0-18kg-valvoline\\\/\"]}]},{\"@type\":\"ImageObject\",\"inLanguage\":\"en-US\",\"@id\":\"https:\\\/\\\/ranoja.ee\\\/toode\\\/avatud-hammasulekande-maare-earth-open-gear-0-18kg-valvoline\\\/#primaryimage\",\"url\":\"https:\\\/\\\/ranoja.ee\\\/wp-content\\\/uploads\\\/2026\\\/03\\\/5638281862.jpg\",\"contentUrl\":\"https:\\\/\\\/ranoja.ee\\\/wp-content\\\/uploads\\\/2026\\\/03\\\/5638281862.jpg\",\"width\":690,\"height\":900},{\"@type\":\"BreadcrumbList\",\"@id\":\"https:\\\/\\\/ranoja.ee\\\/toode\\\/avatud-hammasulekande-maare-earth-open-gear-0-18kg-valvoline\\\/#breadcrumb\",\"itemListElement\":[{\"@type\":\"ListItem\",\"position\":1,\"name\":\"Home\",\"item\":\"https:\\\/\\\/ranoja.ee\\\/\"},{\"@type\":\"ListItem\",\"position\":2,\"name\":\"Shop\",\"item\":\"https:\\\/\\\/ranoja.ee\\\/en\\\/shop\\\/\"},{\"@type\":\"ListItem\",\"position\":3,\"name\":\"avatud hammas\u00fclekande m\u00e4\u00e4re EARTH OPEN GEAR 0 18kg, Valvoline\"}]},{\"@type\":\"WebSite\",\"@id\":\"https:\\\/\\\/ranoja.ee\\\/#website\",\"url\":\"https:\\\/\\\/ranoja.ee\\\/\",\"name\":\"Ranoja\",\"description\":\"Equipment Shop WooCommerce WordPress Theme for Machine &amp; Tools\",\"publisher\":{\"@id\":\"https:\\\/\\\/ranoja.ee\\\/#organization\"},\"potentialAction\":[{\"@type\":\"SearchAction\",\"target\":{\"@type\":\"EntryPoint\",\"urlTemplate\":\"https:\\\/\\\/ranoja.ee\\\/?s={search_term_string}\"},\"query-input\":{\"@type\":\"PropertyValueSpecification\",\"valueRequired\":true,\"valueName\":\"search_term_string\"}}],\"inLanguage\":\"en-US\"},{\"@type\":\"Organization\",\"@id\":\"https:\\\/\\\/ranoja.ee\\\/#organization\",\"name\":\"Ranoja O\u00dc\",\"url\":\"https:\\\/\\\/ranoja.ee\\\/\",\"logo\":{\"@type\":\"ImageObject\",\"inLanguage\":\"en-US\",\"@id\":\"https:\\\/\\\/ranoja.ee\\\/#\\\/schema\\\/logo\\\/image\\\/\",\"url\":\"https:\\\/\\\/ranoja.ee\\\/wp-content\\\/uploads\\\/2023\\\/11\\\/ranoja-Logo.png\",\"contentUrl\":\"https:\\\/\\\/ranoja.ee\\\/wp-content\\\/uploads\\\/2023\\\/11\\\/ranoja-Logo.png\",\"width\":207,\"height\":58,\"caption\":\"Ranoja O\u00dc\"},\"image\":{\"@id\":\"https:\\\/\\\/ranoja.ee\\\/#\\\/schema\\\/logo\\\/image\\\/\"},\"sameAs\":[\"https:\\\/\\\/www.facebook.com\\\/ranoja.ee\",\"https:\\\/\\\/www.instagram.com\\\/ranoja__\\\/\"]}]}<\/script>\n<!-- \/ Yoast SEO plugin. -->","yoast_head_json":{"title":"avatud hammas\u00fclekande m\u00e4\u00e4re EARTH OPEN GEAR 0 18kg, Valvoline - Ranoja","robots":{"index":"index","follow":"follow","max-snippet":"max-snippet:-1","max-image-preview":"max-image-preview:large","max-video-preview":"max-video-preview:-1"},"canonical":"https:\/\/ranoja.ee\/toode\/avatud-hammasulekande-maare-earth-open-gear-0-18kg-valvoline\/","og_locale":"en_US","og_type":"article","og_title":"avatud hammas\u00fclekande m\u00e4\u00e4re EARTH OPEN GEAR 0 18kg, Valvoline - Ranoja","og_description":"K\u00f5rge j\u00f5udlusega m\u00e4\u00e4re avatud hammas\u00fclekannete jaoks, mida kasutatakse kaevanduses, karj\u00e4\u00e4ris jmt. Valvoline Earth Open Gear 3 on k\u00f5rge viskoossusega ja eriti kleepuv m\u00e4\u00e4re, mis on v\u00e4lja t\u00f6\u00f6tatud spetsiaalse tahkesti ja k\u00f5rgkoormus lisanditega, et tagada pikaajaline m\u00e4\u00e4rimine ja kaitse suurte- ja l\u00f6\u00f6k koormuste korral lahtistel hammas \u00fclekannetel. Sobib lahtiste k\u00e4igukastide, hammaslattide, hammasrataste ja ketirataste k\u00e4sitsi m\u00e4\u00e4rimiseks. T\u00e4nu oma k\u00f5rgele viskoossusele, ekstreemse survega lisanditele ja spetsiaalsele tahkestile Valvoline Earth Open Gear 3 m\u00e4\u00e4re tagab suurep\u00e4rase nakkuvuse ning suurep\u00e4rase mehaanilise ja kolloidse stabiilsuse aeglaselt liikuvate ja raskelt koormatud avatud hammasrataste puhul. Lahtiste hammasrataste olemuse t\u00f5ttu on see m\u00e4\u00e4re spetsiaalselt v\u00e4lja t\u00f6\u00f6tatud selleks, et moodustada m\u00e4\u00e4rdele tugev kaitsekile, mis hoiab vett ja tolmu eemal ning kaitseb suure koormuse, varajase oks\u00fcdatsiooni ja enneaegse kulumise eest. Valvoline Earth Open Gear 3 on soovitatav kasutada ebasoodsates ja karmides t\u00f6\u00f6tingimustes, nagu suured- ja l\u00f6\u00f6k koormused, vibratsioon, k\u00f5rgendatud t\u00f6\u00f6temperatuur ja niiskus. See m\u00e4\u00e4re v\u00f5ib aidata v\u00e4hendada vibratsiooni ja m\u00fcra. J\u00f5udlustasemed: ISO 6743-9: L-X BCHB3 ISO L-CKM DIN 51 502: OGPF 3K-25","og_url":"https:\/\/ranoja.ee\/toode\/avatud-hammasulekande-maare-earth-open-gear-0-18kg-valvoline\/","og_site_name":"Ranoja","article_publisher":"https:\/\/www.facebook.com\/ranoja.ee","article_modified_time":"2026-03-17T12:33:49+00:00","og_image":[{"width":690,"height":900,"url":"https:\/\/ranoja.ee\/wp-content\/uploads\/2026\/03\/5638281862.jpg","type":"image\/jpeg"}],"twitter_card":"summary_large_image","schema":{"@context":"https:\/\/schema.org","@graph":[{"@type":"WebPage","@id":"https:\/\/ranoja.ee\/toode\/avatud-hammasulekande-maare-earth-open-gear-0-18kg-valvoline\/","url":"https:\/\/ranoja.ee\/toode\/avatud-hammasulekande-maare-earth-open-gear-0-18kg-valvoline\/","name":"avatud hammas\u00fclekande m\u00e4\u00e4re EARTH OPEN GEAR 0 18kg, Valvoline - Ranoja","isPartOf":{"@id":"https:\/\/ranoja.ee\/#website"},"primaryImageOfPage":{"@id":"https:\/\/ranoja.ee\/toode\/avatud-hammasulekande-maare-earth-open-gear-0-18kg-valvoline\/#primaryimage"},"image":{"@id":"https:\/\/ranoja.ee\/toode\/avatud-hammasulekande-maare-earth-open-gear-0-18kg-valvoline\/#primaryimage"},"thumbnailUrl":"https:\/\/ranoja.ee\/wp-content\/uploads\/2026\/03\/5638281862.jpg","datePublished":"2026-03-16T23:39:31+00:00","dateModified":"2026-03-17T12:33:49+00:00","breadcrumb":{"@id":"https:\/\/ranoja.ee\/toode\/avatud-hammasulekande-maare-earth-open-gear-0-18kg-valvoline\/#breadcrumb"},"inLanguage":"en-US","potentialAction":[{"@type":"ReadAction","target":["https:\/\/ranoja.ee\/toode\/avatud-hammasulekande-maare-earth-open-gear-0-18kg-valvoline\/"]}]},{"@type":"ImageObject","inLanguage":"en-US","@id":"https:\/\/ranoja.ee\/toode\/avatud-hammasulekande-maare-earth-open-gear-0-18kg-valvoline\/#primaryimage","url":"https:\/\/ranoja.ee\/wp-content\/uploads\/2026\/03\/5638281862.jpg","contentUrl":"https:\/\/ranoja.ee\/wp-content\/uploads\/2026\/03\/5638281862.jpg","width":690,"height":900},{"@type":"BreadcrumbList","@id":"https:\/\/ranoja.ee\/toode\/avatud-hammasulekande-maare-earth-open-gear-0-18kg-valvoline\/#breadcrumb","itemListElement":[{"@type":"ListItem","position":1,"name":"Home","item":"https:\/\/ranoja.ee\/"},{"@type":"ListItem","position":2,"name":"Shop","item":"https:\/\/ranoja.ee\/en\/shop\/"},{"@type":"ListItem","position":3,"name":"avatud hammas\u00fclekande m\u00e4\u00e4re EARTH OPEN GEAR 0 18kg, Valvoline"}]},{"@type":"WebSite","@id":"https:\/\/ranoja.ee\/#website","url":"https:\/\/ranoja.ee\/","name":"Ranoja","description":"Equipment Shop WooCommerce WordPress Theme for Machine &amp; Tools","publisher":{"@id":"https:\/\/ranoja.ee\/#organization"},"potentialAction":[{"@type":"SearchAction","target":{"@type":"EntryPoint","urlTemplate":"https:\/\/ranoja.ee\/?s={search_term_string}"},"query-input":{"@type":"PropertyValueSpecification","valueRequired":true,"valueName":"search_term_string"}}],"inLanguage":"en-US"},{"@type":"Organization","@id":"https:\/\/ranoja.ee\/#organization","name":"Ranoja O\u00dc","url":"https:\/\/ranoja.ee\/","logo":{"@type":"ImageObject","inLanguage":"en-US","@id":"https:\/\/ranoja.ee\/#\/schema\/logo\/image\/","url":"https:\/\/ranoja.ee\/wp-content\/uploads\/2023\/11\/ranoja-Logo.png","contentUrl":"https:\/\/ranoja.ee\/wp-content\/uploads\/2023\/11\/ranoja-Logo.png","width":207,"height":58,"caption":"Ranoja O\u00dc"},"image":{"@id":"https:\/\/ranoja.ee\/#\/schema\/logo\/image\/"},"sameAs":["https:\/\/www.facebook.com\/ranoja.ee","https:\/\/www.instagram.com\/ranoja__\/"]}]}},"_links":{"self":[{"href":"https:\/\/ranoja.ee\/en\/wp-json\/wp\/v2\/product\/62453","targetHints":{"allow":["GET"]}}],"collection":[{"href":"https:\/\/ranoja.ee\/en\/wp-json\/wp\/v2\/product"}],"about":[{"href":"https:\/\/ranoja.ee\/en\/wp-json\/wp\/v2\/types\/product"}],"wp:featuredmedia":[{"embeddable":true,"href":"https:\/\/ranoja.ee\/en\/wp-json\/wp\/v2\/media\/62454"}],"wp:attachment":[{"href":"https:\/\/ranoja.ee\/en\/wp-json\/wp\/v2\/media?parent=62453"}],"wp:term":[{"taxonomy":"product_cat","embeddable":true,"href":"https:\/\/ranoja.ee\/en\/wp-json\/wp\/v2\/product_cat?post=62453"},{"taxonomy":"product_tag","embeddable":true,"href":"https:\/\/ranoja.ee\/en\/wp-json\/wp\/v2\/product_tag?post=62453"}],"curies":[{"name":"wp","href":"https:\/\/api.w.org\/{rel}","templated":true}]}}