{"id":62447,"date":"2026-03-17T02:39:14","date_gmt":"2026-03-16T23:39:14","guid":{"rendered":"https:\/\/ranoja.ee\/toode\/hudraulikaoli-hvlp-15-208l-valvoline\/"},"modified":"2026-03-17T15:33:49","modified_gmt":"2026-03-17T12:33:49","slug":"hudraulikaoli-hvlp-15-208l-valvoline","status":"publish","type":"product","link":"https:\/\/ranoja.ee\/en\/toode\/hudraulikaoli-hvlp-15-208l-valvoline\/","title":{"rendered":"H\u00fcdraulika\u00f5li HVLP 15 208L, Valvoline"},"content":{"rendered":"","protected":false},"excerpt":{"rendered":"<p>Valvoline HVLP 15 on tavap\u00e4rane h\u00fcdraulika\u00f5li, mis on valmistatud kvaliteetsetest mineraalbaas\u00f5lidest ja kulumisvastastest lisanditest, et pakkuda kindlat h\u00fcdraulilist j\u00f5udlust laialdastes kasutuskohtades.Valvoline&#8217;i h\u00fcdraulika\u00f5lid vastavad standardile DIN 51524 3. osa. See k\u00f5rge viskoossusindeksiga (VI) h\u00fcdraulika\u00f5lide sari pakub head kulumisvastast kaitset ja vastupidavust rasketele t\u00f6\u00f6tingimustele isegi \u00e4\u00e4rmuslikes kliimatingimustes.<br \/>\nKasutusalad<br \/>\nKasutuskohtade hulka kuuluvad maastikus\u00f5idukid, mis puutuvad kokku k\u00f5rgete ja madalate temperatuuridega, n\u00e4iteks t\u00f6\u00f6stus- ja pinnaset\u00f6\u00f6tlusseadmete h\u00fcdraulikas\u00fcsteemid. H\u00fcdraulilised kraanad ja t\u00f5stukid, laadurid, l\u00fckandmastiga t\u00f5stukid, kahvelt\u00f5stukid, ekskavaatorid, kallurid, laadimisrambid ja tagaluugid.<br \/>\nH\u00fcdraulilised s\u00fcsteemid, mis t\u00f6\u00f6tavad v\u00e4ga k\u00fclmades v\u00f5i v\u00e4ga soojades tingimustes:<br \/>\n\uf0b7 Kahvelt\u00f5stukid k\u00fclmhoonetes<br \/>\n\uf0b7 Liftid k\u00f5rgetes hoonetes<br \/>\n\uf0b7 Laeva h\u00fcdrauliline roolikabiin<br \/>\nJ\u00f5udlustasemed:<br \/>\nISO 11158 HV<br \/>\nDIN 51524 Part 3 HVLP<\/p>\n","protected":false},"featured_media":62448,"template":"","meta":{"inline_featured_image":false},"product_cat":[5094,5012,5093],"product_tag":[],"class_list":{"0":"post-62447","1":"product","2":"type-product","3":"status-publish","4":"has-post-thumbnail","6":"product_brand-valvoline","7":"product_cat-hudraulikaolid","8":"product_cat-olid-ja-maardeained","9":"product_cat-toostusolid","11":"first","12":"instock","13":"purchasable","14":"product-type-simple"},"yoast_head":"<!-- This site is optimized with the Yoast SEO plugin v27.4 - https:\/\/yoast.com\/product\/yoast-seo-wordpress\/ -->\n<title>H\u00fcdraulika\u00f5li HVLP 15 208L, Valvoline - Ranoja<\/title>\n<meta name=\"robots\" content=\"index, follow, max-snippet:-1, max-image-preview:large, max-video-preview:-1\" \/>\n<link rel=\"canonical\" href=\"https:\/\/ranoja.ee\/toode\/hudraulikaoli-hvlp-15-208l-valvoline\/\" \/>\n<meta property=\"og:locale\" content=\"en_US\" \/>\n<meta property=\"og:type\" content=\"article\" \/>\n<meta property=\"og:title\" content=\"H\u00fcdraulika\u00f5li HVLP 15 208L, Valvoline - Ranoja\" \/>\n<meta property=\"og:description\" content=\"Valvoline HVLP 15 on tavap\u00e4rane h\u00fcdraulika\u00f5li, mis on valmistatud kvaliteetsetest mineraalbaas\u00f5lidest ja kulumisvastastest lisanditest, et pakkuda kindlat h\u00fcdraulilist j\u00f5udlust laialdastes kasutuskohtades.Valvoline&#039;i h\u00fcdraulika\u00f5lid vastavad standardile DIN 51524 3. osa. See k\u00f5rge viskoossusindeksiga (VI) h\u00fcdraulika\u00f5lide sari pakub head kulumisvastast kaitset ja vastupidavust rasketele t\u00f6\u00f6tingimustele isegi \u00e4\u00e4rmuslikes kliimatingimustes. Kasutusalad Kasutuskohtade hulka kuuluvad maastikus\u00f5idukid, mis puutuvad kokku k\u00f5rgete ja madalate temperatuuridega, n\u00e4iteks t\u00f6\u00f6stus- ja pinnaset\u00f6\u00f6tlusseadmete h\u00fcdraulikas\u00fcsteemid. H\u00fcdraulilised kraanad ja t\u00f5stukid, laadurid, l\u00fckandmastiga t\u00f5stukid, kahvelt\u00f5stukid, ekskavaatorid, kallurid, laadimisrambid ja tagaluugid. H\u00fcdraulilised s\u00fcsteemid, mis t\u00f6\u00f6tavad v\u00e4ga k\u00fclmades v\u00f5i v\u00e4ga soojades tingimustes: \uf0b7 Kahvelt\u00f5stukid k\u00fclmhoonetes \uf0b7 Liftid k\u00f5rgetes hoonetes \uf0b7 Laeva h\u00fcdrauliline roolikabiin J\u00f5udlustasemed: ISO 11158 HV DIN 51524 Part 3 HVLP\" \/>\n<meta property=\"og:url\" content=\"https:\/\/ranoja.ee\/toode\/hudraulikaoli-hvlp-15-208l-valvoline\/\" \/>\n<meta property=\"og:site_name\" content=\"Ranoja\" \/>\n<meta property=\"article:publisher\" content=\"https:\/\/www.facebook.com\/ranoja.ee\" \/>\n<meta property=\"article:modified_time\" content=\"2026-03-17T12:33:49+00:00\" \/>\n<meta property=\"og:image\" content=\"https:\/\/ranoja.ee\/wp-content\/uploads\/2026\/03\/5638388261.jpg\" \/>\n\t<meta property=\"og:image:width\" content=\"767\" \/>\n\t<meta property=\"og:image:height\" content=\"768\" \/>\n\t<meta property=\"og:image:type\" content=\"image\/jpeg\" \/>\n<meta name=\"twitter:card\" content=\"summary_large_image\" \/>\n<script type=\"application\/ld+json\" class=\"yoast-schema-graph\">{\"@context\":\"https:\\\/\\\/schema.org\",\"@graph\":[{\"@type\":\"WebPage\",\"@id\":\"https:\\\/\\\/ranoja.ee\\\/toode\\\/hudraulikaoli-hvlp-15-208l-valvoline\\\/\",\"url\":\"https:\\\/\\\/ranoja.ee\\\/toode\\\/hudraulikaoli-hvlp-15-208l-valvoline\\\/\",\"name\":\"H\u00fcdraulika\u00f5li HVLP 15 208L, Valvoline - Ranoja\",\"isPartOf\":{\"@id\":\"https:\\\/\\\/ranoja.ee\\\/#website\"},\"primaryImageOfPage\":{\"@id\":\"https:\\\/\\\/ranoja.ee\\\/toode\\\/hudraulikaoli-hvlp-15-208l-valvoline\\\/#primaryimage\"},\"image\":{\"@id\":\"https:\\\/\\\/ranoja.ee\\\/toode\\\/hudraulikaoli-hvlp-15-208l-valvoline\\\/#primaryimage\"},\"thumbnailUrl\":\"https:\\\/\\\/ranoja.ee\\\/wp-content\\\/uploads\\\/2026\\\/03\\\/5638388261.jpg\",\"datePublished\":\"2026-03-16T23:39:14+00:00\",\"dateModified\":\"2026-03-17T12:33:49+00:00\",\"breadcrumb\":{\"@id\":\"https:\\\/\\\/ranoja.ee\\\/toode\\\/hudraulikaoli-hvlp-15-208l-valvoline\\\/#breadcrumb\"},\"inLanguage\":\"en-US\",\"potentialAction\":[{\"@type\":\"ReadAction\",\"target\":[\"https:\\\/\\\/ranoja.ee\\\/toode\\\/hudraulikaoli-hvlp-15-208l-valvoline\\\/\"]}]},{\"@type\":\"ImageObject\",\"inLanguage\":\"en-US\",\"@id\":\"https:\\\/\\\/ranoja.ee\\\/toode\\\/hudraulikaoli-hvlp-15-208l-valvoline\\\/#primaryimage\",\"url\":\"https:\\\/\\\/ranoja.ee\\\/wp-content\\\/uploads\\\/2026\\\/03\\\/5638388261.jpg\",\"contentUrl\":\"https:\\\/\\\/ranoja.ee\\\/wp-content\\\/uploads\\\/2026\\\/03\\\/5638388261.jpg\",\"width\":767,\"height\":768},{\"@type\":\"BreadcrumbList\",\"@id\":\"https:\\\/\\\/ranoja.ee\\\/toode\\\/hudraulikaoli-hvlp-15-208l-valvoline\\\/#breadcrumb\",\"itemListElement\":[{\"@type\":\"ListItem\",\"position\":1,\"name\":\"Home\",\"item\":\"https:\\\/\\\/ranoja.ee\\\/\"},{\"@type\":\"ListItem\",\"position\":2,\"name\":\"Shop\",\"item\":\"https:\\\/\\\/ranoja.ee\\\/en\\\/shop\\\/\"},{\"@type\":\"ListItem\",\"position\":3,\"name\":\"H\u00fcdraulika\u00f5li HVLP 15 208L, Valvoline\"}]},{\"@type\":\"WebSite\",\"@id\":\"https:\\\/\\\/ranoja.ee\\\/#website\",\"url\":\"https:\\\/\\\/ranoja.ee\\\/\",\"name\":\"Ranoja\",\"description\":\"Equipment Shop WooCommerce WordPress Theme for Machine &amp; Tools\",\"publisher\":{\"@id\":\"https:\\\/\\\/ranoja.ee\\\/#organization\"},\"potentialAction\":[{\"@type\":\"SearchAction\",\"target\":{\"@type\":\"EntryPoint\",\"urlTemplate\":\"https:\\\/\\\/ranoja.ee\\\/?s={search_term_string}\"},\"query-input\":{\"@type\":\"PropertyValueSpecification\",\"valueRequired\":true,\"valueName\":\"search_term_string\"}}],\"inLanguage\":\"en-US\"},{\"@type\":\"Organization\",\"@id\":\"https:\\\/\\\/ranoja.ee\\\/#organization\",\"name\":\"Ranoja O\u00dc\",\"url\":\"https:\\\/\\\/ranoja.ee\\\/\",\"logo\":{\"@type\":\"ImageObject\",\"inLanguage\":\"en-US\",\"@id\":\"https:\\\/\\\/ranoja.ee\\\/#\\\/schema\\\/logo\\\/image\\\/\",\"url\":\"https:\\\/\\\/ranoja.ee\\\/wp-content\\\/uploads\\\/2023\\\/11\\\/ranoja-Logo.png\",\"contentUrl\":\"https:\\\/\\\/ranoja.ee\\\/wp-content\\\/uploads\\\/2023\\\/11\\\/ranoja-Logo.png\",\"width\":207,\"height\":58,\"caption\":\"Ranoja O\u00dc\"},\"image\":{\"@id\":\"https:\\\/\\\/ranoja.ee\\\/#\\\/schema\\\/logo\\\/image\\\/\"},\"sameAs\":[\"https:\\\/\\\/www.facebook.com\\\/ranoja.ee\",\"https:\\\/\\\/www.instagram.com\\\/ranoja__\\\/\"]}]}<\/script>\n<!-- \/ Yoast SEO plugin. -->","yoast_head_json":{"title":"H\u00fcdraulika\u00f5li HVLP 15 208L, Valvoline - Ranoja","robots":{"index":"index","follow":"follow","max-snippet":"max-snippet:-1","max-image-preview":"max-image-preview:large","max-video-preview":"max-video-preview:-1"},"canonical":"https:\/\/ranoja.ee\/toode\/hudraulikaoli-hvlp-15-208l-valvoline\/","og_locale":"en_US","og_type":"article","og_title":"H\u00fcdraulika\u00f5li HVLP 15 208L, Valvoline - Ranoja","og_description":"Valvoline HVLP 15 on tavap\u00e4rane h\u00fcdraulika\u00f5li, mis on valmistatud kvaliteetsetest mineraalbaas\u00f5lidest ja kulumisvastastest lisanditest, et pakkuda kindlat h\u00fcdraulilist j\u00f5udlust laialdastes kasutuskohtades.Valvoline'i h\u00fcdraulika\u00f5lid vastavad standardile DIN 51524 3. osa. See k\u00f5rge viskoossusindeksiga (VI) h\u00fcdraulika\u00f5lide sari pakub head kulumisvastast kaitset ja vastupidavust rasketele t\u00f6\u00f6tingimustele isegi \u00e4\u00e4rmuslikes kliimatingimustes. Kasutusalad Kasutuskohtade hulka kuuluvad maastikus\u00f5idukid, mis puutuvad kokku k\u00f5rgete ja madalate temperatuuridega, n\u00e4iteks t\u00f6\u00f6stus- ja pinnaset\u00f6\u00f6tlusseadmete h\u00fcdraulikas\u00fcsteemid. H\u00fcdraulilised kraanad ja t\u00f5stukid, laadurid, l\u00fckandmastiga t\u00f5stukid, kahvelt\u00f5stukid, ekskavaatorid, kallurid, laadimisrambid ja tagaluugid. H\u00fcdraulilised s\u00fcsteemid, mis t\u00f6\u00f6tavad v\u00e4ga k\u00fclmades v\u00f5i v\u00e4ga soojades tingimustes: \uf0b7 Kahvelt\u00f5stukid k\u00fclmhoonetes \uf0b7 Liftid k\u00f5rgetes hoonetes \uf0b7 Laeva h\u00fcdrauliline roolikabiin J\u00f5udlustasemed: ISO 11158 HV DIN 51524 Part 3 HVLP","og_url":"https:\/\/ranoja.ee\/toode\/hudraulikaoli-hvlp-15-208l-valvoline\/","og_site_name":"Ranoja","article_publisher":"https:\/\/www.facebook.com\/ranoja.ee","article_modified_time":"2026-03-17T12:33:49+00:00","og_image":[{"width":767,"height":768,"url":"https:\/\/ranoja.ee\/wp-content\/uploads\/2026\/03\/5638388261.jpg","type":"image\/jpeg"}],"twitter_card":"summary_large_image","schema":{"@context":"https:\/\/schema.org","@graph":[{"@type":"WebPage","@id":"https:\/\/ranoja.ee\/toode\/hudraulikaoli-hvlp-15-208l-valvoline\/","url":"https:\/\/ranoja.ee\/toode\/hudraulikaoli-hvlp-15-208l-valvoline\/","name":"H\u00fcdraulika\u00f5li HVLP 15 208L, Valvoline - Ranoja","isPartOf":{"@id":"https:\/\/ranoja.ee\/#website"},"primaryImageOfPage":{"@id":"https:\/\/ranoja.ee\/toode\/hudraulikaoli-hvlp-15-208l-valvoline\/#primaryimage"},"image":{"@id":"https:\/\/ranoja.ee\/toode\/hudraulikaoli-hvlp-15-208l-valvoline\/#primaryimage"},"thumbnailUrl":"https:\/\/ranoja.ee\/wp-content\/uploads\/2026\/03\/5638388261.jpg","datePublished":"2026-03-16T23:39:14+00:00","dateModified":"2026-03-17T12:33:49+00:00","breadcrumb":{"@id":"https:\/\/ranoja.ee\/toode\/hudraulikaoli-hvlp-15-208l-valvoline\/#breadcrumb"},"inLanguage":"en-US","potentialAction":[{"@type":"ReadAction","target":["https:\/\/ranoja.ee\/toode\/hudraulikaoli-hvlp-15-208l-valvoline\/"]}]},{"@type":"ImageObject","inLanguage":"en-US","@id":"https:\/\/ranoja.ee\/toode\/hudraulikaoli-hvlp-15-208l-valvoline\/#primaryimage","url":"https:\/\/ranoja.ee\/wp-content\/uploads\/2026\/03\/5638388261.jpg","contentUrl":"https:\/\/ranoja.ee\/wp-content\/uploads\/2026\/03\/5638388261.jpg","width":767,"height":768},{"@type":"BreadcrumbList","@id":"https:\/\/ranoja.ee\/toode\/hudraulikaoli-hvlp-15-208l-valvoline\/#breadcrumb","itemListElement":[{"@type":"ListItem","position":1,"name":"Home","item":"https:\/\/ranoja.ee\/"},{"@type":"ListItem","position":2,"name":"Shop","item":"https:\/\/ranoja.ee\/en\/shop\/"},{"@type":"ListItem","position":3,"name":"H\u00fcdraulika\u00f5li HVLP 15 208L, Valvoline"}]},{"@type":"WebSite","@id":"https:\/\/ranoja.ee\/#website","url":"https:\/\/ranoja.ee\/","name":"Ranoja","description":"Equipment Shop WooCommerce WordPress Theme for Machine &amp; Tools","publisher":{"@id":"https:\/\/ranoja.ee\/#organization"},"potentialAction":[{"@type":"SearchAction","target":{"@type":"EntryPoint","urlTemplate":"https:\/\/ranoja.ee\/?s={search_term_string}"},"query-input":{"@type":"PropertyValueSpecification","valueRequired":true,"valueName":"search_term_string"}}],"inLanguage":"en-US"},{"@type":"Organization","@id":"https:\/\/ranoja.ee\/#organization","name":"Ranoja O\u00dc","url":"https:\/\/ranoja.ee\/","logo":{"@type":"ImageObject","inLanguage":"en-US","@id":"https:\/\/ranoja.ee\/#\/schema\/logo\/image\/","url":"https:\/\/ranoja.ee\/wp-content\/uploads\/2023\/11\/ranoja-Logo.png","contentUrl":"https:\/\/ranoja.ee\/wp-content\/uploads\/2023\/11\/ranoja-Logo.png","width":207,"height":58,"caption":"Ranoja O\u00dc"},"image":{"@id":"https:\/\/ranoja.ee\/#\/schema\/logo\/image\/"},"sameAs":["https:\/\/www.facebook.com\/ranoja.ee","https:\/\/www.instagram.com\/ranoja__\/"]}]}},"_links":{"self":[{"href":"https:\/\/ranoja.ee\/en\/wp-json\/wp\/v2\/product\/62447","targetHints":{"allow":["GET"]}}],"collection":[{"href":"https:\/\/ranoja.ee\/en\/wp-json\/wp\/v2\/product"}],"about":[{"href":"https:\/\/ranoja.ee\/en\/wp-json\/wp\/v2\/types\/product"}],"wp:featuredmedia":[{"embeddable":true,"href":"https:\/\/ranoja.ee\/en\/wp-json\/wp\/v2\/media\/62448"}],"wp:attachment":[{"href":"https:\/\/ranoja.ee\/en\/wp-json\/wp\/v2\/media?parent=62447"}],"wp:term":[{"taxonomy":"product_cat","embeddable":true,"href":"https:\/\/ranoja.ee\/en\/wp-json\/wp\/v2\/product_cat?post=62447"},{"taxonomy":"product_tag","embeddable":true,"href":"https:\/\/ranoja.ee\/en\/wp-json\/wp\/v2\/product_tag?post=62447"}],"curies":[{"name":"wp","href":"https:\/\/api.w.org\/{rel}","templated":true}]}}