{"id":62442,"date":"2026-03-17T02:39:14","date_gmt":"2026-03-16T23:39:14","guid":{"rendered":"https:\/\/ranoja.ee\/toode\/mururull-60-cm-polupropuleen-agri-fab-2\/"},"modified":"2026-03-17T15:33:49","modified_gmt":"2026-03-17T12:33:49","slug":"mururull-60-cm-polupropuleen-agri-fab-2","status":"publish","type":"product","link":"https:\/\/ranoja.ee\/en\/toode\/mururull-60-cm-polupropuleen-agri-fab-2\/","title":{"rendered":"Mururull 60 cm, pol\u00fcprop\u00fcleen, Agri-Fab"},"content":{"rendered":"","protected":false},"excerpt":{"rendered":"<p>Mururull kasutamiseks  traktori j\u00e4rel haakes v\u00f5i l\u00fckatavana. Pol\u00fcprop\u00fcleenist rulliosa on vastupidav nii l\u00f6\u00f6kidele kui ka roostele. Transportimiseks ja hoiustamiseks on rull v\u00f5imalik t\u00fchjendada.<br \/>\n\u2022 laius 60 cm.<br \/>\n\u2022 vastupidavast pol\u00fcprop\u00fcleenist<br \/>\n\u2022 rulli maht: 110L (vesi).<br \/>\n\u2022 nettokaal 19 kg<\/p>\n","protected":false},"featured_media":0,"template":"","meta":{"inline_featured_image":false},"product_cat":[1079,5085,5175,1081],"product_tag":[],"class_list":{"0":"post-62442","1":"product","2":"type-product","3":"status-publish","5":"product_brand-agri-fab","6":"product_cat-aiatehnika-ja-niidutehnika","7":"product_cat-aiatehnika-ja-tooriistad","8":"product_cat-lisaseadmed-murutraktoritele","9":"product_cat-murutraktorid","11":"first","12":"instock","13":"purchasable","14":"product-type-simple"},"yoast_head":"<!-- This site is optimized with the Yoast SEO plugin v27.4 - https:\/\/yoast.com\/product\/yoast-seo-wordpress\/ -->\n<title>Mururull 60 cm, pol\u00fcprop\u00fcleen, Agri-Fab - Ranoja<\/title>\n<meta name=\"robots\" content=\"index, follow, max-snippet:-1, max-image-preview:large, max-video-preview:-1\" \/>\n<link rel=\"canonical\" href=\"https:\/\/ranoja.ee\/toode\/mururull-60-cm-polupropuleen-agri-fab-2\/\" \/>\n<meta property=\"og:locale\" content=\"en_US\" \/>\n<meta property=\"og:type\" content=\"article\" \/>\n<meta property=\"og:title\" content=\"Mururull 60 cm, pol\u00fcprop\u00fcleen, Agri-Fab - Ranoja\" \/>\n<meta property=\"og:description\" content=\"Mururull kasutamiseks traktori j\u00e4rel haakes v\u00f5i l\u00fckatavana. Pol\u00fcprop\u00fcleenist rulliosa on vastupidav nii l\u00f6\u00f6kidele kui ka roostele. Transportimiseks ja hoiustamiseks on rull v\u00f5imalik t\u00fchjendada. \u2022 laius 60 cm. \u2022 vastupidavast pol\u00fcprop\u00fcleenist \u2022 rulli maht: 110L (vesi). \u2022 nettokaal 19 kg\" \/>\n<meta property=\"og:url\" content=\"https:\/\/ranoja.ee\/toode\/mururull-60-cm-polupropuleen-agri-fab-2\/\" \/>\n<meta property=\"og:site_name\" content=\"Ranoja\" \/>\n<meta property=\"article:publisher\" content=\"https:\/\/www.facebook.com\/ranoja.ee\" \/>\n<meta property=\"article:modified_time\" content=\"2026-03-17T12:33:49+00:00\" \/>\n<meta name=\"twitter:card\" content=\"summary_large_image\" \/>\n<script type=\"application\/ld+json\" class=\"yoast-schema-graph\">{\"@context\":\"https:\\\/\\\/schema.org\",\"@graph\":[{\"@type\":\"WebPage\",\"@id\":\"https:\\\/\\\/ranoja.ee\\\/toode\\\/mururull-60-cm-polupropuleen-agri-fab-2\\\/\",\"url\":\"https:\\\/\\\/ranoja.ee\\\/toode\\\/mururull-60-cm-polupropuleen-agri-fab-2\\\/\",\"name\":\"Mururull 60 cm, pol\u00fcprop\u00fcleen, Agri-Fab - Ranoja\",\"isPartOf\":{\"@id\":\"https:\\\/\\\/ranoja.ee\\\/#website\"},\"datePublished\":\"2026-03-16T23:39:14+00:00\",\"dateModified\":\"2026-03-17T12:33:49+00:00\",\"breadcrumb\":{\"@id\":\"https:\\\/\\\/ranoja.ee\\\/toode\\\/mururull-60-cm-polupropuleen-agri-fab-2\\\/#breadcrumb\"},\"inLanguage\":\"en-US\",\"potentialAction\":[{\"@type\":\"ReadAction\",\"target\":[\"https:\\\/\\\/ranoja.ee\\\/toode\\\/mururull-60-cm-polupropuleen-agri-fab-2\\\/\"]}]},{\"@type\":\"BreadcrumbList\",\"@id\":\"https:\\\/\\\/ranoja.ee\\\/toode\\\/mururull-60-cm-polupropuleen-agri-fab-2\\\/#breadcrumb\",\"itemListElement\":[{\"@type\":\"ListItem\",\"position\":1,\"name\":\"Home\",\"item\":\"https:\\\/\\\/ranoja.ee\\\/\"},{\"@type\":\"ListItem\",\"position\":2,\"name\":\"Shop\",\"item\":\"https:\\\/\\\/ranoja.ee\\\/en\\\/shop\\\/\"},{\"@type\":\"ListItem\",\"position\":3,\"name\":\"Mururull 60 cm, pol\u00fcprop\u00fcleen, Agri-Fab\"}]},{\"@type\":\"WebSite\",\"@id\":\"https:\\\/\\\/ranoja.ee\\\/#website\",\"url\":\"https:\\\/\\\/ranoja.ee\\\/\",\"name\":\"Ranoja\",\"description\":\"Equipment Shop WooCommerce WordPress Theme for Machine &amp; Tools\",\"publisher\":{\"@id\":\"https:\\\/\\\/ranoja.ee\\\/#organization\"},\"potentialAction\":[{\"@type\":\"SearchAction\",\"target\":{\"@type\":\"EntryPoint\",\"urlTemplate\":\"https:\\\/\\\/ranoja.ee\\\/?s={search_term_string}\"},\"query-input\":{\"@type\":\"PropertyValueSpecification\",\"valueRequired\":true,\"valueName\":\"search_term_string\"}}],\"inLanguage\":\"en-US\"},{\"@type\":\"Organization\",\"@id\":\"https:\\\/\\\/ranoja.ee\\\/#organization\",\"name\":\"Ranoja O\u00dc\",\"url\":\"https:\\\/\\\/ranoja.ee\\\/\",\"logo\":{\"@type\":\"ImageObject\",\"inLanguage\":\"en-US\",\"@id\":\"https:\\\/\\\/ranoja.ee\\\/#\\\/schema\\\/logo\\\/image\\\/\",\"url\":\"https:\\\/\\\/ranoja.ee\\\/wp-content\\\/uploads\\\/2023\\\/11\\\/ranoja-Logo.png\",\"contentUrl\":\"https:\\\/\\\/ranoja.ee\\\/wp-content\\\/uploads\\\/2023\\\/11\\\/ranoja-Logo.png\",\"width\":207,\"height\":58,\"caption\":\"Ranoja O\u00dc\"},\"image\":{\"@id\":\"https:\\\/\\\/ranoja.ee\\\/#\\\/schema\\\/logo\\\/image\\\/\"},\"sameAs\":[\"https:\\\/\\\/www.facebook.com\\\/ranoja.ee\",\"https:\\\/\\\/www.instagram.com\\\/ranoja__\\\/\"]}]}<\/script>\n<!-- \/ Yoast SEO plugin. -->","yoast_head_json":{"title":"Mururull 60 cm, pol\u00fcprop\u00fcleen, Agri-Fab - Ranoja","robots":{"index":"index","follow":"follow","max-snippet":"max-snippet:-1","max-image-preview":"max-image-preview:large","max-video-preview":"max-video-preview:-1"},"canonical":"https:\/\/ranoja.ee\/toode\/mururull-60-cm-polupropuleen-agri-fab-2\/","og_locale":"en_US","og_type":"article","og_title":"Mururull 60 cm, pol\u00fcprop\u00fcleen, Agri-Fab - Ranoja","og_description":"Mururull kasutamiseks traktori j\u00e4rel haakes v\u00f5i l\u00fckatavana. Pol\u00fcprop\u00fcleenist rulliosa on vastupidav nii l\u00f6\u00f6kidele kui ka roostele. Transportimiseks ja hoiustamiseks on rull v\u00f5imalik t\u00fchjendada. \u2022 laius 60 cm. \u2022 vastupidavast pol\u00fcprop\u00fcleenist \u2022 rulli maht: 110L (vesi). \u2022 nettokaal 19 kg","og_url":"https:\/\/ranoja.ee\/toode\/mururull-60-cm-polupropuleen-agri-fab-2\/","og_site_name":"Ranoja","article_publisher":"https:\/\/www.facebook.com\/ranoja.ee","article_modified_time":"2026-03-17T12:33:49+00:00","twitter_card":"summary_large_image","schema":{"@context":"https:\/\/schema.org","@graph":[{"@type":"WebPage","@id":"https:\/\/ranoja.ee\/toode\/mururull-60-cm-polupropuleen-agri-fab-2\/","url":"https:\/\/ranoja.ee\/toode\/mururull-60-cm-polupropuleen-agri-fab-2\/","name":"Mururull 60 cm, pol\u00fcprop\u00fcleen, Agri-Fab - Ranoja","isPartOf":{"@id":"https:\/\/ranoja.ee\/#website"},"datePublished":"2026-03-16T23:39:14+00:00","dateModified":"2026-03-17T12:33:49+00:00","breadcrumb":{"@id":"https:\/\/ranoja.ee\/toode\/mururull-60-cm-polupropuleen-agri-fab-2\/#breadcrumb"},"inLanguage":"en-US","potentialAction":[{"@type":"ReadAction","target":["https:\/\/ranoja.ee\/toode\/mururull-60-cm-polupropuleen-agri-fab-2\/"]}]},{"@type":"BreadcrumbList","@id":"https:\/\/ranoja.ee\/toode\/mururull-60-cm-polupropuleen-agri-fab-2\/#breadcrumb","itemListElement":[{"@type":"ListItem","position":1,"name":"Home","item":"https:\/\/ranoja.ee\/"},{"@type":"ListItem","position":2,"name":"Shop","item":"https:\/\/ranoja.ee\/en\/shop\/"},{"@type":"ListItem","position":3,"name":"Mururull 60 cm, pol\u00fcprop\u00fcleen, Agri-Fab"}]},{"@type":"WebSite","@id":"https:\/\/ranoja.ee\/#website","url":"https:\/\/ranoja.ee\/","name":"Ranoja","description":"Equipment Shop WooCommerce WordPress Theme for Machine &amp; Tools","publisher":{"@id":"https:\/\/ranoja.ee\/#organization"},"potentialAction":[{"@type":"SearchAction","target":{"@type":"EntryPoint","urlTemplate":"https:\/\/ranoja.ee\/?s={search_term_string}"},"query-input":{"@type":"PropertyValueSpecification","valueRequired":true,"valueName":"search_term_string"}}],"inLanguage":"en-US"},{"@type":"Organization","@id":"https:\/\/ranoja.ee\/#organization","name":"Ranoja O\u00dc","url":"https:\/\/ranoja.ee\/","logo":{"@type":"ImageObject","inLanguage":"en-US","@id":"https:\/\/ranoja.ee\/#\/schema\/logo\/image\/","url":"https:\/\/ranoja.ee\/wp-content\/uploads\/2023\/11\/ranoja-Logo.png","contentUrl":"https:\/\/ranoja.ee\/wp-content\/uploads\/2023\/11\/ranoja-Logo.png","width":207,"height":58,"caption":"Ranoja O\u00dc"},"image":{"@id":"https:\/\/ranoja.ee\/#\/schema\/logo\/image\/"},"sameAs":["https:\/\/www.facebook.com\/ranoja.ee","https:\/\/www.instagram.com\/ranoja__\/"]}]}},"_links":{"self":[{"href":"https:\/\/ranoja.ee\/en\/wp-json\/wp\/v2\/product\/62442","targetHints":{"allow":["GET"]}}],"collection":[{"href":"https:\/\/ranoja.ee\/en\/wp-json\/wp\/v2\/product"}],"about":[{"href":"https:\/\/ranoja.ee\/en\/wp-json\/wp\/v2\/types\/product"}],"wp:attachment":[{"href":"https:\/\/ranoja.ee\/en\/wp-json\/wp\/v2\/media?parent=62442"}],"wp:term":[{"taxonomy":"product_cat","embeddable":true,"href":"https:\/\/ranoja.ee\/en\/wp-json\/wp\/v2\/product_cat?post=62442"},{"taxonomy":"product_tag","embeddable":true,"href":"https:\/\/ranoja.ee\/en\/wp-json\/wp\/v2\/product_tag?post=62442"}],"curies":[{"name":"wp","href":"https:\/\/api.w.org\/{rel}","templated":true}]}}