{"id":62428,"date":"2026-03-17T02:39:14","date_gmt":"2026-03-16T23:39:14","guid":{"rendered":"https:\/\/ranoja.ee\/toode\/mootorioli-maxexpert-f-5w30-4l-orlen-oil\/"},"modified":"2026-03-17T15:33:49","modified_gmt":"2026-03-17T12:33:49","slug":"mootorioli-maxexpert-f-5w30-4l-orlen-oil","status":"publish","type":"product","link":"https:\/\/ranoja.ee\/en\/toode\/mootorioli-maxexpert-f-5w30-4l-orlen-oil\/","title":{"rendered":"Mootori\u00f5li MaxExpert F 5W30 4L, Orlen Oil"},"content":{"rendered":"","protected":false},"excerpt":{"rendered":"<p>Kaasaegne s\u00fcnteetiline multiviskoosne mootori\u00f5li, mis on m\u00f5eldud Fordi autodele. Uue p\u00f5lvkonna tehnoloogia Complex Protection Formula v\u00f5imaldas saavutada baas\u00f5lide ideaalse koosk\u00f5la \u00f5igesti valitud manuste paketiga, mida iseloomustab ainulaadne molekulvalem. CPF tagab suurep\u00e4rase mootorikaitse nii suvel kui talvel.  Lisaks v\u00e4hendab CPF klapiajami liigse kulumise ohtu, tagades samal ajal parema kontrolli sadestiste tekke \u00fcle.<br \/>\n\u2022 mootori minimaalne kulumine t\u00e4nu v\u00e4iksematele h\u00f5\u00f5rdetakistuse v\u00e4\u00e4rtustele,<br \/>\n\u2022 t\u00e4ielik mootorikaitse korrosiooni ja roostetamise eest,<br \/>\n\u2022 t\u00f5hus soojuse eemaldamine mootorist,<br \/>\n\u2022 k\u00fctuse kokkuhoid,<br \/>\n\u2022 kiire k\u00e4ivitamine madalatel temperatuuridel,<br \/>\n\u2022 suurep\u00e4rane kaitse \u00f5lij\u00e4\u00e4kide kogunemise eest,<br \/>\n\u2022 pikendatud teenindusperioodid.<br \/>\nSTANDARDID, KINNITUSED. SPETSIFIKATSIOON:<br \/>\nAPI: SL\/CF<br \/>\nACEA: A1\/B1, A5\/B5<br \/>\nFord WSS\u00adM2C913\u00adC<br \/>\nFord WSS\u00adM2C913\u00adD\u037e<br \/>\nRenault RN 0700\u037e<br \/>\nJaguar JTJLR 03.5003<\/p>\n","protected":false},"featured_media":62429,"template":"","meta":{"inline_featured_image":false},"product_cat":[5015,5080,5012],"product_tag":[],"class_list":{"0":"post-62428","1":"product","2":"type-product","3":"status-publish","4":"has-post-thumbnail","6":"product_brand-orlen-oil","7":"product_cat-2t-ja-4t-vaikemootorite-olid","8":"product_cat-2t-ja-4t-vaikemootorite-taissunteetilised-olid","9":"product_cat-olid-ja-maardeained","11":"first","12":"instock","13":"purchasable","14":"product-type-simple"},"yoast_head":"<!-- This site is optimized with the Yoast SEO plugin v27.4 - https:\/\/yoast.com\/product\/yoast-seo-wordpress\/ -->\n<title>Mootori\u00f5li MaxExpert F 5W30 4L, Orlen Oil - Ranoja<\/title>\n<meta name=\"robots\" content=\"index, follow, max-snippet:-1, max-image-preview:large, max-video-preview:-1\" \/>\n<link rel=\"canonical\" href=\"https:\/\/ranoja.ee\/toode\/mootorioli-maxexpert-f-5w30-4l-orlen-oil\/\" \/>\n<meta property=\"og:locale\" content=\"en_US\" \/>\n<meta property=\"og:type\" content=\"article\" \/>\n<meta property=\"og:title\" content=\"Mootori\u00f5li MaxExpert F 5W30 4L, Orlen Oil - Ranoja\" \/>\n<meta property=\"og:description\" content=\"Kaasaegne s\u00fcnteetiline multiviskoosne mootori\u00f5li, mis on m\u00f5eldud Fordi autodele. Uue p\u00f5lvkonna tehnoloogia Complex Protection Formula v\u00f5imaldas saavutada baas\u00f5lide ideaalse koosk\u00f5la \u00f5igesti valitud manuste paketiga, mida iseloomustab ainulaadne molekulvalem. CPF tagab suurep\u00e4rase mootorikaitse nii suvel kui talvel. Lisaks v\u00e4hendab CPF klapiajami liigse kulumise ohtu, tagades samal ajal parema kontrolli sadestiste tekke \u00fcle. \u2022 mootori minimaalne kulumine t\u00e4nu v\u00e4iksematele h\u00f5\u00f5rdetakistuse v\u00e4\u00e4rtustele, \u2022 t\u00e4ielik mootorikaitse korrosiooni ja roostetamise eest, \u2022 t\u00f5hus soojuse eemaldamine mootorist, \u2022 k\u00fctuse kokkuhoid, \u2022 kiire k\u00e4ivitamine madalatel temperatuuridel, \u2022 suurep\u00e4rane kaitse \u00f5lij\u00e4\u00e4kide kogunemise eest, \u2022 pikendatud teenindusperioodid. STANDARDID, KINNITUSED. SPETSIFIKATSIOON: API: SL\/CF ACEA: A1\/B1, A5\/B5 Ford WSS\u00adM2C913\u00adC Ford WSS\u00adM2C913\u00adD\u037e Renault RN 0700\u037e Jaguar JTJLR 03.5003\" \/>\n<meta property=\"og:url\" content=\"https:\/\/ranoja.ee\/toode\/mootorioli-maxexpert-f-5w30-4l-orlen-oil\/\" \/>\n<meta property=\"og:site_name\" content=\"Ranoja\" \/>\n<meta property=\"article:publisher\" content=\"https:\/\/www.facebook.com\/ranoja.ee\" \/>\n<meta property=\"article:modified_time\" content=\"2026-03-17T12:33:49+00:00\" \/>\n<meta property=\"og:image\" content=\"https:\/\/ranoja.ee\/wp-content\/uploads\/2026\/03\/5637746674.jpg\" \/>\n\t<meta property=\"og:image:width\" content=\"352\" \/>\n\t<meta property=\"og:image:height\" content=\"340\" \/>\n\t<meta property=\"og:image:type\" content=\"image\/jpeg\" \/>\n<meta name=\"twitter:card\" content=\"summary_large_image\" \/>\n<script type=\"application\/ld+json\" class=\"yoast-schema-graph\">{\"@context\":\"https:\\\/\\\/schema.org\",\"@graph\":[{\"@type\":\"WebPage\",\"@id\":\"https:\\\/\\\/ranoja.ee\\\/toode\\\/mootorioli-maxexpert-f-5w30-4l-orlen-oil\\\/\",\"url\":\"https:\\\/\\\/ranoja.ee\\\/toode\\\/mootorioli-maxexpert-f-5w30-4l-orlen-oil\\\/\",\"name\":\"Mootori\u00f5li MaxExpert F 5W30 4L, Orlen Oil - Ranoja\",\"isPartOf\":{\"@id\":\"https:\\\/\\\/ranoja.ee\\\/#website\"},\"primaryImageOfPage\":{\"@id\":\"https:\\\/\\\/ranoja.ee\\\/toode\\\/mootorioli-maxexpert-f-5w30-4l-orlen-oil\\\/#primaryimage\"},\"image\":{\"@id\":\"https:\\\/\\\/ranoja.ee\\\/toode\\\/mootorioli-maxexpert-f-5w30-4l-orlen-oil\\\/#primaryimage\"},\"thumbnailUrl\":\"https:\\\/\\\/ranoja.ee\\\/wp-content\\\/uploads\\\/2026\\\/03\\\/5637746674.jpg\",\"datePublished\":\"2026-03-16T23:39:14+00:00\",\"dateModified\":\"2026-03-17T12:33:49+00:00\",\"breadcrumb\":{\"@id\":\"https:\\\/\\\/ranoja.ee\\\/toode\\\/mootorioli-maxexpert-f-5w30-4l-orlen-oil\\\/#breadcrumb\"},\"inLanguage\":\"en-US\",\"potentialAction\":[{\"@type\":\"ReadAction\",\"target\":[\"https:\\\/\\\/ranoja.ee\\\/toode\\\/mootorioli-maxexpert-f-5w30-4l-orlen-oil\\\/\"]}]},{\"@type\":\"ImageObject\",\"inLanguage\":\"en-US\",\"@id\":\"https:\\\/\\\/ranoja.ee\\\/toode\\\/mootorioli-maxexpert-f-5w30-4l-orlen-oil\\\/#primaryimage\",\"url\":\"https:\\\/\\\/ranoja.ee\\\/wp-content\\\/uploads\\\/2026\\\/03\\\/5637746674.jpg\",\"contentUrl\":\"https:\\\/\\\/ranoja.ee\\\/wp-content\\\/uploads\\\/2026\\\/03\\\/5637746674.jpg\",\"width\":352,\"height\":340},{\"@type\":\"BreadcrumbList\",\"@id\":\"https:\\\/\\\/ranoja.ee\\\/toode\\\/mootorioli-maxexpert-f-5w30-4l-orlen-oil\\\/#breadcrumb\",\"itemListElement\":[{\"@type\":\"ListItem\",\"position\":1,\"name\":\"Home\",\"item\":\"https:\\\/\\\/ranoja.ee\\\/\"},{\"@type\":\"ListItem\",\"position\":2,\"name\":\"Shop\",\"item\":\"https:\\\/\\\/ranoja.ee\\\/en\\\/shop\\\/\"},{\"@type\":\"ListItem\",\"position\":3,\"name\":\"Mootori\u00f5li MaxExpert F 5W30 4L, Orlen Oil\"}]},{\"@type\":\"WebSite\",\"@id\":\"https:\\\/\\\/ranoja.ee\\\/#website\",\"url\":\"https:\\\/\\\/ranoja.ee\\\/\",\"name\":\"Ranoja\",\"description\":\"Equipment Shop WooCommerce WordPress Theme for Machine &amp; Tools\",\"publisher\":{\"@id\":\"https:\\\/\\\/ranoja.ee\\\/#organization\"},\"potentialAction\":[{\"@type\":\"SearchAction\",\"target\":{\"@type\":\"EntryPoint\",\"urlTemplate\":\"https:\\\/\\\/ranoja.ee\\\/?s={search_term_string}\"},\"query-input\":{\"@type\":\"PropertyValueSpecification\",\"valueRequired\":true,\"valueName\":\"search_term_string\"}}],\"inLanguage\":\"en-US\"},{\"@type\":\"Organization\",\"@id\":\"https:\\\/\\\/ranoja.ee\\\/#organization\",\"name\":\"Ranoja O\u00dc\",\"url\":\"https:\\\/\\\/ranoja.ee\\\/\",\"logo\":{\"@type\":\"ImageObject\",\"inLanguage\":\"en-US\",\"@id\":\"https:\\\/\\\/ranoja.ee\\\/#\\\/schema\\\/logo\\\/image\\\/\",\"url\":\"https:\\\/\\\/ranoja.ee\\\/wp-content\\\/uploads\\\/2023\\\/11\\\/ranoja-Logo.png\",\"contentUrl\":\"https:\\\/\\\/ranoja.ee\\\/wp-content\\\/uploads\\\/2023\\\/11\\\/ranoja-Logo.png\",\"width\":207,\"height\":58,\"caption\":\"Ranoja O\u00dc\"},\"image\":{\"@id\":\"https:\\\/\\\/ranoja.ee\\\/#\\\/schema\\\/logo\\\/image\\\/\"},\"sameAs\":[\"https:\\\/\\\/www.facebook.com\\\/ranoja.ee\",\"https:\\\/\\\/www.instagram.com\\\/ranoja__\\\/\"]}]}<\/script>\n<!-- \/ Yoast SEO plugin. -->","yoast_head_json":{"title":"Mootori\u00f5li MaxExpert F 5W30 4L, Orlen Oil - Ranoja","robots":{"index":"index","follow":"follow","max-snippet":"max-snippet:-1","max-image-preview":"max-image-preview:large","max-video-preview":"max-video-preview:-1"},"canonical":"https:\/\/ranoja.ee\/toode\/mootorioli-maxexpert-f-5w30-4l-orlen-oil\/","og_locale":"en_US","og_type":"article","og_title":"Mootori\u00f5li MaxExpert F 5W30 4L, Orlen Oil - Ranoja","og_description":"Kaasaegne s\u00fcnteetiline multiviskoosne mootori\u00f5li, mis on m\u00f5eldud Fordi autodele. Uue p\u00f5lvkonna tehnoloogia Complex Protection Formula v\u00f5imaldas saavutada baas\u00f5lide ideaalse koosk\u00f5la \u00f5igesti valitud manuste paketiga, mida iseloomustab ainulaadne molekulvalem. CPF tagab suurep\u00e4rase mootorikaitse nii suvel kui talvel. Lisaks v\u00e4hendab CPF klapiajami liigse kulumise ohtu, tagades samal ajal parema kontrolli sadestiste tekke \u00fcle. \u2022 mootori minimaalne kulumine t\u00e4nu v\u00e4iksematele h\u00f5\u00f5rdetakistuse v\u00e4\u00e4rtustele, \u2022 t\u00e4ielik mootorikaitse korrosiooni ja roostetamise eest, \u2022 t\u00f5hus soojuse eemaldamine mootorist, \u2022 k\u00fctuse kokkuhoid, \u2022 kiire k\u00e4ivitamine madalatel temperatuuridel, \u2022 suurep\u00e4rane kaitse \u00f5lij\u00e4\u00e4kide kogunemise eest, \u2022 pikendatud teenindusperioodid. STANDARDID, KINNITUSED. SPETSIFIKATSIOON: API: SL\/CF ACEA: A1\/B1, A5\/B5 Ford WSS\u00adM2C913\u00adC Ford WSS\u00adM2C913\u00adD\u037e Renault RN 0700\u037e Jaguar JTJLR 03.5003","og_url":"https:\/\/ranoja.ee\/toode\/mootorioli-maxexpert-f-5w30-4l-orlen-oil\/","og_site_name":"Ranoja","article_publisher":"https:\/\/www.facebook.com\/ranoja.ee","article_modified_time":"2026-03-17T12:33:49+00:00","og_image":[{"width":352,"height":340,"url":"https:\/\/ranoja.ee\/wp-content\/uploads\/2026\/03\/5637746674.jpg","type":"image\/jpeg"}],"twitter_card":"summary_large_image","schema":{"@context":"https:\/\/schema.org","@graph":[{"@type":"WebPage","@id":"https:\/\/ranoja.ee\/toode\/mootorioli-maxexpert-f-5w30-4l-orlen-oil\/","url":"https:\/\/ranoja.ee\/toode\/mootorioli-maxexpert-f-5w30-4l-orlen-oil\/","name":"Mootori\u00f5li MaxExpert F 5W30 4L, Orlen Oil - Ranoja","isPartOf":{"@id":"https:\/\/ranoja.ee\/#website"},"primaryImageOfPage":{"@id":"https:\/\/ranoja.ee\/toode\/mootorioli-maxexpert-f-5w30-4l-orlen-oil\/#primaryimage"},"image":{"@id":"https:\/\/ranoja.ee\/toode\/mootorioli-maxexpert-f-5w30-4l-orlen-oil\/#primaryimage"},"thumbnailUrl":"https:\/\/ranoja.ee\/wp-content\/uploads\/2026\/03\/5637746674.jpg","datePublished":"2026-03-16T23:39:14+00:00","dateModified":"2026-03-17T12:33:49+00:00","breadcrumb":{"@id":"https:\/\/ranoja.ee\/toode\/mootorioli-maxexpert-f-5w30-4l-orlen-oil\/#breadcrumb"},"inLanguage":"en-US","potentialAction":[{"@type":"ReadAction","target":["https:\/\/ranoja.ee\/toode\/mootorioli-maxexpert-f-5w30-4l-orlen-oil\/"]}]},{"@type":"ImageObject","inLanguage":"en-US","@id":"https:\/\/ranoja.ee\/toode\/mootorioli-maxexpert-f-5w30-4l-orlen-oil\/#primaryimage","url":"https:\/\/ranoja.ee\/wp-content\/uploads\/2026\/03\/5637746674.jpg","contentUrl":"https:\/\/ranoja.ee\/wp-content\/uploads\/2026\/03\/5637746674.jpg","width":352,"height":340},{"@type":"BreadcrumbList","@id":"https:\/\/ranoja.ee\/toode\/mootorioli-maxexpert-f-5w30-4l-orlen-oil\/#breadcrumb","itemListElement":[{"@type":"ListItem","position":1,"name":"Home","item":"https:\/\/ranoja.ee\/"},{"@type":"ListItem","position":2,"name":"Shop","item":"https:\/\/ranoja.ee\/en\/shop\/"},{"@type":"ListItem","position":3,"name":"Mootori\u00f5li MaxExpert F 5W30 4L, Orlen Oil"}]},{"@type":"WebSite","@id":"https:\/\/ranoja.ee\/#website","url":"https:\/\/ranoja.ee\/","name":"Ranoja","description":"Equipment Shop WooCommerce WordPress Theme for Machine &amp; Tools","publisher":{"@id":"https:\/\/ranoja.ee\/#organization"},"potentialAction":[{"@type":"SearchAction","target":{"@type":"EntryPoint","urlTemplate":"https:\/\/ranoja.ee\/?s={search_term_string}"},"query-input":{"@type":"PropertyValueSpecification","valueRequired":true,"valueName":"search_term_string"}}],"inLanguage":"en-US"},{"@type":"Organization","@id":"https:\/\/ranoja.ee\/#organization","name":"Ranoja O\u00dc","url":"https:\/\/ranoja.ee\/","logo":{"@type":"ImageObject","inLanguage":"en-US","@id":"https:\/\/ranoja.ee\/#\/schema\/logo\/image\/","url":"https:\/\/ranoja.ee\/wp-content\/uploads\/2023\/11\/ranoja-Logo.png","contentUrl":"https:\/\/ranoja.ee\/wp-content\/uploads\/2023\/11\/ranoja-Logo.png","width":207,"height":58,"caption":"Ranoja O\u00dc"},"image":{"@id":"https:\/\/ranoja.ee\/#\/schema\/logo\/image\/"},"sameAs":["https:\/\/www.facebook.com\/ranoja.ee","https:\/\/www.instagram.com\/ranoja__\/"]}]}},"_links":{"self":[{"href":"https:\/\/ranoja.ee\/en\/wp-json\/wp\/v2\/product\/62428","targetHints":{"allow":["GET"]}}],"collection":[{"href":"https:\/\/ranoja.ee\/en\/wp-json\/wp\/v2\/product"}],"about":[{"href":"https:\/\/ranoja.ee\/en\/wp-json\/wp\/v2\/types\/product"}],"wp:featuredmedia":[{"embeddable":true,"href":"https:\/\/ranoja.ee\/en\/wp-json\/wp\/v2\/media\/62429"}],"wp:attachment":[{"href":"https:\/\/ranoja.ee\/en\/wp-json\/wp\/v2\/media?parent=62428"}],"wp:term":[{"taxonomy":"product_cat","embeddable":true,"href":"https:\/\/ranoja.ee\/en\/wp-json\/wp\/v2\/product_cat?post=62428"},{"taxonomy":"product_tag","embeddable":true,"href":"https:\/\/ranoja.ee\/en\/wp-json\/wp\/v2\/product_tag?post=62428"}],"curies":[{"name":"wp","href":"https:\/\/api.w.org\/{rel}","templated":true}]}}