{"id":62424,"date":"2026-03-17T02:39:14","date_gmt":"2026-03-16T23:39:14","guid":{"rendered":"https:\/\/ranoja.ee\/toode\/plaastri-taitepakend-plaastriautomaati-x-ray-sinine-pakk-cederroth\/"},"modified":"2026-03-17T15:33:49","modified_gmt":"2026-03-17T12:33:49","slug":"plaastri-taitepakend-plaastriautomaati-x-ray-sinine-pakk-cederroth","status":"publish","type":"product","link":"https:\/\/ranoja.ee\/en\/toode\/plaastri-taitepakend-plaastriautomaati-x-ray-sinine-pakk-cederroth\/","title":{"rendered":"Plaastri t\u00e4itepakend plaastriautomaati, x-ray sinine, pakk, Cederroth"},"content":{"rendered":"","protected":false},"excerpt":{"rendered":"<p>Salvequick sinised, r\u00f6ntgeni ja metallidetektoriga avastatavad plaastrid on v\u00e4lja t\u00f6\u00f6tatud spetsiaalselt toiduainetet\u00f6\u00f6stuse jaoks. Enamus toiduainetet\u00f6\u00f6stuses kasutatavaid metallidetektoreid suudavad selle plaastri leida, sinine v\u00e4rv teeb plaastri ka kergesti m\u00e4rgatavaks. Plaastrid on k\u00f5rge kvaliteediga, antiallergilised ja mugavad kasutada.<\/p>\n<p>Pakis on 6 t\u00e4itepakendit ja igas t\u00e4itepakendis on 30 plaastri ( 18 plaastrit m\u00f5\u00f5tudega 72 x 19 ) mm ja 12 plaastrit m\u00f5\u00f5tudega 72 x 25 mm). <\/p>\n","protected":false},"featured_media":62425,"template":"","meta":{"inline_featured_image":false},"product_cat":[5071,5022],"product_tag":[],"class_list":{"0":"post-62424","1":"product","2":"type-product","3":"status-publish","4":"has-post-thumbnail","6":"product_brand-cederroth","7":"product_cat-esmaabivahendid","8":"product_cat-isikukaitsevahendid","10":"first","11":"instock","12":"purchasable","13":"product-type-simple"},"yoast_head":"<!-- This site is optimized with the Yoast SEO plugin v27.4 - https:\/\/yoast.com\/product\/yoast-seo-wordpress\/ -->\n<title>Plaastri t\u00e4itepakend plaastriautomaati, x-ray sinine, pakk, Cederroth - Ranoja<\/title>\n<meta name=\"robots\" content=\"index, follow, max-snippet:-1, max-image-preview:large, max-video-preview:-1\" \/>\n<link rel=\"canonical\" href=\"https:\/\/ranoja.ee\/toode\/plaastri-taitepakend-plaastriautomaati-x-ray-sinine-pakk-cederroth\/\" \/>\n<meta property=\"og:locale\" content=\"en_US\" \/>\n<meta property=\"og:type\" content=\"article\" \/>\n<meta property=\"og:title\" content=\"Plaastri t\u00e4itepakend plaastriautomaati, x-ray sinine, pakk, Cederroth - Ranoja\" \/>\n<meta property=\"og:description\" content=\"Salvequick sinised, r\u00f6ntgeni ja metallidetektoriga avastatavad plaastrid on v\u00e4lja t\u00f6\u00f6tatud spetsiaalselt toiduainetet\u00f6\u00f6stuse jaoks. Enamus toiduainetet\u00f6\u00f6stuses kasutatavaid metallidetektoreid suudavad selle plaastri leida, sinine v\u00e4rv teeb plaastri ka kergesti m\u00e4rgatavaks. Plaastrid on k\u00f5rge kvaliteediga, antiallergilised ja mugavad kasutada. Pakis on 6 t\u00e4itepakendit ja igas t\u00e4itepakendis on 30 plaastri ( 18 plaastrit m\u00f5\u00f5tudega 72 x 19 ) mm ja 12 plaastrit m\u00f5\u00f5tudega 72 x 25 mm).\" \/>\n<meta property=\"og:url\" content=\"https:\/\/ranoja.ee\/toode\/plaastri-taitepakend-plaastriautomaati-x-ray-sinine-pakk-cederroth\/\" \/>\n<meta property=\"og:site_name\" content=\"Ranoja\" \/>\n<meta property=\"article:publisher\" content=\"https:\/\/www.facebook.com\/ranoja.ee\" \/>\n<meta property=\"article:modified_time\" content=\"2026-03-17T12:33:49+00:00\" \/>\n<meta property=\"og:image\" content=\"https:\/\/ranoja.ee\/wp-content\/uploads\/2026\/03\/5637758067.jpg\" \/>\n\t<meta property=\"og:image:width\" content=\"900\" \/>\n\t<meta property=\"og:image:height\" content=\"638\" \/>\n\t<meta property=\"og:image:type\" content=\"image\/jpeg\" \/>\n<meta name=\"twitter:card\" content=\"summary_large_image\" \/>\n<script type=\"application\/ld+json\" class=\"yoast-schema-graph\">{\"@context\":\"https:\\\/\\\/schema.org\",\"@graph\":[{\"@type\":\"WebPage\",\"@id\":\"https:\\\/\\\/ranoja.ee\\\/toode\\\/plaastri-taitepakend-plaastriautomaati-x-ray-sinine-pakk-cederroth\\\/\",\"url\":\"https:\\\/\\\/ranoja.ee\\\/toode\\\/plaastri-taitepakend-plaastriautomaati-x-ray-sinine-pakk-cederroth\\\/\",\"name\":\"Plaastri t\u00e4itepakend plaastriautomaati, x-ray sinine, pakk, Cederroth - Ranoja\",\"isPartOf\":{\"@id\":\"https:\\\/\\\/ranoja.ee\\\/#website\"},\"primaryImageOfPage\":{\"@id\":\"https:\\\/\\\/ranoja.ee\\\/toode\\\/plaastri-taitepakend-plaastriautomaati-x-ray-sinine-pakk-cederroth\\\/#primaryimage\"},\"image\":{\"@id\":\"https:\\\/\\\/ranoja.ee\\\/toode\\\/plaastri-taitepakend-plaastriautomaati-x-ray-sinine-pakk-cederroth\\\/#primaryimage\"},\"thumbnailUrl\":\"https:\\\/\\\/ranoja.ee\\\/wp-content\\\/uploads\\\/2026\\\/03\\\/5637758067.jpg\",\"datePublished\":\"2026-03-16T23:39:14+00:00\",\"dateModified\":\"2026-03-17T12:33:49+00:00\",\"breadcrumb\":{\"@id\":\"https:\\\/\\\/ranoja.ee\\\/toode\\\/plaastri-taitepakend-plaastriautomaati-x-ray-sinine-pakk-cederroth\\\/#breadcrumb\"},\"inLanguage\":\"en-US\",\"potentialAction\":[{\"@type\":\"ReadAction\",\"target\":[\"https:\\\/\\\/ranoja.ee\\\/toode\\\/plaastri-taitepakend-plaastriautomaati-x-ray-sinine-pakk-cederroth\\\/\"]}]},{\"@type\":\"ImageObject\",\"inLanguage\":\"en-US\",\"@id\":\"https:\\\/\\\/ranoja.ee\\\/toode\\\/plaastri-taitepakend-plaastriautomaati-x-ray-sinine-pakk-cederroth\\\/#primaryimage\",\"url\":\"https:\\\/\\\/ranoja.ee\\\/wp-content\\\/uploads\\\/2026\\\/03\\\/5637758067.jpg\",\"contentUrl\":\"https:\\\/\\\/ranoja.ee\\\/wp-content\\\/uploads\\\/2026\\\/03\\\/5637758067.jpg\",\"width\":900,\"height\":638},{\"@type\":\"BreadcrumbList\",\"@id\":\"https:\\\/\\\/ranoja.ee\\\/toode\\\/plaastri-taitepakend-plaastriautomaati-x-ray-sinine-pakk-cederroth\\\/#breadcrumb\",\"itemListElement\":[{\"@type\":\"ListItem\",\"position\":1,\"name\":\"Home\",\"item\":\"https:\\\/\\\/ranoja.ee\\\/\"},{\"@type\":\"ListItem\",\"position\":2,\"name\":\"Shop\",\"item\":\"https:\\\/\\\/ranoja.ee\\\/en\\\/shop\\\/\"},{\"@type\":\"ListItem\",\"position\":3,\"name\":\"Plaastri t\u00e4itepakend plaastriautomaati, x-ray sinine, pakk, Cederroth\"}]},{\"@type\":\"WebSite\",\"@id\":\"https:\\\/\\\/ranoja.ee\\\/#website\",\"url\":\"https:\\\/\\\/ranoja.ee\\\/\",\"name\":\"Ranoja\",\"description\":\"Equipment Shop WooCommerce WordPress Theme for Machine &amp; Tools\",\"publisher\":{\"@id\":\"https:\\\/\\\/ranoja.ee\\\/#organization\"},\"potentialAction\":[{\"@type\":\"SearchAction\",\"target\":{\"@type\":\"EntryPoint\",\"urlTemplate\":\"https:\\\/\\\/ranoja.ee\\\/?s={search_term_string}\"},\"query-input\":{\"@type\":\"PropertyValueSpecification\",\"valueRequired\":true,\"valueName\":\"search_term_string\"}}],\"inLanguage\":\"en-US\"},{\"@type\":\"Organization\",\"@id\":\"https:\\\/\\\/ranoja.ee\\\/#organization\",\"name\":\"Ranoja O\u00dc\",\"url\":\"https:\\\/\\\/ranoja.ee\\\/\",\"logo\":{\"@type\":\"ImageObject\",\"inLanguage\":\"en-US\",\"@id\":\"https:\\\/\\\/ranoja.ee\\\/#\\\/schema\\\/logo\\\/image\\\/\",\"url\":\"https:\\\/\\\/ranoja.ee\\\/wp-content\\\/uploads\\\/2023\\\/11\\\/ranoja-Logo.png\",\"contentUrl\":\"https:\\\/\\\/ranoja.ee\\\/wp-content\\\/uploads\\\/2023\\\/11\\\/ranoja-Logo.png\",\"width\":207,\"height\":58,\"caption\":\"Ranoja O\u00dc\"},\"image\":{\"@id\":\"https:\\\/\\\/ranoja.ee\\\/#\\\/schema\\\/logo\\\/image\\\/\"},\"sameAs\":[\"https:\\\/\\\/www.facebook.com\\\/ranoja.ee\",\"https:\\\/\\\/www.instagram.com\\\/ranoja__\\\/\"]}]}<\/script>\n<!-- \/ Yoast SEO plugin. -->","yoast_head_json":{"title":"Plaastri t\u00e4itepakend plaastriautomaati, x-ray sinine, pakk, Cederroth - Ranoja","robots":{"index":"index","follow":"follow","max-snippet":"max-snippet:-1","max-image-preview":"max-image-preview:large","max-video-preview":"max-video-preview:-1"},"canonical":"https:\/\/ranoja.ee\/toode\/plaastri-taitepakend-plaastriautomaati-x-ray-sinine-pakk-cederroth\/","og_locale":"en_US","og_type":"article","og_title":"Plaastri t\u00e4itepakend plaastriautomaati, x-ray sinine, pakk, Cederroth - Ranoja","og_description":"Salvequick sinised, r\u00f6ntgeni ja metallidetektoriga avastatavad plaastrid on v\u00e4lja t\u00f6\u00f6tatud spetsiaalselt toiduainetet\u00f6\u00f6stuse jaoks. Enamus toiduainetet\u00f6\u00f6stuses kasutatavaid metallidetektoreid suudavad selle plaastri leida, sinine v\u00e4rv teeb plaastri ka kergesti m\u00e4rgatavaks. Plaastrid on k\u00f5rge kvaliteediga, antiallergilised ja mugavad kasutada. Pakis on 6 t\u00e4itepakendit ja igas t\u00e4itepakendis on 30 plaastri ( 18 plaastrit m\u00f5\u00f5tudega 72 x 19 ) mm ja 12 plaastrit m\u00f5\u00f5tudega 72 x 25 mm).","og_url":"https:\/\/ranoja.ee\/toode\/plaastri-taitepakend-plaastriautomaati-x-ray-sinine-pakk-cederroth\/","og_site_name":"Ranoja","article_publisher":"https:\/\/www.facebook.com\/ranoja.ee","article_modified_time":"2026-03-17T12:33:49+00:00","og_image":[{"width":900,"height":638,"url":"https:\/\/ranoja.ee\/wp-content\/uploads\/2026\/03\/5637758067.jpg","type":"image\/jpeg"}],"twitter_card":"summary_large_image","schema":{"@context":"https:\/\/schema.org","@graph":[{"@type":"WebPage","@id":"https:\/\/ranoja.ee\/toode\/plaastri-taitepakend-plaastriautomaati-x-ray-sinine-pakk-cederroth\/","url":"https:\/\/ranoja.ee\/toode\/plaastri-taitepakend-plaastriautomaati-x-ray-sinine-pakk-cederroth\/","name":"Plaastri t\u00e4itepakend plaastriautomaati, x-ray sinine, pakk, Cederroth - Ranoja","isPartOf":{"@id":"https:\/\/ranoja.ee\/#website"},"primaryImageOfPage":{"@id":"https:\/\/ranoja.ee\/toode\/plaastri-taitepakend-plaastriautomaati-x-ray-sinine-pakk-cederroth\/#primaryimage"},"image":{"@id":"https:\/\/ranoja.ee\/toode\/plaastri-taitepakend-plaastriautomaati-x-ray-sinine-pakk-cederroth\/#primaryimage"},"thumbnailUrl":"https:\/\/ranoja.ee\/wp-content\/uploads\/2026\/03\/5637758067.jpg","datePublished":"2026-03-16T23:39:14+00:00","dateModified":"2026-03-17T12:33:49+00:00","breadcrumb":{"@id":"https:\/\/ranoja.ee\/toode\/plaastri-taitepakend-plaastriautomaati-x-ray-sinine-pakk-cederroth\/#breadcrumb"},"inLanguage":"en-US","potentialAction":[{"@type":"ReadAction","target":["https:\/\/ranoja.ee\/toode\/plaastri-taitepakend-plaastriautomaati-x-ray-sinine-pakk-cederroth\/"]}]},{"@type":"ImageObject","inLanguage":"en-US","@id":"https:\/\/ranoja.ee\/toode\/plaastri-taitepakend-plaastriautomaati-x-ray-sinine-pakk-cederroth\/#primaryimage","url":"https:\/\/ranoja.ee\/wp-content\/uploads\/2026\/03\/5637758067.jpg","contentUrl":"https:\/\/ranoja.ee\/wp-content\/uploads\/2026\/03\/5637758067.jpg","width":900,"height":638},{"@type":"BreadcrumbList","@id":"https:\/\/ranoja.ee\/toode\/plaastri-taitepakend-plaastriautomaati-x-ray-sinine-pakk-cederroth\/#breadcrumb","itemListElement":[{"@type":"ListItem","position":1,"name":"Home","item":"https:\/\/ranoja.ee\/"},{"@type":"ListItem","position":2,"name":"Shop","item":"https:\/\/ranoja.ee\/en\/shop\/"},{"@type":"ListItem","position":3,"name":"Plaastri t\u00e4itepakend plaastriautomaati, x-ray sinine, pakk, Cederroth"}]},{"@type":"WebSite","@id":"https:\/\/ranoja.ee\/#website","url":"https:\/\/ranoja.ee\/","name":"Ranoja","description":"Equipment Shop WooCommerce WordPress Theme for Machine &amp; Tools","publisher":{"@id":"https:\/\/ranoja.ee\/#organization"},"potentialAction":[{"@type":"SearchAction","target":{"@type":"EntryPoint","urlTemplate":"https:\/\/ranoja.ee\/?s={search_term_string}"},"query-input":{"@type":"PropertyValueSpecification","valueRequired":true,"valueName":"search_term_string"}}],"inLanguage":"en-US"},{"@type":"Organization","@id":"https:\/\/ranoja.ee\/#organization","name":"Ranoja O\u00dc","url":"https:\/\/ranoja.ee\/","logo":{"@type":"ImageObject","inLanguage":"en-US","@id":"https:\/\/ranoja.ee\/#\/schema\/logo\/image\/","url":"https:\/\/ranoja.ee\/wp-content\/uploads\/2023\/11\/ranoja-Logo.png","contentUrl":"https:\/\/ranoja.ee\/wp-content\/uploads\/2023\/11\/ranoja-Logo.png","width":207,"height":58,"caption":"Ranoja O\u00dc"},"image":{"@id":"https:\/\/ranoja.ee\/#\/schema\/logo\/image\/"},"sameAs":["https:\/\/www.facebook.com\/ranoja.ee","https:\/\/www.instagram.com\/ranoja__\/"]}]}},"_links":{"self":[{"href":"https:\/\/ranoja.ee\/en\/wp-json\/wp\/v2\/product\/62424","targetHints":{"allow":["GET"]}}],"collection":[{"href":"https:\/\/ranoja.ee\/en\/wp-json\/wp\/v2\/product"}],"about":[{"href":"https:\/\/ranoja.ee\/en\/wp-json\/wp\/v2\/types\/product"}],"wp:featuredmedia":[{"embeddable":true,"href":"https:\/\/ranoja.ee\/en\/wp-json\/wp\/v2\/media\/62425"}],"wp:attachment":[{"href":"https:\/\/ranoja.ee\/en\/wp-json\/wp\/v2\/media?parent=62424"}],"wp:term":[{"taxonomy":"product_cat","embeddable":true,"href":"https:\/\/ranoja.ee\/en\/wp-json\/wp\/v2\/product_cat?post=62424"},{"taxonomy":"product_tag","embeddable":true,"href":"https:\/\/ranoja.ee\/en\/wp-json\/wp\/v2\/product_tag?post=62424"}],"curies":[{"name":"wp","href":"https:\/\/api.w.org\/{rel}","templated":true}]}}