{"id":62422,"date":"2026-03-17T02:39:14","date_gmt":"2026-03-16T23:39:14","guid":{"rendered":"https:\/\/ranoja.ee\/toode\/saeketioli-pilarol-eko-205l-orlen-oil\/"},"modified":"2026-03-17T15:33:49","modified_gmt":"2026-03-17T12:33:49","slug":"saeketioli-pilarol-eko-205l-orlen-oil","status":"publish","type":"product","link":"https:\/\/ranoja.ee\/en\/toode\/saeketioli-pilarol-eko-205l-orlen-oil\/","title":{"rendered":"Saeketi\u00f5li Pilarol EKO 205L, Orlen Oil"},"content":{"rendered":"","protected":false},"excerpt":{"rendered":"<p>Pilarol Eko on t\u00e4iuslike t\u00f6\u00f6omadustega \u00f6koloogiline \u00f5li, mis on m\u00f5eldud kettsaagide m\u00e4\u00e4rimiseks. Selle valmistamisel on kasutatud rafineeritud taime\u00f5li ja see sisaldab spetsiaalset rikastavate lisandite kombinatsiooni. Taime\u00f5li kasutamine baas\u00f5lina v\u00f5imaldab PilarolEko kvalifitseerida v\u00e4ga headeks biolagunevateks \u00f5lideks \u2013 OECD 301 F testis see saadi 81,6 % biolagunduvusest N\u00f5uetekohaselt valitud rikastavate lisandite kombinatsioon tagab soodsad t\u00f6\u00f6omadused, nt v\u00e4ga hea haardumine seadme liikuvate osadega (sae l\u00f5ikeelemendid), t\u00e4iuslikud m\u00e4\u00e4rimistingimused isegi madalatel temperatuuridel (kaitseb kiiret l\u00f5ikeserva n\u00fcristamist), hea termiline karakteristika, mis v\u00f5imaldab seda rakendada laias temperatuurivahemikus, korrosioonivastased ja h\u00f5\u00f5rdumisvastased kulumisv\u00f5imed.<br \/>\nPilarol on aastarinseks kasutamiseks, keskkonnas\u00f5bralik ja kvaliteetne \u00f5li, mis on ette n\u00e4htud metsanduses, aianduses jne kasutatavate l\u00f5ikes\u00fcsteemide (keti) ja mehaaniliste saejuhikute m\u00e4\u00e4rimiseks.  Seda v\u00f5ib kasutada ka muude puude langetamisel kasutatavate masinate m\u00e4\u00e4rimiseks.<\/p>\n","protected":false},"featured_media":62423,"template":"","meta":{"inline_featured_image":false},"product_cat":[5016,5015,5012],"product_tag":[],"class_list":{"0":"post-62422","1":"product","2":"type-product","3":"status-publish","4":"has-post-thumbnail","6":"product_brand-orlen-oil","7":"product_cat-2t-ja-4t-vaikemootorite-mineraalsed-olid","8":"product_cat-2t-ja-4t-vaikemootorite-olid","9":"product_cat-olid-ja-maardeained","11":"first","12":"instock","13":"purchasable","14":"product-type-simple"},"yoast_head":"<!-- This site is optimized with the Yoast SEO plugin v27.4 - https:\/\/yoast.com\/product\/yoast-seo-wordpress\/ -->\n<title>Saeketi\u00f5li Pilarol EKO 205L, Orlen Oil - Ranoja<\/title>\n<meta name=\"robots\" content=\"index, follow, max-snippet:-1, max-image-preview:large, max-video-preview:-1\" \/>\n<link rel=\"canonical\" href=\"https:\/\/ranoja.ee\/toode\/saeketioli-pilarol-eko-205l-orlen-oil\/\" \/>\n<meta property=\"og:locale\" content=\"en_US\" \/>\n<meta property=\"og:type\" content=\"article\" \/>\n<meta property=\"og:title\" content=\"Saeketi\u00f5li Pilarol EKO 205L, Orlen Oil - Ranoja\" \/>\n<meta property=\"og:description\" content=\"Pilarol Eko on t\u00e4iuslike t\u00f6\u00f6omadustega \u00f6koloogiline \u00f5li, mis on m\u00f5eldud kettsaagide m\u00e4\u00e4rimiseks. Selle valmistamisel on kasutatud rafineeritud taime\u00f5li ja see sisaldab spetsiaalset rikastavate lisandite kombinatsiooni. Taime\u00f5li kasutamine baas\u00f5lina v\u00f5imaldab PilarolEko kvalifitseerida v\u00e4ga headeks biolagunevateks \u00f5lideks \u2013 OECD 301 F testis see saadi 81,6 % biolagunduvusest N\u00f5uetekohaselt valitud rikastavate lisandite kombinatsioon tagab soodsad t\u00f6\u00f6omadused, nt v\u00e4ga hea haardumine seadme liikuvate osadega (sae l\u00f5ikeelemendid), t\u00e4iuslikud m\u00e4\u00e4rimistingimused isegi madalatel temperatuuridel (kaitseb kiiret l\u00f5ikeserva n\u00fcristamist), hea termiline karakteristika, mis v\u00f5imaldab seda rakendada laias temperatuurivahemikus, korrosioonivastased ja h\u00f5\u00f5rdumisvastased kulumisv\u00f5imed. Pilarol on aastarinseks kasutamiseks, keskkonnas\u00f5bralik ja kvaliteetne \u00f5li, mis on ette n\u00e4htud metsanduses, aianduses jne kasutatavate l\u00f5ikes\u00fcsteemide (keti) ja mehaaniliste saejuhikute m\u00e4\u00e4rimiseks. Seda v\u00f5ib kasutada ka muude puude langetamisel kasutatavate masinate m\u00e4\u00e4rimiseks.\" \/>\n<meta property=\"og:url\" content=\"https:\/\/ranoja.ee\/toode\/saeketioli-pilarol-eko-205l-orlen-oil\/\" \/>\n<meta property=\"og:site_name\" content=\"Ranoja\" \/>\n<meta property=\"article:publisher\" content=\"https:\/\/www.facebook.com\/ranoja.ee\" \/>\n<meta property=\"article:modified_time\" content=\"2026-03-17T12:33:49+00:00\" \/>\n<meta property=\"og:image\" content=\"https:\/\/ranoja.ee\/wp-content\/uploads\/2026\/03\/5637748122.jpg\" \/>\n\t<meta property=\"og:image:width\" content=\"474\" \/>\n\t<meta property=\"og:image:height\" content=\"713\" \/>\n\t<meta property=\"og:image:type\" content=\"image\/jpeg\" \/>\n<meta name=\"twitter:card\" content=\"summary_large_image\" \/>\n<script type=\"application\/ld+json\" class=\"yoast-schema-graph\">{\"@context\":\"https:\\\/\\\/schema.org\",\"@graph\":[{\"@type\":\"WebPage\",\"@id\":\"https:\\\/\\\/ranoja.ee\\\/toode\\\/saeketioli-pilarol-eko-205l-orlen-oil\\\/\",\"url\":\"https:\\\/\\\/ranoja.ee\\\/toode\\\/saeketioli-pilarol-eko-205l-orlen-oil\\\/\",\"name\":\"Saeketi\u00f5li Pilarol EKO 205L, Orlen Oil - Ranoja\",\"isPartOf\":{\"@id\":\"https:\\\/\\\/ranoja.ee\\\/#website\"},\"primaryImageOfPage\":{\"@id\":\"https:\\\/\\\/ranoja.ee\\\/toode\\\/saeketioli-pilarol-eko-205l-orlen-oil\\\/#primaryimage\"},\"image\":{\"@id\":\"https:\\\/\\\/ranoja.ee\\\/toode\\\/saeketioli-pilarol-eko-205l-orlen-oil\\\/#primaryimage\"},\"thumbnailUrl\":\"https:\\\/\\\/ranoja.ee\\\/wp-content\\\/uploads\\\/2026\\\/03\\\/5637748122.jpg\",\"datePublished\":\"2026-03-16T23:39:14+00:00\",\"dateModified\":\"2026-03-17T12:33:49+00:00\",\"breadcrumb\":{\"@id\":\"https:\\\/\\\/ranoja.ee\\\/toode\\\/saeketioli-pilarol-eko-205l-orlen-oil\\\/#breadcrumb\"},\"inLanguage\":\"en-US\",\"potentialAction\":[{\"@type\":\"ReadAction\",\"target\":[\"https:\\\/\\\/ranoja.ee\\\/toode\\\/saeketioli-pilarol-eko-205l-orlen-oil\\\/\"]}]},{\"@type\":\"ImageObject\",\"inLanguage\":\"en-US\",\"@id\":\"https:\\\/\\\/ranoja.ee\\\/toode\\\/saeketioli-pilarol-eko-205l-orlen-oil\\\/#primaryimage\",\"url\":\"https:\\\/\\\/ranoja.ee\\\/wp-content\\\/uploads\\\/2026\\\/03\\\/5637748122.jpg\",\"contentUrl\":\"https:\\\/\\\/ranoja.ee\\\/wp-content\\\/uploads\\\/2026\\\/03\\\/5637748122.jpg\",\"width\":474,\"height\":713},{\"@type\":\"BreadcrumbList\",\"@id\":\"https:\\\/\\\/ranoja.ee\\\/toode\\\/saeketioli-pilarol-eko-205l-orlen-oil\\\/#breadcrumb\",\"itemListElement\":[{\"@type\":\"ListItem\",\"position\":1,\"name\":\"Home\",\"item\":\"https:\\\/\\\/ranoja.ee\\\/\"},{\"@type\":\"ListItem\",\"position\":2,\"name\":\"Shop\",\"item\":\"https:\\\/\\\/ranoja.ee\\\/en\\\/shop\\\/\"},{\"@type\":\"ListItem\",\"position\":3,\"name\":\"Saeketi\u00f5li Pilarol EKO 205L, Orlen Oil\"}]},{\"@type\":\"WebSite\",\"@id\":\"https:\\\/\\\/ranoja.ee\\\/#website\",\"url\":\"https:\\\/\\\/ranoja.ee\\\/\",\"name\":\"Ranoja\",\"description\":\"Equipment Shop WooCommerce WordPress Theme for Machine &amp; Tools\",\"publisher\":{\"@id\":\"https:\\\/\\\/ranoja.ee\\\/#organization\"},\"potentialAction\":[{\"@type\":\"SearchAction\",\"target\":{\"@type\":\"EntryPoint\",\"urlTemplate\":\"https:\\\/\\\/ranoja.ee\\\/?s={search_term_string}\"},\"query-input\":{\"@type\":\"PropertyValueSpecification\",\"valueRequired\":true,\"valueName\":\"search_term_string\"}}],\"inLanguage\":\"en-US\"},{\"@type\":\"Organization\",\"@id\":\"https:\\\/\\\/ranoja.ee\\\/#organization\",\"name\":\"Ranoja O\u00dc\",\"url\":\"https:\\\/\\\/ranoja.ee\\\/\",\"logo\":{\"@type\":\"ImageObject\",\"inLanguage\":\"en-US\",\"@id\":\"https:\\\/\\\/ranoja.ee\\\/#\\\/schema\\\/logo\\\/image\\\/\",\"url\":\"https:\\\/\\\/ranoja.ee\\\/wp-content\\\/uploads\\\/2023\\\/11\\\/ranoja-Logo.png\",\"contentUrl\":\"https:\\\/\\\/ranoja.ee\\\/wp-content\\\/uploads\\\/2023\\\/11\\\/ranoja-Logo.png\",\"width\":207,\"height\":58,\"caption\":\"Ranoja O\u00dc\"},\"image\":{\"@id\":\"https:\\\/\\\/ranoja.ee\\\/#\\\/schema\\\/logo\\\/image\\\/\"},\"sameAs\":[\"https:\\\/\\\/www.facebook.com\\\/ranoja.ee\",\"https:\\\/\\\/www.instagram.com\\\/ranoja__\\\/\"]}]}<\/script>\n<!-- \/ Yoast SEO plugin. -->","yoast_head_json":{"title":"Saeketi\u00f5li Pilarol EKO 205L, Orlen Oil - Ranoja","robots":{"index":"index","follow":"follow","max-snippet":"max-snippet:-1","max-image-preview":"max-image-preview:large","max-video-preview":"max-video-preview:-1"},"canonical":"https:\/\/ranoja.ee\/toode\/saeketioli-pilarol-eko-205l-orlen-oil\/","og_locale":"en_US","og_type":"article","og_title":"Saeketi\u00f5li Pilarol EKO 205L, Orlen Oil - Ranoja","og_description":"Pilarol Eko on t\u00e4iuslike t\u00f6\u00f6omadustega \u00f6koloogiline \u00f5li, mis on m\u00f5eldud kettsaagide m\u00e4\u00e4rimiseks. Selle valmistamisel on kasutatud rafineeritud taime\u00f5li ja see sisaldab spetsiaalset rikastavate lisandite kombinatsiooni. Taime\u00f5li kasutamine baas\u00f5lina v\u00f5imaldab PilarolEko kvalifitseerida v\u00e4ga headeks biolagunevateks \u00f5lideks \u2013 OECD 301 F testis see saadi 81,6 % biolagunduvusest N\u00f5uetekohaselt valitud rikastavate lisandite kombinatsioon tagab soodsad t\u00f6\u00f6omadused, nt v\u00e4ga hea haardumine seadme liikuvate osadega (sae l\u00f5ikeelemendid), t\u00e4iuslikud m\u00e4\u00e4rimistingimused isegi madalatel temperatuuridel (kaitseb kiiret l\u00f5ikeserva n\u00fcristamist), hea termiline karakteristika, mis v\u00f5imaldab seda rakendada laias temperatuurivahemikus, korrosioonivastased ja h\u00f5\u00f5rdumisvastased kulumisv\u00f5imed. Pilarol on aastarinseks kasutamiseks, keskkonnas\u00f5bralik ja kvaliteetne \u00f5li, mis on ette n\u00e4htud metsanduses, aianduses jne kasutatavate l\u00f5ikes\u00fcsteemide (keti) ja mehaaniliste saejuhikute m\u00e4\u00e4rimiseks. Seda v\u00f5ib kasutada ka muude puude langetamisel kasutatavate masinate m\u00e4\u00e4rimiseks.","og_url":"https:\/\/ranoja.ee\/toode\/saeketioli-pilarol-eko-205l-orlen-oil\/","og_site_name":"Ranoja","article_publisher":"https:\/\/www.facebook.com\/ranoja.ee","article_modified_time":"2026-03-17T12:33:49+00:00","og_image":[{"width":474,"height":713,"url":"https:\/\/ranoja.ee\/wp-content\/uploads\/2026\/03\/5637748122.jpg","type":"image\/jpeg"}],"twitter_card":"summary_large_image","schema":{"@context":"https:\/\/schema.org","@graph":[{"@type":"WebPage","@id":"https:\/\/ranoja.ee\/toode\/saeketioli-pilarol-eko-205l-orlen-oil\/","url":"https:\/\/ranoja.ee\/toode\/saeketioli-pilarol-eko-205l-orlen-oil\/","name":"Saeketi\u00f5li Pilarol EKO 205L, Orlen Oil - Ranoja","isPartOf":{"@id":"https:\/\/ranoja.ee\/#website"},"primaryImageOfPage":{"@id":"https:\/\/ranoja.ee\/toode\/saeketioli-pilarol-eko-205l-orlen-oil\/#primaryimage"},"image":{"@id":"https:\/\/ranoja.ee\/toode\/saeketioli-pilarol-eko-205l-orlen-oil\/#primaryimage"},"thumbnailUrl":"https:\/\/ranoja.ee\/wp-content\/uploads\/2026\/03\/5637748122.jpg","datePublished":"2026-03-16T23:39:14+00:00","dateModified":"2026-03-17T12:33:49+00:00","breadcrumb":{"@id":"https:\/\/ranoja.ee\/toode\/saeketioli-pilarol-eko-205l-orlen-oil\/#breadcrumb"},"inLanguage":"en-US","potentialAction":[{"@type":"ReadAction","target":["https:\/\/ranoja.ee\/toode\/saeketioli-pilarol-eko-205l-orlen-oil\/"]}]},{"@type":"ImageObject","inLanguage":"en-US","@id":"https:\/\/ranoja.ee\/toode\/saeketioli-pilarol-eko-205l-orlen-oil\/#primaryimage","url":"https:\/\/ranoja.ee\/wp-content\/uploads\/2026\/03\/5637748122.jpg","contentUrl":"https:\/\/ranoja.ee\/wp-content\/uploads\/2026\/03\/5637748122.jpg","width":474,"height":713},{"@type":"BreadcrumbList","@id":"https:\/\/ranoja.ee\/toode\/saeketioli-pilarol-eko-205l-orlen-oil\/#breadcrumb","itemListElement":[{"@type":"ListItem","position":1,"name":"Home","item":"https:\/\/ranoja.ee\/"},{"@type":"ListItem","position":2,"name":"Shop","item":"https:\/\/ranoja.ee\/en\/shop\/"},{"@type":"ListItem","position":3,"name":"Saeketi\u00f5li Pilarol EKO 205L, Orlen Oil"}]},{"@type":"WebSite","@id":"https:\/\/ranoja.ee\/#website","url":"https:\/\/ranoja.ee\/","name":"Ranoja","description":"Equipment Shop WooCommerce WordPress Theme for Machine &amp; Tools","publisher":{"@id":"https:\/\/ranoja.ee\/#organization"},"potentialAction":[{"@type":"SearchAction","target":{"@type":"EntryPoint","urlTemplate":"https:\/\/ranoja.ee\/?s={search_term_string}"},"query-input":{"@type":"PropertyValueSpecification","valueRequired":true,"valueName":"search_term_string"}}],"inLanguage":"en-US"},{"@type":"Organization","@id":"https:\/\/ranoja.ee\/#organization","name":"Ranoja O\u00dc","url":"https:\/\/ranoja.ee\/","logo":{"@type":"ImageObject","inLanguage":"en-US","@id":"https:\/\/ranoja.ee\/#\/schema\/logo\/image\/","url":"https:\/\/ranoja.ee\/wp-content\/uploads\/2023\/11\/ranoja-Logo.png","contentUrl":"https:\/\/ranoja.ee\/wp-content\/uploads\/2023\/11\/ranoja-Logo.png","width":207,"height":58,"caption":"Ranoja O\u00dc"},"image":{"@id":"https:\/\/ranoja.ee\/#\/schema\/logo\/image\/"},"sameAs":["https:\/\/www.facebook.com\/ranoja.ee","https:\/\/www.instagram.com\/ranoja__\/"]}]}},"_links":{"self":[{"href":"https:\/\/ranoja.ee\/en\/wp-json\/wp\/v2\/product\/62422","targetHints":{"allow":["GET"]}}],"collection":[{"href":"https:\/\/ranoja.ee\/en\/wp-json\/wp\/v2\/product"}],"about":[{"href":"https:\/\/ranoja.ee\/en\/wp-json\/wp\/v2\/types\/product"}],"wp:featuredmedia":[{"embeddable":true,"href":"https:\/\/ranoja.ee\/en\/wp-json\/wp\/v2\/media\/62423"}],"wp:attachment":[{"href":"https:\/\/ranoja.ee\/en\/wp-json\/wp\/v2\/media?parent=62422"}],"wp:term":[{"taxonomy":"product_cat","embeddable":true,"href":"https:\/\/ranoja.ee\/en\/wp-json\/wp\/v2\/product_cat?post=62422"},{"taxonomy":"product_tag","embeddable":true,"href":"https:\/\/ranoja.ee\/en\/wp-json\/wp\/v2\/product_tag?post=62422"}],"curies":[{"name":"wp","href":"https:\/\/api.w.org\/{rel}","templated":true}]}}