{"id":62376,"date":"2026-03-17T02:38:50","date_gmt":"2026-03-16T23:38:50","guid":{"rendered":"https:\/\/ranoja.ee\/toode\/mootorioli-profleet-ls-plus-10w40-1000l-valvoline\/"},"modified":"2026-03-17T15:33:49","modified_gmt":"2026-03-17T12:33:49","slug":"mootorioli-profleet-ls-plus-10w40-1000l-valvoline","status":"publish","type":"product","link":"https:\/\/ranoja.ee\/en\/toode\/mootorioli-profleet-ls-plus-10w40-1000l-valvoline\/","title":{"rendered":"Mootori\u00f5li Profleet LS Plus 10W40 1000L, Valvoline"},"content":{"rendered":"","protected":false},"excerpt":{"rendered":"<p>ProFleet\u2122 LS Plus 10W-40 on madala SAPS-i s\u00fcnteetiliNE mootori\u00f5li, mis s\u00e4ilitab mootori j\u00f5udluse madala heitgaasiga diiselmootorites, mis on varustatud EGR-i, SCR-i ja DPF-iga. See on konstrueeritud uusimatele Euro 5 ja 6 diiselmootoritele, sealhulgas veoautodele, bussidele ja t\u00f6\u00f6stuss\u00f5idukitele. See vastab ACEA E7, E8, E11 kategooriatele, API CK-4, Volvo VDS 4.5 ja teistele suurematele originaalseadmete tootjate n\u00f5uetele, mille puhul on soovitatav kasutada 10W-40.*<br \/>\nJuhtivate veokiki- ja bussitootjate heaks kiidetud.<br \/>\nSuurep\u00e4rane j\u00f5udlus k\u00f5rgeimal v\u00e4ljundtasemel, v\u00e4ltides samal ajal ladestumise ja tahma kogunemist.<br \/>\nLihtne talv algab isegi v\u00e4ga k\u00fclmades tingimustes.<br \/>\nV\u00e4hendab k\u00fctusekulu, alandab k\u00fctusekulusid ja m\u00f5ju keskkonnale.<\/p>\n<p>ACEA E7, E8 (ACEA E6-2016), E11 (ACEA E9-2016), <br \/>\nAPI CK-4, CJ-4, CI-4, <br \/>\nCaterpillar ECF-3, ECF-2, <br \/>\nCUMMINS CES 20086, CES 20081, <br \/>\nDTFR 15C120 (MB 228.52), DTFR 15C110 (MB 228.51), DTFR 15C100 (MB 228.31), <br \/>\nDetroidi diisel DDC 93K222, <br \/>\nDeutz DQC IV-18LA, <br \/>\nJASO DH-2, DH-1, <br \/>\nMACK EOS-4.7 MACK EOS-4.7, t\u00fc\u00fcp15. , 2.1, <br \/>\nRenault RLD-3, Voith B klass, <br \/>\nVOLVO VDS-4.5, VDS-4, VDS-3.<\/p>\n","protected":false},"featured_media":62377,"template":"","meta":{"inline_featured_image":false},"product_cat":[5012,5115,5139],"product_tag":[],"class_list":{"0":"post-62376","1":"product","2":"type-product","3":"status-publish","4":"has-post-thumbnail","6":"product_brand-valvoline","7":"product_cat-olid-ja-maardeained","8":"product_cat-rasketehnika-mootoriolid","9":"product_cat-rasketehnika-taissunteetilised-mootoriolid","11":"first","12":"instock","13":"purchasable","14":"product-type-simple"},"yoast_head":"<!-- This site is optimized with the Yoast SEO plugin v27.4 - https:\/\/yoast.com\/product\/yoast-seo-wordpress\/ -->\n<title>Mootori\u00f5li Profleet LS Plus 10W40 1000L, Valvoline - Ranoja<\/title>\n<meta name=\"robots\" content=\"index, follow, max-snippet:-1, max-image-preview:large, max-video-preview:-1\" \/>\n<link rel=\"canonical\" href=\"https:\/\/ranoja.ee\/toode\/mootorioli-profleet-ls-plus-10w40-1000l-valvoline\/\" \/>\n<meta property=\"og:locale\" content=\"en_US\" \/>\n<meta property=\"og:type\" content=\"article\" \/>\n<meta property=\"og:title\" content=\"Mootori\u00f5li Profleet LS Plus 10W40 1000L, Valvoline - Ranoja\" \/>\n<meta property=\"og:description\" content=\"ProFleet\u2122 LS Plus 10W-40 on madala SAPS-i s\u00fcnteetiliNE mootori\u00f5li, mis s\u00e4ilitab mootori j\u00f5udluse madala heitgaasiga diiselmootorites, mis on varustatud EGR-i, SCR-i ja DPF-iga. See on konstrueeritud uusimatele Euro 5 ja 6 diiselmootoritele, sealhulgas veoautodele, bussidele ja t\u00f6\u00f6stuss\u00f5idukitele. See vastab ACEA E7, E8, E11 kategooriatele, API CK-4, Volvo VDS 4.5 ja teistele suurematele originaalseadmete tootjate n\u00f5uetele, mille puhul on soovitatav kasutada 10W-40.* Juhtivate veokiki- ja bussitootjate heaks kiidetud. Suurep\u00e4rane j\u00f5udlus k\u00f5rgeimal v\u00e4ljundtasemel, v\u00e4ltides samal ajal ladestumise ja tahma kogunemist. Lihtne talv algab isegi v\u00e4ga k\u00fclmades tingimustes. V\u00e4hendab k\u00fctusekulu, alandab k\u00fctusekulusid ja m\u00f5ju keskkonnale. ACEA E7, E8 (ACEA E6-2016), E11 (ACEA E9-2016), API CK-4, CJ-4, CI-4, Caterpillar ECF-3, ECF-2, CUMMINS CES 20086, CES 20081, DTFR 15C120 (MB 228.52), DTFR 15C110 (MB 228.51), DTFR 15C100 (MB 228.31), Detroidi diisel DDC 93K222, Deutz DQC IV-18LA, JASO DH-2, DH-1, MACK EOS-4.7 MACK EOS-4.7, t\u00fc\u00fcp15. , 2.1, Renault RLD-3, Voith B klass, VOLVO VDS-4.5, VDS-4, VDS-3.\" \/>\n<meta property=\"og:url\" content=\"https:\/\/ranoja.ee\/toode\/mootorioli-profleet-ls-plus-10w40-1000l-valvoline\/\" \/>\n<meta property=\"og:site_name\" content=\"Ranoja\" \/>\n<meta property=\"article:publisher\" content=\"https:\/\/www.facebook.com\/ranoja.ee\" \/>\n<meta property=\"article:modified_time\" content=\"2026-03-17T12:33:49+00:00\" \/>\n<meta property=\"og:image\" content=\"https:\/\/ranoja.ee\/wp-content\/uploads\/2026\/03\/215332817.jpg\" \/>\n\t<meta property=\"og:image:width\" content=\"542\" \/>\n\t<meta property=\"og:image:height\" content=\"438\" \/>\n\t<meta property=\"og:image:type\" content=\"image\/jpeg\" \/>\n<meta name=\"twitter:card\" content=\"summary_large_image\" \/>\n<script type=\"application\/ld+json\" class=\"yoast-schema-graph\">{\"@context\":\"https:\\\/\\\/schema.org\",\"@graph\":[{\"@type\":\"WebPage\",\"@id\":\"https:\\\/\\\/ranoja.ee\\\/toode\\\/mootorioli-profleet-ls-plus-10w40-1000l-valvoline\\\/\",\"url\":\"https:\\\/\\\/ranoja.ee\\\/toode\\\/mootorioli-profleet-ls-plus-10w40-1000l-valvoline\\\/\",\"name\":\"Mootori\u00f5li Profleet LS Plus 10W40 1000L, Valvoline - Ranoja\",\"isPartOf\":{\"@id\":\"https:\\\/\\\/ranoja.ee\\\/#website\"},\"primaryImageOfPage\":{\"@id\":\"https:\\\/\\\/ranoja.ee\\\/toode\\\/mootorioli-profleet-ls-plus-10w40-1000l-valvoline\\\/#primaryimage\"},\"image\":{\"@id\":\"https:\\\/\\\/ranoja.ee\\\/toode\\\/mootorioli-profleet-ls-plus-10w40-1000l-valvoline\\\/#primaryimage\"},\"thumbnailUrl\":\"https:\\\/\\\/ranoja.ee\\\/wp-content\\\/uploads\\\/2026\\\/03\\\/215332817.jpg\",\"datePublished\":\"2026-03-16T23:38:50+00:00\",\"dateModified\":\"2026-03-17T12:33:49+00:00\",\"breadcrumb\":{\"@id\":\"https:\\\/\\\/ranoja.ee\\\/toode\\\/mootorioli-profleet-ls-plus-10w40-1000l-valvoline\\\/#breadcrumb\"},\"inLanguage\":\"en-US\",\"potentialAction\":[{\"@type\":\"ReadAction\",\"target\":[\"https:\\\/\\\/ranoja.ee\\\/toode\\\/mootorioli-profleet-ls-plus-10w40-1000l-valvoline\\\/\"]}]},{\"@type\":\"ImageObject\",\"inLanguage\":\"en-US\",\"@id\":\"https:\\\/\\\/ranoja.ee\\\/toode\\\/mootorioli-profleet-ls-plus-10w40-1000l-valvoline\\\/#primaryimage\",\"url\":\"https:\\\/\\\/ranoja.ee\\\/wp-content\\\/uploads\\\/2026\\\/03\\\/215332817.jpg\",\"contentUrl\":\"https:\\\/\\\/ranoja.ee\\\/wp-content\\\/uploads\\\/2026\\\/03\\\/215332817.jpg\",\"width\":542,\"height\":438},{\"@type\":\"BreadcrumbList\",\"@id\":\"https:\\\/\\\/ranoja.ee\\\/toode\\\/mootorioli-profleet-ls-plus-10w40-1000l-valvoline\\\/#breadcrumb\",\"itemListElement\":[{\"@type\":\"ListItem\",\"position\":1,\"name\":\"Home\",\"item\":\"https:\\\/\\\/ranoja.ee\\\/\"},{\"@type\":\"ListItem\",\"position\":2,\"name\":\"Shop\",\"item\":\"https:\\\/\\\/ranoja.ee\\\/en\\\/shop\\\/\"},{\"@type\":\"ListItem\",\"position\":3,\"name\":\"Mootori\u00f5li Profleet LS Plus 10W40 1000L, Valvoline\"}]},{\"@type\":\"WebSite\",\"@id\":\"https:\\\/\\\/ranoja.ee\\\/#website\",\"url\":\"https:\\\/\\\/ranoja.ee\\\/\",\"name\":\"Ranoja\",\"description\":\"Equipment Shop WooCommerce WordPress Theme for Machine &amp; Tools\",\"publisher\":{\"@id\":\"https:\\\/\\\/ranoja.ee\\\/#organization\"},\"potentialAction\":[{\"@type\":\"SearchAction\",\"target\":{\"@type\":\"EntryPoint\",\"urlTemplate\":\"https:\\\/\\\/ranoja.ee\\\/?s={search_term_string}\"},\"query-input\":{\"@type\":\"PropertyValueSpecification\",\"valueRequired\":true,\"valueName\":\"search_term_string\"}}],\"inLanguage\":\"en-US\"},{\"@type\":\"Organization\",\"@id\":\"https:\\\/\\\/ranoja.ee\\\/#organization\",\"name\":\"Ranoja O\u00dc\",\"url\":\"https:\\\/\\\/ranoja.ee\\\/\",\"logo\":{\"@type\":\"ImageObject\",\"inLanguage\":\"en-US\",\"@id\":\"https:\\\/\\\/ranoja.ee\\\/#\\\/schema\\\/logo\\\/image\\\/\",\"url\":\"https:\\\/\\\/ranoja.ee\\\/wp-content\\\/uploads\\\/2023\\\/11\\\/ranoja-Logo.png\",\"contentUrl\":\"https:\\\/\\\/ranoja.ee\\\/wp-content\\\/uploads\\\/2023\\\/11\\\/ranoja-Logo.png\",\"width\":207,\"height\":58,\"caption\":\"Ranoja O\u00dc\"},\"image\":{\"@id\":\"https:\\\/\\\/ranoja.ee\\\/#\\\/schema\\\/logo\\\/image\\\/\"},\"sameAs\":[\"https:\\\/\\\/www.facebook.com\\\/ranoja.ee\",\"https:\\\/\\\/www.instagram.com\\\/ranoja__\\\/\"]}]}<\/script>\n<!-- \/ Yoast SEO plugin. -->","yoast_head_json":{"title":"Mootori\u00f5li Profleet LS Plus 10W40 1000L, Valvoline - Ranoja","robots":{"index":"index","follow":"follow","max-snippet":"max-snippet:-1","max-image-preview":"max-image-preview:large","max-video-preview":"max-video-preview:-1"},"canonical":"https:\/\/ranoja.ee\/toode\/mootorioli-profleet-ls-plus-10w40-1000l-valvoline\/","og_locale":"en_US","og_type":"article","og_title":"Mootori\u00f5li Profleet LS Plus 10W40 1000L, Valvoline - Ranoja","og_description":"ProFleet\u2122 LS Plus 10W-40 on madala SAPS-i s\u00fcnteetiliNE mootori\u00f5li, mis s\u00e4ilitab mootori j\u00f5udluse madala heitgaasiga diiselmootorites, mis on varustatud EGR-i, SCR-i ja DPF-iga. See on konstrueeritud uusimatele Euro 5 ja 6 diiselmootoritele, sealhulgas veoautodele, bussidele ja t\u00f6\u00f6stuss\u00f5idukitele. See vastab ACEA E7, E8, E11 kategooriatele, API CK-4, Volvo VDS 4.5 ja teistele suurematele originaalseadmete tootjate n\u00f5uetele, mille puhul on soovitatav kasutada 10W-40.* Juhtivate veokiki- ja bussitootjate heaks kiidetud. Suurep\u00e4rane j\u00f5udlus k\u00f5rgeimal v\u00e4ljundtasemel, v\u00e4ltides samal ajal ladestumise ja tahma kogunemist. Lihtne talv algab isegi v\u00e4ga k\u00fclmades tingimustes. V\u00e4hendab k\u00fctusekulu, alandab k\u00fctusekulusid ja m\u00f5ju keskkonnale. ACEA E7, E8 (ACEA E6-2016), E11 (ACEA E9-2016), API CK-4, CJ-4, CI-4, Caterpillar ECF-3, ECF-2, CUMMINS CES 20086, CES 20081, DTFR 15C120 (MB 228.52), DTFR 15C110 (MB 228.51), DTFR 15C100 (MB 228.31), Detroidi diisel DDC 93K222, Deutz DQC IV-18LA, JASO DH-2, DH-1, MACK EOS-4.7 MACK EOS-4.7, t\u00fc\u00fcp15. , 2.1, Renault RLD-3, Voith B klass, VOLVO VDS-4.5, VDS-4, VDS-3.","og_url":"https:\/\/ranoja.ee\/toode\/mootorioli-profleet-ls-plus-10w40-1000l-valvoline\/","og_site_name":"Ranoja","article_publisher":"https:\/\/www.facebook.com\/ranoja.ee","article_modified_time":"2026-03-17T12:33:49+00:00","og_image":[{"width":542,"height":438,"url":"https:\/\/ranoja.ee\/wp-content\/uploads\/2026\/03\/215332817.jpg","type":"image\/jpeg"}],"twitter_card":"summary_large_image","schema":{"@context":"https:\/\/schema.org","@graph":[{"@type":"WebPage","@id":"https:\/\/ranoja.ee\/toode\/mootorioli-profleet-ls-plus-10w40-1000l-valvoline\/","url":"https:\/\/ranoja.ee\/toode\/mootorioli-profleet-ls-plus-10w40-1000l-valvoline\/","name":"Mootori\u00f5li Profleet LS Plus 10W40 1000L, Valvoline - Ranoja","isPartOf":{"@id":"https:\/\/ranoja.ee\/#website"},"primaryImageOfPage":{"@id":"https:\/\/ranoja.ee\/toode\/mootorioli-profleet-ls-plus-10w40-1000l-valvoline\/#primaryimage"},"image":{"@id":"https:\/\/ranoja.ee\/toode\/mootorioli-profleet-ls-plus-10w40-1000l-valvoline\/#primaryimage"},"thumbnailUrl":"https:\/\/ranoja.ee\/wp-content\/uploads\/2026\/03\/215332817.jpg","datePublished":"2026-03-16T23:38:50+00:00","dateModified":"2026-03-17T12:33:49+00:00","breadcrumb":{"@id":"https:\/\/ranoja.ee\/toode\/mootorioli-profleet-ls-plus-10w40-1000l-valvoline\/#breadcrumb"},"inLanguage":"en-US","potentialAction":[{"@type":"ReadAction","target":["https:\/\/ranoja.ee\/toode\/mootorioli-profleet-ls-plus-10w40-1000l-valvoline\/"]}]},{"@type":"ImageObject","inLanguage":"en-US","@id":"https:\/\/ranoja.ee\/toode\/mootorioli-profleet-ls-plus-10w40-1000l-valvoline\/#primaryimage","url":"https:\/\/ranoja.ee\/wp-content\/uploads\/2026\/03\/215332817.jpg","contentUrl":"https:\/\/ranoja.ee\/wp-content\/uploads\/2026\/03\/215332817.jpg","width":542,"height":438},{"@type":"BreadcrumbList","@id":"https:\/\/ranoja.ee\/toode\/mootorioli-profleet-ls-plus-10w40-1000l-valvoline\/#breadcrumb","itemListElement":[{"@type":"ListItem","position":1,"name":"Home","item":"https:\/\/ranoja.ee\/"},{"@type":"ListItem","position":2,"name":"Shop","item":"https:\/\/ranoja.ee\/en\/shop\/"},{"@type":"ListItem","position":3,"name":"Mootori\u00f5li Profleet LS Plus 10W40 1000L, Valvoline"}]},{"@type":"WebSite","@id":"https:\/\/ranoja.ee\/#website","url":"https:\/\/ranoja.ee\/","name":"Ranoja","description":"Equipment Shop WooCommerce WordPress Theme for Machine &amp; Tools","publisher":{"@id":"https:\/\/ranoja.ee\/#organization"},"potentialAction":[{"@type":"SearchAction","target":{"@type":"EntryPoint","urlTemplate":"https:\/\/ranoja.ee\/?s={search_term_string}"},"query-input":{"@type":"PropertyValueSpecification","valueRequired":true,"valueName":"search_term_string"}}],"inLanguage":"en-US"},{"@type":"Organization","@id":"https:\/\/ranoja.ee\/#organization","name":"Ranoja O\u00dc","url":"https:\/\/ranoja.ee\/","logo":{"@type":"ImageObject","inLanguage":"en-US","@id":"https:\/\/ranoja.ee\/#\/schema\/logo\/image\/","url":"https:\/\/ranoja.ee\/wp-content\/uploads\/2023\/11\/ranoja-Logo.png","contentUrl":"https:\/\/ranoja.ee\/wp-content\/uploads\/2023\/11\/ranoja-Logo.png","width":207,"height":58,"caption":"Ranoja O\u00dc"},"image":{"@id":"https:\/\/ranoja.ee\/#\/schema\/logo\/image\/"},"sameAs":["https:\/\/www.facebook.com\/ranoja.ee","https:\/\/www.instagram.com\/ranoja__\/"]}]}},"_links":{"self":[{"href":"https:\/\/ranoja.ee\/en\/wp-json\/wp\/v2\/product\/62376","targetHints":{"allow":["GET"]}}],"collection":[{"href":"https:\/\/ranoja.ee\/en\/wp-json\/wp\/v2\/product"}],"about":[{"href":"https:\/\/ranoja.ee\/en\/wp-json\/wp\/v2\/types\/product"}],"wp:featuredmedia":[{"embeddable":true,"href":"https:\/\/ranoja.ee\/en\/wp-json\/wp\/v2\/media\/62377"}],"wp:attachment":[{"href":"https:\/\/ranoja.ee\/en\/wp-json\/wp\/v2\/media?parent=62376"}],"wp:term":[{"taxonomy":"product_cat","embeddable":true,"href":"https:\/\/ranoja.ee\/en\/wp-json\/wp\/v2\/product_cat?post=62376"},{"taxonomy":"product_tag","embeddable":true,"href":"https:\/\/ranoja.ee\/en\/wp-json\/wp\/v2\/product_tag?post=62376"}],"curies":[{"name":"wp","href":"https:\/\/api.w.org\/{rel}","templated":true}]}}