{"id":62352,"date":"2026-03-17T02:38:26","date_gmt":"2026-03-16T23:38:26","guid":{"rendered":"https:\/\/ranoja.ee\/toode\/transmissioonioli-epg-s220-208l-valvoline\/"},"modified":"2026-03-17T15:35:58","modified_gmt":"2026-03-17T12:35:58","slug":"transmissioonioli-epg-s220-208l-valvoline","status":"publish","type":"product","link":"https:\/\/ranoja.ee\/en\/toode\/transmissioonioli-epg-s220-208l-valvoline\/","title":{"rendered":"Transmissiooni\u00f5li EPG S220 208L, Valvoline"},"content":{"rendered":"","protected":false},"excerpt":{"rendered":"<p>S\u00fcnteetiline t\u00f6\u00f6stuslik k\u00e4igukasti\u00f5li t\u00f6\u00f6stuslikele reduktoritele ja \u00fclekannetele. Valvoline E.P.G. S -\u00f5lid pakuvad suurep\u00e4rast kaitset ja m\u00e4\u00e4rimist suurtel koormustel ja t\u00f6\u00f6tingimustes nii madalatel kui ka k\u00f5rgetel temperatuuridel. V\u00f5rreldes mineraal\u00f5lip\u00f5histe \u00f5lidega on E.P.G-Synthetic tootesarjal k\u00f5rge viskoossusindeks, suurem kulumis- ja roostekaitse ning suurep\u00e4rased oks\u00fcdatsioonivastased omadused. Valvoline E.P.G S \u00f5lidel on suurep\u00e4rased FZG mikropitingu kaitse omadused. Valvoline E.P.G. S\u00fcnteetiline tootesari koosneb s\u00fcnteetilistest baas\u00f5lidest ja spetsiaalselt valitud lisanditest, et tagada madal hangumispunkt, suurep\u00e4rane oks\u00fcdeerimisstabiilsus ja head voolavusomadused. <br \/>\nRakendused<br \/>\n\u00d5livannide m\u00e4\u00e4rimine ja tsirkulatsioonis\u00fcsteemides<br \/>\nL\u00f6\u00f6k koormusega k\u00e4igukastides<br \/>\nT\u00f5stemehanismide reduktorites<br \/>\nMasinate \u00fcldine m\u00e4\u00e4rimine<br \/>\nKaevandus ja ehitus<br \/>\nBetooni segamismasinad<br \/>\nP\u00f5llumajandusseadmed<br \/>\nMerenduses laevateki  masinad jm seadmed<br \/>\nV\u00f5ib kasutada k\u00e4igukastides, mis sisaldavad vaske v\u00f5i pronksi.<br \/>\nJ\u00f5udlustasemed:<br \/>\nAIST 224 (U. S. Steel 224)<br \/>\nAGMA 9005-E02<br \/>\nDIN 51517 Part 3<br \/>\nISO VG 220<br \/>\nISO 12925-1<\/p>\n","protected":false},"featured_media":62353,"template":"","meta":{"inline_featured_image":false},"product_cat":[5012,5350,5093],"product_tag":[],"class_list":{"0":"post-62352","1":"product","2":"type-product","3":"status-publish","4":"has-post-thumbnail","6":"product_brand-valvoline","7":"product_cat-olid-ja-maardeained","8":"product_cat-reduktoriolid","9":"product_cat-toostusolid","11":"first","12":"instock","13":"purchasable","14":"product-type-simple"},"yoast_head":"<!-- This site is optimized with the Yoast SEO plugin v27.4 - https:\/\/yoast.com\/product\/yoast-seo-wordpress\/ -->\n<title>Transmissiooni\u00f5li EPG S220 208L, Valvoline - Ranoja<\/title>\n<meta name=\"robots\" content=\"index, follow, max-snippet:-1, max-image-preview:large, max-video-preview:-1\" \/>\n<link rel=\"canonical\" href=\"https:\/\/ranoja.ee\/toode\/transmissioonioli-epg-s220-208l-valvoline\/\" \/>\n<meta property=\"og:locale\" content=\"en_US\" \/>\n<meta property=\"og:type\" content=\"article\" \/>\n<meta property=\"og:title\" content=\"Transmissiooni\u00f5li EPG S220 208L, Valvoline - Ranoja\" \/>\n<meta property=\"og:description\" content=\"S\u00fcnteetiline t\u00f6\u00f6stuslik k\u00e4igukasti\u00f5li t\u00f6\u00f6stuslikele reduktoritele ja \u00fclekannetele. Valvoline E.P.G. S -\u00f5lid pakuvad suurep\u00e4rast kaitset ja m\u00e4\u00e4rimist suurtel koormustel ja t\u00f6\u00f6tingimustes nii madalatel kui ka k\u00f5rgetel temperatuuridel. V\u00f5rreldes mineraal\u00f5lip\u00f5histe \u00f5lidega on E.P.G-Synthetic tootesarjal k\u00f5rge viskoossusindeks, suurem kulumis- ja roostekaitse ning suurep\u00e4rased oks\u00fcdatsioonivastased omadused. Valvoline E.P.G S \u00f5lidel on suurep\u00e4rased FZG mikropitingu kaitse omadused. Valvoline E.P.G. S\u00fcnteetiline tootesari koosneb s\u00fcnteetilistest baas\u00f5lidest ja spetsiaalselt valitud lisanditest, et tagada madal hangumispunkt, suurep\u00e4rane oks\u00fcdeerimisstabiilsus ja head voolavusomadused. Rakendused \u00d5livannide m\u00e4\u00e4rimine ja tsirkulatsioonis\u00fcsteemides L\u00f6\u00f6k koormusega k\u00e4igukastides T\u00f5stemehanismide reduktorites Masinate \u00fcldine m\u00e4\u00e4rimine Kaevandus ja ehitus Betooni segamismasinad P\u00f5llumajandusseadmed Merenduses laevateki masinad jm seadmed V\u00f5ib kasutada k\u00e4igukastides, mis sisaldavad vaske v\u00f5i pronksi. J\u00f5udlustasemed: AIST 224 (U. S. Steel 224) AGMA 9005-E02 DIN 51517 Part 3 ISO VG 220 ISO 12925-1\" \/>\n<meta property=\"og:url\" content=\"https:\/\/ranoja.ee\/toode\/transmissioonioli-epg-s220-208l-valvoline\/\" \/>\n<meta property=\"og:site_name\" content=\"Ranoja\" \/>\n<meta property=\"article:publisher\" content=\"https:\/\/www.facebook.com\/ranoja.ee\" \/>\n<meta property=\"article:modified_time\" content=\"2026-03-17T12:35:58+00:00\" \/>\n<meta property=\"og:image\" content=\"https:\/\/ranoja.ee\/wp-content\/uploads\/2026\/03\/234596692.jpg\" \/>\n\t<meta property=\"og:image:width\" content=\"892\" \/>\n\t<meta property=\"og:image:height\" content=\"900\" \/>\n\t<meta property=\"og:image:type\" content=\"image\/jpeg\" \/>\n<meta name=\"twitter:card\" content=\"summary_large_image\" \/>\n<script type=\"application\/ld+json\" class=\"yoast-schema-graph\">{\"@context\":\"https:\\\/\\\/schema.org\",\"@graph\":[{\"@type\":\"WebPage\",\"@id\":\"https:\\\/\\\/ranoja.ee\\\/toode\\\/transmissioonioli-epg-s220-208l-valvoline\\\/\",\"url\":\"https:\\\/\\\/ranoja.ee\\\/toode\\\/transmissioonioli-epg-s220-208l-valvoline\\\/\",\"name\":\"Transmissiooni\u00f5li EPG S220 208L, Valvoline - Ranoja\",\"isPartOf\":{\"@id\":\"https:\\\/\\\/ranoja.ee\\\/#website\"},\"primaryImageOfPage\":{\"@id\":\"https:\\\/\\\/ranoja.ee\\\/toode\\\/transmissioonioli-epg-s220-208l-valvoline\\\/#primaryimage\"},\"image\":{\"@id\":\"https:\\\/\\\/ranoja.ee\\\/toode\\\/transmissioonioli-epg-s220-208l-valvoline\\\/#primaryimage\"},\"thumbnailUrl\":\"https:\\\/\\\/ranoja.ee\\\/wp-content\\\/uploads\\\/2026\\\/03\\\/234596692.jpg\",\"datePublished\":\"2026-03-16T23:38:26+00:00\",\"dateModified\":\"2026-03-17T12:35:58+00:00\",\"breadcrumb\":{\"@id\":\"https:\\\/\\\/ranoja.ee\\\/toode\\\/transmissioonioli-epg-s220-208l-valvoline\\\/#breadcrumb\"},\"inLanguage\":\"en-US\",\"potentialAction\":[{\"@type\":\"ReadAction\",\"target\":[\"https:\\\/\\\/ranoja.ee\\\/toode\\\/transmissioonioli-epg-s220-208l-valvoline\\\/\"]}]},{\"@type\":\"ImageObject\",\"inLanguage\":\"en-US\",\"@id\":\"https:\\\/\\\/ranoja.ee\\\/toode\\\/transmissioonioli-epg-s220-208l-valvoline\\\/#primaryimage\",\"url\":\"https:\\\/\\\/ranoja.ee\\\/wp-content\\\/uploads\\\/2026\\\/03\\\/234596692.jpg\",\"contentUrl\":\"https:\\\/\\\/ranoja.ee\\\/wp-content\\\/uploads\\\/2026\\\/03\\\/234596692.jpg\",\"width\":892,\"height\":900},{\"@type\":\"BreadcrumbList\",\"@id\":\"https:\\\/\\\/ranoja.ee\\\/toode\\\/transmissioonioli-epg-s220-208l-valvoline\\\/#breadcrumb\",\"itemListElement\":[{\"@type\":\"ListItem\",\"position\":1,\"name\":\"Home\",\"item\":\"https:\\\/\\\/ranoja.ee\\\/\"},{\"@type\":\"ListItem\",\"position\":2,\"name\":\"Shop\",\"item\":\"https:\\\/\\\/ranoja.ee\\\/en\\\/shop\\\/\"},{\"@type\":\"ListItem\",\"position\":3,\"name\":\"Transmissiooni\u00f5li EPG S220 208L, Valvoline\"}]},{\"@type\":\"WebSite\",\"@id\":\"https:\\\/\\\/ranoja.ee\\\/#website\",\"url\":\"https:\\\/\\\/ranoja.ee\\\/\",\"name\":\"Ranoja\",\"description\":\"Equipment Shop WooCommerce WordPress Theme for Machine &amp; Tools\",\"publisher\":{\"@id\":\"https:\\\/\\\/ranoja.ee\\\/#organization\"},\"potentialAction\":[{\"@type\":\"SearchAction\",\"target\":{\"@type\":\"EntryPoint\",\"urlTemplate\":\"https:\\\/\\\/ranoja.ee\\\/?s={search_term_string}\"},\"query-input\":{\"@type\":\"PropertyValueSpecification\",\"valueRequired\":true,\"valueName\":\"search_term_string\"}}],\"inLanguage\":\"en-US\"},{\"@type\":\"Organization\",\"@id\":\"https:\\\/\\\/ranoja.ee\\\/#organization\",\"name\":\"Ranoja O\u00dc\",\"url\":\"https:\\\/\\\/ranoja.ee\\\/\",\"logo\":{\"@type\":\"ImageObject\",\"inLanguage\":\"en-US\",\"@id\":\"https:\\\/\\\/ranoja.ee\\\/#\\\/schema\\\/logo\\\/image\\\/\",\"url\":\"https:\\\/\\\/ranoja.ee\\\/wp-content\\\/uploads\\\/2023\\\/11\\\/ranoja-Logo.png\",\"contentUrl\":\"https:\\\/\\\/ranoja.ee\\\/wp-content\\\/uploads\\\/2023\\\/11\\\/ranoja-Logo.png\",\"width\":207,\"height\":58,\"caption\":\"Ranoja O\u00dc\"},\"image\":{\"@id\":\"https:\\\/\\\/ranoja.ee\\\/#\\\/schema\\\/logo\\\/image\\\/\"},\"sameAs\":[\"https:\\\/\\\/www.facebook.com\\\/ranoja.ee\",\"https:\\\/\\\/www.instagram.com\\\/ranoja__\\\/\"]}]}<\/script>\n<!-- \/ Yoast SEO plugin. -->","yoast_head_json":{"title":"Transmissiooni\u00f5li EPG S220 208L, Valvoline - Ranoja","robots":{"index":"index","follow":"follow","max-snippet":"max-snippet:-1","max-image-preview":"max-image-preview:large","max-video-preview":"max-video-preview:-1"},"canonical":"https:\/\/ranoja.ee\/toode\/transmissioonioli-epg-s220-208l-valvoline\/","og_locale":"en_US","og_type":"article","og_title":"Transmissiooni\u00f5li EPG S220 208L, Valvoline - Ranoja","og_description":"S\u00fcnteetiline t\u00f6\u00f6stuslik k\u00e4igukasti\u00f5li t\u00f6\u00f6stuslikele reduktoritele ja \u00fclekannetele. Valvoline E.P.G. S -\u00f5lid pakuvad suurep\u00e4rast kaitset ja m\u00e4\u00e4rimist suurtel koormustel ja t\u00f6\u00f6tingimustes nii madalatel kui ka k\u00f5rgetel temperatuuridel. V\u00f5rreldes mineraal\u00f5lip\u00f5histe \u00f5lidega on E.P.G-Synthetic tootesarjal k\u00f5rge viskoossusindeks, suurem kulumis- ja roostekaitse ning suurep\u00e4rased oks\u00fcdatsioonivastased omadused. Valvoline E.P.G S \u00f5lidel on suurep\u00e4rased FZG mikropitingu kaitse omadused. Valvoline E.P.G. S\u00fcnteetiline tootesari koosneb s\u00fcnteetilistest baas\u00f5lidest ja spetsiaalselt valitud lisanditest, et tagada madal hangumispunkt, suurep\u00e4rane oks\u00fcdeerimisstabiilsus ja head voolavusomadused. Rakendused \u00d5livannide m\u00e4\u00e4rimine ja tsirkulatsioonis\u00fcsteemides L\u00f6\u00f6k koormusega k\u00e4igukastides T\u00f5stemehanismide reduktorites Masinate \u00fcldine m\u00e4\u00e4rimine Kaevandus ja ehitus Betooni segamismasinad P\u00f5llumajandusseadmed Merenduses laevateki masinad jm seadmed V\u00f5ib kasutada k\u00e4igukastides, mis sisaldavad vaske v\u00f5i pronksi. J\u00f5udlustasemed: AIST 224 (U. S. Steel 224) AGMA 9005-E02 DIN 51517 Part 3 ISO VG 220 ISO 12925-1","og_url":"https:\/\/ranoja.ee\/toode\/transmissioonioli-epg-s220-208l-valvoline\/","og_site_name":"Ranoja","article_publisher":"https:\/\/www.facebook.com\/ranoja.ee","article_modified_time":"2026-03-17T12:35:58+00:00","og_image":[{"width":892,"height":900,"url":"https:\/\/ranoja.ee\/wp-content\/uploads\/2026\/03\/234596692.jpg","type":"image\/jpeg"}],"twitter_card":"summary_large_image","schema":{"@context":"https:\/\/schema.org","@graph":[{"@type":"WebPage","@id":"https:\/\/ranoja.ee\/toode\/transmissioonioli-epg-s220-208l-valvoline\/","url":"https:\/\/ranoja.ee\/toode\/transmissioonioli-epg-s220-208l-valvoline\/","name":"Transmissiooni\u00f5li EPG S220 208L, Valvoline - Ranoja","isPartOf":{"@id":"https:\/\/ranoja.ee\/#website"},"primaryImageOfPage":{"@id":"https:\/\/ranoja.ee\/toode\/transmissioonioli-epg-s220-208l-valvoline\/#primaryimage"},"image":{"@id":"https:\/\/ranoja.ee\/toode\/transmissioonioli-epg-s220-208l-valvoline\/#primaryimage"},"thumbnailUrl":"https:\/\/ranoja.ee\/wp-content\/uploads\/2026\/03\/234596692.jpg","datePublished":"2026-03-16T23:38:26+00:00","dateModified":"2026-03-17T12:35:58+00:00","breadcrumb":{"@id":"https:\/\/ranoja.ee\/toode\/transmissioonioli-epg-s220-208l-valvoline\/#breadcrumb"},"inLanguage":"en-US","potentialAction":[{"@type":"ReadAction","target":["https:\/\/ranoja.ee\/toode\/transmissioonioli-epg-s220-208l-valvoline\/"]}]},{"@type":"ImageObject","inLanguage":"en-US","@id":"https:\/\/ranoja.ee\/toode\/transmissioonioli-epg-s220-208l-valvoline\/#primaryimage","url":"https:\/\/ranoja.ee\/wp-content\/uploads\/2026\/03\/234596692.jpg","contentUrl":"https:\/\/ranoja.ee\/wp-content\/uploads\/2026\/03\/234596692.jpg","width":892,"height":900},{"@type":"BreadcrumbList","@id":"https:\/\/ranoja.ee\/toode\/transmissioonioli-epg-s220-208l-valvoline\/#breadcrumb","itemListElement":[{"@type":"ListItem","position":1,"name":"Home","item":"https:\/\/ranoja.ee\/"},{"@type":"ListItem","position":2,"name":"Shop","item":"https:\/\/ranoja.ee\/en\/shop\/"},{"@type":"ListItem","position":3,"name":"Transmissiooni\u00f5li EPG S220 208L, Valvoline"}]},{"@type":"WebSite","@id":"https:\/\/ranoja.ee\/#website","url":"https:\/\/ranoja.ee\/","name":"Ranoja","description":"Equipment Shop WooCommerce WordPress Theme for Machine &amp; Tools","publisher":{"@id":"https:\/\/ranoja.ee\/#organization"},"potentialAction":[{"@type":"SearchAction","target":{"@type":"EntryPoint","urlTemplate":"https:\/\/ranoja.ee\/?s={search_term_string}"},"query-input":{"@type":"PropertyValueSpecification","valueRequired":true,"valueName":"search_term_string"}}],"inLanguage":"en-US"},{"@type":"Organization","@id":"https:\/\/ranoja.ee\/#organization","name":"Ranoja O\u00dc","url":"https:\/\/ranoja.ee\/","logo":{"@type":"ImageObject","inLanguage":"en-US","@id":"https:\/\/ranoja.ee\/#\/schema\/logo\/image\/","url":"https:\/\/ranoja.ee\/wp-content\/uploads\/2023\/11\/ranoja-Logo.png","contentUrl":"https:\/\/ranoja.ee\/wp-content\/uploads\/2023\/11\/ranoja-Logo.png","width":207,"height":58,"caption":"Ranoja O\u00dc"},"image":{"@id":"https:\/\/ranoja.ee\/#\/schema\/logo\/image\/"},"sameAs":["https:\/\/www.facebook.com\/ranoja.ee","https:\/\/www.instagram.com\/ranoja__\/"]}]}},"_links":{"self":[{"href":"https:\/\/ranoja.ee\/en\/wp-json\/wp\/v2\/product\/62352","targetHints":{"allow":["GET"]}}],"collection":[{"href":"https:\/\/ranoja.ee\/en\/wp-json\/wp\/v2\/product"}],"about":[{"href":"https:\/\/ranoja.ee\/en\/wp-json\/wp\/v2\/types\/product"}],"wp:featuredmedia":[{"embeddable":true,"href":"https:\/\/ranoja.ee\/en\/wp-json\/wp\/v2\/media\/62353"}],"wp:attachment":[{"href":"https:\/\/ranoja.ee\/en\/wp-json\/wp\/v2\/media?parent=62352"}],"wp:term":[{"taxonomy":"product_cat","embeddable":true,"href":"https:\/\/ranoja.ee\/en\/wp-json\/wp\/v2\/product_cat?post=62352"},{"taxonomy":"product_tag","embeddable":true,"href":"https:\/\/ranoja.ee\/en\/wp-json\/wp\/v2\/product_tag?post=62352"}],"curies":[{"name":"wp","href":"https:\/\/api.w.org\/{rel}","templated":true}]}}