{"id":62310,"date":"2026-03-17T02:38:07","date_gmt":"2026-03-16T23:38:07","guid":{"rendered":"https:\/\/ranoja.ee\/toode\/jahutusvedelik-ht-12-green-valmissegu-20l-valvoline\/"},"modified":"2026-03-17T15:35:58","modified_gmt":"2026-03-17T12:35:58","slug":"jahutusvedelik-ht-12-green-valmissegu-20l-valvoline","status":"publish","type":"product","link":"https:\/\/ranoja.ee\/en\/toode\/jahutusvedelik-ht-12-green-valmissegu-20l-valvoline\/","title":{"rendered":"Jahutusvedelik HT-12 Green valmissegu 20L, Valvoline"},"content":{"rendered":"","protected":false},"excerpt":{"rendered":"<p>Uusim patenteeritud* jahutusvedeliku tehnoloogia BMW, MINI ja Rolls-Royce jaoks<\/p>\n<p>Valvoline HT-12 Coolant Green on suurep\u00e4rane mootori jahutusvedelik, mis on v\u00e4lja t\u00f6\u00f6tatud selleks, et seda t\u00e4ita<br \/>\nenamiku suure j\u00f5udlusega mootorite uusimad n\u00f5uded ja pakkuda laiemat teenust<br \/>\neluiga kuni 5 aastat v\u00f5i 250 000 km.<\/p>\n<p>See Si-OAT koostis sisaldab tipptasemel orgaanilise happe tehnoloogiat et\u00fcleengl\u00fckoolis<br \/>\nalus k\u00f5igi jahutuss\u00fcsteemi komponentide ja metallide, sealhulgas alumiiniumi suurep\u00e4raseks kaitseks.<br \/>\nValvoline HT-12 Green on fosfaatide, nitritite, amiinide ja boraatide vaba ning \u00fchildub isegi<br \/>\nkraaniveega.<\/p>\n<p>Ametlik heakskiit:<br \/>\nBMW LC-18<\/p>\n<p>J\u00f5udlustasemed<br \/>\nCummins CES 14603, CES 14439<br \/>\nCUNA NC 956-16<br \/>\nDeutz DQC CC-14<br \/>\nGB 29743-2013<br \/>\nJIS K 2234:2006<br \/>\nONORM V 5123<br \/>\nPN-C40007:2000<br \/>\nSANS 1251:2005<br \/>\nASTM D3306<br \/>\nASTM D4985<br \/>\nASTM D6210<br \/>\nAS 2108-2004<br \/>\nBS 6580:2010<br \/>\nBMW LC-87<\/p>\n<p>Rakendused<br \/>\n\u00dchildub BMW-ga aastast 1988 (LC-87)<\/p>\n","protected":false},"featured_media":0,"template":"","meta":{"inline_featured_image":false},"product_cat":[5160,5121,5009],"product_tag":[],"class_list":{"0":"post-62310","1":"product","2":"type-product","3":"status-publish","5":"product_brand-valvoline","6":"product_cat-jahutusvedelikud","7":"product_cat-klaasipesu-ja-jahutusvedelikud","8":"product_cat-toostus-ja-autokeemia","10":"first","11":"instock","12":"purchasable","13":"product-type-simple"},"yoast_head":"<!-- This site is optimized with the Yoast SEO plugin v27.4 - https:\/\/yoast.com\/product\/yoast-seo-wordpress\/ -->\n<title>Jahutusvedelik HT-12 Green valmissegu 20L, Valvoline - Ranoja<\/title>\n<meta name=\"robots\" content=\"index, follow, max-snippet:-1, max-image-preview:large, max-video-preview:-1\" \/>\n<link rel=\"canonical\" href=\"https:\/\/ranoja.ee\/toode\/jahutusvedelik-ht-12-green-valmissegu-20l-valvoline\/\" \/>\n<meta property=\"og:locale\" content=\"en_US\" \/>\n<meta property=\"og:type\" content=\"article\" \/>\n<meta property=\"og:title\" content=\"Jahutusvedelik HT-12 Green valmissegu 20L, Valvoline - Ranoja\" \/>\n<meta property=\"og:description\" content=\"Uusim patenteeritud* jahutusvedeliku tehnoloogia BMW, MINI ja Rolls-Royce jaoks Valvoline HT-12 Coolant Green on suurep\u00e4rane mootori jahutusvedelik, mis on v\u00e4lja t\u00f6\u00f6tatud selleks, et seda t\u00e4ita enamiku suure j\u00f5udlusega mootorite uusimad n\u00f5uded ja pakkuda laiemat teenust eluiga kuni 5 aastat v\u00f5i 250 000 km. See Si-OAT koostis sisaldab tipptasemel orgaanilise happe tehnoloogiat et\u00fcleengl\u00fckoolis alus k\u00f5igi jahutuss\u00fcsteemi komponentide ja metallide, sealhulgas alumiiniumi suurep\u00e4raseks kaitseks. Valvoline HT-12 Green on fosfaatide, nitritite, amiinide ja boraatide vaba ning \u00fchildub isegi kraaniveega. Ametlik heakskiit: BMW LC-18 J\u00f5udlustasemed Cummins CES 14603, CES 14439 CUNA NC 956-16 Deutz DQC CC-14 GB 29743-2013 JIS K 2234:2006 ONORM V 5123 PN-C40007:2000 SANS 1251:2005 ASTM D3306 ASTM D4985 ASTM D6210 AS 2108-2004 BS 6580:2010 BMW LC-87 Rakendused \u00dchildub BMW-ga aastast 1988 (LC-87)\" \/>\n<meta property=\"og:url\" content=\"https:\/\/ranoja.ee\/toode\/jahutusvedelik-ht-12-green-valmissegu-20l-valvoline\/\" \/>\n<meta property=\"og:site_name\" content=\"Ranoja\" \/>\n<meta property=\"article:publisher\" content=\"https:\/\/www.facebook.com\/ranoja.ee\" \/>\n<meta property=\"article:modified_time\" content=\"2026-03-17T12:35:58+00:00\" \/>\n<meta name=\"twitter:card\" content=\"summary_large_image\" \/>\n<script type=\"application\/ld+json\" class=\"yoast-schema-graph\">{\"@context\":\"https:\\\/\\\/schema.org\",\"@graph\":[{\"@type\":\"WebPage\",\"@id\":\"https:\\\/\\\/ranoja.ee\\\/toode\\\/jahutusvedelik-ht-12-green-valmissegu-20l-valvoline\\\/\",\"url\":\"https:\\\/\\\/ranoja.ee\\\/toode\\\/jahutusvedelik-ht-12-green-valmissegu-20l-valvoline\\\/\",\"name\":\"Jahutusvedelik HT-12 Green valmissegu 20L, Valvoline - Ranoja\",\"isPartOf\":{\"@id\":\"https:\\\/\\\/ranoja.ee\\\/#website\"},\"datePublished\":\"2026-03-16T23:38:07+00:00\",\"dateModified\":\"2026-03-17T12:35:58+00:00\",\"breadcrumb\":{\"@id\":\"https:\\\/\\\/ranoja.ee\\\/toode\\\/jahutusvedelik-ht-12-green-valmissegu-20l-valvoline\\\/#breadcrumb\"},\"inLanguage\":\"en-US\",\"potentialAction\":[{\"@type\":\"ReadAction\",\"target\":[\"https:\\\/\\\/ranoja.ee\\\/toode\\\/jahutusvedelik-ht-12-green-valmissegu-20l-valvoline\\\/\"]}]},{\"@type\":\"BreadcrumbList\",\"@id\":\"https:\\\/\\\/ranoja.ee\\\/toode\\\/jahutusvedelik-ht-12-green-valmissegu-20l-valvoline\\\/#breadcrumb\",\"itemListElement\":[{\"@type\":\"ListItem\",\"position\":1,\"name\":\"Home\",\"item\":\"https:\\\/\\\/ranoja.ee\\\/\"},{\"@type\":\"ListItem\",\"position\":2,\"name\":\"Shop\",\"item\":\"https:\\\/\\\/ranoja.ee\\\/en\\\/shop\\\/\"},{\"@type\":\"ListItem\",\"position\":3,\"name\":\"Jahutusvedelik HT-12 Green valmissegu 20L, Valvoline\"}]},{\"@type\":\"WebSite\",\"@id\":\"https:\\\/\\\/ranoja.ee\\\/#website\",\"url\":\"https:\\\/\\\/ranoja.ee\\\/\",\"name\":\"Ranoja\",\"description\":\"Equipment Shop WooCommerce WordPress Theme for Machine &amp; Tools\",\"publisher\":{\"@id\":\"https:\\\/\\\/ranoja.ee\\\/#organization\"},\"potentialAction\":[{\"@type\":\"SearchAction\",\"target\":{\"@type\":\"EntryPoint\",\"urlTemplate\":\"https:\\\/\\\/ranoja.ee\\\/?s={search_term_string}\"},\"query-input\":{\"@type\":\"PropertyValueSpecification\",\"valueRequired\":true,\"valueName\":\"search_term_string\"}}],\"inLanguage\":\"en-US\"},{\"@type\":\"Organization\",\"@id\":\"https:\\\/\\\/ranoja.ee\\\/#organization\",\"name\":\"Ranoja O\u00dc\",\"url\":\"https:\\\/\\\/ranoja.ee\\\/\",\"logo\":{\"@type\":\"ImageObject\",\"inLanguage\":\"en-US\",\"@id\":\"https:\\\/\\\/ranoja.ee\\\/#\\\/schema\\\/logo\\\/image\\\/\",\"url\":\"https:\\\/\\\/ranoja.ee\\\/wp-content\\\/uploads\\\/2023\\\/11\\\/ranoja-Logo.png\",\"contentUrl\":\"https:\\\/\\\/ranoja.ee\\\/wp-content\\\/uploads\\\/2023\\\/11\\\/ranoja-Logo.png\",\"width\":207,\"height\":58,\"caption\":\"Ranoja O\u00dc\"},\"image\":{\"@id\":\"https:\\\/\\\/ranoja.ee\\\/#\\\/schema\\\/logo\\\/image\\\/\"},\"sameAs\":[\"https:\\\/\\\/www.facebook.com\\\/ranoja.ee\",\"https:\\\/\\\/www.instagram.com\\\/ranoja__\\\/\"]}]}<\/script>\n<!-- \/ Yoast SEO plugin. -->","yoast_head_json":{"title":"Jahutusvedelik HT-12 Green valmissegu 20L, Valvoline - Ranoja","robots":{"index":"index","follow":"follow","max-snippet":"max-snippet:-1","max-image-preview":"max-image-preview:large","max-video-preview":"max-video-preview:-1"},"canonical":"https:\/\/ranoja.ee\/toode\/jahutusvedelik-ht-12-green-valmissegu-20l-valvoline\/","og_locale":"en_US","og_type":"article","og_title":"Jahutusvedelik HT-12 Green valmissegu 20L, Valvoline - Ranoja","og_description":"Uusim patenteeritud* jahutusvedeliku tehnoloogia BMW, MINI ja Rolls-Royce jaoks Valvoline HT-12 Coolant Green on suurep\u00e4rane mootori jahutusvedelik, mis on v\u00e4lja t\u00f6\u00f6tatud selleks, et seda t\u00e4ita enamiku suure j\u00f5udlusega mootorite uusimad n\u00f5uded ja pakkuda laiemat teenust eluiga kuni 5 aastat v\u00f5i 250 000 km. See Si-OAT koostis sisaldab tipptasemel orgaanilise happe tehnoloogiat et\u00fcleengl\u00fckoolis alus k\u00f5igi jahutuss\u00fcsteemi komponentide ja metallide, sealhulgas alumiiniumi suurep\u00e4raseks kaitseks. Valvoline HT-12 Green on fosfaatide, nitritite, amiinide ja boraatide vaba ning \u00fchildub isegi kraaniveega. Ametlik heakskiit: BMW LC-18 J\u00f5udlustasemed Cummins CES 14603, CES 14439 CUNA NC 956-16 Deutz DQC CC-14 GB 29743-2013 JIS K 2234:2006 ONORM V 5123 PN-C40007:2000 SANS 1251:2005 ASTM D3306 ASTM D4985 ASTM D6210 AS 2108-2004 BS 6580:2010 BMW LC-87 Rakendused \u00dchildub BMW-ga aastast 1988 (LC-87)","og_url":"https:\/\/ranoja.ee\/toode\/jahutusvedelik-ht-12-green-valmissegu-20l-valvoline\/","og_site_name":"Ranoja","article_publisher":"https:\/\/www.facebook.com\/ranoja.ee","article_modified_time":"2026-03-17T12:35:58+00:00","twitter_card":"summary_large_image","schema":{"@context":"https:\/\/schema.org","@graph":[{"@type":"WebPage","@id":"https:\/\/ranoja.ee\/toode\/jahutusvedelik-ht-12-green-valmissegu-20l-valvoline\/","url":"https:\/\/ranoja.ee\/toode\/jahutusvedelik-ht-12-green-valmissegu-20l-valvoline\/","name":"Jahutusvedelik HT-12 Green valmissegu 20L, Valvoline - Ranoja","isPartOf":{"@id":"https:\/\/ranoja.ee\/#website"},"datePublished":"2026-03-16T23:38:07+00:00","dateModified":"2026-03-17T12:35:58+00:00","breadcrumb":{"@id":"https:\/\/ranoja.ee\/toode\/jahutusvedelik-ht-12-green-valmissegu-20l-valvoline\/#breadcrumb"},"inLanguage":"en-US","potentialAction":[{"@type":"ReadAction","target":["https:\/\/ranoja.ee\/toode\/jahutusvedelik-ht-12-green-valmissegu-20l-valvoline\/"]}]},{"@type":"BreadcrumbList","@id":"https:\/\/ranoja.ee\/toode\/jahutusvedelik-ht-12-green-valmissegu-20l-valvoline\/#breadcrumb","itemListElement":[{"@type":"ListItem","position":1,"name":"Home","item":"https:\/\/ranoja.ee\/"},{"@type":"ListItem","position":2,"name":"Shop","item":"https:\/\/ranoja.ee\/en\/shop\/"},{"@type":"ListItem","position":3,"name":"Jahutusvedelik HT-12 Green valmissegu 20L, Valvoline"}]},{"@type":"WebSite","@id":"https:\/\/ranoja.ee\/#website","url":"https:\/\/ranoja.ee\/","name":"Ranoja","description":"Equipment Shop WooCommerce WordPress Theme for Machine &amp; Tools","publisher":{"@id":"https:\/\/ranoja.ee\/#organization"},"potentialAction":[{"@type":"SearchAction","target":{"@type":"EntryPoint","urlTemplate":"https:\/\/ranoja.ee\/?s={search_term_string}"},"query-input":{"@type":"PropertyValueSpecification","valueRequired":true,"valueName":"search_term_string"}}],"inLanguage":"en-US"},{"@type":"Organization","@id":"https:\/\/ranoja.ee\/#organization","name":"Ranoja O\u00dc","url":"https:\/\/ranoja.ee\/","logo":{"@type":"ImageObject","inLanguage":"en-US","@id":"https:\/\/ranoja.ee\/#\/schema\/logo\/image\/","url":"https:\/\/ranoja.ee\/wp-content\/uploads\/2023\/11\/ranoja-Logo.png","contentUrl":"https:\/\/ranoja.ee\/wp-content\/uploads\/2023\/11\/ranoja-Logo.png","width":207,"height":58,"caption":"Ranoja O\u00dc"},"image":{"@id":"https:\/\/ranoja.ee\/#\/schema\/logo\/image\/"},"sameAs":["https:\/\/www.facebook.com\/ranoja.ee","https:\/\/www.instagram.com\/ranoja__\/"]}]}},"_links":{"self":[{"href":"https:\/\/ranoja.ee\/en\/wp-json\/wp\/v2\/product\/62310","targetHints":{"allow":["GET"]}}],"collection":[{"href":"https:\/\/ranoja.ee\/en\/wp-json\/wp\/v2\/product"}],"about":[{"href":"https:\/\/ranoja.ee\/en\/wp-json\/wp\/v2\/types\/product"}],"wp:attachment":[{"href":"https:\/\/ranoja.ee\/en\/wp-json\/wp\/v2\/media?parent=62310"}],"wp:term":[{"taxonomy":"product_cat","embeddable":true,"href":"https:\/\/ranoja.ee\/en\/wp-json\/wp\/v2\/product_cat?post=62310"},{"taxonomy":"product_tag","embeddable":true,"href":"https:\/\/ranoja.ee\/en\/wp-json\/wp\/v2\/product_tag?post=62310"}],"curies":[{"name":"wp","href":"https:\/\/api.w.org\/{rel}","templated":true}]}}