{"id":62292,"date":"2026-03-17T02:37:48","date_gmt":"2026-03-16T23:37:48","guid":{"rendered":"https:\/\/ranoja.ee\/toode\/pohjakaitse-bituumeni-baasiline-1000ml-motip\/"},"modified":"2026-03-17T15:35:58","modified_gmt":"2026-03-17T12:35:58","slug":"pohjakaitse-bituumeni-baasiline-1000ml-motip","status":"publish","type":"product","link":"https:\/\/ranoja.ee\/en\/toode\/pohjakaitse-bituumeni-baasiline-1000ml-motip\/","title":{"rendered":"P\u00f5hjakaitse bituumeni baasiline 1000ml, Motip"},"content":{"rendered":"","protected":false},"excerpt":{"rendered":"<p>Kaitseaine auto p\u00f5hjaosa hooldamiseks. Bituumeni baasiline p\u00f5hjakaitse on vastupidav ilmastikuoludele, n\u00f5rkadele hapetele ja aluselistele ainetele. Toode aitab suurep\u00e4raselt ennetada rooste teket. Bituumeni baasiline p\u00f5hjakaitseaine s\u00e4ilitab elastsuse ja on heli neelavate omadustega.<\/p>\n","protected":false},"featured_media":62293,"template":"","meta":{"inline_featured_image":false},"product_cat":[5246,5475,5009],"product_tag":[],"class_list":{"0":"post-62292","1":"product","2":"type-product","3":"status-publish","4":"has-post-thumbnail","6":"product_brand-motip","7":"product_cat-korosioonitorjevahendid","8":"product_cat-pohjakaitseained","9":"product_cat-toostus-ja-autokeemia","11":"first","12":"instock","13":"purchasable","14":"product-type-simple"},"yoast_head":"<!-- This site is optimized with the Yoast SEO plugin v27.4 - https:\/\/yoast.com\/product\/yoast-seo-wordpress\/ -->\n<title>P\u00f5hjakaitse bituumeni baasiline 1000ml, Motip - Ranoja<\/title>\n<meta name=\"robots\" content=\"index, follow, max-snippet:-1, max-image-preview:large, max-video-preview:-1\" \/>\n<link rel=\"canonical\" href=\"https:\/\/ranoja.ee\/toode\/pohjakaitse-bituumeni-baasiline-1000ml-motip\/\" \/>\n<meta property=\"og:locale\" content=\"en_US\" \/>\n<meta property=\"og:type\" content=\"article\" \/>\n<meta property=\"og:title\" content=\"P\u00f5hjakaitse bituumeni baasiline 1000ml, Motip - Ranoja\" \/>\n<meta property=\"og:description\" content=\"Kaitseaine auto p\u00f5hjaosa hooldamiseks. Bituumeni baasiline p\u00f5hjakaitse on vastupidav ilmastikuoludele, n\u00f5rkadele hapetele ja aluselistele ainetele. Toode aitab suurep\u00e4raselt ennetada rooste teket. Bituumeni baasiline p\u00f5hjakaitseaine s\u00e4ilitab elastsuse ja on heli neelavate omadustega.\" \/>\n<meta property=\"og:url\" content=\"https:\/\/ranoja.ee\/toode\/pohjakaitse-bituumeni-baasiline-1000ml-motip\/\" \/>\n<meta property=\"og:site_name\" content=\"Ranoja\" \/>\n<meta property=\"article:publisher\" content=\"https:\/\/www.facebook.com\/ranoja.ee\" \/>\n<meta property=\"article:modified_time\" content=\"2026-03-17T12:35:58+00:00\" \/>\n<meta property=\"og:image\" content=\"https:\/\/ranoja.ee\/wp-content\/uploads\/2026\/03\/249269521.png\" \/>\n\t<meta property=\"og:image:width\" content=\"311\" \/>\n\t<meta property=\"og:image:height\" content=\"643\" \/>\n\t<meta property=\"og:image:type\" content=\"image\/jpeg\" \/>\n<meta name=\"twitter:card\" content=\"summary_large_image\" \/>\n<script type=\"application\/ld+json\" class=\"yoast-schema-graph\">{\"@context\":\"https:\\\/\\\/schema.org\",\"@graph\":[{\"@type\":\"WebPage\",\"@id\":\"https:\\\/\\\/ranoja.ee\\\/toode\\\/pohjakaitse-bituumeni-baasiline-1000ml-motip\\\/\",\"url\":\"https:\\\/\\\/ranoja.ee\\\/toode\\\/pohjakaitse-bituumeni-baasiline-1000ml-motip\\\/\",\"name\":\"P\u00f5hjakaitse bituumeni baasiline 1000ml, Motip - Ranoja\",\"isPartOf\":{\"@id\":\"https:\\\/\\\/ranoja.ee\\\/#website\"},\"primaryImageOfPage\":{\"@id\":\"https:\\\/\\\/ranoja.ee\\\/toode\\\/pohjakaitse-bituumeni-baasiline-1000ml-motip\\\/#primaryimage\"},\"image\":{\"@id\":\"https:\\\/\\\/ranoja.ee\\\/toode\\\/pohjakaitse-bituumeni-baasiline-1000ml-motip\\\/#primaryimage\"},\"thumbnailUrl\":\"https:\\\/\\\/ranoja.ee\\\/wp-content\\\/uploads\\\/2026\\\/03\\\/249269521.png\",\"datePublished\":\"2026-03-16T23:37:48+00:00\",\"dateModified\":\"2026-03-17T12:35:58+00:00\",\"breadcrumb\":{\"@id\":\"https:\\\/\\\/ranoja.ee\\\/toode\\\/pohjakaitse-bituumeni-baasiline-1000ml-motip\\\/#breadcrumb\"},\"inLanguage\":\"en-US\",\"potentialAction\":[{\"@type\":\"ReadAction\",\"target\":[\"https:\\\/\\\/ranoja.ee\\\/toode\\\/pohjakaitse-bituumeni-baasiline-1000ml-motip\\\/\"]}]},{\"@type\":\"ImageObject\",\"inLanguage\":\"en-US\",\"@id\":\"https:\\\/\\\/ranoja.ee\\\/toode\\\/pohjakaitse-bituumeni-baasiline-1000ml-motip\\\/#primaryimage\",\"url\":\"https:\\\/\\\/ranoja.ee\\\/wp-content\\\/uploads\\\/2026\\\/03\\\/249269521.png\",\"contentUrl\":\"https:\\\/\\\/ranoja.ee\\\/wp-content\\\/uploads\\\/2026\\\/03\\\/249269521.png\",\"width\":311,\"height\":643},{\"@type\":\"BreadcrumbList\",\"@id\":\"https:\\\/\\\/ranoja.ee\\\/toode\\\/pohjakaitse-bituumeni-baasiline-1000ml-motip\\\/#breadcrumb\",\"itemListElement\":[{\"@type\":\"ListItem\",\"position\":1,\"name\":\"Home\",\"item\":\"https:\\\/\\\/ranoja.ee\\\/\"},{\"@type\":\"ListItem\",\"position\":2,\"name\":\"Shop\",\"item\":\"https:\\\/\\\/ranoja.ee\\\/en\\\/shop\\\/\"},{\"@type\":\"ListItem\",\"position\":3,\"name\":\"P\u00f5hjakaitse bituumeni baasiline 1000ml, Motip\"}]},{\"@type\":\"WebSite\",\"@id\":\"https:\\\/\\\/ranoja.ee\\\/#website\",\"url\":\"https:\\\/\\\/ranoja.ee\\\/\",\"name\":\"Ranoja\",\"description\":\"Equipment Shop WooCommerce WordPress Theme for Machine &amp; Tools\",\"publisher\":{\"@id\":\"https:\\\/\\\/ranoja.ee\\\/#organization\"},\"potentialAction\":[{\"@type\":\"SearchAction\",\"target\":{\"@type\":\"EntryPoint\",\"urlTemplate\":\"https:\\\/\\\/ranoja.ee\\\/?s={search_term_string}\"},\"query-input\":{\"@type\":\"PropertyValueSpecification\",\"valueRequired\":true,\"valueName\":\"search_term_string\"}}],\"inLanguage\":\"en-US\"},{\"@type\":\"Organization\",\"@id\":\"https:\\\/\\\/ranoja.ee\\\/#organization\",\"name\":\"Ranoja O\u00dc\",\"url\":\"https:\\\/\\\/ranoja.ee\\\/\",\"logo\":{\"@type\":\"ImageObject\",\"inLanguage\":\"en-US\",\"@id\":\"https:\\\/\\\/ranoja.ee\\\/#\\\/schema\\\/logo\\\/image\\\/\",\"url\":\"https:\\\/\\\/ranoja.ee\\\/wp-content\\\/uploads\\\/2023\\\/11\\\/ranoja-Logo.png\",\"contentUrl\":\"https:\\\/\\\/ranoja.ee\\\/wp-content\\\/uploads\\\/2023\\\/11\\\/ranoja-Logo.png\",\"width\":207,\"height\":58,\"caption\":\"Ranoja O\u00dc\"},\"image\":{\"@id\":\"https:\\\/\\\/ranoja.ee\\\/#\\\/schema\\\/logo\\\/image\\\/\"},\"sameAs\":[\"https:\\\/\\\/www.facebook.com\\\/ranoja.ee\",\"https:\\\/\\\/www.instagram.com\\\/ranoja__\\\/\"]}]}<\/script>\n<!-- \/ Yoast SEO plugin. -->","yoast_head_json":{"title":"P\u00f5hjakaitse bituumeni baasiline 1000ml, Motip - Ranoja","robots":{"index":"index","follow":"follow","max-snippet":"max-snippet:-1","max-image-preview":"max-image-preview:large","max-video-preview":"max-video-preview:-1"},"canonical":"https:\/\/ranoja.ee\/toode\/pohjakaitse-bituumeni-baasiline-1000ml-motip\/","og_locale":"en_US","og_type":"article","og_title":"P\u00f5hjakaitse bituumeni baasiline 1000ml, Motip - Ranoja","og_description":"Kaitseaine auto p\u00f5hjaosa hooldamiseks. Bituumeni baasiline p\u00f5hjakaitse on vastupidav ilmastikuoludele, n\u00f5rkadele hapetele ja aluselistele ainetele. Toode aitab suurep\u00e4raselt ennetada rooste teket. Bituumeni baasiline p\u00f5hjakaitseaine s\u00e4ilitab elastsuse ja on heli neelavate omadustega.","og_url":"https:\/\/ranoja.ee\/toode\/pohjakaitse-bituumeni-baasiline-1000ml-motip\/","og_site_name":"Ranoja","article_publisher":"https:\/\/www.facebook.com\/ranoja.ee","article_modified_time":"2026-03-17T12:35:58+00:00","og_image":[{"width":311,"height":643,"url":"https:\/\/ranoja.ee\/wp-content\/uploads\/2026\/03\/249269521.png","type":"image\/jpeg"}],"twitter_card":"summary_large_image","schema":{"@context":"https:\/\/schema.org","@graph":[{"@type":"WebPage","@id":"https:\/\/ranoja.ee\/toode\/pohjakaitse-bituumeni-baasiline-1000ml-motip\/","url":"https:\/\/ranoja.ee\/toode\/pohjakaitse-bituumeni-baasiline-1000ml-motip\/","name":"P\u00f5hjakaitse bituumeni baasiline 1000ml, Motip - Ranoja","isPartOf":{"@id":"https:\/\/ranoja.ee\/#website"},"primaryImageOfPage":{"@id":"https:\/\/ranoja.ee\/toode\/pohjakaitse-bituumeni-baasiline-1000ml-motip\/#primaryimage"},"image":{"@id":"https:\/\/ranoja.ee\/toode\/pohjakaitse-bituumeni-baasiline-1000ml-motip\/#primaryimage"},"thumbnailUrl":"https:\/\/ranoja.ee\/wp-content\/uploads\/2026\/03\/249269521.png","datePublished":"2026-03-16T23:37:48+00:00","dateModified":"2026-03-17T12:35:58+00:00","breadcrumb":{"@id":"https:\/\/ranoja.ee\/toode\/pohjakaitse-bituumeni-baasiline-1000ml-motip\/#breadcrumb"},"inLanguage":"en-US","potentialAction":[{"@type":"ReadAction","target":["https:\/\/ranoja.ee\/toode\/pohjakaitse-bituumeni-baasiline-1000ml-motip\/"]}]},{"@type":"ImageObject","inLanguage":"en-US","@id":"https:\/\/ranoja.ee\/toode\/pohjakaitse-bituumeni-baasiline-1000ml-motip\/#primaryimage","url":"https:\/\/ranoja.ee\/wp-content\/uploads\/2026\/03\/249269521.png","contentUrl":"https:\/\/ranoja.ee\/wp-content\/uploads\/2026\/03\/249269521.png","width":311,"height":643},{"@type":"BreadcrumbList","@id":"https:\/\/ranoja.ee\/toode\/pohjakaitse-bituumeni-baasiline-1000ml-motip\/#breadcrumb","itemListElement":[{"@type":"ListItem","position":1,"name":"Home","item":"https:\/\/ranoja.ee\/"},{"@type":"ListItem","position":2,"name":"Shop","item":"https:\/\/ranoja.ee\/en\/shop\/"},{"@type":"ListItem","position":3,"name":"P\u00f5hjakaitse bituumeni baasiline 1000ml, Motip"}]},{"@type":"WebSite","@id":"https:\/\/ranoja.ee\/#website","url":"https:\/\/ranoja.ee\/","name":"Ranoja","description":"Equipment Shop WooCommerce WordPress Theme for Machine &amp; Tools","publisher":{"@id":"https:\/\/ranoja.ee\/#organization"},"potentialAction":[{"@type":"SearchAction","target":{"@type":"EntryPoint","urlTemplate":"https:\/\/ranoja.ee\/?s={search_term_string}"},"query-input":{"@type":"PropertyValueSpecification","valueRequired":true,"valueName":"search_term_string"}}],"inLanguage":"en-US"},{"@type":"Organization","@id":"https:\/\/ranoja.ee\/#organization","name":"Ranoja O\u00dc","url":"https:\/\/ranoja.ee\/","logo":{"@type":"ImageObject","inLanguage":"en-US","@id":"https:\/\/ranoja.ee\/#\/schema\/logo\/image\/","url":"https:\/\/ranoja.ee\/wp-content\/uploads\/2023\/11\/ranoja-Logo.png","contentUrl":"https:\/\/ranoja.ee\/wp-content\/uploads\/2023\/11\/ranoja-Logo.png","width":207,"height":58,"caption":"Ranoja O\u00dc"},"image":{"@id":"https:\/\/ranoja.ee\/#\/schema\/logo\/image\/"},"sameAs":["https:\/\/www.facebook.com\/ranoja.ee","https:\/\/www.instagram.com\/ranoja__\/"]}]}},"_links":{"self":[{"href":"https:\/\/ranoja.ee\/en\/wp-json\/wp\/v2\/product\/62292","targetHints":{"allow":["GET"]}}],"collection":[{"href":"https:\/\/ranoja.ee\/en\/wp-json\/wp\/v2\/product"}],"about":[{"href":"https:\/\/ranoja.ee\/en\/wp-json\/wp\/v2\/types\/product"}],"wp:featuredmedia":[{"embeddable":true,"href":"https:\/\/ranoja.ee\/en\/wp-json\/wp\/v2\/media\/62293"}],"wp:attachment":[{"href":"https:\/\/ranoja.ee\/en\/wp-json\/wp\/v2\/media?parent=62292"}],"wp:term":[{"taxonomy":"product_cat","embeddable":true,"href":"https:\/\/ranoja.ee\/en\/wp-json\/wp\/v2\/product_cat?post=62292"},{"taxonomy":"product_tag","embeddable":true,"href":"https:\/\/ranoja.ee\/en\/wp-json\/wp\/v2\/product_tag?post=62292"}],"curies":[{"name":"wp","href":"https:\/\/api.w.org\/{rel}","templated":true}]}}