{"id":62275,"date":"2026-03-17T02:37:48","date_gmt":"2026-03-16T23:37:48","guid":{"rendered":"https:\/\/ranoja.ee\/toode\/juhtpinnaoli-liugpinnaoli-slideway-oil-220-20l-valvoline\/"},"modified":"2026-03-17T15:35:58","modified_gmt":"2026-03-17T12:35:58","slug":"juhtpinnaoli-liugpinnaoli-slideway-oil-220-20l-valvoline","status":"publish","type":"product","link":"https:\/\/ranoja.ee\/en\/toode\/juhtpinnaoli-liugpinnaoli-slideway-oil-220-20l-valvoline\/","title":{"rendered":"Juhtpinna\u00f5li\/liugpinna\u00f5li Slideway Oil 220 20L, Valvoline"},"content":{"rendered":"","protected":false},"excerpt":{"rendered":"<p>Valvoline Slideway Oil 220 on stabiilse koostisega tippklassi liugpinna \u00f5li mis on spetsiaalselt valmistatud tagamaks t\u00f6\u00f6stuslike lihvimismasinate, freespinkide ja treipinkide m\u00e4\u00e4rimine ning sujuv ja t\u00f5rgeteta t\u00f6\u00f6. Esmaklassilised kleepuvus- ja h\u00f5\u00f5rdeomadused v\u00e4ldivad vibratsiooni teket ja tagavad masina t\u00f6\u00f6pindade sujuva liikuvuse.<br \/>\nKasutus:<br \/>\nT\u00f6\u00f6stuslikud metallit\u00f6\u00f6tlusmasinad nagu  treipingid, lihvpingid, freespingid ja CNC l\u00f5ikemasinad, nende juhtpindade, haaratsite, juhikute, tsentripuki, padruni ja suportite m\u00e4\u00e4rimiseks. <br \/>\nValvoline Slideway \u00f5li kasutamine on t\u00f5estanud igas t\u00f6\u00f6etapis sujuva liikumise ja andes j\u00e4rgmised eelised:<br \/>\n&#8211; Detailii korrektne positsioneerimine t\u00f6\u00f6pingi suhtes<br \/>\n&#8211; Minimimaalsed tagasil\u00f6\u00f6gi n\u00e4itajad<br \/>\n&#8211; L\u00f5ikeriistade ja terade pikem elu\/kasutusiga<br \/>\n&#8211; Korrektselt \u00f5ige pinnaviimistlus<br \/>\n&#8211; V\u00e4hem seisuaega, rohkem tootlikkust<br \/>\nMuud eelised:<br \/>\n&#8211; Stabiilne m\u00e4\u00e4rdekile juhtpindadel<br \/>\n&#8211; Madal h\u00f5\u00f5rdetegur<br \/>\n&#8211; Esmaklassiline korrosioonikaitse metallpindadele<br \/>\n&#8211; Ei toimu t\u00f6\u00f6pindade v\u00e4rvi muutust<br \/>\n&#8211; Hea eraldusv\u00f5ime enamikest veebaasilistest metallit\u00f6\u00f6tlus vedelikest<br \/>\nJ\u00f5udlustasemed:<br \/>\nISO 19378 GA, GB<br \/>\nISO 11158 HG<br \/>\nM\u00fcller Weingarten pressides<\/p>\n","protected":false},"featured_media":0,"template":"","meta":{"inline_featured_image":false},"product_cat":[5445,5012,5093],"product_tag":[],"class_list":{"0":"post-62275","1":"product","2":"type-product","3":"status-publish","5":"product_brand-valvoline","6":"product_cat-liugpinna-ja-hammasulekandeolid","7":"product_cat-olid-ja-maardeained","8":"product_cat-toostusolid","10":"first","11":"instock","12":"purchasable","13":"product-type-simple"},"yoast_head":"<!-- This site is optimized with the Yoast SEO plugin v27.4 - https:\/\/yoast.com\/product\/yoast-seo-wordpress\/ -->\n<title>Juhtpinna\u00f5li\/liugpinna\u00f5li Slideway Oil 220 20L, Valvoline - Ranoja<\/title>\n<meta name=\"robots\" content=\"index, follow, max-snippet:-1, max-image-preview:large, max-video-preview:-1\" \/>\n<link rel=\"canonical\" href=\"https:\/\/ranoja.ee\/toode\/juhtpinnaoli-liugpinnaoli-slideway-oil-220-20l-valvoline\/\" \/>\n<meta property=\"og:locale\" content=\"en_US\" \/>\n<meta property=\"og:type\" content=\"article\" \/>\n<meta property=\"og:title\" content=\"Juhtpinna\u00f5li\/liugpinna\u00f5li Slideway Oil 220 20L, Valvoline - Ranoja\" \/>\n<meta property=\"og:description\" content=\"Valvoline Slideway Oil 220 on stabiilse koostisega tippklassi liugpinna \u00f5li mis on spetsiaalselt valmistatud tagamaks t\u00f6\u00f6stuslike lihvimismasinate, freespinkide ja treipinkide m\u00e4\u00e4rimine ning sujuv ja t\u00f5rgeteta t\u00f6\u00f6. Esmaklassilised kleepuvus- ja h\u00f5\u00f5rdeomadused v\u00e4ldivad vibratsiooni teket ja tagavad masina t\u00f6\u00f6pindade sujuva liikuvuse. Kasutus: T\u00f6\u00f6stuslikud metallit\u00f6\u00f6tlusmasinad nagu treipingid, lihvpingid, freespingid ja CNC l\u00f5ikemasinad, nende juhtpindade, haaratsite, juhikute, tsentripuki, padruni ja suportite m\u00e4\u00e4rimiseks. Valvoline Slideway \u00f5li kasutamine on t\u00f5estanud igas t\u00f6\u00f6etapis sujuva liikumise ja andes j\u00e4rgmised eelised: - Detailii korrektne positsioneerimine t\u00f6\u00f6pingi suhtes - Minimimaalsed tagasil\u00f6\u00f6gi n\u00e4itajad - L\u00f5ikeriistade ja terade pikem elu\/kasutusiga - Korrektselt \u00f5ige pinnaviimistlus - V\u00e4hem seisuaega, rohkem tootlikkust Muud eelised: - Stabiilne m\u00e4\u00e4rdekile juhtpindadel - Madal h\u00f5\u00f5rdetegur - Esmaklassiline korrosioonikaitse metallpindadele - Ei toimu t\u00f6\u00f6pindade v\u00e4rvi muutust - Hea eraldusv\u00f5ime enamikest veebaasilistest metallit\u00f6\u00f6tlus vedelikest J\u00f5udlustasemed: ISO 19378 GA, GB ISO 11158 HG M\u00fcller Weingarten pressides\" \/>\n<meta property=\"og:url\" content=\"https:\/\/ranoja.ee\/toode\/juhtpinnaoli-liugpinnaoli-slideway-oil-220-20l-valvoline\/\" \/>\n<meta property=\"og:site_name\" content=\"Ranoja\" \/>\n<meta property=\"article:publisher\" content=\"https:\/\/www.facebook.com\/ranoja.ee\" \/>\n<meta property=\"article:modified_time\" content=\"2026-03-17T12:35:58+00:00\" \/>\n<meta name=\"twitter:card\" content=\"summary_large_image\" \/>\n<script type=\"application\/ld+json\" class=\"yoast-schema-graph\">{\"@context\":\"https:\\\/\\\/schema.org\",\"@graph\":[{\"@type\":\"WebPage\",\"@id\":\"https:\\\/\\\/ranoja.ee\\\/toode\\\/juhtpinnaoli-liugpinnaoli-slideway-oil-220-20l-valvoline\\\/\",\"url\":\"https:\\\/\\\/ranoja.ee\\\/toode\\\/juhtpinnaoli-liugpinnaoli-slideway-oil-220-20l-valvoline\\\/\",\"name\":\"Juhtpinna\u00f5li\\\/liugpinna\u00f5li Slideway Oil 220 20L, Valvoline - Ranoja\",\"isPartOf\":{\"@id\":\"https:\\\/\\\/ranoja.ee\\\/#website\"},\"datePublished\":\"2026-03-16T23:37:48+00:00\",\"dateModified\":\"2026-03-17T12:35:58+00:00\",\"breadcrumb\":{\"@id\":\"https:\\\/\\\/ranoja.ee\\\/toode\\\/juhtpinnaoli-liugpinnaoli-slideway-oil-220-20l-valvoline\\\/#breadcrumb\"},\"inLanguage\":\"en-US\",\"potentialAction\":[{\"@type\":\"ReadAction\",\"target\":[\"https:\\\/\\\/ranoja.ee\\\/toode\\\/juhtpinnaoli-liugpinnaoli-slideway-oil-220-20l-valvoline\\\/\"]}]},{\"@type\":\"BreadcrumbList\",\"@id\":\"https:\\\/\\\/ranoja.ee\\\/toode\\\/juhtpinnaoli-liugpinnaoli-slideway-oil-220-20l-valvoline\\\/#breadcrumb\",\"itemListElement\":[{\"@type\":\"ListItem\",\"position\":1,\"name\":\"Home\",\"item\":\"https:\\\/\\\/ranoja.ee\\\/\"},{\"@type\":\"ListItem\",\"position\":2,\"name\":\"Shop\",\"item\":\"https:\\\/\\\/ranoja.ee\\\/en\\\/shop\\\/\"},{\"@type\":\"ListItem\",\"position\":3,\"name\":\"Juhtpinna\u00f5li\\\/liugpinna\u00f5li Slideway Oil 220 20L, Valvoline\"}]},{\"@type\":\"WebSite\",\"@id\":\"https:\\\/\\\/ranoja.ee\\\/#website\",\"url\":\"https:\\\/\\\/ranoja.ee\\\/\",\"name\":\"Ranoja\",\"description\":\"Equipment Shop WooCommerce WordPress Theme for Machine &amp; Tools\",\"publisher\":{\"@id\":\"https:\\\/\\\/ranoja.ee\\\/#organization\"},\"potentialAction\":[{\"@type\":\"SearchAction\",\"target\":{\"@type\":\"EntryPoint\",\"urlTemplate\":\"https:\\\/\\\/ranoja.ee\\\/?s={search_term_string}\"},\"query-input\":{\"@type\":\"PropertyValueSpecification\",\"valueRequired\":true,\"valueName\":\"search_term_string\"}}],\"inLanguage\":\"en-US\"},{\"@type\":\"Organization\",\"@id\":\"https:\\\/\\\/ranoja.ee\\\/#organization\",\"name\":\"Ranoja O\u00dc\",\"url\":\"https:\\\/\\\/ranoja.ee\\\/\",\"logo\":{\"@type\":\"ImageObject\",\"inLanguage\":\"en-US\",\"@id\":\"https:\\\/\\\/ranoja.ee\\\/#\\\/schema\\\/logo\\\/image\\\/\",\"url\":\"https:\\\/\\\/ranoja.ee\\\/wp-content\\\/uploads\\\/2023\\\/11\\\/ranoja-Logo.png\",\"contentUrl\":\"https:\\\/\\\/ranoja.ee\\\/wp-content\\\/uploads\\\/2023\\\/11\\\/ranoja-Logo.png\",\"width\":207,\"height\":58,\"caption\":\"Ranoja O\u00dc\"},\"image\":{\"@id\":\"https:\\\/\\\/ranoja.ee\\\/#\\\/schema\\\/logo\\\/image\\\/\"},\"sameAs\":[\"https:\\\/\\\/www.facebook.com\\\/ranoja.ee\",\"https:\\\/\\\/www.instagram.com\\\/ranoja__\\\/\"]}]}<\/script>\n<!-- \/ Yoast SEO plugin. -->","yoast_head_json":{"title":"Juhtpinna\u00f5li\/liugpinna\u00f5li Slideway Oil 220 20L, Valvoline - Ranoja","robots":{"index":"index","follow":"follow","max-snippet":"max-snippet:-1","max-image-preview":"max-image-preview:large","max-video-preview":"max-video-preview:-1"},"canonical":"https:\/\/ranoja.ee\/toode\/juhtpinnaoli-liugpinnaoli-slideway-oil-220-20l-valvoline\/","og_locale":"en_US","og_type":"article","og_title":"Juhtpinna\u00f5li\/liugpinna\u00f5li Slideway Oil 220 20L, Valvoline - Ranoja","og_description":"Valvoline Slideway Oil 220 on stabiilse koostisega tippklassi liugpinna \u00f5li mis on spetsiaalselt valmistatud tagamaks t\u00f6\u00f6stuslike lihvimismasinate, freespinkide ja treipinkide m\u00e4\u00e4rimine ning sujuv ja t\u00f5rgeteta t\u00f6\u00f6. Esmaklassilised kleepuvus- ja h\u00f5\u00f5rdeomadused v\u00e4ldivad vibratsiooni teket ja tagavad masina t\u00f6\u00f6pindade sujuva liikuvuse. Kasutus: T\u00f6\u00f6stuslikud metallit\u00f6\u00f6tlusmasinad nagu treipingid, lihvpingid, freespingid ja CNC l\u00f5ikemasinad, nende juhtpindade, haaratsite, juhikute, tsentripuki, padruni ja suportite m\u00e4\u00e4rimiseks. Valvoline Slideway \u00f5li kasutamine on t\u00f5estanud igas t\u00f6\u00f6etapis sujuva liikumise ja andes j\u00e4rgmised eelised: - Detailii korrektne positsioneerimine t\u00f6\u00f6pingi suhtes - Minimimaalsed tagasil\u00f6\u00f6gi n\u00e4itajad - L\u00f5ikeriistade ja terade pikem elu\/kasutusiga - Korrektselt \u00f5ige pinnaviimistlus - V\u00e4hem seisuaega, rohkem tootlikkust Muud eelised: - Stabiilne m\u00e4\u00e4rdekile juhtpindadel - Madal h\u00f5\u00f5rdetegur - Esmaklassiline korrosioonikaitse metallpindadele - Ei toimu t\u00f6\u00f6pindade v\u00e4rvi muutust - Hea eraldusv\u00f5ime enamikest veebaasilistest metallit\u00f6\u00f6tlus vedelikest J\u00f5udlustasemed: ISO 19378 GA, GB ISO 11158 HG M\u00fcller Weingarten pressides","og_url":"https:\/\/ranoja.ee\/toode\/juhtpinnaoli-liugpinnaoli-slideway-oil-220-20l-valvoline\/","og_site_name":"Ranoja","article_publisher":"https:\/\/www.facebook.com\/ranoja.ee","article_modified_time":"2026-03-17T12:35:58+00:00","twitter_card":"summary_large_image","schema":{"@context":"https:\/\/schema.org","@graph":[{"@type":"WebPage","@id":"https:\/\/ranoja.ee\/toode\/juhtpinnaoli-liugpinnaoli-slideway-oil-220-20l-valvoline\/","url":"https:\/\/ranoja.ee\/toode\/juhtpinnaoli-liugpinnaoli-slideway-oil-220-20l-valvoline\/","name":"Juhtpinna\u00f5li\/liugpinna\u00f5li Slideway Oil 220 20L, Valvoline - Ranoja","isPartOf":{"@id":"https:\/\/ranoja.ee\/#website"},"datePublished":"2026-03-16T23:37:48+00:00","dateModified":"2026-03-17T12:35:58+00:00","breadcrumb":{"@id":"https:\/\/ranoja.ee\/toode\/juhtpinnaoli-liugpinnaoli-slideway-oil-220-20l-valvoline\/#breadcrumb"},"inLanguage":"en-US","potentialAction":[{"@type":"ReadAction","target":["https:\/\/ranoja.ee\/toode\/juhtpinnaoli-liugpinnaoli-slideway-oil-220-20l-valvoline\/"]}]},{"@type":"BreadcrumbList","@id":"https:\/\/ranoja.ee\/toode\/juhtpinnaoli-liugpinnaoli-slideway-oil-220-20l-valvoline\/#breadcrumb","itemListElement":[{"@type":"ListItem","position":1,"name":"Home","item":"https:\/\/ranoja.ee\/"},{"@type":"ListItem","position":2,"name":"Shop","item":"https:\/\/ranoja.ee\/en\/shop\/"},{"@type":"ListItem","position":3,"name":"Juhtpinna\u00f5li\/liugpinna\u00f5li Slideway Oil 220 20L, Valvoline"}]},{"@type":"WebSite","@id":"https:\/\/ranoja.ee\/#website","url":"https:\/\/ranoja.ee\/","name":"Ranoja","description":"Equipment Shop WooCommerce WordPress Theme for Machine &amp; Tools","publisher":{"@id":"https:\/\/ranoja.ee\/#organization"},"potentialAction":[{"@type":"SearchAction","target":{"@type":"EntryPoint","urlTemplate":"https:\/\/ranoja.ee\/?s={search_term_string}"},"query-input":{"@type":"PropertyValueSpecification","valueRequired":true,"valueName":"search_term_string"}}],"inLanguage":"en-US"},{"@type":"Organization","@id":"https:\/\/ranoja.ee\/#organization","name":"Ranoja O\u00dc","url":"https:\/\/ranoja.ee\/","logo":{"@type":"ImageObject","inLanguage":"en-US","@id":"https:\/\/ranoja.ee\/#\/schema\/logo\/image\/","url":"https:\/\/ranoja.ee\/wp-content\/uploads\/2023\/11\/ranoja-Logo.png","contentUrl":"https:\/\/ranoja.ee\/wp-content\/uploads\/2023\/11\/ranoja-Logo.png","width":207,"height":58,"caption":"Ranoja O\u00dc"},"image":{"@id":"https:\/\/ranoja.ee\/#\/schema\/logo\/image\/"},"sameAs":["https:\/\/www.facebook.com\/ranoja.ee","https:\/\/www.instagram.com\/ranoja__\/"]}]}},"_links":{"self":[{"href":"https:\/\/ranoja.ee\/en\/wp-json\/wp\/v2\/product\/62275","targetHints":{"allow":["GET"]}}],"collection":[{"href":"https:\/\/ranoja.ee\/en\/wp-json\/wp\/v2\/product"}],"about":[{"href":"https:\/\/ranoja.ee\/en\/wp-json\/wp\/v2\/types\/product"}],"wp:attachment":[{"href":"https:\/\/ranoja.ee\/en\/wp-json\/wp\/v2\/media?parent=62275"}],"wp:term":[{"taxonomy":"product_cat","embeddable":true,"href":"https:\/\/ranoja.ee\/en\/wp-json\/wp\/v2\/product_cat?post=62275"},{"taxonomy":"product_tag","embeddable":true,"href":"https:\/\/ranoja.ee\/en\/wp-json\/wp\/v2\/product_tag?post=62275"}],"curies":[{"name":"wp","href":"https:\/\/api.w.org\/{rel}","templated":true}]}}