{"id":62218,"date":"2026-03-17T02:37:27","date_gmt":"2026-03-16T23:37:27","guid":{"rendered":"https:\/\/ranoja.ee\/toode\/kokkuvolditav-mehaaniku-kaitsematt-1200x400x23mm-ks-tools\/"},"modified":"2026-03-17T15:36:00","modified_gmt":"2026-03-17T12:36:00","slug":"kokkuvolditav-mehaaniku-kaitsematt-1200x400x23mm-ks-tools","status":"publish","type":"product","link":"https:\/\/ranoja.ee\/en\/toode\/kokkuvolditav-mehaaniku-kaitsematt-1200x400x23mm-ks-tools\/","title":{"rendered":"Kokkuvolditav mehaaniku kaitsematt 1200x400x23mm, KS Tools"},"content":{"rendered":"","protected":false},"excerpt":{"rendered":"<p>tagab terviseteadliku t\u00f6\u00f6tamise s\u00f5idukite alumises osas tasasel pinnal<br \/>\nniiskust ja mustust t\u00f5rjuv<br \/>\nt\u00f6\u00f6riietus ja p\u00f5lved j\u00e4\u00e4vad kuivaks, puhtaks ja ei k\u00fclmeta<br \/>\nisoleeriv 3-kordse pehme materjaliga<\/p>\n<p>BRILLIANT TOOLS uuenduslik kokkuvolditav vahtmaterjalist mehaaniku kaitsematt BT156920 kaitseb lisaks p\u00f5lvedele ka selga. 3-kihiline materjal tagab parema soojuse s\u00e4ilitamise ja mugava t\u00f6\u00f6tamise. kokkuvolditav kaitsematt pikkusega 121 cm ja laiusega 42 cm pakub piisavalt ruumi. Pika kasutuseaga vahtmaterjalist kaitsematt igap\u00e4evaseks kasutamiseks t\u00f6\u00f6kojas. Kokkupanduna on lamamismatt suurusega 42 x 19,5 x 18,5 cm v\u00e4ga kompaktne ja seda saab ruumis\u00e4\u00e4stlikult hoiustada.<br \/>\nOmadused<br \/>\nkaal g:\t1000<br \/>\nPakendi laius mm:\t202<br \/>\nPakendi k\u00f5rgus mm:\t145<br \/>\nPakendi pikkus mm:\t433<br \/>\nTugevus mm:\t23,0<br \/>\nLaius B:\t400<br \/>\nkogupikkus L mm:\t1200<\/p>\n","protected":false},"featured_media":62219,"template":"","meta":{"inline_featured_image":false},"product_cat":[5272,1596,1116,5273],"product_tag":[],"class_list":{"0":"post-62218","1":"product","2":"type-product","3":"status-publish","4":"has-post-thumbnail","6":"product_brand-ks-tools","7":"product_cat-hoolduse-spetstooriistad","8":"product_cat-kasitooriistad","9":"product_cat-lisaseadmed-ehitusseadmed-led-lisatuled-cb-raadiod-lallar","10":"product_cat-tooriistad-muu","12":"first","13":"instock","14":"purchasable","15":"product-type-simple"},"yoast_head":"<!-- This site is optimized with the Yoast SEO plugin v27.4 - https:\/\/yoast.com\/product\/yoast-seo-wordpress\/ -->\n<title>Kokkuvolditav mehaaniku kaitsematt 1200x400x23mm, KS Tools - Ranoja<\/title>\n<meta name=\"robots\" content=\"index, follow, max-snippet:-1, max-image-preview:large, max-video-preview:-1\" \/>\n<link rel=\"canonical\" href=\"https:\/\/ranoja.ee\/toode\/kokkuvolditav-mehaaniku-kaitsematt-1200x400x23mm-ks-tools\/\" \/>\n<meta property=\"og:locale\" content=\"en_US\" \/>\n<meta property=\"og:type\" content=\"article\" \/>\n<meta property=\"og:title\" content=\"Kokkuvolditav mehaaniku kaitsematt 1200x400x23mm, KS Tools - Ranoja\" \/>\n<meta property=\"og:description\" content=\"tagab terviseteadliku t\u00f6\u00f6tamise s\u00f5idukite alumises osas tasasel pinnal niiskust ja mustust t\u00f5rjuv t\u00f6\u00f6riietus ja p\u00f5lved j\u00e4\u00e4vad kuivaks, puhtaks ja ei k\u00fclmeta isoleeriv 3-kordse pehme materjaliga BRILLIANT TOOLS uuenduslik kokkuvolditav vahtmaterjalist mehaaniku kaitsematt BT156920 kaitseb lisaks p\u00f5lvedele ka selga. 3-kihiline materjal tagab parema soojuse s\u00e4ilitamise ja mugava t\u00f6\u00f6tamise. kokkuvolditav kaitsematt pikkusega 121 cm ja laiusega 42 cm pakub piisavalt ruumi. Pika kasutuseaga vahtmaterjalist kaitsematt igap\u00e4evaseks kasutamiseks t\u00f6\u00f6kojas. Kokkupanduna on lamamismatt suurusega 42 x 19,5 x 18,5 cm v\u00e4ga kompaktne ja seda saab ruumis\u00e4\u00e4stlikult hoiustada. Omadused kaal g: 1000 Pakendi laius mm: 202 Pakendi k\u00f5rgus mm: 145 Pakendi pikkus mm: 433 Tugevus mm: 23,0 Laius B: 400 kogupikkus L mm: 1200\" \/>\n<meta property=\"og:url\" content=\"https:\/\/ranoja.ee\/toode\/kokkuvolditav-mehaaniku-kaitsematt-1200x400x23mm-ks-tools\/\" \/>\n<meta property=\"og:site_name\" content=\"Ranoja\" \/>\n<meta property=\"article:publisher\" content=\"https:\/\/www.facebook.com\/ranoja.ee\" \/>\n<meta property=\"article:modified_time\" content=\"2026-03-17T12:36:00+00:00\" \/>\n<meta property=\"og:image\" content=\"https:\/\/ranoja.ee\/wp-content\/uploads\/2026\/03\/5638711912.jpg\" \/>\n\t<meta property=\"og:image:width\" content=\"900\" \/>\n\t<meta property=\"og:image:height\" content=\"900\" \/>\n\t<meta property=\"og:image:type\" content=\"image\/jpeg\" \/>\n<meta name=\"twitter:card\" content=\"summary_large_image\" \/>\n<script type=\"application\/ld+json\" class=\"yoast-schema-graph\">{\"@context\":\"https:\\\/\\\/schema.org\",\"@graph\":[{\"@type\":\"WebPage\",\"@id\":\"https:\\\/\\\/ranoja.ee\\\/toode\\\/kokkuvolditav-mehaaniku-kaitsematt-1200x400x23mm-ks-tools\\\/\",\"url\":\"https:\\\/\\\/ranoja.ee\\\/toode\\\/kokkuvolditav-mehaaniku-kaitsematt-1200x400x23mm-ks-tools\\\/\",\"name\":\"Kokkuvolditav mehaaniku kaitsematt 1200x400x23mm, KS Tools - Ranoja\",\"isPartOf\":{\"@id\":\"https:\\\/\\\/ranoja.ee\\\/#website\"},\"primaryImageOfPage\":{\"@id\":\"https:\\\/\\\/ranoja.ee\\\/toode\\\/kokkuvolditav-mehaaniku-kaitsematt-1200x400x23mm-ks-tools\\\/#primaryimage\"},\"image\":{\"@id\":\"https:\\\/\\\/ranoja.ee\\\/toode\\\/kokkuvolditav-mehaaniku-kaitsematt-1200x400x23mm-ks-tools\\\/#primaryimage\"},\"thumbnailUrl\":\"https:\\\/\\\/ranoja.ee\\\/wp-content\\\/uploads\\\/2026\\\/03\\\/5638711912.jpg\",\"datePublished\":\"2026-03-16T23:37:27+00:00\",\"dateModified\":\"2026-03-17T12:36:00+00:00\",\"breadcrumb\":{\"@id\":\"https:\\\/\\\/ranoja.ee\\\/toode\\\/kokkuvolditav-mehaaniku-kaitsematt-1200x400x23mm-ks-tools\\\/#breadcrumb\"},\"inLanguage\":\"en-US\",\"potentialAction\":[{\"@type\":\"ReadAction\",\"target\":[\"https:\\\/\\\/ranoja.ee\\\/toode\\\/kokkuvolditav-mehaaniku-kaitsematt-1200x400x23mm-ks-tools\\\/\"]}]},{\"@type\":\"ImageObject\",\"inLanguage\":\"en-US\",\"@id\":\"https:\\\/\\\/ranoja.ee\\\/toode\\\/kokkuvolditav-mehaaniku-kaitsematt-1200x400x23mm-ks-tools\\\/#primaryimage\",\"url\":\"https:\\\/\\\/ranoja.ee\\\/wp-content\\\/uploads\\\/2026\\\/03\\\/5638711912.jpg\",\"contentUrl\":\"https:\\\/\\\/ranoja.ee\\\/wp-content\\\/uploads\\\/2026\\\/03\\\/5638711912.jpg\",\"width\":900,\"height\":900},{\"@type\":\"BreadcrumbList\",\"@id\":\"https:\\\/\\\/ranoja.ee\\\/toode\\\/kokkuvolditav-mehaaniku-kaitsematt-1200x400x23mm-ks-tools\\\/#breadcrumb\",\"itemListElement\":[{\"@type\":\"ListItem\",\"position\":1,\"name\":\"Home\",\"item\":\"https:\\\/\\\/ranoja.ee\\\/\"},{\"@type\":\"ListItem\",\"position\":2,\"name\":\"Shop\",\"item\":\"https:\\\/\\\/ranoja.ee\\\/en\\\/shop\\\/\"},{\"@type\":\"ListItem\",\"position\":3,\"name\":\"Kokkuvolditav mehaaniku kaitsematt 1200x400x23mm, KS Tools\"}]},{\"@type\":\"WebSite\",\"@id\":\"https:\\\/\\\/ranoja.ee\\\/#website\",\"url\":\"https:\\\/\\\/ranoja.ee\\\/\",\"name\":\"Ranoja\",\"description\":\"Equipment Shop WooCommerce WordPress Theme for Machine &amp; Tools\",\"publisher\":{\"@id\":\"https:\\\/\\\/ranoja.ee\\\/#organization\"},\"potentialAction\":[{\"@type\":\"SearchAction\",\"target\":{\"@type\":\"EntryPoint\",\"urlTemplate\":\"https:\\\/\\\/ranoja.ee\\\/?s={search_term_string}\"},\"query-input\":{\"@type\":\"PropertyValueSpecification\",\"valueRequired\":true,\"valueName\":\"search_term_string\"}}],\"inLanguage\":\"en-US\"},{\"@type\":\"Organization\",\"@id\":\"https:\\\/\\\/ranoja.ee\\\/#organization\",\"name\":\"Ranoja O\u00dc\",\"url\":\"https:\\\/\\\/ranoja.ee\\\/\",\"logo\":{\"@type\":\"ImageObject\",\"inLanguage\":\"en-US\",\"@id\":\"https:\\\/\\\/ranoja.ee\\\/#\\\/schema\\\/logo\\\/image\\\/\",\"url\":\"https:\\\/\\\/ranoja.ee\\\/wp-content\\\/uploads\\\/2023\\\/11\\\/ranoja-Logo.png\",\"contentUrl\":\"https:\\\/\\\/ranoja.ee\\\/wp-content\\\/uploads\\\/2023\\\/11\\\/ranoja-Logo.png\",\"width\":207,\"height\":58,\"caption\":\"Ranoja O\u00dc\"},\"image\":{\"@id\":\"https:\\\/\\\/ranoja.ee\\\/#\\\/schema\\\/logo\\\/image\\\/\"},\"sameAs\":[\"https:\\\/\\\/www.facebook.com\\\/ranoja.ee\",\"https:\\\/\\\/www.instagram.com\\\/ranoja__\\\/\"]}]}<\/script>\n<!-- \/ Yoast SEO plugin. -->","yoast_head_json":{"title":"Kokkuvolditav mehaaniku kaitsematt 1200x400x23mm, KS Tools - Ranoja","robots":{"index":"index","follow":"follow","max-snippet":"max-snippet:-1","max-image-preview":"max-image-preview:large","max-video-preview":"max-video-preview:-1"},"canonical":"https:\/\/ranoja.ee\/toode\/kokkuvolditav-mehaaniku-kaitsematt-1200x400x23mm-ks-tools\/","og_locale":"en_US","og_type":"article","og_title":"Kokkuvolditav mehaaniku kaitsematt 1200x400x23mm, KS Tools - Ranoja","og_description":"tagab terviseteadliku t\u00f6\u00f6tamise s\u00f5idukite alumises osas tasasel pinnal niiskust ja mustust t\u00f5rjuv t\u00f6\u00f6riietus ja p\u00f5lved j\u00e4\u00e4vad kuivaks, puhtaks ja ei k\u00fclmeta isoleeriv 3-kordse pehme materjaliga BRILLIANT TOOLS uuenduslik kokkuvolditav vahtmaterjalist mehaaniku kaitsematt BT156920 kaitseb lisaks p\u00f5lvedele ka selga. 3-kihiline materjal tagab parema soojuse s\u00e4ilitamise ja mugava t\u00f6\u00f6tamise. kokkuvolditav kaitsematt pikkusega 121 cm ja laiusega 42 cm pakub piisavalt ruumi. Pika kasutuseaga vahtmaterjalist kaitsematt igap\u00e4evaseks kasutamiseks t\u00f6\u00f6kojas. Kokkupanduna on lamamismatt suurusega 42 x 19,5 x 18,5 cm v\u00e4ga kompaktne ja seda saab ruumis\u00e4\u00e4stlikult hoiustada. Omadused kaal g: 1000 Pakendi laius mm: 202 Pakendi k\u00f5rgus mm: 145 Pakendi pikkus mm: 433 Tugevus mm: 23,0 Laius B: 400 kogupikkus L mm: 1200","og_url":"https:\/\/ranoja.ee\/toode\/kokkuvolditav-mehaaniku-kaitsematt-1200x400x23mm-ks-tools\/","og_site_name":"Ranoja","article_publisher":"https:\/\/www.facebook.com\/ranoja.ee","article_modified_time":"2026-03-17T12:36:00+00:00","og_image":[{"width":900,"height":900,"url":"https:\/\/ranoja.ee\/wp-content\/uploads\/2026\/03\/5638711912.jpg","type":"image\/jpeg"}],"twitter_card":"summary_large_image","schema":{"@context":"https:\/\/schema.org","@graph":[{"@type":"WebPage","@id":"https:\/\/ranoja.ee\/toode\/kokkuvolditav-mehaaniku-kaitsematt-1200x400x23mm-ks-tools\/","url":"https:\/\/ranoja.ee\/toode\/kokkuvolditav-mehaaniku-kaitsematt-1200x400x23mm-ks-tools\/","name":"Kokkuvolditav mehaaniku kaitsematt 1200x400x23mm, KS Tools - Ranoja","isPartOf":{"@id":"https:\/\/ranoja.ee\/#website"},"primaryImageOfPage":{"@id":"https:\/\/ranoja.ee\/toode\/kokkuvolditav-mehaaniku-kaitsematt-1200x400x23mm-ks-tools\/#primaryimage"},"image":{"@id":"https:\/\/ranoja.ee\/toode\/kokkuvolditav-mehaaniku-kaitsematt-1200x400x23mm-ks-tools\/#primaryimage"},"thumbnailUrl":"https:\/\/ranoja.ee\/wp-content\/uploads\/2026\/03\/5638711912.jpg","datePublished":"2026-03-16T23:37:27+00:00","dateModified":"2026-03-17T12:36:00+00:00","breadcrumb":{"@id":"https:\/\/ranoja.ee\/toode\/kokkuvolditav-mehaaniku-kaitsematt-1200x400x23mm-ks-tools\/#breadcrumb"},"inLanguage":"en-US","potentialAction":[{"@type":"ReadAction","target":["https:\/\/ranoja.ee\/toode\/kokkuvolditav-mehaaniku-kaitsematt-1200x400x23mm-ks-tools\/"]}]},{"@type":"ImageObject","inLanguage":"en-US","@id":"https:\/\/ranoja.ee\/toode\/kokkuvolditav-mehaaniku-kaitsematt-1200x400x23mm-ks-tools\/#primaryimage","url":"https:\/\/ranoja.ee\/wp-content\/uploads\/2026\/03\/5638711912.jpg","contentUrl":"https:\/\/ranoja.ee\/wp-content\/uploads\/2026\/03\/5638711912.jpg","width":900,"height":900},{"@type":"BreadcrumbList","@id":"https:\/\/ranoja.ee\/toode\/kokkuvolditav-mehaaniku-kaitsematt-1200x400x23mm-ks-tools\/#breadcrumb","itemListElement":[{"@type":"ListItem","position":1,"name":"Home","item":"https:\/\/ranoja.ee\/"},{"@type":"ListItem","position":2,"name":"Shop","item":"https:\/\/ranoja.ee\/en\/shop\/"},{"@type":"ListItem","position":3,"name":"Kokkuvolditav mehaaniku kaitsematt 1200x400x23mm, KS Tools"}]},{"@type":"WebSite","@id":"https:\/\/ranoja.ee\/#website","url":"https:\/\/ranoja.ee\/","name":"Ranoja","description":"Equipment Shop WooCommerce WordPress Theme for Machine &amp; Tools","publisher":{"@id":"https:\/\/ranoja.ee\/#organization"},"potentialAction":[{"@type":"SearchAction","target":{"@type":"EntryPoint","urlTemplate":"https:\/\/ranoja.ee\/?s={search_term_string}"},"query-input":{"@type":"PropertyValueSpecification","valueRequired":true,"valueName":"search_term_string"}}],"inLanguage":"en-US"},{"@type":"Organization","@id":"https:\/\/ranoja.ee\/#organization","name":"Ranoja O\u00dc","url":"https:\/\/ranoja.ee\/","logo":{"@type":"ImageObject","inLanguage":"en-US","@id":"https:\/\/ranoja.ee\/#\/schema\/logo\/image\/","url":"https:\/\/ranoja.ee\/wp-content\/uploads\/2023\/11\/ranoja-Logo.png","contentUrl":"https:\/\/ranoja.ee\/wp-content\/uploads\/2023\/11\/ranoja-Logo.png","width":207,"height":58,"caption":"Ranoja O\u00dc"},"image":{"@id":"https:\/\/ranoja.ee\/#\/schema\/logo\/image\/"},"sameAs":["https:\/\/www.facebook.com\/ranoja.ee","https:\/\/www.instagram.com\/ranoja__\/"]}]}},"_links":{"self":[{"href":"https:\/\/ranoja.ee\/en\/wp-json\/wp\/v2\/product\/62218","targetHints":{"allow":["GET"]}}],"collection":[{"href":"https:\/\/ranoja.ee\/en\/wp-json\/wp\/v2\/product"}],"about":[{"href":"https:\/\/ranoja.ee\/en\/wp-json\/wp\/v2\/types\/product"}],"wp:featuredmedia":[{"embeddable":true,"href":"https:\/\/ranoja.ee\/en\/wp-json\/wp\/v2\/media\/62219"}],"wp:attachment":[{"href":"https:\/\/ranoja.ee\/en\/wp-json\/wp\/v2\/media?parent=62218"}],"wp:term":[{"taxonomy":"product_cat","embeddable":true,"href":"https:\/\/ranoja.ee\/en\/wp-json\/wp\/v2\/product_cat?post=62218"},{"taxonomy":"product_tag","embeddable":true,"href":"https:\/\/ranoja.ee\/en\/wp-json\/wp\/v2\/product_tag?post=62218"}],"curies":[{"name":"wp","href":"https:\/\/api.w.org\/{rel}","templated":true}]}}