{"id":62203,"date":"2026-03-17T02:37:04","date_gmt":"2026-03-16T23:37:04","guid":{"rendered":"https:\/\/ranoja.ee\/toode\/toostustransmissiooni-oli-transol-clp-320-20l-orlen-oil\/"},"modified":"2026-03-17T15:36:00","modified_gmt":"2026-03-17T12:36:00","slug":"toostustransmissiooni-oli-transol-clp-320-20l-orlen-oil","status":"publish","type":"product","link":"https:\/\/ranoja.ee\/en\/toode\/toostustransmissiooni-oli-transol-clp-320-20l-orlen-oil\/","title":{"rendered":"T\u00f6\u00f6stustransmissiooni \u00f5li Transol CLP 320 20L, Orlen Oil"},"content":{"rendered":"","protected":false},"excerpt":{"rendered":"<p>Transol\u00ae CLP 320 t\u00f6\u00f6stusk\u00e4igukasti\u00f5lid on valmistatud selektiivselt rafineeritud mineraal\u00f5lidest, need sisaldavad pliivabu lisandeid, mis parandavad m\u00e4\u00e4rimisomadusi (v\u00e4\u00e4velfosfori t\u00fc\u00fcpi), ning komplekti korrosiooni- ja vahutamisvastaseid lisandeid, samuti lisandeid, mis suurendavad oks\u00fcdatsioonikindlust.<\/p>\n<p>Selle omadused on j\u00e4rgmised:<br \/>\nKaitseb k\u00e4igukastielementide, st hammasrataste, samuti veere- ja liuglaagrite liigse kulumise eest nii normaalse t\u00f6\u00f6 kui ka l\u00f6\u00f6gikoormuse korral; terasest ja v\u00e4rvilistest elementidest valmistatud k\u00e4igukastielementide kaitseb \u00f5li toimeainete ja selle oks\u00fcdatsiooniproduktide korrosiooni ja keemilise m\u00f5ju eest; v\u00f5ime tagada pikaajaline t\u00f6\u00f6 k\u00f5rgetel temperatuuridel ilma omaduste halvenemiseta t\u00e4nu<br \/>\nk\u00f5rgele termooks\u00fcdatiivsele stabiilsusele; kasutatud vahutamisvastased ja deemulgeerivad lisandid kaitsevad m\u00e4\u00e4rimisomaduste halvenemise eest t\u00e4nu vastupidava vahu ja \u00f5li-vee emulsiooni moodustumisele.<br \/>\nKASUTAMINE:<br \/>\nTransol\u00ae \u00f5lid on ette n\u00e4htud t\u00f6\u00f6stusseadmete suure koormusega mehaaniliste k\u00e4ikude m\u00e4\u00e4rimiseks, mis sageli kannavad \u00fcle l\u00f6\u00f6gikoormusi, nt. Metallurgiamasinate valtsimisseadmed, ehitusmasinad, tsemendiveskid, laevaehituse liftid ja transpordivahendid, t\u00f6\u00f6pingid, auru- ja gaasiturbiinireduktorid, paberit\u00f6\u00f6stuse masinad ja muud seadmed, mis t\u00f6\u00f6tavad temperatuuril kuni 100 \u00b0C ja vajavad \u00f5lisid, millel on suurem m\u00e4\u00e4rdefilmi vastupidavus (need sisaldavad \u00e4\u00e4rmusr\u00f5hu (EP) lisandeid), hea termooks\u00fcdatiivne stabiilsus k\u00f5rgematel temperatuuridel ning head deemulgeerivad ja korrosioonivastased omadused (raua ja v\u00e4rviliste metallide suhtes). Transol\u00ae SP \u00f5lisid saab kasutada agressiivsetele keskkonnam\u00f5judele (vesi, aur, s\u00f6\u00f6vitavad gaasid) ja muutuvatele \u00fcmbritseva \u00f5hu temperatuuridele (kraanad, t\u00f5stevintsid jne) avatud reduktorite puhul. STANDARDID, HEAKSKIIDUD. SPETSIFIKATSIOONID:<br \/>\nSchuller Muller Weingarten DT 55 055<br \/>\nFLSmidth MAAG Gear GEARS60752<br \/>\nGLIMAG-i sertifikaat<br \/>\nBumech<br \/>\nVastab n\u00f5uetele:<br \/>\nDIN 51517 3. osa,<br \/>\nUS Steel 224,<br \/>\nAGMA\/ANSI 9005E02<br \/>\nISO 129251 CKC<\/p>\n","protected":false},"featured_media":62204,"template":"","meta":{"inline_featured_image":false},"product_cat":[5012,5350,5093],"product_tag":[],"class_list":{"0":"post-62203","1":"product","2":"type-product","3":"status-publish","4":"has-post-thumbnail","6":"product_brand-orlen-oil","7":"product_cat-olid-ja-maardeained","8":"product_cat-reduktoriolid","9":"product_cat-toostusolid","11":"first","12":"instock","13":"purchasable","14":"product-type-simple"},"yoast_head":"<!-- This site is optimized with the Yoast SEO plugin v27.4 - https:\/\/yoast.com\/product\/yoast-seo-wordpress\/ -->\n<title>T\u00f6\u00f6stustransmissiooni \u00f5li Transol CLP 320 20L, Orlen Oil - Ranoja<\/title>\n<meta name=\"robots\" content=\"index, follow, max-snippet:-1, max-image-preview:large, max-video-preview:-1\" \/>\n<link rel=\"canonical\" href=\"https:\/\/ranoja.ee\/toode\/toostustransmissiooni-oli-transol-clp-320-20l-orlen-oil\/\" \/>\n<meta property=\"og:locale\" content=\"en_US\" \/>\n<meta property=\"og:type\" content=\"article\" \/>\n<meta property=\"og:title\" content=\"T\u00f6\u00f6stustransmissiooni \u00f5li Transol CLP 320 20L, Orlen Oil - Ranoja\" \/>\n<meta property=\"og:description\" content=\"Transol\u00ae CLP 320 t\u00f6\u00f6stusk\u00e4igukasti\u00f5lid on valmistatud selektiivselt rafineeritud mineraal\u00f5lidest, need sisaldavad pliivabu lisandeid, mis parandavad m\u00e4\u00e4rimisomadusi (v\u00e4\u00e4velfosfori t\u00fc\u00fcpi), ning komplekti korrosiooni- ja vahutamisvastaseid lisandeid, samuti lisandeid, mis suurendavad oks\u00fcdatsioonikindlust. Selle omadused on j\u00e4rgmised: Kaitseb k\u00e4igukastielementide, st hammasrataste, samuti veere- ja liuglaagrite liigse kulumise eest nii normaalse t\u00f6\u00f6 kui ka l\u00f6\u00f6gikoormuse korral; terasest ja v\u00e4rvilistest elementidest valmistatud k\u00e4igukastielementide kaitseb \u00f5li toimeainete ja selle oks\u00fcdatsiooniproduktide korrosiooni ja keemilise m\u00f5ju eest; v\u00f5ime tagada pikaajaline t\u00f6\u00f6 k\u00f5rgetel temperatuuridel ilma omaduste halvenemiseta t\u00e4nu k\u00f5rgele termooks\u00fcdatiivsele stabiilsusele; kasutatud vahutamisvastased ja deemulgeerivad lisandid kaitsevad m\u00e4\u00e4rimisomaduste halvenemise eest t\u00e4nu vastupidava vahu ja \u00f5li-vee emulsiooni moodustumisele. KASUTAMINE: Transol\u00ae \u00f5lid on ette n\u00e4htud t\u00f6\u00f6stusseadmete suure koormusega mehaaniliste k\u00e4ikude m\u00e4\u00e4rimiseks, mis sageli kannavad \u00fcle l\u00f6\u00f6gikoormusi, nt. Metallurgiamasinate valtsimisseadmed, ehitusmasinad, tsemendiveskid, laevaehituse liftid ja transpordivahendid, t\u00f6\u00f6pingid, auru- ja gaasiturbiinireduktorid, paberit\u00f6\u00f6stuse masinad ja muud seadmed, mis t\u00f6\u00f6tavad temperatuuril kuni 100 \u00b0C ja vajavad \u00f5lisid, millel on suurem m\u00e4\u00e4rdefilmi vastupidavus (need sisaldavad \u00e4\u00e4rmusr\u00f5hu (EP) lisandeid), hea termooks\u00fcdatiivne stabiilsus k\u00f5rgematel temperatuuridel ning head deemulgeerivad ja korrosioonivastased omadused (raua ja v\u00e4rviliste metallide suhtes). Transol\u00ae SP \u00f5lisid saab kasutada agressiivsetele keskkonnam\u00f5judele (vesi, aur, s\u00f6\u00f6vitavad gaasid) ja muutuvatele \u00fcmbritseva \u00f5hu temperatuuridele (kraanad, t\u00f5stevintsid jne) avatud reduktorite puhul. STANDARDID, HEAKSKIIDUD. SPETSIFIKATSIOONID: Schuller Muller Weingarten DT 55 055 FLSmidth MAAG Gear GEARS60752 GLIMAG-i sertifikaat Bumech Vastab n\u00f5uetele: DIN 51517 3. osa, US Steel 224, AGMA\/ANSI 9005E02 ISO 129251 CKC\" \/>\n<meta property=\"og:url\" content=\"https:\/\/ranoja.ee\/toode\/toostustransmissiooni-oli-transol-clp-320-20l-orlen-oil\/\" \/>\n<meta property=\"og:site_name\" content=\"Ranoja\" \/>\n<meta property=\"article:publisher\" content=\"https:\/\/www.facebook.com\/ranoja.ee\" \/>\n<meta property=\"article:modified_time\" content=\"2026-03-17T12:36:00+00:00\" \/>\n<meta property=\"og:image\" content=\"https:\/\/ranoja.ee\/wp-content\/uploads\/2026\/03\/5638719129.jpg\" \/>\n\t<meta property=\"og:image:width\" content=\"900\" \/>\n\t<meta property=\"og:image:height\" content=\"900\" \/>\n\t<meta property=\"og:image:type\" content=\"image\/jpeg\" \/>\n<meta name=\"twitter:card\" content=\"summary_large_image\" \/>\n<script type=\"application\/ld+json\" class=\"yoast-schema-graph\">{\"@context\":\"https:\\\/\\\/schema.org\",\"@graph\":[{\"@type\":\"WebPage\",\"@id\":\"https:\\\/\\\/ranoja.ee\\\/toode\\\/toostustransmissiooni-oli-transol-clp-320-20l-orlen-oil\\\/\",\"url\":\"https:\\\/\\\/ranoja.ee\\\/toode\\\/toostustransmissiooni-oli-transol-clp-320-20l-orlen-oil\\\/\",\"name\":\"T\u00f6\u00f6stustransmissiooni \u00f5li Transol CLP 320 20L, Orlen Oil - Ranoja\",\"isPartOf\":{\"@id\":\"https:\\\/\\\/ranoja.ee\\\/#website\"},\"primaryImageOfPage\":{\"@id\":\"https:\\\/\\\/ranoja.ee\\\/toode\\\/toostustransmissiooni-oli-transol-clp-320-20l-orlen-oil\\\/#primaryimage\"},\"image\":{\"@id\":\"https:\\\/\\\/ranoja.ee\\\/toode\\\/toostustransmissiooni-oli-transol-clp-320-20l-orlen-oil\\\/#primaryimage\"},\"thumbnailUrl\":\"https:\\\/\\\/ranoja.ee\\\/wp-content\\\/uploads\\\/2026\\\/03\\\/5638719129.jpg\",\"datePublished\":\"2026-03-16T23:37:04+00:00\",\"dateModified\":\"2026-03-17T12:36:00+00:00\",\"breadcrumb\":{\"@id\":\"https:\\\/\\\/ranoja.ee\\\/toode\\\/toostustransmissiooni-oli-transol-clp-320-20l-orlen-oil\\\/#breadcrumb\"},\"inLanguage\":\"en-US\",\"potentialAction\":[{\"@type\":\"ReadAction\",\"target\":[\"https:\\\/\\\/ranoja.ee\\\/toode\\\/toostustransmissiooni-oli-transol-clp-320-20l-orlen-oil\\\/\"]}]},{\"@type\":\"ImageObject\",\"inLanguage\":\"en-US\",\"@id\":\"https:\\\/\\\/ranoja.ee\\\/toode\\\/toostustransmissiooni-oli-transol-clp-320-20l-orlen-oil\\\/#primaryimage\",\"url\":\"https:\\\/\\\/ranoja.ee\\\/wp-content\\\/uploads\\\/2026\\\/03\\\/5638719129.jpg\",\"contentUrl\":\"https:\\\/\\\/ranoja.ee\\\/wp-content\\\/uploads\\\/2026\\\/03\\\/5638719129.jpg\",\"width\":900,\"height\":900},{\"@type\":\"BreadcrumbList\",\"@id\":\"https:\\\/\\\/ranoja.ee\\\/toode\\\/toostustransmissiooni-oli-transol-clp-320-20l-orlen-oil\\\/#breadcrumb\",\"itemListElement\":[{\"@type\":\"ListItem\",\"position\":1,\"name\":\"Home\",\"item\":\"https:\\\/\\\/ranoja.ee\\\/\"},{\"@type\":\"ListItem\",\"position\":2,\"name\":\"Shop\",\"item\":\"https:\\\/\\\/ranoja.ee\\\/en\\\/shop\\\/\"},{\"@type\":\"ListItem\",\"position\":3,\"name\":\"T\u00f6\u00f6stustransmissiooni \u00f5li Transol CLP 320 20L, Orlen Oil\"}]},{\"@type\":\"WebSite\",\"@id\":\"https:\\\/\\\/ranoja.ee\\\/#website\",\"url\":\"https:\\\/\\\/ranoja.ee\\\/\",\"name\":\"Ranoja\",\"description\":\"Equipment Shop WooCommerce WordPress Theme for Machine &amp; Tools\",\"publisher\":{\"@id\":\"https:\\\/\\\/ranoja.ee\\\/#organization\"},\"potentialAction\":[{\"@type\":\"SearchAction\",\"target\":{\"@type\":\"EntryPoint\",\"urlTemplate\":\"https:\\\/\\\/ranoja.ee\\\/?s={search_term_string}\"},\"query-input\":{\"@type\":\"PropertyValueSpecification\",\"valueRequired\":true,\"valueName\":\"search_term_string\"}}],\"inLanguage\":\"en-US\"},{\"@type\":\"Organization\",\"@id\":\"https:\\\/\\\/ranoja.ee\\\/#organization\",\"name\":\"Ranoja O\u00dc\",\"url\":\"https:\\\/\\\/ranoja.ee\\\/\",\"logo\":{\"@type\":\"ImageObject\",\"inLanguage\":\"en-US\",\"@id\":\"https:\\\/\\\/ranoja.ee\\\/#\\\/schema\\\/logo\\\/image\\\/\",\"url\":\"https:\\\/\\\/ranoja.ee\\\/wp-content\\\/uploads\\\/2023\\\/11\\\/ranoja-Logo.png\",\"contentUrl\":\"https:\\\/\\\/ranoja.ee\\\/wp-content\\\/uploads\\\/2023\\\/11\\\/ranoja-Logo.png\",\"width\":207,\"height\":58,\"caption\":\"Ranoja O\u00dc\"},\"image\":{\"@id\":\"https:\\\/\\\/ranoja.ee\\\/#\\\/schema\\\/logo\\\/image\\\/\"},\"sameAs\":[\"https:\\\/\\\/www.facebook.com\\\/ranoja.ee\",\"https:\\\/\\\/www.instagram.com\\\/ranoja__\\\/\"]}]}<\/script>\n<!-- \/ Yoast SEO plugin. -->","yoast_head_json":{"title":"T\u00f6\u00f6stustransmissiooni \u00f5li Transol CLP 320 20L, Orlen Oil - Ranoja","robots":{"index":"index","follow":"follow","max-snippet":"max-snippet:-1","max-image-preview":"max-image-preview:large","max-video-preview":"max-video-preview:-1"},"canonical":"https:\/\/ranoja.ee\/toode\/toostustransmissiooni-oli-transol-clp-320-20l-orlen-oil\/","og_locale":"en_US","og_type":"article","og_title":"T\u00f6\u00f6stustransmissiooni \u00f5li Transol CLP 320 20L, Orlen Oil - Ranoja","og_description":"Transol\u00ae CLP 320 t\u00f6\u00f6stusk\u00e4igukasti\u00f5lid on valmistatud selektiivselt rafineeritud mineraal\u00f5lidest, need sisaldavad pliivabu lisandeid, mis parandavad m\u00e4\u00e4rimisomadusi (v\u00e4\u00e4velfosfori t\u00fc\u00fcpi), ning komplekti korrosiooni- ja vahutamisvastaseid lisandeid, samuti lisandeid, mis suurendavad oks\u00fcdatsioonikindlust. Selle omadused on j\u00e4rgmised: Kaitseb k\u00e4igukastielementide, st hammasrataste, samuti veere- ja liuglaagrite liigse kulumise eest nii normaalse t\u00f6\u00f6 kui ka l\u00f6\u00f6gikoormuse korral; terasest ja v\u00e4rvilistest elementidest valmistatud k\u00e4igukastielementide kaitseb \u00f5li toimeainete ja selle oks\u00fcdatsiooniproduktide korrosiooni ja keemilise m\u00f5ju eest; v\u00f5ime tagada pikaajaline t\u00f6\u00f6 k\u00f5rgetel temperatuuridel ilma omaduste halvenemiseta t\u00e4nu k\u00f5rgele termooks\u00fcdatiivsele stabiilsusele; kasutatud vahutamisvastased ja deemulgeerivad lisandid kaitsevad m\u00e4\u00e4rimisomaduste halvenemise eest t\u00e4nu vastupidava vahu ja \u00f5li-vee emulsiooni moodustumisele. KASUTAMINE: Transol\u00ae \u00f5lid on ette n\u00e4htud t\u00f6\u00f6stusseadmete suure koormusega mehaaniliste k\u00e4ikude m\u00e4\u00e4rimiseks, mis sageli kannavad \u00fcle l\u00f6\u00f6gikoormusi, nt. Metallurgiamasinate valtsimisseadmed, ehitusmasinad, tsemendiveskid, laevaehituse liftid ja transpordivahendid, t\u00f6\u00f6pingid, auru- ja gaasiturbiinireduktorid, paberit\u00f6\u00f6stuse masinad ja muud seadmed, mis t\u00f6\u00f6tavad temperatuuril kuni 100 \u00b0C ja vajavad \u00f5lisid, millel on suurem m\u00e4\u00e4rdefilmi vastupidavus (need sisaldavad \u00e4\u00e4rmusr\u00f5hu (EP) lisandeid), hea termooks\u00fcdatiivne stabiilsus k\u00f5rgematel temperatuuridel ning head deemulgeerivad ja korrosioonivastased omadused (raua ja v\u00e4rviliste metallide suhtes). Transol\u00ae SP \u00f5lisid saab kasutada agressiivsetele keskkonnam\u00f5judele (vesi, aur, s\u00f6\u00f6vitavad gaasid) ja muutuvatele \u00fcmbritseva \u00f5hu temperatuuridele (kraanad, t\u00f5stevintsid jne) avatud reduktorite puhul. STANDARDID, HEAKSKIIDUD. SPETSIFIKATSIOONID: Schuller Muller Weingarten DT 55 055 FLSmidth MAAG Gear GEARS60752 GLIMAG-i sertifikaat Bumech Vastab n\u00f5uetele: DIN 51517 3. osa, US Steel 224, AGMA\/ANSI 9005E02 ISO 129251 CKC","og_url":"https:\/\/ranoja.ee\/toode\/toostustransmissiooni-oli-transol-clp-320-20l-orlen-oil\/","og_site_name":"Ranoja","article_publisher":"https:\/\/www.facebook.com\/ranoja.ee","article_modified_time":"2026-03-17T12:36:00+00:00","og_image":[{"width":900,"height":900,"url":"https:\/\/ranoja.ee\/wp-content\/uploads\/2026\/03\/5638719129.jpg","type":"image\/jpeg"}],"twitter_card":"summary_large_image","schema":{"@context":"https:\/\/schema.org","@graph":[{"@type":"WebPage","@id":"https:\/\/ranoja.ee\/toode\/toostustransmissiooni-oli-transol-clp-320-20l-orlen-oil\/","url":"https:\/\/ranoja.ee\/toode\/toostustransmissiooni-oli-transol-clp-320-20l-orlen-oil\/","name":"T\u00f6\u00f6stustransmissiooni \u00f5li Transol CLP 320 20L, Orlen Oil - Ranoja","isPartOf":{"@id":"https:\/\/ranoja.ee\/#website"},"primaryImageOfPage":{"@id":"https:\/\/ranoja.ee\/toode\/toostustransmissiooni-oli-transol-clp-320-20l-orlen-oil\/#primaryimage"},"image":{"@id":"https:\/\/ranoja.ee\/toode\/toostustransmissiooni-oli-transol-clp-320-20l-orlen-oil\/#primaryimage"},"thumbnailUrl":"https:\/\/ranoja.ee\/wp-content\/uploads\/2026\/03\/5638719129.jpg","datePublished":"2026-03-16T23:37:04+00:00","dateModified":"2026-03-17T12:36:00+00:00","breadcrumb":{"@id":"https:\/\/ranoja.ee\/toode\/toostustransmissiooni-oli-transol-clp-320-20l-orlen-oil\/#breadcrumb"},"inLanguage":"en-US","potentialAction":[{"@type":"ReadAction","target":["https:\/\/ranoja.ee\/toode\/toostustransmissiooni-oli-transol-clp-320-20l-orlen-oil\/"]}]},{"@type":"ImageObject","inLanguage":"en-US","@id":"https:\/\/ranoja.ee\/toode\/toostustransmissiooni-oli-transol-clp-320-20l-orlen-oil\/#primaryimage","url":"https:\/\/ranoja.ee\/wp-content\/uploads\/2026\/03\/5638719129.jpg","contentUrl":"https:\/\/ranoja.ee\/wp-content\/uploads\/2026\/03\/5638719129.jpg","width":900,"height":900},{"@type":"BreadcrumbList","@id":"https:\/\/ranoja.ee\/toode\/toostustransmissiooni-oli-transol-clp-320-20l-orlen-oil\/#breadcrumb","itemListElement":[{"@type":"ListItem","position":1,"name":"Home","item":"https:\/\/ranoja.ee\/"},{"@type":"ListItem","position":2,"name":"Shop","item":"https:\/\/ranoja.ee\/en\/shop\/"},{"@type":"ListItem","position":3,"name":"T\u00f6\u00f6stustransmissiooni \u00f5li Transol CLP 320 20L, Orlen Oil"}]},{"@type":"WebSite","@id":"https:\/\/ranoja.ee\/#website","url":"https:\/\/ranoja.ee\/","name":"Ranoja","description":"Equipment Shop WooCommerce WordPress Theme for Machine &amp; Tools","publisher":{"@id":"https:\/\/ranoja.ee\/#organization"},"potentialAction":[{"@type":"SearchAction","target":{"@type":"EntryPoint","urlTemplate":"https:\/\/ranoja.ee\/?s={search_term_string}"},"query-input":{"@type":"PropertyValueSpecification","valueRequired":true,"valueName":"search_term_string"}}],"inLanguage":"en-US"},{"@type":"Organization","@id":"https:\/\/ranoja.ee\/#organization","name":"Ranoja O\u00dc","url":"https:\/\/ranoja.ee\/","logo":{"@type":"ImageObject","inLanguage":"en-US","@id":"https:\/\/ranoja.ee\/#\/schema\/logo\/image\/","url":"https:\/\/ranoja.ee\/wp-content\/uploads\/2023\/11\/ranoja-Logo.png","contentUrl":"https:\/\/ranoja.ee\/wp-content\/uploads\/2023\/11\/ranoja-Logo.png","width":207,"height":58,"caption":"Ranoja O\u00dc"},"image":{"@id":"https:\/\/ranoja.ee\/#\/schema\/logo\/image\/"},"sameAs":["https:\/\/www.facebook.com\/ranoja.ee","https:\/\/www.instagram.com\/ranoja__\/"]}]}},"_links":{"self":[{"href":"https:\/\/ranoja.ee\/en\/wp-json\/wp\/v2\/product\/62203","targetHints":{"allow":["GET"]}}],"collection":[{"href":"https:\/\/ranoja.ee\/en\/wp-json\/wp\/v2\/product"}],"about":[{"href":"https:\/\/ranoja.ee\/en\/wp-json\/wp\/v2\/types\/product"}],"wp:featuredmedia":[{"embeddable":true,"href":"https:\/\/ranoja.ee\/en\/wp-json\/wp\/v2\/media\/62204"}],"wp:attachment":[{"href":"https:\/\/ranoja.ee\/en\/wp-json\/wp\/v2\/media?parent=62203"}],"wp:term":[{"taxonomy":"product_cat","embeddable":true,"href":"https:\/\/ranoja.ee\/en\/wp-json\/wp\/v2\/product_cat?post=62203"},{"taxonomy":"product_tag","embeddable":true,"href":"https:\/\/ranoja.ee\/en\/wp-json\/wp\/v2\/product_tag?post=62203"}],"curies":[{"name":"wp","href":"https:\/\/api.w.org\/{rel}","templated":true}]}}