{"id":62197,"date":"2026-03-17T02:37:04","date_gmt":"2026-03-16T23:37:04","guid":{"rendered":"https:\/\/ranoja.ee\/toode\/vormioli-konkreton-bio-bit-10-20l-orlen-oil\/"},"modified":"2026-03-17T15:36:00","modified_gmt":"2026-03-17T12:36:00","slug":"vormioli-konkreton-bio-bit-10-20l-orlen-oil","status":"publish","type":"product","link":"https:\/\/ranoja.ee\/en\/toode\/vormioli-konkreton-bio-bit-10-20l-orlen-oil\/","title":{"rendered":"Vormi\u00f5li Konkreton Bio-Bit 10 20L, Orlen Oil"},"content":{"rendered":"","protected":false},"excerpt":{"rendered":"<p>KONKRETON BIO-BIT on madala viskoossusega biolagunev \u00f5li, mida kasutatakse eraldusainena kaetud asfaldisegude tootmisel, t\u00f6\u00f6tlemisel ja ladustamisel. See on m\u00f5eldud rakendustele, mille eesm\u00e4rk on saavutada kaetud betooni- v\u00f5i asfaldisegu ja pinnakatte lihtne eraldamine tootmisel, seej\u00e4rel transpordil ja tegelikul sillutisel. Separaator aine v\u00f5imaldab kaetud asfaldisegu h\u00f5lpsalt vabastada veokite laadimispindadelt, teisaldusseadmetelt ja muudelt tootmisel ja asfalteerimisel kasutatavatelt tehnoloogilistelt elementidelt.<br \/>\nKONKRETON BIO-BIT \u00f5li h\u00f5lbustab betoonisegude vabanemist vormidest. Toodet saab kasutada teras-, alumiinium-, plast- ja puitvormidel, mida kasutatakse monteeritavate betooni ja muude betoonelementide tootmisel. Pealekandmine pihustamise teel. \u00d5likadu pihustamise ajal on minimaalne t\u00e4nu hoolikalt valitud lisandite kasutamisele.<br \/>\nSpetsifikatsioonid:<br \/>\nISO 6743 B<\/p>\n","protected":false},"featured_media":62198,"template":"","meta":{"inline_featured_image":false},"product_cat":[5012,5093,5416],"product_tag":[],"class_list":{"0":"post-62197","1":"product","2":"type-product","3":"status-publish","4":"has-post-thumbnail","6":"product_brand-orlen-oil","7":"product_cat-olid-ja-maardeained","8":"product_cat-toostusolid","9":"product_cat-vormiolid","11":"first","12":"instock","13":"purchasable","14":"product-type-simple"},"yoast_head":"<!-- This site is optimized with the Yoast SEO plugin v27.4 - https:\/\/yoast.com\/product\/yoast-seo-wordpress\/ -->\n<title>Vormi\u00f5li Konkreton Bio-Bit 10 20L, Orlen Oil - Ranoja<\/title>\n<meta name=\"robots\" content=\"index, follow, max-snippet:-1, max-image-preview:large, max-video-preview:-1\" \/>\n<link rel=\"canonical\" href=\"https:\/\/ranoja.ee\/toode\/vormioli-konkreton-bio-bit-10-20l-orlen-oil\/\" \/>\n<meta property=\"og:locale\" content=\"en_US\" \/>\n<meta property=\"og:type\" content=\"article\" \/>\n<meta property=\"og:title\" content=\"Vormi\u00f5li Konkreton Bio-Bit 10 20L, Orlen Oil - Ranoja\" \/>\n<meta property=\"og:description\" content=\"KONKRETON BIO-BIT on madala viskoossusega biolagunev \u00f5li, mida kasutatakse eraldusainena kaetud asfaldisegude tootmisel, t\u00f6\u00f6tlemisel ja ladustamisel. See on m\u00f5eldud rakendustele, mille eesm\u00e4rk on saavutada kaetud betooni- v\u00f5i asfaldisegu ja pinnakatte lihtne eraldamine tootmisel, seej\u00e4rel transpordil ja tegelikul sillutisel. Separaator aine v\u00f5imaldab kaetud asfaldisegu h\u00f5lpsalt vabastada veokite laadimispindadelt, teisaldusseadmetelt ja muudelt tootmisel ja asfalteerimisel kasutatavatelt tehnoloogilistelt elementidelt. KONKRETON BIO-BIT \u00f5li h\u00f5lbustab betoonisegude vabanemist vormidest. Toodet saab kasutada teras-, alumiinium-, plast- ja puitvormidel, mida kasutatakse monteeritavate betooni ja muude betoonelementide tootmisel. Pealekandmine pihustamise teel. \u00d5likadu pihustamise ajal on minimaalne t\u00e4nu hoolikalt valitud lisandite kasutamisele. Spetsifikatsioonid: ISO 6743 B\" \/>\n<meta property=\"og:url\" content=\"https:\/\/ranoja.ee\/toode\/vormioli-konkreton-bio-bit-10-20l-orlen-oil\/\" \/>\n<meta property=\"og:site_name\" content=\"Ranoja\" \/>\n<meta property=\"article:publisher\" content=\"https:\/\/www.facebook.com\/ranoja.ee\" \/>\n<meta property=\"article:modified_time\" content=\"2026-03-17T12:36:00+00:00\" \/>\n<meta property=\"og:image\" content=\"https:\/\/ranoja.ee\/wp-content\/uploads\/2026\/03\/5638069297.jpg\" \/>\n\t<meta property=\"og:image:width\" content=\"479\" \/>\n\t<meta property=\"og:image:height\" content=\"497\" \/>\n\t<meta property=\"og:image:type\" content=\"image\/jpeg\" \/>\n<meta name=\"twitter:card\" content=\"summary_large_image\" \/>\n<script type=\"application\/ld+json\" class=\"yoast-schema-graph\">{\"@context\":\"https:\\\/\\\/schema.org\",\"@graph\":[{\"@type\":\"WebPage\",\"@id\":\"https:\\\/\\\/ranoja.ee\\\/toode\\\/vormioli-konkreton-bio-bit-10-20l-orlen-oil\\\/\",\"url\":\"https:\\\/\\\/ranoja.ee\\\/toode\\\/vormioli-konkreton-bio-bit-10-20l-orlen-oil\\\/\",\"name\":\"Vormi\u00f5li Konkreton Bio-Bit 10 20L, Orlen Oil - Ranoja\",\"isPartOf\":{\"@id\":\"https:\\\/\\\/ranoja.ee\\\/#website\"},\"primaryImageOfPage\":{\"@id\":\"https:\\\/\\\/ranoja.ee\\\/toode\\\/vormioli-konkreton-bio-bit-10-20l-orlen-oil\\\/#primaryimage\"},\"image\":{\"@id\":\"https:\\\/\\\/ranoja.ee\\\/toode\\\/vormioli-konkreton-bio-bit-10-20l-orlen-oil\\\/#primaryimage\"},\"thumbnailUrl\":\"https:\\\/\\\/ranoja.ee\\\/wp-content\\\/uploads\\\/2026\\\/03\\\/5638069297.jpg\",\"datePublished\":\"2026-03-16T23:37:04+00:00\",\"dateModified\":\"2026-03-17T12:36:00+00:00\",\"breadcrumb\":{\"@id\":\"https:\\\/\\\/ranoja.ee\\\/toode\\\/vormioli-konkreton-bio-bit-10-20l-orlen-oil\\\/#breadcrumb\"},\"inLanguage\":\"en-US\",\"potentialAction\":[{\"@type\":\"ReadAction\",\"target\":[\"https:\\\/\\\/ranoja.ee\\\/toode\\\/vormioli-konkreton-bio-bit-10-20l-orlen-oil\\\/\"]}]},{\"@type\":\"ImageObject\",\"inLanguage\":\"en-US\",\"@id\":\"https:\\\/\\\/ranoja.ee\\\/toode\\\/vormioli-konkreton-bio-bit-10-20l-orlen-oil\\\/#primaryimage\",\"url\":\"https:\\\/\\\/ranoja.ee\\\/wp-content\\\/uploads\\\/2026\\\/03\\\/5638069297.jpg\",\"contentUrl\":\"https:\\\/\\\/ranoja.ee\\\/wp-content\\\/uploads\\\/2026\\\/03\\\/5638069297.jpg\",\"width\":479,\"height\":497},{\"@type\":\"BreadcrumbList\",\"@id\":\"https:\\\/\\\/ranoja.ee\\\/toode\\\/vormioli-konkreton-bio-bit-10-20l-orlen-oil\\\/#breadcrumb\",\"itemListElement\":[{\"@type\":\"ListItem\",\"position\":1,\"name\":\"Home\",\"item\":\"https:\\\/\\\/ranoja.ee\\\/\"},{\"@type\":\"ListItem\",\"position\":2,\"name\":\"Shop\",\"item\":\"https:\\\/\\\/ranoja.ee\\\/en\\\/shop\\\/\"},{\"@type\":\"ListItem\",\"position\":3,\"name\":\"Vormi\u00f5li Konkreton Bio-Bit 10 20L, Orlen Oil\"}]},{\"@type\":\"WebSite\",\"@id\":\"https:\\\/\\\/ranoja.ee\\\/#website\",\"url\":\"https:\\\/\\\/ranoja.ee\\\/\",\"name\":\"Ranoja\",\"description\":\"Equipment Shop WooCommerce WordPress Theme for Machine &amp; Tools\",\"publisher\":{\"@id\":\"https:\\\/\\\/ranoja.ee\\\/#organization\"},\"potentialAction\":[{\"@type\":\"SearchAction\",\"target\":{\"@type\":\"EntryPoint\",\"urlTemplate\":\"https:\\\/\\\/ranoja.ee\\\/?s={search_term_string}\"},\"query-input\":{\"@type\":\"PropertyValueSpecification\",\"valueRequired\":true,\"valueName\":\"search_term_string\"}}],\"inLanguage\":\"en-US\"},{\"@type\":\"Organization\",\"@id\":\"https:\\\/\\\/ranoja.ee\\\/#organization\",\"name\":\"Ranoja O\u00dc\",\"url\":\"https:\\\/\\\/ranoja.ee\\\/\",\"logo\":{\"@type\":\"ImageObject\",\"inLanguage\":\"en-US\",\"@id\":\"https:\\\/\\\/ranoja.ee\\\/#\\\/schema\\\/logo\\\/image\\\/\",\"url\":\"https:\\\/\\\/ranoja.ee\\\/wp-content\\\/uploads\\\/2023\\\/11\\\/ranoja-Logo.png\",\"contentUrl\":\"https:\\\/\\\/ranoja.ee\\\/wp-content\\\/uploads\\\/2023\\\/11\\\/ranoja-Logo.png\",\"width\":207,\"height\":58,\"caption\":\"Ranoja O\u00dc\"},\"image\":{\"@id\":\"https:\\\/\\\/ranoja.ee\\\/#\\\/schema\\\/logo\\\/image\\\/\"},\"sameAs\":[\"https:\\\/\\\/www.facebook.com\\\/ranoja.ee\",\"https:\\\/\\\/www.instagram.com\\\/ranoja__\\\/\"]}]}<\/script>\n<!-- \/ Yoast SEO plugin. -->","yoast_head_json":{"title":"Vormi\u00f5li Konkreton Bio-Bit 10 20L, Orlen Oil - Ranoja","robots":{"index":"index","follow":"follow","max-snippet":"max-snippet:-1","max-image-preview":"max-image-preview:large","max-video-preview":"max-video-preview:-1"},"canonical":"https:\/\/ranoja.ee\/toode\/vormioli-konkreton-bio-bit-10-20l-orlen-oil\/","og_locale":"en_US","og_type":"article","og_title":"Vormi\u00f5li Konkreton Bio-Bit 10 20L, Orlen Oil - Ranoja","og_description":"KONKRETON BIO-BIT on madala viskoossusega biolagunev \u00f5li, mida kasutatakse eraldusainena kaetud asfaldisegude tootmisel, t\u00f6\u00f6tlemisel ja ladustamisel. See on m\u00f5eldud rakendustele, mille eesm\u00e4rk on saavutada kaetud betooni- v\u00f5i asfaldisegu ja pinnakatte lihtne eraldamine tootmisel, seej\u00e4rel transpordil ja tegelikul sillutisel. Separaator aine v\u00f5imaldab kaetud asfaldisegu h\u00f5lpsalt vabastada veokite laadimispindadelt, teisaldusseadmetelt ja muudelt tootmisel ja asfalteerimisel kasutatavatelt tehnoloogilistelt elementidelt. KONKRETON BIO-BIT \u00f5li h\u00f5lbustab betoonisegude vabanemist vormidest. Toodet saab kasutada teras-, alumiinium-, plast- ja puitvormidel, mida kasutatakse monteeritavate betooni ja muude betoonelementide tootmisel. Pealekandmine pihustamise teel. \u00d5likadu pihustamise ajal on minimaalne t\u00e4nu hoolikalt valitud lisandite kasutamisele. Spetsifikatsioonid: ISO 6743 B","og_url":"https:\/\/ranoja.ee\/toode\/vormioli-konkreton-bio-bit-10-20l-orlen-oil\/","og_site_name":"Ranoja","article_publisher":"https:\/\/www.facebook.com\/ranoja.ee","article_modified_time":"2026-03-17T12:36:00+00:00","og_image":[{"width":479,"height":497,"url":"https:\/\/ranoja.ee\/wp-content\/uploads\/2026\/03\/5638069297.jpg","type":"image\/jpeg"}],"twitter_card":"summary_large_image","schema":{"@context":"https:\/\/schema.org","@graph":[{"@type":"WebPage","@id":"https:\/\/ranoja.ee\/toode\/vormioli-konkreton-bio-bit-10-20l-orlen-oil\/","url":"https:\/\/ranoja.ee\/toode\/vormioli-konkreton-bio-bit-10-20l-orlen-oil\/","name":"Vormi\u00f5li Konkreton Bio-Bit 10 20L, Orlen Oil - Ranoja","isPartOf":{"@id":"https:\/\/ranoja.ee\/#website"},"primaryImageOfPage":{"@id":"https:\/\/ranoja.ee\/toode\/vormioli-konkreton-bio-bit-10-20l-orlen-oil\/#primaryimage"},"image":{"@id":"https:\/\/ranoja.ee\/toode\/vormioli-konkreton-bio-bit-10-20l-orlen-oil\/#primaryimage"},"thumbnailUrl":"https:\/\/ranoja.ee\/wp-content\/uploads\/2026\/03\/5638069297.jpg","datePublished":"2026-03-16T23:37:04+00:00","dateModified":"2026-03-17T12:36:00+00:00","breadcrumb":{"@id":"https:\/\/ranoja.ee\/toode\/vormioli-konkreton-bio-bit-10-20l-orlen-oil\/#breadcrumb"},"inLanguage":"en-US","potentialAction":[{"@type":"ReadAction","target":["https:\/\/ranoja.ee\/toode\/vormioli-konkreton-bio-bit-10-20l-orlen-oil\/"]}]},{"@type":"ImageObject","inLanguage":"en-US","@id":"https:\/\/ranoja.ee\/toode\/vormioli-konkreton-bio-bit-10-20l-orlen-oil\/#primaryimage","url":"https:\/\/ranoja.ee\/wp-content\/uploads\/2026\/03\/5638069297.jpg","contentUrl":"https:\/\/ranoja.ee\/wp-content\/uploads\/2026\/03\/5638069297.jpg","width":479,"height":497},{"@type":"BreadcrumbList","@id":"https:\/\/ranoja.ee\/toode\/vormioli-konkreton-bio-bit-10-20l-orlen-oil\/#breadcrumb","itemListElement":[{"@type":"ListItem","position":1,"name":"Home","item":"https:\/\/ranoja.ee\/"},{"@type":"ListItem","position":2,"name":"Shop","item":"https:\/\/ranoja.ee\/en\/shop\/"},{"@type":"ListItem","position":3,"name":"Vormi\u00f5li Konkreton Bio-Bit 10 20L, Orlen Oil"}]},{"@type":"WebSite","@id":"https:\/\/ranoja.ee\/#website","url":"https:\/\/ranoja.ee\/","name":"Ranoja","description":"Equipment Shop WooCommerce WordPress Theme for Machine &amp; Tools","publisher":{"@id":"https:\/\/ranoja.ee\/#organization"},"potentialAction":[{"@type":"SearchAction","target":{"@type":"EntryPoint","urlTemplate":"https:\/\/ranoja.ee\/?s={search_term_string}"},"query-input":{"@type":"PropertyValueSpecification","valueRequired":true,"valueName":"search_term_string"}}],"inLanguage":"en-US"},{"@type":"Organization","@id":"https:\/\/ranoja.ee\/#organization","name":"Ranoja O\u00dc","url":"https:\/\/ranoja.ee\/","logo":{"@type":"ImageObject","inLanguage":"en-US","@id":"https:\/\/ranoja.ee\/#\/schema\/logo\/image\/","url":"https:\/\/ranoja.ee\/wp-content\/uploads\/2023\/11\/ranoja-Logo.png","contentUrl":"https:\/\/ranoja.ee\/wp-content\/uploads\/2023\/11\/ranoja-Logo.png","width":207,"height":58,"caption":"Ranoja O\u00dc"},"image":{"@id":"https:\/\/ranoja.ee\/#\/schema\/logo\/image\/"},"sameAs":["https:\/\/www.facebook.com\/ranoja.ee","https:\/\/www.instagram.com\/ranoja__\/"]}]}},"_links":{"self":[{"href":"https:\/\/ranoja.ee\/en\/wp-json\/wp\/v2\/product\/62197","targetHints":{"allow":["GET"]}}],"collection":[{"href":"https:\/\/ranoja.ee\/en\/wp-json\/wp\/v2\/product"}],"about":[{"href":"https:\/\/ranoja.ee\/en\/wp-json\/wp\/v2\/types\/product"}],"wp:featuredmedia":[{"embeddable":true,"href":"https:\/\/ranoja.ee\/en\/wp-json\/wp\/v2\/media\/62198"}],"wp:attachment":[{"href":"https:\/\/ranoja.ee\/en\/wp-json\/wp\/v2\/media?parent=62197"}],"wp:term":[{"taxonomy":"product_cat","embeddable":true,"href":"https:\/\/ranoja.ee\/en\/wp-json\/wp\/v2\/product_cat?post=62197"},{"taxonomy":"product_tag","embeddable":true,"href":"https:\/\/ranoja.ee\/en\/wp-json\/wp\/v2\/product_tag?post=62197"}],"curies":[{"name":"wp","href":"https:\/\/api.w.org\/{rel}","templated":true}]}}