{"id":62173,"date":"2026-03-17T02:36:41","date_gmt":"2026-03-16T23:36:41","guid":{"rendered":"https:\/\/ranoja.ee\/toode\/mootorioli-profleet-lsa-5w30-20l-valvoline\/"},"modified":"2026-03-17T15:36:00","modified_gmt":"2026-03-17T12:36:00","slug":"mootorioli-profleet-lsa-5w30-20l-valvoline","status":"publish","type":"product","link":"https:\/\/ranoja.ee\/en\/toode\/mootorioli-profleet-lsa-5w30-20l-valvoline\/","title":{"rendered":"Mootori\u00f5li Profleet LSA 5W30 20L, Valvoline"},"content":{"rendered":"","protected":false},"excerpt":{"rendered":"<p>UHPD klassi t\u00e4iss\u00fcntees mootori\u00f5lide sari mis on v\u00e4ljat\u00f6\u00f6tatud andmaks parimat kaistet kaasaegsete veokite, busside ja t\u00f6\u00f6stusmootoritele.<br \/>\nKaitseb ideaalselt kaasaegseid diiselmootorite heitgaasi j\u00e4relt\u00f6\u00f6tlus\u00fcsteeme nagu EGR, SCR, DPF ning hoiab neid kauem parimas t\u00f6\u00f6korras. Sobib k\u00f5ikidele euro 1,2,3,4,5,6* heitmenormiga mootoritele tagamaks parim v\u00f5imalik k\u00fctuses\u00e4\u00e4st.<br \/>\nValvoline ProFleet tooted annavad teie \u00e4ritegevusele positiivse, selgelt m\u00f5\u00f5detava t\u00f5uke, sest v\u00f5rreldes teiste m\u00e4\u00e4rdeainetega samas ACEA kategoorias, toimivad need paremini allpool loetletud valdkondades:<br \/>\n1. PAINDLIK K\u00dcTUSEKASUTUS <br \/>\n2. SOBIVUS BIODIISLIT SISALDAVA K\u00dcTUSEGA<br \/>\n3. HOOLDUSKULUDE V\u00c4HENEMINE<br \/>\n4. SUUREP\u00c4RANE KAITSE K\u00dcLMK\u00c4IVITUSEL<br \/>\n5. K\u00dcTUSES\u00c4\u00c4ST<br \/>\nAmetlikud heakskiidud:<br \/>\nMB-Approval 228.51<br \/>\nVolvo VDS-4.5<br \/>\nMack EOS-4.5<br \/>\nMAN M3677<br \/>\nRenault RLD-3<br \/>\nScania low ash*<br \/>\n*Pending<\/p>\n<p>J\u00f5udlustasemed:<br \/>\nACEA E6, E7, E9<br \/>\nAPI: CK-4, CJ-4, CI-4+, CI-4, CH-4\/ SN<br \/>\nCummins CES 20086<br \/>\nCaterpillar ECF-3, ECF-2<br \/>\nDetroit Diesel DQC 93K222<br \/>\nDeutz DQC IV-18 LA<br \/>\nFord WSS-M2C213A<br \/>\nJASO DH-2, DH-1<br \/>\nMAN M3271, M3477, M3775<br \/>\nMTU type 3.1, type 2.1<br \/>\nMB-228.31<br \/>\nVolvo VDS-4, VDS-3<\/p>\n","protected":false},"featured_media":62174,"template":"","meta":{"inline_featured_image":false},"product_cat":[5012,5115,5139],"product_tag":[],"class_list":{"0":"post-62173","1":"product","2":"type-product","3":"status-publish","4":"has-post-thumbnail","6":"product_brand-valvoline","7":"product_cat-olid-ja-maardeained","8":"product_cat-rasketehnika-mootoriolid","9":"product_cat-rasketehnika-taissunteetilised-mootoriolid","11":"first","12":"outofstock","13":"purchasable","14":"product-type-simple"},"yoast_head":"<!-- This site is optimized with the Yoast SEO plugin v27.4 - https:\/\/yoast.com\/product\/yoast-seo-wordpress\/ -->\n<title>Mootori\u00f5li Profleet LSA 5W30 20L, Valvoline - Ranoja<\/title>\n<meta name=\"robots\" content=\"index, follow, max-snippet:-1, max-image-preview:large, max-video-preview:-1\" \/>\n<link rel=\"canonical\" href=\"https:\/\/ranoja.ee\/toode\/mootorioli-profleet-lsa-5w30-20l-valvoline\/\" \/>\n<meta property=\"og:locale\" content=\"en_US\" \/>\n<meta property=\"og:type\" content=\"article\" \/>\n<meta property=\"og:title\" content=\"Mootori\u00f5li Profleet LSA 5W30 20L, Valvoline - Ranoja\" \/>\n<meta property=\"og:description\" content=\"UHPD klassi t\u00e4iss\u00fcntees mootori\u00f5lide sari mis on v\u00e4ljat\u00f6\u00f6tatud andmaks parimat kaistet kaasaegsete veokite, busside ja t\u00f6\u00f6stusmootoritele. Kaitseb ideaalselt kaasaegseid diiselmootorite heitgaasi j\u00e4relt\u00f6\u00f6tlus\u00fcsteeme nagu EGR, SCR, DPF ning hoiab neid kauem parimas t\u00f6\u00f6korras. Sobib k\u00f5ikidele euro 1,2,3,4,5,6* heitmenormiga mootoritele tagamaks parim v\u00f5imalik k\u00fctuses\u00e4\u00e4st. Valvoline ProFleet tooted annavad teie \u00e4ritegevusele positiivse, selgelt m\u00f5\u00f5detava t\u00f5uke, sest v\u00f5rreldes teiste m\u00e4\u00e4rdeainetega samas ACEA kategoorias, toimivad need paremini allpool loetletud valdkondades: 1. PAINDLIK K\u00dcTUSEKASUTUS 2. SOBIVUS BIODIISLIT SISALDAVA K\u00dcTUSEGA 3. HOOLDUSKULUDE V\u00c4HENEMINE 4. SUUREP\u00c4RANE KAITSE K\u00dcLMK\u00c4IVITUSEL 5. K\u00dcTUSES\u00c4\u00c4ST Ametlikud heakskiidud: MB-Approval 228.51 Volvo VDS-4.5 Mack EOS-4.5 MAN M3677 Renault RLD-3 Scania low ash* *Pending J\u00f5udlustasemed: ACEA E6, E7, E9 API: CK-4, CJ-4, CI-4+, CI-4, CH-4\/ SN Cummins CES 20086 Caterpillar ECF-3, ECF-2 Detroit Diesel DQC 93K222 Deutz DQC IV-18 LA Ford WSS-M2C213A JASO DH-2, DH-1 MAN M3271, M3477, M3775 MTU type 3.1, type 2.1 MB-228.31 Volvo VDS-4, VDS-3\" \/>\n<meta property=\"og:url\" content=\"https:\/\/ranoja.ee\/toode\/mootorioli-profleet-lsa-5w30-20l-valvoline\/\" \/>\n<meta property=\"og:site_name\" content=\"Ranoja\" \/>\n<meta property=\"article:publisher\" content=\"https:\/\/www.facebook.com\/ranoja.ee\" \/>\n<meta property=\"article:modified_time\" content=\"2026-03-17T12:36:00+00:00\" \/>\n<meta property=\"og:image\" content=\"https:\/\/ranoja.ee\/wp-content\/uploads\/2026\/03\/207445671.jpg\" \/>\n\t<meta property=\"og:image:width\" content=\"761\" \/>\n\t<meta property=\"og:image:height\" content=\"768\" \/>\n\t<meta property=\"og:image:type\" content=\"image\/jpeg\" \/>\n<meta name=\"twitter:card\" content=\"summary_large_image\" \/>\n<script type=\"application\/ld+json\" class=\"yoast-schema-graph\">{\"@context\":\"https:\\\/\\\/schema.org\",\"@graph\":[{\"@type\":\"WebPage\",\"@id\":\"https:\\\/\\\/ranoja.ee\\\/toode\\\/mootorioli-profleet-lsa-5w30-20l-valvoline\\\/\",\"url\":\"https:\\\/\\\/ranoja.ee\\\/toode\\\/mootorioli-profleet-lsa-5w30-20l-valvoline\\\/\",\"name\":\"Mootori\u00f5li Profleet LSA 5W30 20L, Valvoline - Ranoja\",\"isPartOf\":{\"@id\":\"https:\\\/\\\/ranoja.ee\\\/#website\"},\"primaryImageOfPage\":{\"@id\":\"https:\\\/\\\/ranoja.ee\\\/toode\\\/mootorioli-profleet-lsa-5w30-20l-valvoline\\\/#primaryimage\"},\"image\":{\"@id\":\"https:\\\/\\\/ranoja.ee\\\/toode\\\/mootorioli-profleet-lsa-5w30-20l-valvoline\\\/#primaryimage\"},\"thumbnailUrl\":\"https:\\\/\\\/ranoja.ee\\\/wp-content\\\/uploads\\\/2026\\\/03\\\/207445671.jpg\",\"datePublished\":\"2026-03-16T23:36:41+00:00\",\"dateModified\":\"2026-03-17T12:36:00+00:00\",\"breadcrumb\":{\"@id\":\"https:\\\/\\\/ranoja.ee\\\/toode\\\/mootorioli-profleet-lsa-5w30-20l-valvoline\\\/#breadcrumb\"},\"inLanguage\":\"en-US\",\"potentialAction\":[{\"@type\":\"ReadAction\",\"target\":[\"https:\\\/\\\/ranoja.ee\\\/toode\\\/mootorioli-profleet-lsa-5w30-20l-valvoline\\\/\"]}]},{\"@type\":\"ImageObject\",\"inLanguage\":\"en-US\",\"@id\":\"https:\\\/\\\/ranoja.ee\\\/toode\\\/mootorioli-profleet-lsa-5w30-20l-valvoline\\\/#primaryimage\",\"url\":\"https:\\\/\\\/ranoja.ee\\\/wp-content\\\/uploads\\\/2026\\\/03\\\/207445671.jpg\",\"contentUrl\":\"https:\\\/\\\/ranoja.ee\\\/wp-content\\\/uploads\\\/2026\\\/03\\\/207445671.jpg\",\"width\":761,\"height\":768},{\"@type\":\"BreadcrumbList\",\"@id\":\"https:\\\/\\\/ranoja.ee\\\/toode\\\/mootorioli-profleet-lsa-5w30-20l-valvoline\\\/#breadcrumb\",\"itemListElement\":[{\"@type\":\"ListItem\",\"position\":1,\"name\":\"Home\",\"item\":\"https:\\\/\\\/ranoja.ee\\\/\"},{\"@type\":\"ListItem\",\"position\":2,\"name\":\"Shop\",\"item\":\"https:\\\/\\\/ranoja.ee\\\/en\\\/shop\\\/\"},{\"@type\":\"ListItem\",\"position\":3,\"name\":\"Mootori\u00f5li Profleet LSA 5W30 20L, Valvoline\"}]},{\"@type\":\"WebSite\",\"@id\":\"https:\\\/\\\/ranoja.ee\\\/#website\",\"url\":\"https:\\\/\\\/ranoja.ee\\\/\",\"name\":\"Ranoja\",\"description\":\"Equipment Shop WooCommerce WordPress Theme for Machine &amp; Tools\",\"publisher\":{\"@id\":\"https:\\\/\\\/ranoja.ee\\\/#organization\"},\"potentialAction\":[{\"@type\":\"SearchAction\",\"target\":{\"@type\":\"EntryPoint\",\"urlTemplate\":\"https:\\\/\\\/ranoja.ee\\\/?s={search_term_string}\"},\"query-input\":{\"@type\":\"PropertyValueSpecification\",\"valueRequired\":true,\"valueName\":\"search_term_string\"}}],\"inLanguage\":\"en-US\"},{\"@type\":\"Organization\",\"@id\":\"https:\\\/\\\/ranoja.ee\\\/#organization\",\"name\":\"Ranoja O\u00dc\",\"url\":\"https:\\\/\\\/ranoja.ee\\\/\",\"logo\":{\"@type\":\"ImageObject\",\"inLanguage\":\"en-US\",\"@id\":\"https:\\\/\\\/ranoja.ee\\\/#\\\/schema\\\/logo\\\/image\\\/\",\"url\":\"https:\\\/\\\/ranoja.ee\\\/wp-content\\\/uploads\\\/2023\\\/11\\\/ranoja-Logo.png\",\"contentUrl\":\"https:\\\/\\\/ranoja.ee\\\/wp-content\\\/uploads\\\/2023\\\/11\\\/ranoja-Logo.png\",\"width\":207,\"height\":58,\"caption\":\"Ranoja O\u00dc\"},\"image\":{\"@id\":\"https:\\\/\\\/ranoja.ee\\\/#\\\/schema\\\/logo\\\/image\\\/\"},\"sameAs\":[\"https:\\\/\\\/www.facebook.com\\\/ranoja.ee\",\"https:\\\/\\\/www.instagram.com\\\/ranoja__\\\/\"]}]}<\/script>\n<!-- \/ Yoast SEO plugin. -->","yoast_head_json":{"title":"Mootori\u00f5li Profleet LSA 5W30 20L, Valvoline - Ranoja","robots":{"index":"index","follow":"follow","max-snippet":"max-snippet:-1","max-image-preview":"max-image-preview:large","max-video-preview":"max-video-preview:-1"},"canonical":"https:\/\/ranoja.ee\/toode\/mootorioli-profleet-lsa-5w30-20l-valvoline\/","og_locale":"en_US","og_type":"article","og_title":"Mootori\u00f5li Profleet LSA 5W30 20L, Valvoline - Ranoja","og_description":"UHPD klassi t\u00e4iss\u00fcntees mootori\u00f5lide sari mis on v\u00e4ljat\u00f6\u00f6tatud andmaks parimat kaistet kaasaegsete veokite, busside ja t\u00f6\u00f6stusmootoritele. Kaitseb ideaalselt kaasaegseid diiselmootorite heitgaasi j\u00e4relt\u00f6\u00f6tlus\u00fcsteeme nagu EGR, SCR, DPF ning hoiab neid kauem parimas t\u00f6\u00f6korras. Sobib k\u00f5ikidele euro 1,2,3,4,5,6* heitmenormiga mootoritele tagamaks parim v\u00f5imalik k\u00fctuses\u00e4\u00e4st. Valvoline ProFleet tooted annavad teie \u00e4ritegevusele positiivse, selgelt m\u00f5\u00f5detava t\u00f5uke, sest v\u00f5rreldes teiste m\u00e4\u00e4rdeainetega samas ACEA kategoorias, toimivad need paremini allpool loetletud valdkondades: 1. PAINDLIK K\u00dcTUSEKASUTUS 2. SOBIVUS BIODIISLIT SISALDAVA K\u00dcTUSEGA 3. HOOLDUSKULUDE V\u00c4HENEMINE 4. SUUREP\u00c4RANE KAITSE K\u00dcLMK\u00c4IVITUSEL 5. K\u00dcTUSES\u00c4\u00c4ST Ametlikud heakskiidud: MB-Approval 228.51 Volvo VDS-4.5 Mack EOS-4.5 MAN M3677 Renault RLD-3 Scania low ash* *Pending J\u00f5udlustasemed: ACEA E6, E7, E9 API: CK-4, CJ-4, CI-4+, CI-4, CH-4\/ SN Cummins CES 20086 Caterpillar ECF-3, ECF-2 Detroit Diesel DQC 93K222 Deutz DQC IV-18 LA Ford WSS-M2C213A JASO DH-2, DH-1 MAN M3271, M3477, M3775 MTU type 3.1, type 2.1 MB-228.31 Volvo VDS-4, VDS-3","og_url":"https:\/\/ranoja.ee\/toode\/mootorioli-profleet-lsa-5w30-20l-valvoline\/","og_site_name":"Ranoja","article_publisher":"https:\/\/www.facebook.com\/ranoja.ee","article_modified_time":"2026-03-17T12:36:00+00:00","og_image":[{"width":761,"height":768,"url":"https:\/\/ranoja.ee\/wp-content\/uploads\/2026\/03\/207445671.jpg","type":"image\/jpeg"}],"twitter_card":"summary_large_image","schema":{"@context":"https:\/\/schema.org","@graph":[{"@type":"WebPage","@id":"https:\/\/ranoja.ee\/toode\/mootorioli-profleet-lsa-5w30-20l-valvoline\/","url":"https:\/\/ranoja.ee\/toode\/mootorioli-profleet-lsa-5w30-20l-valvoline\/","name":"Mootori\u00f5li Profleet LSA 5W30 20L, Valvoline - Ranoja","isPartOf":{"@id":"https:\/\/ranoja.ee\/#website"},"primaryImageOfPage":{"@id":"https:\/\/ranoja.ee\/toode\/mootorioli-profleet-lsa-5w30-20l-valvoline\/#primaryimage"},"image":{"@id":"https:\/\/ranoja.ee\/toode\/mootorioli-profleet-lsa-5w30-20l-valvoline\/#primaryimage"},"thumbnailUrl":"https:\/\/ranoja.ee\/wp-content\/uploads\/2026\/03\/207445671.jpg","datePublished":"2026-03-16T23:36:41+00:00","dateModified":"2026-03-17T12:36:00+00:00","breadcrumb":{"@id":"https:\/\/ranoja.ee\/toode\/mootorioli-profleet-lsa-5w30-20l-valvoline\/#breadcrumb"},"inLanguage":"en-US","potentialAction":[{"@type":"ReadAction","target":["https:\/\/ranoja.ee\/toode\/mootorioli-profleet-lsa-5w30-20l-valvoline\/"]}]},{"@type":"ImageObject","inLanguage":"en-US","@id":"https:\/\/ranoja.ee\/toode\/mootorioli-profleet-lsa-5w30-20l-valvoline\/#primaryimage","url":"https:\/\/ranoja.ee\/wp-content\/uploads\/2026\/03\/207445671.jpg","contentUrl":"https:\/\/ranoja.ee\/wp-content\/uploads\/2026\/03\/207445671.jpg","width":761,"height":768},{"@type":"BreadcrumbList","@id":"https:\/\/ranoja.ee\/toode\/mootorioli-profleet-lsa-5w30-20l-valvoline\/#breadcrumb","itemListElement":[{"@type":"ListItem","position":1,"name":"Home","item":"https:\/\/ranoja.ee\/"},{"@type":"ListItem","position":2,"name":"Shop","item":"https:\/\/ranoja.ee\/en\/shop\/"},{"@type":"ListItem","position":3,"name":"Mootori\u00f5li Profleet LSA 5W30 20L, Valvoline"}]},{"@type":"WebSite","@id":"https:\/\/ranoja.ee\/#website","url":"https:\/\/ranoja.ee\/","name":"Ranoja","description":"Equipment Shop WooCommerce WordPress Theme for Machine &amp; Tools","publisher":{"@id":"https:\/\/ranoja.ee\/#organization"},"potentialAction":[{"@type":"SearchAction","target":{"@type":"EntryPoint","urlTemplate":"https:\/\/ranoja.ee\/?s={search_term_string}"},"query-input":{"@type":"PropertyValueSpecification","valueRequired":true,"valueName":"search_term_string"}}],"inLanguage":"en-US"},{"@type":"Organization","@id":"https:\/\/ranoja.ee\/#organization","name":"Ranoja O\u00dc","url":"https:\/\/ranoja.ee\/","logo":{"@type":"ImageObject","inLanguage":"en-US","@id":"https:\/\/ranoja.ee\/#\/schema\/logo\/image\/","url":"https:\/\/ranoja.ee\/wp-content\/uploads\/2023\/11\/ranoja-Logo.png","contentUrl":"https:\/\/ranoja.ee\/wp-content\/uploads\/2023\/11\/ranoja-Logo.png","width":207,"height":58,"caption":"Ranoja O\u00dc"},"image":{"@id":"https:\/\/ranoja.ee\/#\/schema\/logo\/image\/"},"sameAs":["https:\/\/www.facebook.com\/ranoja.ee","https:\/\/www.instagram.com\/ranoja__\/"]}]}},"_links":{"self":[{"href":"https:\/\/ranoja.ee\/en\/wp-json\/wp\/v2\/product\/62173","targetHints":{"allow":["GET"]}}],"collection":[{"href":"https:\/\/ranoja.ee\/en\/wp-json\/wp\/v2\/product"}],"about":[{"href":"https:\/\/ranoja.ee\/en\/wp-json\/wp\/v2\/types\/product"}],"wp:featuredmedia":[{"embeddable":true,"href":"https:\/\/ranoja.ee\/en\/wp-json\/wp\/v2\/media\/62174"}],"wp:attachment":[{"href":"https:\/\/ranoja.ee\/en\/wp-json\/wp\/v2\/media?parent=62173"}],"wp:term":[{"taxonomy":"product_cat","embeddable":true,"href":"https:\/\/ranoja.ee\/en\/wp-json\/wp\/v2\/product_cat?post=62173"},{"taxonomy":"product_tag","embeddable":true,"href":"https:\/\/ranoja.ee\/en\/wp-json\/wp\/v2\/product_tag?post=62173"}],"curies":[{"name":"wp","href":"https:\/\/api.w.org\/{rel}","templated":true}]}}