{"id":62169,"date":"2026-03-17T02:36:41","date_gmt":"2026-03-16T23:36:41","guid":{"rendered":"https:\/\/ranoja.ee\/toode\/kompressorioli-compressor-oil-68-20l-valvoline\/"},"modified":"2026-03-17T15:36:00","modified_gmt":"2026-03-17T12:36:00","slug":"kompressorioli-compressor-oil-68-20l-valvoline","status":"publish","type":"product","link":"https:\/\/ranoja.ee\/en\/toode\/kompressorioli-compressor-oil-68-20l-valvoline\/","title":{"rendered":"Kompressori\u00f5li Compressor Oil 68 20L, Valvoline"},"content":{"rendered":"","protected":false},"excerpt":{"rendered":"<p>Valvoline Compressor Oil 68 on m\u00f5eldud \u00f5hukompressorite m\u00e4\u00e4rimiseks ja on toodetud lahustineutraalsetest mineraal\u00f5lidest, millel on v\u00e4ga madal koksij\u00e4\u00e4k. Kvaliteetne lisandite pakett, mis on valitud parima j\u00f5udluse tagamiseks, ei sisalda tsinki. Tuhavaba lisand sisaldab antioks\u00fcdanti, kulumisvastaseid lisandeid, korrosioonivastaseid lisandeid ja deemulgaatorit, mis v\u00f5imaldab head vee eraldumist. Eriti soovitatav \u00f5hu ja muude gaaside (mitteagressiivsete) kokkusurumiseks m\u00f5eldud kompressoritele, kolbkompressoritele, kruvikompressoritele, lamellaarsetele p\u00f6\u00f6rlevatele kompressoritele ja vaakumpumpadele. See v\u00f5imaldab sujuvat t\u00f6\u00f6d isegi k\u00f5rgetel suru\u00f5hu temperatuuridel ja tagab hea sademete kontrolli seadmete osadel. Neid kasutatakse ka h\u00fcdrauliliste vedelikena j\u00f5u ja liikumise edastamiseks igat t\u00fc\u00fcpi h\u00fcdraulikas\u00fcsteemides normaalsetel t\u00f6\u00f6temperatuuridel, kus on vaja kasutada vabalt voolavaid \u00f5lisid ja tsingivabasid \u00f5lisid. <br \/>\nToimivustasemed:<br \/>\nISO L- DAB\/DAG<br \/>\nISO 6743-3A<br \/>\nDIN 51506 VD-L<br \/>\nDIN 51524\/2<br \/>\nAFNOR NF E 48-603 HM<br \/>\nEaton Vickers M-2950-S\/ I-286-S<\/p>\n","protected":false},"featured_media":62170,"template":"","meta":{"inline_featured_image":false},"product_cat":[5413,5012,5093],"product_tag":[],"class_list":{"0":"post-62169","1":"product","2":"type-product","3":"status-publish","4":"has-post-thumbnail","6":"product_brand-valvoline","7":"product_cat-kompressoriolid","8":"product_cat-olid-ja-maardeained","9":"product_cat-toostusolid","11":"first","12":"instock","13":"purchasable","14":"product-type-simple"},"yoast_head":"<!-- This site is optimized with the Yoast SEO plugin v27.4 - https:\/\/yoast.com\/product\/yoast-seo-wordpress\/ -->\n<title>Kompressori\u00f5li Compressor Oil 68 20L, Valvoline - Ranoja<\/title>\n<meta name=\"robots\" content=\"index, follow, max-snippet:-1, max-image-preview:large, max-video-preview:-1\" \/>\n<link rel=\"canonical\" href=\"https:\/\/ranoja.ee\/toode\/kompressorioli-compressor-oil-68-20l-valvoline\/\" \/>\n<meta property=\"og:locale\" content=\"en_US\" \/>\n<meta property=\"og:type\" content=\"article\" \/>\n<meta property=\"og:title\" content=\"Kompressori\u00f5li Compressor Oil 68 20L, Valvoline - Ranoja\" \/>\n<meta property=\"og:description\" content=\"Valvoline Compressor Oil 68 on m\u00f5eldud \u00f5hukompressorite m\u00e4\u00e4rimiseks ja on toodetud lahustineutraalsetest mineraal\u00f5lidest, millel on v\u00e4ga madal koksij\u00e4\u00e4k. Kvaliteetne lisandite pakett, mis on valitud parima j\u00f5udluse tagamiseks, ei sisalda tsinki. Tuhavaba lisand sisaldab antioks\u00fcdanti, kulumisvastaseid lisandeid, korrosioonivastaseid lisandeid ja deemulgaatorit, mis v\u00f5imaldab head vee eraldumist. Eriti soovitatav \u00f5hu ja muude gaaside (mitteagressiivsete) kokkusurumiseks m\u00f5eldud kompressoritele, kolbkompressoritele, kruvikompressoritele, lamellaarsetele p\u00f6\u00f6rlevatele kompressoritele ja vaakumpumpadele. See v\u00f5imaldab sujuvat t\u00f6\u00f6d isegi k\u00f5rgetel suru\u00f5hu temperatuuridel ja tagab hea sademete kontrolli seadmete osadel. Neid kasutatakse ka h\u00fcdrauliliste vedelikena j\u00f5u ja liikumise edastamiseks igat t\u00fc\u00fcpi h\u00fcdraulikas\u00fcsteemides normaalsetel t\u00f6\u00f6temperatuuridel, kus on vaja kasutada vabalt voolavaid \u00f5lisid ja tsingivabasid \u00f5lisid. Toimivustasemed: ISO L- DAB\/DAG ISO 6743-3A DIN 51506 VD-L DIN 51524\/2 AFNOR NF E 48-603 HM Eaton Vickers M-2950-S\/ I-286-S\" \/>\n<meta property=\"og:url\" content=\"https:\/\/ranoja.ee\/toode\/kompressorioli-compressor-oil-68-20l-valvoline\/\" \/>\n<meta property=\"og:site_name\" content=\"Ranoja\" \/>\n<meta property=\"article:publisher\" content=\"https:\/\/www.facebook.com\/ranoja.ee\" \/>\n<meta property=\"article:modified_time\" content=\"2026-03-17T12:36:00+00:00\" \/>\n<meta property=\"og:image\" content=\"https:\/\/ranoja.ee\/wp-content\/uploads\/2026\/03\/233198828.jpg\" \/>\n\t<meta property=\"og:image:width\" content=\"375\" \/>\n\t<meta property=\"og:image:height\" content=\"375\" \/>\n\t<meta property=\"og:image:type\" content=\"image\/jpeg\" \/>\n<meta name=\"twitter:card\" content=\"summary_large_image\" \/>\n<script type=\"application\/ld+json\" class=\"yoast-schema-graph\">{\"@context\":\"https:\\\/\\\/schema.org\",\"@graph\":[{\"@type\":\"WebPage\",\"@id\":\"https:\\\/\\\/ranoja.ee\\\/toode\\\/kompressorioli-compressor-oil-68-20l-valvoline\\\/\",\"url\":\"https:\\\/\\\/ranoja.ee\\\/toode\\\/kompressorioli-compressor-oil-68-20l-valvoline\\\/\",\"name\":\"Kompressori\u00f5li Compressor Oil 68 20L, Valvoline - Ranoja\",\"isPartOf\":{\"@id\":\"https:\\\/\\\/ranoja.ee\\\/#website\"},\"primaryImageOfPage\":{\"@id\":\"https:\\\/\\\/ranoja.ee\\\/toode\\\/kompressorioli-compressor-oil-68-20l-valvoline\\\/#primaryimage\"},\"image\":{\"@id\":\"https:\\\/\\\/ranoja.ee\\\/toode\\\/kompressorioli-compressor-oil-68-20l-valvoline\\\/#primaryimage\"},\"thumbnailUrl\":\"https:\\\/\\\/ranoja.ee\\\/wp-content\\\/uploads\\\/2026\\\/03\\\/233198828.jpg\",\"datePublished\":\"2026-03-16T23:36:41+00:00\",\"dateModified\":\"2026-03-17T12:36:00+00:00\",\"breadcrumb\":{\"@id\":\"https:\\\/\\\/ranoja.ee\\\/toode\\\/kompressorioli-compressor-oil-68-20l-valvoline\\\/#breadcrumb\"},\"inLanguage\":\"en-US\",\"potentialAction\":[{\"@type\":\"ReadAction\",\"target\":[\"https:\\\/\\\/ranoja.ee\\\/toode\\\/kompressorioli-compressor-oil-68-20l-valvoline\\\/\"]}]},{\"@type\":\"ImageObject\",\"inLanguage\":\"en-US\",\"@id\":\"https:\\\/\\\/ranoja.ee\\\/toode\\\/kompressorioli-compressor-oil-68-20l-valvoline\\\/#primaryimage\",\"url\":\"https:\\\/\\\/ranoja.ee\\\/wp-content\\\/uploads\\\/2026\\\/03\\\/233198828.jpg\",\"contentUrl\":\"https:\\\/\\\/ranoja.ee\\\/wp-content\\\/uploads\\\/2026\\\/03\\\/233198828.jpg\",\"width\":375,\"height\":375},{\"@type\":\"BreadcrumbList\",\"@id\":\"https:\\\/\\\/ranoja.ee\\\/toode\\\/kompressorioli-compressor-oil-68-20l-valvoline\\\/#breadcrumb\",\"itemListElement\":[{\"@type\":\"ListItem\",\"position\":1,\"name\":\"Home\",\"item\":\"https:\\\/\\\/ranoja.ee\\\/\"},{\"@type\":\"ListItem\",\"position\":2,\"name\":\"Shop\",\"item\":\"https:\\\/\\\/ranoja.ee\\\/en\\\/shop\\\/\"},{\"@type\":\"ListItem\",\"position\":3,\"name\":\"Kompressori\u00f5li Compressor Oil 68 20L, Valvoline\"}]},{\"@type\":\"WebSite\",\"@id\":\"https:\\\/\\\/ranoja.ee\\\/#website\",\"url\":\"https:\\\/\\\/ranoja.ee\\\/\",\"name\":\"Ranoja\",\"description\":\"Equipment Shop WooCommerce WordPress Theme for Machine &amp; Tools\",\"publisher\":{\"@id\":\"https:\\\/\\\/ranoja.ee\\\/#organization\"},\"potentialAction\":[{\"@type\":\"SearchAction\",\"target\":{\"@type\":\"EntryPoint\",\"urlTemplate\":\"https:\\\/\\\/ranoja.ee\\\/?s={search_term_string}\"},\"query-input\":{\"@type\":\"PropertyValueSpecification\",\"valueRequired\":true,\"valueName\":\"search_term_string\"}}],\"inLanguage\":\"en-US\"},{\"@type\":\"Organization\",\"@id\":\"https:\\\/\\\/ranoja.ee\\\/#organization\",\"name\":\"Ranoja O\u00dc\",\"url\":\"https:\\\/\\\/ranoja.ee\\\/\",\"logo\":{\"@type\":\"ImageObject\",\"inLanguage\":\"en-US\",\"@id\":\"https:\\\/\\\/ranoja.ee\\\/#\\\/schema\\\/logo\\\/image\\\/\",\"url\":\"https:\\\/\\\/ranoja.ee\\\/wp-content\\\/uploads\\\/2023\\\/11\\\/ranoja-Logo.png\",\"contentUrl\":\"https:\\\/\\\/ranoja.ee\\\/wp-content\\\/uploads\\\/2023\\\/11\\\/ranoja-Logo.png\",\"width\":207,\"height\":58,\"caption\":\"Ranoja O\u00dc\"},\"image\":{\"@id\":\"https:\\\/\\\/ranoja.ee\\\/#\\\/schema\\\/logo\\\/image\\\/\"},\"sameAs\":[\"https:\\\/\\\/www.facebook.com\\\/ranoja.ee\",\"https:\\\/\\\/www.instagram.com\\\/ranoja__\\\/\"]}]}<\/script>\n<!-- \/ Yoast SEO plugin. -->","yoast_head_json":{"title":"Kompressori\u00f5li Compressor Oil 68 20L, Valvoline - Ranoja","robots":{"index":"index","follow":"follow","max-snippet":"max-snippet:-1","max-image-preview":"max-image-preview:large","max-video-preview":"max-video-preview:-1"},"canonical":"https:\/\/ranoja.ee\/toode\/kompressorioli-compressor-oil-68-20l-valvoline\/","og_locale":"en_US","og_type":"article","og_title":"Kompressori\u00f5li Compressor Oil 68 20L, Valvoline - Ranoja","og_description":"Valvoline Compressor Oil 68 on m\u00f5eldud \u00f5hukompressorite m\u00e4\u00e4rimiseks ja on toodetud lahustineutraalsetest mineraal\u00f5lidest, millel on v\u00e4ga madal koksij\u00e4\u00e4k. Kvaliteetne lisandite pakett, mis on valitud parima j\u00f5udluse tagamiseks, ei sisalda tsinki. Tuhavaba lisand sisaldab antioks\u00fcdanti, kulumisvastaseid lisandeid, korrosioonivastaseid lisandeid ja deemulgaatorit, mis v\u00f5imaldab head vee eraldumist. Eriti soovitatav \u00f5hu ja muude gaaside (mitteagressiivsete) kokkusurumiseks m\u00f5eldud kompressoritele, kolbkompressoritele, kruvikompressoritele, lamellaarsetele p\u00f6\u00f6rlevatele kompressoritele ja vaakumpumpadele. See v\u00f5imaldab sujuvat t\u00f6\u00f6d isegi k\u00f5rgetel suru\u00f5hu temperatuuridel ja tagab hea sademete kontrolli seadmete osadel. Neid kasutatakse ka h\u00fcdrauliliste vedelikena j\u00f5u ja liikumise edastamiseks igat t\u00fc\u00fcpi h\u00fcdraulikas\u00fcsteemides normaalsetel t\u00f6\u00f6temperatuuridel, kus on vaja kasutada vabalt voolavaid \u00f5lisid ja tsingivabasid \u00f5lisid. Toimivustasemed: ISO L- DAB\/DAG ISO 6743-3A DIN 51506 VD-L DIN 51524\/2 AFNOR NF E 48-603 HM Eaton Vickers M-2950-S\/ I-286-S","og_url":"https:\/\/ranoja.ee\/toode\/kompressorioli-compressor-oil-68-20l-valvoline\/","og_site_name":"Ranoja","article_publisher":"https:\/\/www.facebook.com\/ranoja.ee","article_modified_time":"2026-03-17T12:36:00+00:00","og_image":[{"width":375,"height":375,"url":"https:\/\/ranoja.ee\/wp-content\/uploads\/2026\/03\/233198828.jpg","type":"image\/jpeg"}],"twitter_card":"summary_large_image","schema":{"@context":"https:\/\/schema.org","@graph":[{"@type":"WebPage","@id":"https:\/\/ranoja.ee\/toode\/kompressorioli-compressor-oil-68-20l-valvoline\/","url":"https:\/\/ranoja.ee\/toode\/kompressorioli-compressor-oil-68-20l-valvoline\/","name":"Kompressori\u00f5li Compressor Oil 68 20L, Valvoline - Ranoja","isPartOf":{"@id":"https:\/\/ranoja.ee\/#website"},"primaryImageOfPage":{"@id":"https:\/\/ranoja.ee\/toode\/kompressorioli-compressor-oil-68-20l-valvoline\/#primaryimage"},"image":{"@id":"https:\/\/ranoja.ee\/toode\/kompressorioli-compressor-oil-68-20l-valvoline\/#primaryimage"},"thumbnailUrl":"https:\/\/ranoja.ee\/wp-content\/uploads\/2026\/03\/233198828.jpg","datePublished":"2026-03-16T23:36:41+00:00","dateModified":"2026-03-17T12:36:00+00:00","breadcrumb":{"@id":"https:\/\/ranoja.ee\/toode\/kompressorioli-compressor-oil-68-20l-valvoline\/#breadcrumb"},"inLanguage":"en-US","potentialAction":[{"@type":"ReadAction","target":["https:\/\/ranoja.ee\/toode\/kompressorioli-compressor-oil-68-20l-valvoline\/"]}]},{"@type":"ImageObject","inLanguage":"en-US","@id":"https:\/\/ranoja.ee\/toode\/kompressorioli-compressor-oil-68-20l-valvoline\/#primaryimage","url":"https:\/\/ranoja.ee\/wp-content\/uploads\/2026\/03\/233198828.jpg","contentUrl":"https:\/\/ranoja.ee\/wp-content\/uploads\/2026\/03\/233198828.jpg","width":375,"height":375},{"@type":"BreadcrumbList","@id":"https:\/\/ranoja.ee\/toode\/kompressorioli-compressor-oil-68-20l-valvoline\/#breadcrumb","itemListElement":[{"@type":"ListItem","position":1,"name":"Home","item":"https:\/\/ranoja.ee\/"},{"@type":"ListItem","position":2,"name":"Shop","item":"https:\/\/ranoja.ee\/en\/shop\/"},{"@type":"ListItem","position":3,"name":"Kompressori\u00f5li Compressor Oil 68 20L, Valvoline"}]},{"@type":"WebSite","@id":"https:\/\/ranoja.ee\/#website","url":"https:\/\/ranoja.ee\/","name":"Ranoja","description":"Equipment Shop WooCommerce WordPress Theme for Machine &amp; Tools","publisher":{"@id":"https:\/\/ranoja.ee\/#organization"},"potentialAction":[{"@type":"SearchAction","target":{"@type":"EntryPoint","urlTemplate":"https:\/\/ranoja.ee\/?s={search_term_string}"},"query-input":{"@type":"PropertyValueSpecification","valueRequired":true,"valueName":"search_term_string"}}],"inLanguage":"en-US"},{"@type":"Organization","@id":"https:\/\/ranoja.ee\/#organization","name":"Ranoja O\u00dc","url":"https:\/\/ranoja.ee\/","logo":{"@type":"ImageObject","inLanguage":"en-US","@id":"https:\/\/ranoja.ee\/#\/schema\/logo\/image\/","url":"https:\/\/ranoja.ee\/wp-content\/uploads\/2023\/11\/ranoja-Logo.png","contentUrl":"https:\/\/ranoja.ee\/wp-content\/uploads\/2023\/11\/ranoja-Logo.png","width":207,"height":58,"caption":"Ranoja O\u00dc"},"image":{"@id":"https:\/\/ranoja.ee\/#\/schema\/logo\/image\/"},"sameAs":["https:\/\/www.facebook.com\/ranoja.ee","https:\/\/www.instagram.com\/ranoja__\/"]}]}},"_links":{"self":[{"href":"https:\/\/ranoja.ee\/en\/wp-json\/wp\/v2\/product\/62169","targetHints":{"allow":["GET"]}}],"collection":[{"href":"https:\/\/ranoja.ee\/en\/wp-json\/wp\/v2\/product"}],"about":[{"href":"https:\/\/ranoja.ee\/en\/wp-json\/wp\/v2\/types\/product"}],"wp:featuredmedia":[{"embeddable":true,"href":"https:\/\/ranoja.ee\/en\/wp-json\/wp\/v2\/media\/62170"}],"wp:attachment":[{"href":"https:\/\/ranoja.ee\/en\/wp-json\/wp\/v2\/media?parent=62169"}],"wp:term":[{"taxonomy":"product_cat","embeddable":true,"href":"https:\/\/ranoja.ee\/en\/wp-json\/wp\/v2\/product_cat?post=62169"},{"taxonomy":"product_tag","embeddable":true,"href":"https:\/\/ranoja.ee\/en\/wp-json\/wp\/v2\/product_tag?post=62169"}],"curies":[{"name":"wp","href":"https:\/\/api.w.org\/{rel}","templated":true}]}}