{"id":62126,"date":"2026-03-17T02:36:22","date_gmt":"2026-03-16T23:36:22","guid":{"rendered":"https:\/\/ranoja.ee\/toode\/metallitootlusoli-pressol-m-205l-orlen-oil\/"},"modified":"2026-03-17T15:36:02","modified_gmt":"2026-03-17T12:36:02","slug":"metallitootlusoli-pressol-m-205l-orlen-oil","status":"publish","type":"product","link":"https:\/\/ranoja.ee\/en\/toode\/metallitootlusoli-pressol-m-205l-orlen-oil\/","title":{"rendered":"Metallit\u00f6\u00f6tlus\u00f5li Pressol M 205L, Orlen Oil"},"content":{"rendered":"","protected":false},"excerpt":{"rendered":"<p>PRESSOL M on ette n\u00e4htud alumiinium- ja teraslehtede plastiliseks t\u00f6\u00f6tlemiseks stantsimisprotsessides, augustamine, profileerimine, perforeerimine.<br \/>\nPRESSOL M \u00f5litehnoloogia pakub:<br \/>\n\uf0b7 suurep\u00e4rased m\u00e4\u00e4rdeomadused;<br \/>\n\uf0b7 kiire aurustumine<br \/>\n\uf0b7 ei sisalda v\u00e4rvij\u00e4\u00e4ke;<br \/>\n\uf0b7 pealekandmise v\u00f5imalus pihustamise, kastmise v\u00f5i rullimise teel.<br \/>\nKasutuskohad:<br \/>\nAurustuv vedelik PRESSOL M on plastiliseks t\u00f6\u00f6tlemiseks m\u00f5eldud kasutusvalmis toode. See ei muuda t\u00f6\u00f6deldud pindade v\u00e4rvi. T\u00e4nu spetsiaalsetele lisanditele v\u00e4hendab see h\u00f5\u00f5rdumist stantsi\/detaili\/vormi liideses, kaitstes t\u00f6\u00f6riista liigse koormuse eest. Sisaldab alifaatsete s\u00fcsivesinike ja s\u00fcnteetiliste estrite segu.<br \/>\nSpetsifikatsioonid:<br \/>\nISO L-MHB<br \/>\nF\u00fc\u00fcsikalised ja keemilised parameetrid:<br \/>\nTihedus 15\u00b0C juures kg\/m\u00b3 0,80<br \/>\nKinemaatiline viskoossus temperatuuril 40\u00b0C mm\u00b2\/s 1,4<br \/>\nLeekpunkt (o.c.) 0C 64<\/p>\n","protected":false},"featured_media":62127,"template":"","meta":{"inline_featured_image":false},"product_cat":[5410,5012,5093],"product_tag":[],"class_list":{"0":"post-62126","1":"product","2":"type-product","3":"status-publish","4":"has-post-thumbnail","6":"product_brand-orlen-oil","7":"product_cat-loikevedelikud","8":"product_cat-olid-ja-maardeained","9":"product_cat-toostusolid","11":"first","12":"instock","13":"purchasable","14":"product-type-simple"},"yoast_head":"<!-- This site is optimized with the Yoast SEO plugin v27.4 - https:\/\/yoast.com\/product\/yoast-seo-wordpress\/ -->\n<title>Metallit\u00f6\u00f6tlus\u00f5li Pressol M 205L, Orlen Oil - Ranoja<\/title>\n<meta name=\"robots\" content=\"index, follow, max-snippet:-1, max-image-preview:large, max-video-preview:-1\" \/>\n<link rel=\"canonical\" href=\"https:\/\/ranoja.ee\/toode\/metallitootlusoli-pressol-m-205l-orlen-oil\/\" \/>\n<meta property=\"og:locale\" content=\"en_US\" \/>\n<meta property=\"og:type\" content=\"article\" \/>\n<meta property=\"og:title\" content=\"Metallit\u00f6\u00f6tlus\u00f5li Pressol M 205L, Orlen Oil - Ranoja\" \/>\n<meta property=\"og:description\" content=\"PRESSOL M on ette n\u00e4htud alumiinium- ja teraslehtede plastiliseks t\u00f6\u00f6tlemiseks stantsimisprotsessides, augustamine, profileerimine, perforeerimine. PRESSOL M \u00f5litehnoloogia pakub: \uf0b7 suurep\u00e4rased m\u00e4\u00e4rdeomadused; \uf0b7 kiire aurustumine \uf0b7 ei sisalda v\u00e4rvij\u00e4\u00e4ke; \uf0b7 pealekandmise v\u00f5imalus pihustamise, kastmise v\u00f5i rullimise teel. Kasutuskohad: Aurustuv vedelik PRESSOL M on plastiliseks t\u00f6\u00f6tlemiseks m\u00f5eldud kasutusvalmis toode. See ei muuda t\u00f6\u00f6deldud pindade v\u00e4rvi. T\u00e4nu spetsiaalsetele lisanditele v\u00e4hendab see h\u00f5\u00f5rdumist stantsi\/detaili\/vormi liideses, kaitstes t\u00f6\u00f6riista liigse koormuse eest. Sisaldab alifaatsete s\u00fcsivesinike ja s\u00fcnteetiliste estrite segu. Spetsifikatsioonid: ISO L-MHB F\u00fc\u00fcsikalised ja keemilised parameetrid: Tihedus 15\u00b0C juures kg\/m\u00b3 0,80 Kinemaatiline viskoossus temperatuuril 40\u00b0C mm\u00b2\/s 1,4 Leekpunkt (o.c.) 0C 64\" \/>\n<meta property=\"og:url\" content=\"https:\/\/ranoja.ee\/toode\/metallitootlusoli-pressol-m-205l-orlen-oil\/\" \/>\n<meta property=\"og:site_name\" content=\"Ranoja\" \/>\n<meta property=\"article:publisher\" content=\"https:\/\/www.facebook.com\/ranoja.ee\" \/>\n<meta property=\"article:modified_time\" content=\"2026-03-17T12:36:02+00:00\" \/>\n<meta property=\"og:image\" content=\"https:\/\/ranoja.ee\/wp-content\/uploads\/2026\/03\/5638190511.jpg\" \/>\n\t<meta property=\"og:image:width\" content=\"474\" \/>\n\t<meta property=\"og:image:height\" content=\"713\" \/>\n\t<meta property=\"og:image:type\" content=\"image\/jpeg\" \/>\n<meta name=\"twitter:card\" content=\"summary_large_image\" \/>\n<script type=\"application\/ld+json\" class=\"yoast-schema-graph\">{\"@context\":\"https:\\\/\\\/schema.org\",\"@graph\":[{\"@type\":\"WebPage\",\"@id\":\"https:\\\/\\\/ranoja.ee\\\/toode\\\/metallitootlusoli-pressol-m-205l-orlen-oil\\\/\",\"url\":\"https:\\\/\\\/ranoja.ee\\\/toode\\\/metallitootlusoli-pressol-m-205l-orlen-oil\\\/\",\"name\":\"Metallit\u00f6\u00f6tlus\u00f5li Pressol M 205L, Orlen Oil - Ranoja\",\"isPartOf\":{\"@id\":\"https:\\\/\\\/ranoja.ee\\\/#website\"},\"primaryImageOfPage\":{\"@id\":\"https:\\\/\\\/ranoja.ee\\\/toode\\\/metallitootlusoli-pressol-m-205l-orlen-oil\\\/#primaryimage\"},\"image\":{\"@id\":\"https:\\\/\\\/ranoja.ee\\\/toode\\\/metallitootlusoli-pressol-m-205l-orlen-oil\\\/#primaryimage\"},\"thumbnailUrl\":\"https:\\\/\\\/ranoja.ee\\\/wp-content\\\/uploads\\\/2026\\\/03\\\/5638190511.jpg\",\"datePublished\":\"2026-03-16T23:36:22+00:00\",\"dateModified\":\"2026-03-17T12:36:02+00:00\",\"breadcrumb\":{\"@id\":\"https:\\\/\\\/ranoja.ee\\\/toode\\\/metallitootlusoli-pressol-m-205l-orlen-oil\\\/#breadcrumb\"},\"inLanguage\":\"en-US\",\"potentialAction\":[{\"@type\":\"ReadAction\",\"target\":[\"https:\\\/\\\/ranoja.ee\\\/toode\\\/metallitootlusoli-pressol-m-205l-orlen-oil\\\/\"]}]},{\"@type\":\"ImageObject\",\"inLanguage\":\"en-US\",\"@id\":\"https:\\\/\\\/ranoja.ee\\\/toode\\\/metallitootlusoli-pressol-m-205l-orlen-oil\\\/#primaryimage\",\"url\":\"https:\\\/\\\/ranoja.ee\\\/wp-content\\\/uploads\\\/2026\\\/03\\\/5638190511.jpg\",\"contentUrl\":\"https:\\\/\\\/ranoja.ee\\\/wp-content\\\/uploads\\\/2026\\\/03\\\/5638190511.jpg\",\"width\":474,\"height\":713},{\"@type\":\"BreadcrumbList\",\"@id\":\"https:\\\/\\\/ranoja.ee\\\/toode\\\/metallitootlusoli-pressol-m-205l-orlen-oil\\\/#breadcrumb\",\"itemListElement\":[{\"@type\":\"ListItem\",\"position\":1,\"name\":\"Home\",\"item\":\"https:\\\/\\\/ranoja.ee\\\/\"},{\"@type\":\"ListItem\",\"position\":2,\"name\":\"Shop\",\"item\":\"https:\\\/\\\/ranoja.ee\\\/en\\\/shop\\\/\"},{\"@type\":\"ListItem\",\"position\":3,\"name\":\"Metallit\u00f6\u00f6tlus\u00f5li Pressol M 205L, Orlen Oil\"}]},{\"@type\":\"WebSite\",\"@id\":\"https:\\\/\\\/ranoja.ee\\\/#website\",\"url\":\"https:\\\/\\\/ranoja.ee\\\/\",\"name\":\"Ranoja\",\"description\":\"Equipment Shop WooCommerce WordPress Theme for Machine &amp; Tools\",\"publisher\":{\"@id\":\"https:\\\/\\\/ranoja.ee\\\/#organization\"},\"potentialAction\":[{\"@type\":\"SearchAction\",\"target\":{\"@type\":\"EntryPoint\",\"urlTemplate\":\"https:\\\/\\\/ranoja.ee\\\/?s={search_term_string}\"},\"query-input\":{\"@type\":\"PropertyValueSpecification\",\"valueRequired\":true,\"valueName\":\"search_term_string\"}}],\"inLanguage\":\"en-US\"},{\"@type\":\"Organization\",\"@id\":\"https:\\\/\\\/ranoja.ee\\\/#organization\",\"name\":\"Ranoja O\u00dc\",\"url\":\"https:\\\/\\\/ranoja.ee\\\/\",\"logo\":{\"@type\":\"ImageObject\",\"inLanguage\":\"en-US\",\"@id\":\"https:\\\/\\\/ranoja.ee\\\/#\\\/schema\\\/logo\\\/image\\\/\",\"url\":\"https:\\\/\\\/ranoja.ee\\\/wp-content\\\/uploads\\\/2023\\\/11\\\/ranoja-Logo.png\",\"contentUrl\":\"https:\\\/\\\/ranoja.ee\\\/wp-content\\\/uploads\\\/2023\\\/11\\\/ranoja-Logo.png\",\"width\":207,\"height\":58,\"caption\":\"Ranoja O\u00dc\"},\"image\":{\"@id\":\"https:\\\/\\\/ranoja.ee\\\/#\\\/schema\\\/logo\\\/image\\\/\"},\"sameAs\":[\"https:\\\/\\\/www.facebook.com\\\/ranoja.ee\",\"https:\\\/\\\/www.instagram.com\\\/ranoja__\\\/\"]}]}<\/script>\n<!-- \/ Yoast SEO plugin. -->","yoast_head_json":{"title":"Metallit\u00f6\u00f6tlus\u00f5li Pressol M 205L, Orlen Oil - Ranoja","robots":{"index":"index","follow":"follow","max-snippet":"max-snippet:-1","max-image-preview":"max-image-preview:large","max-video-preview":"max-video-preview:-1"},"canonical":"https:\/\/ranoja.ee\/toode\/metallitootlusoli-pressol-m-205l-orlen-oil\/","og_locale":"en_US","og_type":"article","og_title":"Metallit\u00f6\u00f6tlus\u00f5li Pressol M 205L, Orlen Oil - Ranoja","og_description":"PRESSOL M on ette n\u00e4htud alumiinium- ja teraslehtede plastiliseks t\u00f6\u00f6tlemiseks stantsimisprotsessides, augustamine, profileerimine, perforeerimine. PRESSOL M \u00f5litehnoloogia pakub: \uf0b7 suurep\u00e4rased m\u00e4\u00e4rdeomadused; \uf0b7 kiire aurustumine \uf0b7 ei sisalda v\u00e4rvij\u00e4\u00e4ke; \uf0b7 pealekandmise v\u00f5imalus pihustamise, kastmise v\u00f5i rullimise teel. Kasutuskohad: Aurustuv vedelik PRESSOL M on plastiliseks t\u00f6\u00f6tlemiseks m\u00f5eldud kasutusvalmis toode. See ei muuda t\u00f6\u00f6deldud pindade v\u00e4rvi. T\u00e4nu spetsiaalsetele lisanditele v\u00e4hendab see h\u00f5\u00f5rdumist stantsi\/detaili\/vormi liideses, kaitstes t\u00f6\u00f6riista liigse koormuse eest. Sisaldab alifaatsete s\u00fcsivesinike ja s\u00fcnteetiliste estrite segu. Spetsifikatsioonid: ISO L-MHB F\u00fc\u00fcsikalised ja keemilised parameetrid: Tihedus 15\u00b0C juures kg\/m\u00b3 0,80 Kinemaatiline viskoossus temperatuuril 40\u00b0C mm\u00b2\/s 1,4 Leekpunkt (o.c.) 0C 64","og_url":"https:\/\/ranoja.ee\/toode\/metallitootlusoli-pressol-m-205l-orlen-oil\/","og_site_name":"Ranoja","article_publisher":"https:\/\/www.facebook.com\/ranoja.ee","article_modified_time":"2026-03-17T12:36:02+00:00","og_image":[{"width":474,"height":713,"url":"https:\/\/ranoja.ee\/wp-content\/uploads\/2026\/03\/5638190511.jpg","type":"image\/jpeg"}],"twitter_card":"summary_large_image","schema":{"@context":"https:\/\/schema.org","@graph":[{"@type":"WebPage","@id":"https:\/\/ranoja.ee\/toode\/metallitootlusoli-pressol-m-205l-orlen-oil\/","url":"https:\/\/ranoja.ee\/toode\/metallitootlusoli-pressol-m-205l-orlen-oil\/","name":"Metallit\u00f6\u00f6tlus\u00f5li Pressol M 205L, Orlen Oil - Ranoja","isPartOf":{"@id":"https:\/\/ranoja.ee\/#website"},"primaryImageOfPage":{"@id":"https:\/\/ranoja.ee\/toode\/metallitootlusoli-pressol-m-205l-orlen-oil\/#primaryimage"},"image":{"@id":"https:\/\/ranoja.ee\/toode\/metallitootlusoli-pressol-m-205l-orlen-oil\/#primaryimage"},"thumbnailUrl":"https:\/\/ranoja.ee\/wp-content\/uploads\/2026\/03\/5638190511.jpg","datePublished":"2026-03-16T23:36:22+00:00","dateModified":"2026-03-17T12:36:02+00:00","breadcrumb":{"@id":"https:\/\/ranoja.ee\/toode\/metallitootlusoli-pressol-m-205l-orlen-oil\/#breadcrumb"},"inLanguage":"en-US","potentialAction":[{"@type":"ReadAction","target":["https:\/\/ranoja.ee\/toode\/metallitootlusoli-pressol-m-205l-orlen-oil\/"]}]},{"@type":"ImageObject","inLanguage":"en-US","@id":"https:\/\/ranoja.ee\/toode\/metallitootlusoli-pressol-m-205l-orlen-oil\/#primaryimage","url":"https:\/\/ranoja.ee\/wp-content\/uploads\/2026\/03\/5638190511.jpg","contentUrl":"https:\/\/ranoja.ee\/wp-content\/uploads\/2026\/03\/5638190511.jpg","width":474,"height":713},{"@type":"BreadcrumbList","@id":"https:\/\/ranoja.ee\/toode\/metallitootlusoli-pressol-m-205l-orlen-oil\/#breadcrumb","itemListElement":[{"@type":"ListItem","position":1,"name":"Home","item":"https:\/\/ranoja.ee\/"},{"@type":"ListItem","position":2,"name":"Shop","item":"https:\/\/ranoja.ee\/en\/shop\/"},{"@type":"ListItem","position":3,"name":"Metallit\u00f6\u00f6tlus\u00f5li Pressol M 205L, Orlen Oil"}]},{"@type":"WebSite","@id":"https:\/\/ranoja.ee\/#website","url":"https:\/\/ranoja.ee\/","name":"Ranoja","description":"Equipment Shop WooCommerce WordPress Theme for Machine &amp; Tools","publisher":{"@id":"https:\/\/ranoja.ee\/#organization"},"potentialAction":[{"@type":"SearchAction","target":{"@type":"EntryPoint","urlTemplate":"https:\/\/ranoja.ee\/?s={search_term_string}"},"query-input":{"@type":"PropertyValueSpecification","valueRequired":true,"valueName":"search_term_string"}}],"inLanguage":"en-US"},{"@type":"Organization","@id":"https:\/\/ranoja.ee\/#organization","name":"Ranoja O\u00dc","url":"https:\/\/ranoja.ee\/","logo":{"@type":"ImageObject","inLanguage":"en-US","@id":"https:\/\/ranoja.ee\/#\/schema\/logo\/image\/","url":"https:\/\/ranoja.ee\/wp-content\/uploads\/2023\/11\/ranoja-Logo.png","contentUrl":"https:\/\/ranoja.ee\/wp-content\/uploads\/2023\/11\/ranoja-Logo.png","width":207,"height":58,"caption":"Ranoja O\u00dc"},"image":{"@id":"https:\/\/ranoja.ee\/#\/schema\/logo\/image\/"},"sameAs":["https:\/\/www.facebook.com\/ranoja.ee","https:\/\/www.instagram.com\/ranoja__\/"]}]}},"_links":{"self":[{"href":"https:\/\/ranoja.ee\/en\/wp-json\/wp\/v2\/product\/62126","targetHints":{"allow":["GET"]}}],"collection":[{"href":"https:\/\/ranoja.ee\/en\/wp-json\/wp\/v2\/product"}],"about":[{"href":"https:\/\/ranoja.ee\/en\/wp-json\/wp\/v2\/types\/product"}],"wp:featuredmedia":[{"embeddable":true,"href":"https:\/\/ranoja.ee\/en\/wp-json\/wp\/v2\/media\/62127"}],"wp:attachment":[{"href":"https:\/\/ranoja.ee\/en\/wp-json\/wp\/v2\/media?parent=62126"}],"wp:term":[{"taxonomy":"product_cat","embeddable":true,"href":"https:\/\/ranoja.ee\/en\/wp-json\/wp\/v2\/product_cat?post=62126"},{"taxonomy":"product_tag","embeddable":true,"href":"https:\/\/ranoja.ee\/en\/wp-json\/wp\/v2\/product_tag?post=62126"}],"curies":[{"name":"wp","href":"https:\/\/api.w.org\/{rel}","templated":true}]}}