{"id":62104,"date":"2026-03-17T02:36:22","date_gmt":"2026-03-16T23:36:22","guid":{"rendered":"https:\/\/ranoja.ee\/toode\/automaatkasti-sisepesu-automatic-transmission-cleaner-500ml-valvoline\/"},"modified":"2026-03-17T15:36:02","modified_gmt":"2026-03-17T12:36:02","slug":"automaatkasti-sisepesu-automatic-transmission-cleaner-500ml-valvoline","status":"publish","type":"product","link":"https:\/\/ranoja.ee\/en\/toode\/automaatkasti-sisepesu-automatic-transmission-cleaner-500ml-valvoline\/","title":{"rendered":"Automaatkasti sisepesu Automatic Transmission Cleaner 500ml, Valvoline"},"content":{"rendered":"","protected":false},"excerpt":{"rendered":"<p>Puhastab automaatk\u00e4igukasti s\u00fcsteemi<br \/>\nV\u00f5imaldab optimaalset k\u00e4iguvahetust<br \/>\n\u00dchildub k\u00f5igi tihendi materjalidega ja \u00fclekandekomponentidega<br \/>\n\u00c4\u00e4rmiselt t\u00f5hus puhastusvahend<br \/>\nEemaldab saasteained ja sadestised k\u00f5igilt \u00fclekandekomponentidelt<br \/>\nPikendab automaatk\u00e4igukasti kasutusiga.<br \/>\nKasutamine:<br \/>\n150 ml puhastusainet on m\u00f5eldud 3-6 liitri automaak\u00e4igukasti vedeliku kohta. Pudelit\u00e4is t\u00f6\u00f6tleb ca 10-20 liitrit vedeliku kogust.<br \/>\nLisa vastav puhastusaine kogus t\u00f6\u00f6sooja k\u00f5igukasti vedelikule enne vedelikuvahetust. Lase t\u00fchik\u00e4igul t\u00f6\u00f6tada ca 10 minutit.<br \/>\nSelle aja jooksul l\u00fclita k\u00f5iki k\u00e4igukangi asendeid v\u00e4hemalt kaks korda.T\u00fchjenda vana vedelik ja asenda uuega.<\/p>\n","protected":false},"featured_media":62105,"template":"","meta":{"inline_featured_image":false},"product_cat":[5055,5126,5009],"product_tag":[],"class_list":{"0":"post-62104","1":"product","2":"type-product","3":"status-publish","4":"has-post-thumbnail","6":"product_brand-valvoline","7":"product_cat-autohoolduskeemia","8":"product_cat-mootorihooldus","9":"product_cat-toostus-ja-autokeemia","11":"first","12":"instock","13":"purchasable","14":"product-type-simple"},"yoast_head":"<!-- This site is optimized with the Yoast SEO plugin v27.4 - https:\/\/yoast.com\/product\/yoast-seo-wordpress\/ -->\n<title>Automaatkasti sisepesu Automatic Transmission Cleaner 500ml, Valvoline - Ranoja<\/title>\n<meta name=\"robots\" content=\"index, follow, max-snippet:-1, max-image-preview:large, max-video-preview:-1\" \/>\n<link rel=\"canonical\" href=\"https:\/\/ranoja.ee\/toode\/automaatkasti-sisepesu-automatic-transmission-cleaner-500ml-valvoline\/\" \/>\n<meta property=\"og:locale\" content=\"en_US\" \/>\n<meta property=\"og:type\" content=\"article\" \/>\n<meta property=\"og:title\" content=\"Automaatkasti sisepesu Automatic Transmission Cleaner 500ml, Valvoline - Ranoja\" \/>\n<meta property=\"og:description\" content=\"Puhastab automaatk\u00e4igukasti s\u00fcsteemi V\u00f5imaldab optimaalset k\u00e4iguvahetust \u00dchildub k\u00f5igi tihendi materjalidega ja \u00fclekandekomponentidega \u00c4\u00e4rmiselt t\u00f5hus puhastusvahend Eemaldab saasteained ja sadestised k\u00f5igilt \u00fclekandekomponentidelt Pikendab automaatk\u00e4igukasti kasutusiga. Kasutamine: 150 ml puhastusainet on m\u00f5eldud 3-6 liitri automaak\u00e4igukasti vedeliku kohta. Pudelit\u00e4is t\u00f6\u00f6tleb ca 10-20 liitrit vedeliku kogust. Lisa vastav puhastusaine kogus t\u00f6\u00f6sooja k\u00f5igukasti vedelikule enne vedelikuvahetust. Lase t\u00fchik\u00e4igul t\u00f6\u00f6tada ca 10 minutit. Selle aja jooksul l\u00fclita k\u00f5iki k\u00e4igukangi asendeid v\u00e4hemalt kaks korda.T\u00fchjenda vana vedelik ja asenda uuega.\" \/>\n<meta property=\"og:url\" content=\"https:\/\/ranoja.ee\/toode\/automaatkasti-sisepesu-automatic-transmission-cleaner-500ml-valvoline\/\" \/>\n<meta property=\"og:site_name\" content=\"Ranoja\" \/>\n<meta property=\"article:publisher\" content=\"https:\/\/www.facebook.com\/ranoja.ee\" \/>\n<meta property=\"article:modified_time\" content=\"2026-03-17T12:36:02+00:00\" \/>\n<meta property=\"og:image\" content=\"https:\/\/ranoja.ee\/wp-content\/uploads\/2026\/03\/190295544.png\" \/>\n\t<meta property=\"og:image:width\" content=\"411\" \/>\n\t<meta property=\"og:image:height\" content=\"768\" \/>\n\t<meta property=\"og:image:type\" content=\"image\/jpeg\" \/>\n<meta name=\"twitter:card\" content=\"summary_large_image\" \/>\n<script type=\"application\/ld+json\" class=\"yoast-schema-graph\">{\"@context\":\"https:\\\/\\\/schema.org\",\"@graph\":[{\"@type\":\"WebPage\",\"@id\":\"https:\\\/\\\/ranoja.ee\\\/toode\\\/automaatkasti-sisepesu-automatic-transmission-cleaner-500ml-valvoline\\\/\",\"url\":\"https:\\\/\\\/ranoja.ee\\\/toode\\\/automaatkasti-sisepesu-automatic-transmission-cleaner-500ml-valvoline\\\/\",\"name\":\"Automaatkasti sisepesu Automatic Transmission Cleaner 500ml, Valvoline - Ranoja\",\"isPartOf\":{\"@id\":\"https:\\\/\\\/ranoja.ee\\\/#website\"},\"primaryImageOfPage\":{\"@id\":\"https:\\\/\\\/ranoja.ee\\\/toode\\\/automaatkasti-sisepesu-automatic-transmission-cleaner-500ml-valvoline\\\/#primaryimage\"},\"image\":{\"@id\":\"https:\\\/\\\/ranoja.ee\\\/toode\\\/automaatkasti-sisepesu-automatic-transmission-cleaner-500ml-valvoline\\\/#primaryimage\"},\"thumbnailUrl\":\"https:\\\/\\\/ranoja.ee\\\/wp-content\\\/uploads\\\/2026\\\/03\\\/190295544.png\",\"datePublished\":\"2026-03-16T23:36:22+00:00\",\"dateModified\":\"2026-03-17T12:36:02+00:00\",\"breadcrumb\":{\"@id\":\"https:\\\/\\\/ranoja.ee\\\/toode\\\/automaatkasti-sisepesu-automatic-transmission-cleaner-500ml-valvoline\\\/#breadcrumb\"},\"inLanguage\":\"en-US\",\"potentialAction\":[{\"@type\":\"ReadAction\",\"target\":[\"https:\\\/\\\/ranoja.ee\\\/toode\\\/automaatkasti-sisepesu-automatic-transmission-cleaner-500ml-valvoline\\\/\"]}]},{\"@type\":\"ImageObject\",\"inLanguage\":\"en-US\",\"@id\":\"https:\\\/\\\/ranoja.ee\\\/toode\\\/automaatkasti-sisepesu-automatic-transmission-cleaner-500ml-valvoline\\\/#primaryimage\",\"url\":\"https:\\\/\\\/ranoja.ee\\\/wp-content\\\/uploads\\\/2026\\\/03\\\/190295544.png\",\"contentUrl\":\"https:\\\/\\\/ranoja.ee\\\/wp-content\\\/uploads\\\/2026\\\/03\\\/190295544.png\",\"width\":411,\"height\":768},{\"@type\":\"BreadcrumbList\",\"@id\":\"https:\\\/\\\/ranoja.ee\\\/toode\\\/automaatkasti-sisepesu-automatic-transmission-cleaner-500ml-valvoline\\\/#breadcrumb\",\"itemListElement\":[{\"@type\":\"ListItem\",\"position\":1,\"name\":\"Home\",\"item\":\"https:\\\/\\\/ranoja.ee\\\/\"},{\"@type\":\"ListItem\",\"position\":2,\"name\":\"Shop\",\"item\":\"https:\\\/\\\/ranoja.ee\\\/en\\\/shop\\\/\"},{\"@type\":\"ListItem\",\"position\":3,\"name\":\"Automaatkasti sisepesu Automatic Transmission Cleaner 500ml, Valvoline\"}]},{\"@type\":\"WebSite\",\"@id\":\"https:\\\/\\\/ranoja.ee\\\/#website\",\"url\":\"https:\\\/\\\/ranoja.ee\\\/\",\"name\":\"Ranoja\",\"description\":\"Equipment Shop WooCommerce WordPress Theme for Machine &amp; Tools\",\"publisher\":{\"@id\":\"https:\\\/\\\/ranoja.ee\\\/#organization\"},\"potentialAction\":[{\"@type\":\"SearchAction\",\"target\":{\"@type\":\"EntryPoint\",\"urlTemplate\":\"https:\\\/\\\/ranoja.ee\\\/?s={search_term_string}\"},\"query-input\":{\"@type\":\"PropertyValueSpecification\",\"valueRequired\":true,\"valueName\":\"search_term_string\"}}],\"inLanguage\":\"en-US\"},{\"@type\":\"Organization\",\"@id\":\"https:\\\/\\\/ranoja.ee\\\/#organization\",\"name\":\"Ranoja O\u00dc\",\"url\":\"https:\\\/\\\/ranoja.ee\\\/\",\"logo\":{\"@type\":\"ImageObject\",\"inLanguage\":\"en-US\",\"@id\":\"https:\\\/\\\/ranoja.ee\\\/#\\\/schema\\\/logo\\\/image\\\/\",\"url\":\"https:\\\/\\\/ranoja.ee\\\/wp-content\\\/uploads\\\/2023\\\/11\\\/ranoja-Logo.png\",\"contentUrl\":\"https:\\\/\\\/ranoja.ee\\\/wp-content\\\/uploads\\\/2023\\\/11\\\/ranoja-Logo.png\",\"width\":207,\"height\":58,\"caption\":\"Ranoja O\u00dc\"},\"image\":{\"@id\":\"https:\\\/\\\/ranoja.ee\\\/#\\\/schema\\\/logo\\\/image\\\/\"},\"sameAs\":[\"https:\\\/\\\/www.facebook.com\\\/ranoja.ee\",\"https:\\\/\\\/www.instagram.com\\\/ranoja__\\\/\"]}]}<\/script>\n<!-- \/ Yoast SEO plugin. -->","yoast_head_json":{"title":"Automaatkasti sisepesu Automatic Transmission Cleaner 500ml, Valvoline - Ranoja","robots":{"index":"index","follow":"follow","max-snippet":"max-snippet:-1","max-image-preview":"max-image-preview:large","max-video-preview":"max-video-preview:-1"},"canonical":"https:\/\/ranoja.ee\/toode\/automaatkasti-sisepesu-automatic-transmission-cleaner-500ml-valvoline\/","og_locale":"en_US","og_type":"article","og_title":"Automaatkasti sisepesu Automatic Transmission Cleaner 500ml, Valvoline - Ranoja","og_description":"Puhastab automaatk\u00e4igukasti s\u00fcsteemi V\u00f5imaldab optimaalset k\u00e4iguvahetust \u00dchildub k\u00f5igi tihendi materjalidega ja \u00fclekandekomponentidega \u00c4\u00e4rmiselt t\u00f5hus puhastusvahend Eemaldab saasteained ja sadestised k\u00f5igilt \u00fclekandekomponentidelt Pikendab automaatk\u00e4igukasti kasutusiga. Kasutamine: 150 ml puhastusainet on m\u00f5eldud 3-6 liitri automaak\u00e4igukasti vedeliku kohta. Pudelit\u00e4is t\u00f6\u00f6tleb ca 10-20 liitrit vedeliku kogust. Lisa vastav puhastusaine kogus t\u00f6\u00f6sooja k\u00f5igukasti vedelikule enne vedelikuvahetust. Lase t\u00fchik\u00e4igul t\u00f6\u00f6tada ca 10 minutit. Selle aja jooksul l\u00fclita k\u00f5iki k\u00e4igukangi asendeid v\u00e4hemalt kaks korda.T\u00fchjenda vana vedelik ja asenda uuega.","og_url":"https:\/\/ranoja.ee\/toode\/automaatkasti-sisepesu-automatic-transmission-cleaner-500ml-valvoline\/","og_site_name":"Ranoja","article_publisher":"https:\/\/www.facebook.com\/ranoja.ee","article_modified_time":"2026-03-17T12:36:02+00:00","og_image":[{"width":411,"height":768,"url":"https:\/\/ranoja.ee\/wp-content\/uploads\/2026\/03\/190295544.png","type":"image\/jpeg"}],"twitter_card":"summary_large_image","schema":{"@context":"https:\/\/schema.org","@graph":[{"@type":"WebPage","@id":"https:\/\/ranoja.ee\/toode\/automaatkasti-sisepesu-automatic-transmission-cleaner-500ml-valvoline\/","url":"https:\/\/ranoja.ee\/toode\/automaatkasti-sisepesu-automatic-transmission-cleaner-500ml-valvoline\/","name":"Automaatkasti sisepesu Automatic Transmission Cleaner 500ml, Valvoline - Ranoja","isPartOf":{"@id":"https:\/\/ranoja.ee\/#website"},"primaryImageOfPage":{"@id":"https:\/\/ranoja.ee\/toode\/automaatkasti-sisepesu-automatic-transmission-cleaner-500ml-valvoline\/#primaryimage"},"image":{"@id":"https:\/\/ranoja.ee\/toode\/automaatkasti-sisepesu-automatic-transmission-cleaner-500ml-valvoline\/#primaryimage"},"thumbnailUrl":"https:\/\/ranoja.ee\/wp-content\/uploads\/2026\/03\/190295544.png","datePublished":"2026-03-16T23:36:22+00:00","dateModified":"2026-03-17T12:36:02+00:00","breadcrumb":{"@id":"https:\/\/ranoja.ee\/toode\/automaatkasti-sisepesu-automatic-transmission-cleaner-500ml-valvoline\/#breadcrumb"},"inLanguage":"en-US","potentialAction":[{"@type":"ReadAction","target":["https:\/\/ranoja.ee\/toode\/automaatkasti-sisepesu-automatic-transmission-cleaner-500ml-valvoline\/"]}]},{"@type":"ImageObject","inLanguage":"en-US","@id":"https:\/\/ranoja.ee\/toode\/automaatkasti-sisepesu-automatic-transmission-cleaner-500ml-valvoline\/#primaryimage","url":"https:\/\/ranoja.ee\/wp-content\/uploads\/2026\/03\/190295544.png","contentUrl":"https:\/\/ranoja.ee\/wp-content\/uploads\/2026\/03\/190295544.png","width":411,"height":768},{"@type":"BreadcrumbList","@id":"https:\/\/ranoja.ee\/toode\/automaatkasti-sisepesu-automatic-transmission-cleaner-500ml-valvoline\/#breadcrumb","itemListElement":[{"@type":"ListItem","position":1,"name":"Home","item":"https:\/\/ranoja.ee\/"},{"@type":"ListItem","position":2,"name":"Shop","item":"https:\/\/ranoja.ee\/en\/shop\/"},{"@type":"ListItem","position":3,"name":"Automaatkasti sisepesu Automatic Transmission Cleaner 500ml, Valvoline"}]},{"@type":"WebSite","@id":"https:\/\/ranoja.ee\/#website","url":"https:\/\/ranoja.ee\/","name":"Ranoja","description":"Equipment Shop WooCommerce WordPress Theme for Machine &amp; Tools","publisher":{"@id":"https:\/\/ranoja.ee\/#organization"},"potentialAction":[{"@type":"SearchAction","target":{"@type":"EntryPoint","urlTemplate":"https:\/\/ranoja.ee\/?s={search_term_string}"},"query-input":{"@type":"PropertyValueSpecification","valueRequired":true,"valueName":"search_term_string"}}],"inLanguage":"en-US"},{"@type":"Organization","@id":"https:\/\/ranoja.ee\/#organization","name":"Ranoja O\u00dc","url":"https:\/\/ranoja.ee\/","logo":{"@type":"ImageObject","inLanguage":"en-US","@id":"https:\/\/ranoja.ee\/#\/schema\/logo\/image\/","url":"https:\/\/ranoja.ee\/wp-content\/uploads\/2023\/11\/ranoja-Logo.png","contentUrl":"https:\/\/ranoja.ee\/wp-content\/uploads\/2023\/11\/ranoja-Logo.png","width":207,"height":58,"caption":"Ranoja O\u00dc"},"image":{"@id":"https:\/\/ranoja.ee\/#\/schema\/logo\/image\/"},"sameAs":["https:\/\/www.facebook.com\/ranoja.ee","https:\/\/www.instagram.com\/ranoja__\/"]}]}},"_links":{"self":[{"href":"https:\/\/ranoja.ee\/en\/wp-json\/wp\/v2\/product\/62104","targetHints":{"allow":["GET"]}}],"collection":[{"href":"https:\/\/ranoja.ee\/en\/wp-json\/wp\/v2\/product"}],"about":[{"href":"https:\/\/ranoja.ee\/en\/wp-json\/wp\/v2\/types\/product"}],"wp:featuredmedia":[{"embeddable":true,"href":"https:\/\/ranoja.ee\/en\/wp-json\/wp\/v2\/media\/62105"}],"wp:attachment":[{"href":"https:\/\/ranoja.ee\/en\/wp-json\/wp\/v2\/media?parent=62104"}],"wp:term":[{"taxonomy":"product_cat","embeddable":true,"href":"https:\/\/ranoja.ee\/en\/wp-json\/wp\/v2\/product_cat?post=62104"},{"taxonomy":"product_tag","embeddable":true,"href":"https:\/\/ranoja.ee\/en\/wp-json\/wp\/v2\/product_tag?post=62104"}],"curies":[{"name":"wp","href":"https:\/\/api.w.org\/{rel}","templated":true}]}}