{"id":62090,"date":"2026-03-17T02:35:58","date_gmt":"2026-03-16T23:35:58","guid":{"rendered":"https:\/\/ranoja.ee\/toode\/kukkumisvastase-varustuse-komplekt-elara-140-s-m-l-delta-plus\/"},"modified":"2026-03-17T15:36:02","modified_gmt":"2026-03-17T12:36:02","slug":"kukkumisvastase-varustuse-komplekt-elara-140-s-m-l-delta-plus","status":"publish","type":"product","link":"https:\/\/ranoja.ee\/en\/toode\/kukkumisvastase-varustuse-komplekt-elara-140-s-m-l-delta-plus\/","title":{"rendered":"Kukkumisvastase varustuse komplekt Elara 140 S\/M\/L, Delta Plus"},"content":{"rendered":"","protected":false},"excerpt":{"rendered":"<p>Vertikaalne 2,5 meetri pikkune kukkumiskaitse komplekt : HAR12 + AN102 + AM002 + 1 S\u00e4ilituskott<br \/>\nVertikaalne  2,5 meetri pikkune kukkumiskaitsepomplekt mis on kasutusvalmiduseks komplekteeritud : Kaks kukkumispiduri kinnituspunkti  (taga ja ees). Kaks reguleerimisaasa. Kaks reguleeritavat k\u00fcljeplaati. (viide HAR12). Iset\u00f5mmatav kukkumiskaitse 46 mm. laiuse rihmaga ja energianeelduriga. Kaitse\u00fcmbris. \u00dcks karabiin AM002 (viide AN102). <br \/>\nKukkumiskaitse rakmed-pol\u00fcesterrihmad     Automaatselt tagasit\u00f5mmatav kukkumiskaitseplokk-plastikust \u00fcmbris ja pol\u00fcester rihm   Karabiin-teras<\/p>\n<p>\nEN360:2002 Personal protection equipment against falls from a height &#8211; Self-retractable fall arrester  <\/p>\n<p>EN361 : 2002 Personal protection equipment against falls from a height &#8211; Full body harnesses  <\/p>\n<p>EN362 : 2004 Personal protection equipment against falls from a height &#8211; Connectors  <\/p>\n<p>EN363 : 2008 Personal fall protection equipment &#8211; Personal fall protection systems <\/p>\n<p>EN364 : 1992 Personal protective equipment against falls from a height : Test methods.  <\/p>\n<p>EN365 : 2004 Personal protective equipment against falls from a height \u2013 General requirements for the instructions for use, maintenance, periodic examination, repair, marking and packaging.<\/p>\n","protected":false},"featured_media":62091,"template":"","meta":{"inline_featured_image":false},"product_cat":[5022,5348],"product_tag":[],"class_list":{"0":"post-62090","1":"product","2":"type-product","3":"status-publish","4":"has-post-thumbnail","6":"product_brand-delta-plus","7":"product_cat-isikukaitsevahendid","8":"product_cat-kukkumiskaitsevahendid","10":"first","11":"instock","12":"purchasable","13":"product-type-simple"},"yoast_head":"<!-- This site is optimized with the Yoast SEO plugin v27.4 - https:\/\/yoast.com\/product\/yoast-seo-wordpress\/ -->\n<title>Kukkumisvastase varustuse komplekt Elara 140 S\/M\/L, Delta Plus - Ranoja<\/title>\n<meta name=\"robots\" content=\"index, follow, max-snippet:-1, max-image-preview:large, max-video-preview:-1\" \/>\n<link rel=\"canonical\" href=\"https:\/\/ranoja.ee\/toode\/kukkumisvastase-varustuse-komplekt-elara-140-s-m-l-delta-plus\/\" \/>\n<meta property=\"og:locale\" content=\"en_US\" \/>\n<meta property=\"og:type\" content=\"article\" \/>\n<meta property=\"og:title\" content=\"Kukkumisvastase varustuse komplekt Elara 140 S\/M\/L, Delta Plus - Ranoja\" \/>\n<meta property=\"og:description\" content=\"Vertikaalne 2,5 meetri pikkune kukkumiskaitse komplekt : HAR12 + AN102 + AM002 + 1 S\u00e4ilituskott Vertikaalne 2,5 meetri pikkune kukkumiskaitsepomplekt mis on kasutusvalmiduseks komplekteeritud : Kaks kukkumispiduri kinnituspunkti (taga ja ees). Kaks reguleerimisaasa. Kaks reguleeritavat k\u00fcljeplaati. (viide HAR12). Iset\u00f5mmatav kukkumiskaitse 46 mm. laiuse rihmaga ja energianeelduriga. Kaitse\u00fcmbris. \u00dcks karabiin AM002 (viide AN102). Kukkumiskaitse rakmed-pol\u00fcesterrihmad   Automaatselt tagasit\u00f5mmatav kukkumiskaitseplokk-plastikust \u00fcmbris ja pol\u00fcester rihm  Karabiin-teras   EN360:2002 Personal protection equipment against falls from a height - Self-retractable fall arrester  EN361 : 2002 Personal protection equipment against falls from a height - Full body harnesses  EN362 : 2004 Personal protection equipment against falls from a height - Connectors  EN363 : 2008 Personal fall protection equipment - Personal fall protection systems  EN364 : 1992 Personal protective equipment against falls from a height : Test methods.  EN365 : 2004 Personal protective equipment against falls from a height \u2013 General requirements for the instructions for use, maintenance, periodic examination, repair, marking and packaging.\" \/>\n<meta property=\"og:url\" content=\"https:\/\/ranoja.ee\/toode\/kukkumisvastase-varustuse-komplekt-elara-140-s-m-l-delta-plus\/\" \/>\n<meta property=\"og:site_name\" content=\"Ranoja\" \/>\n<meta property=\"article:publisher\" content=\"https:\/\/www.facebook.com\/ranoja.ee\" \/>\n<meta property=\"article:modified_time\" content=\"2026-03-17T12:36:02+00:00\" \/>\n<meta property=\"og:image\" content=\"https:\/\/ranoja.ee\/wp-content\/uploads\/2026\/03\/120772878.jpg\" \/>\n\t<meta property=\"og:image:width\" content=\"900\" \/>\n\t<meta property=\"og:image:height\" content=\"900\" \/>\n\t<meta property=\"og:image:type\" content=\"image\/jpeg\" \/>\n<meta name=\"twitter:card\" content=\"summary_large_image\" \/>\n<script type=\"application\/ld+json\" class=\"yoast-schema-graph\">{\"@context\":\"https:\\\/\\\/schema.org\",\"@graph\":[{\"@type\":\"WebPage\",\"@id\":\"https:\\\/\\\/ranoja.ee\\\/toode\\\/kukkumisvastase-varustuse-komplekt-elara-140-s-m-l-delta-plus\\\/\",\"url\":\"https:\\\/\\\/ranoja.ee\\\/toode\\\/kukkumisvastase-varustuse-komplekt-elara-140-s-m-l-delta-plus\\\/\",\"name\":\"Kukkumisvastase varustuse komplekt Elara 140 S\\\/M\\\/L, Delta Plus - Ranoja\",\"isPartOf\":{\"@id\":\"https:\\\/\\\/ranoja.ee\\\/#website\"},\"primaryImageOfPage\":{\"@id\":\"https:\\\/\\\/ranoja.ee\\\/toode\\\/kukkumisvastase-varustuse-komplekt-elara-140-s-m-l-delta-plus\\\/#primaryimage\"},\"image\":{\"@id\":\"https:\\\/\\\/ranoja.ee\\\/toode\\\/kukkumisvastase-varustuse-komplekt-elara-140-s-m-l-delta-plus\\\/#primaryimage\"},\"thumbnailUrl\":\"https:\\\/\\\/ranoja.ee\\\/wp-content\\\/uploads\\\/2026\\\/03\\\/120772878.jpg\",\"datePublished\":\"2026-03-16T23:35:58+00:00\",\"dateModified\":\"2026-03-17T12:36:02+00:00\",\"breadcrumb\":{\"@id\":\"https:\\\/\\\/ranoja.ee\\\/toode\\\/kukkumisvastase-varustuse-komplekt-elara-140-s-m-l-delta-plus\\\/#breadcrumb\"},\"inLanguage\":\"en-US\",\"potentialAction\":[{\"@type\":\"ReadAction\",\"target\":[\"https:\\\/\\\/ranoja.ee\\\/toode\\\/kukkumisvastase-varustuse-komplekt-elara-140-s-m-l-delta-plus\\\/\"]}]},{\"@type\":\"ImageObject\",\"inLanguage\":\"en-US\",\"@id\":\"https:\\\/\\\/ranoja.ee\\\/toode\\\/kukkumisvastase-varustuse-komplekt-elara-140-s-m-l-delta-plus\\\/#primaryimage\",\"url\":\"https:\\\/\\\/ranoja.ee\\\/wp-content\\\/uploads\\\/2026\\\/03\\\/120772878.jpg\",\"contentUrl\":\"https:\\\/\\\/ranoja.ee\\\/wp-content\\\/uploads\\\/2026\\\/03\\\/120772878.jpg\",\"width\":900,\"height\":900},{\"@type\":\"BreadcrumbList\",\"@id\":\"https:\\\/\\\/ranoja.ee\\\/toode\\\/kukkumisvastase-varustuse-komplekt-elara-140-s-m-l-delta-plus\\\/#breadcrumb\",\"itemListElement\":[{\"@type\":\"ListItem\",\"position\":1,\"name\":\"Home\",\"item\":\"https:\\\/\\\/ranoja.ee\\\/\"},{\"@type\":\"ListItem\",\"position\":2,\"name\":\"Shop\",\"item\":\"https:\\\/\\\/ranoja.ee\\\/en\\\/shop\\\/\"},{\"@type\":\"ListItem\",\"position\":3,\"name\":\"Kukkumisvastase varustuse komplekt Elara 140 S\\\/M\\\/L, Delta Plus\"}]},{\"@type\":\"WebSite\",\"@id\":\"https:\\\/\\\/ranoja.ee\\\/#website\",\"url\":\"https:\\\/\\\/ranoja.ee\\\/\",\"name\":\"Ranoja\",\"description\":\"Equipment Shop WooCommerce WordPress Theme for Machine &amp; Tools\",\"publisher\":{\"@id\":\"https:\\\/\\\/ranoja.ee\\\/#organization\"},\"potentialAction\":[{\"@type\":\"SearchAction\",\"target\":{\"@type\":\"EntryPoint\",\"urlTemplate\":\"https:\\\/\\\/ranoja.ee\\\/?s={search_term_string}\"},\"query-input\":{\"@type\":\"PropertyValueSpecification\",\"valueRequired\":true,\"valueName\":\"search_term_string\"}}],\"inLanguage\":\"en-US\"},{\"@type\":\"Organization\",\"@id\":\"https:\\\/\\\/ranoja.ee\\\/#organization\",\"name\":\"Ranoja O\u00dc\",\"url\":\"https:\\\/\\\/ranoja.ee\\\/\",\"logo\":{\"@type\":\"ImageObject\",\"inLanguage\":\"en-US\",\"@id\":\"https:\\\/\\\/ranoja.ee\\\/#\\\/schema\\\/logo\\\/image\\\/\",\"url\":\"https:\\\/\\\/ranoja.ee\\\/wp-content\\\/uploads\\\/2023\\\/11\\\/ranoja-Logo.png\",\"contentUrl\":\"https:\\\/\\\/ranoja.ee\\\/wp-content\\\/uploads\\\/2023\\\/11\\\/ranoja-Logo.png\",\"width\":207,\"height\":58,\"caption\":\"Ranoja O\u00dc\"},\"image\":{\"@id\":\"https:\\\/\\\/ranoja.ee\\\/#\\\/schema\\\/logo\\\/image\\\/\"},\"sameAs\":[\"https:\\\/\\\/www.facebook.com\\\/ranoja.ee\",\"https:\\\/\\\/www.instagram.com\\\/ranoja__\\\/\"]}]}<\/script>\n<!-- \/ Yoast SEO plugin. -->","yoast_head_json":{"title":"Kukkumisvastase varustuse komplekt Elara 140 S\/M\/L, Delta Plus - Ranoja","robots":{"index":"index","follow":"follow","max-snippet":"max-snippet:-1","max-image-preview":"max-image-preview:large","max-video-preview":"max-video-preview:-1"},"canonical":"https:\/\/ranoja.ee\/toode\/kukkumisvastase-varustuse-komplekt-elara-140-s-m-l-delta-plus\/","og_locale":"en_US","og_type":"article","og_title":"Kukkumisvastase varustuse komplekt Elara 140 S\/M\/L, Delta Plus - Ranoja","og_description":"Vertikaalne 2,5 meetri pikkune kukkumiskaitse komplekt : HAR12 + AN102 + AM002 + 1 S\u00e4ilituskott Vertikaalne 2,5 meetri pikkune kukkumiskaitsepomplekt mis on kasutusvalmiduseks komplekteeritud : Kaks kukkumispiduri kinnituspunkti (taga ja ees). Kaks reguleerimisaasa. Kaks reguleeritavat k\u00fcljeplaati. (viide HAR12). Iset\u00f5mmatav kukkumiskaitse 46 mm. laiuse rihmaga ja energianeelduriga. Kaitse\u00fcmbris. \u00dcks karabiin AM002 (viide AN102). Kukkumiskaitse rakmed-pol\u00fcesterrihmad   Automaatselt tagasit\u00f5mmatav kukkumiskaitseplokk-plastikust \u00fcmbris ja pol\u00fcester rihm  Karabiin-teras   EN360:2002 Personal protection equipment against falls from a height - Self-retractable fall arrester  EN361 : 2002 Personal protection equipment against falls from a height - Full body harnesses  EN362 : 2004 Personal protection equipment against falls from a height - Connectors  EN363 : 2008 Personal fall protection equipment - Personal fall protection systems  EN364 : 1992 Personal protective equipment against falls from a height : Test methods.  EN365 : 2004 Personal protective equipment against falls from a height \u2013 General requirements for the instructions for use, maintenance, periodic examination, repair, marking and packaging.","og_url":"https:\/\/ranoja.ee\/toode\/kukkumisvastase-varustuse-komplekt-elara-140-s-m-l-delta-plus\/","og_site_name":"Ranoja","article_publisher":"https:\/\/www.facebook.com\/ranoja.ee","article_modified_time":"2026-03-17T12:36:02+00:00","og_image":[{"width":900,"height":900,"url":"https:\/\/ranoja.ee\/wp-content\/uploads\/2026\/03\/120772878.jpg","type":"image\/jpeg"}],"twitter_card":"summary_large_image","schema":{"@context":"https:\/\/schema.org","@graph":[{"@type":"WebPage","@id":"https:\/\/ranoja.ee\/toode\/kukkumisvastase-varustuse-komplekt-elara-140-s-m-l-delta-plus\/","url":"https:\/\/ranoja.ee\/toode\/kukkumisvastase-varustuse-komplekt-elara-140-s-m-l-delta-plus\/","name":"Kukkumisvastase varustuse komplekt Elara 140 S\/M\/L, Delta Plus - Ranoja","isPartOf":{"@id":"https:\/\/ranoja.ee\/#website"},"primaryImageOfPage":{"@id":"https:\/\/ranoja.ee\/toode\/kukkumisvastase-varustuse-komplekt-elara-140-s-m-l-delta-plus\/#primaryimage"},"image":{"@id":"https:\/\/ranoja.ee\/toode\/kukkumisvastase-varustuse-komplekt-elara-140-s-m-l-delta-plus\/#primaryimage"},"thumbnailUrl":"https:\/\/ranoja.ee\/wp-content\/uploads\/2026\/03\/120772878.jpg","datePublished":"2026-03-16T23:35:58+00:00","dateModified":"2026-03-17T12:36:02+00:00","breadcrumb":{"@id":"https:\/\/ranoja.ee\/toode\/kukkumisvastase-varustuse-komplekt-elara-140-s-m-l-delta-plus\/#breadcrumb"},"inLanguage":"en-US","potentialAction":[{"@type":"ReadAction","target":["https:\/\/ranoja.ee\/toode\/kukkumisvastase-varustuse-komplekt-elara-140-s-m-l-delta-plus\/"]}]},{"@type":"ImageObject","inLanguage":"en-US","@id":"https:\/\/ranoja.ee\/toode\/kukkumisvastase-varustuse-komplekt-elara-140-s-m-l-delta-plus\/#primaryimage","url":"https:\/\/ranoja.ee\/wp-content\/uploads\/2026\/03\/120772878.jpg","contentUrl":"https:\/\/ranoja.ee\/wp-content\/uploads\/2026\/03\/120772878.jpg","width":900,"height":900},{"@type":"BreadcrumbList","@id":"https:\/\/ranoja.ee\/toode\/kukkumisvastase-varustuse-komplekt-elara-140-s-m-l-delta-plus\/#breadcrumb","itemListElement":[{"@type":"ListItem","position":1,"name":"Home","item":"https:\/\/ranoja.ee\/"},{"@type":"ListItem","position":2,"name":"Shop","item":"https:\/\/ranoja.ee\/en\/shop\/"},{"@type":"ListItem","position":3,"name":"Kukkumisvastase varustuse komplekt Elara 140 S\/M\/L, Delta Plus"}]},{"@type":"WebSite","@id":"https:\/\/ranoja.ee\/#website","url":"https:\/\/ranoja.ee\/","name":"Ranoja","description":"Equipment Shop WooCommerce WordPress Theme for Machine &amp; Tools","publisher":{"@id":"https:\/\/ranoja.ee\/#organization"},"potentialAction":[{"@type":"SearchAction","target":{"@type":"EntryPoint","urlTemplate":"https:\/\/ranoja.ee\/?s={search_term_string}"},"query-input":{"@type":"PropertyValueSpecification","valueRequired":true,"valueName":"search_term_string"}}],"inLanguage":"en-US"},{"@type":"Organization","@id":"https:\/\/ranoja.ee\/#organization","name":"Ranoja O\u00dc","url":"https:\/\/ranoja.ee\/","logo":{"@type":"ImageObject","inLanguage":"en-US","@id":"https:\/\/ranoja.ee\/#\/schema\/logo\/image\/","url":"https:\/\/ranoja.ee\/wp-content\/uploads\/2023\/11\/ranoja-Logo.png","contentUrl":"https:\/\/ranoja.ee\/wp-content\/uploads\/2023\/11\/ranoja-Logo.png","width":207,"height":58,"caption":"Ranoja O\u00dc"},"image":{"@id":"https:\/\/ranoja.ee\/#\/schema\/logo\/image\/"},"sameAs":["https:\/\/www.facebook.com\/ranoja.ee","https:\/\/www.instagram.com\/ranoja__\/"]}]}},"_links":{"self":[{"href":"https:\/\/ranoja.ee\/en\/wp-json\/wp\/v2\/product\/62090","targetHints":{"allow":["GET"]}}],"collection":[{"href":"https:\/\/ranoja.ee\/en\/wp-json\/wp\/v2\/product"}],"about":[{"href":"https:\/\/ranoja.ee\/en\/wp-json\/wp\/v2\/types\/product"}],"wp:featuredmedia":[{"embeddable":true,"href":"https:\/\/ranoja.ee\/en\/wp-json\/wp\/v2\/media\/62091"}],"wp:attachment":[{"href":"https:\/\/ranoja.ee\/en\/wp-json\/wp\/v2\/media?parent=62090"}],"wp:term":[{"taxonomy":"product_cat","embeddable":true,"href":"https:\/\/ranoja.ee\/en\/wp-json\/wp\/v2\/product_cat?post=62090"},{"taxonomy":"product_tag","embeddable":true,"href":"https:\/\/ranoja.ee\/en\/wp-json\/wp\/v2\/product_tag?post=62090"}],"curies":[{"name":"wp","href":"https:\/\/api.w.org\/{rel}","templated":true}]}}