{"id":62049,"date":"2026-03-17T02:35:38","date_gmt":"2026-03-16T23:35:38","guid":{"rendered":"https:\/\/ranoja.ee\/toode\/kaabli-hoordumisvastane-aerosool-500ml-motip\/"},"modified":"2026-03-17T15:36:03","modified_gmt":"2026-03-17T12:36:03","slug":"kaabli-hoordumisvastane-aerosool-500ml-motip","status":"publish","type":"product","link":"https:\/\/ranoja.ee\/en\/toode\/kaabli-hoordumisvastane-aerosool-500ml-motip\/","title":{"rendered":"Kaabli h\u00f5\u00f5rdumisvastane aerosool 500ml, Motip"},"content":{"rendered":"","protected":false},"excerpt":{"rendered":"<p>H\u00f5lbustab kaablite ja juhtmete t\u00f5mbamist elektripaigaldustorudes. V\u00e4ldib kaabli purunemist, pragusid ja kinnikiilumist. Sobib igat t\u00fc\u00fcpi kaablitele.<\/p>\n<p>TEHNILINE INFO JA OMADUSED:<br \/>\nSobib igat t\u00fc\u00fcpi kaablitele<br \/>\nEi kahjusta kummi, plastikut, tekstiili ega lakki<br \/>\nV\u00e4hendab h\u00f5\u00f5rdumist<br \/>\nVett t\u00f5rjuv<br \/>\nEi kleepu ega kuiva \u00e4ra<\/p>\n<p>F\u00dc\u00dcSIKALISED JA KEEMILISED ANDMED:<br \/>\nAlus: Spetsiaalne vaik<br \/>\nV\u00e4rvus: v\u00e4rvitu<br \/>\nL\u00f5hn: Iseloomulik<br \/>\nPinnad: Elektrijuhtmed ja -kaablid<br \/>\nMinimaalne t\u00f6\u00f6temperatuur: 5 \u00b0C<br \/>\nMaksimaalne t\u00f6\u00f6temperatuur: 30 \u00b0C<br \/>\nLeekpunkt: pole teada<br \/>\nS\u00e4ilivusaeg: 10 aastat<\/p>\n<p>KASUTAMINE:<br \/>\nEnne kasutamist lugege hoolikalt pakendil olevaid juhiseid ja tegutsege vastavalt. Aerosool peaks olema toatemperatuuril.<br \/>\nParim t\u00f6\u00f6tlemistemperatuur 10\u201325 \u00b0C. Enne kasutamist loksutage aerosooli. Kandke pihusti otse kaablile v\u00f5i pihustage otsikuga liini sisendisse.<br \/>\nSeej\u00e4rel t\u00f5mmake kaabel v\u00e4lja. Paigaldamise ajal pihustage kaableid v\u00f5i juhtmeid osade kaupa.<br \/>\nT\u00e4helepanu: MOTIP kaabli h\u00f5\u00f5rdumisvastane sprei v\u00f5ib t\u00f6\u00f6keskkonnas p\u00f5hjustada suurt sujuvust. Puhas ja \u00f6konoomne t\u00f6\u00f6tlemine; \u00c4rge pihustage p\u00f5randatele, plaatidele, laminaadile ega muudele astmetele.<\/p>\n","protected":false},"featured_media":62050,"template":"","meta":{"inline_featured_image":false},"product_cat":[5010,5039,5009],"product_tag":[],"class_list":{"0":"post-62049","1":"product","2":"type-product","3":"status-publish","4":"has-post-thumbnail","6":"product_brand-motip","7":"product_cat-tehnilised-aerosoolid","8":"product_cat-tehnilised-maarded","9":"product_cat-toostus-ja-autokeemia","11":"first","12":"instock","13":"purchasable","14":"product-type-simple"},"yoast_head":"<!-- This site is optimized with the Yoast SEO plugin v27.4 - https:\/\/yoast.com\/product\/yoast-seo-wordpress\/ -->\n<title>Kaabli h\u00f5\u00f5rdumisvastane aerosool 500ml, Motip - Ranoja<\/title>\n<meta name=\"robots\" content=\"index, follow, max-snippet:-1, max-image-preview:large, max-video-preview:-1\" \/>\n<link rel=\"canonical\" href=\"https:\/\/ranoja.ee\/toode\/kaabli-hoordumisvastane-aerosool-500ml-motip\/\" \/>\n<meta property=\"og:locale\" content=\"en_US\" \/>\n<meta property=\"og:type\" content=\"article\" \/>\n<meta property=\"og:title\" content=\"Kaabli h\u00f5\u00f5rdumisvastane aerosool 500ml, Motip - Ranoja\" \/>\n<meta property=\"og:description\" content=\"H\u00f5lbustab kaablite ja juhtmete t\u00f5mbamist elektripaigaldustorudes. V\u00e4ldib kaabli purunemist, pragusid ja kinnikiilumist. Sobib igat t\u00fc\u00fcpi kaablitele. TEHNILINE INFO JA OMADUSED: Sobib igat t\u00fc\u00fcpi kaablitele Ei kahjusta kummi, plastikut, tekstiili ega lakki V\u00e4hendab h\u00f5\u00f5rdumist Vett t\u00f5rjuv Ei kleepu ega kuiva \u00e4ra F\u00dc\u00dcSIKALISED JA KEEMILISED ANDMED: Alus: Spetsiaalne vaik V\u00e4rvus: v\u00e4rvitu L\u00f5hn: Iseloomulik Pinnad: Elektrijuhtmed ja -kaablid Minimaalne t\u00f6\u00f6temperatuur: 5 \u00b0C Maksimaalne t\u00f6\u00f6temperatuur: 30 \u00b0C Leekpunkt: pole teada S\u00e4ilivusaeg: 10 aastat KASUTAMINE: Enne kasutamist lugege hoolikalt pakendil olevaid juhiseid ja tegutsege vastavalt. Aerosool peaks olema toatemperatuuril. Parim t\u00f6\u00f6tlemistemperatuur 10\u201325 \u00b0C. Enne kasutamist loksutage aerosooli. Kandke pihusti otse kaablile v\u00f5i pihustage otsikuga liini sisendisse. Seej\u00e4rel t\u00f5mmake kaabel v\u00e4lja. Paigaldamise ajal pihustage kaableid v\u00f5i juhtmeid osade kaupa. T\u00e4helepanu: MOTIP kaabli h\u00f5\u00f5rdumisvastane sprei v\u00f5ib t\u00f6\u00f6keskkonnas p\u00f5hjustada suurt sujuvust. Puhas ja \u00f6konoomne t\u00f6\u00f6tlemine; \u00c4rge pihustage p\u00f5randatele, plaatidele, laminaadile ega muudele astmetele.\" \/>\n<meta property=\"og:url\" content=\"https:\/\/ranoja.ee\/toode\/kaabli-hoordumisvastane-aerosool-500ml-motip\/\" \/>\n<meta property=\"og:site_name\" content=\"Ranoja\" \/>\n<meta property=\"article:publisher\" content=\"https:\/\/www.facebook.com\/ranoja.ee\" \/>\n<meta property=\"article:modified_time\" content=\"2026-03-17T12:36:03+00:00\" \/>\n<meta property=\"og:image\" content=\"https:\/\/ranoja.ee\/wp-content\/uploads\/2026\/03\/5638429591.png\" \/>\n\t<meta property=\"og:image:width\" content=\"385\" \/>\n\t<meta property=\"og:image:height\" content=\"400\" \/>\n\t<meta property=\"og:image:type\" content=\"image\/png\" \/>\n<meta name=\"twitter:card\" content=\"summary_large_image\" \/>\n<script type=\"application\/ld+json\" class=\"yoast-schema-graph\">{\"@context\":\"https:\\\/\\\/schema.org\",\"@graph\":[{\"@type\":\"WebPage\",\"@id\":\"https:\\\/\\\/ranoja.ee\\\/toode\\\/kaabli-hoordumisvastane-aerosool-500ml-motip\\\/\",\"url\":\"https:\\\/\\\/ranoja.ee\\\/toode\\\/kaabli-hoordumisvastane-aerosool-500ml-motip\\\/\",\"name\":\"Kaabli h\u00f5\u00f5rdumisvastane aerosool 500ml, Motip - Ranoja\",\"isPartOf\":{\"@id\":\"https:\\\/\\\/ranoja.ee\\\/#website\"},\"primaryImageOfPage\":{\"@id\":\"https:\\\/\\\/ranoja.ee\\\/toode\\\/kaabli-hoordumisvastane-aerosool-500ml-motip\\\/#primaryimage\"},\"image\":{\"@id\":\"https:\\\/\\\/ranoja.ee\\\/toode\\\/kaabli-hoordumisvastane-aerosool-500ml-motip\\\/#primaryimage\"},\"thumbnailUrl\":\"https:\\\/\\\/ranoja.ee\\\/wp-content\\\/uploads\\\/2026\\\/03\\\/5638429591.png\",\"datePublished\":\"2026-03-16T23:35:38+00:00\",\"dateModified\":\"2026-03-17T12:36:03+00:00\",\"breadcrumb\":{\"@id\":\"https:\\\/\\\/ranoja.ee\\\/toode\\\/kaabli-hoordumisvastane-aerosool-500ml-motip\\\/#breadcrumb\"},\"inLanguage\":\"en-US\",\"potentialAction\":[{\"@type\":\"ReadAction\",\"target\":[\"https:\\\/\\\/ranoja.ee\\\/toode\\\/kaabli-hoordumisvastane-aerosool-500ml-motip\\\/\"]}]},{\"@type\":\"ImageObject\",\"inLanguage\":\"en-US\",\"@id\":\"https:\\\/\\\/ranoja.ee\\\/toode\\\/kaabli-hoordumisvastane-aerosool-500ml-motip\\\/#primaryimage\",\"url\":\"https:\\\/\\\/ranoja.ee\\\/wp-content\\\/uploads\\\/2026\\\/03\\\/5638429591.png\",\"contentUrl\":\"https:\\\/\\\/ranoja.ee\\\/wp-content\\\/uploads\\\/2026\\\/03\\\/5638429591.png\",\"width\":385,\"height\":400},{\"@type\":\"BreadcrumbList\",\"@id\":\"https:\\\/\\\/ranoja.ee\\\/toode\\\/kaabli-hoordumisvastane-aerosool-500ml-motip\\\/#breadcrumb\",\"itemListElement\":[{\"@type\":\"ListItem\",\"position\":1,\"name\":\"Home\",\"item\":\"https:\\\/\\\/ranoja.ee\\\/\"},{\"@type\":\"ListItem\",\"position\":2,\"name\":\"Shop\",\"item\":\"https:\\\/\\\/ranoja.ee\\\/en\\\/shop\\\/\"},{\"@type\":\"ListItem\",\"position\":3,\"name\":\"Kaabli h\u00f5\u00f5rdumisvastane aerosool 500ml, Motip\"}]},{\"@type\":\"WebSite\",\"@id\":\"https:\\\/\\\/ranoja.ee\\\/#website\",\"url\":\"https:\\\/\\\/ranoja.ee\\\/\",\"name\":\"Ranoja\",\"description\":\"Equipment Shop WooCommerce WordPress Theme for Machine &amp; Tools\",\"publisher\":{\"@id\":\"https:\\\/\\\/ranoja.ee\\\/#organization\"},\"potentialAction\":[{\"@type\":\"SearchAction\",\"target\":{\"@type\":\"EntryPoint\",\"urlTemplate\":\"https:\\\/\\\/ranoja.ee\\\/?s={search_term_string}\"},\"query-input\":{\"@type\":\"PropertyValueSpecification\",\"valueRequired\":true,\"valueName\":\"search_term_string\"}}],\"inLanguage\":\"en-US\"},{\"@type\":\"Organization\",\"@id\":\"https:\\\/\\\/ranoja.ee\\\/#organization\",\"name\":\"Ranoja O\u00dc\",\"url\":\"https:\\\/\\\/ranoja.ee\\\/\",\"logo\":{\"@type\":\"ImageObject\",\"inLanguage\":\"en-US\",\"@id\":\"https:\\\/\\\/ranoja.ee\\\/#\\\/schema\\\/logo\\\/image\\\/\",\"url\":\"https:\\\/\\\/ranoja.ee\\\/wp-content\\\/uploads\\\/2023\\\/11\\\/ranoja-Logo.png\",\"contentUrl\":\"https:\\\/\\\/ranoja.ee\\\/wp-content\\\/uploads\\\/2023\\\/11\\\/ranoja-Logo.png\",\"width\":207,\"height\":58,\"caption\":\"Ranoja O\u00dc\"},\"image\":{\"@id\":\"https:\\\/\\\/ranoja.ee\\\/#\\\/schema\\\/logo\\\/image\\\/\"},\"sameAs\":[\"https:\\\/\\\/www.facebook.com\\\/ranoja.ee\",\"https:\\\/\\\/www.instagram.com\\\/ranoja__\\\/\"]}]}<\/script>\n<!-- \/ Yoast SEO plugin. -->","yoast_head_json":{"title":"Kaabli h\u00f5\u00f5rdumisvastane aerosool 500ml, Motip - Ranoja","robots":{"index":"index","follow":"follow","max-snippet":"max-snippet:-1","max-image-preview":"max-image-preview:large","max-video-preview":"max-video-preview:-1"},"canonical":"https:\/\/ranoja.ee\/toode\/kaabli-hoordumisvastane-aerosool-500ml-motip\/","og_locale":"en_US","og_type":"article","og_title":"Kaabli h\u00f5\u00f5rdumisvastane aerosool 500ml, Motip - Ranoja","og_description":"H\u00f5lbustab kaablite ja juhtmete t\u00f5mbamist elektripaigaldustorudes. V\u00e4ldib kaabli purunemist, pragusid ja kinnikiilumist. Sobib igat t\u00fc\u00fcpi kaablitele. TEHNILINE INFO JA OMADUSED: Sobib igat t\u00fc\u00fcpi kaablitele Ei kahjusta kummi, plastikut, tekstiili ega lakki V\u00e4hendab h\u00f5\u00f5rdumist Vett t\u00f5rjuv Ei kleepu ega kuiva \u00e4ra F\u00dc\u00dcSIKALISED JA KEEMILISED ANDMED: Alus: Spetsiaalne vaik V\u00e4rvus: v\u00e4rvitu L\u00f5hn: Iseloomulik Pinnad: Elektrijuhtmed ja -kaablid Minimaalne t\u00f6\u00f6temperatuur: 5 \u00b0C Maksimaalne t\u00f6\u00f6temperatuur: 30 \u00b0C Leekpunkt: pole teada S\u00e4ilivusaeg: 10 aastat KASUTAMINE: Enne kasutamist lugege hoolikalt pakendil olevaid juhiseid ja tegutsege vastavalt. Aerosool peaks olema toatemperatuuril. Parim t\u00f6\u00f6tlemistemperatuur 10\u201325 \u00b0C. Enne kasutamist loksutage aerosooli. Kandke pihusti otse kaablile v\u00f5i pihustage otsikuga liini sisendisse. Seej\u00e4rel t\u00f5mmake kaabel v\u00e4lja. Paigaldamise ajal pihustage kaableid v\u00f5i juhtmeid osade kaupa. T\u00e4helepanu: MOTIP kaabli h\u00f5\u00f5rdumisvastane sprei v\u00f5ib t\u00f6\u00f6keskkonnas p\u00f5hjustada suurt sujuvust. Puhas ja \u00f6konoomne t\u00f6\u00f6tlemine; \u00c4rge pihustage p\u00f5randatele, plaatidele, laminaadile ega muudele astmetele.","og_url":"https:\/\/ranoja.ee\/toode\/kaabli-hoordumisvastane-aerosool-500ml-motip\/","og_site_name":"Ranoja","article_publisher":"https:\/\/www.facebook.com\/ranoja.ee","article_modified_time":"2026-03-17T12:36:03+00:00","og_image":[{"width":385,"height":400,"url":"https:\/\/ranoja.ee\/wp-content\/uploads\/2026\/03\/5638429591.png","type":"image\/png"}],"twitter_card":"summary_large_image","schema":{"@context":"https:\/\/schema.org","@graph":[{"@type":"WebPage","@id":"https:\/\/ranoja.ee\/toode\/kaabli-hoordumisvastane-aerosool-500ml-motip\/","url":"https:\/\/ranoja.ee\/toode\/kaabli-hoordumisvastane-aerosool-500ml-motip\/","name":"Kaabli h\u00f5\u00f5rdumisvastane aerosool 500ml, Motip - Ranoja","isPartOf":{"@id":"https:\/\/ranoja.ee\/#website"},"primaryImageOfPage":{"@id":"https:\/\/ranoja.ee\/toode\/kaabli-hoordumisvastane-aerosool-500ml-motip\/#primaryimage"},"image":{"@id":"https:\/\/ranoja.ee\/toode\/kaabli-hoordumisvastane-aerosool-500ml-motip\/#primaryimage"},"thumbnailUrl":"https:\/\/ranoja.ee\/wp-content\/uploads\/2026\/03\/5638429591.png","datePublished":"2026-03-16T23:35:38+00:00","dateModified":"2026-03-17T12:36:03+00:00","breadcrumb":{"@id":"https:\/\/ranoja.ee\/toode\/kaabli-hoordumisvastane-aerosool-500ml-motip\/#breadcrumb"},"inLanguage":"en-US","potentialAction":[{"@type":"ReadAction","target":["https:\/\/ranoja.ee\/toode\/kaabli-hoordumisvastane-aerosool-500ml-motip\/"]}]},{"@type":"ImageObject","inLanguage":"en-US","@id":"https:\/\/ranoja.ee\/toode\/kaabli-hoordumisvastane-aerosool-500ml-motip\/#primaryimage","url":"https:\/\/ranoja.ee\/wp-content\/uploads\/2026\/03\/5638429591.png","contentUrl":"https:\/\/ranoja.ee\/wp-content\/uploads\/2026\/03\/5638429591.png","width":385,"height":400},{"@type":"BreadcrumbList","@id":"https:\/\/ranoja.ee\/toode\/kaabli-hoordumisvastane-aerosool-500ml-motip\/#breadcrumb","itemListElement":[{"@type":"ListItem","position":1,"name":"Home","item":"https:\/\/ranoja.ee\/"},{"@type":"ListItem","position":2,"name":"Shop","item":"https:\/\/ranoja.ee\/en\/shop\/"},{"@type":"ListItem","position":3,"name":"Kaabli h\u00f5\u00f5rdumisvastane aerosool 500ml, Motip"}]},{"@type":"WebSite","@id":"https:\/\/ranoja.ee\/#website","url":"https:\/\/ranoja.ee\/","name":"Ranoja","description":"Equipment Shop WooCommerce WordPress Theme for Machine &amp; Tools","publisher":{"@id":"https:\/\/ranoja.ee\/#organization"},"potentialAction":[{"@type":"SearchAction","target":{"@type":"EntryPoint","urlTemplate":"https:\/\/ranoja.ee\/?s={search_term_string}"},"query-input":{"@type":"PropertyValueSpecification","valueRequired":true,"valueName":"search_term_string"}}],"inLanguage":"en-US"},{"@type":"Organization","@id":"https:\/\/ranoja.ee\/#organization","name":"Ranoja O\u00dc","url":"https:\/\/ranoja.ee\/","logo":{"@type":"ImageObject","inLanguage":"en-US","@id":"https:\/\/ranoja.ee\/#\/schema\/logo\/image\/","url":"https:\/\/ranoja.ee\/wp-content\/uploads\/2023\/11\/ranoja-Logo.png","contentUrl":"https:\/\/ranoja.ee\/wp-content\/uploads\/2023\/11\/ranoja-Logo.png","width":207,"height":58,"caption":"Ranoja O\u00dc"},"image":{"@id":"https:\/\/ranoja.ee\/#\/schema\/logo\/image\/"},"sameAs":["https:\/\/www.facebook.com\/ranoja.ee","https:\/\/www.instagram.com\/ranoja__\/"]}]}},"_links":{"self":[{"href":"https:\/\/ranoja.ee\/en\/wp-json\/wp\/v2\/product\/62049","targetHints":{"allow":["GET"]}}],"collection":[{"href":"https:\/\/ranoja.ee\/en\/wp-json\/wp\/v2\/product"}],"about":[{"href":"https:\/\/ranoja.ee\/en\/wp-json\/wp\/v2\/types\/product"}],"wp:featuredmedia":[{"embeddable":true,"href":"https:\/\/ranoja.ee\/en\/wp-json\/wp\/v2\/media\/62050"}],"wp:attachment":[{"href":"https:\/\/ranoja.ee\/en\/wp-json\/wp\/v2\/media?parent=62049"}],"wp:term":[{"taxonomy":"product_cat","embeddable":true,"href":"https:\/\/ranoja.ee\/en\/wp-json\/wp\/v2\/product_cat?post=62049"},{"taxonomy":"product_tag","embeddable":true,"href":"https:\/\/ranoja.ee\/en\/wp-json\/wp\/v2\/product_tag?post=62049"}],"curies":[{"name":"wp","href":"https:\/\/api.w.org\/{rel}","templated":true}]}}