{"id":62041,"date":"2026-03-17T02:35:38","date_gmt":"2026-03-16T23:35:38","guid":{"rendered":"https:\/\/ranoja.ee\/toode\/klambripustol-ulivastupidav-alumiiniumist-stanley\/"},"modified":"2026-03-17T15:36:03","modified_gmt":"2026-03-17T12:36:03","slug":"klambripustol-ulivastupidav-alumiiniumist-stanley","status":"publish","type":"product","link":"https:\/\/ranoja.ee\/en\/toode\/klambripustol-ulivastupidav-alumiiniumist-stanley\/","title":{"rendered":"Klambrip\u00fcstol \u00fclivastupidav alumiiniumist, Stanley"},"content":{"rendered":"","protected":false},"excerpt":{"rendered":"<p>STANLEY\u00ae alumiiniumist klambrip\u00fcstol sobib ideaalselt mitmesugusteks professionaalseteks rakendusteks, sealhulgas kipsplaadi nurkliistude ja teibi kinnitamiseks, vaipade paigaldamiseks, aiaehituseks ja katusepleki kinnitamiseks. Sellel on ummistusevastane mehhanism pidevaks kasutamiseks ja usaldusv\u00e4\u00e4rseks t\u00f6\u00f6ks ning klambrite aken, mis v\u00f5imaldab selgelt n\u00e4ha, millal on vaja klambreid uuesti laadida. Sobib G-t\u00fc\u00fcpi klambritega.<\/p>\n","protected":false},"featured_media":62042,"template":"","meta":{"inline_featured_image":false},"product_cat":[1596,5108,5047,1116],"product_tag":[],"class_list":{"0":"post-62041","1":"product","2":"type-product","3":"status-publish","4":"has-post-thumbnail","6":"product_brand-stanley","7":"product_cat-kasitooriistad","8":"product_cat-klambripustolid","9":"product_cat-klambripustolid-ja-klambrid","10":"product_cat-lisaseadmed-ehitusseadmed-led-lisatuled-cb-raadiod-lallar","12":"first","13":"instock","14":"purchasable","15":"product-type-simple"},"yoast_head":"<!-- This site is optimized with the Yoast SEO plugin v27.4 - https:\/\/yoast.com\/product\/yoast-seo-wordpress\/ -->\n<title>Klambrip\u00fcstol \u00fclivastupidav alumiiniumist, Stanley - Ranoja<\/title>\n<meta name=\"robots\" content=\"index, follow, max-snippet:-1, max-image-preview:large, max-video-preview:-1\" \/>\n<link rel=\"canonical\" href=\"https:\/\/ranoja.ee\/toode\/klambripustol-ulivastupidav-alumiiniumist-stanley\/\" \/>\n<meta property=\"og:locale\" content=\"en_US\" \/>\n<meta property=\"og:type\" content=\"article\" \/>\n<meta property=\"og:title\" content=\"Klambrip\u00fcstol \u00fclivastupidav alumiiniumist, Stanley - Ranoja\" \/>\n<meta property=\"og:description\" content=\"STANLEY\u00ae alumiiniumist klambrip\u00fcstol sobib ideaalselt mitmesugusteks professionaalseteks rakendusteks, sealhulgas kipsplaadi nurkliistude ja teibi kinnitamiseks, vaipade paigaldamiseks, aiaehituseks ja katusepleki kinnitamiseks. Sellel on ummistusevastane mehhanism pidevaks kasutamiseks ja usaldusv\u00e4\u00e4rseks t\u00f6\u00f6ks ning klambrite aken, mis v\u00f5imaldab selgelt n\u00e4ha, millal on vaja klambreid uuesti laadida. Sobib G-t\u00fc\u00fcpi klambritega.\" \/>\n<meta property=\"og:url\" content=\"https:\/\/ranoja.ee\/toode\/klambripustol-ulivastupidav-alumiiniumist-stanley\/\" \/>\n<meta property=\"og:site_name\" content=\"Ranoja\" \/>\n<meta property=\"article:publisher\" content=\"https:\/\/www.facebook.com\/ranoja.ee\" \/>\n<meta property=\"article:modified_time\" content=\"2026-03-17T12:36:03+00:00\" \/>\n<meta property=\"og:image\" content=\"https:\/\/ranoja.ee\/wp-content\/uploads\/2026\/03\/5637907511.jpg\" \/>\n\t<meta property=\"og:image:width\" content=\"483\" \/>\n\t<meta property=\"og:image:height\" content=\"498\" \/>\n\t<meta property=\"og:image:type\" content=\"image\/jpeg\" \/>\n<meta name=\"twitter:card\" content=\"summary_large_image\" \/>\n<script type=\"application\/ld+json\" class=\"yoast-schema-graph\">{\"@context\":\"https:\\\/\\\/schema.org\",\"@graph\":[{\"@type\":\"WebPage\",\"@id\":\"https:\\\/\\\/ranoja.ee\\\/toode\\\/klambripustol-ulivastupidav-alumiiniumist-stanley\\\/\",\"url\":\"https:\\\/\\\/ranoja.ee\\\/toode\\\/klambripustol-ulivastupidav-alumiiniumist-stanley\\\/\",\"name\":\"Klambrip\u00fcstol \u00fclivastupidav alumiiniumist, Stanley - Ranoja\",\"isPartOf\":{\"@id\":\"https:\\\/\\\/ranoja.ee\\\/#website\"},\"primaryImageOfPage\":{\"@id\":\"https:\\\/\\\/ranoja.ee\\\/toode\\\/klambripustol-ulivastupidav-alumiiniumist-stanley\\\/#primaryimage\"},\"image\":{\"@id\":\"https:\\\/\\\/ranoja.ee\\\/toode\\\/klambripustol-ulivastupidav-alumiiniumist-stanley\\\/#primaryimage\"},\"thumbnailUrl\":\"https:\\\/\\\/ranoja.ee\\\/wp-content\\\/uploads\\\/2026\\\/03\\\/5637907511.jpg\",\"datePublished\":\"2026-03-16T23:35:38+00:00\",\"dateModified\":\"2026-03-17T12:36:03+00:00\",\"breadcrumb\":{\"@id\":\"https:\\\/\\\/ranoja.ee\\\/toode\\\/klambripustol-ulivastupidav-alumiiniumist-stanley\\\/#breadcrumb\"},\"inLanguage\":\"en-US\",\"potentialAction\":[{\"@type\":\"ReadAction\",\"target\":[\"https:\\\/\\\/ranoja.ee\\\/toode\\\/klambripustol-ulivastupidav-alumiiniumist-stanley\\\/\"]}]},{\"@type\":\"ImageObject\",\"inLanguage\":\"en-US\",\"@id\":\"https:\\\/\\\/ranoja.ee\\\/toode\\\/klambripustol-ulivastupidav-alumiiniumist-stanley\\\/#primaryimage\",\"url\":\"https:\\\/\\\/ranoja.ee\\\/wp-content\\\/uploads\\\/2026\\\/03\\\/5637907511.jpg\",\"contentUrl\":\"https:\\\/\\\/ranoja.ee\\\/wp-content\\\/uploads\\\/2026\\\/03\\\/5637907511.jpg\",\"width\":483,\"height\":498},{\"@type\":\"BreadcrumbList\",\"@id\":\"https:\\\/\\\/ranoja.ee\\\/toode\\\/klambripustol-ulivastupidav-alumiiniumist-stanley\\\/#breadcrumb\",\"itemListElement\":[{\"@type\":\"ListItem\",\"position\":1,\"name\":\"Home\",\"item\":\"https:\\\/\\\/ranoja.ee\\\/\"},{\"@type\":\"ListItem\",\"position\":2,\"name\":\"Shop\",\"item\":\"https:\\\/\\\/ranoja.ee\\\/en\\\/shop\\\/\"},{\"@type\":\"ListItem\",\"position\":3,\"name\":\"Klambrip\u00fcstol \u00fclivastupidav alumiiniumist, Stanley\"}]},{\"@type\":\"WebSite\",\"@id\":\"https:\\\/\\\/ranoja.ee\\\/#website\",\"url\":\"https:\\\/\\\/ranoja.ee\\\/\",\"name\":\"Ranoja\",\"description\":\"Equipment Shop WooCommerce WordPress Theme for Machine &amp; Tools\",\"publisher\":{\"@id\":\"https:\\\/\\\/ranoja.ee\\\/#organization\"},\"potentialAction\":[{\"@type\":\"SearchAction\",\"target\":{\"@type\":\"EntryPoint\",\"urlTemplate\":\"https:\\\/\\\/ranoja.ee\\\/?s={search_term_string}\"},\"query-input\":{\"@type\":\"PropertyValueSpecification\",\"valueRequired\":true,\"valueName\":\"search_term_string\"}}],\"inLanguage\":\"en-US\"},{\"@type\":\"Organization\",\"@id\":\"https:\\\/\\\/ranoja.ee\\\/#organization\",\"name\":\"Ranoja O\u00dc\",\"url\":\"https:\\\/\\\/ranoja.ee\\\/\",\"logo\":{\"@type\":\"ImageObject\",\"inLanguage\":\"en-US\",\"@id\":\"https:\\\/\\\/ranoja.ee\\\/#\\\/schema\\\/logo\\\/image\\\/\",\"url\":\"https:\\\/\\\/ranoja.ee\\\/wp-content\\\/uploads\\\/2023\\\/11\\\/ranoja-Logo.png\",\"contentUrl\":\"https:\\\/\\\/ranoja.ee\\\/wp-content\\\/uploads\\\/2023\\\/11\\\/ranoja-Logo.png\",\"width\":207,\"height\":58,\"caption\":\"Ranoja O\u00dc\"},\"image\":{\"@id\":\"https:\\\/\\\/ranoja.ee\\\/#\\\/schema\\\/logo\\\/image\\\/\"},\"sameAs\":[\"https:\\\/\\\/www.facebook.com\\\/ranoja.ee\",\"https:\\\/\\\/www.instagram.com\\\/ranoja__\\\/\"]}]}<\/script>\n<!-- \/ Yoast SEO plugin. -->","yoast_head_json":{"title":"Klambrip\u00fcstol \u00fclivastupidav alumiiniumist, Stanley - Ranoja","robots":{"index":"index","follow":"follow","max-snippet":"max-snippet:-1","max-image-preview":"max-image-preview:large","max-video-preview":"max-video-preview:-1"},"canonical":"https:\/\/ranoja.ee\/toode\/klambripustol-ulivastupidav-alumiiniumist-stanley\/","og_locale":"en_US","og_type":"article","og_title":"Klambrip\u00fcstol \u00fclivastupidav alumiiniumist, Stanley - Ranoja","og_description":"STANLEY\u00ae alumiiniumist klambrip\u00fcstol sobib ideaalselt mitmesugusteks professionaalseteks rakendusteks, sealhulgas kipsplaadi nurkliistude ja teibi kinnitamiseks, vaipade paigaldamiseks, aiaehituseks ja katusepleki kinnitamiseks. Sellel on ummistusevastane mehhanism pidevaks kasutamiseks ja usaldusv\u00e4\u00e4rseks t\u00f6\u00f6ks ning klambrite aken, mis v\u00f5imaldab selgelt n\u00e4ha, millal on vaja klambreid uuesti laadida. Sobib G-t\u00fc\u00fcpi klambritega.","og_url":"https:\/\/ranoja.ee\/toode\/klambripustol-ulivastupidav-alumiiniumist-stanley\/","og_site_name":"Ranoja","article_publisher":"https:\/\/www.facebook.com\/ranoja.ee","article_modified_time":"2026-03-17T12:36:03+00:00","og_image":[{"width":483,"height":498,"url":"https:\/\/ranoja.ee\/wp-content\/uploads\/2026\/03\/5637907511.jpg","type":"image\/jpeg"}],"twitter_card":"summary_large_image","schema":{"@context":"https:\/\/schema.org","@graph":[{"@type":"WebPage","@id":"https:\/\/ranoja.ee\/toode\/klambripustol-ulivastupidav-alumiiniumist-stanley\/","url":"https:\/\/ranoja.ee\/toode\/klambripustol-ulivastupidav-alumiiniumist-stanley\/","name":"Klambrip\u00fcstol \u00fclivastupidav alumiiniumist, Stanley - Ranoja","isPartOf":{"@id":"https:\/\/ranoja.ee\/#website"},"primaryImageOfPage":{"@id":"https:\/\/ranoja.ee\/toode\/klambripustol-ulivastupidav-alumiiniumist-stanley\/#primaryimage"},"image":{"@id":"https:\/\/ranoja.ee\/toode\/klambripustol-ulivastupidav-alumiiniumist-stanley\/#primaryimage"},"thumbnailUrl":"https:\/\/ranoja.ee\/wp-content\/uploads\/2026\/03\/5637907511.jpg","datePublished":"2026-03-16T23:35:38+00:00","dateModified":"2026-03-17T12:36:03+00:00","breadcrumb":{"@id":"https:\/\/ranoja.ee\/toode\/klambripustol-ulivastupidav-alumiiniumist-stanley\/#breadcrumb"},"inLanguage":"en-US","potentialAction":[{"@type":"ReadAction","target":["https:\/\/ranoja.ee\/toode\/klambripustol-ulivastupidav-alumiiniumist-stanley\/"]}]},{"@type":"ImageObject","inLanguage":"en-US","@id":"https:\/\/ranoja.ee\/toode\/klambripustol-ulivastupidav-alumiiniumist-stanley\/#primaryimage","url":"https:\/\/ranoja.ee\/wp-content\/uploads\/2026\/03\/5637907511.jpg","contentUrl":"https:\/\/ranoja.ee\/wp-content\/uploads\/2026\/03\/5637907511.jpg","width":483,"height":498},{"@type":"BreadcrumbList","@id":"https:\/\/ranoja.ee\/toode\/klambripustol-ulivastupidav-alumiiniumist-stanley\/#breadcrumb","itemListElement":[{"@type":"ListItem","position":1,"name":"Home","item":"https:\/\/ranoja.ee\/"},{"@type":"ListItem","position":2,"name":"Shop","item":"https:\/\/ranoja.ee\/en\/shop\/"},{"@type":"ListItem","position":3,"name":"Klambrip\u00fcstol \u00fclivastupidav alumiiniumist, Stanley"}]},{"@type":"WebSite","@id":"https:\/\/ranoja.ee\/#website","url":"https:\/\/ranoja.ee\/","name":"Ranoja","description":"Equipment Shop WooCommerce WordPress Theme for Machine &amp; Tools","publisher":{"@id":"https:\/\/ranoja.ee\/#organization"},"potentialAction":[{"@type":"SearchAction","target":{"@type":"EntryPoint","urlTemplate":"https:\/\/ranoja.ee\/?s={search_term_string}"},"query-input":{"@type":"PropertyValueSpecification","valueRequired":true,"valueName":"search_term_string"}}],"inLanguage":"en-US"},{"@type":"Organization","@id":"https:\/\/ranoja.ee\/#organization","name":"Ranoja O\u00dc","url":"https:\/\/ranoja.ee\/","logo":{"@type":"ImageObject","inLanguage":"en-US","@id":"https:\/\/ranoja.ee\/#\/schema\/logo\/image\/","url":"https:\/\/ranoja.ee\/wp-content\/uploads\/2023\/11\/ranoja-Logo.png","contentUrl":"https:\/\/ranoja.ee\/wp-content\/uploads\/2023\/11\/ranoja-Logo.png","width":207,"height":58,"caption":"Ranoja O\u00dc"},"image":{"@id":"https:\/\/ranoja.ee\/#\/schema\/logo\/image\/"},"sameAs":["https:\/\/www.facebook.com\/ranoja.ee","https:\/\/www.instagram.com\/ranoja__\/"]}]}},"_links":{"self":[{"href":"https:\/\/ranoja.ee\/en\/wp-json\/wp\/v2\/product\/62041","targetHints":{"allow":["GET"]}}],"collection":[{"href":"https:\/\/ranoja.ee\/en\/wp-json\/wp\/v2\/product"}],"about":[{"href":"https:\/\/ranoja.ee\/en\/wp-json\/wp\/v2\/types\/product"}],"wp:featuredmedia":[{"embeddable":true,"href":"https:\/\/ranoja.ee\/en\/wp-json\/wp\/v2\/media\/62042"}],"wp:attachment":[{"href":"https:\/\/ranoja.ee\/en\/wp-json\/wp\/v2\/media?parent=62041"}],"wp:term":[{"taxonomy":"product_cat","embeddable":true,"href":"https:\/\/ranoja.ee\/en\/wp-json\/wp\/v2\/product_cat?post=62041"},{"taxonomy":"product_tag","embeddable":true,"href":"https:\/\/ranoja.ee\/en\/wp-json\/wp\/v2\/product_tag?post=62041"}],"curies":[{"name":"wp","href":"https:\/\/api.w.org\/{rel}","templated":true}]}}