{"id":61988,"date":"2026-03-17T02:35:19","date_gmt":"2026-03-16T23:35:19","guid":{"rendered":"https:\/\/ranoja.ee\/toode\/survestuspump-rp-pro-iii-elektriline-0-40bar-rothenberger\/"},"modified":"2026-03-17T15:36:04","modified_gmt":"2026-03-17T12:36:04","slug":"survestuspump-rp-pro-iii-elektriline-0-40bar-rothenberger","status":"publish","type":"product","link":"https:\/\/ranoja.ee\/en\/toode\/survestuspump-rp-pro-iii-elektriline-0-40bar-rothenberger\/","title":{"rendered":"Survestuspump RP PRO III elektriline 0-40bar, Rothenberger"},"content":{"rendered":"","protected":false},"excerpt":{"rendered":"<p>Elektriline jugapump 6 l\/min. Sobib erinevate s\u00fcsteemide t\u00e4itmiseks<br \/>\nsuur pumba tootlikus (6 l\/min) \u2013 l\u00fchem kontrolliettevalmistamise aeg, kiiremini t\u00e4idetavad isegi<br \/>\nsuureds\u00fcsteemid ja seadmed<br \/>\nsile plastikkorpus \u2013 kompaktne ja kergesti puhastatav disain<br \/>\n\u00fcks t\u00e4ite- ja v\u00e4ljundklapp \u2013 lihtne kasutada<br \/>\nise imeb vett \u2013 vajaduse korral s\u00fcsteemi t\u00e4itmine v\u00f5imalik ka veemahutist<br \/>\nmaksimaalne r\u00f5hk \u2013 kuni 40 bar \u2013 sobib kasutamiseks k\u00f5ikides kontrollr\u00f5hkude vahemikes<br \/>\ngl\u00fctseriiniga t\u00e4idetud manometer<br \/>\n230V, 1,3KW, <br \/>\nR 1\/2\u00b4\u00b4&#8221; \u00fchendus, <br \/>\n360x300x295mm<\/p>\n","protected":false},"featured_media":61989,"template":"","meta":{"inline_featured_image":false},"product_cat":[5394,5393,5043],"product_tag":[],"class_list":{"0":"post-61988","1":"product","2":"type-product","3":"status-publish","4":"has-post-thumbnail","6":"product_brand-rothenberger","7":"product_cat-torustike-testimispumbad","8":"product_cat-torustike-testimisseadmed","9":"product_cat-torutooriistad","11":"first","12":"instock","13":"purchasable","14":"product-type-simple"},"yoast_head":"<!-- This site is optimized with the Yoast SEO plugin v27.4 - https:\/\/yoast.com\/product\/yoast-seo-wordpress\/ -->\n<title>Survestuspump RP PRO III elektriline 0-40bar, Rothenberger - Ranoja<\/title>\n<meta name=\"robots\" content=\"index, follow, max-snippet:-1, max-image-preview:large, max-video-preview:-1\" \/>\n<link rel=\"canonical\" href=\"https:\/\/ranoja.ee\/toode\/survestuspump-rp-pro-iii-elektriline-0-40bar-rothenberger\/\" \/>\n<meta property=\"og:locale\" content=\"en_US\" \/>\n<meta property=\"og:type\" content=\"article\" \/>\n<meta property=\"og:title\" content=\"Survestuspump RP PRO III elektriline 0-40bar, Rothenberger - Ranoja\" \/>\n<meta property=\"og:description\" content=\"Elektriline jugapump 6 l\/min. Sobib erinevate s\u00fcsteemide t\u00e4itmiseks suur pumba tootlikus (6 l\/min) \u2013 l\u00fchem kontrolliettevalmistamise aeg, kiiremini t\u00e4idetavad isegi suureds\u00fcsteemid ja seadmed sile plastikkorpus \u2013 kompaktne ja kergesti puhastatav disain \u00fcks t\u00e4ite- ja v\u00e4ljundklapp \u2013 lihtne kasutada ise imeb vett \u2013 vajaduse korral s\u00fcsteemi t\u00e4itmine v\u00f5imalik ka veemahutist maksimaalne r\u00f5hk \u2013 kuni 40 bar \u2013 sobib kasutamiseks k\u00f5ikides kontrollr\u00f5hkude vahemikes gl\u00fctseriiniga t\u00e4idetud manometer 230V, 1,3KW, R 1\/2\u00b4\u00b4&#039;&#039; \u00fchendus, 360x300x295mm\" \/>\n<meta property=\"og:url\" content=\"https:\/\/ranoja.ee\/toode\/survestuspump-rp-pro-iii-elektriline-0-40bar-rothenberger\/\" \/>\n<meta property=\"og:site_name\" content=\"Ranoja\" \/>\n<meta property=\"article:publisher\" content=\"https:\/\/www.facebook.com\/ranoja.ee\" \/>\n<meta property=\"article:modified_time\" content=\"2026-03-17T12:36:04+00:00\" \/>\n<meta property=\"og:image\" content=\"https:\/\/ranoja.ee\/wp-content\/uploads\/2026\/03\/94473558.jpg\" \/>\n\t<meta property=\"og:image:width\" content=\"900\" \/>\n\t<meta property=\"og:image:height\" content=\"840\" \/>\n\t<meta property=\"og:image:type\" content=\"image\/jpeg\" \/>\n<meta name=\"twitter:card\" content=\"summary_large_image\" \/>\n<script type=\"application\/ld+json\" class=\"yoast-schema-graph\">{\"@context\":\"https:\\\/\\\/schema.org\",\"@graph\":[{\"@type\":\"WebPage\",\"@id\":\"https:\\\/\\\/ranoja.ee\\\/toode\\\/survestuspump-rp-pro-iii-elektriline-0-40bar-rothenberger\\\/\",\"url\":\"https:\\\/\\\/ranoja.ee\\\/toode\\\/survestuspump-rp-pro-iii-elektriline-0-40bar-rothenberger\\\/\",\"name\":\"Survestuspump RP PRO III elektriline 0-40bar, Rothenberger - Ranoja\",\"isPartOf\":{\"@id\":\"https:\\\/\\\/ranoja.ee\\\/#website\"},\"primaryImageOfPage\":{\"@id\":\"https:\\\/\\\/ranoja.ee\\\/toode\\\/survestuspump-rp-pro-iii-elektriline-0-40bar-rothenberger\\\/#primaryimage\"},\"image\":{\"@id\":\"https:\\\/\\\/ranoja.ee\\\/toode\\\/survestuspump-rp-pro-iii-elektriline-0-40bar-rothenberger\\\/#primaryimage\"},\"thumbnailUrl\":\"https:\\\/\\\/ranoja.ee\\\/wp-content\\\/uploads\\\/2026\\\/03\\\/94473558.jpg\",\"datePublished\":\"2026-03-16T23:35:19+00:00\",\"dateModified\":\"2026-03-17T12:36:04+00:00\",\"breadcrumb\":{\"@id\":\"https:\\\/\\\/ranoja.ee\\\/toode\\\/survestuspump-rp-pro-iii-elektriline-0-40bar-rothenberger\\\/#breadcrumb\"},\"inLanguage\":\"en-US\",\"potentialAction\":[{\"@type\":\"ReadAction\",\"target\":[\"https:\\\/\\\/ranoja.ee\\\/toode\\\/survestuspump-rp-pro-iii-elektriline-0-40bar-rothenberger\\\/\"]}]},{\"@type\":\"ImageObject\",\"inLanguage\":\"en-US\",\"@id\":\"https:\\\/\\\/ranoja.ee\\\/toode\\\/survestuspump-rp-pro-iii-elektriline-0-40bar-rothenberger\\\/#primaryimage\",\"url\":\"https:\\\/\\\/ranoja.ee\\\/wp-content\\\/uploads\\\/2026\\\/03\\\/94473558.jpg\",\"contentUrl\":\"https:\\\/\\\/ranoja.ee\\\/wp-content\\\/uploads\\\/2026\\\/03\\\/94473558.jpg\",\"width\":900,\"height\":840},{\"@type\":\"BreadcrumbList\",\"@id\":\"https:\\\/\\\/ranoja.ee\\\/toode\\\/survestuspump-rp-pro-iii-elektriline-0-40bar-rothenberger\\\/#breadcrumb\",\"itemListElement\":[{\"@type\":\"ListItem\",\"position\":1,\"name\":\"Home\",\"item\":\"https:\\\/\\\/ranoja.ee\\\/\"},{\"@type\":\"ListItem\",\"position\":2,\"name\":\"Shop\",\"item\":\"https:\\\/\\\/ranoja.ee\\\/en\\\/shop\\\/\"},{\"@type\":\"ListItem\",\"position\":3,\"name\":\"Survestuspump RP PRO III elektriline 0-40bar, Rothenberger\"}]},{\"@type\":\"WebSite\",\"@id\":\"https:\\\/\\\/ranoja.ee\\\/#website\",\"url\":\"https:\\\/\\\/ranoja.ee\\\/\",\"name\":\"Ranoja\",\"description\":\"Equipment Shop WooCommerce WordPress Theme for Machine &amp; Tools\",\"publisher\":{\"@id\":\"https:\\\/\\\/ranoja.ee\\\/#organization\"},\"potentialAction\":[{\"@type\":\"SearchAction\",\"target\":{\"@type\":\"EntryPoint\",\"urlTemplate\":\"https:\\\/\\\/ranoja.ee\\\/?s={search_term_string}\"},\"query-input\":{\"@type\":\"PropertyValueSpecification\",\"valueRequired\":true,\"valueName\":\"search_term_string\"}}],\"inLanguage\":\"en-US\"},{\"@type\":\"Organization\",\"@id\":\"https:\\\/\\\/ranoja.ee\\\/#organization\",\"name\":\"Ranoja O\u00dc\",\"url\":\"https:\\\/\\\/ranoja.ee\\\/\",\"logo\":{\"@type\":\"ImageObject\",\"inLanguage\":\"en-US\",\"@id\":\"https:\\\/\\\/ranoja.ee\\\/#\\\/schema\\\/logo\\\/image\\\/\",\"url\":\"https:\\\/\\\/ranoja.ee\\\/wp-content\\\/uploads\\\/2023\\\/11\\\/ranoja-Logo.png\",\"contentUrl\":\"https:\\\/\\\/ranoja.ee\\\/wp-content\\\/uploads\\\/2023\\\/11\\\/ranoja-Logo.png\",\"width\":207,\"height\":58,\"caption\":\"Ranoja O\u00dc\"},\"image\":{\"@id\":\"https:\\\/\\\/ranoja.ee\\\/#\\\/schema\\\/logo\\\/image\\\/\"},\"sameAs\":[\"https:\\\/\\\/www.facebook.com\\\/ranoja.ee\",\"https:\\\/\\\/www.instagram.com\\\/ranoja__\\\/\"]}]}<\/script>\n<!-- \/ Yoast SEO plugin. -->","yoast_head_json":{"title":"Survestuspump RP PRO III elektriline 0-40bar, Rothenberger - Ranoja","robots":{"index":"index","follow":"follow","max-snippet":"max-snippet:-1","max-image-preview":"max-image-preview:large","max-video-preview":"max-video-preview:-1"},"canonical":"https:\/\/ranoja.ee\/toode\/survestuspump-rp-pro-iii-elektriline-0-40bar-rothenberger\/","og_locale":"en_US","og_type":"article","og_title":"Survestuspump RP PRO III elektriline 0-40bar, Rothenberger - Ranoja","og_description":"Elektriline jugapump 6 l\/min. Sobib erinevate s\u00fcsteemide t\u00e4itmiseks suur pumba tootlikus (6 l\/min) \u2013 l\u00fchem kontrolliettevalmistamise aeg, kiiremini t\u00e4idetavad isegi suureds\u00fcsteemid ja seadmed sile plastikkorpus \u2013 kompaktne ja kergesti puhastatav disain \u00fcks t\u00e4ite- ja v\u00e4ljundklapp \u2013 lihtne kasutada ise imeb vett \u2013 vajaduse korral s\u00fcsteemi t\u00e4itmine v\u00f5imalik ka veemahutist maksimaalne r\u00f5hk \u2013 kuni 40 bar \u2013 sobib kasutamiseks k\u00f5ikides kontrollr\u00f5hkude vahemikes gl\u00fctseriiniga t\u00e4idetud manometer 230V, 1,3KW, R 1\/2\u00b4\u00b4'' \u00fchendus, 360x300x295mm","og_url":"https:\/\/ranoja.ee\/toode\/survestuspump-rp-pro-iii-elektriline-0-40bar-rothenberger\/","og_site_name":"Ranoja","article_publisher":"https:\/\/www.facebook.com\/ranoja.ee","article_modified_time":"2026-03-17T12:36:04+00:00","og_image":[{"width":900,"height":840,"url":"https:\/\/ranoja.ee\/wp-content\/uploads\/2026\/03\/94473558.jpg","type":"image\/jpeg"}],"twitter_card":"summary_large_image","schema":{"@context":"https:\/\/schema.org","@graph":[{"@type":"WebPage","@id":"https:\/\/ranoja.ee\/toode\/survestuspump-rp-pro-iii-elektriline-0-40bar-rothenberger\/","url":"https:\/\/ranoja.ee\/toode\/survestuspump-rp-pro-iii-elektriline-0-40bar-rothenberger\/","name":"Survestuspump RP PRO III elektriline 0-40bar, Rothenberger - Ranoja","isPartOf":{"@id":"https:\/\/ranoja.ee\/#website"},"primaryImageOfPage":{"@id":"https:\/\/ranoja.ee\/toode\/survestuspump-rp-pro-iii-elektriline-0-40bar-rothenberger\/#primaryimage"},"image":{"@id":"https:\/\/ranoja.ee\/toode\/survestuspump-rp-pro-iii-elektriline-0-40bar-rothenberger\/#primaryimage"},"thumbnailUrl":"https:\/\/ranoja.ee\/wp-content\/uploads\/2026\/03\/94473558.jpg","datePublished":"2026-03-16T23:35:19+00:00","dateModified":"2026-03-17T12:36:04+00:00","breadcrumb":{"@id":"https:\/\/ranoja.ee\/toode\/survestuspump-rp-pro-iii-elektriline-0-40bar-rothenberger\/#breadcrumb"},"inLanguage":"en-US","potentialAction":[{"@type":"ReadAction","target":["https:\/\/ranoja.ee\/toode\/survestuspump-rp-pro-iii-elektriline-0-40bar-rothenberger\/"]}]},{"@type":"ImageObject","inLanguage":"en-US","@id":"https:\/\/ranoja.ee\/toode\/survestuspump-rp-pro-iii-elektriline-0-40bar-rothenberger\/#primaryimage","url":"https:\/\/ranoja.ee\/wp-content\/uploads\/2026\/03\/94473558.jpg","contentUrl":"https:\/\/ranoja.ee\/wp-content\/uploads\/2026\/03\/94473558.jpg","width":900,"height":840},{"@type":"BreadcrumbList","@id":"https:\/\/ranoja.ee\/toode\/survestuspump-rp-pro-iii-elektriline-0-40bar-rothenberger\/#breadcrumb","itemListElement":[{"@type":"ListItem","position":1,"name":"Home","item":"https:\/\/ranoja.ee\/"},{"@type":"ListItem","position":2,"name":"Shop","item":"https:\/\/ranoja.ee\/en\/shop\/"},{"@type":"ListItem","position":3,"name":"Survestuspump RP PRO III elektriline 0-40bar, Rothenberger"}]},{"@type":"WebSite","@id":"https:\/\/ranoja.ee\/#website","url":"https:\/\/ranoja.ee\/","name":"Ranoja","description":"Equipment Shop WooCommerce WordPress Theme for Machine &amp; Tools","publisher":{"@id":"https:\/\/ranoja.ee\/#organization"},"potentialAction":[{"@type":"SearchAction","target":{"@type":"EntryPoint","urlTemplate":"https:\/\/ranoja.ee\/?s={search_term_string}"},"query-input":{"@type":"PropertyValueSpecification","valueRequired":true,"valueName":"search_term_string"}}],"inLanguage":"en-US"},{"@type":"Organization","@id":"https:\/\/ranoja.ee\/#organization","name":"Ranoja O\u00dc","url":"https:\/\/ranoja.ee\/","logo":{"@type":"ImageObject","inLanguage":"en-US","@id":"https:\/\/ranoja.ee\/#\/schema\/logo\/image\/","url":"https:\/\/ranoja.ee\/wp-content\/uploads\/2023\/11\/ranoja-Logo.png","contentUrl":"https:\/\/ranoja.ee\/wp-content\/uploads\/2023\/11\/ranoja-Logo.png","width":207,"height":58,"caption":"Ranoja O\u00dc"},"image":{"@id":"https:\/\/ranoja.ee\/#\/schema\/logo\/image\/"},"sameAs":["https:\/\/www.facebook.com\/ranoja.ee","https:\/\/www.instagram.com\/ranoja__\/"]}]}},"_links":{"self":[{"href":"https:\/\/ranoja.ee\/en\/wp-json\/wp\/v2\/product\/61988","targetHints":{"allow":["GET"]}}],"collection":[{"href":"https:\/\/ranoja.ee\/en\/wp-json\/wp\/v2\/product"}],"about":[{"href":"https:\/\/ranoja.ee\/en\/wp-json\/wp\/v2\/types\/product"}],"wp:featuredmedia":[{"embeddable":true,"href":"https:\/\/ranoja.ee\/en\/wp-json\/wp\/v2\/media\/61989"}],"wp:attachment":[{"href":"https:\/\/ranoja.ee\/en\/wp-json\/wp\/v2\/media?parent=61988"}],"wp:term":[{"taxonomy":"product_cat","embeddable":true,"href":"https:\/\/ranoja.ee\/en\/wp-json\/wp\/v2\/product_cat?post=61988"},{"taxonomy":"product_tag","embeddable":true,"href":"https:\/\/ranoja.ee\/en\/wp-json\/wp\/v2\/product_tag?post=61988"}],"curies":[{"name":"wp","href":"https:\/\/api.w.org\/{rel}","templated":true}]}}