{"id":61912,"date":"2026-03-17T02:34:29","date_gmt":"2026-03-16T23:34:29","guid":{"rendered":"https:\/\/ranoja.ee\/toode\/liimipustol-bgx7-7mm-usb-laetav-rapid\/"},"modified":"2026-03-17T15:36:05","modified_gmt":"2026-03-17T12:36:05","slug":"liimipustol-bgx7-7mm-usb-laetav-rapid","status":"publish","type":"product","link":"https:\/\/ranoja.ee\/en\/toode\/liimipustol-bgx7-7mm-usb-laetav-rapid\/","title":{"rendered":"Liimip\u00fcstol BGX7, 7mm, USB laetav, Rapid"},"content":{"rendered":"","protected":false},"excerpt":{"rendered":"<p>BGX7 on juhtmeta liimip\u00fcstol, mis sobib ideaalselt nii kunsti ja k\u00e4sit\u00f6\u00f6 kui ka pisiparanduste tegemiseks. <br \/>\nSee t\u00f6\u00f6tab laadimist vajamata efektiivselt 30 minutit ja kuumeneb vaid 20 sekundiga. <br \/>\nP\u00fcstolil on mugav automaatne v\u00e4ljal\u00fclitusfunktsioon, mis s\u00e4\u00e4stab akut ja suurendab ohutust, tagades, et seade ei j\u00e4\u00e4 kogemata sissel\u00fclitatuks.<br \/>\nNutikas ergonoomika, sealhulgas pehme k\u00e4epide ja pikk kummeeritud p\u00e4\u00e4stik, optimeerib kasutusmugavust ja -lihtsust, kummist alus suurendab stabiilsust, kui p\u00fcstol seisab t\u00f6\u00f6pinnal. <br \/>\nP\u00fcstolil BGX7 on 3,6 V aku, mida saab mugava mikro-USB-pordi kaudu uuesti laadida v\u00e4hem kui kahe tunniga.<\/p>\n<p>7 mm liimipulkadele<br \/>\n150 g\/h liimiv\u00e4ljund<br \/>\nT\u00f6\u00f6tab laadimata kuni 30 minutit<br \/>\nKuumeneb vaid 20 sekundiga<br \/>\nKasutusvalmiduse m\u00e4rgutuli<br \/>\nAutomaatne v\u00e4ljal\u00fclitusfunktsioon pikendab aku t\u00f6\u00f6iga ja suurendab turvalisust<br \/>\n3,6 V liitiumioonaku, laetav mikro-USB-ga (komplektis)<br \/>\n2,5 h laadimine t\u00fchjast t\u00e4is<br \/>\nPehme haarduvusega ergonoomiline k\u00e4epide ja p\u00e4\u00e4stiku optimaalne mugavus<br \/>\nReguleeritav alus liimimiseks parimas asendis<br \/>\nStabiilne kummialus<br \/>\n2-aastane garantii<\/p>\n","protected":false},"featured_media":61913,"template":"","meta":{"inline_featured_image":false},"product_cat":[1094,5111,1102,5245],"product_tag":[],"class_list":{"0":"post-61912","1":"product","2":"type-product","3":"status-publish","4":"has-post-thumbnail","6":"product_brand-rapid","7":"product_cat-akutooriistad","8":"product_cat-elektrilised-kasitooriistad","9":"product_cat-liimipustolid","10":"product_cat-muud-elektrilised-tooriistad","12":"first","13":"instock","14":"purchasable","15":"product-type-simple"},"yoast_head":"<!-- This site is optimized with the Yoast SEO plugin v27.4 - https:\/\/yoast.com\/product\/yoast-seo-wordpress\/ -->\n<title>Liimip\u00fcstol BGX7, 7mm, USB laetav, Rapid - Ranoja<\/title>\n<meta name=\"robots\" content=\"index, follow, max-snippet:-1, max-image-preview:large, max-video-preview:-1\" \/>\n<link rel=\"canonical\" href=\"https:\/\/ranoja.ee\/toode\/liimipustol-bgx7-7mm-usb-laetav-rapid\/\" \/>\n<meta property=\"og:locale\" content=\"en_US\" \/>\n<meta property=\"og:type\" content=\"article\" \/>\n<meta property=\"og:title\" content=\"Liimip\u00fcstol BGX7, 7mm, USB laetav, Rapid - Ranoja\" \/>\n<meta property=\"og:description\" content=\"BGX7 on juhtmeta liimip\u00fcstol, mis sobib ideaalselt nii kunsti ja k\u00e4sit\u00f6\u00f6 kui ka pisiparanduste tegemiseks. See t\u00f6\u00f6tab laadimist vajamata efektiivselt 30 minutit ja kuumeneb vaid 20 sekundiga. P\u00fcstolil on mugav automaatne v\u00e4ljal\u00fclitusfunktsioon, mis s\u00e4\u00e4stab akut ja suurendab ohutust, tagades, et seade ei j\u00e4\u00e4 kogemata sissel\u00fclitatuks. Nutikas ergonoomika, sealhulgas pehme k\u00e4epide ja pikk kummeeritud p\u00e4\u00e4stik, optimeerib kasutusmugavust ja -lihtsust, kummist alus suurendab stabiilsust, kui p\u00fcstol seisab t\u00f6\u00f6pinnal. P\u00fcstolil BGX7 on 3,6 V aku, mida saab mugava mikro-USB-pordi kaudu uuesti laadida v\u00e4hem kui kahe tunniga. 7 mm liimipulkadele 150 g\/h liimiv\u00e4ljund T\u00f6\u00f6tab laadimata kuni 30 minutit Kuumeneb vaid 20 sekundiga Kasutusvalmiduse m\u00e4rgutuli Automaatne v\u00e4ljal\u00fclitusfunktsioon pikendab aku t\u00f6\u00f6iga ja suurendab turvalisust 3,6 V liitiumioonaku, laetav mikro-USB-ga (komplektis) 2,5 h laadimine t\u00fchjast t\u00e4is Pehme haarduvusega ergonoomiline k\u00e4epide ja p\u00e4\u00e4stiku optimaalne mugavus Reguleeritav alus liimimiseks parimas asendis Stabiilne kummialus 2-aastane garantii\" \/>\n<meta property=\"og:url\" content=\"https:\/\/ranoja.ee\/toode\/liimipustol-bgx7-7mm-usb-laetav-rapid\/\" \/>\n<meta property=\"og:site_name\" content=\"Ranoja\" \/>\n<meta property=\"article:publisher\" content=\"https:\/\/www.facebook.com\/ranoja.ee\" \/>\n<meta property=\"article:modified_time\" content=\"2026-03-17T12:36:05+00:00\" \/>\n<meta property=\"og:image\" content=\"https:\/\/ranoja.ee\/wp-content\/uploads\/2026\/03\/241740328.jpg\" \/>\n\t<meta property=\"og:image:width\" content=\"600\" \/>\n\t<meta property=\"og:image:height\" content=\"600\" \/>\n\t<meta property=\"og:image:type\" content=\"image\/jpeg\" \/>\n<meta name=\"twitter:card\" content=\"summary_large_image\" \/>\n<script type=\"application\/ld+json\" class=\"yoast-schema-graph\">{\"@context\":\"https:\\\/\\\/schema.org\",\"@graph\":[{\"@type\":\"WebPage\",\"@id\":\"https:\\\/\\\/ranoja.ee\\\/toode\\\/liimipustol-bgx7-7mm-usb-laetav-rapid\\\/\",\"url\":\"https:\\\/\\\/ranoja.ee\\\/toode\\\/liimipustol-bgx7-7mm-usb-laetav-rapid\\\/\",\"name\":\"Liimip\u00fcstol BGX7, 7mm, USB laetav, Rapid - Ranoja\",\"isPartOf\":{\"@id\":\"https:\\\/\\\/ranoja.ee\\\/#website\"},\"primaryImageOfPage\":{\"@id\":\"https:\\\/\\\/ranoja.ee\\\/toode\\\/liimipustol-bgx7-7mm-usb-laetav-rapid\\\/#primaryimage\"},\"image\":{\"@id\":\"https:\\\/\\\/ranoja.ee\\\/toode\\\/liimipustol-bgx7-7mm-usb-laetav-rapid\\\/#primaryimage\"},\"thumbnailUrl\":\"https:\\\/\\\/ranoja.ee\\\/wp-content\\\/uploads\\\/2026\\\/03\\\/241740328.jpg\",\"datePublished\":\"2026-03-16T23:34:29+00:00\",\"dateModified\":\"2026-03-17T12:36:05+00:00\",\"breadcrumb\":{\"@id\":\"https:\\\/\\\/ranoja.ee\\\/toode\\\/liimipustol-bgx7-7mm-usb-laetav-rapid\\\/#breadcrumb\"},\"inLanguage\":\"en-US\",\"potentialAction\":[{\"@type\":\"ReadAction\",\"target\":[\"https:\\\/\\\/ranoja.ee\\\/toode\\\/liimipustol-bgx7-7mm-usb-laetav-rapid\\\/\"]}]},{\"@type\":\"ImageObject\",\"inLanguage\":\"en-US\",\"@id\":\"https:\\\/\\\/ranoja.ee\\\/toode\\\/liimipustol-bgx7-7mm-usb-laetav-rapid\\\/#primaryimage\",\"url\":\"https:\\\/\\\/ranoja.ee\\\/wp-content\\\/uploads\\\/2026\\\/03\\\/241740328.jpg\",\"contentUrl\":\"https:\\\/\\\/ranoja.ee\\\/wp-content\\\/uploads\\\/2026\\\/03\\\/241740328.jpg\",\"width\":600,\"height\":600},{\"@type\":\"BreadcrumbList\",\"@id\":\"https:\\\/\\\/ranoja.ee\\\/toode\\\/liimipustol-bgx7-7mm-usb-laetav-rapid\\\/#breadcrumb\",\"itemListElement\":[{\"@type\":\"ListItem\",\"position\":1,\"name\":\"Home\",\"item\":\"https:\\\/\\\/ranoja.ee\\\/\"},{\"@type\":\"ListItem\",\"position\":2,\"name\":\"Shop\",\"item\":\"https:\\\/\\\/ranoja.ee\\\/en\\\/shop\\\/\"},{\"@type\":\"ListItem\",\"position\":3,\"name\":\"Liimip\u00fcstol BGX7, 7mm, USB laetav, Rapid\"}]},{\"@type\":\"WebSite\",\"@id\":\"https:\\\/\\\/ranoja.ee\\\/#website\",\"url\":\"https:\\\/\\\/ranoja.ee\\\/\",\"name\":\"Ranoja\",\"description\":\"Equipment Shop WooCommerce WordPress Theme for Machine &amp; Tools\",\"publisher\":{\"@id\":\"https:\\\/\\\/ranoja.ee\\\/#organization\"},\"potentialAction\":[{\"@type\":\"SearchAction\",\"target\":{\"@type\":\"EntryPoint\",\"urlTemplate\":\"https:\\\/\\\/ranoja.ee\\\/?s={search_term_string}\"},\"query-input\":{\"@type\":\"PropertyValueSpecification\",\"valueRequired\":true,\"valueName\":\"search_term_string\"}}],\"inLanguage\":\"en-US\"},{\"@type\":\"Organization\",\"@id\":\"https:\\\/\\\/ranoja.ee\\\/#organization\",\"name\":\"Ranoja O\u00dc\",\"url\":\"https:\\\/\\\/ranoja.ee\\\/\",\"logo\":{\"@type\":\"ImageObject\",\"inLanguage\":\"en-US\",\"@id\":\"https:\\\/\\\/ranoja.ee\\\/#\\\/schema\\\/logo\\\/image\\\/\",\"url\":\"https:\\\/\\\/ranoja.ee\\\/wp-content\\\/uploads\\\/2023\\\/11\\\/ranoja-Logo.png\",\"contentUrl\":\"https:\\\/\\\/ranoja.ee\\\/wp-content\\\/uploads\\\/2023\\\/11\\\/ranoja-Logo.png\",\"width\":207,\"height\":58,\"caption\":\"Ranoja O\u00dc\"},\"image\":{\"@id\":\"https:\\\/\\\/ranoja.ee\\\/#\\\/schema\\\/logo\\\/image\\\/\"},\"sameAs\":[\"https:\\\/\\\/www.facebook.com\\\/ranoja.ee\",\"https:\\\/\\\/www.instagram.com\\\/ranoja__\\\/\"]}]}<\/script>\n<!-- \/ Yoast SEO plugin. -->","yoast_head_json":{"title":"Liimip\u00fcstol BGX7, 7mm, USB laetav, Rapid - Ranoja","robots":{"index":"index","follow":"follow","max-snippet":"max-snippet:-1","max-image-preview":"max-image-preview:large","max-video-preview":"max-video-preview:-1"},"canonical":"https:\/\/ranoja.ee\/toode\/liimipustol-bgx7-7mm-usb-laetav-rapid\/","og_locale":"en_US","og_type":"article","og_title":"Liimip\u00fcstol BGX7, 7mm, USB laetav, Rapid - Ranoja","og_description":"BGX7 on juhtmeta liimip\u00fcstol, mis sobib ideaalselt nii kunsti ja k\u00e4sit\u00f6\u00f6 kui ka pisiparanduste tegemiseks. See t\u00f6\u00f6tab laadimist vajamata efektiivselt 30 minutit ja kuumeneb vaid 20 sekundiga. P\u00fcstolil on mugav automaatne v\u00e4ljal\u00fclitusfunktsioon, mis s\u00e4\u00e4stab akut ja suurendab ohutust, tagades, et seade ei j\u00e4\u00e4 kogemata sissel\u00fclitatuks. Nutikas ergonoomika, sealhulgas pehme k\u00e4epide ja pikk kummeeritud p\u00e4\u00e4stik, optimeerib kasutusmugavust ja -lihtsust, kummist alus suurendab stabiilsust, kui p\u00fcstol seisab t\u00f6\u00f6pinnal. P\u00fcstolil BGX7 on 3,6 V aku, mida saab mugava mikro-USB-pordi kaudu uuesti laadida v\u00e4hem kui kahe tunniga. 7 mm liimipulkadele 150 g\/h liimiv\u00e4ljund T\u00f6\u00f6tab laadimata kuni 30 minutit Kuumeneb vaid 20 sekundiga Kasutusvalmiduse m\u00e4rgutuli Automaatne v\u00e4ljal\u00fclitusfunktsioon pikendab aku t\u00f6\u00f6iga ja suurendab turvalisust 3,6 V liitiumioonaku, laetav mikro-USB-ga (komplektis) 2,5 h laadimine t\u00fchjast t\u00e4is Pehme haarduvusega ergonoomiline k\u00e4epide ja p\u00e4\u00e4stiku optimaalne mugavus Reguleeritav alus liimimiseks parimas asendis Stabiilne kummialus 2-aastane garantii","og_url":"https:\/\/ranoja.ee\/toode\/liimipustol-bgx7-7mm-usb-laetav-rapid\/","og_site_name":"Ranoja","article_publisher":"https:\/\/www.facebook.com\/ranoja.ee","article_modified_time":"2026-03-17T12:36:05+00:00","og_image":[{"width":600,"height":600,"url":"https:\/\/ranoja.ee\/wp-content\/uploads\/2026\/03\/241740328.jpg","type":"image\/jpeg"}],"twitter_card":"summary_large_image","schema":{"@context":"https:\/\/schema.org","@graph":[{"@type":"WebPage","@id":"https:\/\/ranoja.ee\/toode\/liimipustol-bgx7-7mm-usb-laetav-rapid\/","url":"https:\/\/ranoja.ee\/toode\/liimipustol-bgx7-7mm-usb-laetav-rapid\/","name":"Liimip\u00fcstol BGX7, 7mm, USB laetav, Rapid - Ranoja","isPartOf":{"@id":"https:\/\/ranoja.ee\/#website"},"primaryImageOfPage":{"@id":"https:\/\/ranoja.ee\/toode\/liimipustol-bgx7-7mm-usb-laetav-rapid\/#primaryimage"},"image":{"@id":"https:\/\/ranoja.ee\/toode\/liimipustol-bgx7-7mm-usb-laetav-rapid\/#primaryimage"},"thumbnailUrl":"https:\/\/ranoja.ee\/wp-content\/uploads\/2026\/03\/241740328.jpg","datePublished":"2026-03-16T23:34:29+00:00","dateModified":"2026-03-17T12:36:05+00:00","breadcrumb":{"@id":"https:\/\/ranoja.ee\/toode\/liimipustol-bgx7-7mm-usb-laetav-rapid\/#breadcrumb"},"inLanguage":"en-US","potentialAction":[{"@type":"ReadAction","target":["https:\/\/ranoja.ee\/toode\/liimipustol-bgx7-7mm-usb-laetav-rapid\/"]}]},{"@type":"ImageObject","inLanguage":"en-US","@id":"https:\/\/ranoja.ee\/toode\/liimipustol-bgx7-7mm-usb-laetav-rapid\/#primaryimage","url":"https:\/\/ranoja.ee\/wp-content\/uploads\/2026\/03\/241740328.jpg","contentUrl":"https:\/\/ranoja.ee\/wp-content\/uploads\/2026\/03\/241740328.jpg","width":600,"height":600},{"@type":"BreadcrumbList","@id":"https:\/\/ranoja.ee\/toode\/liimipustol-bgx7-7mm-usb-laetav-rapid\/#breadcrumb","itemListElement":[{"@type":"ListItem","position":1,"name":"Home","item":"https:\/\/ranoja.ee\/"},{"@type":"ListItem","position":2,"name":"Shop","item":"https:\/\/ranoja.ee\/en\/shop\/"},{"@type":"ListItem","position":3,"name":"Liimip\u00fcstol BGX7, 7mm, USB laetav, Rapid"}]},{"@type":"WebSite","@id":"https:\/\/ranoja.ee\/#website","url":"https:\/\/ranoja.ee\/","name":"Ranoja","description":"Equipment Shop WooCommerce WordPress Theme for Machine &amp; Tools","publisher":{"@id":"https:\/\/ranoja.ee\/#organization"},"potentialAction":[{"@type":"SearchAction","target":{"@type":"EntryPoint","urlTemplate":"https:\/\/ranoja.ee\/?s={search_term_string}"},"query-input":{"@type":"PropertyValueSpecification","valueRequired":true,"valueName":"search_term_string"}}],"inLanguage":"en-US"},{"@type":"Organization","@id":"https:\/\/ranoja.ee\/#organization","name":"Ranoja O\u00dc","url":"https:\/\/ranoja.ee\/","logo":{"@type":"ImageObject","inLanguage":"en-US","@id":"https:\/\/ranoja.ee\/#\/schema\/logo\/image\/","url":"https:\/\/ranoja.ee\/wp-content\/uploads\/2023\/11\/ranoja-Logo.png","contentUrl":"https:\/\/ranoja.ee\/wp-content\/uploads\/2023\/11\/ranoja-Logo.png","width":207,"height":58,"caption":"Ranoja O\u00dc"},"image":{"@id":"https:\/\/ranoja.ee\/#\/schema\/logo\/image\/"},"sameAs":["https:\/\/www.facebook.com\/ranoja.ee","https:\/\/www.instagram.com\/ranoja__\/"]}]}},"_links":{"self":[{"href":"https:\/\/ranoja.ee\/en\/wp-json\/wp\/v2\/product\/61912","targetHints":{"allow":["GET"]}}],"collection":[{"href":"https:\/\/ranoja.ee\/en\/wp-json\/wp\/v2\/product"}],"about":[{"href":"https:\/\/ranoja.ee\/en\/wp-json\/wp\/v2\/types\/product"}],"wp:featuredmedia":[{"embeddable":true,"href":"https:\/\/ranoja.ee\/en\/wp-json\/wp\/v2\/media\/61913"}],"wp:attachment":[{"href":"https:\/\/ranoja.ee\/en\/wp-json\/wp\/v2\/media?parent=61912"}],"wp:term":[{"taxonomy":"product_cat","embeddable":true,"href":"https:\/\/ranoja.ee\/en\/wp-json\/wp\/v2\/product_cat?post=61912"},{"taxonomy":"product_tag","embeddable":true,"href":"https:\/\/ranoja.ee\/en\/wp-json\/wp\/v2\/product_tag?post=61912"}],"curies":[{"name":"wp","href":"https:\/\/api.w.org\/{rel}","templated":true}]}}