{"id":61900,"date":"2026-03-17T02:34:11","date_gmt":"2026-03-16T23:34:11","guid":{"rendered":"https:\/\/ranoja.ee\/toode\/transmissioonioli-epg-68-20l-valvoline\/"},"modified":"2026-03-17T15:36:06","modified_gmt":"2026-03-17T12:36:06","slug":"transmissioonioli-epg-68-20l-valvoline","status":"publish","type":"product","link":"https:\/\/ranoja.ee\/en\/toode\/transmissioonioli-epg-68-20l-valvoline\/","title":{"rendered":"Transmissiooni\u00f5li EPG 68 20L, Valvoline"},"content":{"rendered":"","protected":false},"excerpt":{"rendered":"<p>Valvoline Extreme Pressure Gear (E.P.G.) Oil 68 on kvaliteetne \u00f5li, mis on valmistatud lahustivabadest mineraal\u00f5lidest, millel on loomulikult k\u00f5rge viskoossusindeks ja lisandid, mis tagavad suurep\u00e4rased t\u00f6\u00f6omadused. Spetsiaalselt valitud v\u00e4\u00e4vli-fosfori lisandite kasutamine tagab suurep\u00e4rase EP-kaitse.<\/p>\n<p>Kasutusalad:<br \/>\nSobib suletud k\u00e4igukastide m\u00e4\u00e4rimiseks, mis t\u00f6\u00f6tavad suure ja l\u00f6\u00f6gikoormuse all ning k\u00f5rgendatud v\u00f5i madalatel t\u00f6\u00f6temperatuuridel. Seda kasutatakse suletud ussik\u00e4igukastide m\u00e4\u00e4rimiseks, mis t\u00f6\u00f6tavad suure ja l\u00f6\u00f6gikoormuse tingimustes ning k\u00f5rgendatud v\u00f5i madalatel t\u00f6\u00f6temperatuuridel.<br \/>\nSobib tsirkulatsioonis\u00fcsteemides hammas\u00fclekannete, liug- ja rull-laagrite m\u00e4\u00e4rimiseks.<br \/>\nJ\u00f5udlustasemed<br \/>\nAGMA 9005-F16<br \/>\nISO 12925-1 CKC\/CKD\/CKE<br \/>\nDanieli 0.000.001 Rev 15 CKC<br \/>\nDavid Brown S1.53.101 T\u00fc\u00fcp E<br \/>\nDIN 51517-3<br \/>\nFives Cincinnati EP k\u00e4igukasti\u00f5lid<br \/>\nFlender GmbH<br \/>\nGM LS2 EP k\u00e4igukasti\u00f5lid<br \/>\nRENK 36011-11 (2012)<br \/>\nSchaeffler FAG Samm 1\u20134<br \/>\nSchuler Pressem GmbH DT 55 005 V\u00e4ljaanne 1<br \/>\n(2013)<br \/>\nSMS Group SN 180-3<br \/>\nU.S. Steel 224<br \/>\nZF TE-ML 04H<br \/>\nZF Witten ZFN-W-17-145<\/p>\n","protected":false},"featured_media":61901,"template":"","meta":{"inline_featured_image":false},"product_cat":[5012,5350,5093],"product_tag":[],"class_list":{"0":"post-61900","1":"product","2":"type-product","3":"status-publish","4":"has-post-thumbnail","6":"product_brand-valvoline","7":"product_cat-olid-ja-maardeained","8":"product_cat-reduktoriolid","9":"product_cat-toostusolid","11":"first","12":"instock","13":"purchasable","14":"product-type-simple"},"yoast_head":"<!-- This site is optimized with the Yoast SEO plugin v27.4 - https:\/\/yoast.com\/product\/yoast-seo-wordpress\/ -->\n<title>Transmissiooni\u00f5li EPG 68 20L, Valvoline - Ranoja<\/title>\n<meta name=\"robots\" content=\"index, follow, max-snippet:-1, max-image-preview:large, max-video-preview:-1\" \/>\n<link rel=\"canonical\" href=\"https:\/\/ranoja.ee\/toode\/transmissioonioli-epg-68-20l-valvoline\/\" \/>\n<meta property=\"og:locale\" content=\"en_US\" \/>\n<meta property=\"og:type\" content=\"article\" \/>\n<meta property=\"og:title\" content=\"Transmissiooni\u00f5li EPG 68 20L, Valvoline - Ranoja\" \/>\n<meta property=\"og:description\" content=\"Valvoline Extreme Pressure Gear (E.P.G.) Oil 68 on kvaliteetne \u00f5li, mis on valmistatud lahustivabadest mineraal\u00f5lidest, millel on loomulikult k\u00f5rge viskoossusindeks ja lisandid, mis tagavad suurep\u00e4rased t\u00f6\u00f6omadused. Spetsiaalselt valitud v\u00e4\u00e4vli-fosfori lisandite kasutamine tagab suurep\u00e4rase EP-kaitse. Kasutusalad: Sobib suletud k\u00e4igukastide m\u00e4\u00e4rimiseks, mis t\u00f6\u00f6tavad suure ja l\u00f6\u00f6gikoormuse all ning k\u00f5rgendatud v\u00f5i madalatel t\u00f6\u00f6temperatuuridel. Seda kasutatakse suletud ussik\u00e4igukastide m\u00e4\u00e4rimiseks, mis t\u00f6\u00f6tavad suure ja l\u00f6\u00f6gikoormuse tingimustes ning k\u00f5rgendatud v\u00f5i madalatel t\u00f6\u00f6temperatuuridel. Sobib tsirkulatsioonis\u00fcsteemides hammas\u00fclekannete, liug- ja rull-laagrite m\u00e4\u00e4rimiseks. J\u00f5udlustasemed AGMA 9005-F16 ISO 12925-1 CKC\/CKD\/CKE Danieli 0.000.001 Rev 15 CKC David Brown S1.53.101 T\u00fc\u00fcp E DIN 51517-3 Fives Cincinnati EP k\u00e4igukasti\u00f5lid Flender GmbH GM LS2 EP k\u00e4igukasti\u00f5lid RENK 36011-11 (2012) Schaeffler FAG Samm 1\u20134 Schuler Pressem GmbH DT 55 005 V\u00e4ljaanne 1 (2013) SMS Group SN 180-3 U.S. Steel 224 ZF TE-ML 04H ZF Witten ZFN-W-17-145\" \/>\n<meta property=\"og:url\" content=\"https:\/\/ranoja.ee\/toode\/transmissioonioli-epg-68-20l-valvoline\/\" \/>\n<meta property=\"og:site_name\" content=\"Ranoja\" \/>\n<meta property=\"article:publisher\" content=\"https:\/\/www.facebook.com\/ranoja.ee\" \/>\n<meta property=\"article:modified_time\" content=\"2026-03-17T12:36:06+00:00\" \/>\n<meta property=\"og:image\" content=\"https:\/\/ranoja.ee\/wp-content\/uploads\/2026\/03\/5637886877.jpg\" \/>\n\t<meta property=\"og:image:width\" content=\"893\" \/>\n\t<meta property=\"og:image:height\" content=\"900\" \/>\n\t<meta property=\"og:image:type\" content=\"image\/jpeg\" \/>\n<meta name=\"twitter:card\" content=\"summary_large_image\" \/>\n<script type=\"application\/ld+json\" class=\"yoast-schema-graph\">{\"@context\":\"https:\\\/\\\/schema.org\",\"@graph\":[{\"@type\":\"WebPage\",\"@id\":\"https:\\\/\\\/ranoja.ee\\\/toode\\\/transmissioonioli-epg-68-20l-valvoline\\\/\",\"url\":\"https:\\\/\\\/ranoja.ee\\\/toode\\\/transmissioonioli-epg-68-20l-valvoline\\\/\",\"name\":\"Transmissiooni\u00f5li EPG 68 20L, Valvoline - Ranoja\",\"isPartOf\":{\"@id\":\"https:\\\/\\\/ranoja.ee\\\/#website\"},\"primaryImageOfPage\":{\"@id\":\"https:\\\/\\\/ranoja.ee\\\/toode\\\/transmissioonioli-epg-68-20l-valvoline\\\/#primaryimage\"},\"image\":{\"@id\":\"https:\\\/\\\/ranoja.ee\\\/toode\\\/transmissioonioli-epg-68-20l-valvoline\\\/#primaryimage\"},\"thumbnailUrl\":\"https:\\\/\\\/ranoja.ee\\\/wp-content\\\/uploads\\\/2026\\\/03\\\/5637886877.jpg\",\"datePublished\":\"2026-03-16T23:34:11+00:00\",\"dateModified\":\"2026-03-17T12:36:06+00:00\",\"breadcrumb\":{\"@id\":\"https:\\\/\\\/ranoja.ee\\\/toode\\\/transmissioonioli-epg-68-20l-valvoline\\\/#breadcrumb\"},\"inLanguage\":\"en-US\",\"potentialAction\":[{\"@type\":\"ReadAction\",\"target\":[\"https:\\\/\\\/ranoja.ee\\\/toode\\\/transmissioonioli-epg-68-20l-valvoline\\\/\"]}]},{\"@type\":\"ImageObject\",\"inLanguage\":\"en-US\",\"@id\":\"https:\\\/\\\/ranoja.ee\\\/toode\\\/transmissioonioli-epg-68-20l-valvoline\\\/#primaryimage\",\"url\":\"https:\\\/\\\/ranoja.ee\\\/wp-content\\\/uploads\\\/2026\\\/03\\\/5637886877.jpg\",\"contentUrl\":\"https:\\\/\\\/ranoja.ee\\\/wp-content\\\/uploads\\\/2026\\\/03\\\/5637886877.jpg\",\"width\":893,\"height\":900},{\"@type\":\"BreadcrumbList\",\"@id\":\"https:\\\/\\\/ranoja.ee\\\/toode\\\/transmissioonioli-epg-68-20l-valvoline\\\/#breadcrumb\",\"itemListElement\":[{\"@type\":\"ListItem\",\"position\":1,\"name\":\"Home\",\"item\":\"https:\\\/\\\/ranoja.ee\\\/\"},{\"@type\":\"ListItem\",\"position\":2,\"name\":\"Shop\",\"item\":\"https:\\\/\\\/ranoja.ee\\\/en\\\/shop\\\/\"},{\"@type\":\"ListItem\",\"position\":3,\"name\":\"Transmissiooni\u00f5li EPG 68 20L, Valvoline\"}]},{\"@type\":\"WebSite\",\"@id\":\"https:\\\/\\\/ranoja.ee\\\/#website\",\"url\":\"https:\\\/\\\/ranoja.ee\\\/\",\"name\":\"Ranoja\",\"description\":\"Equipment Shop WooCommerce WordPress Theme for Machine &amp; Tools\",\"publisher\":{\"@id\":\"https:\\\/\\\/ranoja.ee\\\/#organization\"},\"potentialAction\":[{\"@type\":\"SearchAction\",\"target\":{\"@type\":\"EntryPoint\",\"urlTemplate\":\"https:\\\/\\\/ranoja.ee\\\/?s={search_term_string}\"},\"query-input\":{\"@type\":\"PropertyValueSpecification\",\"valueRequired\":true,\"valueName\":\"search_term_string\"}}],\"inLanguage\":\"en-US\"},{\"@type\":\"Organization\",\"@id\":\"https:\\\/\\\/ranoja.ee\\\/#organization\",\"name\":\"Ranoja O\u00dc\",\"url\":\"https:\\\/\\\/ranoja.ee\\\/\",\"logo\":{\"@type\":\"ImageObject\",\"inLanguage\":\"en-US\",\"@id\":\"https:\\\/\\\/ranoja.ee\\\/#\\\/schema\\\/logo\\\/image\\\/\",\"url\":\"https:\\\/\\\/ranoja.ee\\\/wp-content\\\/uploads\\\/2023\\\/11\\\/ranoja-Logo.png\",\"contentUrl\":\"https:\\\/\\\/ranoja.ee\\\/wp-content\\\/uploads\\\/2023\\\/11\\\/ranoja-Logo.png\",\"width\":207,\"height\":58,\"caption\":\"Ranoja O\u00dc\"},\"image\":{\"@id\":\"https:\\\/\\\/ranoja.ee\\\/#\\\/schema\\\/logo\\\/image\\\/\"},\"sameAs\":[\"https:\\\/\\\/www.facebook.com\\\/ranoja.ee\",\"https:\\\/\\\/www.instagram.com\\\/ranoja__\\\/\"]}]}<\/script>\n<!-- \/ Yoast SEO plugin. -->","yoast_head_json":{"title":"Transmissiooni\u00f5li EPG 68 20L, Valvoline - Ranoja","robots":{"index":"index","follow":"follow","max-snippet":"max-snippet:-1","max-image-preview":"max-image-preview:large","max-video-preview":"max-video-preview:-1"},"canonical":"https:\/\/ranoja.ee\/toode\/transmissioonioli-epg-68-20l-valvoline\/","og_locale":"en_US","og_type":"article","og_title":"Transmissiooni\u00f5li EPG 68 20L, Valvoline - Ranoja","og_description":"Valvoline Extreme Pressure Gear (E.P.G.) Oil 68 on kvaliteetne \u00f5li, mis on valmistatud lahustivabadest mineraal\u00f5lidest, millel on loomulikult k\u00f5rge viskoossusindeks ja lisandid, mis tagavad suurep\u00e4rased t\u00f6\u00f6omadused. Spetsiaalselt valitud v\u00e4\u00e4vli-fosfori lisandite kasutamine tagab suurep\u00e4rase EP-kaitse. Kasutusalad: Sobib suletud k\u00e4igukastide m\u00e4\u00e4rimiseks, mis t\u00f6\u00f6tavad suure ja l\u00f6\u00f6gikoormuse all ning k\u00f5rgendatud v\u00f5i madalatel t\u00f6\u00f6temperatuuridel. Seda kasutatakse suletud ussik\u00e4igukastide m\u00e4\u00e4rimiseks, mis t\u00f6\u00f6tavad suure ja l\u00f6\u00f6gikoormuse tingimustes ning k\u00f5rgendatud v\u00f5i madalatel t\u00f6\u00f6temperatuuridel. Sobib tsirkulatsioonis\u00fcsteemides hammas\u00fclekannete, liug- ja rull-laagrite m\u00e4\u00e4rimiseks. J\u00f5udlustasemed AGMA 9005-F16 ISO 12925-1 CKC\/CKD\/CKE Danieli 0.000.001 Rev 15 CKC David Brown S1.53.101 T\u00fc\u00fcp E DIN 51517-3 Fives Cincinnati EP k\u00e4igukasti\u00f5lid Flender GmbH GM LS2 EP k\u00e4igukasti\u00f5lid RENK 36011-11 (2012) Schaeffler FAG Samm 1\u20134 Schuler Pressem GmbH DT 55 005 V\u00e4ljaanne 1 (2013) SMS Group SN 180-3 U.S. Steel 224 ZF TE-ML 04H ZF Witten ZFN-W-17-145","og_url":"https:\/\/ranoja.ee\/toode\/transmissioonioli-epg-68-20l-valvoline\/","og_site_name":"Ranoja","article_publisher":"https:\/\/www.facebook.com\/ranoja.ee","article_modified_time":"2026-03-17T12:36:06+00:00","og_image":[{"width":893,"height":900,"url":"https:\/\/ranoja.ee\/wp-content\/uploads\/2026\/03\/5637886877.jpg","type":"image\/jpeg"}],"twitter_card":"summary_large_image","schema":{"@context":"https:\/\/schema.org","@graph":[{"@type":"WebPage","@id":"https:\/\/ranoja.ee\/toode\/transmissioonioli-epg-68-20l-valvoline\/","url":"https:\/\/ranoja.ee\/toode\/transmissioonioli-epg-68-20l-valvoline\/","name":"Transmissiooni\u00f5li EPG 68 20L, Valvoline - Ranoja","isPartOf":{"@id":"https:\/\/ranoja.ee\/#website"},"primaryImageOfPage":{"@id":"https:\/\/ranoja.ee\/toode\/transmissioonioli-epg-68-20l-valvoline\/#primaryimage"},"image":{"@id":"https:\/\/ranoja.ee\/toode\/transmissioonioli-epg-68-20l-valvoline\/#primaryimage"},"thumbnailUrl":"https:\/\/ranoja.ee\/wp-content\/uploads\/2026\/03\/5637886877.jpg","datePublished":"2026-03-16T23:34:11+00:00","dateModified":"2026-03-17T12:36:06+00:00","breadcrumb":{"@id":"https:\/\/ranoja.ee\/toode\/transmissioonioli-epg-68-20l-valvoline\/#breadcrumb"},"inLanguage":"en-US","potentialAction":[{"@type":"ReadAction","target":["https:\/\/ranoja.ee\/toode\/transmissioonioli-epg-68-20l-valvoline\/"]}]},{"@type":"ImageObject","inLanguage":"en-US","@id":"https:\/\/ranoja.ee\/toode\/transmissioonioli-epg-68-20l-valvoline\/#primaryimage","url":"https:\/\/ranoja.ee\/wp-content\/uploads\/2026\/03\/5637886877.jpg","contentUrl":"https:\/\/ranoja.ee\/wp-content\/uploads\/2026\/03\/5637886877.jpg","width":893,"height":900},{"@type":"BreadcrumbList","@id":"https:\/\/ranoja.ee\/toode\/transmissioonioli-epg-68-20l-valvoline\/#breadcrumb","itemListElement":[{"@type":"ListItem","position":1,"name":"Home","item":"https:\/\/ranoja.ee\/"},{"@type":"ListItem","position":2,"name":"Shop","item":"https:\/\/ranoja.ee\/en\/shop\/"},{"@type":"ListItem","position":3,"name":"Transmissiooni\u00f5li EPG 68 20L, Valvoline"}]},{"@type":"WebSite","@id":"https:\/\/ranoja.ee\/#website","url":"https:\/\/ranoja.ee\/","name":"Ranoja","description":"Equipment Shop WooCommerce WordPress Theme for Machine &amp; Tools","publisher":{"@id":"https:\/\/ranoja.ee\/#organization"},"potentialAction":[{"@type":"SearchAction","target":{"@type":"EntryPoint","urlTemplate":"https:\/\/ranoja.ee\/?s={search_term_string}"},"query-input":{"@type":"PropertyValueSpecification","valueRequired":true,"valueName":"search_term_string"}}],"inLanguage":"en-US"},{"@type":"Organization","@id":"https:\/\/ranoja.ee\/#organization","name":"Ranoja O\u00dc","url":"https:\/\/ranoja.ee\/","logo":{"@type":"ImageObject","inLanguage":"en-US","@id":"https:\/\/ranoja.ee\/#\/schema\/logo\/image\/","url":"https:\/\/ranoja.ee\/wp-content\/uploads\/2023\/11\/ranoja-Logo.png","contentUrl":"https:\/\/ranoja.ee\/wp-content\/uploads\/2023\/11\/ranoja-Logo.png","width":207,"height":58,"caption":"Ranoja O\u00dc"},"image":{"@id":"https:\/\/ranoja.ee\/#\/schema\/logo\/image\/"},"sameAs":["https:\/\/www.facebook.com\/ranoja.ee","https:\/\/www.instagram.com\/ranoja__\/"]}]}},"_links":{"self":[{"href":"https:\/\/ranoja.ee\/en\/wp-json\/wp\/v2\/product\/61900","targetHints":{"allow":["GET"]}}],"collection":[{"href":"https:\/\/ranoja.ee\/en\/wp-json\/wp\/v2\/product"}],"about":[{"href":"https:\/\/ranoja.ee\/en\/wp-json\/wp\/v2\/types\/product"}],"wp:featuredmedia":[{"embeddable":true,"href":"https:\/\/ranoja.ee\/en\/wp-json\/wp\/v2\/media\/61901"}],"wp:attachment":[{"href":"https:\/\/ranoja.ee\/en\/wp-json\/wp\/v2\/media?parent=61900"}],"wp:term":[{"taxonomy":"product_cat","embeddable":true,"href":"https:\/\/ranoja.ee\/en\/wp-json\/wp\/v2\/product_cat?post=61900"},{"taxonomy":"product_tag","embeddable":true,"href":"https:\/\/ranoja.ee\/en\/wp-json\/wp\/v2\/product_tag?post=61900"}],"curies":[{"name":"wp","href":"https:\/\/api.w.org\/{rel}","templated":true}]}}