{"id":6190,"date":"2023-09-29T13:37:52","date_gmt":"2023-09-29T10:37:52","guid":{"rendered":"https:\/\/www.ranoja.ee\/?post_type=product&#038;p=6190"},"modified":"2025-12-10T16:10:38","modified_gmt":"2025-12-10T13:10:38","slug":"autoline-juhtmestik-uhele-tulele-2","status":"publish","type":"product","link":"https:\/\/ranoja.ee\/en\/toode\/autoline-juhtmestik-uhele-tulele-2\/","title":{"rendered":"AUTOLINE juhtmestik \u00fchele tulele"},"content":{"rendered":"<p>AUTOLINE juhtmestik \u00fchele tulele <\/p>\n<p>Juhtmekomplekt, m\u00f5eldud \u00fche LED-lisatule \u00fchendamiseks aku- ja juhtimiss\u00fcsteemiga. See on varustatud 12 V releega, mille maksimaalne lubatud koormus on 320 W. See tagab t\u00f6\u00f6kindluse ja v\u00f5imaluse \u00fchendada isegi v\u00f5imsamaid LED-tulesid. <\/p>\n<p>Komplekt kasutab DTP-pistikut \u00fchenduseks, mis on laialdaselt kasutatav t\u00f6\u00f6stuslik ja automaatne kontaktliides. Mis tagab usaldusv\u00e4\u00e4rse ning korrosioonikindla \u00fchenduse. <\/p>\n<p>Juhtmed on projekteeritud temperatuurivahemikus \u201340 \u00b0C kuni +150 \u00b0C. Mis t\u00e4hendab, et need taluvad suuri temperatuuri k\u00f5ikumisi. Sobilik rasketesse oludesse. <\/p>\n<p>Komplekt sisaldab k\u00f5iki vajalikke \u00fchendusi aku ja LED-tuledeni viimiseks: juhtmed, kaitse (fuse), relee, DTP-liidese \u2014 terviklik lahendus valgusti paigaldamiseks. <\/p>\n<p>Paigaldamisel v\u00f5imaldab see juhtmekomplekt lihtsat ja turvalist \u00fchendamist \u2014 tavaliselt paigaldatakse see aku plussi (positiivne), l\u00e4bi relee ning sulavkaitsega, millelt l\u00e4heb edasi LED-tulele. See lahendus aitab v\u00e4ltida juhtmete liigset kuumenemist ja kaitseb s\u00fcsteemi l\u00fchiste eest.<\/p>\n<p>Kokkuv\u00f5te:<\/p>\n<p>1605-WK021 on kvaliteetne ja vastupidav juhtmekomplekt LED-valgustitele, millel on 12 V relee, 320 W maksimaalne koormus, DTP-liides ja k\u00f5rge temperatuuri taluvus. See pakub mugavat, ohutut ja usaldusv\u00e4\u00e4rset \u00fchendust aku ja lisatuled vahel, sobides h\u00e4sti ralliautodele, maasturitele, t\u00f6\u00f6masinatele v\u00f5i mis tahes rakendusele, kus kasutatakse LED-lisatulesid.<\/p>\n<p>AUTOLINE juhtmestik \u00fchele tulele   <\/p>\n","protected":false},"excerpt":{"rendered":"<p>AUTOLINE juhtmestik \u00fchele tulele<br \/>\nPinge: 12V<br \/>\nPistiku t\u00fc\u00fcp: 2-pin DTP<br \/>\nKirjeldus: HD DTP juhtmekomplekt \u00fchele tulele.<br \/>\n12V relee, 320W max. DTP-pistik.<br \/>\nT\u00e4ielik juhtmestik akust tuledeni.<br \/>\nKaal: 226 g<br \/>\n<span style=\"color: #000000;\"><strong>Garantii 1 aasta (eraisikule 2 aastat)<\/strong><\/span><br \/>\n<strong><span style=\"color: #339966;\">ANTUD TOOTEGA SAAB TUTVUDA MEIE PAIDE ESINDUSES KOHAPEAL!<\/span><\/strong><\/p>\n","protected":false},"featured_media":6191,"template":"","meta":{"inline_featured_image":false},"product_cat":[1116,1119],"product_tag":[1001,919,916,917,918],"class_list":{"0":"post-6190","1":"product","2":"type-product","3":"status-publish","4":"has-post-thumbnail","6":"product_brand-autoline","7":"product_cat-lisaseadmed-ehitusseadmed-led-lisatuled-cb-raadiod-lallar","8":"product_cat-tulede-tarvikud","9":"product_tag-1605-wk021","10":"product_tag-autoline","11":"product_tag-lisatulede-juhtmestik","12":"product_tag-tulede-juhtmestik","13":"product_tag-uhele-tulele","15":"first","16":"instock","17":"taxable","18":"shipping-taxable","19":"purchasable","20":"product-type-simple"},"yoast_head":"<!-- This site is optimized with the Yoast SEO plugin v27.4 - https:\/\/yoast.com\/product\/yoast-seo-wordpress\/ -->\n<title>AUTOLINE juhtmestik \u00fchele tulele<\/title>\n<meta name=\"description\" content=\"AUTOLINE juhtmestik \u00fchele tulele Kaal 226 g, pinge 12V, pistiku t\u00fc\u00fcp 2-pin, DTP - pistik, HD DTP juhtmekomplekt \u00fchele tulele.\" \/>\n<meta name=\"robots\" content=\"index, follow, max-snippet:-1, max-image-preview:large, max-video-preview:-1\" \/>\n<link rel=\"canonical\" href=\"https:\/\/ranoja.ee\/toode\/autoline-juhtmestik-uhele-tulele-2\/\" \/>\n<meta property=\"og:locale\" content=\"en_US\" \/>\n<meta property=\"og:type\" content=\"article\" \/>\n<meta property=\"og:title\" content=\"AUTOLINE juhtmestik \u00fchele tulele\" \/>\n<meta property=\"og:description\" content=\"AUTOLINE juhtmestik \u00fchele tulele Kaal 226 g, pinge 12V, pistiku t\u00fc\u00fcp 2-pin, DTP - pistik, HD DTP juhtmekomplekt \u00fchele tulele.\" \/>\n<meta property=\"og:url\" content=\"https:\/\/ranoja.ee\/toode\/autoline-juhtmestik-uhele-tulele-2\/\" \/>\n<meta property=\"og:site_name\" content=\"Ranoja\" \/>\n<meta property=\"article:publisher\" content=\"https:\/\/www.facebook.com\/ranoja.ee\" \/>\n<meta property=\"article:modified_time\" content=\"2025-12-10T13:10:38+00:00\" \/>\n<meta property=\"og:image\" content=\"https:\/\/ranoja.ee\/wp-content\/uploads\/2023\/09\/Juhtmestik-uhele-tulele.jpg\" \/>\n\t<meta property=\"og:image:width\" content=\"800\" \/>\n\t<meta property=\"og:image:height\" content=\"600\" \/>\n\t<meta property=\"og:image:type\" content=\"image\/jpeg\" \/>\n<meta name=\"twitter:card\" content=\"summary_large_image\" \/>\n<meta name=\"twitter:label1\" content=\"Est. reading time\" \/>\n\t<meta name=\"twitter:data1\" content=\"1 minute\" \/>\n<script type=\"application\/ld+json\" class=\"yoast-schema-graph\">{\"@context\":\"https:\\\/\\\/schema.org\",\"@graph\":[{\"@type\":\"WebPage\",\"@id\":\"https:\\\/\\\/ranoja.ee\\\/toode\\\/autoline-juhtmestik-uhele-tulele-2\\\/\",\"url\":\"https:\\\/\\\/ranoja.ee\\\/toode\\\/autoline-juhtmestik-uhele-tulele-2\\\/\",\"name\":\"AUTOLINE juhtmestik \u00fchele tulele\",\"isPartOf\":{\"@id\":\"https:\\\/\\\/ranoja.ee\\\/#website\"},\"primaryImageOfPage\":{\"@id\":\"https:\\\/\\\/ranoja.ee\\\/toode\\\/autoline-juhtmestik-uhele-tulele-2\\\/#primaryimage\"},\"image\":{\"@id\":\"https:\\\/\\\/ranoja.ee\\\/toode\\\/autoline-juhtmestik-uhele-tulele-2\\\/#primaryimage\"},\"thumbnailUrl\":\"https:\\\/\\\/ranoja.ee\\\/wp-content\\\/uploads\\\/2023\\\/09\\\/Juhtmestik-uhele-tulele.jpg\",\"datePublished\":\"2023-09-29T10:37:52+00:00\",\"dateModified\":\"2025-12-10T13:10:38+00:00\",\"description\":\"AUTOLINE juhtmestik \u00fchele tulele Kaal 226 g, pinge 12V, pistiku t\u00fc\u00fcp 2-pin, DTP - pistik, HD DTP juhtmekomplekt \u00fchele tulele.\",\"breadcrumb\":{\"@id\":\"https:\\\/\\\/ranoja.ee\\\/toode\\\/autoline-juhtmestik-uhele-tulele-2\\\/#breadcrumb\"},\"inLanguage\":\"en-US\",\"potentialAction\":[{\"@type\":\"ReadAction\",\"target\":[\"https:\\\/\\\/ranoja.ee\\\/toode\\\/autoline-juhtmestik-uhele-tulele-2\\\/\"]}]},{\"@type\":\"ImageObject\",\"inLanguage\":\"en-US\",\"@id\":\"https:\\\/\\\/ranoja.ee\\\/toode\\\/autoline-juhtmestik-uhele-tulele-2\\\/#primaryimage\",\"url\":\"https:\\\/\\\/ranoja.ee\\\/wp-content\\\/uploads\\\/2023\\\/09\\\/Juhtmestik-uhele-tulele.jpg\",\"contentUrl\":\"https:\\\/\\\/ranoja.ee\\\/wp-content\\\/uploads\\\/2023\\\/09\\\/Juhtmestik-uhele-tulele.jpg\",\"width\":800,\"height\":600},{\"@type\":\"BreadcrumbList\",\"@id\":\"https:\\\/\\\/ranoja.ee\\\/toode\\\/autoline-juhtmestik-uhele-tulele-2\\\/#breadcrumb\",\"itemListElement\":[{\"@type\":\"ListItem\",\"position\":1,\"name\":\"Home\",\"item\":\"https:\\\/\\\/ranoja.ee\\\/\"},{\"@type\":\"ListItem\",\"position\":2,\"name\":\"Shop\",\"item\":\"https:\\\/\\\/ranoja.ee\\\/en\\\/shop\\\/\"},{\"@type\":\"ListItem\",\"position\":3,\"name\":\"AUTOLINE juhtmestik \u00fchele tulele\"}]},{\"@type\":\"WebSite\",\"@id\":\"https:\\\/\\\/ranoja.ee\\\/#website\",\"url\":\"https:\\\/\\\/ranoja.ee\\\/\",\"name\":\"Ranoja\",\"description\":\"Equipment Shop WooCommerce WordPress Theme for Machine &amp; Tools\",\"publisher\":{\"@id\":\"https:\\\/\\\/ranoja.ee\\\/#organization\"},\"potentialAction\":[{\"@type\":\"SearchAction\",\"target\":{\"@type\":\"EntryPoint\",\"urlTemplate\":\"https:\\\/\\\/ranoja.ee\\\/?s={search_term_string}\"},\"query-input\":{\"@type\":\"PropertyValueSpecification\",\"valueRequired\":true,\"valueName\":\"search_term_string\"}}],\"inLanguage\":\"en-US\"},{\"@type\":\"Organization\",\"@id\":\"https:\\\/\\\/ranoja.ee\\\/#organization\",\"name\":\"Ranoja O\u00dc\",\"url\":\"https:\\\/\\\/ranoja.ee\\\/\",\"logo\":{\"@type\":\"ImageObject\",\"inLanguage\":\"en-US\",\"@id\":\"https:\\\/\\\/ranoja.ee\\\/#\\\/schema\\\/logo\\\/image\\\/\",\"url\":\"https:\\\/\\\/ranoja.ee\\\/wp-content\\\/uploads\\\/2023\\\/11\\\/ranoja-Logo.png\",\"contentUrl\":\"https:\\\/\\\/ranoja.ee\\\/wp-content\\\/uploads\\\/2023\\\/11\\\/ranoja-Logo.png\",\"width\":207,\"height\":58,\"caption\":\"Ranoja O\u00dc\"},\"image\":{\"@id\":\"https:\\\/\\\/ranoja.ee\\\/#\\\/schema\\\/logo\\\/image\\\/\"},\"sameAs\":[\"https:\\\/\\\/www.facebook.com\\\/ranoja.ee\",\"https:\\\/\\\/www.instagram.com\\\/ranoja__\\\/\"]}]}<\/script>\n<!-- \/ Yoast SEO plugin. -->","yoast_head_json":{"title":"AUTOLINE juhtmestik \u00fchele tulele","description":"AUTOLINE juhtmestik \u00fchele tulele Kaal 226 g, pinge 12V, pistiku t\u00fc\u00fcp 2-pin, DTP - pistik, HD DTP juhtmekomplekt \u00fchele tulele.","robots":{"index":"index","follow":"follow","max-snippet":"max-snippet:-1","max-image-preview":"max-image-preview:large","max-video-preview":"max-video-preview:-1"},"canonical":"https:\/\/ranoja.ee\/toode\/autoline-juhtmestik-uhele-tulele-2\/","og_locale":"en_US","og_type":"article","og_title":"AUTOLINE juhtmestik \u00fchele tulele","og_description":"AUTOLINE juhtmestik \u00fchele tulele Kaal 226 g, pinge 12V, pistiku t\u00fc\u00fcp 2-pin, DTP - pistik, HD DTP juhtmekomplekt \u00fchele tulele.","og_url":"https:\/\/ranoja.ee\/toode\/autoline-juhtmestik-uhele-tulele-2\/","og_site_name":"Ranoja","article_publisher":"https:\/\/www.facebook.com\/ranoja.ee","article_modified_time":"2025-12-10T13:10:38+00:00","og_image":[{"width":800,"height":600,"url":"https:\/\/ranoja.ee\/wp-content\/uploads\/2023\/09\/Juhtmestik-uhele-tulele.jpg","type":"image\/jpeg"}],"twitter_card":"summary_large_image","twitter_misc":{"Est. reading time":"1 minute"},"schema":{"@context":"https:\/\/schema.org","@graph":[{"@type":"WebPage","@id":"https:\/\/ranoja.ee\/toode\/autoline-juhtmestik-uhele-tulele-2\/","url":"https:\/\/ranoja.ee\/toode\/autoline-juhtmestik-uhele-tulele-2\/","name":"AUTOLINE juhtmestik \u00fchele tulele","isPartOf":{"@id":"https:\/\/ranoja.ee\/#website"},"primaryImageOfPage":{"@id":"https:\/\/ranoja.ee\/toode\/autoline-juhtmestik-uhele-tulele-2\/#primaryimage"},"image":{"@id":"https:\/\/ranoja.ee\/toode\/autoline-juhtmestik-uhele-tulele-2\/#primaryimage"},"thumbnailUrl":"https:\/\/ranoja.ee\/wp-content\/uploads\/2023\/09\/Juhtmestik-uhele-tulele.jpg","datePublished":"2023-09-29T10:37:52+00:00","dateModified":"2025-12-10T13:10:38+00:00","description":"AUTOLINE juhtmestik \u00fchele tulele Kaal 226 g, pinge 12V, pistiku t\u00fc\u00fcp 2-pin, DTP - pistik, HD DTP juhtmekomplekt \u00fchele tulele.","breadcrumb":{"@id":"https:\/\/ranoja.ee\/toode\/autoline-juhtmestik-uhele-tulele-2\/#breadcrumb"},"inLanguage":"en-US","potentialAction":[{"@type":"ReadAction","target":["https:\/\/ranoja.ee\/toode\/autoline-juhtmestik-uhele-tulele-2\/"]}]},{"@type":"ImageObject","inLanguage":"en-US","@id":"https:\/\/ranoja.ee\/toode\/autoline-juhtmestik-uhele-tulele-2\/#primaryimage","url":"https:\/\/ranoja.ee\/wp-content\/uploads\/2023\/09\/Juhtmestik-uhele-tulele.jpg","contentUrl":"https:\/\/ranoja.ee\/wp-content\/uploads\/2023\/09\/Juhtmestik-uhele-tulele.jpg","width":800,"height":600},{"@type":"BreadcrumbList","@id":"https:\/\/ranoja.ee\/toode\/autoline-juhtmestik-uhele-tulele-2\/#breadcrumb","itemListElement":[{"@type":"ListItem","position":1,"name":"Home","item":"https:\/\/ranoja.ee\/"},{"@type":"ListItem","position":2,"name":"Shop","item":"https:\/\/ranoja.ee\/en\/shop\/"},{"@type":"ListItem","position":3,"name":"AUTOLINE juhtmestik \u00fchele tulele"}]},{"@type":"WebSite","@id":"https:\/\/ranoja.ee\/#website","url":"https:\/\/ranoja.ee\/","name":"Ranoja","description":"Equipment Shop WooCommerce WordPress Theme for Machine &amp; Tools","publisher":{"@id":"https:\/\/ranoja.ee\/#organization"},"potentialAction":[{"@type":"SearchAction","target":{"@type":"EntryPoint","urlTemplate":"https:\/\/ranoja.ee\/?s={search_term_string}"},"query-input":{"@type":"PropertyValueSpecification","valueRequired":true,"valueName":"search_term_string"}}],"inLanguage":"en-US"},{"@type":"Organization","@id":"https:\/\/ranoja.ee\/#organization","name":"Ranoja O\u00dc","url":"https:\/\/ranoja.ee\/","logo":{"@type":"ImageObject","inLanguage":"en-US","@id":"https:\/\/ranoja.ee\/#\/schema\/logo\/image\/","url":"https:\/\/ranoja.ee\/wp-content\/uploads\/2023\/11\/ranoja-Logo.png","contentUrl":"https:\/\/ranoja.ee\/wp-content\/uploads\/2023\/11\/ranoja-Logo.png","width":207,"height":58,"caption":"Ranoja O\u00dc"},"image":{"@id":"https:\/\/ranoja.ee\/#\/schema\/logo\/image\/"},"sameAs":["https:\/\/www.facebook.com\/ranoja.ee","https:\/\/www.instagram.com\/ranoja__\/"]}]}},"_links":{"self":[{"href":"https:\/\/ranoja.ee\/en\/wp-json\/wp\/v2\/product\/6190","targetHints":{"allow":["GET"]}}],"collection":[{"href":"https:\/\/ranoja.ee\/en\/wp-json\/wp\/v2\/product"}],"about":[{"href":"https:\/\/ranoja.ee\/en\/wp-json\/wp\/v2\/types\/product"}],"wp:featuredmedia":[{"embeddable":true,"href":"https:\/\/ranoja.ee\/en\/wp-json\/wp\/v2\/media\/6191"}],"wp:attachment":[{"href":"https:\/\/ranoja.ee\/en\/wp-json\/wp\/v2\/media?parent=6190"}],"wp:term":[{"taxonomy":"product_cat","embeddable":true,"href":"https:\/\/ranoja.ee\/en\/wp-json\/wp\/v2\/product_cat?post=6190"},{"taxonomy":"product_tag","embeddable":true,"href":"https:\/\/ranoja.ee\/en\/wp-json\/wp\/v2\/product_tag?post=6190"}],"curies":[{"name":"wp","href":"https:\/\/api.w.org\/{rel}","templated":true}]}}