{"id":61882,"date":"2026-03-17T02:34:11","date_gmt":"2026-03-16T23:34:11","guid":{"rendered":"https:\/\/ranoja.ee\/toode\/maare-hutplex-wr-2-17kg-orlen-oil\/"},"modified":"2026-03-17T15:36:06","modified_gmt":"2026-03-17T12:36:06","slug":"maare-hutplex-wr-2-17kg-orlen-oil","status":"publish","type":"product","link":"https:\/\/ranoja.ee\/en\/toode\/maare-hutplex-wr-2-17kg-orlen-oil\/","title":{"rendered":"M\u00e4\u00e4re Hutplex WR-2 17kg, Orlen Oil"},"content":{"rendered":"","protected":false},"excerpt":{"rendered":"<p>Mitmeotstarbeline HUTPLEX WR on erakordse nakkuvusega m\u00e4\u00e4re, millel on k\u00f5rge mehaaniline ja termiline vastupidavus, samuti vastupidavus veele ja v\u00e4listingimustes korrodeerivale toimele. Kaltsiumsulfonaat tahkesti sisaldus tagab ainulaadsed kulumisvastased omadused, \u00e4\u00e4rmise survekindluse ja suurep\u00e4rased korrosioonivastased omadused soolaudu ja kuuma veega keskkondades.<br \/>\nRAKENDUS:<br \/>\nK\u00f5rge temperatuuritaluvusega kaltsiumsulfonaatm\u00e4\u00e4rded HUTPLEX WR on ette n\u00e4htud metallurgiat\u00f6\u00f6stuse masinaosade, eelk\u00f5ige valtspinkide laagrite ja muude k\u00f5rge temperatuuriga h\u00f5\u00f5rdepaaride m\u00e4\u00e4rimiseks. Suurep\u00e4rase termilise stabiilsusega saavad HUTPLEX WR m\u00e4\u00e4rdeained tagasi oma esialgse struktuuri<br \/>\np\u00e4rast \u00fcmbritseva \u00f5hutemperatuuri taastumist. Need sobivad ideaalselt masinaosade ja seadmete m\u00e4\u00e4rimiseks vase ja kivis\u00f6e kaevandamisel, tsemenditehastes, teraset\u00f6\u00f6stuses, rasket\u00f6\u00f6stuses ning k\u00f5ikides h\u00f5\u00f5rdepaarides, mis puutuvad kokku ekstreemsete koormuste ja veega ning n\u00f5uavad maksimaalset korrosioonivastast kaitset.<br \/>\nSPETSIFIKATSIOONID:<br \/>\nISO 6743\/9: L\u00adX\u00adBFIB\u00ad2<br \/>\nKasutustemepratuuri vahemik \u00ad-25 &#8211; 180 C<\/p>\n","protected":false},"featured_media":61883,"template":"","meta":{"inline_featured_image":false},"product_cat":[5052,5013,5012],"product_tag":[],"class_list":{"0":"post-61882","1":"product","2":"type-product","3":"status-publish","4":"has-post-thumbnail","6":"product_brand-orlen-oil","7":"product_cat-kaltsiummaarded","8":"product_cat-maarded","9":"product_cat-olid-ja-maardeained","11":"first","12":"instock","13":"purchasable","14":"product-type-simple"},"yoast_head":"<!-- This site is optimized with the Yoast SEO plugin v27.4 - https:\/\/yoast.com\/product\/yoast-seo-wordpress\/ -->\n<title>M\u00e4\u00e4re Hutplex WR-2 17kg, Orlen Oil - Ranoja<\/title>\n<meta name=\"robots\" content=\"index, follow, max-snippet:-1, max-image-preview:large, max-video-preview:-1\" \/>\n<link rel=\"canonical\" href=\"https:\/\/ranoja.ee\/toode\/maare-hutplex-wr-2-17kg-orlen-oil\/\" \/>\n<meta property=\"og:locale\" content=\"en_US\" \/>\n<meta property=\"og:type\" content=\"article\" \/>\n<meta property=\"og:title\" content=\"M\u00e4\u00e4re Hutplex WR-2 17kg, Orlen Oil - Ranoja\" \/>\n<meta property=\"og:description\" content=\"Mitmeotstarbeline HUTPLEX WR on erakordse nakkuvusega m\u00e4\u00e4re, millel on k\u00f5rge mehaaniline ja termiline vastupidavus, samuti vastupidavus veele ja v\u00e4listingimustes korrodeerivale toimele. Kaltsiumsulfonaat tahkesti sisaldus tagab ainulaadsed kulumisvastased omadused, \u00e4\u00e4rmise survekindluse ja suurep\u00e4rased korrosioonivastased omadused soolaudu ja kuuma veega keskkondades. RAKENDUS: K\u00f5rge temperatuuritaluvusega kaltsiumsulfonaatm\u00e4\u00e4rded HUTPLEX WR on ette n\u00e4htud metallurgiat\u00f6\u00f6stuse masinaosade, eelk\u00f5ige valtspinkide laagrite ja muude k\u00f5rge temperatuuriga h\u00f5\u00f5rdepaaride m\u00e4\u00e4rimiseks. Suurep\u00e4rase termilise stabiilsusega saavad HUTPLEX WR m\u00e4\u00e4rdeained tagasi oma esialgse struktuuri p\u00e4rast \u00fcmbritseva \u00f5hutemperatuuri taastumist. Need sobivad ideaalselt masinaosade ja seadmete m\u00e4\u00e4rimiseks vase ja kivis\u00f6e kaevandamisel, tsemenditehastes, teraset\u00f6\u00f6stuses, rasket\u00f6\u00f6stuses ning k\u00f5ikides h\u00f5\u00f5rdepaarides, mis puutuvad kokku ekstreemsete koormuste ja veega ning n\u00f5uavad maksimaalset korrosioonivastast kaitset. SPETSIFIKATSIOONID: ISO 6743\/9: L\u00adX\u00adBFIB\u00ad2 Kasutustemepratuuri vahemik \u00ad-25 - 180 C\" \/>\n<meta property=\"og:url\" content=\"https:\/\/ranoja.ee\/toode\/maare-hutplex-wr-2-17kg-orlen-oil\/\" \/>\n<meta property=\"og:site_name\" content=\"Ranoja\" \/>\n<meta property=\"article:publisher\" content=\"https:\/\/www.facebook.com\/ranoja.ee\" \/>\n<meta property=\"article:modified_time\" content=\"2026-03-17T12:36:06+00:00\" \/>\n<meta property=\"og:image\" content=\"https:\/\/ranoja.ee\/wp-content\/uploads\/2026\/03\/5637747390.jpg\" \/>\n\t<meta property=\"og:image:width\" content=\"367\" \/>\n\t<meta property=\"og:image:height\" content=\"550\" \/>\n\t<meta property=\"og:image:type\" content=\"image\/jpeg\" \/>\n<meta name=\"twitter:card\" content=\"summary_large_image\" \/>\n<script type=\"application\/ld+json\" class=\"yoast-schema-graph\">{\"@context\":\"https:\\\/\\\/schema.org\",\"@graph\":[{\"@type\":\"WebPage\",\"@id\":\"https:\\\/\\\/ranoja.ee\\\/toode\\\/maare-hutplex-wr-2-17kg-orlen-oil\\\/\",\"url\":\"https:\\\/\\\/ranoja.ee\\\/toode\\\/maare-hutplex-wr-2-17kg-orlen-oil\\\/\",\"name\":\"M\u00e4\u00e4re Hutplex WR-2 17kg, Orlen Oil - Ranoja\",\"isPartOf\":{\"@id\":\"https:\\\/\\\/ranoja.ee\\\/#website\"},\"primaryImageOfPage\":{\"@id\":\"https:\\\/\\\/ranoja.ee\\\/toode\\\/maare-hutplex-wr-2-17kg-orlen-oil\\\/#primaryimage\"},\"image\":{\"@id\":\"https:\\\/\\\/ranoja.ee\\\/toode\\\/maare-hutplex-wr-2-17kg-orlen-oil\\\/#primaryimage\"},\"thumbnailUrl\":\"https:\\\/\\\/ranoja.ee\\\/wp-content\\\/uploads\\\/2026\\\/03\\\/5637747390.jpg\",\"datePublished\":\"2026-03-16T23:34:11+00:00\",\"dateModified\":\"2026-03-17T12:36:06+00:00\",\"breadcrumb\":{\"@id\":\"https:\\\/\\\/ranoja.ee\\\/toode\\\/maare-hutplex-wr-2-17kg-orlen-oil\\\/#breadcrumb\"},\"inLanguage\":\"en-US\",\"potentialAction\":[{\"@type\":\"ReadAction\",\"target\":[\"https:\\\/\\\/ranoja.ee\\\/toode\\\/maare-hutplex-wr-2-17kg-orlen-oil\\\/\"]}]},{\"@type\":\"ImageObject\",\"inLanguage\":\"en-US\",\"@id\":\"https:\\\/\\\/ranoja.ee\\\/toode\\\/maare-hutplex-wr-2-17kg-orlen-oil\\\/#primaryimage\",\"url\":\"https:\\\/\\\/ranoja.ee\\\/wp-content\\\/uploads\\\/2026\\\/03\\\/5637747390.jpg\",\"contentUrl\":\"https:\\\/\\\/ranoja.ee\\\/wp-content\\\/uploads\\\/2026\\\/03\\\/5637747390.jpg\",\"width\":367,\"height\":550},{\"@type\":\"BreadcrumbList\",\"@id\":\"https:\\\/\\\/ranoja.ee\\\/toode\\\/maare-hutplex-wr-2-17kg-orlen-oil\\\/#breadcrumb\",\"itemListElement\":[{\"@type\":\"ListItem\",\"position\":1,\"name\":\"Home\",\"item\":\"https:\\\/\\\/ranoja.ee\\\/\"},{\"@type\":\"ListItem\",\"position\":2,\"name\":\"Shop\",\"item\":\"https:\\\/\\\/ranoja.ee\\\/en\\\/shop\\\/\"},{\"@type\":\"ListItem\",\"position\":3,\"name\":\"M\u00e4\u00e4re Hutplex WR-2 17kg, Orlen Oil\"}]},{\"@type\":\"WebSite\",\"@id\":\"https:\\\/\\\/ranoja.ee\\\/#website\",\"url\":\"https:\\\/\\\/ranoja.ee\\\/\",\"name\":\"Ranoja\",\"description\":\"Equipment Shop WooCommerce WordPress Theme for Machine &amp; Tools\",\"publisher\":{\"@id\":\"https:\\\/\\\/ranoja.ee\\\/#organization\"},\"potentialAction\":[{\"@type\":\"SearchAction\",\"target\":{\"@type\":\"EntryPoint\",\"urlTemplate\":\"https:\\\/\\\/ranoja.ee\\\/?s={search_term_string}\"},\"query-input\":{\"@type\":\"PropertyValueSpecification\",\"valueRequired\":true,\"valueName\":\"search_term_string\"}}],\"inLanguage\":\"en-US\"},{\"@type\":\"Organization\",\"@id\":\"https:\\\/\\\/ranoja.ee\\\/#organization\",\"name\":\"Ranoja O\u00dc\",\"url\":\"https:\\\/\\\/ranoja.ee\\\/\",\"logo\":{\"@type\":\"ImageObject\",\"inLanguage\":\"en-US\",\"@id\":\"https:\\\/\\\/ranoja.ee\\\/#\\\/schema\\\/logo\\\/image\\\/\",\"url\":\"https:\\\/\\\/ranoja.ee\\\/wp-content\\\/uploads\\\/2023\\\/11\\\/ranoja-Logo.png\",\"contentUrl\":\"https:\\\/\\\/ranoja.ee\\\/wp-content\\\/uploads\\\/2023\\\/11\\\/ranoja-Logo.png\",\"width\":207,\"height\":58,\"caption\":\"Ranoja O\u00dc\"},\"image\":{\"@id\":\"https:\\\/\\\/ranoja.ee\\\/#\\\/schema\\\/logo\\\/image\\\/\"},\"sameAs\":[\"https:\\\/\\\/www.facebook.com\\\/ranoja.ee\",\"https:\\\/\\\/www.instagram.com\\\/ranoja__\\\/\"]}]}<\/script>\n<!-- \/ Yoast SEO plugin. -->","yoast_head_json":{"title":"M\u00e4\u00e4re Hutplex WR-2 17kg, Orlen Oil - Ranoja","robots":{"index":"index","follow":"follow","max-snippet":"max-snippet:-1","max-image-preview":"max-image-preview:large","max-video-preview":"max-video-preview:-1"},"canonical":"https:\/\/ranoja.ee\/toode\/maare-hutplex-wr-2-17kg-orlen-oil\/","og_locale":"en_US","og_type":"article","og_title":"M\u00e4\u00e4re Hutplex WR-2 17kg, Orlen Oil - Ranoja","og_description":"Mitmeotstarbeline HUTPLEX WR on erakordse nakkuvusega m\u00e4\u00e4re, millel on k\u00f5rge mehaaniline ja termiline vastupidavus, samuti vastupidavus veele ja v\u00e4listingimustes korrodeerivale toimele. Kaltsiumsulfonaat tahkesti sisaldus tagab ainulaadsed kulumisvastased omadused, \u00e4\u00e4rmise survekindluse ja suurep\u00e4rased korrosioonivastased omadused soolaudu ja kuuma veega keskkondades. RAKENDUS: K\u00f5rge temperatuuritaluvusega kaltsiumsulfonaatm\u00e4\u00e4rded HUTPLEX WR on ette n\u00e4htud metallurgiat\u00f6\u00f6stuse masinaosade, eelk\u00f5ige valtspinkide laagrite ja muude k\u00f5rge temperatuuriga h\u00f5\u00f5rdepaaride m\u00e4\u00e4rimiseks. Suurep\u00e4rase termilise stabiilsusega saavad HUTPLEX WR m\u00e4\u00e4rdeained tagasi oma esialgse struktuuri p\u00e4rast \u00fcmbritseva \u00f5hutemperatuuri taastumist. Need sobivad ideaalselt masinaosade ja seadmete m\u00e4\u00e4rimiseks vase ja kivis\u00f6e kaevandamisel, tsemenditehastes, teraset\u00f6\u00f6stuses, rasket\u00f6\u00f6stuses ning k\u00f5ikides h\u00f5\u00f5rdepaarides, mis puutuvad kokku ekstreemsete koormuste ja veega ning n\u00f5uavad maksimaalset korrosioonivastast kaitset. SPETSIFIKATSIOONID: ISO 6743\/9: L\u00adX\u00adBFIB\u00ad2 Kasutustemepratuuri vahemik \u00ad-25 - 180 C","og_url":"https:\/\/ranoja.ee\/toode\/maare-hutplex-wr-2-17kg-orlen-oil\/","og_site_name":"Ranoja","article_publisher":"https:\/\/www.facebook.com\/ranoja.ee","article_modified_time":"2026-03-17T12:36:06+00:00","og_image":[{"width":367,"height":550,"url":"https:\/\/ranoja.ee\/wp-content\/uploads\/2026\/03\/5637747390.jpg","type":"image\/jpeg"}],"twitter_card":"summary_large_image","schema":{"@context":"https:\/\/schema.org","@graph":[{"@type":"WebPage","@id":"https:\/\/ranoja.ee\/toode\/maare-hutplex-wr-2-17kg-orlen-oil\/","url":"https:\/\/ranoja.ee\/toode\/maare-hutplex-wr-2-17kg-orlen-oil\/","name":"M\u00e4\u00e4re Hutplex WR-2 17kg, Orlen Oil - Ranoja","isPartOf":{"@id":"https:\/\/ranoja.ee\/#website"},"primaryImageOfPage":{"@id":"https:\/\/ranoja.ee\/toode\/maare-hutplex-wr-2-17kg-orlen-oil\/#primaryimage"},"image":{"@id":"https:\/\/ranoja.ee\/toode\/maare-hutplex-wr-2-17kg-orlen-oil\/#primaryimage"},"thumbnailUrl":"https:\/\/ranoja.ee\/wp-content\/uploads\/2026\/03\/5637747390.jpg","datePublished":"2026-03-16T23:34:11+00:00","dateModified":"2026-03-17T12:36:06+00:00","breadcrumb":{"@id":"https:\/\/ranoja.ee\/toode\/maare-hutplex-wr-2-17kg-orlen-oil\/#breadcrumb"},"inLanguage":"en-US","potentialAction":[{"@type":"ReadAction","target":["https:\/\/ranoja.ee\/toode\/maare-hutplex-wr-2-17kg-orlen-oil\/"]}]},{"@type":"ImageObject","inLanguage":"en-US","@id":"https:\/\/ranoja.ee\/toode\/maare-hutplex-wr-2-17kg-orlen-oil\/#primaryimage","url":"https:\/\/ranoja.ee\/wp-content\/uploads\/2026\/03\/5637747390.jpg","contentUrl":"https:\/\/ranoja.ee\/wp-content\/uploads\/2026\/03\/5637747390.jpg","width":367,"height":550},{"@type":"BreadcrumbList","@id":"https:\/\/ranoja.ee\/toode\/maare-hutplex-wr-2-17kg-orlen-oil\/#breadcrumb","itemListElement":[{"@type":"ListItem","position":1,"name":"Home","item":"https:\/\/ranoja.ee\/"},{"@type":"ListItem","position":2,"name":"Shop","item":"https:\/\/ranoja.ee\/en\/shop\/"},{"@type":"ListItem","position":3,"name":"M\u00e4\u00e4re Hutplex WR-2 17kg, Orlen Oil"}]},{"@type":"WebSite","@id":"https:\/\/ranoja.ee\/#website","url":"https:\/\/ranoja.ee\/","name":"Ranoja","description":"Equipment Shop WooCommerce WordPress Theme for Machine &amp; Tools","publisher":{"@id":"https:\/\/ranoja.ee\/#organization"},"potentialAction":[{"@type":"SearchAction","target":{"@type":"EntryPoint","urlTemplate":"https:\/\/ranoja.ee\/?s={search_term_string}"},"query-input":{"@type":"PropertyValueSpecification","valueRequired":true,"valueName":"search_term_string"}}],"inLanguage":"en-US"},{"@type":"Organization","@id":"https:\/\/ranoja.ee\/#organization","name":"Ranoja O\u00dc","url":"https:\/\/ranoja.ee\/","logo":{"@type":"ImageObject","inLanguage":"en-US","@id":"https:\/\/ranoja.ee\/#\/schema\/logo\/image\/","url":"https:\/\/ranoja.ee\/wp-content\/uploads\/2023\/11\/ranoja-Logo.png","contentUrl":"https:\/\/ranoja.ee\/wp-content\/uploads\/2023\/11\/ranoja-Logo.png","width":207,"height":58,"caption":"Ranoja O\u00dc"},"image":{"@id":"https:\/\/ranoja.ee\/#\/schema\/logo\/image\/"},"sameAs":["https:\/\/www.facebook.com\/ranoja.ee","https:\/\/www.instagram.com\/ranoja__\/"]}]}},"_links":{"self":[{"href":"https:\/\/ranoja.ee\/en\/wp-json\/wp\/v2\/product\/61882","targetHints":{"allow":["GET"]}}],"collection":[{"href":"https:\/\/ranoja.ee\/en\/wp-json\/wp\/v2\/product"}],"about":[{"href":"https:\/\/ranoja.ee\/en\/wp-json\/wp\/v2\/types\/product"}],"wp:featuredmedia":[{"embeddable":true,"href":"https:\/\/ranoja.ee\/en\/wp-json\/wp\/v2\/media\/61883"}],"wp:attachment":[{"href":"https:\/\/ranoja.ee\/en\/wp-json\/wp\/v2\/media?parent=61882"}],"wp:term":[{"taxonomy":"product_cat","embeddable":true,"href":"https:\/\/ranoja.ee\/en\/wp-json\/wp\/v2\/product_cat?post=61882"},{"taxonomy":"product_tag","embeddable":true,"href":"https:\/\/ranoja.ee\/en\/wp-json\/wp\/v2\/product_tag?post=61882"}],"curies":[{"name":"wp","href":"https:\/\/api.w.org\/{rel}","templated":true}]}}