{"id":61850,"date":"2026-03-17T02:33:47","date_gmt":"2026-03-16T23:33:47","guid":{"rendered":"https:\/\/ranoja.ee\/toode\/mootorioli-premium-blue-7800-15w40-20l-valvoline\/"},"modified":"2026-03-17T15:36:07","modified_gmt":"2026-03-17T12:36:07","slug":"mootorioli-premium-blue-7800-15w40-20l-valvoline","status":"publish","type":"product","link":"https:\/\/ranoja.ee\/en\/toode\/mootorioli-premium-blue-7800-15w40-20l-valvoline\/","title":{"rendered":"Mootori\u00f5li Premium Blue 7800 15W40 20L, Valvoline"},"content":{"rendered":"","protected":false},"excerpt":{"rendered":"<p>Unikaalse koostisega raske- tehnika mootori\u00f5li pakkumaks parendatud mootori kaitset erinevatele diiselmootoritele. Valvoline\u2122 Premium Blue\u2122 7800 on esklusiivselt kinnitatud ja soovitatud ametlik originaal\u00f5li Cummins mootoritele ja on spetsiaalselt v\u00e4ljat\u00f6\u00f6tatud pakkumaks pikendatud hooldevahemikke erinevatele rasketehnika diiselmootoritele.<br \/>\nT\u00e4iustatud toote tehnoloogia aitab suurendada mootori j\u00f5udlust ja vastupidavust ning seega aitab v\u00e4hendada hoolduskulusid. Sobib kasutamiseks maantee- ja maastiku rasketehnikale, mere- ja raudtee mootoritele ning statsionaarsetele diisel generaatoritele. Premium Blue mootori\u00f5li pakub kesk- ja pikendatud hooldev\u00e4lpa ning tagab erakordselt hea mootorikaitse. <br \/>\nAmetlikud heakskiidud<br \/>\nCummins CES 20078<br \/>\nDeutz DQC III-10<br \/>\nMAN 3275-1<br \/>\nMTU Type 2<br \/>\nVolvo VDS-3 417-0002-16-1307<br \/>\nMack EO-N<br \/>\nRenault VI RLD-2<br \/>\nT\u00e4idab kvaliteedin\u00f5uded:<br \/>\nACEA E7<br \/>\nAPI: CI-4<br \/>\nCaterpillar ECF-2<br \/>\nCummins CES 20076, CES 20077<br \/>\nDetroit Diesel DFS 93K215, 93K214<br \/>\nGlobal DHD-1<br \/>\nMB-228.3<\/p>\n","protected":false},"featured_media":61851,"template":"","meta":{"inline_featured_image":false},"product_cat":[5012,5325,5115],"product_tag":[],"class_list":{"0":"post-61850","1":"product","2":"type-product","3":"status-publish","4":"has-post-thumbnail","6":"product_brand-valvoline","7":"product_cat-olid-ja-maardeained","8":"product_cat-rasketehnika-mineraalsed-mootoriolid","9":"product_cat-rasketehnika-mootoriolid","11":"first","12":"instock","13":"purchasable","14":"product-type-simple"},"yoast_head":"<!-- This site is optimized with the Yoast SEO plugin v27.4 - https:\/\/yoast.com\/product\/yoast-seo-wordpress\/ -->\n<title>Mootori\u00f5li Premium Blue 7800 15W40 20L, Valvoline - Ranoja<\/title>\n<meta name=\"robots\" content=\"index, follow, max-snippet:-1, max-image-preview:large, max-video-preview:-1\" \/>\n<link rel=\"canonical\" href=\"https:\/\/ranoja.ee\/toode\/mootorioli-premium-blue-7800-15w40-20l-valvoline\/\" \/>\n<meta property=\"og:locale\" content=\"en_US\" \/>\n<meta property=\"og:type\" content=\"article\" \/>\n<meta property=\"og:title\" content=\"Mootori\u00f5li Premium Blue 7800 15W40 20L, Valvoline - Ranoja\" \/>\n<meta property=\"og:description\" content=\"Unikaalse koostisega raske- tehnika mootori\u00f5li pakkumaks parendatud mootori kaitset erinevatele diiselmootoritele. Valvoline\u2122 Premium Blue\u2122 7800 on esklusiivselt kinnitatud ja soovitatud ametlik originaal\u00f5li Cummins mootoritele ja on spetsiaalselt v\u00e4ljat\u00f6\u00f6tatud pakkumaks pikendatud hooldevahemikke erinevatele rasketehnika diiselmootoritele. T\u00e4iustatud toote tehnoloogia aitab suurendada mootori j\u00f5udlust ja vastupidavust ning seega aitab v\u00e4hendada hoolduskulusid. Sobib kasutamiseks maantee- ja maastiku rasketehnikale, mere- ja raudtee mootoritele ning statsionaarsetele diisel generaatoritele. Premium Blue mootori\u00f5li pakub kesk- ja pikendatud hooldev\u00e4lpa ning tagab erakordselt hea mootorikaitse. Ametlikud heakskiidud Cummins CES 20078 Deutz DQC III-10 MAN 3275-1 MTU Type 2 Volvo VDS-3 417-0002-16-1307 Mack EO-N Renault VI RLD-2 T\u00e4idab kvaliteedin\u00f5uded: ACEA E7 API: CI-4 Caterpillar ECF-2 Cummins CES 20076, CES 20077 Detroit Diesel DFS 93K215, 93K214 Global DHD-1 MB-228.3\" \/>\n<meta property=\"og:url\" content=\"https:\/\/ranoja.ee\/toode\/mootorioli-premium-blue-7800-15w40-20l-valvoline\/\" \/>\n<meta property=\"og:site_name\" content=\"Ranoja\" \/>\n<meta property=\"article:publisher\" content=\"https:\/\/www.facebook.com\/ranoja.ee\" \/>\n<meta property=\"article:modified_time\" content=\"2026-03-17T12:36:07+00:00\" \/>\n<meta property=\"og:image\" content=\"https:\/\/ranoja.ee\/wp-content\/uploads\/2026\/03\/137921089.jpg\" \/>\n\t<meta property=\"og:image:width\" content=\"773\" \/>\n\t<meta property=\"og:image:height\" content=\"768\" \/>\n\t<meta property=\"og:image:type\" content=\"image\/jpeg\" \/>\n<meta name=\"twitter:card\" content=\"summary_large_image\" \/>\n<script type=\"application\/ld+json\" class=\"yoast-schema-graph\">{\"@context\":\"https:\\\/\\\/schema.org\",\"@graph\":[{\"@type\":\"WebPage\",\"@id\":\"https:\\\/\\\/ranoja.ee\\\/toode\\\/mootorioli-premium-blue-7800-15w40-20l-valvoline\\\/\",\"url\":\"https:\\\/\\\/ranoja.ee\\\/toode\\\/mootorioli-premium-blue-7800-15w40-20l-valvoline\\\/\",\"name\":\"Mootori\u00f5li Premium Blue 7800 15W40 20L, Valvoline - Ranoja\",\"isPartOf\":{\"@id\":\"https:\\\/\\\/ranoja.ee\\\/#website\"},\"primaryImageOfPage\":{\"@id\":\"https:\\\/\\\/ranoja.ee\\\/toode\\\/mootorioli-premium-blue-7800-15w40-20l-valvoline\\\/#primaryimage\"},\"image\":{\"@id\":\"https:\\\/\\\/ranoja.ee\\\/toode\\\/mootorioli-premium-blue-7800-15w40-20l-valvoline\\\/#primaryimage\"},\"thumbnailUrl\":\"https:\\\/\\\/ranoja.ee\\\/wp-content\\\/uploads\\\/2026\\\/03\\\/137921089.jpg\",\"datePublished\":\"2026-03-16T23:33:47+00:00\",\"dateModified\":\"2026-03-17T12:36:07+00:00\",\"breadcrumb\":{\"@id\":\"https:\\\/\\\/ranoja.ee\\\/toode\\\/mootorioli-premium-blue-7800-15w40-20l-valvoline\\\/#breadcrumb\"},\"inLanguage\":\"en-US\",\"potentialAction\":[{\"@type\":\"ReadAction\",\"target\":[\"https:\\\/\\\/ranoja.ee\\\/toode\\\/mootorioli-premium-blue-7800-15w40-20l-valvoline\\\/\"]}]},{\"@type\":\"ImageObject\",\"inLanguage\":\"en-US\",\"@id\":\"https:\\\/\\\/ranoja.ee\\\/toode\\\/mootorioli-premium-blue-7800-15w40-20l-valvoline\\\/#primaryimage\",\"url\":\"https:\\\/\\\/ranoja.ee\\\/wp-content\\\/uploads\\\/2026\\\/03\\\/137921089.jpg\",\"contentUrl\":\"https:\\\/\\\/ranoja.ee\\\/wp-content\\\/uploads\\\/2026\\\/03\\\/137921089.jpg\",\"width\":773,\"height\":768},{\"@type\":\"BreadcrumbList\",\"@id\":\"https:\\\/\\\/ranoja.ee\\\/toode\\\/mootorioli-premium-blue-7800-15w40-20l-valvoline\\\/#breadcrumb\",\"itemListElement\":[{\"@type\":\"ListItem\",\"position\":1,\"name\":\"Home\",\"item\":\"https:\\\/\\\/ranoja.ee\\\/\"},{\"@type\":\"ListItem\",\"position\":2,\"name\":\"Shop\",\"item\":\"https:\\\/\\\/ranoja.ee\\\/en\\\/shop\\\/\"},{\"@type\":\"ListItem\",\"position\":3,\"name\":\"Mootori\u00f5li Premium Blue 7800 15W40 20L, Valvoline\"}]},{\"@type\":\"WebSite\",\"@id\":\"https:\\\/\\\/ranoja.ee\\\/#website\",\"url\":\"https:\\\/\\\/ranoja.ee\\\/\",\"name\":\"Ranoja\",\"description\":\"Equipment Shop WooCommerce WordPress Theme for Machine &amp; Tools\",\"publisher\":{\"@id\":\"https:\\\/\\\/ranoja.ee\\\/#organization\"},\"potentialAction\":[{\"@type\":\"SearchAction\",\"target\":{\"@type\":\"EntryPoint\",\"urlTemplate\":\"https:\\\/\\\/ranoja.ee\\\/?s={search_term_string}\"},\"query-input\":{\"@type\":\"PropertyValueSpecification\",\"valueRequired\":true,\"valueName\":\"search_term_string\"}}],\"inLanguage\":\"en-US\"},{\"@type\":\"Organization\",\"@id\":\"https:\\\/\\\/ranoja.ee\\\/#organization\",\"name\":\"Ranoja O\u00dc\",\"url\":\"https:\\\/\\\/ranoja.ee\\\/\",\"logo\":{\"@type\":\"ImageObject\",\"inLanguage\":\"en-US\",\"@id\":\"https:\\\/\\\/ranoja.ee\\\/#\\\/schema\\\/logo\\\/image\\\/\",\"url\":\"https:\\\/\\\/ranoja.ee\\\/wp-content\\\/uploads\\\/2023\\\/11\\\/ranoja-Logo.png\",\"contentUrl\":\"https:\\\/\\\/ranoja.ee\\\/wp-content\\\/uploads\\\/2023\\\/11\\\/ranoja-Logo.png\",\"width\":207,\"height\":58,\"caption\":\"Ranoja O\u00dc\"},\"image\":{\"@id\":\"https:\\\/\\\/ranoja.ee\\\/#\\\/schema\\\/logo\\\/image\\\/\"},\"sameAs\":[\"https:\\\/\\\/www.facebook.com\\\/ranoja.ee\",\"https:\\\/\\\/www.instagram.com\\\/ranoja__\\\/\"]}]}<\/script>\n<!-- \/ Yoast SEO plugin. -->","yoast_head_json":{"title":"Mootori\u00f5li Premium Blue 7800 15W40 20L, Valvoline - Ranoja","robots":{"index":"index","follow":"follow","max-snippet":"max-snippet:-1","max-image-preview":"max-image-preview:large","max-video-preview":"max-video-preview:-1"},"canonical":"https:\/\/ranoja.ee\/toode\/mootorioli-premium-blue-7800-15w40-20l-valvoline\/","og_locale":"en_US","og_type":"article","og_title":"Mootori\u00f5li Premium Blue 7800 15W40 20L, Valvoline - Ranoja","og_description":"Unikaalse koostisega raske- tehnika mootori\u00f5li pakkumaks parendatud mootori kaitset erinevatele diiselmootoritele. Valvoline\u2122 Premium Blue\u2122 7800 on esklusiivselt kinnitatud ja soovitatud ametlik originaal\u00f5li Cummins mootoritele ja on spetsiaalselt v\u00e4ljat\u00f6\u00f6tatud pakkumaks pikendatud hooldevahemikke erinevatele rasketehnika diiselmootoritele. T\u00e4iustatud toote tehnoloogia aitab suurendada mootori j\u00f5udlust ja vastupidavust ning seega aitab v\u00e4hendada hoolduskulusid. Sobib kasutamiseks maantee- ja maastiku rasketehnikale, mere- ja raudtee mootoritele ning statsionaarsetele diisel generaatoritele. Premium Blue mootori\u00f5li pakub kesk- ja pikendatud hooldev\u00e4lpa ning tagab erakordselt hea mootorikaitse. Ametlikud heakskiidud Cummins CES 20078 Deutz DQC III-10 MAN 3275-1 MTU Type 2 Volvo VDS-3 417-0002-16-1307 Mack EO-N Renault VI RLD-2 T\u00e4idab kvaliteedin\u00f5uded: ACEA E7 API: CI-4 Caterpillar ECF-2 Cummins CES 20076, CES 20077 Detroit Diesel DFS 93K215, 93K214 Global DHD-1 MB-228.3","og_url":"https:\/\/ranoja.ee\/toode\/mootorioli-premium-blue-7800-15w40-20l-valvoline\/","og_site_name":"Ranoja","article_publisher":"https:\/\/www.facebook.com\/ranoja.ee","article_modified_time":"2026-03-17T12:36:07+00:00","og_image":[{"width":773,"height":768,"url":"https:\/\/ranoja.ee\/wp-content\/uploads\/2026\/03\/137921089.jpg","type":"image\/jpeg"}],"twitter_card":"summary_large_image","schema":{"@context":"https:\/\/schema.org","@graph":[{"@type":"WebPage","@id":"https:\/\/ranoja.ee\/toode\/mootorioli-premium-blue-7800-15w40-20l-valvoline\/","url":"https:\/\/ranoja.ee\/toode\/mootorioli-premium-blue-7800-15w40-20l-valvoline\/","name":"Mootori\u00f5li Premium Blue 7800 15W40 20L, Valvoline - Ranoja","isPartOf":{"@id":"https:\/\/ranoja.ee\/#website"},"primaryImageOfPage":{"@id":"https:\/\/ranoja.ee\/toode\/mootorioli-premium-blue-7800-15w40-20l-valvoline\/#primaryimage"},"image":{"@id":"https:\/\/ranoja.ee\/toode\/mootorioli-premium-blue-7800-15w40-20l-valvoline\/#primaryimage"},"thumbnailUrl":"https:\/\/ranoja.ee\/wp-content\/uploads\/2026\/03\/137921089.jpg","datePublished":"2026-03-16T23:33:47+00:00","dateModified":"2026-03-17T12:36:07+00:00","breadcrumb":{"@id":"https:\/\/ranoja.ee\/toode\/mootorioli-premium-blue-7800-15w40-20l-valvoline\/#breadcrumb"},"inLanguage":"en-US","potentialAction":[{"@type":"ReadAction","target":["https:\/\/ranoja.ee\/toode\/mootorioli-premium-blue-7800-15w40-20l-valvoline\/"]}]},{"@type":"ImageObject","inLanguage":"en-US","@id":"https:\/\/ranoja.ee\/toode\/mootorioli-premium-blue-7800-15w40-20l-valvoline\/#primaryimage","url":"https:\/\/ranoja.ee\/wp-content\/uploads\/2026\/03\/137921089.jpg","contentUrl":"https:\/\/ranoja.ee\/wp-content\/uploads\/2026\/03\/137921089.jpg","width":773,"height":768},{"@type":"BreadcrumbList","@id":"https:\/\/ranoja.ee\/toode\/mootorioli-premium-blue-7800-15w40-20l-valvoline\/#breadcrumb","itemListElement":[{"@type":"ListItem","position":1,"name":"Home","item":"https:\/\/ranoja.ee\/"},{"@type":"ListItem","position":2,"name":"Shop","item":"https:\/\/ranoja.ee\/en\/shop\/"},{"@type":"ListItem","position":3,"name":"Mootori\u00f5li Premium Blue 7800 15W40 20L, Valvoline"}]},{"@type":"WebSite","@id":"https:\/\/ranoja.ee\/#website","url":"https:\/\/ranoja.ee\/","name":"Ranoja","description":"Equipment Shop WooCommerce WordPress Theme for Machine &amp; Tools","publisher":{"@id":"https:\/\/ranoja.ee\/#organization"},"potentialAction":[{"@type":"SearchAction","target":{"@type":"EntryPoint","urlTemplate":"https:\/\/ranoja.ee\/?s={search_term_string}"},"query-input":{"@type":"PropertyValueSpecification","valueRequired":true,"valueName":"search_term_string"}}],"inLanguage":"en-US"},{"@type":"Organization","@id":"https:\/\/ranoja.ee\/#organization","name":"Ranoja O\u00dc","url":"https:\/\/ranoja.ee\/","logo":{"@type":"ImageObject","inLanguage":"en-US","@id":"https:\/\/ranoja.ee\/#\/schema\/logo\/image\/","url":"https:\/\/ranoja.ee\/wp-content\/uploads\/2023\/11\/ranoja-Logo.png","contentUrl":"https:\/\/ranoja.ee\/wp-content\/uploads\/2023\/11\/ranoja-Logo.png","width":207,"height":58,"caption":"Ranoja O\u00dc"},"image":{"@id":"https:\/\/ranoja.ee\/#\/schema\/logo\/image\/"},"sameAs":["https:\/\/www.facebook.com\/ranoja.ee","https:\/\/www.instagram.com\/ranoja__\/"]}]}},"_links":{"self":[{"href":"https:\/\/ranoja.ee\/en\/wp-json\/wp\/v2\/product\/61850","targetHints":{"allow":["GET"]}}],"collection":[{"href":"https:\/\/ranoja.ee\/en\/wp-json\/wp\/v2\/product"}],"about":[{"href":"https:\/\/ranoja.ee\/en\/wp-json\/wp\/v2\/types\/product"}],"wp:featuredmedia":[{"embeddable":true,"href":"https:\/\/ranoja.ee\/en\/wp-json\/wp\/v2\/media\/61851"}],"wp:attachment":[{"href":"https:\/\/ranoja.ee\/en\/wp-json\/wp\/v2\/media?parent=61850"}],"wp:term":[{"taxonomy":"product_cat","embeddable":true,"href":"https:\/\/ranoja.ee\/en\/wp-json\/wp\/v2\/product_cat?post=61850"},{"taxonomy":"product_tag","embeddable":true,"href":"https:\/\/ranoja.ee\/en\/wp-json\/wp\/v2\/product_tag?post=61850"}],"curies":[{"name":"wp","href":"https:\/\/api.w.org\/{rel}","templated":true}]}}