{"id":61836,"date":"2026-03-17T02:33:47","date_gmt":"2026-03-16T23:33:47","guid":{"rendered":"https:\/\/ranoja.ee\/toode\/saeketioli-pilarol-vg-150-205l-orlen-oil\/"},"modified":"2026-03-17T15:36:07","modified_gmt":"2026-03-17T12:36:07","slug":"saeketioli-pilarol-vg-150-205l-orlen-oil","status":"publish","type":"product","link":"https:\/\/ranoja.ee\/en\/toode\/saeketioli-pilarol-vg-150-205l-orlen-oil\/","title":{"rendered":"Saeketi\u00f5li Pilarol VG 150 205L, Orlen Oil"},"content":{"rendered":"","protected":false},"excerpt":{"rendered":"<p>Pilarol on t\u00e4iuslike omadustega spetsiaalne \u00f5li, mis on m\u00f5eldud kettsaagide m\u00e4\u00e4rimiseks. Pilarol on valmistatud rafineeritud mineraal\u00f5li baasil ja see sisaldab spetsiaalset kombinatsiooni rikastavatest lisanditest, mis parandavad viskoossust ja \u00f5li \/ metalli nakkumist.<br \/>\n\u00d5igesti valitud rikastavate lisandite kombinatsioon tagab soodsad t\u00f6\u00f6omadused nt. v\u00e4ga hea nakkuvus seadme kiiresti liikuvate osadega (sae l\u00f5ikeelemendid),<br \/>\nt\u00e4iuslikud m\u00e4\u00e4rdeomadused isegi madalatel temperatuuridel, head termilised omadused, mis v\u00f5imaldavad selle kasutamise laias temperatuurivahemikus.<br \/>\nKorrosioonivastased ja h\u00f5\u00f5rdumisvastased lisandid annavad parendatud kulumiskaitse.<br \/>\nPilarol on aastaringselt kasutatav keti\u00f5li, mis on m\u00f5eldud l\u00f5ikes\u00fcsteemide (kettajamiga) ja mehaaniliste saagide m\u00e4\u00e4rimiseks. metsanduses, aianduses jne.<br \/>\nSobib kasutada metsalangetusmasinate kiiresp\u00f6\u00f6rdeliste kettide m\u00e4\u00e4rimiseks (harvesterid)<\/p>\n","protected":false},"featured_media":61837,"template":"","meta":{"inline_featured_image":false},"product_cat":[5016,5015,5012],"product_tag":[],"class_list":{"0":"post-61836","1":"product","2":"type-product","3":"status-publish","4":"has-post-thumbnail","6":"product_brand-orlen-oil","7":"product_cat-2t-ja-4t-vaikemootorite-mineraalsed-olid","8":"product_cat-2t-ja-4t-vaikemootorite-olid","9":"product_cat-olid-ja-maardeained","11":"first","12":"instock","13":"purchasable","14":"product-type-simple"},"yoast_head":"<!-- This site is optimized with the Yoast SEO plugin v27.4 - https:\/\/yoast.com\/product\/yoast-seo-wordpress\/ -->\n<title>Saeketi\u00f5li Pilarol VG 150 205L, Orlen Oil - Ranoja<\/title>\n<meta name=\"robots\" content=\"index, follow, max-snippet:-1, max-image-preview:large, max-video-preview:-1\" \/>\n<link rel=\"canonical\" href=\"https:\/\/ranoja.ee\/toode\/saeketioli-pilarol-vg-150-205l-orlen-oil\/\" \/>\n<meta property=\"og:locale\" content=\"en_US\" \/>\n<meta property=\"og:type\" content=\"article\" \/>\n<meta property=\"og:title\" content=\"Saeketi\u00f5li Pilarol VG 150 205L, Orlen Oil - Ranoja\" \/>\n<meta property=\"og:description\" content=\"Pilarol on t\u00e4iuslike omadustega spetsiaalne \u00f5li, mis on m\u00f5eldud kettsaagide m\u00e4\u00e4rimiseks. Pilarol on valmistatud rafineeritud mineraal\u00f5li baasil ja see sisaldab spetsiaalset kombinatsiooni rikastavatest lisanditest, mis parandavad viskoossust ja \u00f5li \/ metalli nakkumist. \u00d5igesti valitud rikastavate lisandite kombinatsioon tagab soodsad t\u00f6\u00f6omadused nt. v\u00e4ga hea nakkuvus seadme kiiresti liikuvate osadega (sae l\u00f5ikeelemendid), t\u00e4iuslikud m\u00e4\u00e4rdeomadused isegi madalatel temperatuuridel, head termilised omadused, mis v\u00f5imaldavad selle kasutamise laias temperatuurivahemikus. Korrosioonivastased ja h\u00f5\u00f5rdumisvastased lisandid annavad parendatud kulumiskaitse. Pilarol on aastaringselt kasutatav keti\u00f5li, mis on m\u00f5eldud l\u00f5ikes\u00fcsteemide (kettajamiga) ja mehaaniliste saagide m\u00e4\u00e4rimiseks. metsanduses, aianduses jne. Sobib kasutada metsalangetusmasinate kiiresp\u00f6\u00f6rdeliste kettide m\u00e4\u00e4rimiseks (harvesterid)\" \/>\n<meta property=\"og:url\" content=\"https:\/\/ranoja.ee\/toode\/saeketioli-pilarol-vg-150-205l-orlen-oil\/\" \/>\n<meta property=\"og:site_name\" content=\"Ranoja\" \/>\n<meta property=\"article:publisher\" content=\"https:\/\/www.facebook.com\/ranoja.ee\" \/>\n<meta property=\"article:modified_time\" content=\"2026-03-17T12:36:07+00:00\" \/>\n<meta property=\"og:image\" content=\"https:\/\/ranoja.ee\/wp-content\/uploads\/2026\/03\/5637748121.jpg\" \/>\n\t<meta property=\"og:image:width\" content=\"474\" \/>\n\t<meta property=\"og:image:height\" content=\"713\" \/>\n\t<meta property=\"og:image:type\" content=\"image\/jpeg\" \/>\n<meta name=\"twitter:card\" content=\"summary_large_image\" \/>\n<script type=\"application\/ld+json\" class=\"yoast-schema-graph\">{\"@context\":\"https:\\\/\\\/schema.org\",\"@graph\":[{\"@type\":\"WebPage\",\"@id\":\"https:\\\/\\\/ranoja.ee\\\/toode\\\/saeketioli-pilarol-vg-150-205l-orlen-oil\\\/\",\"url\":\"https:\\\/\\\/ranoja.ee\\\/toode\\\/saeketioli-pilarol-vg-150-205l-orlen-oil\\\/\",\"name\":\"Saeketi\u00f5li Pilarol VG 150 205L, Orlen Oil - Ranoja\",\"isPartOf\":{\"@id\":\"https:\\\/\\\/ranoja.ee\\\/#website\"},\"primaryImageOfPage\":{\"@id\":\"https:\\\/\\\/ranoja.ee\\\/toode\\\/saeketioli-pilarol-vg-150-205l-orlen-oil\\\/#primaryimage\"},\"image\":{\"@id\":\"https:\\\/\\\/ranoja.ee\\\/toode\\\/saeketioli-pilarol-vg-150-205l-orlen-oil\\\/#primaryimage\"},\"thumbnailUrl\":\"https:\\\/\\\/ranoja.ee\\\/wp-content\\\/uploads\\\/2026\\\/03\\\/5637748121.jpg\",\"datePublished\":\"2026-03-16T23:33:47+00:00\",\"dateModified\":\"2026-03-17T12:36:07+00:00\",\"breadcrumb\":{\"@id\":\"https:\\\/\\\/ranoja.ee\\\/toode\\\/saeketioli-pilarol-vg-150-205l-orlen-oil\\\/#breadcrumb\"},\"inLanguage\":\"en-US\",\"potentialAction\":[{\"@type\":\"ReadAction\",\"target\":[\"https:\\\/\\\/ranoja.ee\\\/toode\\\/saeketioli-pilarol-vg-150-205l-orlen-oil\\\/\"]}]},{\"@type\":\"ImageObject\",\"inLanguage\":\"en-US\",\"@id\":\"https:\\\/\\\/ranoja.ee\\\/toode\\\/saeketioli-pilarol-vg-150-205l-orlen-oil\\\/#primaryimage\",\"url\":\"https:\\\/\\\/ranoja.ee\\\/wp-content\\\/uploads\\\/2026\\\/03\\\/5637748121.jpg\",\"contentUrl\":\"https:\\\/\\\/ranoja.ee\\\/wp-content\\\/uploads\\\/2026\\\/03\\\/5637748121.jpg\",\"width\":474,\"height\":713},{\"@type\":\"BreadcrumbList\",\"@id\":\"https:\\\/\\\/ranoja.ee\\\/toode\\\/saeketioli-pilarol-vg-150-205l-orlen-oil\\\/#breadcrumb\",\"itemListElement\":[{\"@type\":\"ListItem\",\"position\":1,\"name\":\"Home\",\"item\":\"https:\\\/\\\/ranoja.ee\\\/\"},{\"@type\":\"ListItem\",\"position\":2,\"name\":\"Shop\",\"item\":\"https:\\\/\\\/ranoja.ee\\\/en\\\/shop\\\/\"},{\"@type\":\"ListItem\",\"position\":3,\"name\":\"Saeketi\u00f5li Pilarol VG 150 205L, Orlen Oil\"}]},{\"@type\":\"WebSite\",\"@id\":\"https:\\\/\\\/ranoja.ee\\\/#website\",\"url\":\"https:\\\/\\\/ranoja.ee\\\/\",\"name\":\"Ranoja\",\"description\":\"Equipment Shop WooCommerce WordPress Theme for Machine &amp; Tools\",\"publisher\":{\"@id\":\"https:\\\/\\\/ranoja.ee\\\/#organization\"},\"potentialAction\":[{\"@type\":\"SearchAction\",\"target\":{\"@type\":\"EntryPoint\",\"urlTemplate\":\"https:\\\/\\\/ranoja.ee\\\/?s={search_term_string}\"},\"query-input\":{\"@type\":\"PropertyValueSpecification\",\"valueRequired\":true,\"valueName\":\"search_term_string\"}}],\"inLanguage\":\"en-US\"},{\"@type\":\"Organization\",\"@id\":\"https:\\\/\\\/ranoja.ee\\\/#organization\",\"name\":\"Ranoja O\u00dc\",\"url\":\"https:\\\/\\\/ranoja.ee\\\/\",\"logo\":{\"@type\":\"ImageObject\",\"inLanguage\":\"en-US\",\"@id\":\"https:\\\/\\\/ranoja.ee\\\/#\\\/schema\\\/logo\\\/image\\\/\",\"url\":\"https:\\\/\\\/ranoja.ee\\\/wp-content\\\/uploads\\\/2023\\\/11\\\/ranoja-Logo.png\",\"contentUrl\":\"https:\\\/\\\/ranoja.ee\\\/wp-content\\\/uploads\\\/2023\\\/11\\\/ranoja-Logo.png\",\"width\":207,\"height\":58,\"caption\":\"Ranoja O\u00dc\"},\"image\":{\"@id\":\"https:\\\/\\\/ranoja.ee\\\/#\\\/schema\\\/logo\\\/image\\\/\"},\"sameAs\":[\"https:\\\/\\\/www.facebook.com\\\/ranoja.ee\",\"https:\\\/\\\/www.instagram.com\\\/ranoja__\\\/\"]}]}<\/script>\n<!-- \/ Yoast SEO plugin. -->","yoast_head_json":{"title":"Saeketi\u00f5li Pilarol VG 150 205L, Orlen Oil - Ranoja","robots":{"index":"index","follow":"follow","max-snippet":"max-snippet:-1","max-image-preview":"max-image-preview:large","max-video-preview":"max-video-preview:-1"},"canonical":"https:\/\/ranoja.ee\/toode\/saeketioli-pilarol-vg-150-205l-orlen-oil\/","og_locale":"en_US","og_type":"article","og_title":"Saeketi\u00f5li Pilarol VG 150 205L, Orlen Oil - Ranoja","og_description":"Pilarol on t\u00e4iuslike omadustega spetsiaalne \u00f5li, mis on m\u00f5eldud kettsaagide m\u00e4\u00e4rimiseks. Pilarol on valmistatud rafineeritud mineraal\u00f5li baasil ja see sisaldab spetsiaalset kombinatsiooni rikastavatest lisanditest, mis parandavad viskoossust ja \u00f5li \/ metalli nakkumist. \u00d5igesti valitud rikastavate lisandite kombinatsioon tagab soodsad t\u00f6\u00f6omadused nt. v\u00e4ga hea nakkuvus seadme kiiresti liikuvate osadega (sae l\u00f5ikeelemendid), t\u00e4iuslikud m\u00e4\u00e4rdeomadused isegi madalatel temperatuuridel, head termilised omadused, mis v\u00f5imaldavad selle kasutamise laias temperatuurivahemikus. Korrosioonivastased ja h\u00f5\u00f5rdumisvastased lisandid annavad parendatud kulumiskaitse. Pilarol on aastaringselt kasutatav keti\u00f5li, mis on m\u00f5eldud l\u00f5ikes\u00fcsteemide (kettajamiga) ja mehaaniliste saagide m\u00e4\u00e4rimiseks. metsanduses, aianduses jne. Sobib kasutada metsalangetusmasinate kiiresp\u00f6\u00f6rdeliste kettide m\u00e4\u00e4rimiseks (harvesterid)","og_url":"https:\/\/ranoja.ee\/toode\/saeketioli-pilarol-vg-150-205l-orlen-oil\/","og_site_name":"Ranoja","article_publisher":"https:\/\/www.facebook.com\/ranoja.ee","article_modified_time":"2026-03-17T12:36:07+00:00","og_image":[{"width":474,"height":713,"url":"https:\/\/ranoja.ee\/wp-content\/uploads\/2026\/03\/5637748121.jpg","type":"image\/jpeg"}],"twitter_card":"summary_large_image","schema":{"@context":"https:\/\/schema.org","@graph":[{"@type":"WebPage","@id":"https:\/\/ranoja.ee\/toode\/saeketioli-pilarol-vg-150-205l-orlen-oil\/","url":"https:\/\/ranoja.ee\/toode\/saeketioli-pilarol-vg-150-205l-orlen-oil\/","name":"Saeketi\u00f5li Pilarol VG 150 205L, Orlen Oil - Ranoja","isPartOf":{"@id":"https:\/\/ranoja.ee\/#website"},"primaryImageOfPage":{"@id":"https:\/\/ranoja.ee\/toode\/saeketioli-pilarol-vg-150-205l-orlen-oil\/#primaryimage"},"image":{"@id":"https:\/\/ranoja.ee\/toode\/saeketioli-pilarol-vg-150-205l-orlen-oil\/#primaryimage"},"thumbnailUrl":"https:\/\/ranoja.ee\/wp-content\/uploads\/2026\/03\/5637748121.jpg","datePublished":"2026-03-16T23:33:47+00:00","dateModified":"2026-03-17T12:36:07+00:00","breadcrumb":{"@id":"https:\/\/ranoja.ee\/toode\/saeketioli-pilarol-vg-150-205l-orlen-oil\/#breadcrumb"},"inLanguage":"en-US","potentialAction":[{"@type":"ReadAction","target":["https:\/\/ranoja.ee\/toode\/saeketioli-pilarol-vg-150-205l-orlen-oil\/"]}]},{"@type":"ImageObject","inLanguage":"en-US","@id":"https:\/\/ranoja.ee\/toode\/saeketioli-pilarol-vg-150-205l-orlen-oil\/#primaryimage","url":"https:\/\/ranoja.ee\/wp-content\/uploads\/2026\/03\/5637748121.jpg","contentUrl":"https:\/\/ranoja.ee\/wp-content\/uploads\/2026\/03\/5637748121.jpg","width":474,"height":713},{"@type":"BreadcrumbList","@id":"https:\/\/ranoja.ee\/toode\/saeketioli-pilarol-vg-150-205l-orlen-oil\/#breadcrumb","itemListElement":[{"@type":"ListItem","position":1,"name":"Home","item":"https:\/\/ranoja.ee\/"},{"@type":"ListItem","position":2,"name":"Shop","item":"https:\/\/ranoja.ee\/en\/shop\/"},{"@type":"ListItem","position":3,"name":"Saeketi\u00f5li Pilarol VG 150 205L, Orlen Oil"}]},{"@type":"WebSite","@id":"https:\/\/ranoja.ee\/#website","url":"https:\/\/ranoja.ee\/","name":"Ranoja","description":"Equipment Shop WooCommerce WordPress Theme for Machine &amp; Tools","publisher":{"@id":"https:\/\/ranoja.ee\/#organization"},"potentialAction":[{"@type":"SearchAction","target":{"@type":"EntryPoint","urlTemplate":"https:\/\/ranoja.ee\/?s={search_term_string}"},"query-input":{"@type":"PropertyValueSpecification","valueRequired":true,"valueName":"search_term_string"}}],"inLanguage":"en-US"},{"@type":"Organization","@id":"https:\/\/ranoja.ee\/#organization","name":"Ranoja O\u00dc","url":"https:\/\/ranoja.ee\/","logo":{"@type":"ImageObject","inLanguage":"en-US","@id":"https:\/\/ranoja.ee\/#\/schema\/logo\/image\/","url":"https:\/\/ranoja.ee\/wp-content\/uploads\/2023\/11\/ranoja-Logo.png","contentUrl":"https:\/\/ranoja.ee\/wp-content\/uploads\/2023\/11\/ranoja-Logo.png","width":207,"height":58,"caption":"Ranoja O\u00dc"},"image":{"@id":"https:\/\/ranoja.ee\/#\/schema\/logo\/image\/"},"sameAs":["https:\/\/www.facebook.com\/ranoja.ee","https:\/\/www.instagram.com\/ranoja__\/"]}]}},"_links":{"self":[{"href":"https:\/\/ranoja.ee\/en\/wp-json\/wp\/v2\/product\/61836","targetHints":{"allow":["GET"]}}],"collection":[{"href":"https:\/\/ranoja.ee\/en\/wp-json\/wp\/v2\/product"}],"about":[{"href":"https:\/\/ranoja.ee\/en\/wp-json\/wp\/v2\/types\/product"}],"wp:featuredmedia":[{"embeddable":true,"href":"https:\/\/ranoja.ee\/en\/wp-json\/wp\/v2\/media\/61837"}],"wp:attachment":[{"href":"https:\/\/ranoja.ee\/en\/wp-json\/wp\/v2\/media?parent=61836"}],"wp:term":[{"taxonomy":"product_cat","embeddable":true,"href":"https:\/\/ranoja.ee\/en\/wp-json\/wp\/v2\/product_cat?post=61836"},{"taxonomy":"product_tag","embeddable":true,"href":"https:\/\/ranoja.ee\/en\/wp-json\/wp\/v2\/product_tag?post=61836"}],"curies":[{"name":"wp","href":"https:\/\/api.w.org\/{rel}","templated":true}]}}