{"id":61812,"date":"2026-03-17T02:33:26","date_gmt":"2026-03-16T23:33:26","guid":{"rendered":"https:\/\/ranoja.ee\/toode\/liimipustol-eg-pen-7mm-hoidjaga-rapid-2\/"},"modified":"2026-03-17T15:36:07","modified_gmt":"2026-03-17T12:36:07","slug":"liimipustol-eg-pen-7mm-hoidjaga-rapid-2","status":"publish","type":"product","link":"https:\/\/ranoja.ee\/en\/toode\/liimipustol-eg-pen-7mm-hoidjaga-rapid-2\/","title":{"rendered":"Liimip\u00fcstol EG PEN, 7mm, hoidjaga, Rapid"},"content":{"rendered":"","protected":false},"excerpt":{"rendered":"<p>See mitmek\u00fclgne pliiatsikujuline liimip\u00fcstol sobib ideaalselt kasutamiseks nii kodus kui ka kunsti- ja k\u00e4sit\u00f6\u00f6projektides, pakkudes paremat haaret ja pikka p\u00e4\u00e4stikut sujuvamaks ja t\u00e4psemaks liimimiseks ning suuremat kontrolli keeruliste v\u00f5i detailirohkete projektidega t\u00f6\u00f6tamisel. <br \/>\nSee kuumeneb vaid 60 sekundiga ja tarnitakse koos stabiilse alusega praktiliseks, ohutuks ja puhtaks hoiustamiseks kasutusperioodide vahel. <br \/>\nM\u00f5eldud kasutamiseks 7 mm l\u00e4bipaistvate ja v\u00e4rviliste liimipulkade valikuga, sobib suurep\u00e4raselt paljudeks erinevateks t\u00f6\u00f6deks.<\/p>\n<p>7 mm liimipulkadele<br \/>\nKuumeneb vaid 60 sekundiga<br \/>\nPliiatsi kuju tagab suurema t\u00e4psuse ja parema haarde<br \/>\nSuure mugavusega haardealad<br \/>\nSissel\u00fclitumise m\u00e4rgutuli<br \/>\n2 m pikk juhe<br \/>\nPraktiline alus koos silikoonist tilgaalusega<\/p>\n<p><\/p>\n","protected":false},"featured_media":61813,"template":"","meta":{"inline_featured_image":false},"product_cat":[1094,5111,1102,5245],"product_tag":[],"class_list":{"0":"post-61812","1":"product","2":"type-product","3":"status-publish","4":"has-post-thumbnail","6":"product_brand-rapid","7":"product_cat-akutooriistad","8":"product_cat-elektrilised-kasitooriistad","9":"product_cat-liimipustolid","10":"product_cat-muud-elektrilised-tooriistad","12":"first","13":"instock","14":"purchasable","15":"product-type-simple"},"yoast_head":"<!-- This site is optimized with the Yoast SEO plugin v27.4 - https:\/\/yoast.com\/product\/yoast-seo-wordpress\/ -->\n<title>Liimip\u00fcstol EG PEN, 7mm, hoidjaga, Rapid - Ranoja<\/title>\n<meta name=\"robots\" content=\"index, follow, max-snippet:-1, max-image-preview:large, max-video-preview:-1\" \/>\n<link rel=\"canonical\" href=\"https:\/\/ranoja.ee\/toode\/liimipustol-eg-pen-7mm-hoidjaga-rapid-2\/\" \/>\n<meta property=\"og:locale\" content=\"en_US\" \/>\n<meta property=\"og:type\" content=\"article\" \/>\n<meta property=\"og:title\" content=\"Liimip\u00fcstol EG PEN, 7mm, hoidjaga, Rapid - Ranoja\" \/>\n<meta property=\"og:description\" content=\"See mitmek\u00fclgne pliiatsikujuline liimip\u00fcstol sobib ideaalselt kasutamiseks nii kodus kui ka kunsti- ja k\u00e4sit\u00f6\u00f6projektides, pakkudes paremat haaret ja pikka p\u00e4\u00e4stikut sujuvamaks ja t\u00e4psemaks liimimiseks ning suuremat kontrolli keeruliste v\u00f5i detailirohkete projektidega t\u00f6\u00f6tamisel. See kuumeneb vaid 60 sekundiga ja tarnitakse koos stabiilse alusega praktiliseks, ohutuks ja puhtaks hoiustamiseks kasutusperioodide vahel. M\u00f5eldud kasutamiseks 7 mm l\u00e4bipaistvate ja v\u00e4rviliste liimipulkade valikuga, sobib suurep\u00e4raselt paljudeks erinevateks t\u00f6\u00f6deks. 7 mm liimipulkadele Kuumeneb vaid 60 sekundiga Pliiatsi kuju tagab suurema t\u00e4psuse ja parema haarde Suure mugavusega haardealad Sissel\u00fclitumise m\u00e4rgutuli 2 m pikk juhe Praktiline alus koos silikoonist tilgaalusega\" \/>\n<meta property=\"og:url\" content=\"https:\/\/ranoja.ee\/toode\/liimipustol-eg-pen-7mm-hoidjaga-rapid-2\/\" \/>\n<meta property=\"og:site_name\" content=\"Ranoja\" \/>\n<meta property=\"article:publisher\" content=\"https:\/\/www.facebook.com\/ranoja.ee\" \/>\n<meta property=\"article:modified_time\" content=\"2026-03-17T12:36:07+00:00\" \/>\n<meta property=\"og:image\" content=\"https:\/\/ranoja.ee\/wp-content\/uploads\/2026\/03\/241740873.jpg\" \/>\n\t<meta property=\"og:image:width\" content=\"600\" \/>\n\t<meta property=\"og:image:height\" content=\"600\" \/>\n\t<meta property=\"og:image:type\" content=\"image\/jpeg\" \/>\n<meta name=\"twitter:card\" content=\"summary_large_image\" \/>\n<script type=\"application\/ld+json\" class=\"yoast-schema-graph\">{\"@context\":\"https:\\\/\\\/schema.org\",\"@graph\":[{\"@type\":\"WebPage\",\"@id\":\"https:\\\/\\\/ranoja.ee\\\/toode\\\/liimipustol-eg-pen-7mm-hoidjaga-rapid-2\\\/\",\"url\":\"https:\\\/\\\/ranoja.ee\\\/toode\\\/liimipustol-eg-pen-7mm-hoidjaga-rapid-2\\\/\",\"name\":\"Liimip\u00fcstol EG PEN, 7mm, hoidjaga, Rapid - Ranoja\",\"isPartOf\":{\"@id\":\"https:\\\/\\\/ranoja.ee\\\/#website\"},\"primaryImageOfPage\":{\"@id\":\"https:\\\/\\\/ranoja.ee\\\/toode\\\/liimipustol-eg-pen-7mm-hoidjaga-rapid-2\\\/#primaryimage\"},\"image\":{\"@id\":\"https:\\\/\\\/ranoja.ee\\\/toode\\\/liimipustol-eg-pen-7mm-hoidjaga-rapid-2\\\/#primaryimage\"},\"thumbnailUrl\":\"https:\\\/\\\/ranoja.ee\\\/wp-content\\\/uploads\\\/2026\\\/03\\\/241740873.jpg\",\"datePublished\":\"2026-03-16T23:33:26+00:00\",\"dateModified\":\"2026-03-17T12:36:07+00:00\",\"breadcrumb\":{\"@id\":\"https:\\\/\\\/ranoja.ee\\\/toode\\\/liimipustol-eg-pen-7mm-hoidjaga-rapid-2\\\/#breadcrumb\"},\"inLanguage\":\"en-US\",\"potentialAction\":[{\"@type\":\"ReadAction\",\"target\":[\"https:\\\/\\\/ranoja.ee\\\/toode\\\/liimipustol-eg-pen-7mm-hoidjaga-rapid-2\\\/\"]}]},{\"@type\":\"ImageObject\",\"inLanguage\":\"en-US\",\"@id\":\"https:\\\/\\\/ranoja.ee\\\/toode\\\/liimipustol-eg-pen-7mm-hoidjaga-rapid-2\\\/#primaryimage\",\"url\":\"https:\\\/\\\/ranoja.ee\\\/wp-content\\\/uploads\\\/2026\\\/03\\\/241740873.jpg\",\"contentUrl\":\"https:\\\/\\\/ranoja.ee\\\/wp-content\\\/uploads\\\/2026\\\/03\\\/241740873.jpg\",\"width\":600,\"height\":600},{\"@type\":\"BreadcrumbList\",\"@id\":\"https:\\\/\\\/ranoja.ee\\\/toode\\\/liimipustol-eg-pen-7mm-hoidjaga-rapid-2\\\/#breadcrumb\",\"itemListElement\":[{\"@type\":\"ListItem\",\"position\":1,\"name\":\"Home\",\"item\":\"https:\\\/\\\/ranoja.ee\\\/\"},{\"@type\":\"ListItem\",\"position\":2,\"name\":\"Shop\",\"item\":\"https:\\\/\\\/ranoja.ee\\\/en\\\/shop\\\/\"},{\"@type\":\"ListItem\",\"position\":3,\"name\":\"Liimip\u00fcstol EG PEN, 7mm, hoidjaga, Rapid\"}]},{\"@type\":\"WebSite\",\"@id\":\"https:\\\/\\\/ranoja.ee\\\/#website\",\"url\":\"https:\\\/\\\/ranoja.ee\\\/\",\"name\":\"Ranoja\",\"description\":\"Equipment Shop WooCommerce WordPress Theme for Machine &amp; Tools\",\"publisher\":{\"@id\":\"https:\\\/\\\/ranoja.ee\\\/#organization\"},\"potentialAction\":[{\"@type\":\"SearchAction\",\"target\":{\"@type\":\"EntryPoint\",\"urlTemplate\":\"https:\\\/\\\/ranoja.ee\\\/?s={search_term_string}\"},\"query-input\":{\"@type\":\"PropertyValueSpecification\",\"valueRequired\":true,\"valueName\":\"search_term_string\"}}],\"inLanguage\":\"en-US\"},{\"@type\":\"Organization\",\"@id\":\"https:\\\/\\\/ranoja.ee\\\/#organization\",\"name\":\"Ranoja O\u00dc\",\"url\":\"https:\\\/\\\/ranoja.ee\\\/\",\"logo\":{\"@type\":\"ImageObject\",\"inLanguage\":\"en-US\",\"@id\":\"https:\\\/\\\/ranoja.ee\\\/#\\\/schema\\\/logo\\\/image\\\/\",\"url\":\"https:\\\/\\\/ranoja.ee\\\/wp-content\\\/uploads\\\/2023\\\/11\\\/ranoja-Logo.png\",\"contentUrl\":\"https:\\\/\\\/ranoja.ee\\\/wp-content\\\/uploads\\\/2023\\\/11\\\/ranoja-Logo.png\",\"width\":207,\"height\":58,\"caption\":\"Ranoja O\u00dc\"},\"image\":{\"@id\":\"https:\\\/\\\/ranoja.ee\\\/#\\\/schema\\\/logo\\\/image\\\/\"},\"sameAs\":[\"https:\\\/\\\/www.facebook.com\\\/ranoja.ee\",\"https:\\\/\\\/www.instagram.com\\\/ranoja__\\\/\"]}]}<\/script>\n<!-- \/ Yoast SEO plugin. -->","yoast_head_json":{"title":"Liimip\u00fcstol EG PEN, 7mm, hoidjaga, Rapid - Ranoja","robots":{"index":"index","follow":"follow","max-snippet":"max-snippet:-1","max-image-preview":"max-image-preview:large","max-video-preview":"max-video-preview:-1"},"canonical":"https:\/\/ranoja.ee\/toode\/liimipustol-eg-pen-7mm-hoidjaga-rapid-2\/","og_locale":"en_US","og_type":"article","og_title":"Liimip\u00fcstol EG PEN, 7mm, hoidjaga, Rapid - Ranoja","og_description":"See mitmek\u00fclgne pliiatsikujuline liimip\u00fcstol sobib ideaalselt kasutamiseks nii kodus kui ka kunsti- ja k\u00e4sit\u00f6\u00f6projektides, pakkudes paremat haaret ja pikka p\u00e4\u00e4stikut sujuvamaks ja t\u00e4psemaks liimimiseks ning suuremat kontrolli keeruliste v\u00f5i detailirohkete projektidega t\u00f6\u00f6tamisel. See kuumeneb vaid 60 sekundiga ja tarnitakse koos stabiilse alusega praktiliseks, ohutuks ja puhtaks hoiustamiseks kasutusperioodide vahel. M\u00f5eldud kasutamiseks 7 mm l\u00e4bipaistvate ja v\u00e4rviliste liimipulkade valikuga, sobib suurep\u00e4raselt paljudeks erinevateks t\u00f6\u00f6deks. 7 mm liimipulkadele Kuumeneb vaid 60 sekundiga Pliiatsi kuju tagab suurema t\u00e4psuse ja parema haarde Suure mugavusega haardealad Sissel\u00fclitumise m\u00e4rgutuli 2 m pikk juhe Praktiline alus koos silikoonist tilgaalusega","og_url":"https:\/\/ranoja.ee\/toode\/liimipustol-eg-pen-7mm-hoidjaga-rapid-2\/","og_site_name":"Ranoja","article_publisher":"https:\/\/www.facebook.com\/ranoja.ee","article_modified_time":"2026-03-17T12:36:07+00:00","og_image":[{"width":600,"height":600,"url":"https:\/\/ranoja.ee\/wp-content\/uploads\/2026\/03\/241740873.jpg","type":"image\/jpeg"}],"twitter_card":"summary_large_image","schema":{"@context":"https:\/\/schema.org","@graph":[{"@type":"WebPage","@id":"https:\/\/ranoja.ee\/toode\/liimipustol-eg-pen-7mm-hoidjaga-rapid-2\/","url":"https:\/\/ranoja.ee\/toode\/liimipustol-eg-pen-7mm-hoidjaga-rapid-2\/","name":"Liimip\u00fcstol EG PEN, 7mm, hoidjaga, Rapid - Ranoja","isPartOf":{"@id":"https:\/\/ranoja.ee\/#website"},"primaryImageOfPage":{"@id":"https:\/\/ranoja.ee\/toode\/liimipustol-eg-pen-7mm-hoidjaga-rapid-2\/#primaryimage"},"image":{"@id":"https:\/\/ranoja.ee\/toode\/liimipustol-eg-pen-7mm-hoidjaga-rapid-2\/#primaryimage"},"thumbnailUrl":"https:\/\/ranoja.ee\/wp-content\/uploads\/2026\/03\/241740873.jpg","datePublished":"2026-03-16T23:33:26+00:00","dateModified":"2026-03-17T12:36:07+00:00","breadcrumb":{"@id":"https:\/\/ranoja.ee\/toode\/liimipustol-eg-pen-7mm-hoidjaga-rapid-2\/#breadcrumb"},"inLanguage":"en-US","potentialAction":[{"@type":"ReadAction","target":["https:\/\/ranoja.ee\/toode\/liimipustol-eg-pen-7mm-hoidjaga-rapid-2\/"]}]},{"@type":"ImageObject","inLanguage":"en-US","@id":"https:\/\/ranoja.ee\/toode\/liimipustol-eg-pen-7mm-hoidjaga-rapid-2\/#primaryimage","url":"https:\/\/ranoja.ee\/wp-content\/uploads\/2026\/03\/241740873.jpg","contentUrl":"https:\/\/ranoja.ee\/wp-content\/uploads\/2026\/03\/241740873.jpg","width":600,"height":600},{"@type":"BreadcrumbList","@id":"https:\/\/ranoja.ee\/toode\/liimipustol-eg-pen-7mm-hoidjaga-rapid-2\/#breadcrumb","itemListElement":[{"@type":"ListItem","position":1,"name":"Home","item":"https:\/\/ranoja.ee\/"},{"@type":"ListItem","position":2,"name":"Shop","item":"https:\/\/ranoja.ee\/en\/shop\/"},{"@type":"ListItem","position":3,"name":"Liimip\u00fcstol EG PEN, 7mm, hoidjaga, Rapid"}]},{"@type":"WebSite","@id":"https:\/\/ranoja.ee\/#website","url":"https:\/\/ranoja.ee\/","name":"Ranoja","description":"Equipment Shop WooCommerce WordPress Theme for Machine &amp; Tools","publisher":{"@id":"https:\/\/ranoja.ee\/#organization"},"potentialAction":[{"@type":"SearchAction","target":{"@type":"EntryPoint","urlTemplate":"https:\/\/ranoja.ee\/?s={search_term_string}"},"query-input":{"@type":"PropertyValueSpecification","valueRequired":true,"valueName":"search_term_string"}}],"inLanguage":"en-US"},{"@type":"Organization","@id":"https:\/\/ranoja.ee\/#organization","name":"Ranoja O\u00dc","url":"https:\/\/ranoja.ee\/","logo":{"@type":"ImageObject","inLanguage":"en-US","@id":"https:\/\/ranoja.ee\/#\/schema\/logo\/image\/","url":"https:\/\/ranoja.ee\/wp-content\/uploads\/2023\/11\/ranoja-Logo.png","contentUrl":"https:\/\/ranoja.ee\/wp-content\/uploads\/2023\/11\/ranoja-Logo.png","width":207,"height":58,"caption":"Ranoja O\u00dc"},"image":{"@id":"https:\/\/ranoja.ee\/#\/schema\/logo\/image\/"},"sameAs":["https:\/\/www.facebook.com\/ranoja.ee","https:\/\/www.instagram.com\/ranoja__\/"]}]}},"_links":{"self":[{"href":"https:\/\/ranoja.ee\/en\/wp-json\/wp\/v2\/product\/61812","targetHints":{"allow":["GET"]}}],"collection":[{"href":"https:\/\/ranoja.ee\/en\/wp-json\/wp\/v2\/product"}],"about":[{"href":"https:\/\/ranoja.ee\/en\/wp-json\/wp\/v2\/types\/product"}],"wp:featuredmedia":[{"embeddable":true,"href":"https:\/\/ranoja.ee\/en\/wp-json\/wp\/v2\/media\/61813"}],"wp:attachment":[{"href":"https:\/\/ranoja.ee\/en\/wp-json\/wp\/v2\/media?parent=61812"}],"wp:term":[{"taxonomy":"product_cat","embeddable":true,"href":"https:\/\/ranoja.ee\/en\/wp-json\/wp\/v2\/product_cat?post=61812"},{"taxonomy":"product_tag","embeddable":true,"href":"https:\/\/ranoja.ee\/en\/wp-json\/wp\/v2\/product_tag?post=61812"}],"curies":[{"name":"wp","href":"https:\/\/api.w.org\/{rel}","templated":true}]}}