{"id":61786,"date":"2026-03-17T02:33:26","date_gmt":"2026-03-16T23:33:26","guid":{"rendered":"https:\/\/ranoja.ee\/toode\/liimipustol-cg270-12mm-akuga-rapid-2\/"},"modified":"2026-03-17T15:36:07","modified_gmt":"2026-03-17T12:36:07","slug":"liimipustol-cg270-12mm-akuga-rapid-2","status":"publish","type":"product","link":"https:\/\/ranoja.ee\/en\/toode\/liimipustol-cg270-12mm-akuga-rapid-2\/","title":{"rendered":"Liimip\u00fcstol CG270, 12mm, akuga, Rapid"},"content":{"rendered":"","protected":false},"excerpt":{"rendered":"<p>Ideaalne liimip\u00fcstol mitmesugusteks t\u00f6\u00f6deks nii sise- kui ka v\u00e4listingimustes. CG270 pakub suuremat kasutusmugavust t\u00e4nu juhtmevabale t\u00f6\u00f6tamislahendusele, mis v\u00f5imaldab t\u00f6\u00f6tada kuni 7 minutit juhtmeta. Lisaks on sellel uus ja t\u00e4iustatud etteande- ja p\u00e4\u00e4stikumehhanism, mis on loodud liimi sujuvamaks ja t\u00f5husamaks pealekandmiseks. Suur liimiv\u00e4ljund v\u00f5imaldab teil t\u00f6\u00f6tada t\u00f5husamalt suurel kiirusel. Vahetatav otsik (saadaval eraldi) v\u00f5imaldab liimi peale kanda joonte ja t\u00e4ppidena, suurendades t\u00e4psust.<\/p>\n<p>Omadused<br \/>\n12 mm liimipulkadele<br \/>\n350 g\/h liimiv\u00e4ljund<br \/>\n3 minutit kuumenemisaega<br \/>\nEemaldatav juhe, 7 minutit pidevat t\u00f6\u00f6d vooluv\u00f5rgust lahti\u00fchendatuna<br \/>\nPehme haardega p\u00e4\u00e4stik ja k\u00e4epide<br \/>\nVahetatav otsik<br \/>\nReguleeritav alus<\/p>\n","protected":false},"featured_media":61787,"template":"","meta":{"inline_featured_image":false},"product_cat":[1094,5111,1102,5245],"product_tag":[],"class_list":{"0":"post-61786","1":"product","2":"type-product","3":"status-publish","4":"has-post-thumbnail","6":"product_brand-rapid","7":"product_cat-akutooriistad","8":"product_cat-elektrilised-kasitooriistad","9":"product_cat-liimipustolid","10":"product_cat-muud-elektrilised-tooriistad","12":"first","13":"instock","14":"purchasable","15":"product-type-simple"},"yoast_head":"<!-- This site is optimized with the Yoast SEO plugin v27.4 - https:\/\/yoast.com\/product\/yoast-seo-wordpress\/ -->\n<title>Liimip\u00fcstol CG270, 12mm, akuga, Rapid - Ranoja<\/title>\n<meta name=\"robots\" content=\"index, follow, max-snippet:-1, max-image-preview:large, max-video-preview:-1\" \/>\n<link rel=\"canonical\" href=\"https:\/\/ranoja.ee\/toode\/liimipustol-cg270-12mm-akuga-rapid-2\/\" \/>\n<meta property=\"og:locale\" content=\"en_US\" \/>\n<meta property=\"og:type\" content=\"article\" \/>\n<meta property=\"og:title\" content=\"Liimip\u00fcstol CG270, 12mm, akuga, Rapid - Ranoja\" \/>\n<meta property=\"og:description\" content=\"Ideaalne liimip\u00fcstol mitmesugusteks t\u00f6\u00f6deks nii sise- kui ka v\u00e4listingimustes. CG270 pakub suuremat kasutusmugavust t\u00e4nu juhtmevabale t\u00f6\u00f6tamislahendusele, mis v\u00f5imaldab t\u00f6\u00f6tada kuni 7 minutit juhtmeta. Lisaks on sellel uus ja t\u00e4iustatud etteande- ja p\u00e4\u00e4stikumehhanism, mis on loodud liimi sujuvamaks ja t\u00f5husamaks pealekandmiseks. Suur liimiv\u00e4ljund v\u00f5imaldab teil t\u00f6\u00f6tada t\u00f5husamalt suurel kiirusel. Vahetatav otsik (saadaval eraldi) v\u00f5imaldab liimi peale kanda joonte ja t\u00e4ppidena, suurendades t\u00e4psust. Omadused 12 mm liimipulkadele 350 g\/h liimiv\u00e4ljund 3 minutit kuumenemisaega Eemaldatav juhe, 7 minutit pidevat t\u00f6\u00f6d vooluv\u00f5rgust lahti\u00fchendatuna Pehme haardega p\u00e4\u00e4stik ja k\u00e4epide Vahetatav otsik Reguleeritav alus\" \/>\n<meta property=\"og:url\" content=\"https:\/\/ranoja.ee\/toode\/liimipustol-cg270-12mm-akuga-rapid-2\/\" \/>\n<meta property=\"og:site_name\" content=\"Ranoja\" \/>\n<meta property=\"article:publisher\" content=\"https:\/\/www.facebook.com\/ranoja.ee\" \/>\n<meta property=\"article:modified_time\" content=\"2026-03-17T12:36:07+00:00\" \/>\n<meta property=\"og:image\" content=\"https:\/\/ranoja.ee\/wp-content\/uploads\/2026\/03\/241739148.jpg\" \/>\n\t<meta property=\"og:image:width\" content=\"600\" \/>\n\t<meta property=\"og:image:height\" content=\"600\" \/>\n\t<meta property=\"og:image:type\" content=\"image\/jpeg\" \/>\n<meta name=\"twitter:card\" content=\"summary_large_image\" \/>\n<script type=\"application\/ld+json\" class=\"yoast-schema-graph\">{\"@context\":\"https:\\\/\\\/schema.org\",\"@graph\":[{\"@type\":\"WebPage\",\"@id\":\"https:\\\/\\\/ranoja.ee\\\/toode\\\/liimipustol-cg270-12mm-akuga-rapid-2\\\/\",\"url\":\"https:\\\/\\\/ranoja.ee\\\/toode\\\/liimipustol-cg270-12mm-akuga-rapid-2\\\/\",\"name\":\"Liimip\u00fcstol CG270, 12mm, akuga, Rapid - Ranoja\",\"isPartOf\":{\"@id\":\"https:\\\/\\\/ranoja.ee\\\/#website\"},\"primaryImageOfPage\":{\"@id\":\"https:\\\/\\\/ranoja.ee\\\/toode\\\/liimipustol-cg270-12mm-akuga-rapid-2\\\/#primaryimage\"},\"image\":{\"@id\":\"https:\\\/\\\/ranoja.ee\\\/toode\\\/liimipustol-cg270-12mm-akuga-rapid-2\\\/#primaryimage\"},\"thumbnailUrl\":\"https:\\\/\\\/ranoja.ee\\\/wp-content\\\/uploads\\\/2026\\\/03\\\/241739148.jpg\",\"datePublished\":\"2026-03-16T23:33:26+00:00\",\"dateModified\":\"2026-03-17T12:36:07+00:00\",\"breadcrumb\":{\"@id\":\"https:\\\/\\\/ranoja.ee\\\/toode\\\/liimipustol-cg270-12mm-akuga-rapid-2\\\/#breadcrumb\"},\"inLanguage\":\"en-US\",\"potentialAction\":[{\"@type\":\"ReadAction\",\"target\":[\"https:\\\/\\\/ranoja.ee\\\/toode\\\/liimipustol-cg270-12mm-akuga-rapid-2\\\/\"]}]},{\"@type\":\"ImageObject\",\"inLanguage\":\"en-US\",\"@id\":\"https:\\\/\\\/ranoja.ee\\\/toode\\\/liimipustol-cg270-12mm-akuga-rapid-2\\\/#primaryimage\",\"url\":\"https:\\\/\\\/ranoja.ee\\\/wp-content\\\/uploads\\\/2026\\\/03\\\/241739148.jpg\",\"contentUrl\":\"https:\\\/\\\/ranoja.ee\\\/wp-content\\\/uploads\\\/2026\\\/03\\\/241739148.jpg\",\"width\":600,\"height\":600},{\"@type\":\"BreadcrumbList\",\"@id\":\"https:\\\/\\\/ranoja.ee\\\/toode\\\/liimipustol-cg270-12mm-akuga-rapid-2\\\/#breadcrumb\",\"itemListElement\":[{\"@type\":\"ListItem\",\"position\":1,\"name\":\"Home\",\"item\":\"https:\\\/\\\/ranoja.ee\\\/\"},{\"@type\":\"ListItem\",\"position\":2,\"name\":\"Shop\",\"item\":\"https:\\\/\\\/ranoja.ee\\\/en\\\/shop\\\/\"},{\"@type\":\"ListItem\",\"position\":3,\"name\":\"Liimip\u00fcstol CG270, 12mm, akuga, Rapid\"}]},{\"@type\":\"WebSite\",\"@id\":\"https:\\\/\\\/ranoja.ee\\\/#website\",\"url\":\"https:\\\/\\\/ranoja.ee\\\/\",\"name\":\"Ranoja\",\"description\":\"Equipment Shop WooCommerce WordPress Theme for Machine &amp; Tools\",\"publisher\":{\"@id\":\"https:\\\/\\\/ranoja.ee\\\/#organization\"},\"potentialAction\":[{\"@type\":\"SearchAction\",\"target\":{\"@type\":\"EntryPoint\",\"urlTemplate\":\"https:\\\/\\\/ranoja.ee\\\/?s={search_term_string}\"},\"query-input\":{\"@type\":\"PropertyValueSpecification\",\"valueRequired\":true,\"valueName\":\"search_term_string\"}}],\"inLanguage\":\"en-US\"},{\"@type\":\"Organization\",\"@id\":\"https:\\\/\\\/ranoja.ee\\\/#organization\",\"name\":\"Ranoja O\u00dc\",\"url\":\"https:\\\/\\\/ranoja.ee\\\/\",\"logo\":{\"@type\":\"ImageObject\",\"inLanguage\":\"en-US\",\"@id\":\"https:\\\/\\\/ranoja.ee\\\/#\\\/schema\\\/logo\\\/image\\\/\",\"url\":\"https:\\\/\\\/ranoja.ee\\\/wp-content\\\/uploads\\\/2023\\\/11\\\/ranoja-Logo.png\",\"contentUrl\":\"https:\\\/\\\/ranoja.ee\\\/wp-content\\\/uploads\\\/2023\\\/11\\\/ranoja-Logo.png\",\"width\":207,\"height\":58,\"caption\":\"Ranoja O\u00dc\"},\"image\":{\"@id\":\"https:\\\/\\\/ranoja.ee\\\/#\\\/schema\\\/logo\\\/image\\\/\"},\"sameAs\":[\"https:\\\/\\\/www.facebook.com\\\/ranoja.ee\",\"https:\\\/\\\/www.instagram.com\\\/ranoja__\\\/\"]}]}<\/script>\n<!-- \/ Yoast SEO plugin. -->","yoast_head_json":{"title":"Liimip\u00fcstol CG270, 12mm, akuga, Rapid - Ranoja","robots":{"index":"index","follow":"follow","max-snippet":"max-snippet:-1","max-image-preview":"max-image-preview:large","max-video-preview":"max-video-preview:-1"},"canonical":"https:\/\/ranoja.ee\/toode\/liimipustol-cg270-12mm-akuga-rapid-2\/","og_locale":"en_US","og_type":"article","og_title":"Liimip\u00fcstol CG270, 12mm, akuga, Rapid - Ranoja","og_description":"Ideaalne liimip\u00fcstol mitmesugusteks t\u00f6\u00f6deks nii sise- kui ka v\u00e4listingimustes. CG270 pakub suuremat kasutusmugavust t\u00e4nu juhtmevabale t\u00f6\u00f6tamislahendusele, mis v\u00f5imaldab t\u00f6\u00f6tada kuni 7 minutit juhtmeta. Lisaks on sellel uus ja t\u00e4iustatud etteande- ja p\u00e4\u00e4stikumehhanism, mis on loodud liimi sujuvamaks ja t\u00f5husamaks pealekandmiseks. Suur liimiv\u00e4ljund v\u00f5imaldab teil t\u00f6\u00f6tada t\u00f5husamalt suurel kiirusel. Vahetatav otsik (saadaval eraldi) v\u00f5imaldab liimi peale kanda joonte ja t\u00e4ppidena, suurendades t\u00e4psust. Omadused 12 mm liimipulkadele 350 g\/h liimiv\u00e4ljund 3 minutit kuumenemisaega Eemaldatav juhe, 7 minutit pidevat t\u00f6\u00f6d vooluv\u00f5rgust lahti\u00fchendatuna Pehme haardega p\u00e4\u00e4stik ja k\u00e4epide Vahetatav otsik Reguleeritav alus","og_url":"https:\/\/ranoja.ee\/toode\/liimipustol-cg270-12mm-akuga-rapid-2\/","og_site_name":"Ranoja","article_publisher":"https:\/\/www.facebook.com\/ranoja.ee","article_modified_time":"2026-03-17T12:36:07+00:00","og_image":[{"width":600,"height":600,"url":"https:\/\/ranoja.ee\/wp-content\/uploads\/2026\/03\/241739148.jpg","type":"image\/jpeg"}],"twitter_card":"summary_large_image","schema":{"@context":"https:\/\/schema.org","@graph":[{"@type":"WebPage","@id":"https:\/\/ranoja.ee\/toode\/liimipustol-cg270-12mm-akuga-rapid-2\/","url":"https:\/\/ranoja.ee\/toode\/liimipustol-cg270-12mm-akuga-rapid-2\/","name":"Liimip\u00fcstol CG270, 12mm, akuga, Rapid - Ranoja","isPartOf":{"@id":"https:\/\/ranoja.ee\/#website"},"primaryImageOfPage":{"@id":"https:\/\/ranoja.ee\/toode\/liimipustol-cg270-12mm-akuga-rapid-2\/#primaryimage"},"image":{"@id":"https:\/\/ranoja.ee\/toode\/liimipustol-cg270-12mm-akuga-rapid-2\/#primaryimage"},"thumbnailUrl":"https:\/\/ranoja.ee\/wp-content\/uploads\/2026\/03\/241739148.jpg","datePublished":"2026-03-16T23:33:26+00:00","dateModified":"2026-03-17T12:36:07+00:00","breadcrumb":{"@id":"https:\/\/ranoja.ee\/toode\/liimipustol-cg270-12mm-akuga-rapid-2\/#breadcrumb"},"inLanguage":"en-US","potentialAction":[{"@type":"ReadAction","target":["https:\/\/ranoja.ee\/toode\/liimipustol-cg270-12mm-akuga-rapid-2\/"]}]},{"@type":"ImageObject","inLanguage":"en-US","@id":"https:\/\/ranoja.ee\/toode\/liimipustol-cg270-12mm-akuga-rapid-2\/#primaryimage","url":"https:\/\/ranoja.ee\/wp-content\/uploads\/2026\/03\/241739148.jpg","contentUrl":"https:\/\/ranoja.ee\/wp-content\/uploads\/2026\/03\/241739148.jpg","width":600,"height":600},{"@type":"BreadcrumbList","@id":"https:\/\/ranoja.ee\/toode\/liimipustol-cg270-12mm-akuga-rapid-2\/#breadcrumb","itemListElement":[{"@type":"ListItem","position":1,"name":"Home","item":"https:\/\/ranoja.ee\/"},{"@type":"ListItem","position":2,"name":"Shop","item":"https:\/\/ranoja.ee\/en\/shop\/"},{"@type":"ListItem","position":3,"name":"Liimip\u00fcstol CG270, 12mm, akuga, Rapid"}]},{"@type":"WebSite","@id":"https:\/\/ranoja.ee\/#website","url":"https:\/\/ranoja.ee\/","name":"Ranoja","description":"Equipment Shop WooCommerce WordPress Theme for Machine &amp; Tools","publisher":{"@id":"https:\/\/ranoja.ee\/#organization"},"potentialAction":[{"@type":"SearchAction","target":{"@type":"EntryPoint","urlTemplate":"https:\/\/ranoja.ee\/?s={search_term_string}"},"query-input":{"@type":"PropertyValueSpecification","valueRequired":true,"valueName":"search_term_string"}}],"inLanguage":"en-US"},{"@type":"Organization","@id":"https:\/\/ranoja.ee\/#organization","name":"Ranoja O\u00dc","url":"https:\/\/ranoja.ee\/","logo":{"@type":"ImageObject","inLanguage":"en-US","@id":"https:\/\/ranoja.ee\/#\/schema\/logo\/image\/","url":"https:\/\/ranoja.ee\/wp-content\/uploads\/2023\/11\/ranoja-Logo.png","contentUrl":"https:\/\/ranoja.ee\/wp-content\/uploads\/2023\/11\/ranoja-Logo.png","width":207,"height":58,"caption":"Ranoja O\u00dc"},"image":{"@id":"https:\/\/ranoja.ee\/#\/schema\/logo\/image\/"},"sameAs":["https:\/\/www.facebook.com\/ranoja.ee","https:\/\/www.instagram.com\/ranoja__\/"]}]}},"_links":{"self":[{"href":"https:\/\/ranoja.ee\/en\/wp-json\/wp\/v2\/product\/61786","targetHints":{"allow":["GET"]}}],"collection":[{"href":"https:\/\/ranoja.ee\/en\/wp-json\/wp\/v2\/product"}],"about":[{"href":"https:\/\/ranoja.ee\/en\/wp-json\/wp\/v2\/types\/product"}],"wp:featuredmedia":[{"embeddable":true,"href":"https:\/\/ranoja.ee\/en\/wp-json\/wp\/v2\/media\/61787"}],"wp:attachment":[{"href":"https:\/\/ranoja.ee\/en\/wp-json\/wp\/v2\/media?parent=61786"}],"wp:term":[{"taxonomy":"product_cat","embeddable":true,"href":"https:\/\/ranoja.ee\/en\/wp-json\/wp\/v2\/product_cat?post=61786"},{"taxonomy":"product_tag","embeddable":true,"href":"https:\/\/ranoja.ee\/en\/wp-json\/wp\/v2\/product_tag?post=61786"}],"curies":[{"name":"wp","href":"https:\/\/api.w.org\/{rel}","templated":true}]}}