{"id":61784,"date":"2026-03-17T02:33:00","date_gmt":"2026-03-16T23:33:00","guid":{"rendered":"https:\/\/ranoja.ee\/toode\/needitangid-rp100-multi-pressless-kahe-kae-liigendiga-rapid-2\/"},"modified":"2026-03-18T12:56:54","modified_gmt":"2026-03-18T09:56:54","slug":"needitangid-rp100-multi-pressless-kahe-kae-liigendiga-rapid-2","status":"publish","type":"product","link":"https:\/\/ranoja.ee\/en\/toode\/needitangid-rp100-multi-pressless-kahe-kae-liigendiga-rapid-2\/","title":{"rendered":"Needitangid RP100 Multi PressLess, kahe k\u00e4e liigendiga, Rapid"},"content":{"rendered":"","protected":false},"excerpt":{"rendered":"<p>H\u00f5lpsasti kasutatavad, v\u00f5imsad ja vastupidavad neetimistangid, mis sobivad igat t\u00fc\u00fcpi lehtmetallit\u00f6\u00f6deks ja -parandusteks. <br \/>\nJ\u00f5utarvet v\u00e4hendav tehnoloogia ja mugav ergonoomiline k\u00e4epide muudavad RP100 Multi eriti sobivaks suurprojektides, sest v\u00f5imaldavad kauem t\u00f6\u00f6tada ja neetida ilma lihasv\u00e4simuseta.<br \/>\nAinulaadse multiotsaku abil saate kasutada erinevaid needi suurusi ilma otsakut vahetamata. <br \/>\nSee t\u00e4hendab v\u00e4hem katkestusi ja optimaalsemat tulemust igasugustel lehtmetallit\u00f6\u00f6del. <br \/>\nTangidel on ka integreeritud nihik, millega saab m\u00f5\u00f5ta liidetava materjali paksust, samuti needi l\u00e4bim\u00f5\u00f5tu. <br \/>\nT\u00f6\u00f6riist on m\u00f5eldud erinevast materjalist 3,2\u20134,8 mm neetidele ning suudab toime tulla isegi k\u00f5ige k\u00f5vemate roostevabast terasest neetidega. <br \/>\nMuude praktiliste omaduste hulgas on needitangindel n\u00e4iteks v\u00f6\u00f6rihmakonks ja needisabade koguja.<\/p>\n<p>Erinevast materjalist 3,2\u20134,8 mm pimeneetidele<br \/>\nMultiotsak \u2013 sobib k\u00f5igile 3,2\u20134,8 mm neetidele<br \/>\nNeedi l\u00e4bim\u00f5\u00f5du kontrollifunktsioon<br \/>\nIntegreeritud nihik<br \/>\nMugav ergonoomiline k\u00e4epide<br \/>\nPraktiline v\u00f6\u00f6rihmakonks<br \/>\nNeedisaba koguja<br \/>\nTugevad metallist haaratsid<br \/>\nKerge: 0,7 kg<br \/>\n5-aastane garantii<\/p>\n","protected":false},"featured_media":61785,"template":"","meta":{"inline_featured_image":false},"product_cat":[1596,1116,5220],"product_tag":[],"class_list":{"0":"post-61784","1":"product","2":"type-product","3":"status-publish","4":"has-post-thumbnail","6":"product_brand-rapid","7":"product_cat-kasitooriistad","8":"product_cat-lisaseadmed-ehitusseadmed-led-lisatuled-cb-raadiod-lallar","9":"product_cat-needitangid","11":"first","12":"instock","13":"purchasable","14":"product-type-simple"},"yoast_head":"<!-- This site is optimized with the Yoast SEO plugin v27.4 - https:\/\/yoast.com\/product\/yoast-seo-wordpress\/ -->\n<title>Needitangid RP100 Multi PressLess, kahe k\u00e4e liigendiga, Rapid - Ranoja<\/title>\n<meta name=\"robots\" content=\"index, follow, max-snippet:-1, max-image-preview:large, max-video-preview:-1\" \/>\n<link rel=\"canonical\" href=\"https:\/\/ranoja.ee\/toode\/needitangid-rp100-multi-pressless-kahe-kae-liigendiga-rapid-2\/\" \/>\n<meta property=\"og:locale\" content=\"en_US\" \/>\n<meta property=\"og:type\" content=\"article\" \/>\n<meta property=\"og:title\" content=\"Needitangid RP100 Multi PressLess, kahe k\u00e4e liigendiga, Rapid - Ranoja\" \/>\n<meta property=\"og:description\" content=\"H\u00f5lpsasti kasutatavad, v\u00f5imsad ja vastupidavad neetimistangid, mis sobivad igat t\u00fc\u00fcpi lehtmetallit\u00f6\u00f6deks ja -parandusteks. J\u00f5utarvet v\u00e4hendav tehnoloogia ja mugav ergonoomiline k\u00e4epide muudavad RP100 Multi eriti sobivaks suurprojektides, sest v\u00f5imaldavad kauem t\u00f6\u00f6tada ja neetida ilma lihasv\u00e4simuseta. Ainulaadse multiotsaku abil saate kasutada erinevaid needi suurusi ilma otsakut vahetamata. See t\u00e4hendab v\u00e4hem katkestusi ja optimaalsemat tulemust igasugustel lehtmetallit\u00f6\u00f6del. Tangidel on ka integreeritud nihik, millega saab m\u00f5\u00f5ta liidetava materjali paksust, samuti needi l\u00e4bim\u00f5\u00f5tu. T\u00f6\u00f6riist on m\u00f5eldud erinevast materjalist 3,2\u20134,8 mm neetidele ning suudab toime tulla isegi k\u00f5ige k\u00f5vemate roostevabast terasest neetidega. Muude praktiliste omaduste hulgas on needitangindel n\u00e4iteks v\u00f6\u00f6rihmakonks ja needisabade koguja. Erinevast materjalist 3,2\u20134,8 mm pimeneetidele Multiotsak \u2013 sobib k\u00f5igile 3,2\u20134,8 mm neetidele Needi l\u00e4bim\u00f5\u00f5du kontrollifunktsioon Integreeritud nihik Mugav ergonoomiline k\u00e4epide Praktiline v\u00f6\u00f6rihmakonks Needisaba koguja Tugevad metallist haaratsid Kerge: 0,7 kg 5-aastane garantii\" \/>\n<meta property=\"og:url\" content=\"https:\/\/ranoja.ee\/toode\/needitangid-rp100-multi-pressless-kahe-kae-liigendiga-rapid-2\/\" \/>\n<meta property=\"og:site_name\" content=\"Ranoja\" \/>\n<meta property=\"article:publisher\" content=\"https:\/\/www.facebook.com\/ranoja.ee\" \/>\n<meta property=\"article:modified_time\" content=\"2026-03-18T09:56:54+00:00\" \/>\n<meta property=\"og:image\" content=\"https:\/\/ranoja.ee\/wp-content\/uploads\/2026\/03\/5638499160.png\" \/>\n\t<meta property=\"og:image:width\" content=\"600\" \/>\n\t<meta property=\"og:image:height\" content=\"600\" \/>\n\t<meta property=\"og:image:type\" content=\"image\/png\" \/>\n<meta name=\"twitter:card\" content=\"summary_large_image\" \/>\n<script type=\"application\/ld+json\" class=\"yoast-schema-graph\">{\"@context\":\"https:\\\/\\\/schema.org\",\"@graph\":[{\"@type\":\"WebPage\",\"@id\":\"https:\\\/\\\/ranoja.ee\\\/toode\\\/needitangid-rp100-multi-pressless-kahe-kae-liigendiga-rapid-2\\\/\",\"url\":\"https:\\\/\\\/ranoja.ee\\\/toode\\\/needitangid-rp100-multi-pressless-kahe-kae-liigendiga-rapid-2\\\/\",\"name\":\"Needitangid RP100 Multi PressLess, kahe k\u00e4e liigendiga, Rapid - Ranoja\",\"isPartOf\":{\"@id\":\"https:\\\/\\\/ranoja.ee\\\/#website\"},\"primaryImageOfPage\":{\"@id\":\"https:\\\/\\\/ranoja.ee\\\/toode\\\/needitangid-rp100-multi-pressless-kahe-kae-liigendiga-rapid-2\\\/#primaryimage\"},\"image\":{\"@id\":\"https:\\\/\\\/ranoja.ee\\\/toode\\\/needitangid-rp100-multi-pressless-kahe-kae-liigendiga-rapid-2\\\/#primaryimage\"},\"thumbnailUrl\":\"https:\\\/\\\/ranoja.ee\\\/wp-content\\\/uploads\\\/2026\\\/03\\\/5638499160.png\",\"datePublished\":\"2026-03-16T23:33:00+00:00\",\"dateModified\":\"2026-03-18T09:56:54+00:00\",\"breadcrumb\":{\"@id\":\"https:\\\/\\\/ranoja.ee\\\/toode\\\/needitangid-rp100-multi-pressless-kahe-kae-liigendiga-rapid-2\\\/#breadcrumb\"},\"inLanguage\":\"en-US\",\"potentialAction\":[{\"@type\":\"ReadAction\",\"target\":[\"https:\\\/\\\/ranoja.ee\\\/toode\\\/needitangid-rp100-multi-pressless-kahe-kae-liigendiga-rapid-2\\\/\"]}]},{\"@type\":\"ImageObject\",\"inLanguage\":\"en-US\",\"@id\":\"https:\\\/\\\/ranoja.ee\\\/toode\\\/needitangid-rp100-multi-pressless-kahe-kae-liigendiga-rapid-2\\\/#primaryimage\",\"url\":\"https:\\\/\\\/ranoja.ee\\\/wp-content\\\/uploads\\\/2026\\\/03\\\/5638499160.png\",\"contentUrl\":\"https:\\\/\\\/ranoja.ee\\\/wp-content\\\/uploads\\\/2026\\\/03\\\/5638499160.png\",\"width\":600,\"height\":600},{\"@type\":\"BreadcrumbList\",\"@id\":\"https:\\\/\\\/ranoja.ee\\\/toode\\\/needitangid-rp100-multi-pressless-kahe-kae-liigendiga-rapid-2\\\/#breadcrumb\",\"itemListElement\":[{\"@type\":\"ListItem\",\"position\":1,\"name\":\"Home\",\"item\":\"https:\\\/\\\/ranoja.ee\\\/\"},{\"@type\":\"ListItem\",\"position\":2,\"name\":\"Shop\",\"item\":\"https:\\\/\\\/ranoja.ee\\\/en\\\/shop\\\/\"},{\"@type\":\"ListItem\",\"position\":3,\"name\":\"Needitangid RP100 Multi PressLess, kahe k\u00e4e liigendiga, Rapid\"}]},{\"@type\":\"WebSite\",\"@id\":\"https:\\\/\\\/ranoja.ee\\\/#website\",\"url\":\"https:\\\/\\\/ranoja.ee\\\/\",\"name\":\"Ranoja\",\"description\":\"Equipment Shop WooCommerce WordPress Theme for Machine &amp; Tools\",\"publisher\":{\"@id\":\"https:\\\/\\\/ranoja.ee\\\/#organization\"},\"potentialAction\":[{\"@type\":\"SearchAction\",\"target\":{\"@type\":\"EntryPoint\",\"urlTemplate\":\"https:\\\/\\\/ranoja.ee\\\/?s={search_term_string}\"},\"query-input\":{\"@type\":\"PropertyValueSpecification\",\"valueRequired\":true,\"valueName\":\"search_term_string\"}}],\"inLanguage\":\"en-US\"},{\"@type\":\"Organization\",\"@id\":\"https:\\\/\\\/ranoja.ee\\\/#organization\",\"name\":\"Ranoja O\u00dc\",\"url\":\"https:\\\/\\\/ranoja.ee\\\/\",\"logo\":{\"@type\":\"ImageObject\",\"inLanguage\":\"en-US\",\"@id\":\"https:\\\/\\\/ranoja.ee\\\/#\\\/schema\\\/logo\\\/image\\\/\",\"url\":\"https:\\\/\\\/ranoja.ee\\\/wp-content\\\/uploads\\\/2023\\\/11\\\/ranoja-Logo.png\",\"contentUrl\":\"https:\\\/\\\/ranoja.ee\\\/wp-content\\\/uploads\\\/2023\\\/11\\\/ranoja-Logo.png\",\"width\":207,\"height\":58,\"caption\":\"Ranoja O\u00dc\"},\"image\":{\"@id\":\"https:\\\/\\\/ranoja.ee\\\/#\\\/schema\\\/logo\\\/image\\\/\"},\"sameAs\":[\"https:\\\/\\\/www.facebook.com\\\/ranoja.ee\",\"https:\\\/\\\/www.instagram.com\\\/ranoja__\\\/\"]}]}<\/script>\n<!-- \/ Yoast SEO plugin. -->","yoast_head_json":{"title":"Needitangid RP100 Multi PressLess, kahe k\u00e4e liigendiga, Rapid - Ranoja","robots":{"index":"index","follow":"follow","max-snippet":"max-snippet:-1","max-image-preview":"max-image-preview:large","max-video-preview":"max-video-preview:-1"},"canonical":"https:\/\/ranoja.ee\/toode\/needitangid-rp100-multi-pressless-kahe-kae-liigendiga-rapid-2\/","og_locale":"en_US","og_type":"article","og_title":"Needitangid RP100 Multi PressLess, kahe k\u00e4e liigendiga, Rapid - Ranoja","og_description":"H\u00f5lpsasti kasutatavad, v\u00f5imsad ja vastupidavad neetimistangid, mis sobivad igat t\u00fc\u00fcpi lehtmetallit\u00f6\u00f6deks ja -parandusteks. J\u00f5utarvet v\u00e4hendav tehnoloogia ja mugav ergonoomiline k\u00e4epide muudavad RP100 Multi eriti sobivaks suurprojektides, sest v\u00f5imaldavad kauem t\u00f6\u00f6tada ja neetida ilma lihasv\u00e4simuseta. Ainulaadse multiotsaku abil saate kasutada erinevaid needi suurusi ilma otsakut vahetamata. See t\u00e4hendab v\u00e4hem katkestusi ja optimaalsemat tulemust igasugustel lehtmetallit\u00f6\u00f6del. Tangidel on ka integreeritud nihik, millega saab m\u00f5\u00f5ta liidetava materjali paksust, samuti needi l\u00e4bim\u00f5\u00f5tu. T\u00f6\u00f6riist on m\u00f5eldud erinevast materjalist 3,2\u20134,8 mm neetidele ning suudab toime tulla isegi k\u00f5ige k\u00f5vemate roostevabast terasest neetidega. Muude praktiliste omaduste hulgas on needitangindel n\u00e4iteks v\u00f6\u00f6rihmakonks ja needisabade koguja. Erinevast materjalist 3,2\u20134,8 mm pimeneetidele Multiotsak \u2013 sobib k\u00f5igile 3,2\u20134,8 mm neetidele Needi l\u00e4bim\u00f5\u00f5du kontrollifunktsioon Integreeritud nihik Mugav ergonoomiline k\u00e4epide Praktiline v\u00f6\u00f6rihmakonks Needisaba koguja Tugevad metallist haaratsid Kerge: 0,7 kg 5-aastane garantii","og_url":"https:\/\/ranoja.ee\/toode\/needitangid-rp100-multi-pressless-kahe-kae-liigendiga-rapid-2\/","og_site_name":"Ranoja","article_publisher":"https:\/\/www.facebook.com\/ranoja.ee","article_modified_time":"2026-03-18T09:56:54+00:00","og_image":[{"width":600,"height":600,"url":"https:\/\/ranoja.ee\/wp-content\/uploads\/2026\/03\/5638499160.png","type":"image\/png"}],"twitter_card":"summary_large_image","schema":{"@context":"https:\/\/schema.org","@graph":[{"@type":"WebPage","@id":"https:\/\/ranoja.ee\/toode\/needitangid-rp100-multi-pressless-kahe-kae-liigendiga-rapid-2\/","url":"https:\/\/ranoja.ee\/toode\/needitangid-rp100-multi-pressless-kahe-kae-liigendiga-rapid-2\/","name":"Needitangid RP100 Multi PressLess, kahe k\u00e4e liigendiga, Rapid - Ranoja","isPartOf":{"@id":"https:\/\/ranoja.ee\/#website"},"primaryImageOfPage":{"@id":"https:\/\/ranoja.ee\/toode\/needitangid-rp100-multi-pressless-kahe-kae-liigendiga-rapid-2\/#primaryimage"},"image":{"@id":"https:\/\/ranoja.ee\/toode\/needitangid-rp100-multi-pressless-kahe-kae-liigendiga-rapid-2\/#primaryimage"},"thumbnailUrl":"https:\/\/ranoja.ee\/wp-content\/uploads\/2026\/03\/5638499160.png","datePublished":"2026-03-16T23:33:00+00:00","dateModified":"2026-03-18T09:56:54+00:00","breadcrumb":{"@id":"https:\/\/ranoja.ee\/toode\/needitangid-rp100-multi-pressless-kahe-kae-liigendiga-rapid-2\/#breadcrumb"},"inLanguage":"en-US","potentialAction":[{"@type":"ReadAction","target":["https:\/\/ranoja.ee\/toode\/needitangid-rp100-multi-pressless-kahe-kae-liigendiga-rapid-2\/"]}]},{"@type":"ImageObject","inLanguage":"en-US","@id":"https:\/\/ranoja.ee\/toode\/needitangid-rp100-multi-pressless-kahe-kae-liigendiga-rapid-2\/#primaryimage","url":"https:\/\/ranoja.ee\/wp-content\/uploads\/2026\/03\/5638499160.png","contentUrl":"https:\/\/ranoja.ee\/wp-content\/uploads\/2026\/03\/5638499160.png","width":600,"height":600},{"@type":"BreadcrumbList","@id":"https:\/\/ranoja.ee\/toode\/needitangid-rp100-multi-pressless-kahe-kae-liigendiga-rapid-2\/#breadcrumb","itemListElement":[{"@type":"ListItem","position":1,"name":"Home","item":"https:\/\/ranoja.ee\/"},{"@type":"ListItem","position":2,"name":"Shop","item":"https:\/\/ranoja.ee\/en\/shop\/"},{"@type":"ListItem","position":3,"name":"Needitangid RP100 Multi PressLess, kahe k\u00e4e liigendiga, Rapid"}]},{"@type":"WebSite","@id":"https:\/\/ranoja.ee\/#website","url":"https:\/\/ranoja.ee\/","name":"Ranoja","description":"Equipment Shop WooCommerce WordPress Theme for Machine &amp; Tools","publisher":{"@id":"https:\/\/ranoja.ee\/#organization"},"potentialAction":[{"@type":"SearchAction","target":{"@type":"EntryPoint","urlTemplate":"https:\/\/ranoja.ee\/?s={search_term_string}"},"query-input":{"@type":"PropertyValueSpecification","valueRequired":true,"valueName":"search_term_string"}}],"inLanguage":"en-US"},{"@type":"Organization","@id":"https:\/\/ranoja.ee\/#organization","name":"Ranoja O\u00dc","url":"https:\/\/ranoja.ee\/","logo":{"@type":"ImageObject","inLanguage":"en-US","@id":"https:\/\/ranoja.ee\/#\/schema\/logo\/image\/","url":"https:\/\/ranoja.ee\/wp-content\/uploads\/2023\/11\/ranoja-Logo.png","contentUrl":"https:\/\/ranoja.ee\/wp-content\/uploads\/2023\/11\/ranoja-Logo.png","width":207,"height":58,"caption":"Ranoja O\u00dc"},"image":{"@id":"https:\/\/ranoja.ee\/#\/schema\/logo\/image\/"},"sameAs":["https:\/\/www.facebook.com\/ranoja.ee","https:\/\/www.instagram.com\/ranoja__\/"]}]}},"_links":{"self":[{"href":"https:\/\/ranoja.ee\/en\/wp-json\/wp\/v2\/product\/61784","targetHints":{"allow":["GET"]}}],"collection":[{"href":"https:\/\/ranoja.ee\/en\/wp-json\/wp\/v2\/product"}],"about":[{"href":"https:\/\/ranoja.ee\/en\/wp-json\/wp\/v2\/types\/product"}],"wp:featuredmedia":[{"embeddable":true,"href":"https:\/\/ranoja.ee\/en\/wp-json\/wp\/v2\/media\/61785"}],"wp:attachment":[{"href":"https:\/\/ranoja.ee\/en\/wp-json\/wp\/v2\/media?parent=61784"}],"wp:term":[{"taxonomy":"product_cat","embeddable":true,"href":"https:\/\/ranoja.ee\/en\/wp-json\/wp\/v2\/product_cat?post=61784"},{"taxonomy":"product_tag","embeddable":true,"href":"https:\/\/ranoja.ee\/en\/wp-json\/wp\/v2\/product_tag?post=61784"}],"curies":[{"name":"wp","href":"https:\/\/api.w.org\/{rel}","templated":true}]}}