{"id":61782,"date":"2026-03-18T17:10:01","date_gmt":"2026-03-18T14:10:01","guid":{"rendered":"https:\/\/ranoja.ee\/toode\/rfid-majakad-vision-robotile-wa0780-sunseeker\/"},"modified":"2026-03-18T17:10:01","modified_gmt":"2026-03-18T14:10:01","slug":"rfid-majakad-vision-robotile-wa0780-sunseeker","status":"publish","type":"product","link":"https:\/\/ranoja.ee\/en\/toode\/rfid-majakad-vision-robotile-wa0780-sunseeker\/","title":{"rendered":"RFID majakad Vision robotile WA0780, Sunseeker"},"content":{"rendered":"","protected":false},"excerpt":{"rendered":"<p>Sunseekeri magnetandurid l\u00e4bip\u00e4\u00e4sude haldamiseks<br \/>\nSunseeker robotniiduki magnetanduri komplekt on loodud h\u00f5lbustama roboti kasutamist ja parandama selle j\u00f5udlust erinevate alade vahel. See uuenduslik komplekt sisaldab magnetandureid, mis loovad erinevate tsoonide vahel selged teed. See v\u00f5imaldab robotniidukil sujuvalt ja t\u00f5husalt liikuda t\u00f6\u00f6piirkondade vahel, isegi \u00fcle sillutatud k\u00f5nniteede ja muude takistuste.<\/p>\n<p>Andurikomplekti on lihtne paigaldada ja see sobib ideaalselt erinevat t\u00fc\u00fcpi aedadele ja muruplatsidele. See v\u00f5imaldab roboti t\u00e4pset navigeerimist ja tagab, et muru niidetakse k\u00f5igil aladel \u00fchtlaselt. See muudab selle ideaalseks valikuks nii v\u00e4ikestesse kui suurtesse aedadesse, kus on keerukad marsruudid v\u00f5i eraldi niitmistsoonid.<\/p>\n<p>Magnetilised andurid<br \/>\n\u00dchildub Sunseeker robotniidukitega<br \/>\nV\u00f5imaldab liikumist erinevate t\u00f6\u00f6alade vahel<br \/>\nT\u00f6\u00f6tab isegi sillutatud k\u00f5nniteedel<br \/>\nLihtne paigaldus<\/p>\n<p>Tarnekomplekt:<br \/>\n2 x magnetandurit, 4 x kinnitustihvti<\/p>\n","protected":false},"featured_media":61783,"template":"","meta":{"inline_featured_image":false},"product_cat":[1079,5085,1080,5187],"product_tag":[],"class_list":{"0":"post-61782","1":"product","2":"type-product","3":"status-publish","4":"has-post-thumbnail","6":"product_brand-sunseeker","7":"product_cat-aiatehnika-ja-niidutehnika","8":"product_cat-aiatehnika-ja-tooriistad","9":"product_cat-robotniidukid","10":"product_cat-robotniidukite-lisavarustus","12":"first","13":"instock","14":"purchasable","15":"product-type-simple"},"yoast_head":"<!-- This site is optimized with the Yoast SEO plugin v27.4 - https:\/\/yoast.com\/product\/yoast-seo-wordpress\/ -->\n<title>RFID majakad Vision robotile WA0780, Sunseeker - Ranoja<\/title>\n<meta name=\"robots\" content=\"index, follow, max-snippet:-1, max-image-preview:large, max-video-preview:-1\" \/>\n<link rel=\"canonical\" href=\"https:\/\/ranoja.ee\/toode\/rfid-majakad-vision-robotile-wa0780-sunseeker\/\" \/>\n<meta property=\"og:locale\" content=\"en_US\" \/>\n<meta property=\"og:type\" content=\"article\" \/>\n<meta property=\"og:title\" content=\"RFID majakad Vision robotile WA0780, Sunseeker - Ranoja\" \/>\n<meta property=\"og:description\" content=\"Sunseekeri magnetandurid l\u00e4bip\u00e4\u00e4sude haldamiseks Sunseeker robotniiduki magnetanduri komplekt on loodud h\u00f5lbustama roboti kasutamist ja parandama selle j\u00f5udlust erinevate alade vahel. See uuenduslik komplekt sisaldab magnetandureid, mis loovad erinevate tsoonide vahel selged teed. See v\u00f5imaldab robotniidukil sujuvalt ja t\u00f5husalt liikuda t\u00f6\u00f6piirkondade vahel, isegi \u00fcle sillutatud k\u00f5nniteede ja muude takistuste. Andurikomplekti on lihtne paigaldada ja see sobib ideaalselt erinevat t\u00fc\u00fcpi aedadele ja muruplatsidele. See v\u00f5imaldab roboti t\u00e4pset navigeerimist ja tagab, et muru niidetakse k\u00f5igil aladel \u00fchtlaselt. See muudab selle ideaalseks valikuks nii v\u00e4ikestesse kui suurtesse aedadesse, kus on keerukad marsruudid v\u00f5i eraldi niitmistsoonid. Magnetilised andurid \u00dchildub Sunseeker robotniidukitega V\u00f5imaldab liikumist erinevate t\u00f6\u00f6alade vahel T\u00f6\u00f6tab isegi sillutatud k\u00f5nniteedel Lihtne paigaldus Tarnekomplekt: 2 x magnetandurit, 4 x kinnitustihvti\" \/>\n<meta property=\"og:url\" content=\"https:\/\/ranoja.ee\/toode\/rfid-majakad-vision-robotile-wa0780-sunseeker\/\" \/>\n<meta property=\"og:site_name\" content=\"Ranoja\" \/>\n<meta property=\"article:publisher\" content=\"https:\/\/www.facebook.com\/ranoja.ee\" \/>\n<meta property=\"og:image\" content=\"https:\/\/ranoja.ee\/wp-content\/uploads\/2026\/03\/5638187107.jpg\" \/>\n\t<meta property=\"og:image:width\" content=\"342\" \/>\n\t<meta property=\"og:image:height\" content=\"217\" \/>\n\t<meta property=\"og:image:type\" content=\"image\/jpeg\" \/>\n<meta name=\"twitter:card\" content=\"summary_large_image\" \/>\n<script type=\"application\/ld+json\" class=\"yoast-schema-graph\">{\"@context\":\"https:\\\/\\\/schema.org\",\"@graph\":[{\"@type\":\"WebPage\",\"@id\":\"https:\\\/\\\/ranoja.ee\\\/toode\\\/rfid-majakad-vision-robotile-wa0780-sunseeker\\\/\",\"url\":\"https:\\\/\\\/ranoja.ee\\\/toode\\\/rfid-majakad-vision-robotile-wa0780-sunseeker\\\/\",\"name\":\"RFID majakad Vision robotile WA0780, Sunseeker - Ranoja\",\"isPartOf\":{\"@id\":\"https:\\\/\\\/ranoja.ee\\\/#website\"},\"primaryImageOfPage\":{\"@id\":\"https:\\\/\\\/ranoja.ee\\\/toode\\\/rfid-majakad-vision-robotile-wa0780-sunseeker\\\/#primaryimage\"},\"image\":{\"@id\":\"https:\\\/\\\/ranoja.ee\\\/toode\\\/rfid-majakad-vision-robotile-wa0780-sunseeker\\\/#primaryimage\"},\"thumbnailUrl\":\"https:\\\/\\\/ranoja.ee\\\/wp-content\\\/uploads\\\/2026\\\/03\\\/5638187107.jpg\",\"datePublished\":\"2026-03-18T14:10:01+00:00\",\"breadcrumb\":{\"@id\":\"https:\\\/\\\/ranoja.ee\\\/toode\\\/rfid-majakad-vision-robotile-wa0780-sunseeker\\\/#breadcrumb\"},\"inLanguage\":\"en-US\",\"potentialAction\":[{\"@type\":\"ReadAction\",\"target\":[\"https:\\\/\\\/ranoja.ee\\\/toode\\\/rfid-majakad-vision-robotile-wa0780-sunseeker\\\/\"]}]},{\"@type\":\"ImageObject\",\"inLanguage\":\"en-US\",\"@id\":\"https:\\\/\\\/ranoja.ee\\\/toode\\\/rfid-majakad-vision-robotile-wa0780-sunseeker\\\/#primaryimage\",\"url\":\"https:\\\/\\\/ranoja.ee\\\/wp-content\\\/uploads\\\/2026\\\/03\\\/5638187107.jpg\",\"contentUrl\":\"https:\\\/\\\/ranoja.ee\\\/wp-content\\\/uploads\\\/2026\\\/03\\\/5638187107.jpg\",\"width\":342,\"height\":217},{\"@type\":\"BreadcrumbList\",\"@id\":\"https:\\\/\\\/ranoja.ee\\\/toode\\\/rfid-majakad-vision-robotile-wa0780-sunseeker\\\/#breadcrumb\",\"itemListElement\":[{\"@type\":\"ListItem\",\"position\":1,\"name\":\"Home\",\"item\":\"https:\\\/\\\/ranoja.ee\\\/\"},{\"@type\":\"ListItem\",\"position\":2,\"name\":\"Shop\",\"item\":\"https:\\\/\\\/ranoja.ee\\\/en\\\/shop\\\/\"},{\"@type\":\"ListItem\",\"position\":3,\"name\":\"RFID majakad Vision robotile WA0780, Sunseeker\"}]},{\"@type\":\"WebSite\",\"@id\":\"https:\\\/\\\/ranoja.ee\\\/#website\",\"url\":\"https:\\\/\\\/ranoja.ee\\\/\",\"name\":\"Ranoja\",\"description\":\"Equipment Shop WooCommerce WordPress Theme for Machine &amp; Tools\",\"publisher\":{\"@id\":\"https:\\\/\\\/ranoja.ee\\\/#organization\"},\"potentialAction\":[{\"@type\":\"SearchAction\",\"target\":{\"@type\":\"EntryPoint\",\"urlTemplate\":\"https:\\\/\\\/ranoja.ee\\\/?s={search_term_string}\"},\"query-input\":{\"@type\":\"PropertyValueSpecification\",\"valueRequired\":true,\"valueName\":\"search_term_string\"}}],\"inLanguage\":\"en-US\"},{\"@type\":\"Organization\",\"@id\":\"https:\\\/\\\/ranoja.ee\\\/#organization\",\"name\":\"Ranoja O\u00dc\",\"url\":\"https:\\\/\\\/ranoja.ee\\\/\",\"logo\":{\"@type\":\"ImageObject\",\"inLanguage\":\"en-US\",\"@id\":\"https:\\\/\\\/ranoja.ee\\\/#\\\/schema\\\/logo\\\/image\\\/\",\"url\":\"https:\\\/\\\/ranoja.ee\\\/wp-content\\\/uploads\\\/2023\\\/11\\\/ranoja-Logo.png\",\"contentUrl\":\"https:\\\/\\\/ranoja.ee\\\/wp-content\\\/uploads\\\/2023\\\/11\\\/ranoja-Logo.png\",\"width\":207,\"height\":58,\"caption\":\"Ranoja O\u00dc\"},\"image\":{\"@id\":\"https:\\\/\\\/ranoja.ee\\\/#\\\/schema\\\/logo\\\/image\\\/\"},\"sameAs\":[\"https:\\\/\\\/www.facebook.com\\\/ranoja.ee\",\"https:\\\/\\\/www.instagram.com\\\/ranoja__\\\/\"]}]}<\/script>\n<!-- \/ Yoast SEO plugin. -->","yoast_head_json":{"title":"RFID majakad Vision robotile WA0780, Sunseeker - Ranoja","robots":{"index":"index","follow":"follow","max-snippet":"max-snippet:-1","max-image-preview":"max-image-preview:large","max-video-preview":"max-video-preview:-1"},"canonical":"https:\/\/ranoja.ee\/toode\/rfid-majakad-vision-robotile-wa0780-sunseeker\/","og_locale":"en_US","og_type":"article","og_title":"RFID majakad Vision robotile WA0780, Sunseeker - Ranoja","og_description":"Sunseekeri magnetandurid l\u00e4bip\u00e4\u00e4sude haldamiseks Sunseeker robotniiduki magnetanduri komplekt on loodud h\u00f5lbustama roboti kasutamist ja parandama selle j\u00f5udlust erinevate alade vahel. See uuenduslik komplekt sisaldab magnetandureid, mis loovad erinevate tsoonide vahel selged teed. See v\u00f5imaldab robotniidukil sujuvalt ja t\u00f5husalt liikuda t\u00f6\u00f6piirkondade vahel, isegi \u00fcle sillutatud k\u00f5nniteede ja muude takistuste. Andurikomplekti on lihtne paigaldada ja see sobib ideaalselt erinevat t\u00fc\u00fcpi aedadele ja muruplatsidele. See v\u00f5imaldab roboti t\u00e4pset navigeerimist ja tagab, et muru niidetakse k\u00f5igil aladel \u00fchtlaselt. See muudab selle ideaalseks valikuks nii v\u00e4ikestesse kui suurtesse aedadesse, kus on keerukad marsruudid v\u00f5i eraldi niitmistsoonid. Magnetilised andurid \u00dchildub Sunseeker robotniidukitega V\u00f5imaldab liikumist erinevate t\u00f6\u00f6alade vahel T\u00f6\u00f6tab isegi sillutatud k\u00f5nniteedel Lihtne paigaldus Tarnekomplekt: 2 x magnetandurit, 4 x kinnitustihvti","og_url":"https:\/\/ranoja.ee\/toode\/rfid-majakad-vision-robotile-wa0780-sunseeker\/","og_site_name":"Ranoja","article_publisher":"https:\/\/www.facebook.com\/ranoja.ee","og_image":[{"width":342,"height":217,"url":"https:\/\/ranoja.ee\/wp-content\/uploads\/2026\/03\/5638187107.jpg","type":"image\/jpeg"}],"twitter_card":"summary_large_image","schema":{"@context":"https:\/\/schema.org","@graph":[{"@type":"WebPage","@id":"https:\/\/ranoja.ee\/toode\/rfid-majakad-vision-robotile-wa0780-sunseeker\/","url":"https:\/\/ranoja.ee\/toode\/rfid-majakad-vision-robotile-wa0780-sunseeker\/","name":"RFID majakad Vision robotile WA0780, Sunseeker - Ranoja","isPartOf":{"@id":"https:\/\/ranoja.ee\/#website"},"primaryImageOfPage":{"@id":"https:\/\/ranoja.ee\/toode\/rfid-majakad-vision-robotile-wa0780-sunseeker\/#primaryimage"},"image":{"@id":"https:\/\/ranoja.ee\/toode\/rfid-majakad-vision-robotile-wa0780-sunseeker\/#primaryimage"},"thumbnailUrl":"https:\/\/ranoja.ee\/wp-content\/uploads\/2026\/03\/5638187107.jpg","datePublished":"2026-03-18T14:10:01+00:00","breadcrumb":{"@id":"https:\/\/ranoja.ee\/toode\/rfid-majakad-vision-robotile-wa0780-sunseeker\/#breadcrumb"},"inLanguage":"en-US","potentialAction":[{"@type":"ReadAction","target":["https:\/\/ranoja.ee\/toode\/rfid-majakad-vision-robotile-wa0780-sunseeker\/"]}]},{"@type":"ImageObject","inLanguage":"en-US","@id":"https:\/\/ranoja.ee\/toode\/rfid-majakad-vision-robotile-wa0780-sunseeker\/#primaryimage","url":"https:\/\/ranoja.ee\/wp-content\/uploads\/2026\/03\/5638187107.jpg","contentUrl":"https:\/\/ranoja.ee\/wp-content\/uploads\/2026\/03\/5638187107.jpg","width":342,"height":217},{"@type":"BreadcrumbList","@id":"https:\/\/ranoja.ee\/toode\/rfid-majakad-vision-robotile-wa0780-sunseeker\/#breadcrumb","itemListElement":[{"@type":"ListItem","position":1,"name":"Home","item":"https:\/\/ranoja.ee\/"},{"@type":"ListItem","position":2,"name":"Shop","item":"https:\/\/ranoja.ee\/en\/shop\/"},{"@type":"ListItem","position":3,"name":"RFID majakad Vision robotile WA0780, Sunseeker"}]},{"@type":"WebSite","@id":"https:\/\/ranoja.ee\/#website","url":"https:\/\/ranoja.ee\/","name":"Ranoja","description":"Equipment Shop WooCommerce WordPress Theme for Machine &amp; Tools","publisher":{"@id":"https:\/\/ranoja.ee\/#organization"},"potentialAction":[{"@type":"SearchAction","target":{"@type":"EntryPoint","urlTemplate":"https:\/\/ranoja.ee\/?s={search_term_string}"},"query-input":{"@type":"PropertyValueSpecification","valueRequired":true,"valueName":"search_term_string"}}],"inLanguage":"en-US"},{"@type":"Organization","@id":"https:\/\/ranoja.ee\/#organization","name":"Ranoja O\u00dc","url":"https:\/\/ranoja.ee\/","logo":{"@type":"ImageObject","inLanguage":"en-US","@id":"https:\/\/ranoja.ee\/#\/schema\/logo\/image\/","url":"https:\/\/ranoja.ee\/wp-content\/uploads\/2023\/11\/ranoja-Logo.png","contentUrl":"https:\/\/ranoja.ee\/wp-content\/uploads\/2023\/11\/ranoja-Logo.png","width":207,"height":58,"caption":"Ranoja O\u00dc"},"image":{"@id":"https:\/\/ranoja.ee\/#\/schema\/logo\/image\/"},"sameAs":["https:\/\/www.facebook.com\/ranoja.ee","https:\/\/www.instagram.com\/ranoja__\/"]}]}},"_links":{"self":[{"href":"https:\/\/ranoja.ee\/en\/wp-json\/wp\/v2\/product\/61782","targetHints":{"allow":["GET"]}}],"collection":[{"href":"https:\/\/ranoja.ee\/en\/wp-json\/wp\/v2\/product"}],"about":[{"href":"https:\/\/ranoja.ee\/en\/wp-json\/wp\/v2\/types\/product"}],"wp:featuredmedia":[{"embeddable":true,"href":"https:\/\/ranoja.ee\/en\/wp-json\/wp\/v2\/media\/61783"}],"wp:attachment":[{"href":"https:\/\/ranoja.ee\/en\/wp-json\/wp\/v2\/media?parent=61782"}],"wp:term":[{"taxonomy":"product_cat","embeddable":true,"href":"https:\/\/ranoja.ee\/en\/wp-json\/wp\/v2\/product_cat?post=61782"},{"taxonomy":"product_tag","embeddable":true,"href":"https:\/\/ranoja.ee\/en\/wp-json\/wp\/v2\/product_tag?post=61782"}],"curies":[{"name":"wp","href":"https:\/\/api.w.org\/{rel}","templated":true}]}}