{"id":61767,"date":"2026-03-17T02:33:00","date_gmt":"2026-03-16T23:33:00","guid":{"rendered":"https:\/\/ranoja.ee\/toode\/mootorioli-premium-blue-extreme-5w40-20l-valvoline\/"},"modified":"2026-03-17T15:36:09","modified_gmt":"2026-03-17T12:36:09","slug":"mootorioli-premium-blue-extreme-5w40-20l-valvoline","status":"publish","type":"product","link":"https:\/\/ranoja.ee\/en\/toode\/mootorioli-premium-blue-extreme-5w40-20l-valvoline\/","title":{"rendered":"Mootori\u00f5li Premium Blue Extreme 5W40 20L, Valvoline"},"content":{"rendered":"","protected":false},"excerpt":{"rendered":"<p>Premiumklassi mootori\u00f5li rasketehnikale mis on v\u00e4lja t\u00f6\u00f6tatud spetsiaalselt kaasaegsetele madala heitmenormiga Cumminsi ja teistele diiselmootoritele. Sobib kasutamiseks heitgaasi retsirkualtsiooni s\u00fcsteemiga (EGR), selektiivse katal\u00fc\u00fcsmuunduriga (SCR), diisli tahkete osakeste filtriga (DPF) mootoritele. Sobib kasutamiseks maantee- ja maastiku rasketehnikale, mere- ja raudtee mootoritele ning statsionaarsetele diisel generaatoritele. Premium Blue mootori\u00f5li tagab heitgaasi j\u00e4relt\u00f6\u00f6tluss\u00fcsteemide t\u00f5rgeteta t\u00f6\u00f6 ja puhtuse ning erakordselt hea mootorikaitse. <br \/>\nAmetlikud heakskiidud:<br \/>\nCummins CES 20081<br \/>\n Kvaliteedin\u00f5uded:<br \/>\n(ACEA E9, E7), <br \/>\nAPI: CI-4, CI-4 plus, CJ-4\/ SM, SN<br \/>\nCaterpillar ECF-3<br \/>\nChrysler MS 10902<br \/>\nDetroit Diesel 93K218\/ 93K215<br \/>\nGlobal DHD-1<br \/>\nJASO DH-2<br \/>\nMAN M 3575<br \/>\nMB-228.3, 228.31<br \/>\nVolvo VDS-4<br \/>\nMack EO-O Premium Plus<br \/>\nRenault RVI RLD-3<\/p>\n","protected":false},"featured_media":61768,"template":"","meta":{"inline_featured_image":false},"product_cat":[5012,5115,5139],"product_tag":[],"class_list":{"0":"post-61767","1":"product","2":"type-product","3":"status-publish","4":"has-post-thumbnail","6":"product_brand-valvoline","7":"product_cat-olid-ja-maardeained","8":"product_cat-rasketehnika-mootoriolid","9":"product_cat-rasketehnika-taissunteetilised-mootoriolid","11":"first","12":"outofstock","13":"purchasable","14":"product-type-simple"},"yoast_head":"<!-- This site is optimized with the Yoast SEO plugin v27.4 - https:\/\/yoast.com\/product\/yoast-seo-wordpress\/ -->\n<title>Mootori\u00f5li Premium Blue Extreme 5W40 20L, Valvoline - Ranoja<\/title>\n<meta name=\"robots\" content=\"index, follow, max-snippet:-1, max-image-preview:large, max-video-preview:-1\" \/>\n<link rel=\"canonical\" href=\"https:\/\/ranoja.ee\/toode\/mootorioli-premium-blue-extreme-5w40-20l-valvoline\/\" \/>\n<meta property=\"og:locale\" content=\"en_US\" \/>\n<meta property=\"og:type\" content=\"article\" \/>\n<meta property=\"og:title\" content=\"Mootori\u00f5li Premium Blue Extreme 5W40 20L, Valvoline - Ranoja\" \/>\n<meta property=\"og:description\" content=\"Premiumklassi mootori\u00f5li rasketehnikale mis on v\u00e4lja t\u00f6\u00f6tatud spetsiaalselt kaasaegsetele madala heitmenormiga Cumminsi ja teistele diiselmootoritele. Sobib kasutamiseks heitgaasi retsirkualtsiooni s\u00fcsteemiga (EGR), selektiivse katal\u00fc\u00fcsmuunduriga (SCR), diisli tahkete osakeste filtriga (DPF) mootoritele. Sobib kasutamiseks maantee- ja maastiku rasketehnikale, mere- ja raudtee mootoritele ning statsionaarsetele diisel generaatoritele. Premium Blue mootori\u00f5li tagab heitgaasi j\u00e4relt\u00f6\u00f6tluss\u00fcsteemide t\u00f5rgeteta t\u00f6\u00f6 ja puhtuse ning erakordselt hea mootorikaitse. Ametlikud heakskiidud: Cummins CES 20081 Kvaliteedin\u00f5uded: (ACEA E9, E7), API: CI-4, CI-4 plus, CJ-4\/ SM, SN Caterpillar ECF-3 Chrysler MS 10902 Detroit Diesel 93K218\/ 93K215 Global DHD-1 JASO DH-2 MAN M 3575 MB-228.3, 228.31 Volvo VDS-4 Mack EO-O Premium Plus Renault RVI RLD-3\" \/>\n<meta property=\"og:url\" content=\"https:\/\/ranoja.ee\/toode\/mootorioli-premium-blue-extreme-5w40-20l-valvoline\/\" \/>\n<meta property=\"og:site_name\" content=\"Ranoja\" \/>\n<meta property=\"article:publisher\" content=\"https:\/\/www.facebook.com\/ranoja.ee\" \/>\n<meta property=\"article:modified_time\" content=\"2026-03-17T12:36:09+00:00\" \/>\n<meta property=\"og:image\" content=\"https:\/\/ranoja.ee\/wp-content\/uploads\/2026\/03\/97378143.jpg\" \/>\n\t<meta property=\"og:image:width\" content=\"900\" \/>\n\t<meta property=\"og:image:height\" content=\"600\" \/>\n\t<meta property=\"og:image:type\" content=\"image\/jpeg\" \/>\n<meta name=\"twitter:card\" content=\"summary_large_image\" \/>\n<script type=\"application\/ld+json\" class=\"yoast-schema-graph\">{\"@context\":\"https:\\\/\\\/schema.org\",\"@graph\":[{\"@type\":\"WebPage\",\"@id\":\"https:\\\/\\\/ranoja.ee\\\/toode\\\/mootorioli-premium-blue-extreme-5w40-20l-valvoline\\\/\",\"url\":\"https:\\\/\\\/ranoja.ee\\\/toode\\\/mootorioli-premium-blue-extreme-5w40-20l-valvoline\\\/\",\"name\":\"Mootori\u00f5li Premium Blue Extreme 5W40 20L, Valvoline - Ranoja\",\"isPartOf\":{\"@id\":\"https:\\\/\\\/ranoja.ee\\\/#website\"},\"primaryImageOfPage\":{\"@id\":\"https:\\\/\\\/ranoja.ee\\\/toode\\\/mootorioli-premium-blue-extreme-5w40-20l-valvoline\\\/#primaryimage\"},\"image\":{\"@id\":\"https:\\\/\\\/ranoja.ee\\\/toode\\\/mootorioli-premium-blue-extreme-5w40-20l-valvoline\\\/#primaryimage\"},\"thumbnailUrl\":\"https:\\\/\\\/ranoja.ee\\\/wp-content\\\/uploads\\\/2026\\\/03\\\/97378143.jpg\",\"datePublished\":\"2026-03-16T23:33:00+00:00\",\"dateModified\":\"2026-03-17T12:36:09+00:00\",\"breadcrumb\":{\"@id\":\"https:\\\/\\\/ranoja.ee\\\/toode\\\/mootorioli-premium-blue-extreme-5w40-20l-valvoline\\\/#breadcrumb\"},\"inLanguage\":\"en-US\",\"potentialAction\":[{\"@type\":\"ReadAction\",\"target\":[\"https:\\\/\\\/ranoja.ee\\\/toode\\\/mootorioli-premium-blue-extreme-5w40-20l-valvoline\\\/\"]}]},{\"@type\":\"ImageObject\",\"inLanguage\":\"en-US\",\"@id\":\"https:\\\/\\\/ranoja.ee\\\/toode\\\/mootorioli-premium-blue-extreme-5w40-20l-valvoline\\\/#primaryimage\",\"url\":\"https:\\\/\\\/ranoja.ee\\\/wp-content\\\/uploads\\\/2026\\\/03\\\/97378143.jpg\",\"contentUrl\":\"https:\\\/\\\/ranoja.ee\\\/wp-content\\\/uploads\\\/2026\\\/03\\\/97378143.jpg\",\"width\":900,\"height\":600},{\"@type\":\"BreadcrumbList\",\"@id\":\"https:\\\/\\\/ranoja.ee\\\/toode\\\/mootorioli-premium-blue-extreme-5w40-20l-valvoline\\\/#breadcrumb\",\"itemListElement\":[{\"@type\":\"ListItem\",\"position\":1,\"name\":\"Home\",\"item\":\"https:\\\/\\\/ranoja.ee\\\/\"},{\"@type\":\"ListItem\",\"position\":2,\"name\":\"Shop\",\"item\":\"https:\\\/\\\/ranoja.ee\\\/en\\\/shop\\\/\"},{\"@type\":\"ListItem\",\"position\":3,\"name\":\"Mootori\u00f5li Premium Blue Extreme 5W40 20L, Valvoline\"}]},{\"@type\":\"WebSite\",\"@id\":\"https:\\\/\\\/ranoja.ee\\\/#website\",\"url\":\"https:\\\/\\\/ranoja.ee\\\/\",\"name\":\"Ranoja\",\"description\":\"Equipment Shop WooCommerce WordPress Theme for Machine &amp; Tools\",\"publisher\":{\"@id\":\"https:\\\/\\\/ranoja.ee\\\/#organization\"},\"potentialAction\":[{\"@type\":\"SearchAction\",\"target\":{\"@type\":\"EntryPoint\",\"urlTemplate\":\"https:\\\/\\\/ranoja.ee\\\/?s={search_term_string}\"},\"query-input\":{\"@type\":\"PropertyValueSpecification\",\"valueRequired\":true,\"valueName\":\"search_term_string\"}}],\"inLanguage\":\"en-US\"},{\"@type\":\"Organization\",\"@id\":\"https:\\\/\\\/ranoja.ee\\\/#organization\",\"name\":\"Ranoja O\u00dc\",\"url\":\"https:\\\/\\\/ranoja.ee\\\/\",\"logo\":{\"@type\":\"ImageObject\",\"inLanguage\":\"en-US\",\"@id\":\"https:\\\/\\\/ranoja.ee\\\/#\\\/schema\\\/logo\\\/image\\\/\",\"url\":\"https:\\\/\\\/ranoja.ee\\\/wp-content\\\/uploads\\\/2023\\\/11\\\/ranoja-Logo.png\",\"contentUrl\":\"https:\\\/\\\/ranoja.ee\\\/wp-content\\\/uploads\\\/2023\\\/11\\\/ranoja-Logo.png\",\"width\":207,\"height\":58,\"caption\":\"Ranoja O\u00dc\"},\"image\":{\"@id\":\"https:\\\/\\\/ranoja.ee\\\/#\\\/schema\\\/logo\\\/image\\\/\"},\"sameAs\":[\"https:\\\/\\\/www.facebook.com\\\/ranoja.ee\",\"https:\\\/\\\/www.instagram.com\\\/ranoja__\\\/\"]}]}<\/script>\n<!-- \/ Yoast SEO plugin. -->","yoast_head_json":{"title":"Mootori\u00f5li Premium Blue Extreme 5W40 20L, Valvoline - Ranoja","robots":{"index":"index","follow":"follow","max-snippet":"max-snippet:-1","max-image-preview":"max-image-preview:large","max-video-preview":"max-video-preview:-1"},"canonical":"https:\/\/ranoja.ee\/toode\/mootorioli-premium-blue-extreme-5w40-20l-valvoline\/","og_locale":"en_US","og_type":"article","og_title":"Mootori\u00f5li Premium Blue Extreme 5W40 20L, Valvoline - Ranoja","og_description":"Premiumklassi mootori\u00f5li rasketehnikale mis on v\u00e4lja t\u00f6\u00f6tatud spetsiaalselt kaasaegsetele madala heitmenormiga Cumminsi ja teistele diiselmootoritele. Sobib kasutamiseks heitgaasi retsirkualtsiooni s\u00fcsteemiga (EGR), selektiivse katal\u00fc\u00fcsmuunduriga (SCR), diisli tahkete osakeste filtriga (DPF) mootoritele. Sobib kasutamiseks maantee- ja maastiku rasketehnikale, mere- ja raudtee mootoritele ning statsionaarsetele diisel generaatoritele. Premium Blue mootori\u00f5li tagab heitgaasi j\u00e4relt\u00f6\u00f6tluss\u00fcsteemide t\u00f5rgeteta t\u00f6\u00f6 ja puhtuse ning erakordselt hea mootorikaitse. Ametlikud heakskiidud: Cummins CES 20081 Kvaliteedin\u00f5uded: (ACEA E9, E7), API: CI-4, CI-4 plus, CJ-4\/ SM, SN Caterpillar ECF-3 Chrysler MS 10902 Detroit Diesel 93K218\/ 93K215 Global DHD-1 JASO DH-2 MAN M 3575 MB-228.3, 228.31 Volvo VDS-4 Mack EO-O Premium Plus Renault RVI RLD-3","og_url":"https:\/\/ranoja.ee\/toode\/mootorioli-premium-blue-extreme-5w40-20l-valvoline\/","og_site_name":"Ranoja","article_publisher":"https:\/\/www.facebook.com\/ranoja.ee","article_modified_time":"2026-03-17T12:36:09+00:00","og_image":[{"width":900,"height":600,"url":"https:\/\/ranoja.ee\/wp-content\/uploads\/2026\/03\/97378143.jpg","type":"image\/jpeg"}],"twitter_card":"summary_large_image","schema":{"@context":"https:\/\/schema.org","@graph":[{"@type":"WebPage","@id":"https:\/\/ranoja.ee\/toode\/mootorioli-premium-blue-extreme-5w40-20l-valvoline\/","url":"https:\/\/ranoja.ee\/toode\/mootorioli-premium-blue-extreme-5w40-20l-valvoline\/","name":"Mootori\u00f5li Premium Blue Extreme 5W40 20L, Valvoline - Ranoja","isPartOf":{"@id":"https:\/\/ranoja.ee\/#website"},"primaryImageOfPage":{"@id":"https:\/\/ranoja.ee\/toode\/mootorioli-premium-blue-extreme-5w40-20l-valvoline\/#primaryimage"},"image":{"@id":"https:\/\/ranoja.ee\/toode\/mootorioli-premium-blue-extreme-5w40-20l-valvoline\/#primaryimage"},"thumbnailUrl":"https:\/\/ranoja.ee\/wp-content\/uploads\/2026\/03\/97378143.jpg","datePublished":"2026-03-16T23:33:00+00:00","dateModified":"2026-03-17T12:36:09+00:00","breadcrumb":{"@id":"https:\/\/ranoja.ee\/toode\/mootorioli-premium-blue-extreme-5w40-20l-valvoline\/#breadcrumb"},"inLanguage":"en-US","potentialAction":[{"@type":"ReadAction","target":["https:\/\/ranoja.ee\/toode\/mootorioli-premium-blue-extreme-5w40-20l-valvoline\/"]}]},{"@type":"ImageObject","inLanguage":"en-US","@id":"https:\/\/ranoja.ee\/toode\/mootorioli-premium-blue-extreme-5w40-20l-valvoline\/#primaryimage","url":"https:\/\/ranoja.ee\/wp-content\/uploads\/2026\/03\/97378143.jpg","contentUrl":"https:\/\/ranoja.ee\/wp-content\/uploads\/2026\/03\/97378143.jpg","width":900,"height":600},{"@type":"BreadcrumbList","@id":"https:\/\/ranoja.ee\/toode\/mootorioli-premium-blue-extreme-5w40-20l-valvoline\/#breadcrumb","itemListElement":[{"@type":"ListItem","position":1,"name":"Home","item":"https:\/\/ranoja.ee\/"},{"@type":"ListItem","position":2,"name":"Shop","item":"https:\/\/ranoja.ee\/en\/shop\/"},{"@type":"ListItem","position":3,"name":"Mootori\u00f5li Premium Blue Extreme 5W40 20L, Valvoline"}]},{"@type":"WebSite","@id":"https:\/\/ranoja.ee\/#website","url":"https:\/\/ranoja.ee\/","name":"Ranoja","description":"Equipment Shop WooCommerce WordPress Theme for Machine &amp; Tools","publisher":{"@id":"https:\/\/ranoja.ee\/#organization"},"potentialAction":[{"@type":"SearchAction","target":{"@type":"EntryPoint","urlTemplate":"https:\/\/ranoja.ee\/?s={search_term_string}"},"query-input":{"@type":"PropertyValueSpecification","valueRequired":true,"valueName":"search_term_string"}}],"inLanguage":"en-US"},{"@type":"Organization","@id":"https:\/\/ranoja.ee\/#organization","name":"Ranoja O\u00dc","url":"https:\/\/ranoja.ee\/","logo":{"@type":"ImageObject","inLanguage":"en-US","@id":"https:\/\/ranoja.ee\/#\/schema\/logo\/image\/","url":"https:\/\/ranoja.ee\/wp-content\/uploads\/2023\/11\/ranoja-Logo.png","contentUrl":"https:\/\/ranoja.ee\/wp-content\/uploads\/2023\/11\/ranoja-Logo.png","width":207,"height":58,"caption":"Ranoja O\u00dc"},"image":{"@id":"https:\/\/ranoja.ee\/#\/schema\/logo\/image\/"},"sameAs":["https:\/\/www.facebook.com\/ranoja.ee","https:\/\/www.instagram.com\/ranoja__\/"]}]}},"_links":{"self":[{"href":"https:\/\/ranoja.ee\/en\/wp-json\/wp\/v2\/product\/61767","targetHints":{"allow":["GET"]}}],"collection":[{"href":"https:\/\/ranoja.ee\/en\/wp-json\/wp\/v2\/product"}],"about":[{"href":"https:\/\/ranoja.ee\/en\/wp-json\/wp\/v2\/types\/product"}],"wp:featuredmedia":[{"embeddable":true,"href":"https:\/\/ranoja.ee\/en\/wp-json\/wp\/v2\/media\/61768"}],"wp:attachment":[{"href":"https:\/\/ranoja.ee\/en\/wp-json\/wp\/v2\/media?parent=61767"}],"wp:term":[{"taxonomy":"product_cat","embeddable":true,"href":"https:\/\/ranoja.ee\/en\/wp-json\/wp\/v2\/product_cat?post=61767"},{"taxonomy":"product_tag","embeddable":true,"href":"https:\/\/ranoja.ee\/en\/wp-json\/wp\/v2\/product_tag?post=61767"}],"curies":[{"name":"wp","href":"https:\/\/api.w.org\/{rel}","templated":true}]}}