{"id":61729,"date":"2026-03-17T02:32:41","date_gmt":"2026-03-16T23:32:41","guid":{"rendered":"https:\/\/ranoja.ee\/toode\/toruloikur-tubix-metalltorudele-3-30mm-knipex\/"},"modified":"2026-03-17T15:36:09","modified_gmt":"2026-03-17T12:36:09","slug":"toruloikur-tubix-metalltorudele-3-30mm-knipex","status":"publish","type":"product","link":"https:\/\/ranoja.ee\/en\/toode\/toruloikur-tubix-metalltorudele-3-30mm-knipex\/","title":{"rendered":"Torul\u00f5ikur Tubix  metalltorudele 3-30mm, Knipex"},"content":{"rendered":"","protected":false},"excerpt":{"rendered":"<p>KNIPEX 90 31 01, tuntud ka kui KNIPEX TubiX\u00ae S, on kompaktne torul\u00f5ikur, mis on spetsiaalselt loodud t\u00f5husaks l\u00f5ikamiseks kitsastes kohtades. See sisaldab QuickLock \u00fchek\u00e4elise lukustusmehhanismi, mis v\u00f5imaldab kasutajatel toru iseseisvalt hoida ja kinnitada, parandades kasutusmugavust. T\u00f6\u00f6riist suudab l\u00f5igata roostevabast terasest torusid l\u00e4bim\u00f5\u00f5duga 3\u201330 mm (1\/8 kuni 1 1\/8 tolli) ja seinapaksusega kuni 2 mm. Kompaktse disainiga TubiX\u00ae S on vaid 77 mm pikkune, mist\u00f5ttu on seda lihtne kaasas kanda.<\/p>\n","protected":false},"featured_media":61730,"template":"","meta":{"inline_featured_image":false},"product_cat":[5302,5299,5043],"product_tag":[],"class_list":{"0":"post-61729","1":"product","2":"type-product","3":"status-publish","4":"has-post-thumbnail","6":"product_brand-knipex","7":"product_cat-metalltoru-loikurid","8":"product_cat-toruloike-tooriistad","9":"product_cat-torutooriistad","11":"first","12":"instock","13":"purchasable","14":"product-type-simple"},"yoast_head":"<!-- This site is optimized with the Yoast SEO plugin v27.4 - https:\/\/yoast.com\/product\/yoast-seo-wordpress\/ -->\n<title>Torul\u00f5ikur Tubix metalltorudele 3-30mm, Knipex - Ranoja<\/title>\n<meta name=\"robots\" content=\"index, follow, max-snippet:-1, max-image-preview:large, max-video-preview:-1\" \/>\n<link rel=\"canonical\" href=\"https:\/\/ranoja.ee\/toode\/toruloikur-tubix-metalltorudele-3-30mm-knipex\/\" \/>\n<meta property=\"og:locale\" content=\"en_US\" \/>\n<meta property=\"og:type\" content=\"article\" \/>\n<meta property=\"og:title\" content=\"Torul\u00f5ikur Tubix metalltorudele 3-30mm, Knipex - Ranoja\" \/>\n<meta property=\"og:description\" content=\"KNIPEX 90 31 01, tuntud ka kui KNIPEX TubiX\u00ae S, on kompaktne torul\u00f5ikur, mis on spetsiaalselt loodud t\u00f5husaks l\u00f5ikamiseks kitsastes kohtades. See sisaldab QuickLock \u00fchek\u00e4elise lukustusmehhanismi, mis v\u00f5imaldab kasutajatel toru iseseisvalt hoida ja kinnitada, parandades kasutusmugavust. T\u00f6\u00f6riist suudab l\u00f5igata roostevabast terasest torusid l\u00e4bim\u00f5\u00f5duga 3\u201330 mm (1\/8 kuni 1 1\/8 tolli) ja seinapaksusega kuni 2 mm. Kompaktse disainiga TubiX\u00ae S on vaid 77 mm pikkune, mist\u00f5ttu on seda lihtne kaasas kanda.\" \/>\n<meta property=\"og:url\" content=\"https:\/\/ranoja.ee\/toode\/toruloikur-tubix-metalltorudele-3-30mm-knipex\/\" \/>\n<meta property=\"og:site_name\" content=\"Ranoja\" \/>\n<meta property=\"article:publisher\" content=\"https:\/\/www.facebook.com\/ranoja.ee\" \/>\n<meta property=\"article:modified_time\" content=\"2026-03-17T12:36:09+00:00\" \/>\n<meta property=\"og:image\" content=\"https:\/\/ranoja.ee\/wp-content\/uploads\/2026\/03\/5637850145.png\" \/>\n\t<meta property=\"og:image:width\" content=\"535\" \/>\n\t<meta property=\"og:image:height\" content=\"405\" \/>\n\t<meta property=\"og:image:type\" content=\"image\/png\" \/>\n<meta name=\"twitter:card\" content=\"summary_large_image\" \/>\n<script type=\"application\/ld+json\" class=\"yoast-schema-graph\">{\"@context\":\"https:\\\/\\\/schema.org\",\"@graph\":[{\"@type\":\"WebPage\",\"@id\":\"https:\\\/\\\/ranoja.ee\\\/toode\\\/toruloikur-tubix-metalltorudele-3-30mm-knipex\\\/\",\"url\":\"https:\\\/\\\/ranoja.ee\\\/toode\\\/toruloikur-tubix-metalltorudele-3-30mm-knipex\\\/\",\"name\":\"Torul\u00f5ikur Tubix metalltorudele 3-30mm, Knipex - Ranoja\",\"isPartOf\":{\"@id\":\"https:\\\/\\\/ranoja.ee\\\/#website\"},\"primaryImageOfPage\":{\"@id\":\"https:\\\/\\\/ranoja.ee\\\/toode\\\/toruloikur-tubix-metalltorudele-3-30mm-knipex\\\/#primaryimage\"},\"image\":{\"@id\":\"https:\\\/\\\/ranoja.ee\\\/toode\\\/toruloikur-tubix-metalltorudele-3-30mm-knipex\\\/#primaryimage\"},\"thumbnailUrl\":\"https:\\\/\\\/ranoja.ee\\\/wp-content\\\/uploads\\\/2026\\\/03\\\/5637850145.png\",\"datePublished\":\"2026-03-16T23:32:41+00:00\",\"dateModified\":\"2026-03-17T12:36:09+00:00\",\"breadcrumb\":{\"@id\":\"https:\\\/\\\/ranoja.ee\\\/toode\\\/toruloikur-tubix-metalltorudele-3-30mm-knipex\\\/#breadcrumb\"},\"inLanguage\":\"en-US\",\"potentialAction\":[{\"@type\":\"ReadAction\",\"target\":[\"https:\\\/\\\/ranoja.ee\\\/toode\\\/toruloikur-tubix-metalltorudele-3-30mm-knipex\\\/\"]}]},{\"@type\":\"ImageObject\",\"inLanguage\":\"en-US\",\"@id\":\"https:\\\/\\\/ranoja.ee\\\/toode\\\/toruloikur-tubix-metalltorudele-3-30mm-knipex\\\/#primaryimage\",\"url\":\"https:\\\/\\\/ranoja.ee\\\/wp-content\\\/uploads\\\/2026\\\/03\\\/5637850145.png\",\"contentUrl\":\"https:\\\/\\\/ranoja.ee\\\/wp-content\\\/uploads\\\/2026\\\/03\\\/5637850145.png\",\"width\":535,\"height\":405},{\"@type\":\"BreadcrumbList\",\"@id\":\"https:\\\/\\\/ranoja.ee\\\/toode\\\/toruloikur-tubix-metalltorudele-3-30mm-knipex\\\/#breadcrumb\",\"itemListElement\":[{\"@type\":\"ListItem\",\"position\":1,\"name\":\"Home\",\"item\":\"https:\\\/\\\/ranoja.ee\\\/\"},{\"@type\":\"ListItem\",\"position\":2,\"name\":\"Shop\",\"item\":\"https:\\\/\\\/ranoja.ee\\\/en\\\/shop\\\/\"},{\"@type\":\"ListItem\",\"position\":3,\"name\":\"Torul\u00f5ikur Tubix metalltorudele 3-30mm, Knipex\"}]},{\"@type\":\"WebSite\",\"@id\":\"https:\\\/\\\/ranoja.ee\\\/#website\",\"url\":\"https:\\\/\\\/ranoja.ee\\\/\",\"name\":\"Ranoja\",\"description\":\"Equipment Shop WooCommerce WordPress Theme for Machine &amp; Tools\",\"publisher\":{\"@id\":\"https:\\\/\\\/ranoja.ee\\\/#organization\"},\"potentialAction\":[{\"@type\":\"SearchAction\",\"target\":{\"@type\":\"EntryPoint\",\"urlTemplate\":\"https:\\\/\\\/ranoja.ee\\\/?s={search_term_string}\"},\"query-input\":{\"@type\":\"PropertyValueSpecification\",\"valueRequired\":true,\"valueName\":\"search_term_string\"}}],\"inLanguage\":\"en-US\"},{\"@type\":\"Organization\",\"@id\":\"https:\\\/\\\/ranoja.ee\\\/#organization\",\"name\":\"Ranoja O\u00dc\",\"url\":\"https:\\\/\\\/ranoja.ee\\\/\",\"logo\":{\"@type\":\"ImageObject\",\"inLanguage\":\"en-US\",\"@id\":\"https:\\\/\\\/ranoja.ee\\\/#\\\/schema\\\/logo\\\/image\\\/\",\"url\":\"https:\\\/\\\/ranoja.ee\\\/wp-content\\\/uploads\\\/2023\\\/11\\\/ranoja-Logo.png\",\"contentUrl\":\"https:\\\/\\\/ranoja.ee\\\/wp-content\\\/uploads\\\/2023\\\/11\\\/ranoja-Logo.png\",\"width\":207,\"height\":58,\"caption\":\"Ranoja O\u00dc\"},\"image\":{\"@id\":\"https:\\\/\\\/ranoja.ee\\\/#\\\/schema\\\/logo\\\/image\\\/\"},\"sameAs\":[\"https:\\\/\\\/www.facebook.com\\\/ranoja.ee\",\"https:\\\/\\\/www.instagram.com\\\/ranoja__\\\/\"]}]}<\/script>\n<!-- \/ Yoast SEO plugin. -->","yoast_head_json":{"title":"Torul\u00f5ikur Tubix metalltorudele 3-30mm, Knipex - Ranoja","robots":{"index":"index","follow":"follow","max-snippet":"max-snippet:-1","max-image-preview":"max-image-preview:large","max-video-preview":"max-video-preview:-1"},"canonical":"https:\/\/ranoja.ee\/toode\/toruloikur-tubix-metalltorudele-3-30mm-knipex\/","og_locale":"en_US","og_type":"article","og_title":"Torul\u00f5ikur Tubix metalltorudele 3-30mm, Knipex - Ranoja","og_description":"KNIPEX 90 31 01, tuntud ka kui KNIPEX TubiX\u00ae S, on kompaktne torul\u00f5ikur, mis on spetsiaalselt loodud t\u00f5husaks l\u00f5ikamiseks kitsastes kohtades. See sisaldab QuickLock \u00fchek\u00e4elise lukustusmehhanismi, mis v\u00f5imaldab kasutajatel toru iseseisvalt hoida ja kinnitada, parandades kasutusmugavust. T\u00f6\u00f6riist suudab l\u00f5igata roostevabast terasest torusid l\u00e4bim\u00f5\u00f5duga 3\u201330 mm (1\/8 kuni 1 1\/8 tolli) ja seinapaksusega kuni 2 mm. Kompaktse disainiga TubiX\u00ae S on vaid 77 mm pikkune, mist\u00f5ttu on seda lihtne kaasas kanda.","og_url":"https:\/\/ranoja.ee\/toode\/toruloikur-tubix-metalltorudele-3-30mm-knipex\/","og_site_name":"Ranoja","article_publisher":"https:\/\/www.facebook.com\/ranoja.ee","article_modified_time":"2026-03-17T12:36:09+00:00","og_image":[{"width":535,"height":405,"url":"https:\/\/ranoja.ee\/wp-content\/uploads\/2026\/03\/5637850145.png","type":"image\/png"}],"twitter_card":"summary_large_image","schema":{"@context":"https:\/\/schema.org","@graph":[{"@type":"WebPage","@id":"https:\/\/ranoja.ee\/toode\/toruloikur-tubix-metalltorudele-3-30mm-knipex\/","url":"https:\/\/ranoja.ee\/toode\/toruloikur-tubix-metalltorudele-3-30mm-knipex\/","name":"Torul\u00f5ikur Tubix metalltorudele 3-30mm, Knipex - Ranoja","isPartOf":{"@id":"https:\/\/ranoja.ee\/#website"},"primaryImageOfPage":{"@id":"https:\/\/ranoja.ee\/toode\/toruloikur-tubix-metalltorudele-3-30mm-knipex\/#primaryimage"},"image":{"@id":"https:\/\/ranoja.ee\/toode\/toruloikur-tubix-metalltorudele-3-30mm-knipex\/#primaryimage"},"thumbnailUrl":"https:\/\/ranoja.ee\/wp-content\/uploads\/2026\/03\/5637850145.png","datePublished":"2026-03-16T23:32:41+00:00","dateModified":"2026-03-17T12:36:09+00:00","breadcrumb":{"@id":"https:\/\/ranoja.ee\/toode\/toruloikur-tubix-metalltorudele-3-30mm-knipex\/#breadcrumb"},"inLanguage":"en-US","potentialAction":[{"@type":"ReadAction","target":["https:\/\/ranoja.ee\/toode\/toruloikur-tubix-metalltorudele-3-30mm-knipex\/"]}]},{"@type":"ImageObject","inLanguage":"en-US","@id":"https:\/\/ranoja.ee\/toode\/toruloikur-tubix-metalltorudele-3-30mm-knipex\/#primaryimage","url":"https:\/\/ranoja.ee\/wp-content\/uploads\/2026\/03\/5637850145.png","contentUrl":"https:\/\/ranoja.ee\/wp-content\/uploads\/2026\/03\/5637850145.png","width":535,"height":405},{"@type":"BreadcrumbList","@id":"https:\/\/ranoja.ee\/toode\/toruloikur-tubix-metalltorudele-3-30mm-knipex\/#breadcrumb","itemListElement":[{"@type":"ListItem","position":1,"name":"Home","item":"https:\/\/ranoja.ee\/"},{"@type":"ListItem","position":2,"name":"Shop","item":"https:\/\/ranoja.ee\/en\/shop\/"},{"@type":"ListItem","position":3,"name":"Torul\u00f5ikur Tubix metalltorudele 3-30mm, Knipex"}]},{"@type":"WebSite","@id":"https:\/\/ranoja.ee\/#website","url":"https:\/\/ranoja.ee\/","name":"Ranoja","description":"Equipment Shop WooCommerce WordPress Theme for Machine &amp; Tools","publisher":{"@id":"https:\/\/ranoja.ee\/#organization"},"potentialAction":[{"@type":"SearchAction","target":{"@type":"EntryPoint","urlTemplate":"https:\/\/ranoja.ee\/?s={search_term_string}"},"query-input":{"@type":"PropertyValueSpecification","valueRequired":true,"valueName":"search_term_string"}}],"inLanguage":"en-US"},{"@type":"Organization","@id":"https:\/\/ranoja.ee\/#organization","name":"Ranoja O\u00dc","url":"https:\/\/ranoja.ee\/","logo":{"@type":"ImageObject","inLanguage":"en-US","@id":"https:\/\/ranoja.ee\/#\/schema\/logo\/image\/","url":"https:\/\/ranoja.ee\/wp-content\/uploads\/2023\/11\/ranoja-Logo.png","contentUrl":"https:\/\/ranoja.ee\/wp-content\/uploads\/2023\/11\/ranoja-Logo.png","width":207,"height":58,"caption":"Ranoja O\u00dc"},"image":{"@id":"https:\/\/ranoja.ee\/#\/schema\/logo\/image\/"},"sameAs":["https:\/\/www.facebook.com\/ranoja.ee","https:\/\/www.instagram.com\/ranoja__\/"]}]}},"_links":{"self":[{"href":"https:\/\/ranoja.ee\/en\/wp-json\/wp\/v2\/product\/61729","targetHints":{"allow":["GET"]}}],"collection":[{"href":"https:\/\/ranoja.ee\/en\/wp-json\/wp\/v2\/product"}],"about":[{"href":"https:\/\/ranoja.ee\/en\/wp-json\/wp\/v2\/types\/product"}],"wp:featuredmedia":[{"embeddable":true,"href":"https:\/\/ranoja.ee\/en\/wp-json\/wp\/v2\/media\/61730"}],"wp:attachment":[{"href":"https:\/\/ranoja.ee\/en\/wp-json\/wp\/v2\/media?parent=61729"}],"wp:term":[{"taxonomy":"product_cat","embeddable":true,"href":"https:\/\/ranoja.ee\/en\/wp-json\/wp\/v2\/product_cat?post=61729"},{"taxonomy":"product_tag","embeddable":true,"href":"https:\/\/ranoja.ee\/en\/wp-json\/wp\/v2\/product_tag?post=61729"}],"curies":[{"name":"wp","href":"https:\/\/api.w.org\/{rel}","templated":true}]}}