{"id":61727,"date":"2026-03-17T02:32:41","date_gmt":"2026-03-16T23:32:41","guid":{"rendered":"https:\/\/ranoja.ee\/toode\/suruohu-naelapustol-airtac-pb161-nr32-naelad-rapid\/"},"modified":"2026-03-17T15:36:09","modified_gmt":"2026-03-17T12:36:09","slug":"suruohu-naelapustol-airtac-pb161-nr32-naelad-rapid","status":"publish","type":"product","link":"https:\/\/ranoja.ee\/en\/toode\/suruohu-naelapustol-airtac-pb161-nr32-naelad-rapid\/","title":{"rendered":"suru\u00f5hu naelap\u00fcstol Airtac PB161 Nr32 naelad, Rapid"},"content":{"rendered":"","protected":false},"excerpt":{"rendered":"<p>Kaldus magasiniga poolprofessionaalne pneumaatiline naelap\u00fcstol kuni 64 mm pikkuste nr 32 naelte jaoks. PB161 on v\u00e4ga v\u00f5imas t\u00f6\u00f6riist intensiivse t\u00f6\u00f6tegemise jaoks. 34\u00b0 kaldus magasin v\u00f5imaldab paremat juurdep\u00e4\u00e4su nurkadesse. Seade on kenas informatiivses plastpakendis, mis sisaldab  mutriv\u00f5tmeid ja 300-st naelast (suurusega 50 mm) koosnevat stardikomplekti.<\/p>\n<p>Kasutusalad<br \/>\nKatuste, parkettp\u00f5randate paigaldamine, terrassid, paksemate puitpaneelide kinnitamine<\/p>\n<p>Tavap\u00e4rane t\u00f6\u00f6r\u00f5hk&#8230;&#8230;&#8230;&#8230;&#8230;. 5-7 bar<br \/>\n\u00d5hu tarbimine r\u00f5hul 5-7 bar&#8230;.1,70-2,24 liitrit<\/p>\n","protected":false},"featured_media":61728,"template":"","meta":{"inline_featured_image":false},"product_cat":[5283,5277,5136],"product_tag":[],"class_list":{"0":"post-61727","1":"product","2":"type-product","3":"status-publish","4":"has-post-thumbnail","6":"product_brand-rapid","7":"product_cat-muud-pneumaatilised-tooriistad","8":"product_cat-pneumaatilised-tooriistad","9":"product_cat-suruohutooriistad-ja-kompressorid","11":"first","12":"instock","13":"purchasable","14":"product-type-simple"},"yoast_head":"<!-- This site is optimized with the Yoast SEO plugin v27.4 - https:\/\/yoast.com\/product\/yoast-seo-wordpress\/ -->\n<title>suru\u00f5hu naelap\u00fcstol Airtac PB161 Nr32 naelad, Rapid - Ranoja<\/title>\n<meta name=\"robots\" content=\"index, follow, max-snippet:-1, max-image-preview:large, max-video-preview:-1\" \/>\n<link rel=\"canonical\" href=\"https:\/\/ranoja.ee\/toode\/suruohu-naelapustol-airtac-pb161-nr32-naelad-rapid\/\" \/>\n<meta property=\"og:locale\" content=\"en_US\" \/>\n<meta property=\"og:type\" content=\"article\" \/>\n<meta property=\"og:title\" content=\"suru\u00f5hu naelap\u00fcstol Airtac PB161 Nr32 naelad, Rapid - Ranoja\" \/>\n<meta property=\"og:description\" content=\"Kaldus magasiniga poolprofessionaalne pneumaatiline naelap\u00fcstol kuni 64 mm pikkuste nr 32 naelte jaoks. PB161 on v\u00e4ga v\u00f5imas t\u00f6\u00f6riist intensiivse t\u00f6\u00f6tegemise jaoks. 34\u00b0 kaldus magasin v\u00f5imaldab paremat juurdep\u00e4\u00e4su nurkadesse. Seade on kenas informatiivses plastpakendis, mis sisaldab mutriv\u00f5tmeid ja 300-st naelast (suurusega 50 mm) koosnevat stardikomplekti. Kasutusalad Katuste, parkettp\u00f5randate paigaldamine, terrassid, paksemate puitpaneelide kinnitamine Tavap\u00e4rane t\u00f6\u00f6r\u00f5hk................ 5-7 bar \u00d5hu tarbimine r\u00f5hul 5-7 bar....1,70-2,24 liitrit\" \/>\n<meta property=\"og:url\" content=\"https:\/\/ranoja.ee\/toode\/suruohu-naelapustol-airtac-pb161-nr32-naelad-rapid\/\" \/>\n<meta property=\"og:site_name\" content=\"Ranoja\" \/>\n<meta property=\"article:publisher\" content=\"https:\/\/www.facebook.com\/ranoja.ee\" \/>\n<meta property=\"article:modified_time\" content=\"2026-03-17T12:36:09+00:00\" \/>\n<meta property=\"og:image\" content=\"https:\/\/ranoja.ee\/wp-content\/uploads\/2026\/03\/241737773.jpg\" \/>\n\t<meta property=\"og:image:width\" content=\"600\" \/>\n\t<meta property=\"og:image:height\" content=\"600\" \/>\n\t<meta property=\"og:image:type\" content=\"image\/jpeg\" \/>\n<meta name=\"twitter:card\" content=\"summary_large_image\" \/>\n<script type=\"application\/ld+json\" class=\"yoast-schema-graph\">{\"@context\":\"https:\\\/\\\/schema.org\",\"@graph\":[{\"@type\":\"WebPage\",\"@id\":\"https:\\\/\\\/ranoja.ee\\\/toode\\\/suruohu-naelapustol-airtac-pb161-nr32-naelad-rapid\\\/\",\"url\":\"https:\\\/\\\/ranoja.ee\\\/toode\\\/suruohu-naelapustol-airtac-pb161-nr32-naelad-rapid\\\/\",\"name\":\"suru\u00f5hu naelap\u00fcstol Airtac PB161 Nr32 naelad, Rapid - Ranoja\",\"isPartOf\":{\"@id\":\"https:\\\/\\\/ranoja.ee\\\/#website\"},\"primaryImageOfPage\":{\"@id\":\"https:\\\/\\\/ranoja.ee\\\/toode\\\/suruohu-naelapustol-airtac-pb161-nr32-naelad-rapid\\\/#primaryimage\"},\"image\":{\"@id\":\"https:\\\/\\\/ranoja.ee\\\/toode\\\/suruohu-naelapustol-airtac-pb161-nr32-naelad-rapid\\\/#primaryimage\"},\"thumbnailUrl\":\"https:\\\/\\\/ranoja.ee\\\/wp-content\\\/uploads\\\/2026\\\/03\\\/241737773.jpg\",\"datePublished\":\"2026-03-16T23:32:41+00:00\",\"dateModified\":\"2026-03-17T12:36:09+00:00\",\"breadcrumb\":{\"@id\":\"https:\\\/\\\/ranoja.ee\\\/toode\\\/suruohu-naelapustol-airtac-pb161-nr32-naelad-rapid\\\/#breadcrumb\"},\"inLanguage\":\"en-US\",\"potentialAction\":[{\"@type\":\"ReadAction\",\"target\":[\"https:\\\/\\\/ranoja.ee\\\/toode\\\/suruohu-naelapustol-airtac-pb161-nr32-naelad-rapid\\\/\"]}]},{\"@type\":\"ImageObject\",\"inLanguage\":\"en-US\",\"@id\":\"https:\\\/\\\/ranoja.ee\\\/toode\\\/suruohu-naelapustol-airtac-pb161-nr32-naelad-rapid\\\/#primaryimage\",\"url\":\"https:\\\/\\\/ranoja.ee\\\/wp-content\\\/uploads\\\/2026\\\/03\\\/241737773.jpg\",\"contentUrl\":\"https:\\\/\\\/ranoja.ee\\\/wp-content\\\/uploads\\\/2026\\\/03\\\/241737773.jpg\",\"width\":600,\"height\":600},{\"@type\":\"BreadcrumbList\",\"@id\":\"https:\\\/\\\/ranoja.ee\\\/toode\\\/suruohu-naelapustol-airtac-pb161-nr32-naelad-rapid\\\/#breadcrumb\",\"itemListElement\":[{\"@type\":\"ListItem\",\"position\":1,\"name\":\"Home\",\"item\":\"https:\\\/\\\/ranoja.ee\\\/\"},{\"@type\":\"ListItem\",\"position\":2,\"name\":\"Shop\",\"item\":\"https:\\\/\\\/ranoja.ee\\\/en\\\/shop\\\/\"},{\"@type\":\"ListItem\",\"position\":3,\"name\":\"suru\u00f5hu naelap\u00fcstol Airtac PB161 Nr32 naelad, Rapid\"}]},{\"@type\":\"WebSite\",\"@id\":\"https:\\\/\\\/ranoja.ee\\\/#website\",\"url\":\"https:\\\/\\\/ranoja.ee\\\/\",\"name\":\"Ranoja\",\"description\":\"Equipment Shop WooCommerce WordPress Theme for Machine &amp; Tools\",\"publisher\":{\"@id\":\"https:\\\/\\\/ranoja.ee\\\/#organization\"},\"potentialAction\":[{\"@type\":\"SearchAction\",\"target\":{\"@type\":\"EntryPoint\",\"urlTemplate\":\"https:\\\/\\\/ranoja.ee\\\/?s={search_term_string}\"},\"query-input\":{\"@type\":\"PropertyValueSpecification\",\"valueRequired\":true,\"valueName\":\"search_term_string\"}}],\"inLanguage\":\"en-US\"},{\"@type\":\"Organization\",\"@id\":\"https:\\\/\\\/ranoja.ee\\\/#organization\",\"name\":\"Ranoja O\u00dc\",\"url\":\"https:\\\/\\\/ranoja.ee\\\/\",\"logo\":{\"@type\":\"ImageObject\",\"inLanguage\":\"en-US\",\"@id\":\"https:\\\/\\\/ranoja.ee\\\/#\\\/schema\\\/logo\\\/image\\\/\",\"url\":\"https:\\\/\\\/ranoja.ee\\\/wp-content\\\/uploads\\\/2023\\\/11\\\/ranoja-Logo.png\",\"contentUrl\":\"https:\\\/\\\/ranoja.ee\\\/wp-content\\\/uploads\\\/2023\\\/11\\\/ranoja-Logo.png\",\"width\":207,\"height\":58,\"caption\":\"Ranoja O\u00dc\"},\"image\":{\"@id\":\"https:\\\/\\\/ranoja.ee\\\/#\\\/schema\\\/logo\\\/image\\\/\"},\"sameAs\":[\"https:\\\/\\\/www.facebook.com\\\/ranoja.ee\",\"https:\\\/\\\/www.instagram.com\\\/ranoja__\\\/\"]}]}<\/script>\n<!-- \/ Yoast SEO plugin. -->","yoast_head_json":{"title":"suru\u00f5hu naelap\u00fcstol Airtac PB161 Nr32 naelad, Rapid - Ranoja","robots":{"index":"index","follow":"follow","max-snippet":"max-snippet:-1","max-image-preview":"max-image-preview:large","max-video-preview":"max-video-preview:-1"},"canonical":"https:\/\/ranoja.ee\/toode\/suruohu-naelapustol-airtac-pb161-nr32-naelad-rapid\/","og_locale":"en_US","og_type":"article","og_title":"suru\u00f5hu naelap\u00fcstol Airtac PB161 Nr32 naelad, Rapid - Ranoja","og_description":"Kaldus magasiniga poolprofessionaalne pneumaatiline naelap\u00fcstol kuni 64 mm pikkuste nr 32 naelte jaoks. PB161 on v\u00e4ga v\u00f5imas t\u00f6\u00f6riist intensiivse t\u00f6\u00f6tegemise jaoks. 34\u00b0 kaldus magasin v\u00f5imaldab paremat juurdep\u00e4\u00e4su nurkadesse. Seade on kenas informatiivses plastpakendis, mis sisaldab mutriv\u00f5tmeid ja 300-st naelast (suurusega 50 mm) koosnevat stardikomplekti. Kasutusalad Katuste, parkettp\u00f5randate paigaldamine, terrassid, paksemate puitpaneelide kinnitamine Tavap\u00e4rane t\u00f6\u00f6r\u00f5hk................ 5-7 bar \u00d5hu tarbimine r\u00f5hul 5-7 bar....1,70-2,24 liitrit","og_url":"https:\/\/ranoja.ee\/toode\/suruohu-naelapustol-airtac-pb161-nr32-naelad-rapid\/","og_site_name":"Ranoja","article_publisher":"https:\/\/www.facebook.com\/ranoja.ee","article_modified_time":"2026-03-17T12:36:09+00:00","og_image":[{"width":600,"height":600,"url":"https:\/\/ranoja.ee\/wp-content\/uploads\/2026\/03\/241737773.jpg","type":"image\/jpeg"}],"twitter_card":"summary_large_image","schema":{"@context":"https:\/\/schema.org","@graph":[{"@type":"WebPage","@id":"https:\/\/ranoja.ee\/toode\/suruohu-naelapustol-airtac-pb161-nr32-naelad-rapid\/","url":"https:\/\/ranoja.ee\/toode\/suruohu-naelapustol-airtac-pb161-nr32-naelad-rapid\/","name":"suru\u00f5hu naelap\u00fcstol Airtac PB161 Nr32 naelad, Rapid - Ranoja","isPartOf":{"@id":"https:\/\/ranoja.ee\/#website"},"primaryImageOfPage":{"@id":"https:\/\/ranoja.ee\/toode\/suruohu-naelapustol-airtac-pb161-nr32-naelad-rapid\/#primaryimage"},"image":{"@id":"https:\/\/ranoja.ee\/toode\/suruohu-naelapustol-airtac-pb161-nr32-naelad-rapid\/#primaryimage"},"thumbnailUrl":"https:\/\/ranoja.ee\/wp-content\/uploads\/2026\/03\/241737773.jpg","datePublished":"2026-03-16T23:32:41+00:00","dateModified":"2026-03-17T12:36:09+00:00","breadcrumb":{"@id":"https:\/\/ranoja.ee\/toode\/suruohu-naelapustol-airtac-pb161-nr32-naelad-rapid\/#breadcrumb"},"inLanguage":"en-US","potentialAction":[{"@type":"ReadAction","target":["https:\/\/ranoja.ee\/toode\/suruohu-naelapustol-airtac-pb161-nr32-naelad-rapid\/"]}]},{"@type":"ImageObject","inLanguage":"en-US","@id":"https:\/\/ranoja.ee\/toode\/suruohu-naelapustol-airtac-pb161-nr32-naelad-rapid\/#primaryimage","url":"https:\/\/ranoja.ee\/wp-content\/uploads\/2026\/03\/241737773.jpg","contentUrl":"https:\/\/ranoja.ee\/wp-content\/uploads\/2026\/03\/241737773.jpg","width":600,"height":600},{"@type":"BreadcrumbList","@id":"https:\/\/ranoja.ee\/toode\/suruohu-naelapustol-airtac-pb161-nr32-naelad-rapid\/#breadcrumb","itemListElement":[{"@type":"ListItem","position":1,"name":"Home","item":"https:\/\/ranoja.ee\/"},{"@type":"ListItem","position":2,"name":"Shop","item":"https:\/\/ranoja.ee\/en\/shop\/"},{"@type":"ListItem","position":3,"name":"suru\u00f5hu naelap\u00fcstol Airtac PB161 Nr32 naelad, Rapid"}]},{"@type":"WebSite","@id":"https:\/\/ranoja.ee\/#website","url":"https:\/\/ranoja.ee\/","name":"Ranoja","description":"Equipment Shop WooCommerce WordPress Theme for Machine &amp; Tools","publisher":{"@id":"https:\/\/ranoja.ee\/#organization"},"potentialAction":[{"@type":"SearchAction","target":{"@type":"EntryPoint","urlTemplate":"https:\/\/ranoja.ee\/?s={search_term_string}"},"query-input":{"@type":"PropertyValueSpecification","valueRequired":true,"valueName":"search_term_string"}}],"inLanguage":"en-US"},{"@type":"Organization","@id":"https:\/\/ranoja.ee\/#organization","name":"Ranoja O\u00dc","url":"https:\/\/ranoja.ee\/","logo":{"@type":"ImageObject","inLanguage":"en-US","@id":"https:\/\/ranoja.ee\/#\/schema\/logo\/image\/","url":"https:\/\/ranoja.ee\/wp-content\/uploads\/2023\/11\/ranoja-Logo.png","contentUrl":"https:\/\/ranoja.ee\/wp-content\/uploads\/2023\/11\/ranoja-Logo.png","width":207,"height":58,"caption":"Ranoja O\u00dc"},"image":{"@id":"https:\/\/ranoja.ee\/#\/schema\/logo\/image\/"},"sameAs":["https:\/\/www.facebook.com\/ranoja.ee","https:\/\/www.instagram.com\/ranoja__\/"]}]}},"_links":{"self":[{"href":"https:\/\/ranoja.ee\/en\/wp-json\/wp\/v2\/product\/61727","targetHints":{"allow":["GET"]}}],"collection":[{"href":"https:\/\/ranoja.ee\/en\/wp-json\/wp\/v2\/product"}],"about":[{"href":"https:\/\/ranoja.ee\/en\/wp-json\/wp\/v2\/types\/product"}],"wp:featuredmedia":[{"embeddable":true,"href":"https:\/\/ranoja.ee\/en\/wp-json\/wp\/v2\/media\/61728"}],"wp:attachment":[{"href":"https:\/\/ranoja.ee\/en\/wp-json\/wp\/v2\/media?parent=61727"}],"wp:term":[{"taxonomy":"product_cat","embeddable":true,"href":"https:\/\/ranoja.ee\/en\/wp-json\/wp\/v2\/product_cat?post=61727"},{"taxonomy":"product_tag","embeddable":true,"href":"https:\/\/ranoja.ee\/en\/wp-json\/wp\/v2\/product_tag?post=61727"}],"curies":[{"name":"wp","href":"https:\/\/api.w.org\/{rel}","templated":true}]}}