{"id":61719,"date":"2026-03-17T02:32:41","date_gmt":"2026-03-16T23:32:41","guid":{"rendered":"https:\/\/ranoja.ee\/toode\/klemmitangid-rj45-pistikute-jaoks-knipex\/"},"modified":"2026-03-17T15:36:09","modified_gmt":"2026-03-17T12:36:09","slug":"klemmitangid-rj45-pistikute-jaoks-knipex","status":"publish","type":"product","link":"https:\/\/ranoja.ee\/en\/toode\/klemmitangid-rj45-pistikute-jaoks-knipex\/","title":{"rendered":"Klemmitangid RJ45 pistikute jaoks, Knipex"},"content":{"rendered":"","protected":false},"excerpt":{"rendered":"<p>K\u00f5ik \u00fches RJ45 klemmitangid koos l\u00f5ikuri, koorija ja kingapressiga. <br \/>\nPressib kindlalt kinni varjestusega ja varjestamata RJ45 pistikud (8P8C). <br \/>\nT\u00e4pne pressimine t\u00e4nu paralleelsele pressile ja isevabastavale s\u00fcsteemile. <br \/>\nTopelt presspunktid tagavad \u00fchtlase pressimisj\u00f5u. <br \/>\nKvaliteetse teraga l\u00f5ikur l\u00f5ikab ja puhastab kiirelt CAT kaabli. <br \/>\nErgonoomiline mitmekomponentne k\u00e4epide. <\/p>\n","protected":false},"featured_media":61720,"template":"","meta":{"inline_featured_image":false},"product_cat":[1596,5288,1116,5076],"product_tag":[],"class_list":{"0":"post-61719","1":"product","2":"type-product","3":"status-publish","4":"has-post-thumbnail","6":"product_brand-knipex","7":"product_cat-kasitooriistad","8":"product_cat-klemmitangid","9":"product_cat-lisaseadmed-ehitusseadmed-led-lisatuled-cb-raadiod-lallar","10":"product_cat-tangid","12":"first","13":"instock","14":"purchasable","15":"product-type-simple"},"yoast_head":"<!-- This site is optimized with the Yoast SEO plugin v27.4 - https:\/\/yoast.com\/product\/yoast-seo-wordpress\/ -->\n<title>Klemmitangid RJ45 pistikute jaoks, Knipex - Ranoja<\/title>\n<meta name=\"robots\" content=\"index, follow, max-snippet:-1, max-image-preview:large, max-video-preview:-1\" \/>\n<link rel=\"canonical\" href=\"https:\/\/ranoja.ee\/toode\/klemmitangid-rj45-pistikute-jaoks-knipex\/\" \/>\n<meta property=\"og:locale\" content=\"en_US\" \/>\n<meta property=\"og:type\" content=\"article\" \/>\n<meta property=\"og:title\" content=\"Klemmitangid RJ45 pistikute jaoks, Knipex - Ranoja\" \/>\n<meta property=\"og:description\" content=\"K\u00f5ik \u00fches RJ45 klemmitangid koos l\u00f5ikuri, koorija ja kingapressiga. Pressib kindlalt kinni varjestusega ja varjestamata RJ45 pistikud (8P8C). T\u00e4pne pressimine t\u00e4nu paralleelsele pressile ja isevabastavale s\u00fcsteemile. Topelt presspunktid tagavad \u00fchtlase pressimisj\u00f5u. Kvaliteetse teraga l\u00f5ikur l\u00f5ikab ja puhastab kiirelt CAT kaabli. Ergonoomiline mitmekomponentne k\u00e4epide.\" \/>\n<meta property=\"og:url\" content=\"https:\/\/ranoja.ee\/toode\/klemmitangid-rj45-pistikute-jaoks-knipex\/\" \/>\n<meta property=\"og:site_name\" content=\"Ranoja\" \/>\n<meta property=\"article:publisher\" content=\"https:\/\/www.facebook.com\/ranoja.ee\" \/>\n<meta property=\"article:modified_time\" content=\"2026-03-17T12:36:09+00:00\" \/>\n<meta property=\"og:image\" content=\"https:\/\/ranoja.ee\/wp-content\/uploads\/2026\/03\/238235973.jpg\" \/>\n\t<meta property=\"og:image:width\" content=\"900\" \/>\n\t<meta property=\"og:image:height\" content=\"900\" \/>\n\t<meta property=\"og:image:type\" content=\"image\/jpeg\" \/>\n<meta name=\"twitter:card\" content=\"summary_large_image\" \/>\n<script type=\"application\/ld+json\" class=\"yoast-schema-graph\">{\"@context\":\"https:\\\/\\\/schema.org\",\"@graph\":[{\"@type\":\"WebPage\",\"@id\":\"https:\\\/\\\/ranoja.ee\\\/toode\\\/klemmitangid-rj45-pistikute-jaoks-knipex\\\/\",\"url\":\"https:\\\/\\\/ranoja.ee\\\/toode\\\/klemmitangid-rj45-pistikute-jaoks-knipex\\\/\",\"name\":\"Klemmitangid RJ45 pistikute jaoks, Knipex - Ranoja\",\"isPartOf\":{\"@id\":\"https:\\\/\\\/ranoja.ee\\\/#website\"},\"primaryImageOfPage\":{\"@id\":\"https:\\\/\\\/ranoja.ee\\\/toode\\\/klemmitangid-rj45-pistikute-jaoks-knipex\\\/#primaryimage\"},\"image\":{\"@id\":\"https:\\\/\\\/ranoja.ee\\\/toode\\\/klemmitangid-rj45-pistikute-jaoks-knipex\\\/#primaryimage\"},\"thumbnailUrl\":\"https:\\\/\\\/ranoja.ee\\\/wp-content\\\/uploads\\\/2026\\\/03\\\/238235973.jpg\",\"datePublished\":\"2026-03-16T23:32:41+00:00\",\"dateModified\":\"2026-03-17T12:36:09+00:00\",\"breadcrumb\":{\"@id\":\"https:\\\/\\\/ranoja.ee\\\/toode\\\/klemmitangid-rj45-pistikute-jaoks-knipex\\\/#breadcrumb\"},\"inLanguage\":\"en-US\",\"potentialAction\":[{\"@type\":\"ReadAction\",\"target\":[\"https:\\\/\\\/ranoja.ee\\\/toode\\\/klemmitangid-rj45-pistikute-jaoks-knipex\\\/\"]}]},{\"@type\":\"ImageObject\",\"inLanguage\":\"en-US\",\"@id\":\"https:\\\/\\\/ranoja.ee\\\/toode\\\/klemmitangid-rj45-pistikute-jaoks-knipex\\\/#primaryimage\",\"url\":\"https:\\\/\\\/ranoja.ee\\\/wp-content\\\/uploads\\\/2026\\\/03\\\/238235973.jpg\",\"contentUrl\":\"https:\\\/\\\/ranoja.ee\\\/wp-content\\\/uploads\\\/2026\\\/03\\\/238235973.jpg\",\"width\":900,\"height\":900},{\"@type\":\"BreadcrumbList\",\"@id\":\"https:\\\/\\\/ranoja.ee\\\/toode\\\/klemmitangid-rj45-pistikute-jaoks-knipex\\\/#breadcrumb\",\"itemListElement\":[{\"@type\":\"ListItem\",\"position\":1,\"name\":\"Home\",\"item\":\"https:\\\/\\\/ranoja.ee\\\/\"},{\"@type\":\"ListItem\",\"position\":2,\"name\":\"Shop\",\"item\":\"https:\\\/\\\/ranoja.ee\\\/en\\\/shop\\\/\"},{\"@type\":\"ListItem\",\"position\":3,\"name\":\"Klemmitangid RJ45 pistikute jaoks, Knipex\"}]},{\"@type\":\"WebSite\",\"@id\":\"https:\\\/\\\/ranoja.ee\\\/#website\",\"url\":\"https:\\\/\\\/ranoja.ee\\\/\",\"name\":\"Ranoja\",\"description\":\"Equipment Shop WooCommerce WordPress Theme for Machine &amp; Tools\",\"publisher\":{\"@id\":\"https:\\\/\\\/ranoja.ee\\\/#organization\"},\"potentialAction\":[{\"@type\":\"SearchAction\",\"target\":{\"@type\":\"EntryPoint\",\"urlTemplate\":\"https:\\\/\\\/ranoja.ee\\\/?s={search_term_string}\"},\"query-input\":{\"@type\":\"PropertyValueSpecification\",\"valueRequired\":true,\"valueName\":\"search_term_string\"}}],\"inLanguage\":\"en-US\"},{\"@type\":\"Organization\",\"@id\":\"https:\\\/\\\/ranoja.ee\\\/#organization\",\"name\":\"Ranoja O\u00dc\",\"url\":\"https:\\\/\\\/ranoja.ee\\\/\",\"logo\":{\"@type\":\"ImageObject\",\"inLanguage\":\"en-US\",\"@id\":\"https:\\\/\\\/ranoja.ee\\\/#\\\/schema\\\/logo\\\/image\\\/\",\"url\":\"https:\\\/\\\/ranoja.ee\\\/wp-content\\\/uploads\\\/2023\\\/11\\\/ranoja-Logo.png\",\"contentUrl\":\"https:\\\/\\\/ranoja.ee\\\/wp-content\\\/uploads\\\/2023\\\/11\\\/ranoja-Logo.png\",\"width\":207,\"height\":58,\"caption\":\"Ranoja O\u00dc\"},\"image\":{\"@id\":\"https:\\\/\\\/ranoja.ee\\\/#\\\/schema\\\/logo\\\/image\\\/\"},\"sameAs\":[\"https:\\\/\\\/www.facebook.com\\\/ranoja.ee\",\"https:\\\/\\\/www.instagram.com\\\/ranoja__\\\/\"]}]}<\/script>\n<!-- \/ Yoast SEO plugin. -->","yoast_head_json":{"title":"Klemmitangid RJ45 pistikute jaoks, Knipex - Ranoja","robots":{"index":"index","follow":"follow","max-snippet":"max-snippet:-1","max-image-preview":"max-image-preview:large","max-video-preview":"max-video-preview:-1"},"canonical":"https:\/\/ranoja.ee\/toode\/klemmitangid-rj45-pistikute-jaoks-knipex\/","og_locale":"en_US","og_type":"article","og_title":"Klemmitangid RJ45 pistikute jaoks, Knipex - Ranoja","og_description":"K\u00f5ik \u00fches RJ45 klemmitangid koos l\u00f5ikuri, koorija ja kingapressiga. Pressib kindlalt kinni varjestusega ja varjestamata RJ45 pistikud (8P8C). T\u00e4pne pressimine t\u00e4nu paralleelsele pressile ja isevabastavale s\u00fcsteemile. Topelt presspunktid tagavad \u00fchtlase pressimisj\u00f5u. Kvaliteetse teraga l\u00f5ikur l\u00f5ikab ja puhastab kiirelt CAT kaabli. Ergonoomiline mitmekomponentne k\u00e4epide.","og_url":"https:\/\/ranoja.ee\/toode\/klemmitangid-rj45-pistikute-jaoks-knipex\/","og_site_name":"Ranoja","article_publisher":"https:\/\/www.facebook.com\/ranoja.ee","article_modified_time":"2026-03-17T12:36:09+00:00","og_image":[{"width":900,"height":900,"url":"https:\/\/ranoja.ee\/wp-content\/uploads\/2026\/03\/238235973.jpg","type":"image\/jpeg"}],"twitter_card":"summary_large_image","schema":{"@context":"https:\/\/schema.org","@graph":[{"@type":"WebPage","@id":"https:\/\/ranoja.ee\/toode\/klemmitangid-rj45-pistikute-jaoks-knipex\/","url":"https:\/\/ranoja.ee\/toode\/klemmitangid-rj45-pistikute-jaoks-knipex\/","name":"Klemmitangid RJ45 pistikute jaoks, Knipex - Ranoja","isPartOf":{"@id":"https:\/\/ranoja.ee\/#website"},"primaryImageOfPage":{"@id":"https:\/\/ranoja.ee\/toode\/klemmitangid-rj45-pistikute-jaoks-knipex\/#primaryimage"},"image":{"@id":"https:\/\/ranoja.ee\/toode\/klemmitangid-rj45-pistikute-jaoks-knipex\/#primaryimage"},"thumbnailUrl":"https:\/\/ranoja.ee\/wp-content\/uploads\/2026\/03\/238235973.jpg","datePublished":"2026-03-16T23:32:41+00:00","dateModified":"2026-03-17T12:36:09+00:00","breadcrumb":{"@id":"https:\/\/ranoja.ee\/toode\/klemmitangid-rj45-pistikute-jaoks-knipex\/#breadcrumb"},"inLanguage":"en-US","potentialAction":[{"@type":"ReadAction","target":["https:\/\/ranoja.ee\/toode\/klemmitangid-rj45-pistikute-jaoks-knipex\/"]}]},{"@type":"ImageObject","inLanguage":"en-US","@id":"https:\/\/ranoja.ee\/toode\/klemmitangid-rj45-pistikute-jaoks-knipex\/#primaryimage","url":"https:\/\/ranoja.ee\/wp-content\/uploads\/2026\/03\/238235973.jpg","contentUrl":"https:\/\/ranoja.ee\/wp-content\/uploads\/2026\/03\/238235973.jpg","width":900,"height":900},{"@type":"BreadcrumbList","@id":"https:\/\/ranoja.ee\/toode\/klemmitangid-rj45-pistikute-jaoks-knipex\/#breadcrumb","itemListElement":[{"@type":"ListItem","position":1,"name":"Home","item":"https:\/\/ranoja.ee\/"},{"@type":"ListItem","position":2,"name":"Shop","item":"https:\/\/ranoja.ee\/en\/shop\/"},{"@type":"ListItem","position":3,"name":"Klemmitangid RJ45 pistikute jaoks, Knipex"}]},{"@type":"WebSite","@id":"https:\/\/ranoja.ee\/#website","url":"https:\/\/ranoja.ee\/","name":"Ranoja","description":"Equipment Shop WooCommerce WordPress Theme for Machine &amp; Tools","publisher":{"@id":"https:\/\/ranoja.ee\/#organization"},"potentialAction":[{"@type":"SearchAction","target":{"@type":"EntryPoint","urlTemplate":"https:\/\/ranoja.ee\/?s={search_term_string}"},"query-input":{"@type":"PropertyValueSpecification","valueRequired":true,"valueName":"search_term_string"}}],"inLanguage":"en-US"},{"@type":"Organization","@id":"https:\/\/ranoja.ee\/#organization","name":"Ranoja O\u00dc","url":"https:\/\/ranoja.ee\/","logo":{"@type":"ImageObject","inLanguage":"en-US","@id":"https:\/\/ranoja.ee\/#\/schema\/logo\/image\/","url":"https:\/\/ranoja.ee\/wp-content\/uploads\/2023\/11\/ranoja-Logo.png","contentUrl":"https:\/\/ranoja.ee\/wp-content\/uploads\/2023\/11\/ranoja-Logo.png","width":207,"height":58,"caption":"Ranoja O\u00dc"},"image":{"@id":"https:\/\/ranoja.ee\/#\/schema\/logo\/image\/"},"sameAs":["https:\/\/www.facebook.com\/ranoja.ee","https:\/\/www.instagram.com\/ranoja__\/"]}]}},"_links":{"self":[{"href":"https:\/\/ranoja.ee\/en\/wp-json\/wp\/v2\/product\/61719","targetHints":{"allow":["GET"]}}],"collection":[{"href":"https:\/\/ranoja.ee\/en\/wp-json\/wp\/v2\/product"}],"about":[{"href":"https:\/\/ranoja.ee\/en\/wp-json\/wp\/v2\/types\/product"}],"wp:featuredmedia":[{"embeddable":true,"href":"https:\/\/ranoja.ee\/en\/wp-json\/wp\/v2\/media\/61720"}],"wp:attachment":[{"href":"https:\/\/ranoja.ee\/en\/wp-json\/wp\/v2\/media?parent=61719"}],"wp:term":[{"taxonomy":"product_cat","embeddable":true,"href":"https:\/\/ranoja.ee\/en\/wp-json\/wp\/v2\/product_cat?post=61719"},{"taxonomy":"product_tag","embeddable":true,"href":"https:\/\/ranoja.ee\/en\/wp-json\/wp\/v2\/product_tag?post=61719"}],"curies":[{"name":"wp","href":"https:\/\/api.w.org\/{rel}","templated":true}]}}