{"id":61711,"date":"2026-03-17T02:32:41","date_gmt":"2026-03-16T23:32:41","guid":{"rendered":"https:\/\/ranoja.ee\/toode\/mootorioli-profleet-ls-f-5w30-208l-valvoline\/"},"modified":"2026-03-17T15:36:09","modified_gmt":"2026-03-17T12:36:09","slug":"mootorioli-profleet-ls-f-5w30-208l-valvoline","status":"publish","type":"product","link":"https:\/\/ranoja.ee\/en\/toode\/mootorioli-profleet-ls-f-5w30-208l-valvoline\/","title":{"rendered":"Mootori\u00f5li Profleet LS-F 5W30 208L, Valvoline"},"content":{"rendered":"","protected":false},"excerpt":{"rendered":"<p>ProFleet LS-F mootori\u00f5li SAE 5W-30 on esmaklassiline s\u00fcnteetiline mootori\u00f5li, mis on m\u00f5eldud kasutamiseks 2017. aasta ja hilisemates 4-taktilistes diiselmootorites, kus on n\u00f5utav API: FA-4. See vastab suuremate mootoritootjate Ultra High Performance Diesel (UHPD) soovitustele. Unikaalne koostis pakub madalamat sulfaattuha sisaldust,<br \/>\nFosfori- ja v\u00e4\u00e4vlisisaldust, et kaitsta uusimaid j\u00e4relt\u00f6\u00f6tluss\u00fcsteeme, nagu heitgaaside retsirkulatsioonis\u00fcsteemid (EGR), selektiivse katal\u00fc\u00fctilise reduktsiooni (SCR) s\u00fcsteemid ja diisli tahkete osakeste filtrid (DPF). Madal HTHS (k\u00f5rge temperatuuri k\u00f5rge nihkepinge) viskoossus ja s\u00fcnteetiline koostis tagavad suurema k\u00fctuses\u00e4\u00e4stu.<br \/>\nAutotootjate heakskiidud:<br \/>\nMB-Approval 228.61<br \/>\nVolvo VDS-5<br \/>\nJ\u00f5udlustasemed ja standardid:<br \/>\nAPI: FA-4*<br \/>\nAPI: SN<br \/>\nCummins 20087<br \/>\nJASO DH-2<br \/>\nDetroit Diesel 93K223<br \/>\n*Ei ole tagasi\u00fchilduv ega asendatav CK-4, CJ-4, CI-4 v\u00f5i CH-4 kvaliteediklassidega<\/p>\n","protected":false},"featured_media":61712,"template":"","meta":{"inline_featured_image":false},"product_cat":[5012,5115,5139],"product_tag":[],"class_list":{"0":"post-61711","1":"product","2":"type-product","3":"status-publish","4":"has-post-thumbnail","6":"product_brand-valvoline","7":"product_cat-olid-ja-maardeained","8":"product_cat-rasketehnika-mootoriolid","9":"product_cat-rasketehnika-taissunteetilised-mootoriolid","11":"first","12":"instock","13":"purchasable","14":"product-type-simple"},"yoast_head":"<!-- This site is optimized with the Yoast SEO plugin v27.4 - https:\/\/yoast.com\/product\/yoast-seo-wordpress\/ -->\n<title>Mootori\u00f5li Profleet LS-F 5W30 208L, Valvoline - Ranoja<\/title>\n<meta name=\"robots\" content=\"index, follow, max-snippet:-1, max-image-preview:large, max-video-preview:-1\" \/>\n<link rel=\"canonical\" href=\"https:\/\/ranoja.ee\/toode\/mootorioli-profleet-ls-f-5w30-208l-valvoline\/\" \/>\n<meta property=\"og:locale\" content=\"en_US\" \/>\n<meta property=\"og:type\" content=\"article\" \/>\n<meta property=\"og:title\" content=\"Mootori\u00f5li Profleet LS-F 5W30 208L, Valvoline - Ranoja\" \/>\n<meta property=\"og:description\" content=\"ProFleet LS-F mootori\u00f5li SAE 5W-30 on esmaklassiline s\u00fcnteetiline mootori\u00f5li, mis on m\u00f5eldud kasutamiseks 2017. aasta ja hilisemates 4-taktilistes diiselmootorites, kus on n\u00f5utav API: FA-4. See vastab suuremate mootoritootjate Ultra High Performance Diesel (UHPD) soovitustele. Unikaalne koostis pakub madalamat sulfaattuha sisaldust, Fosfori- ja v\u00e4\u00e4vlisisaldust, et kaitsta uusimaid j\u00e4relt\u00f6\u00f6tluss\u00fcsteeme, nagu heitgaaside retsirkulatsioonis\u00fcsteemid (EGR), selektiivse katal\u00fc\u00fctilise reduktsiooni (SCR) s\u00fcsteemid ja diisli tahkete osakeste filtrid (DPF). Madal HTHS (k\u00f5rge temperatuuri k\u00f5rge nihkepinge) viskoossus ja s\u00fcnteetiline koostis tagavad suurema k\u00fctuses\u00e4\u00e4stu. Autotootjate heakskiidud: MB-Approval 228.61 Volvo VDS-5 J\u00f5udlustasemed ja standardid: API: FA-4* API: SN Cummins 20087 JASO DH-2 Detroit Diesel 93K223 *Ei ole tagasi\u00fchilduv ega asendatav CK-4, CJ-4, CI-4 v\u00f5i CH-4 kvaliteediklassidega\" \/>\n<meta property=\"og:url\" content=\"https:\/\/ranoja.ee\/toode\/mootorioli-profleet-ls-f-5w30-208l-valvoline\/\" \/>\n<meta property=\"og:site_name\" content=\"Ranoja\" \/>\n<meta property=\"article:publisher\" content=\"https:\/\/www.facebook.com\/ranoja.ee\" \/>\n<meta property=\"article:modified_time\" content=\"2026-03-17T12:36:09+00:00\" \/>\n<meta property=\"og:image\" content=\"https:\/\/ranoja.ee\/wp-content\/uploads\/2026\/03\/5637802110.jpg\" \/>\n\t<meta property=\"og:image:width\" content=\"384\" \/>\n\t<meta property=\"og:image:height\" content=\"384\" \/>\n\t<meta property=\"og:image:type\" content=\"image\/jpeg\" \/>\n<meta name=\"twitter:card\" content=\"summary_large_image\" \/>\n<script type=\"application\/ld+json\" class=\"yoast-schema-graph\">{\"@context\":\"https:\\\/\\\/schema.org\",\"@graph\":[{\"@type\":\"WebPage\",\"@id\":\"https:\\\/\\\/ranoja.ee\\\/toode\\\/mootorioli-profleet-ls-f-5w30-208l-valvoline\\\/\",\"url\":\"https:\\\/\\\/ranoja.ee\\\/toode\\\/mootorioli-profleet-ls-f-5w30-208l-valvoline\\\/\",\"name\":\"Mootori\u00f5li Profleet LS-F 5W30 208L, Valvoline - Ranoja\",\"isPartOf\":{\"@id\":\"https:\\\/\\\/ranoja.ee\\\/#website\"},\"primaryImageOfPage\":{\"@id\":\"https:\\\/\\\/ranoja.ee\\\/toode\\\/mootorioli-profleet-ls-f-5w30-208l-valvoline\\\/#primaryimage\"},\"image\":{\"@id\":\"https:\\\/\\\/ranoja.ee\\\/toode\\\/mootorioli-profleet-ls-f-5w30-208l-valvoline\\\/#primaryimage\"},\"thumbnailUrl\":\"https:\\\/\\\/ranoja.ee\\\/wp-content\\\/uploads\\\/2026\\\/03\\\/5637802110.jpg\",\"datePublished\":\"2026-03-16T23:32:41+00:00\",\"dateModified\":\"2026-03-17T12:36:09+00:00\",\"breadcrumb\":{\"@id\":\"https:\\\/\\\/ranoja.ee\\\/toode\\\/mootorioli-profleet-ls-f-5w30-208l-valvoline\\\/#breadcrumb\"},\"inLanguage\":\"en-US\",\"potentialAction\":[{\"@type\":\"ReadAction\",\"target\":[\"https:\\\/\\\/ranoja.ee\\\/toode\\\/mootorioli-profleet-ls-f-5w30-208l-valvoline\\\/\"]}]},{\"@type\":\"ImageObject\",\"inLanguage\":\"en-US\",\"@id\":\"https:\\\/\\\/ranoja.ee\\\/toode\\\/mootorioli-profleet-ls-f-5w30-208l-valvoline\\\/#primaryimage\",\"url\":\"https:\\\/\\\/ranoja.ee\\\/wp-content\\\/uploads\\\/2026\\\/03\\\/5637802110.jpg\",\"contentUrl\":\"https:\\\/\\\/ranoja.ee\\\/wp-content\\\/uploads\\\/2026\\\/03\\\/5637802110.jpg\",\"width\":384,\"height\":384},{\"@type\":\"BreadcrumbList\",\"@id\":\"https:\\\/\\\/ranoja.ee\\\/toode\\\/mootorioli-profleet-ls-f-5w30-208l-valvoline\\\/#breadcrumb\",\"itemListElement\":[{\"@type\":\"ListItem\",\"position\":1,\"name\":\"Home\",\"item\":\"https:\\\/\\\/ranoja.ee\\\/\"},{\"@type\":\"ListItem\",\"position\":2,\"name\":\"Shop\",\"item\":\"https:\\\/\\\/ranoja.ee\\\/en\\\/shop\\\/\"},{\"@type\":\"ListItem\",\"position\":3,\"name\":\"Mootori\u00f5li Profleet LS-F 5W30 208L, Valvoline\"}]},{\"@type\":\"WebSite\",\"@id\":\"https:\\\/\\\/ranoja.ee\\\/#website\",\"url\":\"https:\\\/\\\/ranoja.ee\\\/\",\"name\":\"Ranoja\",\"description\":\"Equipment Shop WooCommerce WordPress Theme for Machine &amp; Tools\",\"publisher\":{\"@id\":\"https:\\\/\\\/ranoja.ee\\\/#organization\"},\"potentialAction\":[{\"@type\":\"SearchAction\",\"target\":{\"@type\":\"EntryPoint\",\"urlTemplate\":\"https:\\\/\\\/ranoja.ee\\\/?s={search_term_string}\"},\"query-input\":{\"@type\":\"PropertyValueSpecification\",\"valueRequired\":true,\"valueName\":\"search_term_string\"}}],\"inLanguage\":\"en-US\"},{\"@type\":\"Organization\",\"@id\":\"https:\\\/\\\/ranoja.ee\\\/#organization\",\"name\":\"Ranoja O\u00dc\",\"url\":\"https:\\\/\\\/ranoja.ee\\\/\",\"logo\":{\"@type\":\"ImageObject\",\"inLanguage\":\"en-US\",\"@id\":\"https:\\\/\\\/ranoja.ee\\\/#\\\/schema\\\/logo\\\/image\\\/\",\"url\":\"https:\\\/\\\/ranoja.ee\\\/wp-content\\\/uploads\\\/2023\\\/11\\\/ranoja-Logo.png\",\"contentUrl\":\"https:\\\/\\\/ranoja.ee\\\/wp-content\\\/uploads\\\/2023\\\/11\\\/ranoja-Logo.png\",\"width\":207,\"height\":58,\"caption\":\"Ranoja O\u00dc\"},\"image\":{\"@id\":\"https:\\\/\\\/ranoja.ee\\\/#\\\/schema\\\/logo\\\/image\\\/\"},\"sameAs\":[\"https:\\\/\\\/www.facebook.com\\\/ranoja.ee\",\"https:\\\/\\\/www.instagram.com\\\/ranoja__\\\/\"]}]}<\/script>\n<!-- \/ Yoast SEO plugin. -->","yoast_head_json":{"title":"Mootori\u00f5li Profleet LS-F 5W30 208L, Valvoline - Ranoja","robots":{"index":"index","follow":"follow","max-snippet":"max-snippet:-1","max-image-preview":"max-image-preview:large","max-video-preview":"max-video-preview:-1"},"canonical":"https:\/\/ranoja.ee\/toode\/mootorioli-profleet-ls-f-5w30-208l-valvoline\/","og_locale":"en_US","og_type":"article","og_title":"Mootori\u00f5li Profleet LS-F 5W30 208L, Valvoline - Ranoja","og_description":"ProFleet LS-F mootori\u00f5li SAE 5W-30 on esmaklassiline s\u00fcnteetiline mootori\u00f5li, mis on m\u00f5eldud kasutamiseks 2017. aasta ja hilisemates 4-taktilistes diiselmootorites, kus on n\u00f5utav API: FA-4. See vastab suuremate mootoritootjate Ultra High Performance Diesel (UHPD) soovitustele. Unikaalne koostis pakub madalamat sulfaattuha sisaldust, Fosfori- ja v\u00e4\u00e4vlisisaldust, et kaitsta uusimaid j\u00e4relt\u00f6\u00f6tluss\u00fcsteeme, nagu heitgaaside retsirkulatsioonis\u00fcsteemid (EGR), selektiivse katal\u00fc\u00fctilise reduktsiooni (SCR) s\u00fcsteemid ja diisli tahkete osakeste filtrid (DPF). Madal HTHS (k\u00f5rge temperatuuri k\u00f5rge nihkepinge) viskoossus ja s\u00fcnteetiline koostis tagavad suurema k\u00fctuses\u00e4\u00e4stu. Autotootjate heakskiidud: MB-Approval 228.61 Volvo VDS-5 J\u00f5udlustasemed ja standardid: API: FA-4* API: SN Cummins 20087 JASO DH-2 Detroit Diesel 93K223 *Ei ole tagasi\u00fchilduv ega asendatav CK-4, CJ-4, CI-4 v\u00f5i CH-4 kvaliteediklassidega","og_url":"https:\/\/ranoja.ee\/toode\/mootorioli-profleet-ls-f-5w30-208l-valvoline\/","og_site_name":"Ranoja","article_publisher":"https:\/\/www.facebook.com\/ranoja.ee","article_modified_time":"2026-03-17T12:36:09+00:00","og_image":[{"width":384,"height":384,"url":"https:\/\/ranoja.ee\/wp-content\/uploads\/2026\/03\/5637802110.jpg","type":"image\/jpeg"}],"twitter_card":"summary_large_image","schema":{"@context":"https:\/\/schema.org","@graph":[{"@type":"WebPage","@id":"https:\/\/ranoja.ee\/toode\/mootorioli-profleet-ls-f-5w30-208l-valvoline\/","url":"https:\/\/ranoja.ee\/toode\/mootorioli-profleet-ls-f-5w30-208l-valvoline\/","name":"Mootori\u00f5li Profleet LS-F 5W30 208L, Valvoline - Ranoja","isPartOf":{"@id":"https:\/\/ranoja.ee\/#website"},"primaryImageOfPage":{"@id":"https:\/\/ranoja.ee\/toode\/mootorioli-profleet-ls-f-5w30-208l-valvoline\/#primaryimage"},"image":{"@id":"https:\/\/ranoja.ee\/toode\/mootorioli-profleet-ls-f-5w30-208l-valvoline\/#primaryimage"},"thumbnailUrl":"https:\/\/ranoja.ee\/wp-content\/uploads\/2026\/03\/5637802110.jpg","datePublished":"2026-03-16T23:32:41+00:00","dateModified":"2026-03-17T12:36:09+00:00","breadcrumb":{"@id":"https:\/\/ranoja.ee\/toode\/mootorioli-profleet-ls-f-5w30-208l-valvoline\/#breadcrumb"},"inLanguage":"en-US","potentialAction":[{"@type":"ReadAction","target":["https:\/\/ranoja.ee\/toode\/mootorioli-profleet-ls-f-5w30-208l-valvoline\/"]}]},{"@type":"ImageObject","inLanguage":"en-US","@id":"https:\/\/ranoja.ee\/toode\/mootorioli-profleet-ls-f-5w30-208l-valvoline\/#primaryimage","url":"https:\/\/ranoja.ee\/wp-content\/uploads\/2026\/03\/5637802110.jpg","contentUrl":"https:\/\/ranoja.ee\/wp-content\/uploads\/2026\/03\/5637802110.jpg","width":384,"height":384},{"@type":"BreadcrumbList","@id":"https:\/\/ranoja.ee\/toode\/mootorioli-profleet-ls-f-5w30-208l-valvoline\/#breadcrumb","itemListElement":[{"@type":"ListItem","position":1,"name":"Home","item":"https:\/\/ranoja.ee\/"},{"@type":"ListItem","position":2,"name":"Shop","item":"https:\/\/ranoja.ee\/en\/shop\/"},{"@type":"ListItem","position":3,"name":"Mootori\u00f5li Profleet LS-F 5W30 208L, Valvoline"}]},{"@type":"WebSite","@id":"https:\/\/ranoja.ee\/#website","url":"https:\/\/ranoja.ee\/","name":"Ranoja","description":"Equipment Shop WooCommerce WordPress Theme for Machine &amp; Tools","publisher":{"@id":"https:\/\/ranoja.ee\/#organization"},"potentialAction":[{"@type":"SearchAction","target":{"@type":"EntryPoint","urlTemplate":"https:\/\/ranoja.ee\/?s={search_term_string}"},"query-input":{"@type":"PropertyValueSpecification","valueRequired":true,"valueName":"search_term_string"}}],"inLanguage":"en-US"},{"@type":"Organization","@id":"https:\/\/ranoja.ee\/#organization","name":"Ranoja O\u00dc","url":"https:\/\/ranoja.ee\/","logo":{"@type":"ImageObject","inLanguage":"en-US","@id":"https:\/\/ranoja.ee\/#\/schema\/logo\/image\/","url":"https:\/\/ranoja.ee\/wp-content\/uploads\/2023\/11\/ranoja-Logo.png","contentUrl":"https:\/\/ranoja.ee\/wp-content\/uploads\/2023\/11\/ranoja-Logo.png","width":207,"height":58,"caption":"Ranoja O\u00dc"},"image":{"@id":"https:\/\/ranoja.ee\/#\/schema\/logo\/image\/"},"sameAs":["https:\/\/www.facebook.com\/ranoja.ee","https:\/\/www.instagram.com\/ranoja__\/"]}]}},"_links":{"self":[{"href":"https:\/\/ranoja.ee\/en\/wp-json\/wp\/v2\/product\/61711","targetHints":{"allow":["GET"]}}],"collection":[{"href":"https:\/\/ranoja.ee\/en\/wp-json\/wp\/v2\/product"}],"about":[{"href":"https:\/\/ranoja.ee\/en\/wp-json\/wp\/v2\/types\/product"}],"wp:featuredmedia":[{"embeddable":true,"href":"https:\/\/ranoja.ee\/en\/wp-json\/wp\/v2\/media\/61712"}],"wp:attachment":[{"href":"https:\/\/ranoja.ee\/en\/wp-json\/wp\/v2\/media?parent=61711"}],"wp:term":[{"taxonomy":"product_cat","embeddable":true,"href":"https:\/\/ranoja.ee\/en\/wp-json\/wp\/v2\/product_cat?post=61711"},{"taxonomy":"product_tag","embeddable":true,"href":"https:\/\/ranoja.ee\/en\/wp-json\/wp\/v2\/product_tag?post=61711"}],"curies":[{"name":"wp","href":"https:\/\/api.w.org\/{rel}","templated":true}]}}