{"id":61691,"date":"2026-03-17T02:32:18","date_gmt":"2026-03-16T23:32:18","guid":{"rendered":"https:\/\/ranoja.ee\/toode\/mootorioli-all-fleet-superior-10w40-208l-valvoline\/"},"modified":"2026-03-17T15:36:09","modified_gmt":"2026-03-17T12:36:09","slug":"mootorioli-all-fleet-superior-10w40-208l-valvoline","status":"publish","type":"product","link":"https:\/\/ranoja.ee\/en\/toode\/mootorioli-all-fleet-superior-10w40-208l-valvoline\/","title":{"rendered":"Mootori\u00f5li All Fleet Superior 10W40 208L, Valvoline"},"content":{"rendered":"","protected":false},"excerpt":{"rendered":"<p>See 10W-40 pools\u00fcnteetiline \u00f5li, mis on loodud pikaks hooldev\u00e4lbaks ja mootori optimaalseks t\u00f6\u00f6ks, on pika vahemaas\u00f5idu spetsifikatsioonide kohaselt soovitatav pikkade hooldusintervallide jaoks. Ultramoodne lisandite s\u00fcsteem tagab kaitse ja puhta mootori kogu \u00f5livahetuse perioodi v\u00e4ltel. Unikaalne koostis takistab sademete teket ja kaitseb tahma kogunemise eest.<br \/>\nSobib Euro I, II, III, IV ja V mootoritele koos heitgaasitagastuse (EGR) ja selektiivse katal\u00fc\u00fctilise reduktsiooni (SCR) s\u00fcsteemidega heitgaaside j\u00e4relt\u00f6\u00f6tluss\u00fcsteemidega; ei sobi diisli tahkete osakeste filtritele<br \/>\n(DPF). Sobib veoautode ja busside raskeveokite mootoritele. V\u00f5ib kasutada seal, kus soovitakse retarderitesse DTFR 13D110 (MB 235.28) \u00f5li.<br \/>\nOEM-i kinnitused<br \/>\nSCANIA LDF-3<br \/>\nJ\u00f5udlustasemed<br \/>\nACEA E4, E7<br \/>\nAPI CI-4, CI, CH-4, SL<br \/>\nCummins CES 20078, CES 20077<br \/>\nDeutz DQC IV-18<br \/>\nDTFR 15B120 (MB 228,5)<br \/>\nMack EO-N<br \/>\nMEES M 3277<br \/>\nMTU t\u00fc\u00fcp 3<br \/>\nRenault VI RLD-2<br \/>\nVoith B-klass<br \/>\nVolvo VDS-3<\/p>\n","protected":false},"featured_media":61692,"template":"","meta":{"inline_featured_image":false},"product_cat":[5012,5115,5116],"product_tag":[],"class_list":{"0":"post-61691","1":"product","2":"type-product","3":"status-publish","4":"has-post-thumbnail","6":"product_brand-valvoline","7":"product_cat-olid-ja-maardeained","8":"product_cat-rasketehnika-mootoriolid","9":"product_cat-rasketehnika-sunteetilised-mootoriolid","11":"first","12":"instock","13":"purchasable","14":"product-type-simple"},"yoast_head":"<!-- This site is optimized with the Yoast SEO plugin v27.4 - https:\/\/yoast.com\/product\/yoast-seo-wordpress\/ -->\n<title>Mootori\u00f5li All Fleet Superior 10W40 208L, Valvoline - Ranoja<\/title>\n<meta name=\"robots\" content=\"index, follow, max-snippet:-1, max-image-preview:large, max-video-preview:-1\" \/>\n<link rel=\"canonical\" href=\"https:\/\/ranoja.ee\/toode\/mootorioli-all-fleet-superior-10w40-208l-valvoline\/\" \/>\n<meta property=\"og:locale\" content=\"en_US\" \/>\n<meta property=\"og:type\" content=\"article\" \/>\n<meta property=\"og:title\" content=\"Mootori\u00f5li All Fleet Superior 10W40 208L, Valvoline - Ranoja\" \/>\n<meta property=\"og:description\" content=\"See 10W-40 pools\u00fcnteetiline \u00f5li, mis on loodud pikaks hooldev\u00e4lbaks ja mootori optimaalseks t\u00f6\u00f6ks, on pika vahemaas\u00f5idu spetsifikatsioonide kohaselt soovitatav pikkade hooldusintervallide jaoks. Ultramoodne lisandite s\u00fcsteem tagab kaitse ja puhta mootori kogu \u00f5livahetuse perioodi v\u00e4ltel. Unikaalne koostis takistab sademete teket ja kaitseb tahma kogunemise eest. Sobib Euro I, II, III, IV ja V mootoritele koos heitgaasitagastuse (EGR) ja selektiivse katal\u00fc\u00fctilise reduktsiooni (SCR) s\u00fcsteemidega heitgaaside j\u00e4relt\u00f6\u00f6tluss\u00fcsteemidega; ei sobi diisli tahkete osakeste filtritele (DPF). Sobib veoautode ja busside raskeveokite mootoritele. V\u00f5ib kasutada seal, kus soovitakse retarderitesse DTFR 13D110 (MB 235.28) \u00f5li. OEM-i kinnitused SCANIA LDF-3 J\u00f5udlustasemed ACEA E4, E7 API CI-4, CI, CH-4, SL Cummins CES 20078, CES 20077 Deutz DQC IV-18 DTFR 15B120 (MB 228,5) Mack EO-N MEES M 3277 MTU t\u00fc\u00fcp 3 Renault VI RLD-2 Voith B-klass Volvo VDS-3\" \/>\n<meta property=\"og:url\" content=\"https:\/\/ranoja.ee\/toode\/mootorioli-all-fleet-superior-10w40-208l-valvoline\/\" \/>\n<meta property=\"og:site_name\" content=\"Ranoja\" \/>\n<meta property=\"article:publisher\" content=\"https:\/\/www.facebook.com\/ranoja.ee\" \/>\n<meta property=\"article:modified_time\" content=\"2026-03-17T12:36:09+00:00\" \/>\n<meta property=\"og:image\" content=\"https:\/\/ranoja.ee\/wp-content\/uploads\/2026\/03\/5638160488.jpg\" \/>\n\t<meta property=\"og:image:width\" content=\"767\" \/>\n\t<meta property=\"og:image:height\" content=\"768\" \/>\n\t<meta property=\"og:image:type\" content=\"image\/jpeg\" \/>\n<meta name=\"twitter:card\" content=\"summary_large_image\" \/>\n<script type=\"application\/ld+json\" class=\"yoast-schema-graph\">{\"@context\":\"https:\\\/\\\/schema.org\",\"@graph\":[{\"@type\":\"WebPage\",\"@id\":\"https:\\\/\\\/ranoja.ee\\\/toode\\\/mootorioli-all-fleet-superior-10w40-208l-valvoline\\\/\",\"url\":\"https:\\\/\\\/ranoja.ee\\\/toode\\\/mootorioli-all-fleet-superior-10w40-208l-valvoline\\\/\",\"name\":\"Mootori\u00f5li All Fleet Superior 10W40 208L, Valvoline - Ranoja\",\"isPartOf\":{\"@id\":\"https:\\\/\\\/ranoja.ee\\\/#website\"},\"primaryImageOfPage\":{\"@id\":\"https:\\\/\\\/ranoja.ee\\\/toode\\\/mootorioli-all-fleet-superior-10w40-208l-valvoline\\\/#primaryimage\"},\"image\":{\"@id\":\"https:\\\/\\\/ranoja.ee\\\/toode\\\/mootorioli-all-fleet-superior-10w40-208l-valvoline\\\/#primaryimage\"},\"thumbnailUrl\":\"https:\\\/\\\/ranoja.ee\\\/wp-content\\\/uploads\\\/2026\\\/03\\\/5638160488.jpg\",\"datePublished\":\"2026-03-16T23:32:18+00:00\",\"dateModified\":\"2026-03-17T12:36:09+00:00\",\"breadcrumb\":{\"@id\":\"https:\\\/\\\/ranoja.ee\\\/toode\\\/mootorioli-all-fleet-superior-10w40-208l-valvoline\\\/#breadcrumb\"},\"inLanguage\":\"en-US\",\"potentialAction\":[{\"@type\":\"ReadAction\",\"target\":[\"https:\\\/\\\/ranoja.ee\\\/toode\\\/mootorioli-all-fleet-superior-10w40-208l-valvoline\\\/\"]}]},{\"@type\":\"ImageObject\",\"inLanguage\":\"en-US\",\"@id\":\"https:\\\/\\\/ranoja.ee\\\/toode\\\/mootorioli-all-fleet-superior-10w40-208l-valvoline\\\/#primaryimage\",\"url\":\"https:\\\/\\\/ranoja.ee\\\/wp-content\\\/uploads\\\/2026\\\/03\\\/5638160488.jpg\",\"contentUrl\":\"https:\\\/\\\/ranoja.ee\\\/wp-content\\\/uploads\\\/2026\\\/03\\\/5638160488.jpg\",\"width\":767,\"height\":768},{\"@type\":\"BreadcrumbList\",\"@id\":\"https:\\\/\\\/ranoja.ee\\\/toode\\\/mootorioli-all-fleet-superior-10w40-208l-valvoline\\\/#breadcrumb\",\"itemListElement\":[{\"@type\":\"ListItem\",\"position\":1,\"name\":\"Home\",\"item\":\"https:\\\/\\\/ranoja.ee\\\/\"},{\"@type\":\"ListItem\",\"position\":2,\"name\":\"Shop\",\"item\":\"https:\\\/\\\/ranoja.ee\\\/en\\\/shop\\\/\"},{\"@type\":\"ListItem\",\"position\":3,\"name\":\"Mootori\u00f5li All Fleet Superior 10W40 208L, Valvoline\"}]},{\"@type\":\"WebSite\",\"@id\":\"https:\\\/\\\/ranoja.ee\\\/#website\",\"url\":\"https:\\\/\\\/ranoja.ee\\\/\",\"name\":\"Ranoja\",\"description\":\"Equipment Shop WooCommerce WordPress Theme for Machine &amp; Tools\",\"publisher\":{\"@id\":\"https:\\\/\\\/ranoja.ee\\\/#organization\"},\"potentialAction\":[{\"@type\":\"SearchAction\",\"target\":{\"@type\":\"EntryPoint\",\"urlTemplate\":\"https:\\\/\\\/ranoja.ee\\\/?s={search_term_string}\"},\"query-input\":{\"@type\":\"PropertyValueSpecification\",\"valueRequired\":true,\"valueName\":\"search_term_string\"}}],\"inLanguage\":\"en-US\"},{\"@type\":\"Organization\",\"@id\":\"https:\\\/\\\/ranoja.ee\\\/#organization\",\"name\":\"Ranoja O\u00dc\",\"url\":\"https:\\\/\\\/ranoja.ee\\\/\",\"logo\":{\"@type\":\"ImageObject\",\"inLanguage\":\"en-US\",\"@id\":\"https:\\\/\\\/ranoja.ee\\\/#\\\/schema\\\/logo\\\/image\\\/\",\"url\":\"https:\\\/\\\/ranoja.ee\\\/wp-content\\\/uploads\\\/2023\\\/11\\\/ranoja-Logo.png\",\"contentUrl\":\"https:\\\/\\\/ranoja.ee\\\/wp-content\\\/uploads\\\/2023\\\/11\\\/ranoja-Logo.png\",\"width\":207,\"height\":58,\"caption\":\"Ranoja O\u00dc\"},\"image\":{\"@id\":\"https:\\\/\\\/ranoja.ee\\\/#\\\/schema\\\/logo\\\/image\\\/\"},\"sameAs\":[\"https:\\\/\\\/www.facebook.com\\\/ranoja.ee\",\"https:\\\/\\\/www.instagram.com\\\/ranoja__\\\/\"]}]}<\/script>\n<!-- \/ Yoast SEO plugin. -->","yoast_head_json":{"title":"Mootori\u00f5li All Fleet Superior 10W40 208L, Valvoline - Ranoja","robots":{"index":"index","follow":"follow","max-snippet":"max-snippet:-1","max-image-preview":"max-image-preview:large","max-video-preview":"max-video-preview:-1"},"canonical":"https:\/\/ranoja.ee\/toode\/mootorioli-all-fleet-superior-10w40-208l-valvoline\/","og_locale":"en_US","og_type":"article","og_title":"Mootori\u00f5li All Fleet Superior 10W40 208L, Valvoline - Ranoja","og_description":"See 10W-40 pools\u00fcnteetiline \u00f5li, mis on loodud pikaks hooldev\u00e4lbaks ja mootori optimaalseks t\u00f6\u00f6ks, on pika vahemaas\u00f5idu spetsifikatsioonide kohaselt soovitatav pikkade hooldusintervallide jaoks. Ultramoodne lisandite s\u00fcsteem tagab kaitse ja puhta mootori kogu \u00f5livahetuse perioodi v\u00e4ltel. Unikaalne koostis takistab sademete teket ja kaitseb tahma kogunemise eest. Sobib Euro I, II, III, IV ja V mootoritele koos heitgaasitagastuse (EGR) ja selektiivse katal\u00fc\u00fctilise reduktsiooni (SCR) s\u00fcsteemidega heitgaaside j\u00e4relt\u00f6\u00f6tluss\u00fcsteemidega; ei sobi diisli tahkete osakeste filtritele (DPF). Sobib veoautode ja busside raskeveokite mootoritele. V\u00f5ib kasutada seal, kus soovitakse retarderitesse DTFR 13D110 (MB 235.28) \u00f5li. OEM-i kinnitused SCANIA LDF-3 J\u00f5udlustasemed ACEA E4, E7 API CI-4, CI, CH-4, SL Cummins CES 20078, CES 20077 Deutz DQC IV-18 DTFR 15B120 (MB 228,5) Mack EO-N MEES M 3277 MTU t\u00fc\u00fcp 3 Renault VI RLD-2 Voith B-klass Volvo VDS-3","og_url":"https:\/\/ranoja.ee\/toode\/mootorioli-all-fleet-superior-10w40-208l-valvoline\/","og_site_name":"Ranoja","article_publisher":"https:\/\/www.facebook.com\/ranoja.ee","article_modified_time":"2026-03-17T12:36:09+00:00","og_image":[{"width":767,"height":768,"url":"https:\/\/ranoja.ee\/wp-content\/uploads\/2026\/03\/5638160488.jpg","type":"image\/jpeg"}],"twitter_card":"summary_large_image","schema":{"@context":"https:\/\/schema.org","@graph":[{"@type":"WebPage","@id":"https:\/\/ranoja.ee\/toode\/mootorioli-all-fleet-superior-10w40-208l-valvoline\/","url":"https:\/\/ranoja.ee\/toode\/mootorioli-all-fleet-superior-10w40-208l-valvoline\/","name":"Mootori\u00f5li All Fleet Superior 10W40 208L, Valvoline - Ranoja","isPartOf":{"@id":"https:\/\/ranoja.ee\/#website"},"primaryImageOfPage":{"@id":"https:\/\/ranoja.ee\/toode\/mootorioli-all-fleet-superior-10w40-208l-valvoline\/#primaryimage"},"image":{"@id":"https:\/\/ranoja.ee\/toode\/mootorioli-all-fleet-superior-10w40-208l-valvoline\/#primaryimage"},"thumbnailUrl":"https:\/\/ranoja.ee\/wp-content\/uploads\/2026\/03\/5638160488.jpg","datePublished":"2026-03-16T23:32:18+00:00","dateModified":"2026-03-17T12:36:09+00:00","breadcrumb":{"@id":"https:\/\/ranoja.ee\/toode\/mootorioli-all-fleet-superior-10w40-208l-valvoline\/#breadcrumb"},"inLanguage":"en-US","potentialAction":[{"@type":"ReadAction","target":["https:\/\/ranoja.ee\/toode\/mootorioli-all-fleet-superior-10w40-208l-valvoline\/"]}]},{"@type":"ImageObject","inLanguage":"en-US","@id":"https:\/\/ranoja.ee\/toode\/mootorioli-all-fleet-superior-10w40-208l-valvoline\/#primaryimage","url":"https:\/\/ranoja.ee\/wp-content\/uploads\/2026\/03\/5638160488.jpg","contentUrl":"https:\/\/ranoja.ee\/wp-content\/uploads\/2026\/03\/5638160488.jpg","width":767,"height":768},{"@type":"BreadcrumbList","@id":"https:\/\/ranoja.ee\/toode\/mootorioli-all-fleet-superior-10w40-208l-valvoline\/#breadcrumb","itemListElement":[{"@type":"ListItem","position":1,"name":"Home","item":"https:\/\/ranoja.ee\/"},{"@type":"ListItem","position":2,"name":"Shop","item":"https:\/\/ranoja.ee\/en\/shop\/"},{"@type":"ListItem","position":3,"name":"Mootori\u00f5li All Fleet Superior 10W40 208L, Valvoline"}]},{"@type":"WebSite","@id":"https:\/\/ranoja.ee\/#website","url":"https:\/\/ranoja.ee\/","name":"Ranoja","description":"Equipment Shop WooCommerce WordPress Theme for Machine &amp; Tools","publisher":{"@id":"https:\/\/ranoja.ee\/#organization"},"potentialAction":[{"@type":"SearchAction","target":{"@type":"EntryPoint","urlTemplate":"https:\/\/ranoja.ee\/?s={search_term_string}"},"query-input":{"@type":"PropertyValueSpecification","valueRequired":true,"valueName":"search_term_string"}}],"inLanguage":"en-US"},{"@type":"Organization","@id":"https:\/\/ranoja.ee\/#organization","name":"Ranoja O\u00dc","url":"https:\/\/ranoja.ee\/","logo":{"@type":"ImageObject","inLanguage":"en-US","@id":"https:\/\/ranoja.ee\/#\/schema\/logo\/image\/","url":"https:\/\/ranoja.ee\/wp-content\/uploads\/2023\/11\/ranoja-Logo.png","contentUrl":"https:\/\/ranoja.ee\/wp-content\/uploads\/2023\/11\/ranoja-Logo.png","width":207,"height":58,"caption":"Ranoja O\u00dc"},"image":{"@id":"https:\/\/ranoja.ee\/#\/schema\/logo\/image\/"},"sameAs":["https:\/\/www.facebook.com\/ranoja.ee","https:\/\/www.instagram.com\/ranoja__\/"]}]}},"_links":{"self":[{"href":"https:\/\/ranoja.ee\/en\/wp-json\/wp\/v2\/product\/61691","targetHints":{"allow":["GET"]}}],"collection":[{"href":"https:\/\/ranoja.ee\/en\/wp-json\/wp\/v2\/product"}],"about":[{"href":"https:\/\/ranoja.ee\/en\/wp-json\/wp\/v2\/types\/product"}],"wp:featuredmedia":[{"embeddable":true,"href":"https:\/\/ranoja.ee\/en\/wp-json\/wp\/v2\/media\/61692"}],"wp:attachment":[{"href":"https:\/\/ranoja.ee\/en\/wp-json\/wp\/v2\/media?parent=61691"}],"wp:term":[{"taxonomy":"product_cat","embeddable":true,"href":"https:\/\/ranoja.ee\/en\/wp-json\/wp\/v2\/product_cat?post=61691"},{"taxonomy":"product_tag","embeddable":true,"href":"https:\/\/ranoja.ee\/en\/wp-json\/wp\/v2\/product_tag?post=61691"}],"curies":[{"name":"wp","href":"https:\/\/api.w.org\/{rel}","templated":true}]}}