{"id":61627,"date":"2026-03-17T02:31:54","date_gmt":"2026-03-16T23:31:54","guid":{"rendered":"https:\/\/ranoja.ee\/toode\/akuga-murukaarid-wg801e-5-koos-poosatrimmiteraga-worx\/"},"modified":"2026-03-17T15:36:11","modified_gmt":"2026-03-17T12:36:11","slug":"akuga-murukaarid-wg801e-5-koos-poosatrimmiteraga-worx","status":"publish","type":"product","link":"https:\/\/ranoja.ee\/en\/toode\/akuga-murukaarid-wg801e-5-koos-poosatrimmiteraga-worx\/","title":{"rendered":"Akuga muruk\u00e4\u00e4rid WG801E.5 koos p\u00f5\u00f5satrimmiteraga, Worx"},"content":{"rendered":"","protected":false},"excerpt":{"rendered":"<p>Peamised omadused<br \/>\n\u2022 4-in-1<br \/>\n\u2022Tera kiirvahetus<br \/>\n\u2022 Kauakestev 20 V aku, mahtuvusn\u00e4idikuga<br \/>\n\u2022Kummikattega k\u00e4epide<br \/>\n\u2022 Lisavarustusena saadaval ka pikendusvars WA0040<\/p>\n<p>Tehnilised andmed:<br \/>\nP\u00f5\u00f5satera pikkus:1 x 20 cm ja 1 x 12 cm<br \/>\nSuurim oksa l\u00e4bim\u00f5\u00f5t:8 mm<br \/>\nMurutera laius:10 cm<br \/>\nKobesti laius: xx cm<br \/>\nKaal koos muruteraga: 0.9 kg<br \/>\nKomplektis<br \/>\nAku2,0 Ah, 1 h laadija<\/p>\n","protected":false},"featured_media":61628,"template":"","meta":{"inline_featured_image":false},"product_cat":[5085,5397,5398],"product_tag":[],"class_list":{"0":"post-61627","1":"product","2":"type-product","3":"status-publish","4":"has-post-thumbnail","6":"product_brand-worx","7":"product_cat-aiatehnika-ja-tooriistad","8":"product_cat-aiatooriistad","9":"product_cat-muud-aiatooriistad-ja-tarvikud","11":"first","12":"outofstock","13":"purchasable","14":"product-type-simple"},"yoast_head":"<!-- This site is optimized with the Yoast SEO plugin v27.4 - https:\/\/yoast.com\/product\/yoast-seo-wordpress\/ -->\n<title>Akuga muruk\u00e4\u00e4rid WG801E.5 koos p\u00f5\u00f5satrimmiteraga, Worx - Ranoja<\/title>\n<meta name=\"robots\" content=\"index, follow, max-snippet:-1, max-image-preview:large, max-video-preview:-1\" \/>\n<link rel=\"canonical\" href=\"https:\/\/ranoja.ee\/toode\/akuga-murukaarid-wg801e-5-koos-poosatrimmiteraga-worx\/\" \/>\n<meta property=\"og:locale\" content=\"en_US\" \/>\n<meta property=\"og:type\" content=\"article\" \/>\n<meta property=\"og:title\" content=\"Akuga muruk\u00e4\u00e4rid WG801E.5 koos p\u00f5\u00f5satrimmiteraga, Worx - Ranoja\" \/>\n<meta property=\"og:description\" content=\"Peamised omadused \u2022 4-in-1 \u2022Tera kiirvahetus \u2022 Kauakestev 20 V aku, mahtuvusn\u00e4idikuga \u2022Kummikattega k\u00e4epide \u2022 Lisavarustusena saadaval ka pikendusvars WA0040 Tehnilised andmed: P\u00f5\u00f5satera pikkus:1 x 20 cm ja 1 x 12 cm Suurim oksa l\u00e4bim\u00f5\u00f5t:8 mm Murutera laius:10 cm Kobesti laius: xx cm Kaal koos muruteraga: 0.9 kg Komplektis Aku2,0 Ah, 1 h laadija\" \/>\n<meta property=\"og:url\" content=\"https:\/\/ranoja.ee\/toode\/akuga-murukaarid-wg801e-5-koos-poosatrimmiteraga-worx\/\" \/>\n<meta property=\"og:site_name\" content=\"Ranoja\" \/>\n<meta property=\"article:publisher\" content=\"https:\/\/www.facebook.com\/ranoja.ee\" \/>\n<meta property=\"article:modified_time\" content=\"2026-03-17T12:36:11+00:00\" \/>\n<meta property=\"og:image\" content=\"https:\/\/ranoja.ee\/wp-content\/uploads\/2026\/03\/208844619.jpg\" \/>\n\t<meta property=\"og:image:width\" content=\"768\" \/>\n\t<meta property=\"og:image:height\" content=\"768\" \/>\n\t<meta property=\"og:image:type\" content=\"image\/jpeg\" \/>\n<meta name=\"twitter:card\" content=\"summary_large_image\" \/>\n<script type=\"application\/ld+json\" class=\"yoast-schema-graph\">{\"@context\":\"https:\\\/\\\/schema.org\",\"@graph\":[{\"@type\":\"WebPage\",\"@id\":\"https:\\\/\\\/ranoja.ee\\\/toode\\\/akuga-murukaarid-wg801e-5-koos-poosatrimmiteraga-worx\\\/\",\"url\":\"https:\\\/\\\/ranoja.ee\\\/toode\\\/akuga-murukaarid-wg801e-5-koos-poosatrimmiteraga-worx\\\/\",\"name\":\"Akuga muruk\u00e4\u00e4rid WG801E.5 koos p\u00f5\u00f5satrimmiteraga, Worx - Ranoja\",\"isPartOf\":{\"@id\":\"https:\\\/\\\/ranoja.ee\\\/#website\"},\"primaryImageOfPage\":{\"@id\":\"https:\\\/\\\/ranoja.ee\\\/toode\\\/akuga-murukaarid-wg801e-5-koos-poosatrimmiteraga-worx\\\/#primaryimage\"},\"image\":{\"@id\":\"https:\\\/\\\/ranoja.ee\\\/toode\\\/akuga-murukaarid-wg801e-5-koos-poosatrimmiteraga-worx\\\/#primaryimage\"},\"thumbnailUrl\":\"https:\\\/\\\/ranoja.ee\\\/wp-content\\\/uploads\\\/2026\\\/03\\\/208844619.jpg\",\"datePublished\":\"2026-03-16T23:31:54+00:00\",\"dateModified\":\"2026-03-17T12:36:11+00:00\",\"breadcrumb\":{\"@id\":\"https:\\\/\\\/ranoja.ee\\\/toode\\\/akuga-murukaarid-wg801e-5-koos-poosatrimmiteraga-worx\\\/#breadcrumb\"},\"inLanguage\":\"en-US\",\"potentialAction\":[{\"@type\":\"ReadAction\",\"target\":[\"https:\\\/\\\/ranoja.ee\\\/toode\\\/akuga-murukaarid-wg801e-5-koos-poosatrimmiteraga-worx\\\/\"]}]},{\"@type\":\"ImageObject\",\"inLanguage\":\"en-US\",\"@id\":\"https:\\\/\\\/ranoja.ee\\\/toode\\\/akuga-murukaarid-wg801e-5-koos-poosatrimmiteraga-worx\\\/#primaryimage\",\"url\":\"https:\\\/\\\/ranoja.ee\\\/wp-content\\\/uploads\\\/2026\\\/03\\\/208844619.jpg\",\"contentUrl\":\"https:\\\/\\\/ranoja.ee\\\/wp-content\\\/uploads\\\/2026\\\/03\\\/208844619.jpg\",\"width\":768,\"height\":768},{\"@type\":\"BreadcrumbList\",\"@id\":\"https:\\\/\\\/ranoja.ee\\\/toode\\\/akuga-murukaarid-wg801e-5-koos-poosatrimmiteraga-worx\\\/#breadcrumb\",\"itemListElement\":[{\"@type\":\"ListItem\",\"position\":1,\"name\":\"Home\",\"item\":\"https:\\\/\\\/ranoja.ee\\\/\"},{\"@type\":\"ListItem\",\"position\":2,\"name\":\"Shop\",\"item\":\"https:\\\/\\\/ranoja.ee\\\/en\\\/shop\\\/\"},{\"@type\":\"ListItem\",\"position\":3,\"name\":\"Akuga muruk\u00e4\u00e4rid WG801E.5 koos p\u00f5\u00f5satrimmiteraga, Worx\"}]},{\"@type\":\"WebSite\",\"@id\":\"https:\\\/\\\/ranoja.ee\\\/#website\",\"url\":\"https:\\\/\\\/ranoja.ee\\\/\",\"name\":\"Ranoja\",\"description\":\"Equipment Shop WooCommerce WordPress Theme for Machine &amp; Tools\",\"publisher\":{\"@id\":\"https:\\\/\\\/ranoja.ee\\\/#organization\"},\"potentialAction\":[{\"@type\":\"SearchAction\",\"target\":{\"@type\":\"EntryPoint\",\"urlTemplate\":\"https:\\\/\\\/ranoja.ee\\\/?s={search_term_string}\"},\"query-input\":{\"@type\":\"PropertyValueSpecification\",\"valueRequired\":true,\"valueName\":\"search_term_string\"}}],\"inLanguage\":\"en-US\"},{\"@type\":\"Organization\",\"@id\":\"https:\\\/\\\/ranoja.ee\\\/#organization\",\"name\":\"Ranoja O\u00dc\",\"url\":\"https:\\\/\\\/ranoja.ee\\\/\",\"logo\":{\"@type\":\"ImageObject\",\"inLanguage\":\"en-US\",\"@id\":\"https:\\\/\\\/ranoja.ee\\\/#\\\/schema\\\/logo\\\/image\\\/\",\"url\":\"https:\\\/\\\/ranoja.ee\\\/wp-content\\\/uploads\\\/2023\\\/11\\\/ranoja-Logo.png\",\"contentUrl\":\"https:\\\/\\\/ranoja.ee\\\/wp-content\\\/uploads\\\/2023\\\/11\\\/ranoja-Logo.png\",\"width\":207,\"height\":58,\"caption\":\"Ranoja O\u00dc\"},\"image\":{\"@id\":\"https:\\\/\\\/ranoja.ee\\\/#\\\/schema\\\/logo\\\/image\\\/\"},\"sameAs\":[\"https:\\\/\\\/www.facebook.com\\\/ranoja.ee\",\"https:\\\/\\\/www.instagram.com\\\/ranoja__\\\/\"]}]}<\/script>\n<!-- \/ Yoast SEO plugin. -->","yoast_head_json":{"title":"Akuga muruk\u00e4\u00e4rid WG801E.5 koos p\u00f5\u00f5satrimmiteraga, Worx - Ranoja","robots":{"index":"index","follow":"follow","max-snippet":"max-snippet:-1","max-image-preview":"max-image-preview:large","max-video-preview":"max-video-preview:-1"},"canonical":"https:\/\/ranoja.ee\/toode\/akuga-murukaarid-wg801e-5-koos-poosatrimmiteraga-worx\/","og_locale":"en_US","og_type":"article","og_title":"Akuga muruk\u00e4\u00e4rid WG801E.5 koos p\u00f5\u00f5satrimmiteraga, Worx - Ranoja","og_description":"Peamised omadused \u2022 4-in-1 \u2022Tera kiirvahetus \u2022 Kauakestev 20 V aku, mahtuvusn\u00e4idikuga \u2022Kummikattega k\u00e4epide \u2022 Lisavarustusena saadaval ka pikendusvars WA0040 Tehnilised andmed: P\u00f5\u00f5satera pikkus:1 x 20 cm ja 1 x 12 cm Suurim oksa l\u00e4bim\u00f5\u00f5t:8 mm Murutera laius:10 cm Kobesti laius: xx cm Kaal koos muruteraga: 0.9 kg Komplektis Aku2,0 Ah, 1 h laadija","og_url":"https:\/\/ranoja.ee\/toode\/akuga-murukaarid-wg801e-5-koos-poosatrimmiteraga-worx\/","og_site_name":"Ranoja","article_publisher":"https:\/\/www.facebook.com\/ranoja.ee","article_modified_time":"2026-03-17T12:36:11+00:00","og_image":[{"width":768,"height":768,"url":"https:\/\/ranoja.ee\/wp-content\/uploads\/2026\/03\/208844619.jpg","type":"image\/jpeg"}],"twitter_card":"summary_large_image","schema":{"@context":"https:\/\/schema.org","@graph":[{"@type":"WebPage","@id":"https:\/\/ranoja.ee\/toode\/akuga-murukaarid-wg801e-5-koos-poosatrimmiteraga-worx\/","url":"https:\/\/ranoja.ee\/toode\/akuga-murukaarid-wg801e-5-koos-poosatrimmiteraga-worx\/","name":"Akuga muruk\u00e4\u00e4rid WG801E.5 koos p\u00f5\u00f5satrimmiteraga, Worx - Ranoja","isPartOf":{"@id":"https:\/\/ranoja.ee\/#website"},"primaryImageOfPage":{"@id":"https:\/\/ranoja.ee\/toode\/akuga-murukaarid-wg801e-5-koos-poosatrimmiteraga-worx\/#primaryimage"},"image":{"@id":"https:\/\/ranoja.ee\/toode\/akuga-murukaarid-wg801e-5-koos-poosatrimmiteraga-worx\/#primaryimage"},"thumbnailUrl":"https:\/\/ranoja.ee\/wp-content\/uploads\/2026\/03\/208844619.jpg","datePublished":"2026-03-16T23:31:54+00:00","dateModified":"2026-03-17T12:36:11+00:00","breadcrumb":{"@id":"https:\/\/ranoja.ee\/toode\/akuga-murukaarid-wg801e-5-koos-poosatrimmiteraga-worx\/#breadcrumb"},"inLanguage":"en-US","potentialAction":[{"@type":"ReadAction","target":["https:\/\/ranoja.ee\/toode\/akuga-murukaarid-wg801e-5-koos-poosatrimmiteraga-worx\/"]}]},{"@type":"ImageObject","inLanguage":"en-US","@id":"https:\/\/ranoja.ee\/toode\/akuga-murukaarid-wg801e-5-koos-poosatrimmiteraga-worx\/#primaryimage","url":"https:\/\/ranoja.ee\/wp-content\/uploads\/2026\/03\/208844619.jpg","contentUrl":"https:\/\/ranoja.ee\/wp-content\/uploads\/2026\/03\/208844619.jpg","width":768,"height":768},{"@type":"BreadcrumbList","@id":"https:\/\/ranoja.ee\/toode\/akuga-murukaarid-wg801e-5-koos-poosatrimmiteraga-worx\/#breadcrumb","itemListElement":[{"@type":"ListItem","position":1,"name":"Home","item":"https:\/\/ranoja.ee\/"},{"@type":"ListItem","position":2,"name":"Shop","item":"https:\/\/ranoja.ee\/en\/shop\/"},{"@type":"ListItem","position":3,"name":"Akuga muruk\u00e4\u00e4rid WG801E.5 koos p\u00f5\u00f5satrimmiteraga, Worx"}]},{"@type":"WebSite","@id":"https:\/\/ranoja.ee\/#website","url":"https:\/\/ranoja.ee\/","name":"Ranoja","description":"Equipment Shop WooCommerce WordPress Theme for Machine &amp; Tools","publisher":{"@id":"https:\/\/ranoja.ee\/#organization"},"potentialAction":[{"@type":"SearchAction","target":{"@type":"EntryPoint","urlTemplate":"https:\/\/ranoja.ee\/?s={search_term_string}"},"query-input":{"@type":"PropertyValueSpecification","valueRequired":true,"valueName":"search_term_string"}}],"inLanguage":"en-US"},{"@type":"Organization","@id":"https:\/\/ranoja.ee\/#organization","name":"Ranoja O\u00dc","url":"https:\/\/ranoja.ee\/","logo":{"@type":"ImageObject","inLanguage":"en-US","@id":"https:\/\/ranoja.ee\/#\/schema\/logo\/image\/","url":"https:\/\/ranoja.ee\/wp-content\/uploads\/2023\/11\/ranoja-Logo.png","contentUrl":"https:\/\/ranoja.ee\/wp-content\/uploads\/2023\/11\/ranoja-Logo.png","width":207,"height":58,"caption":"Ranoja O\u00dc"},"image":{"@id":"https:\/\/ranoja.ee\/#\/schema\/logo\/image\/"},"sameAs":["https:\/\/www.facebook.com\/ranoja.ee","https:\/\/www.instagram.com\/ranoja__\/"]}]}},"_links":{"self":[{"href":"https:\/\/ranoja.ee\/en\/wp-json\/wp\/v2\/product\/61627","targetHints":{"allow":["GET"]}}],"collection":[{"href":"https:\/\/ranoja.ee\/en\/wp-json\/wp\/v2\/product"}],"about":[{"href":"https:\/\/ranoja.ee\/en\/wp-json\/wp\/v2\/types\/product"}],"wp:featuredmedia":[{"embeddable":true,"href":"https:\/\/ranoja.ee\/en\/wp-json\/wp\/v2\/media\/61628"}],"wp:attachment":[{"href":"https:\/\/ranoja.ee\/en\/wp-json\/wp\/v2\/media?parent=61627"}],"wp:term":[{"taxonomy":"product_cat","embeddable":true,"href":"https:\/\/ranoja.ee\/en\/wp-json\/wp\/v2\/product_cat?post=61627"},{"taxonomy":"product_tag","embeddable":true,"href":"https:\/\/ranoja.ee\/en\/wp-json\/wp\/v2\/product_tag?post=61627"}],"curies":[{"name":"wp","href":"https:\/\/api.w.org\/{rel}","templated":true}]}}