{"id":61607,"date":"2026-03-17T02:31:19","date_gmt":"2026-03-16T23:31:19","guid":{"rendered":"https:\/\/ranoja.ee\/toode\/vosaloikur-bc-bch380-40-x-scheppach\/"},"modified":"2026-03-17T15:36:11","modified_gmt":"2026-03-17T12:36:11","slug":"vosaloikur-bc-bch380-40-x-scheppach","status":"publish","type":"product","link":"https:\/\/ranoja.ee\/en\/toode\/vosaloikur-bc-bch380-40-x-scheppach\/","title":{"rendered":"V\u00f5sal\u00f5ikur BC-BCH380\/40-X, Scheppach"},"content":{"rendered":"","protected":false},"excerpt":{"rendered":"<p>Tehnilised andmed<br \/>\n\u2022 Harjavaba mootor<br \/>\n\u2022 Aku pinge: 2 \u00d7 20 V (40 V)<br \/>\n\u2022 T\u00fchik\u00e4igu kiirus: 3 astet, 4000 \/ 5000 \/ 6200 p\/min<br \/>\n\u2022 Maksimaalne l\u00f5ikelaius: 380 mm<br \/>\n\u2022 Tamiili spetsifikatsioon: 2 \u00d7 1,6 mm<br \/>\n\u2022 Tamiili pikkus: 4 m<br \/>\n\u2022 Tamiili etteanne: Tap\u2019n\u2019Go<br \/>\n\u2022 L\u00f5iketera spetsifikatsioon: 3T \/ 255 \u00d7 25,4 mm<br \/>\n\u2022 Funktsioonid: murutrimmer ja v\u00f5sal\u00f5ikur<br \/>\n\u2022 Komplektis: \u00f5larihm, 2 \u00d7 20 V \/ 4,0 Ah aku, 1 \u00d7 2,4 A topeltlaadija<\/p>\n<p>Scheppach BC-BCH380\/40-X on akutoitega 2-in-1 murutrimmer ja v\u00f5sal\u00f5ikur, mis sobib nii rohu trimmimiseks kui ka tihedama taimestiku l\u00f5ikamiseks. Harjavaba mootor, 40 V t\u00f6\u00f6pinge ja kolmeastmeline kiiruse reguleerimine annavad kasutajale piisava j\u00f5udluse ning v\u00f5imaldavad valida t\u00f6\u00f6 jaoks sobiva seadistuse.<br \/>\nSeadmel on kuni 380 mm l\u00f5ikelaius, Tap\u2019n\u2019Go tamiili etteanne ning 3-hambaline l\u00f5iketera m\u00f5\u00f5dus 255 \u00d7 25,4 mm, mis teeb selle praktiliseks lahenduseks erinevateks hooldust\u00f6\u00f6deks. Reguleeritav juhtraud v\u00f5imaldab t\u00f6\u00f6asendit kohandada ilma t\u00f6\u00f6riistadeta ning vibratsioonivastane lahendus aitab muuta kasutamise mugavamaks ka pikema t\u00f6\u00f6 puhul.<br \/>\nPoolitatav v\u00f5ll teeb transportimise ja hoiustamise lihtsamaks ning komplekti kuuluvad \u00f5larihm, kaks 4,0 Ah akut ja 2,4 A topeltlaadija annavad v\u00f5imaluse kohe t\u00f6\u00f6le asuda. Tegemist on universaalse t\u00f6\u00f6riistaga kasutajale, kes vajab paindlikku ja v\u00f5imekat akut\u00f6\u00f6riista nii kodu\u00fcmbruse kui ka mahukamate hooldust\u00f6\u00f6de jaoks.<\/p>\n","protected":false},"featured_media":61608,"template":"","meta":{"inline_featured_image":false},"product_cat":[5173,1087,5172],"product_tag":[],"class_list":{"0":"post-61607","1":"product","2":"type-product","3":"status-publish","4":"has-post-thumbnail","6":"product_brand-scheppach","7":"product_cat-bensiinimootoriga-vosaloikurid","8":"product_cat-metsatehnika","9":"product_cat-vosaloikurid","11":"first","12":"instock","13":"purchasable","14":"product-type-simple"},"yoast_head":"<!-- This site is optimized with the Yoast SEO plugin v27.4 - https:\/\/yoast.com\/product\/yoast-seo-wordpress\/ -->\n<title>V\u00f5sal\u00f5ikur BC-BCH380\/40-X, Scheppach - Ranoja<\/title>\n<meta name=\"robots\" content=\"index, follow, max-snippet:-1, max-image-preview:large, max-video-preview:-1\" \/>\n<link rel=\"canonical\" href=\"https:\/\/ranoja.ee\/toode\/vosaloikur-bc-bch380-40-x-scheppach\/\" \/>\n<meta property=\"og:locale\" content=\"en_US\" \/>\n<meta property=\"og:type\" content=\"article\" \/>\n<meta property=\"og:title\" content=\"V\u00f5sal\u00f5ikur BC-BCH380\/40-X, Scheppach - Ranoja\" \/>\n<meta property=\"og:description\" content=\"Tehnilised andmed \u2022 Harjavaba mootor \u2022 Aku pinge: 2 \u00d7 20 V (40 V) \u2022 T\u00fchik\u00e4igu kiirus: 3 astet, 4000 \/ 5000 \/ 6200 p\/min \u2022 Maksimaalne l\u00f5ikelaius: 380 mm \u2022 Tamiili spetsifikatsioon: 2 \u00d7 1,6 mm \u2022 Tamiili pikkus: 4 m \u2022 Tamiili etteanne: Tap\u2019n\u2019Go \u2022 L\u00f5iketera spetsifikatsioon: 3T \/ 255 \u00d7 25,4 mm \u2022 Funktsioonid: murutrimmer ja v\u00f5sal\u00f5ikur \u2022 Komplektis: \u00f5larihm, 2 \u00d7 20 V \/ 4,0 Ah aku, 1 \u00d7 2,4 A topeltlaadija Scheppach BC-BCH380\/40-X on akutoitega 2-in-1 murutrimmer ja v\u00f5sal\u00f5ikur, mis sobib nii rohu trimmimiseks kui ka tihedama taimestiku l\u00f5ikamiseks. Harjavaba mootor, 40 V t\u00f6\u00f6pinge ja kolmeastmeline kiiruse reguleerimine annavad kasutajale piisava j\u00f5udluse ning v\u00f5imaldavad valida t\u00f6\u00f6 jaoks sobiva seadistuse. Seadmel on kuni 380 mm l\u00f5ikelaius, Tap\u2019n\u2019Go tamiili etteanne ning 3-hambaline l\u00f5iketera m\u00f5\u00f5dus 255 \u00d7 25,4 mm, mis teeb selle praktiliseks lahenduseks erinevateks hooldust\u00f6\u00f6deks. Reguleeritav juhtraud v\u00f5imaldab t\u00f6\u00f6asendit kohandada ilma t\u00f6\u00f6riistadeta ning vibratsioonivastane lahendus aitab muuta kasutamise mugavamaks ka pikema t\u00f6\u00f6 puhul. Poolitatav v\u00f5ll teeb transportimise ja hoiustamise lihtsamaks ning komplekti kuuluvad \u00f5larihm, kaks 4,0 Ah akut ja 2,4 A topeltlaadija annavad v\u00f5imaluse kohe t\u00f6\u00f6le asuda. Tegemist on universaalse t\u00f6\u00f6riistaga kasutajale, kes vajab paindlikku ja v\u00f5imekat akut\u00f6\u00f6riista nii kodu\u00fcmbruse kui ka mahukamate hooldust\u00f6\u00f6de jaoks.\" \/>\n<meta property=\"og:url\" content=\"https:\/\/ranoja.ee\/toode\/vosaloikur-bc-bch380-40-x-scheppach\/\" \/>\n<meta property=\"og:site_name\" content=\"Ranoja\" \/>\n<meta property=\"article:publisher\" content=\"https:\/\/www.facebook.com\/ranoja.ee\" \/>\n<meta property=\"article:modified_time\" content=\"2026-03-17T12:36:11+00:00\" \/>\n<meta property=\"og:image\" content=\"https:\/\/ranoja.ee\/wp-content\/uploads\/2026\/03\/5638719571.jpg\" \/>\n\t<meta property=\"og:image:width\" content=\"900\" \/>\n\t<meta property=\"og:image:height\" content=\"900\" \/>\n\t<meta property=\"og:image:type\" content=\"image\/jpeg\" \/>\n<meta name=\"twitter:card\" content=\"summary_large_image\" \/>\n<script type=\"application\/ld+json\" class=\"yoast-schema-graph\">{\"@context\":\"https:\\\/\\\/schema.org\",\"@graph\":[{\"@type\":\"WebPage\",\"@id\":\"https:\\\/\\\/ranoja.ee\\\/toode\\\/vosaloikur-bc-bch380-40-x-scheppach\\\/\",\"url\":\"https:\\\/\\\/ranoja.ee\\\/toode\\\/vosaloikur-bc-bch380-40-x-scheppach\\\/\",\"name\":\"V\u00f5sal\u00f5ikur BC-BCH380\\\/40-X, Scheppach - Ranoja\",\"isPartOf\":{\"@id\":\"https:\\\/\\\/ranoja.ee\\\/#website\"},\"primaryImageOfPage\":{\"@id\":\"https:\\\/\\\/ranoja.ee\\\/toode\\\/vosaloikur-bc-bch380-40-x-scheppach\\\/#primaryimage\"},\"image\":{\"@id\":\"https:\\\/\\\/ranoja.ee\\\/toode\\\/vosaloikur-bc-bch380-40-x-scheppach\\\/#primaryimage\"},\"thumbnailUrl\":\"https:\\\/\\\/ranoja.ee\\\/wp-content\\\/uploads\\\/2026\\\/03\\\/5638719571.jpg\",\"datePublished\":\"2026-03-16T23:31:19+00:00\",\"dateModified\":\"2026-03-17T12:36:11+00:00\",\"breadcrumb\":{\"@id\":\"https:\\\/\\\/ranoja.ee\\\/toode\\\/vosaloikur-bc-bch380-40-x-scheppach\\\/#breadcrumb\"},\"inLanguage\":\"en-US\",\"potentialAction\":[{\"@type\":\"ReadAction\",\"target\":[\"https:\\\/\\\/ranoja.ee\\\/toode\\\/vosaloikur-bc-bch380-40-x-scheppach\\\/\"]}]},{\"@type\":\"ImageObject\",\"inLanguage\":\"en-US\",\"@id\":\"https:\\\/\\\/ranoja.ee\\\/toode\\\/vosaloikur-bc-bch380-40-x-scheppach\\\/#primaryimage\",\"url\":\"https:\\\/\\\/ranoja.ee\\\/wp-content\\\/uploads\\\/2026\\\/03\\\/5638719571.jpg\",\"contentUrl\":\"https:\\\/\\\/ranoja.ee\\\/wp-content\\\/uploads\\\/2026\\\/03\\\/5638719571.jpg\",\"width\":900,\"height\":900},{\"@type\":\"BreadcrumbList\",\"@id\":\"https:\\\/\\\/ranoja.ee\\\/toode\\\/vosaloikur-bc-bch380-40-x-scheppach\\\/#breadcrumb\",\"itemListElement\":[{\"@type\":\"ListItem\",\"position\":1,\"name\":\"Home\",\"item\":\"https:\\\/\\\/ranoja.ee\\\/\"},{\"@type\":\"ListItem\",\"position\":2,\"name\":\"Shop\",\"item\":\"https:\\\/\\\/ranoja.ee\\\/en\\\/shop\\\/\"},{\"@type\":\"ListItem\",\"position\":3,\"name\":\"V\u00f5sal\u00f5ikur BC-BCH380\\\/40-X, Scheppach\"}]},{\"@type\":\"WebSite\",\"@id\":\"https:\\\/\\\/ranoja.ee\\\/#website\",\"url\":\"https:\\\/\\\/ranoja.ee\\\/\",\"name\":\"Ranoja\",\"description\":\"Equipment Shop WooCommerce WordPress Theme for Machine &amp; Tools\",\"publisher\":{\"@id\":\"https:\\\/\\\/ranoja.ee\\\/#organization\"},\"potentialAction\":[{\"@type\":\"SearchAction\",\"target\":{\"@type\":\"EntryPoint\",\"urlTemplate\":\"https:\\\/\\\/ranoja.ee\\\/?s={search_term_string}\"},\"query-input\":{\"@type\":\"PropertyValueSpecification\",\"valueRequired\":true,\"valueName\":\"search_term_string\"}}],\"inLanguage\":\"en-US\"},{\"@type\":\"Organization\",\"@id\":\"https:\\\/\\\/ranoja.ee\\\/#organization\",\"name\":\"Ranoja O\u00dc\",\"url\":\"https:\\\/\\\/ranoja.ee\\\/\",\"logo\":{\"@type\":\"ImageObject\",\"inLanguage\":\"en-US\",\"@id\":\"https:\\\/\\\/ranoja.ee\\\/#\\\/schema\\\/logo\\\/image\\\/\",\"url\":\"https:\\\/\\\/ranoja.ee\\\/wp-content\\\/uploads\\\/2023\\\/11\\\/ranoja-Logo.png\",\"contentUrl\":\"https:\\\/\\\/ranoja.ee\\\/wp-content\\\/uploads\\\/2023\\\/11\\\/ranoja-Logo.png\",\"width\":207,\"height\":58,\"caption\":\"Ranoja O\u00dc\"},\"image\":{\"@id\":\"https:\\\/\\\/ranoja.ee\\\/#\\\/schema\\\/logo\\\/image\\\/\"},\"sameAs\":[\"https:\\\/\\\/www.facebook.com\\\/ranoja.ee\",\"https:\\\/\\\/www.instagram.com\\\/ranoja__\\\/\"]}]}<\/script>\n<!-- \/ Yoast SEO plugin. -->","yoast_head_json":{"title":"V\u00f5sal\u00f5ikur BC-BCH380\/40-X, Scheppach - Ranoja","robots":{"index":"index","follow":"follow","max-snippet":"max-snippet:-1","max-image-preview":"max-image-preview:large","max-video-preview":"max-video-preview:-1"},"canonical":"https:\/\/ranoja.ee\/toode\/vosaloikur-bc-bch380-40-x-scheppach\/","og_locale":"en_US","og_type":"article","og_title":"V\u00f5sal\u00f5ikur BC-BCH380\/40-X, Scheppach - Ranoja","og_description":"Tehnilised andmed \u2022 Harjavaba mootor \u2022 Aku pinge: 2 \u00d7 20 V (40 V) \u2022 T\u00fchik\u00e4igu kiirus: 3 astet, 4000 \/ 5000 \/ 6200 p\/min \u2022 Maksimaalne l\u00f5ikelaius: 380 mm \u2022 Tamiili spetsifikatsioon: 2 \u00d7 1,6 mm \u2022 Tamiili pikkus: 4 m \u2022 Tamiili etteanne: Tap\u2019n\u2019Go \u2022 L\u00f5iketera spetsifikatsioon: 3T \/ 255 \u00d7 25,4 mm \u2022 Funktsioonid: murutrimmer ja v\u00f5sal\u00f5ikur \u2022 Komplektis: \u00f5larihm, 2 \u00d7 20 V \/ 4,0 Ah aku, 1 \u00d7 2,4 A topeltlaadija Scheppach BC-BCH380\/40-X on akutoitega 2-in-1 murutrimmer ja v\u00f5sal\u00f5ikur, mis sobib nii rohu trimmimiseks kui ka tihedama taimestiku l\u00f5ikamiseks. Harjavaba mootor, 40 V t\u00f6\u00f6pinge ja kolmeastmeline kiiruse reguleerimine annavad kasutajale piisava j\u00f5udluse ning v\u00f5imaldavad valida t\u00f6\u00f6 jaoks sobiva seadistuse. Seadmel on kuni 380 mm l\u00f5ikelaius, Tap\u2019n\u2019Go tamiili etteanne ning 3-hambaline l\u00f5iketera m\u00f5\u00f5dus 255 \u00d7 25,4 mm, mis teeb selle praktiliseks lahenduseks erinevateks hooldust\u00f6\u00f6deks. Reguleeritav juhtraud v\u00f5imaldab t\u00f6\u00f6asendit kohandada ilma t\u00f6\u00f6riistadeta ning vibratsioonivastane lahendus aitab muuta kasutamise mugavamaks ka pikema t\u00f6\u00f6 puhul. Poolitatav v\u00f5ll teeb transportimise ja hoiustamise lihtsamaks ning komplekti kuuluvad \u00f5larihm, kaks 4,0 Ah akut ja 2,4 A topeltlaadija annavad v\u00f5imaluse kohe t\u00f6\u00f6le asuda. Tegemist on universaalse t\u00f6\u00f6riistaga kasutajale, kes vajab paindlikku ja v\u00f5imekat akut\u00f6\u00f6riista nii kodu\u00fcmbruse kui ka mahukamate hooldust\u00f6\u00f6de jaoks.","og_url":"https:\/\/ranoja.ee\/toode\/vosaloikur-bc-bch380-40-x-scheppach\/","og_site_name":"Ranoja","article_publisher":"https:\/\/www.facebook.com\/ranoja.ee","article_modified_time":"2026-03-17T12:36:11+00:00","og_image":[{"width":900,"height":900,"url":"https:\/\/ranoja.ee\/wp-content\/uploads\/2026\/03\/5638719571.jpg","type":"image\/jpeg"}],"twitter_card":"summary_large_image","schema":{"@context":"https:\/\/schema.org","@graph":[{"@type":"WebPage","@id":"https:\/\/ranoja.ee\/toode\/vosaloikur-bc-bch380-40-x-scheppach\/","url":"https:\/\/ranoja.ee\/toode\/vosaloikur-bc-bch380-40-x-scheppach\/","name":"V\u00f5sal\u00f5ikur BC-BCH380\/40-X, Scheppach - Ranoja","isPartOf":{"@id":"https:\/\/ranoja.ee\/#website"},"primaryImageOfPage":{"@id":"https:\/\/ranoja.ee\/toode\/vosaloikur-bc-bch380-40-x-scheppach\/#primaryimage"},"image":{"@id":"https:\/\/ranoja.ee\/toode\/vosaloikur-bc-bch380-40-x-scheppach\/#primaryimage"},"thumbnailUrl":"https:\/\/ranoja.ee\/wp-content\/uploads\/2026\/03\/5638719571.jpg","datePublished":"2026-03-16T23:31:19+00:00","dateModified":"2026-03-17T12:36:11+00:00","breadcrumb":{"@id":"https:\/\/ranoja.ee\/toode\/vosaloikur-bc-bch380-40-x-scheppach\/#breadcrumb"},"inLanguage":"en-US","potentialAction":[{"@type":"ReadAction","target":["https:\/\/ranoja.ee\/toode\/vosaloikur-bc-bch380-40-x-scheppach\/"]}]},{"@type":"ImageObject","inLanguage":"en-US","@id":"https:\/\/ranoja.ee\/toode\/vosaloikur-bc-bch380-40-x-scheppach\/#primaryimage","url":"https:\/\/ranoja.ee\/wp-content\/uploads\/2026\/03\/5638719571.jpg","contentUrl":"https:\/\/ranoja.ee\/wp-content\/uploads\/2026\/03\/5638719571.jpg","width":900,"height":900},{"@type":"BreadcrumbList","@id":"https:\/\/ranoja.ee\/toode\/vosaloikur-bc-bch380-40-x-scheppach\/#breadcrumb","itemListElement":[{"@type":"ListItem","position":1,"name":"Home","item":"https:\/\/ranoja.ee\/"},{"@type":"ListItem","position":2,"name":"Shop","item":"https:\/\/ranoja.ee\/en\/shop\/"},{"@type":"ListItem","position":3,"name":"V\u00f5sal\u00f5ikur BC-BCH380\/40-X, Scheppach"}]},{"@type":"WebSite","@id":"https:\/\/ranoja.ee\/#website","url":"https:\/\/ranoja.ee\/","name":"Ranoja","description":"Equipment Shop WooCommerce WordPress Theme for Machine &amp; Tools","publisher":{"@id":"https:\/\/ranoja.ee\/#organization"},"potentialAction":[{"@type":"SearchAction","target":{"@type":"EntryPoint","urlTemplate":"https:\/\/ranoja.ee\/?s={search_term_string}"},"query-input":{"@type":"PropertyValueSpecification","valueRequired":true,"valueName":"search_term_string"}}],"inLanguage":"en-US"},{"@type":"Organization","@id":"https:\/\/ranoja.ee\/#organization","name":"Ranoja O\u00dc","url":"https:\/\/ranoja.ee\/","logo":{"@type":"ImageObject","inLanguage":"en-US","@id":"https:\/\/ranoja.ee\/#\/schema\/logo\/image\/","url":"https:\/\/ranoja.ee\/wp-content\/uploads\/2023\/11\/ranoja-Logo.png","contentUrl":"https:\/\/ranoja.ee\/wp-content\/uploads\/2023\/11\/ranoja-Logo.png","width":207,"height":58,"caption":"Ranoja O\u00dc"},"image":{"@id":"https:\/\/ranoja.ee\/#\/schema\/logo\/image\/"},"sameAs":["https:\/\/www.facebook.com\/ranoja.ee","https:\/\/www.instagram.com\/ranoja__\/"]}]}},"_links":{"self":[{"href":"https:\/\/ranoja.ee\/en\/wp-json\/wp\/v2\/product\/61607","targetHints":{"allow":["GET"]}}],"collection":[{"href":"https:\/\/ranoja.ee\/en\/wp-json\/wp\/v2\/product"}],"about":[{"href":"https:\/\/ranoja.ee\/en\/wp-json\/wp\/v2\/types\/product"}],"wp:featuredmedia":[{"embeddable":true,"href":"https:\/\/ranoja.ee\/en\/wp-json\/wp\/v2\/media\/61608"}],"wp:attachment":[{"href":"https:\/\/ranoja.ee\/en\/wp-json\/wp\/v2\/media?parent=61607"}],"wp:term":[{"taxonomy":"product_cat","embeddable":true,"href":"https:\/\/ranoja.ee\/en\/wp-json\/wp\/v2\/product_cat?post=61607"},{"taxonomy":"product_tag","embeddable":true,"href":"https:\/\/ranoja.ee\/en\/wp-json\/wp\/v2\/product_tag?post=61607"}],"curies":[{"name":"wp","href":"https:\/\/api.w.org\/{rel}","templated":true}]}}