{"id":61596,"date":"2026-03-17T02:31:19","date_gmt":"2026-03-16T23:31:19","guid":{"rendered":"https:\/\/ranoja.ee\/toode\/isekinnituva-haavasideme-dispenser-koos-sinise-haavasidemega-cederroth-2\/"},"modified":"2026-03-17T15:36:11","modified_gmt":"2026-03-17T12:36:11","slug":"isekinnituva-haavasideme-dispenser-koos-sinise-haavasidemega-cederroth-2","status":"publish","type":"product","link":"https:\/\/ranoja.ee\/en\/toode\/isekinnituva-haavasideme-dispenser-koos-sinise-haavasidemega-cederroth-2\/","title":{"rendered":"Isekinnituva haavasideme dispenser koos sinise haavasidemega, Cederroth"},"content":{"rendered":"","protected":false},"excerpt":{"rendered":"<p>Cederroth Soft Foam Bandage 2-in-1 jaotur sisaldab kahte erinevas suuruses Cederroth Soft Foam Bandage vahtsidet: 6 cm \u00d7 4,5 m sinine ja 3 cm \u00d7 4,5 m sinine. Jaoturil on integreeritud l\u00f5ikenuga, mis v\u00f5imaldab lihtsat kasutamist ning selged juhised. Kompaktne disain teeb selle seinale paigaldamise lihtsaks ka v\u00e4ikestesse ruumidesse. Jaoturit saab lukustada, et v\u00e4ltida tarbetut kulu, ning seda on t\u00e4itmev\u00f5tmega lihtne avada. L\u00e4bipaistev kate kaitseb tooteid tolmu ja mustuse eest.<\/p>\n<p>Sisaldab:<\/p>\n<p>1 \u00d7 Cederroth Soft Foam haavaside 6 cm \u00d7 4,5 m ( 51011010&#038;CEDER )<br \/>\n1 \u00d7 Cederroth Soft Foam haavaside 3 cm \u00d7 4,5 m ( 51011022&#038;CEDER )<\/p>\n<p>Omadused:<br \/>\nKaks suurust paindlikuks haavaraviks<br \/>\nLihtne kasutada<br \/>\nIntegreeritud nuga<br \/>\nLihtne n\u00e4ha, millal on vaja t\u00e4itmist<br \/>\nLukustatav jaotur, mida saab h\u00f5lpsasti avada spetsiaalse v\u00f5tmega<\/p>\n","protected":false},"featured_media":61597,"template":"","meta":{"inline_featured_image":false},"product_cat":[5071,5022],"product_tag":[],"class_list":{"0":"post-61596","1":"product","2":"type-product","3":"status-publish","4":"has-post-thumbnail","6":"product_brand-cederroth","7":"product_cat-esmaabivahendid","8":"product_cat-isikukaitsevahendid","10":"first","11":"instock","12":"purchasable","13":"product-type-simple"},"yoast_head":"<!-- This site is optimized with the Yoast SEO plugin v27.4 - https:\/\/yoast.com\/product\/yoast-seo-wordpress\/ -->\n<title>Isekinnituva haavasideme dispenser koos sinise haavasidemega, Cederroth - Ranoja<\/title>\n<meta name=\"robots\" content=\"index, follow, max-snippet:-1, max-image-preview:large, max-video-preview:-1\" \/>\n<link rel=\"canonical\" href=\"https:\/\/ranoja.ee\/toode\/isekinnituva-haavasideme-dispenser-koos-sinise-haavasidemega-cederroth-2\/\" \/>\n<meta property=\"og:locale\" content=\"en_US\" \/>\n<meta property=\"og:type\" content=\"article\" \/>\n<meta property=\"og:title\" content=\"Isekinnituva haavasideme dispenser koos sinise haavasidemega, Cederroth - Ranoja\" \/>\n<meta property=\"og:description\" content=\"Cederroth Soft Foam Bandage 2-in-1 jaotur sisaldab kahte erinevas suuruses Cederroth Soft Foam Bandage vahtsidet: 6 cm \u00d7 4,5 m sinine ja 3 cm \u00d7 4,5 m sinine. Jaoturil on integreeritud l\u00f5ikenuga, mis v\u00f5imaldab lihtsat kasutamist ning selged juhised. Kompaktne disain teeb selle seinale paigaldamise lihtsaks ka v\u00e4ikestesse ruumidesse. Jaoturit saab lukustada, et v\u00e4ltida tarbetut kulu, ning seda on t\u00e4itmev\u00f5tmega lihtne avada. L\u00e4bipaistev kate kaitseb tooteid tolmu ja mustuse eest. Sisaldab: 1 \u00d7 Cederroth Soft Foam haavaside 6 cm \u00d7 4,5 m ( 51011010&amp;CEDER ) 1 \u00d7 Cederroth Soft Foam haavaside 3 cm \u00d7 4,5 m ( 51011022&amp;CEDER ) Omadused: Kaks suurust paindlikuks haavaraviks Lihtne kasutada Integreeritud nuga Lihtne n\u00e4ha, millal on vaja t\u00e4itmist Lukustatav jaotur, mida saab h\u00f5lpsasti avada spetsiaalse v\u00f5tmega\" \/>\n<meta property=\"og:url\" content=\"https:\/\/ranoja.ee\/toode\/isekinnituva-haavasideme-dispenser-koos-sinise-haavasidemega-cederroth-2\/\" \/>\n<meta property=\"og:site_name\" content=\"Ranoja\" \/>\n<meta property=\"article:publisher\" content=\"https:\/\/www.facebook.com\/ranoja.ee\" \/>\n<meta property=\"article:modified_time\" content=\"2026-03-17T12:36:11+00:00\" \/>\n<meta property=\"og:image\" content=\"https:\/\/ranoja.ee\/wp-content\/uploads\/2026\/03\/5638409456.jpg\" \/>\n\t<meta property=\"og:image:width\" content=\"900\" \/>\n\t<meta property=\"og:image:height\" content=\"823\" \/>\n\t<meta property=\"og:image:type\" content=\"image\/jpeg\" \/>\n<meta name=\"twitter:card\" content=\"summary_large_image\" \/>\n<script type=\"application\/ld+json\" class=\"yoast-schema-graph\">{\"@context\":\"https:\\\/\\\/schema.org\",\"@graph\":[{\"@type\":\"WebPage\",\"@id\":\"https:\\\/\\\/ranoja.ee\\\/toode\\\/isekinnituva-haavasideme-dispenser-koos-sinise-haavasidemega-cederroth-2\\\/\",\"url\":\"https:\\\/\\\/ranoja.ee\\\/toode\\\/isekinnituva-haavasideme-dispenser-koos-sinise-haavasidemega-cederroth-2\\\/\",\"name\":\"Isekinnituva haavasideme dispenser koos sinise haavasidemega, Cederroth - Ranoja\",\"isPartOf\":{\"@id\":\"https:\\\/\\\/ranoja.ee\\\/#website\"},\"primaryImageOfPage\":{\"@id\":\"https:\\\/\\\/ranoja.ee\\\/toode\\\/isekinnituva-haavasideme-dispenser-koos-sinise-haavasidemega-cederroth-2\\\/#primaryimage\"},\"image\":{\"@id\":\"https:\\\/\\\/ranoja.ee\\\/toode\\\/isekinnituva-haavasideme-dispenser-koos-sinise-haavasidemega-cederroth-2\\\/#primaryimage\"},\"thumbnailUrl\":\"https:\\\/\\\/ranoja.ee\\\/wp-content\\\/uploads\\\/2026\\\/03\\\/5638409456.jpg\",\"datePublished\":\"2026-03-16T23:31:19+00:00\",\"dateModified\":\"2026-03-17T12:36:11+00:00\",\"breadcrumb\":{\"@id\":\"https:\\\/\\\/ranoja.ee\\\/toode\\\/isekinnituva-haavasideme-dispenser-koos-sinise-haavasidemega-cederroth-2\\\/#breadcrumb\"},\"inLanguage\":\"en-US\",\"potentialAction\":[{\"@type\":\"ReadAction\",\"target\":[\"https:\\\/\\\/ranoja.ee\\\/toode\\\/isekinnituva-haavasideme-dispenser-koos-sinise-haavasidemega-cederroth-2\\\/\"]}]},{\"@type\":\"ImageObject\",\"inLanguage\":\"en-US\",\"@id\":\"https:\\\/\\\/ranoja.ee\\\/toode\\\/isekinnituva-haavasideme-dispenser-koos-sinise-haavasidemega-cederroth-2\\\/#primaryimage\",\"url\":\"https:\\\/\\\/ranoja.ee\\\/wp-content\\\/uploads\\\/2026\\\/03\\\/5638409456.jpg\",\"contentUrl\":\"https:\\\/\\\/ranoja.ee\\\/wp-content\\\/uploads\\\/2026\\\/03\\\/5638409456.jpg\",\"width\":900,\"height\":823},{\"@type\":\"BreadcrumbList\",\"@id\":\"https:\\\/\\\/ranoja.ee\\\/toode\\\/isekinnituva-haavasideme-dispenser-koos-sinise-haavasidemega-cederroth-2\\\/#breadcrumb\",\"itemListElement\":[{\"@type\":\"ListItem\",\"position\":1,\"name\":\"Home\",\"item\":\"https:\\\/\\\/ranoja.ee\\\/\"},{\"@type\":\"ListItem\",\"position\":2,\"name\":\"Shop\",\"item\":\"https:\\\/\\\/ranoja.ee\\\/en\\\/shop\\\/\"},{\"@type\":\"ListItem\",\"position\":3,\"name\":\"Isekinnituva haavasideme dispenser koos sinise haavasidemega, Cederroth\"}]},{\"@type\":\"WebSite\",\"@id\":\"https:\\\/\\\/ranoja.ee\\\/#website\",\"url\":\"https:\\\/\\\/ranoja.ee\\\/\",\"name\":\"Ranoja\",\"description\":\"Equipment Shop WooCommerce WordPress Theme for Machine &amp; Tools\",\"publisher\":{\"@id\":\"https:\\\/\\\/ranoja.ee\\\/#organization\"},\"potentialAction\":[{\"@type\":\"SearchAction\",\"target\":{\"@type\":\"EntryPoint\",\"urlTemplate\":\"https:\\\/\\\/ranoja.ee\\\/?s={search_term_string}\"},\"query-input\":{\"@type\":\"PropertyValueSpecification\",\"valueRequired\":true,\"valueName\":\"search_term_string\"}}],\"inLanguage\":\"en-US\"},{\"@type\":\"Organization\",\"@id\":\"https:\\\/\\\/ranoja.ee\\\/#organization\",\"name\":\"Ranoja O\u00dc\",\"url\":\"https:\\\/\\\/ranoja.ee\\\/\",\"logo\":{\"@type\":\"ImageObject\",\"inLanguage\":\"en-US\",\"@id\":\"https:\\\/\\\/ranoja.ee\\\/#\\\/schema\\\/logo\\\/image\\\/\",\"url\":\"https:\\\/\\\/ranoja.ee\\\/wp-content\\\/uploads\\\/2023\\\/11\\\/ranoja-Logo.png\",\"contentUrl\":\"https:\\\/\\\/ranoja.ee\\\/wp-content\\\/uploads\\\/2023\\\/11\\\/ranoja-Logo.png\",\"width\":207,\"height\":58,\"caption\":\"Ranoja O\u00dc\"},\"image\":{\"@id\":\"https:\\\/\\\/ranoja.ee\\\/#\\\/schema\\\/logo\\\/image\\\/\"},\"sameAs\":[\"https:\\\/\\\/www.facebook.com\\\/ranoja.ee\",\"https:\\\/\\\/www.instagram.com\\\/ranoja__\\\/\"]}]}<\/script>\n<!-- \/ Yoast SEO plugin. -->","yoast_head_json":{"title":"Isekinnituva haavasideme dispenser koos sinise haavasidemega, Cederroth - Ranoja","robots":{"index":"index","follow":"follow","max-snippet":"max-snippet:-1","max-image-preview":"max-image-preview:large","max-video-preview":"max-video-preview:-1"},"canonical":"https:\/\/ranoja.ee\/toode\/isekinnituva-haavasideme-dispenser-koos-sinise-haavasidemega-cederroth-2\/","og_locale":"en_US","og_type":"article","og_title":"Isekinnituva haavasideme dispenser koos sinise haavasidemega, Cederroth - Ranoja","og_description":"Cederroth Soft Foam Bandage 2-in-1 jaotur sisaldab kahte erinevas suuruses Cederroth Soft Foam Bandage vahtsidet: 6 cm \u00d7 4,5 m sinine ja 3 cm \u00d7 4,5 m sinine. Jaoturil on integreeritud l\u00f5ikenuga, mis v\u00f5imaldab lihtsat kasutamist ning selged juhised. Kompaktne disain teeb selle seinale paigaldamise lihtsaks ka v\u00e4ikestesse ruumidesse. Jaoturit saab lukustada, et v\u00e4ltida tarbetut kulu, ning seda on t\u00e4itmev\u00f5tmega lihtne avada. L\u00e4bipaistev kate kaitseb tooteid tolmu ja mustuse eest. Sisaldab: 1 \u00d7 Cederroth Soft Foam haavaside 6 cm \u00d7 4,5 m ( 51011010&CEDER ) 1 \u00d7 Cederroth Soft Foam haavaside 3 cm \u00d7 4,5 m ( 51011022&CEDER ) Omadused: Kaks suurust paindlikuks haavaraviks Lihtne kasutada Integreeritud nuga Lihtne n\u00e4ha, millal on vaja t\u00e4itmist Lukustatav jaotur, mida saab h\u00f5lpsasti avada spetsiaalse v\u00f5tmega","og_url":"https:\/\/ranoja.ee\/toode\/isekinnituva-haavasideme-dispenser-koos-sinise-haavasidemega-cederroth-2\/","og_site_name":"Ranoja","article_publisher":"https:\/\/www.facebook.com\/ranoja.ee","article_modified_time":"2026-03-17T12:36:11+00:00","og_image":[{"width":900,"height":823,"url":"https:\/\/ranoja.ee\/wp-content\/uploads\/2026\/03\/5638409456.jpg","type":"image\/jpeg"}],"twitter_card":"summary_large_image","schema":{"@context":"https:\/\/schema.org","@graph":[{"@type":"WebPage","@id":"https:\/\/ranoja.ee\/toode\/isekinnituva-haavasideme-dispenser-koos-sinise-haavasidemega-cederroth-2\/","url":"https:\/\/ranoja.ee\/toode\/isekinnituva-haavasideme-dispenser-koos-sinise-haavasidemega-cederroth-2\/","name":"Isekinnituva haavasideme dispenser koos sinise haavasidemega, Cederroth - Ranoja","isPartOf":{"@id":"https:\/\/ranoja.ee\/#website"},"primaryImageOfPage":{"@id":"https:\/\/ranoja.ee\/toode\/isekinnituva-haavasideme-dispenser-koos-sinise-haavasidemega-cederroth-2\/#primaryimage"},"image":{"@id":"https:\/\/ranoja.ee\/toode\/isekinnituva-haavasideme-dispenser-koos-sinise-haavasidemega-cederroth-2\/#primaryimage"},"thumbnailUrl":"https:\/\/ranoja.ee\/wp-content\/uploads\/2026\/03\/5638409456.jpg","datePublished":"2026-03-16T23:31:19+00:00","dateModified":"2026-03-17T12:36:11+00:00","breadcrumb":{"@id":"https:\/\/ranoja.ee\/toode\/isekinnituva-haavasideme-dispenser-koos-sinise-haavasidemega-cederroth-2\/#breadcrumb"},"inLanguage":"en-US","potentialAction":[{"@type":"ReadAction","target":["https:\/\/ranoja.ee\/toode\/isekinnituva-haavasideme-dispenser-koos-sinise-haavasidemega-cederroth-2\/"]}]},{"@type":"ImageObject","inLanguage":"en-US","@id":"https:\/\/ranoja.ee\/toode\/isekinnituva-haavasideme-dispenser-koos-sinise-haavasidemega-cederroth-2\/#primaryimage","url":"https:\/\/ranoja.ee\/wp-content\/uploads\/2026\/03\/5638409456.jpg","contentUrl":"https:\/\/ranoja.ee\/wp-content\/uploads\/2026\/03\/5638409456.jpg","width":900,"height":823},{"@type":"BreadcrumbList","@id":"https:\/\/ranoja.ee\/toode\/isekinnituva-haavasideme-dispenser-koos-sinise-haavasidemega-cederroth-2\/#breadcrumb","itemListElement":[{"@type":"ListItem","position":1,"name":"Home","item":"https:\/\/ranoja.ee\/"},{"@type":"ListItem","position":2,"name":"Shop","item":"https:\/\/ranoja.ee\/en\/shop\/"},{"@type":"ListItem","position":3,"name":"Isekinnituva haavasideme dispenser koos sinise haavasidemega, Cederroth"}]},{"@type":"WebSite","@id":"https:\/\/ranoja.ee\/#website","url":"https:\/\/ranoja.ee\/","name":"Ranoja","description":"Equipment Shop WooCommerce WordPress Theme for Machine &amp; Tools","publisher":{"@id":"https:\/\/ranoja.ee\/#organization"},"potentialAction":[{"@type":"SearchAction","target":{"@type":"EntryPoint","urlTemplate":"https:\/\/ranoja.ee\/?s={search_term_string}"},"query-input":{"@type":"PropertyValueSpecification","valueRequired":true,"valueName":"search_term_string"}}],"inLanguage":"en-US"},{"@type":"Organization","@id":"https:\/\/ranoja.ee\/#organization","name":"Ranoja O\u00dc","url":"https:\/\/ranoja.ee\/","logo":{"@type":"ImageObject","inLanguage":"en-US","@id":"https:\/\/ranoja.ee\/#\/schema\/logo\/image\/","url":"https:\/\/ranoja.ee\/wp-content\/uploads\/2023\/11\/ranoja-Logo.png","contentUrl":"https:\/\/ranoja.ee\/wp-content\/uploads\/2023\/11\/ranoja-Logo.png","width":207,"height":58,"caption":"Ranoja O\u00dc"},"image":{"@id":"https:\/\/ranoja.ee\/#\/schema\/logo\/image\/"},"sameAs":["https:\/\/www.facebook.com\/ranoja.ee","https:\/\/www.instagram.com\/ranoja__\/"]}]}},"_links":{"self":[{"href":"https:\/\/ranoja.ee\/en\/wp-json\/wp\/v2\/product\/61596","targetHints":{"allow":["GET"]}}],"collection":[{"href":"https:\/\/ranoja.ee\/en\/wp-json\/wp\/v2\/product"}],"about":[{"href":"https:\/\/ranoja.ee\/en\/wp-json\/wp\/v2\/types\/product"}],"wp:featuredmedia":[{"embeddable":true,"href":"https:\/\/ranoja.ee\/en\/wp-json\/wp\/v2\/media\/61597"}],"wp:attachment":[{"href":"https:\/\/ranoja.ee\/en\/wp-json\/wp\/v2\/media?parent=61596"}],"wp:term":[{"taxonomy":"product_cat","embeddable":true,"href":"https:\/\/ranoja.ee\/en\/wp-json\/wp\/v2\/product_cat?post=61596"},{"taxonomy":"product_tag","embeddable":true,"href":"https:\/\/ranoja.ee\/en\/wp-json\/wp\/v2\/product_tag?post=61596"}],"curies":[{"name":"wp","href":"https:\/\/api.w.org\/{rel}","templated":true}]}}