{"id":61578,"date":"2026-03-17T02:30:53","date_gmt":"2026-03-16T23:30:53","guid":{"rendered":"https:\/\/ranoja.ee\/toode\/vesilood-tuup-96-2-k-81cm-stabila\/"},"modified":"2026-03-17T15:36:11","modified_gmt":"2026-03-17T12:36:11","slug":"vesilood-tuup-96-2-k-81cm-stabila","status":"publish","type":"product","link":"https:\/\/ranoja.ee\/en\/toode\/vesilood-tuup-96-2-k-81cm-stabila\/","title":{"rendered":"Vesilood t\u00fc\u00fcp 96-2 K 81cm, Stabila"},"content":{"rendered":"","protected":false},"excerpt":{"rendered":"<p>Lihtne disain \u2013 vastupidav vesilood m\u00fc\u00fcrseppadele \u2014 \u00fclitugev alumiiniumist ristk\u00fclikprofiil integreeritud STABILA l\u00f6\u00f6gikaitsega koheseks k\u00f5rvalekallete parandamiseks kelluga, freesitud m\u00f5\u00f5tepind ilma j\u00e4lgedeta ka puhta m\u00fc\u00fcritise puhul, keskmesse nihutatud teine vertikaallood paremaks loetavuseks, tugevdusribid stabiilsuseks, eemaldatavad p\u00f5rutuskindlad libisemisvastased otsakud, lihtne puhastada elektrostaatilise pulberv\u00e4rvi t\u00f5ttu, sobib ka tagurpidi m\u00f5\u00f5tmiseks, t\u00e4psus \u00b10.50 mm\/m tavap\u00e4rases ja \u00b10.75 mm\/m vastupidises asendis; varustus: 1 horisontaalne lood, 2 vertikaalset loodi, 1 freesitud m\u00f5\u00f5tepind, l\u00f6\u00f6gikaitse.<\/p>\n","protected":false},"featured_media":61579,"template":"","meta":{"inline_featured_image":false},"product_cat":[5129,5099,5130],"product_tag":[],"class_list":{"0":"post-61578","1":"product","2":"type-product","3":"status-publish","4":"has-post-thumbnail","6":"product_brand-stabila","7":"product_cat-loodid","8":"product_cat-marke-ja-mooteriistad","9":"product_cat-vesiloodid","11":"first","12":"instock","13":"purchasable","14":"product-type-simple"},"yoast_head":"<!-- This site is optimized with the Yoast SEO plugin v27.4 - https:\/\/yoast.com\/product\/yoast-seo-wordpress\/ -->\n<title>Vesilood t\u00fc\u00fcp 96-2 K 81cm, Stabila - Ranoja<\/title>\n<meta name=\"robots\" content=\"index, follow, max-snippet:-1, max-image-preview:large, max-video-preview:-1\" \/>\n<link rel=\"canonical\" href=\"https:\/\/ranoja.ee\/toode\/vesilood-tuup-96-2-k-81cm-stabila\/\" \/>\n<meta property=\"og:locale\" content=\"en_US\" \/>\n<meta property=\"og:type\" content=\"article\" \/>\n<meta property=\"og:title\" content=\"Vesilood t\u00fc\u00fcp 96-2 K 81cm, Stabila - Ranoja\" \/>\n<meta property=\"og:description\" content=\"Lihtne disain \u2013 vastupidav vesilood m\u00fc\u00fcrseppadele \u2014 \u00fclitugev alumiiniumist ristk\u00fclikprofiil integreeritud STABILA l\u00f6\u00f6gikaitsega koheseks k\u00f5rvalekallete parandamiseks kelluga, freesitud m\u00f5\u00f5tepind ilma j\u00e4lgedeta ka puhta m\u00fc\u00fcritise puhul, keskmesse nihutatud teine vertikaallood paremaks loetavuseks, tugevdusribid stabiilsuseks, eemaldatavad p\u00f5rutuskindlad libisemisvastased otsakud, lihtne puhastada elektrostaatilise pulberv\u00e4rvi t\u00f5ttu, sobib ka tagurpidi m\u00f5\u00f5tmiseks, t\u00e4psus \u00b10.50 mm\/m tavap\u00e4rases ja \u00b10.75 mm\/m vastupidises asendis; varustus: 1 horisontaalne lood, 2 vertikaalset loodi, 1 freesitud m\u00f5\u00f5tepind, l\u00f6\u00f6gikaitse.\" \/>\n<meta property=\"og:url\" content=\"https:\/\/ranoja.ee\/toode\/vesilood-tuup-96-2-k-81cm-stabila\/\" \/>\n<meta property=\"og:site_name\" content=\"Ranoja\" \/>\n<meta property=\"article:publisher\" content=\"https:\/\/www.facebook.com\/ranoja.ee\" \/>\n<meta property=\"article:modified_time\" content=\"2026-03-17T12:36:11+00:00\" \/>\n<meta property=\"og:image\" content=\"https:\/\/ranoja.ee\/wp-content\/uploads\/2026\/03\/94454735.jpg\" \/>\n\t<meta property=\"og:image:width\" content=\"900\" \/>\n\t<meta property=\"og:image:height\" content=\"373\" \/>\n\t<meta property=\"og:image:type\" content=\"image\/jpeg\" \/>\n<meta name=\"twitter:card\" content=\"summary_large_image\" \/>\n<script type=\"application\/ld+json\" class=\"yoast-schema-graph\">{\"@context\":\"https:\\\/\\\/schema.org\",\"@graph\":[{\"@type\":\"WebPage\",\"@id\":\"https:\\\/\\\/ranoja.ee\\\/toode\\\/vesilood-tuup-96-2-k-81cm-stabila\\\/\",\"url\":\"https:\\\/\\\/ranoja.ee\\\/toode\\\/vesilood-tuup-96-2-k-81cm-stabila\\\/\",\"name\":\"Vesilood t\u00fc\u00fcp 96-2 K 81cm, Stabila - Ranoja\",\"isPartOf\":{\"@id\":\"https:\\\/\\\/ranoja.ee\\\/#website\"},\"primaryImageOfPage\":{\"@id\":\"https:\\\/\\\/ranoja.ee\\\/toode\\\/vesilood-tuup-96-2-k-81cm-stabila\\\/#primaryimage\"},\"image\":{\"@id\":\"https:\\\/\\\/ranoja.ee\\\/toode\\\/vesilood-tuup-96-2-k-81cm-stabila\\\/#primaryimage\"},\"thumbnailUrl\":\"https:\\\/\\\/ranoja.ee\\\/wp-content\\\/uploads\\\/2026\\\/03\\\/94454735.jpg\",\"datePublished\":\"2026-03-16T23:30:53+00:00\",\"dateModified\":\"2026-03-17T12:36:11+00:00\",\"breadcrumb\":{\"@id\":\"https:\\\/\\\/ranoja.ee\\\/toode\\\/vesilood-tuup-96-2-k-81cm-stabila\\\/#breadcrumb\"},\"inLanguage\":\"en-US\",\"potentialAction\":[{\"@type\":\"ReadAction\",\"target\":[\"https:\\\/\\\/ranoja.ee\\\/toode\\\/vesilood-tuup-96-2-k-81cm-stabila\\\/\"]}]},{\"@type\":\"ImageObject\",\"inLanguage\":\"en-US\",\"@id\":\"https:\\\/\\\/ranoja.ee\\\/toode\\\/vesilood-tuup-96-2-k-81cm-stabila\\\/#primaryimage\",\"url\":\"https:\\\/\\\/ranoja.ee\\\/wp-content\\\/uploads\\\/2026\\\/03\\\/94454735.jpg\",\"contentUrl\":\"https:\\\/\\\/ranoja.ee\\\/wp-content\\\/uploads\\\/2026\\\/03\\\/94454735.jpg\",\"width\":900,\"height\":373},{\"@type\":\"BreadcrumbList\",\"@id\":\"https:\\\/\\\/ranoja.ee\\\/toode\\\/vesilood-tuup-96-2-k-81cm-stabila\\\/#breadcrumb\",\"itemListElement\":[{\"@type\":\"ListItem\",\"position\":1,\"name\":\"Home\",\"item\":\"https:\\\/\\\/ranoja.ee\\\/\"},{\"@type\":\"ListItem\",\"position\":2,\"name\":\"Shop\",\"item\":\"https:\\\/\\\/ranoja.ee\\\/en\\\/shop\\\/\"},{\"@type\":\"ListItem\",\"position\":3,\"name\":\"Vesilood t\u00fc\u00fcp 96-2 K 81cm, Stabila\"}]},{\"@type\":\"WebSite\",\"@id\":\"https:\\\/\\\/ranoja.ee\\\/#website\",\"url\":\"https:\\\/\\\/ranoja.ee\\\/\",\"name\":\"Ranoja\",\"description\":\"Equipment Shop WooCommerce WordPress Theme for Machine &amp; Tools\",\"publisher\":{\"@id\":\"https:\\\/\\\/ranoja.ee\\\/#organization\"},\"potentialAction\":[{\"@type\":\"SearchAction\",\"target\":{\"@type\":\"EntryPoint\",\"urlTemplate\":\"https:\\\/\\\/ranoja.ee\\\/?s={search_term_string}\"},\"query-input\":{\"@type\":\"PropertyValueSpecification\",\"valueRequired\":true,\"valueName\":\"search_term_string\"}}],\"inLanguage\":\"en-US\"},{\"@type\":\"Organization\",\"@id\":\"https:\\\/\\\/ranoja.ee\\\/#organization\",\"name\":\"Ranoja O\u00dc\",\"url\":\"https:\\\/\\\/ranoja.ee\\\/\",\"logo\":{\"@type\":\"ImageObject\",\"inLanguage\":\"en-US\",\"@id\":\"https:\\\/\\\/ranoja.ee\\\/#\\\/schema\\\/logo\\\/image\\\/\",\"url\":\"https:\\\/\\\/ranoja.ee\\\/wp-content\\\/uploads\\\/2023\\\/11\\\/ranoja-Logo.png\",\"contentUrl\":\"https:\\\/\\\/ranoja.ee\\\/wp-content\\\/uploads\\\/2023\\\/11\\\/ranoja-Logo.png\",\"width\":207,\"height\":58,\"caption\":\"Ranoja O\u00dc\"},\"image\":{\"@id\":\"https:\\\/\\\/ranoja.ee\\\/#\\\/schema\\\/logo\\\/image\\\/\"},\"sameAs\":[\"https:\\\/\\\/www.facebook.com\\\/ranoja.ee\",\"https:\\\/\\\/www.instagram.com\\\/ranoja__\\\/\"]}]}<\/script>\n<!-- \/ Yoast SEO plugin. -->","yoast_head_json":{"title":"Vesilood t\u00fc\u00fcp 96-2 K 81cm, Stabila - Ranoja","robots":{"index":"index","follow":"follow","max-snippet":"max-snippet:-1","max-image-preview":"max-image-preview:large","max-video-preview":"max-video-preview:-1"},"canonical":"https:\/\/ranoja.ee\/toode\/vesilood-tuup-96-2-k-81cm-stabila\/","og_locale":"en_US","og_type":"article","og_title":"Vesilood t\u00fc\u00fcp 96-2 K 81cm, Stabila - Ranoja","og_description":"Lihtne disain \u2013 vastupidav vesilood m\u00fc\u00fcrseppadele \u2014 \u00fclitugev alumiiniumist ristk\u00fclikprofiil integreeritud STABILA l\u00f6\u00f6gikaitsega koheseks k\u00f5rvalekallete parandamiseks kelluga, freesitud m\u00f5\u00f5tepind ilma j\u00e4lgedeta ka puhta m\u00fc\u00fcritise puhul, keskmesse nihutatud teine vertikaallood paremaks loetavuseks, tugevdusribid stabiilsuseks, eemaldatavad p\u00f5rutuskindlad libisemisvastased otsakud, lihtne puhastada elektrostaatilise pulberv\u00e4rvi t\u00f5ttu, sobib ka tagurpidi m\u00f5\u00f5tmiseks, t\u00e4psus \u00b10.50 mm\/m tavap\u00e4rases ja \u00b10.75 mm\/m vastupidises asendis; varustus: 1 horisontaalne lood, 2 vertikaalset loodi, 1 freesitud m\u00f5\u00f5tepind, l\u00f6\u00f6gikaitse.","og_url":"https:\/\/ranoja.ee\/toode\/vesilood-tuup-96-2-k-81cm-stabila\/","og_site_name":"Ranoja","article_publisher":"https:\/\/www.facebook.com\/ranoja.ee","article_modified_time":"2026-03-17T12:36:11+00:00","og_image":[{"width":900,"height":373,"url":"https:\/\/ranoja.ee\/wp-content\/uploads\/2026\/03\/94454735.jpg","type":"image\/jpeg"}],"twitter_card":"summary_large_image","schema":{"@context":"https:\/\/schema.org","@graph":[{"@type":"WebPage","@id":"https:\/\/ranoja.ee\/toode\/vesilood-tuup-96-2-k-81cm-stabila\/","url":"https:\/\/ranoja.ee\/toode\/vesilood-tuup-96-2-k-81cm-stabila\/","name":"Vesilood t\u00fc\u00fcp 96-2 K 81cm, Stabila - Ranoja","isPartOf":{"@id":"https:\/\/ranoja.ee\/#website"},"primaryImageOfPage":{"@id":"https:\/\/ranoja.ee\/toode\/vesilood-tuup-96-2-k-81cm-stabila\/#primaryimage"},"image":{"@id":"https:\/\/ranoja.ee\/toode\/vesilood-tuup-96-2-k-81cm-stabila\/#primaryimage"},"thumbnailUrl":"https:\/\/ranoja.ee\/wp-content\/uploads\/2026\/03\/94454735.jpg","datePublished":"2026-03-16T23:30:53+00:00","dateModified":"2026-03-17T12:36:11+00:00","breadcrumb":{"@id":"https:\/\/ranoja.ee\/toode\/vesilood-tuup-96-2-k-81cm-stabila\/#breadcrumb"},"inLanguage":"en-US","potentialAction":[{"@type":"ReadAction","target":["https:\/\/ranoja.ee\/toode\/vesilood-tuup-96-2-k-81cm-stabila\/"]}]},{"@type":"ImageObject","inLanguage":"en-US","@id":"https:\/\/ranoja.ee\/toode\/vesilood-tuup-96-2-k-81cm-stabila\/#primaryimage","url":"https:\/\/ranoja.ee\/wp-content\/uploads\/2026\/03\/94454735.jpg","contentUrl":"https:\/\/ranoja.ee\/wp-content\/uploads\/2026\/03\/94454735.jpg","width":900,"height":373},{"@type":"BreadcrumbList","@id":"https:\/\/ranoja.ee\/toode\/vesilood-tuup-96-2-k-81cm-stabila\/#breadcrumb","itemListElement":[{"@type":"ListItem","position":1,"name":"Home","item":"https:\/\/ranoja.ee\/"},{"@type":"ListItem","position":2,"name":"Shop","item":"https:\/\/ranoja.ee\/en\/shop\/"},{"@type":"ListItem","position":3,"name":"Vesilood t\u00fc\u00fcp 96-2 K 81cm, Stabila"}]},{"@type":"WebSite","@id":"https:\/\/ranoja.ee\/#website","url":"https:\/\/ranoja.ee\/","name":"Ranoja","description":"Equipment Shop WooCommerce WordPress Theme for Machine &amp; Tools","publisher":{"@id":"https:\/\/ranoja.ee\/#organization"},"potentialAction":[{"@type":"SearchAction","target":{"@type":"EntryPoint","urlTemplate":"https:\/\/ranoja.ee\/?s={search_term_string}"},"query-input":{"@type":"PropertyValueSpecification","valueRequired":true,"valueName":"search_term_string"}}],"inLanguage":"en-US"},{"@type":"Organization","@id":"https:\/\/ranoja.ee\/#organization","name":"Ranoja O\u00dc","url":"https:\/\/ranoja.ee\/","logo":{"@type":"ImageObject","inLanguage":"en-US","@id":"https:\/\/ranoja.ee\/#\/schema\/logo\/image\/","url":"https:\/\/ranoja.ee\/wp-content\/uploads\/2023\/11\/ranoja-Logo.png","contentUrl":"https:\/\/ranoja.ee\/wp-content\/uploads\/2023\/11\/ranoja-Logo.png","width":207,"height":58,"caption":"Ranoja O\u00dc"},"image":{"@id":"https:\/\/ranoja.ee\/#\/schema\/logo\/image\/"},"sameAs":["https:\/\/www.facebook.com\/ranoja.ee","https:\/\/www.instagram.com\/ranoja__\/"]}]}},"_links":{"self":[{"href":"https:\/\/ranoja.ee\/en\/wp-json\/wp\/v2\/product\/61578","targetHints":{"allow":["GET"]}}],"collection":[{"href":"https:\/\/ranoja.ee\/en\/wp-json\/wp\/v2\/product"}],"about":[{"href":"https:\/\/ranoja.ee\/en\/wp-json\/wp\/v2\/types\/product"}],"wp:featuredmedia":[{"embeddable":true,"href":"https:\/\/ranoja.ee\/en\/wp-json\/wp\/v2\/media\/61579"}],"wp:attachment":[{"href":"https:\/\/ranoja.ee\/en\/wp-json\/wp\/v2\/media?parent=61578"}],"wp:term":[{"taxonomy":"product_cat","embeddable":true,"href":"https:\/\/ranoja.ee\/en\/wp-json\/wp\/v2\/product_cat?post=61578"},{"taxonomy":"product_tag","embeddable":true,"href":"https:\/\/ranoja.ee\/en\/wp-json\/wp\/v2\/product_tag?post=61578"}],"curies":[{"name":"wp","href":"https:\/\/api.w.org\/{rel}","templated":true}]}}