{"id":61550,"date":"2026-03-17T02:30:53","date_gmt":"2026-03-16T23:30:53","guid":{"rendered":"https:\/\/ranoja.ee\/toode\/hudraulikaoli-hlp-46-208l-valvoline\/"},"modified":"2026-03-17T15:37:07","modified_gmt":"2026-03-17T12:37:07","slug":"hudraulikaoli-hlp-46-208l-valvoline","status":"publish","type":"product","link":"https:\/\/ranoja.ee\/en\/toode\/hudraulikaoli-hlp-46-208l-valvoline\/","title":{"rendered":"H\u00fcdraulika\u00f5li HLP 46 208L, Valvoline"},"content":{"rendered":"","protected":false},"excerpt":{"rendered":"<p>Valvoline HLP 46 on universaalne h\u00fcdraulika\u00f5li, mis tagab \u00fchtlase h\u00fcdraulikas\u00fcsteemi t\u00f6\u00f6 t\u00e4nu k\u00f5rgekvaliteedilisele mineraalsele baas\u00f5lile ja kulumisvastastele lisanditele.<br \/>\n>> Sobib kasutamiseks igat t\u00fc\u00fcpi h\u00fcdraulikas\u00fcteemides nagu t\u00f5steseadmed, ekskavaatorid, p\u00f5llumajandus tehnika, pressid, laadimissillad jms. Sobib ka m\u00f5nedesse metallit\u00f6\u00f6tlusmasinate h\u00fcdraulikas\u00fcsteemidesse ja t\u00f6\u00f6stuslike masinate tsirkulatsioonis\u00fcsteemidesse.<br \/>\n>> K\u00f5rgekvaliteediline baas\u00f5li ja spetsiaalsed lisandid kaitsevad korrosiooni, vahutamise ja  saasteainete kogunemise eest.<br \/>\n>> Talub lekkivatest tihenditest \u00f5hu kaudu levivat v\u00e4ikest kogust t\u00f6\u00f6stuslikku tolmu.<br \/>\n>> Niiskes keskkonnas kaitseb \u00f5li h\u00fcdraulikas\u00fcsteemi rooste ja korrosiooni eest. <br \/>\n>> T\u00e4nu v\u00e4ga heale viskoossusp\u00fcsivusele s\u00e4ilitab oma omadused ja on stabiilsete viskoossus &#8211; temperatuuri n\u00e4itajatega kogu kasutusaja v\u00e4ltel.<br \/>\nT\u00e4idab n\u00f5uded:<br \/>\nISO 11158 HM<br \/>\nDIN 51524 Part 2<\/p>\n","protected":false},"featured_media":61551,"template":"","meta":{"inline_featured_image":false},"product_cat":[5094,5012,5093],"product_tag":[],"class_list":{"0":"post-61550","1":"product","2":"type-product","3":"status-publish","4":"has-post-thumbnail","6":"product_brand-valvoline","7":"product_cat-hudraulikaolid","8":"product_cat-olid-ja-maardeained","9":"product_cat-toostusolid","11":"first","12":"instock","13":"purchasable","14":"product-type-simple"},"yoast_head":"<!-- This site is optimized with the Yoast SEO plugin v27.4 - https:\/\/yoast.com\/product\/yoast-seo-wordpress\/ -->\n<title>H\u00fcdraulika\u00f5li HLP 46 208L, Valvoline - Ranoja<\/title>\n<meta name=\"robots\" content=\"index, follow, max-snippet:-1, max-image-preview:large, max-video-preview:-1\" \/>\n<link rel=\"canonical\" href=\"https:\/\/ranoja.ee\/toode\/hudraulikaoli-hlp-46-208l-valvoline\/\" \/>\n<meta property=\"og:locale\" content=\"en_US\" \/>\n<meta property=\"og:type\" content=\"article\" \/>\n<meta property=\"og:title\" content=\"H\u00fcdraulika\u00f5li HLP 46 208L, Valvoline - Ranoja\" \/>\n<meta property=\"og:description\" content=\"Valvoline HLP 46 on universaalne h\u00fcdraulika\u00f5li, mis tagab \u00fchtlase h\u00fcdraulikas\u00fcsteemi t\u00f6\u00f6 t\u00e4nu k\u00f5rgekvaliteedilisele mineraalsele baas\u00f5lile ja kulumisvastastele lisanditele. &gt;&gt; Sobib kasutamiseks igat t\u00fc\u00fcpi h\u00fcdraulikas\u00fcteemides nagu t\u00f5steseadmed, ekskavaatorid, p\u00f5llumajandus tehnika, pressid, laadimissillad jms. Sobib ka m\u00f5nedesse metallit\u00f6\u00f6tlusmasinate h\u00fcdraulikas\u00fcsteemidesse ja t\u00f6\u00f6stuslike masinate tsirkulatsioonis\u00fcsteemidesse. &gt;&gt; K\u00f5rgekvaliteediline baas\u00f5li ja spetsiaalsed lisandid kaitsevad korrosiooni, vahutamise ja saasteainete kogunemise eest. &gt;&gt; Talub lekkivatest tihenditest \u00f5hu kaudu levivat v\u00e4ikest kogust t\u00f6\u00f6stuslikku tolmu. &gt;&gt; Niiskes keskkonnas kaitseb \u00f5li h\u00fcdraulikas\u00fcsteemi rooste ja korrosiooni eest. &gt;&gt; T\u00e4nu v\u00e4ga heale viskoossusp\u00fcsivusele s\u00e4ilitab oma omadused ja on stabiilsete viskoossus - temperatuuri n\u00e4itajatega kogu kasutusaja v\u00e4ltel. T\u00e4idab n\u00f5uded: ISO 11158 HM DIN 51524 Part 2\" \/>\n<meta property=\"og:url\" content=\"https:\/\/ranoja.ee\/toode\/hudraulikaoli-hlp-46-208l-valvoline\/\" \/>\n<meta property=\"og:site_name\" content=\"Ranoja\" \/>\n<meta property=\"article:publisher\" content=\"https:\/\/www.facebook.com\/ranoja.ee\" \/>\n<meta property=\"article:modified_time\" content=\"2026-03-17T12:37:07+00:00\" \/>\n<meta property=\"og:image\" content=\"https:\/\/ranoja.ee\/wp-content\/uploads\/2026\/03\/5638486119.jpg\" \/>\n\t<meta property=\"og:image:width\" content=\"384\" \/>\n\t<meta property=\"og:image:height\" content=\"384\" \/>\n\t<meta property=\"og:image:type\" content=\"image\/jpeg\" \/>\n<meta name=\"twitter:card\" content=\"summary_large_image\" \/>\n<script type=\"application\/ld+json\" class=\"yoast-schema-graph\">{\"@context\":\"https:\\\/\\\/schema.org\",\"@graph\":[{\"@type\":\"WebPage\",\"@id\":\"https:\\\/\\\/ranoja.ee\\\/toode\\\/hudraulikaoli-hlp-46-208l-valvoline\\\/\",\"url\":\"https:\\\/\\\/ranoja.ee\\\/toode\\\/hudraulikaoli-hlp-46-208l-valvoline\\\/\",\"name\":\"H\u00fcdraulika\u00f5li HLP 46 208L, Valvoline - Ranoja\",\"isPartOf\":{\"@id\":\"https:\\\/\\\/ranoja.ee\\\/#website\"},\"primaryImageOfPage\":{\"@id\":\"https:\\\/\\\/ranoja.ee\\\/toode\\\/hudraulikaoli-hlp-46-208l-valvoline\\\/#primaryimage\"},\"image\":{\"@id\":\"https:\\\/\\\/ranoja.ee\\\/toode\\\/hudraulikaoli-hlp-46-208l-valvoline\\\/#primaryimage\"},\"thumbnailUrl\":\"https:\\\/\\\/ranoja.ee\\\/wp-content\\\/uploads\\\/2026\\\/03\\\/5638486119.jpg\",\"datePublished\":\"2026-03-16T23:30:53+00:00\",\"dateModified\":\"2026-03-17T12:37:07+00:00\",\"breadcrumb\":{\"@id\":\"https:\\\/\\\/ranoja.ee\\\/toode\\\/hudraulikaoli-hlp-46-208l-valvoline\\\/#breadcrumb\"},\"inLanguage\":\"en-US\",\"potentialAction\":[{\"@type\":\"ReadAction\",\"target\":[\"https:\\\/\\\/ranoja.ee\\\/toode\\\/hudraulikaoli-hlp-46-208l-valvoline\\\/\"]}]},{\"@type\":\"ImageObject\",\"inLanguage\":\"en-US\",\"@id\":\"https:\\\/\\\/ranoja.ee\\\/toode\\\/hudraulikaoli-hlp-46-208l-valvoline\\\/#primaryimage\",\"url\":\"https:\\\/\\\/ranoja.ee\\\/wp-content\\\/uploads\\\/2026\\\/03\\\/5638486119.jpg\",\"contentUrl\":\"https:\\\/\\\/ranoja.ee\\\/wp-content\\\/uploads\\\/2026\\\/03\\\/5638486119.jpg\",\"width\":384,\"height\":384},{\"@type\":\"BreadcrumbList\",\"@id\":\"https:\\\/\\\/ranoja.ee\\\/toode\\\/hudraulikaoli-hlp-46-208l-valvoline\\\/#breadcrumb\",\"itemListElement\":[{\"@type\":\"ListItem\",\"position\":1,\"name\":\"Home\",\"item\":\"https:\\\/\\\/ranoja.ee\\\/\"},{\"@type\":\"ListItem\",\"position\":2,\"name\":\"Shop\",\"item\":\"https:\\\/\\\/ranoja.ee\\\/en\\\/shop\\\/\"},{\"@type\":\"ListItem\",\"position\":3,\"name\":\"H\u00fcdraulika\u00f5li HLP 46 208L, Valvoline\"}]},{\"@type\":\"WebSite\",\"@id\":\"https:\\\/\\\/ranoja.ee\\\/#website\",\"url\":\"https:\\\/\\\/ranoja.ee\\\/\",\"name\":\"Ranoja\",\"description\":\"Equipment Shop WooCommerce WordPress Theme for Machine &amp; Tools\",\"publisher\":{\"@id\":\"https:\\\/\\\/ranoja.ee\\\/#organization\"},\"potentialAction\":[{\"@type\":\"SearchAction\",\"target\":{\"@type\":\"EntryPoint\",\"urlTemplate\":\"https:\\\/\\\/ranoja.ee\\\/?s={search_term_string}\"},\"query-input\":{\"@type\":\"PropertyValueSpecification\",\"valueRequired\":true,\"valueName\":\"search_term_string\"}}],\"inLanguage\":\"en-US\"},{\"@type\":\"Organization\",\"@id\":\"https:\\\/\\\/ranoja.ee\\\/#organization\",\"name\":\"Ranoja O\u00dc\",\"url\":\"https:\\\/\\\/ranoja.ee\\\/\",\"logo\":{\"@type\":\"ImageObject\",\"inLanguage\":\"en-US\",\"@id\":\"https:\\\/\\\/ranoja.ee\\\/#\\\/schema\\\/logo\\\/image\\\/\",\"url\":\"https:\\\/\\\/ranoja.ee\\\/wp-content\\\/uploads\\\/2023\\\/11\\\/ranoja-Logo.png\",\"contentUrl\":\"https:\\\/\\\/ranoja.ee\\\/wp-content\\\/uploads\\\/2023\\\/11\\\/ranoja-Logo.png\",\"width\":207,\"height\":58,\"caption\":\"Ranoja O\u00dc\"},\"image\":{\"@id\":\"https:\\\/\\\/ranoja.ee\\\/#\\\/schema\\\/logo\\\/image\\\/\"},\"sameAs\":[\"https:\\\/\\\/www.facebook.com\\\/ranoja.ee\",\"https:\\\/\\\/www.instagram.com\\\/ranoja__\\\/\"]}]}<\/script>\n<!-- \/ Yoast SEO plugin. -->","yoast_head_json":{"title":"H\u00fcdraulika\u00f5li HLP 46 208L, Valvoline - Ranoja","robots":{"index":"index","follow":"follow","max-snippet":"max-snippet:-1","max-image-preview":"max-image-preview:large","max-video-preview":"max-video-preview:-1"},"canonical":"https:\/\/ranoja.ee\/toode\/hudraulikaoli-hlp-46-208l-valvoline\/","og_locale":"en_US","og_type":"article","og_title":"H\u00fcdraulika\u00f5li HLP 46 208L, Valvoline - Ranoja","og_description":"Valvoline HLP 46 on universaalne h\u00fcdraulika\u00f5li, mis tagab \u00fchtlase h\u00fcdraulikas\u00fcsteemi t\u00f6\u00f6 t\u00e4nu k\u00f5rgekvaliteedilisele mineraalsele baas\u00f5lile ja kulumisvastastele lisanditele. >> Sobib kasutamiseks igat t\u00fc\u00fcpi h\u00fcdraulikas\u00fcteemides nagu t\u00f5steseadmed, ekskavaatorid, p\u00f5llumajandus tehnika, pressid, laadimissillad jms. Sobib ka m\u00f5nedesse metallit\u00f6\u00f6tlusmasinate h\u00fcdraulikas\u00fcsteemidesse ja t\u00f6\u00f6stuslike masinate tsirkulatsioonis\u00fcsteemidesse. >> K\u00f5rgekvaliteediline baas\u00f5li ja spetsiaalsed lisandid kaitsevad korrosiooni, vahutamise ja saasteainete kogunemise eest. >> Talub lekkivatest tihenditest \u00f5hu kaudu levivat v\u00e4ikest kogust t\u00f6\u00f6stuslikku tolmu. >> Niiskes keskkonnas kaitseb \u00f5li h\u00fcdraulikas\u00fcsteemi rooste ja korrosiooni eest. >> T\u00e4nu v\u00e4ga heale viskoossusp\u00fcsivusele s\u00e4ilitab oma omadused ja on stabiilsete viskoossus - temperatuuri n\u00e4itajatega kogu kasutusaja v\u00e4ltel. T\u00e4idab n\u00f5uded: ISO 11158 HM DIN 51524 Part 2","og_url":"https:\/\/ranoja.ee\/toode\/hudraulikaoli-hlp-46-208l-valvoline\/","og_site_name":"Ranoja","article_publisher":"https:\/\/www.facebook.com\/ranoja.ee","article_modified_time":"2026-03-17T12:37:07+00:00","og_image":[{"width":384,"height":384,"url":"https:\/\/ranoja.ee\/wp-content\/uploads\/2026\/03\/5638486119.jpg","type":"image\/jpeg"}],"twitter_card":"summary_large_image","schema":{"@context":"https:\/\/schema.org","@graph":[{"@type":"WebPage","@id":"https:\/\/ranoja.ee\/toode\/hudraulikaoli-hlp-46-208l-valvoline\/","url":"https:\/\/ranoja.ee\/toode\/hudraulikaoli-hlp-46-208l-valvoline\/","name":"H\u00fcdraulika\u00f5li HLP 46 208L, Valvoline - Ranoja","isPartOf":{"@id":"https:\/\/ranoja.ee\/#website"},"primaryImageOfPage":{"@id":"https:\/\/ranoja.ee\/toode\/hudraulikaoli-hlp-46-208l-valvoline\/#primaryimage"},"image":{"@id":"https:\/\/ranoja.ee\/toode\/hudraulikaoli-hlp-46-208l-valvoline\/#primaryimage"},"thumbnailUrl":"https:\/\/ranoja.ee\/wp-content\/uploads\/2026\/03\/5638486119.jpg","datePublished":"2026-03-16T23:30:53+00:00","dateModified":"2026-03-17T12:37:07+00:00","breadcrumb":{"@id":"https:\/\/ranoja.ee\/toode\/hudraulikaoli-hlp-46-208l-valvoline\/#breadcrumb"},"inLanguage":"en-US","potentialAction":[{"@type":"ReadAction","target":["https:\/\/ranoja.ee\/toode\/hudraulikaoli-hlp-46-208l-valvoline\/"]}]},{"@type":"ImageObject","inLanguage":"en-US","@id":"https:\/\/ranoja.ee\/toode\/hudraulikaoli-hlp-46-208l-valvoline\/#primaryimage","url":"https:\/\/ranoja.ee\/wp-content\/uploads\/2026\/03\/5638486119.jpg","contentUrl":"https:\/\/ranoja.ee\/wp-content\/uploads\/2026\/03\/5638486119.jpg","width":384,"height":384},{"@type":"BreadcrumbList","@id":"https:\/\/ranoja.ee\/toode\/hudraulikaoli-hlp-46-208l-valvoline\/#breadcrumb","itemListElement":[{"@type":"ListItem","position":1,"name":"Home","item":"https:\/\/ranoja.ee\/"},{"@type":"ListItem","position":2,"name":"Shop","item":"https:\/\/ranoja.ee\/en\/shop\/"},{"@type":"ListItem","position":3,"name":"H\u00fcdraulika\u00f5li HLP 46 208L, Valvoline"}]},{"@type":"WebSite","@id":"https:\/\/ranoja.ee\/#website","url":"https:\/\/ranoja.ee\/","name":"Ranoja","description":"Equipment Shop WooCommerce WordPress Theme for Machine &amp; Tools","publisher":{"@id":"https:\/\/ranoja.ee\/#organization"},"potentialAction":[{"@type":"SearchAction","target":{"@type":"EntryPoint","urlTemplate":"https:\/\/ranoja.ee\/?s={search_term_string}"},"query-input":{"@type":"PropertyValueSpecification","valueRequired":true,"valueName":"search_term_string"}}],"inLanguage":"en-US"},{"@type":"Organization","@id":"https:\/\/ranoja.ee\/#organization","name":"Ranoja O\u00dc","url":"https:\/\/ranoja.ee\/","logo":{"@type":"ImageObject","inLanguage":"en-US","@id":"https:\/\/ranoja.ee\/#\/schema\/logo\/image\/","url":"https:\/\/ranoja.ee\/wp-content\/uploads\/2023\/11\/ranoja-Logo.png","contentUrl":"https:\/\/ranoja.ee\/wp-content\/uploads\/2023\/11\/ranoja-Logo.png","width":207,"height":58,"caption":"Ranoja O\u00dc"},"image":{"@id":"https:\/\/ranoja.ee\/#\/schema\/logo\/image\/"},"sameAs":["https:\/\/www.facebook.com\/ranoja.ee","https:\/\/www.instagram.com\/ranoja__\/"]}]}},"_links":{"self":[{"href":"https:\/\/ranoja.ee\/en\/wp-json\/wp\/v2\/product\/61550","targetHints":{"allow":["GET"]}}],"collection":[{"href":"https:\/\/ranoja.ee\/en\/wp-json\/wp\/v2\/product"}],"about":[{"href":"https:\/\/ranoja.ee\/en\/wp-json\/wp\/v2\/types\/product"}],"wp:featuredmedia":[{"embeddable":true,"href":"https:\/\/ranoja.ee\/en\/wp-json\/wp\/v2\/media\/61551"}],"wp:attachment":[{"href":"https:\/\/ranoja.ee\/en\/wp-json\/wp\/v2\/media?parent=61550"}],"wp:term":[{"taxonomy":"product_cat","embeddable":true,"href":"https:\/\/ranoja.ee\/en\/wp-json\/wp\/v2\/product_cat?post=61550"},{"taxonomy":"product_tag","embeddable":true,"href":"https:\/\/ranoja.ee\/en\/wp-json\/wp\/v2\/product_tag?post=61550"}],"curies":[{"name":"wp","href":"https:\/\/api.w.org\/{rel}","templated":true}]}}