{"id":61538,"date":"2026-03-17T02:30:30","date_gmt":"2026-03-16T23:30:30","guid":{"rendered":"https:\/\/ranoja.ee\/toode\/mootorioli-synpower-fe-5w20-20lbib-valvoline\/"},"modified":"2026-03-17T15:37:07","modified_gmt":"2026-03-17T12:37:07","slug":"mootorioli-synpower-fe-5w20-20lbib-valvoline","status":"publish","type":"product","link":"https:\/\/ranoja.ee\/en\/toode\/mootorioli-synpower-fe-5w20-20lbib-valvoline\/","title":{"rendered":"Mootori\u00f5li Synpower FE 5W20 20LBiB, Valvoline"},"content":{"rendered":"","protected":false},"excerpt":{"rendered":"<p>Mootori\u00f5lide absoluutne tipp. Toodetud t\u00e4iss\u00fcnteetilistest baas\u00f5lidest, kuhu on lisatatud k\u00f5rgtehnoloogilisi lisandeid. SynPower mootori\u00f5lid vastavad ja tegelikkuses \u00fcletavad pea k\u00f5iki n\u00f5udeid, mis \u00f5lidele on seatud autotootjate poolt. Sobib aastaringseks kasutamiseks nii tava- kui ka turbolaaduriga diisel-, gaasi- ja bensiinimootoritele s\u00f5iduatode ja pakibusside  mootorites.<br \/>\nSpetsaalselt v\u00e4lja t\u00f6\u00f6tatud kaasegsetele Ford Ecoboost mootoritele. <br \/>\nAPI:SN<br \/>\nACEA C5<br \/>\nFord WSS-M2C948-B garantiihoodeks<br \/>\nSobib tagasiulatuvalt kasutamiseks Ford mootoritele kus on n\u00f5utud M2C913-B &#038; C ja M2C925-B.<br \/>\nJaguar Land Rover STJLR.03.5004<\/p>\n","protected":false},"featured_media":61539,"template":"","meta":{"inline_featured_image":false},"product_cat":[5012,5033,5032],"product_tag":[],"class_list":{"0":"post-61538","1":"product","2":"type-product","3":"status-publish","4":"has-post-thumbnail","6":"product_brand-valvoline","7":"product_cat-olid-ja-maardeained","8":"product_cat-soiduautode-ja-tarbesoidukite-taissunteetilised-mootoriolid","9":"product_cat-soiduautode-mootoriolid","11":"first","12":"instock","13":"purchasable","14":"product-type-simple"},"yoast_head":"<!-- This site is optimized with the Yoast SEO plugin v27.4 - https:\/\/yoast.com\/product\/yoast-seo-wordpress\/ -->\n<title>Mootori\u00f5li Synpower FE 5W20 20LBiB, Valvoline - Ranoja<\/title>\n<meta name=\"robots\" content=\"index, follow, max-snippet:-1, max-image-preview:large, max-video-preview:-1\" \/>\n<link rel=\"canonical\" href=\"https:\/\/ranoja.ee\/toode\/mootorioli-synpower-fe-5w20-20lbib-valvoline\/\" \/>\n<meta property=\"og:locale\" content=\"en_US\" \/>\n<meta property=\"og:type\" content=\"article\" \/>\n<meta property=\"og:title\" content=\"Mootori\u00f5li Synpower FE 5W20 20LBiB, Valvoline - Ranoja\" \/>\n<meta property=\"og:description\" content=\"Mootori\u00f5lide absoluutne tipp. Toodetud t\u00e4iss\u00fcnteetilistest baas\u00f5lidest, kuhu on lisatatud k\u00f5rgtehnoloogilisi lisandeid. SynPower mootori\u00f5lid vastavad ja tegelikkuses \u00fcletavad pea k\u00f5iki n\u00f5udeid, mis \u00f5lidele on seatud autotootjate poolt. Sobib aastaringseks kasutamiseks nii tava- kui ka turbolaaduriga diisel-, gaasi- ja bensiinimootoritele s\u00f5iduatode ja pakibusside mootorites. Spetsaalselt v\u00e4lja t\u00f6\u00f6tatud kaasegsetele Ford Ecoboost mootoritele. API:SN ACEA C5 Ford WSS-M2C948-B garantiihoodeks Sobib tagasiulatuvalt kasutamiseks Ford mootoritele kus on n\u00f5utud M2C913-B &amp; C ja M2C925-B. Jaguar Land Rover STJLR.03.5004\" \/>\n<meta property=\"og:url\" content=\"https:\/\/ranoja.ee\/toode\/mootorioli-synpower-fe-5w20-20lbib-valvoline\/\" \/>\n<meta property=\"og:site_name\" content=\"Ranoja\" \/>\n<meta property=\"article:publisher\" content=\"https:\/\/www.facebook.com\/ranoja.ee\" \/>\n<meta property=\"article:modified_time\" content=\"2026-03-17T12:37:07+00:00\" \/>\n<meta property=\"og:image\" content=\"https:\/\/ranoja.ee\/wp-content\/uploads\/2026\/03\/5638139684.png\" \/>\n\t<meta property=\"og:image:width\" content=\"448\" \/>\n\t<meta property=\"og:image:height\" content=\"429\" \/>\n\t<meta property=\"og:image:type\" content=\"image\/png\" \/>\n<meta name=\"twitter:card\" content=\"summary_large_image\" \/>\n<script type=\"application\/ld+json\" class=\"yoast-schema-graph\">{\"@context\":\"https:\\\/\\\/schema.org\",\"@graph\":[{\"@type\":\"WebPage\",\"@id\":\"https:\\\/\\\/ranoja.ee\\\/toode\\\/mootorioli-synpower-fe-5w20-20lbib-valvoline\\\/\",\"url\":\"https:\\\/\\\/ranoja.ee\\\/toode\\\/mootorioli-synpower-fe-5w20-20lbib-valvoline\\\/\",\"name\":\"Mootori\u00f5li Synpower FE 5W20 20LBiB, Valvoline - Ranoja\",\"isPartOf\":{\"@id\":\"https:\\\/\\\/ranoja.ee\\\/#website\"},\"primaryImageOfPage\":{\"@id\":\"https:\\\/\\\/ranoja.ee\\\/toode\\\/mootorioli-synpower-fe-5w20-20lbib-valvoline\\\/#primaryimage\"},\"image\":{\"@id\":\"https:\\\/\\\/ranoja.ee\\\/toode\\\/mootorioli-synpower-fe-5w20-20lbib-valvoline\\\/#primaryimage\"},\"thumbnailUrl\":\"https:\\\/\\\/ranoja.ee\\\/wp-content\\\/uploads\\\/2026\\\/03\\\/5638139684.png\",\"datePublished\":\"2026-03-16T23:30:30+00:00\",\"dateModified\":\"2026-03-17T12:37:07+00:00\",\"breadcrumb\":{\"@id\":\"https:\\\/\\\/ranoja.ee\\\/toode\\\/mootorioli-synpower-fe-5w20-20lbib-valvoline\\\/#breadcrumb\"},\"inLanguage\":\"en-US\",\"potentialAction\":[{\"@type\":\"ReadAction\",\"target\":[\"https:\\\/\\\/ranoja.ee\\\/toode\\\/mootorioli-synpower-fe-5w20-20lbib-valvoline\\\/\"]}]},{\"@type\":\"ImageObject\",\"inLanguage\":\"en-US\",\"@id\":\"https:\\\/\\\/ranoja.ee\\\/toode\\\/mootorioli-synpower-fe-5w20-20lbib-valvoline\\\/#primaryimage\",\"url\":\"https:\\\/\\\/ranoja.ee\\\/wp-content\\\/uploads\\\/2026\\\/03\\\/5638139684.png\",\"contentUrl\":\"https:\\\/\\\/ranoja.ee\\\/wp-content\\\/uploads\\\/2026\\\/03\\\/5638139684.png\",\"width\":448,\"height\":429},{\"@type\":\"BreadcrumbList\",\"@id\":\"https:\\\/\\\/ranoja.ee\\\/toode\\\/mootorioli-synpower-fe-5w20-20lbib-valvoline\\\/#breadcrumb\",\"itemListElement\":[{\"@type\":\"ListItem\",\"position\":1,\"name\":\"Home\",\"item\":\"https:\\\/\\\/ranoja.ee\\\/\"},{\"@type\":\"ListItem\",\"position\":2,\"name\":\"Shop\",\"item\":\"https:\\\/\\\/ranoja.ee\\\/en\\\/shop\\\/\"},{\"@type\":\"ListItem\",\"position\":3,\"name\":\"Mootori\u00f5li Synpower FE 5W20 20LBiB, Valvoline\"}]},{\"@type\":\"WebSite\",\"@id\":\"https:\\\/\\\/ranoja.ee\\\/#website\",\"url\":\"https:\\\/\\\/ranoja.ee\\\/\",\"name\":\"Ranoja\",\"description\":\"Equipment Shop WooCommerce WordPress Theme for Machine &amp; Tools\",\"publisher\":{\"@id\":\"https:\\\/\\\/ranoja.ee\\\/#organization\"},\"potentialAction\":[{\"@type\":\"SearchAction\",\"target\":{\"@type\":\"EntryPoint\",\"urlTemplate\":\"https:\\\/\\\/ranoja.ee\\\/?s={search_term_string}\"},\"query-input\":{\"@type\":\"PropertyValueSpecification\",\"valueRequired\":true,\"valueName\":\"search_term_string\"}}],\"inLanguage\":\"en-US\"},{\"@type\":\"Organization\",\"@id\":\"https:\\\/\\\/ranoja.ee\\\/#organization\",\"name\":\"Ranoja O\u00dc\",\"url\":\"https:\\\/\\\/ranoja.ee\\\/\",\"logo\":{\"@type\":\"ImageObject\",\"inLanguage\":\"en-US\",\"@id\":\"https:\\\/\\\/ranoja.ee\\\/#\\\/schema\\\/logo\\\/image\\\/\",\"url\":\"https:\\\/\\\/ranoja.ee\\\/wp-content\\\/uploads\\\/2023\\\/11\\\/ranoja-Logo.png\",\"contentUrl\":\"https:\\\/\\\/ranoja.ee\\\/wp-content\\\/uploads\\\/2023\\\/11\\\/ranoja-Logo.png\",\"width\":207,\"height\":58,\"caption\":\"Ranoja O\u00dc\"},\"image\":{\"@id\":\"https:\\\/\\\/ranoja.ee\\\/#\\\/schema\\\/logo\\\/image\\\/\"},\"sameAs\":[\"https:\\\/\\\/www.facebook.com\\\/ranoja.ee\",\"https:\\\/\\\/www.instagram.com\\\/ranoja__\\\/\"]}]}<\/script>\n<!-- \/ Yoast SEO plugin. -->","yoast_head_json":{"title":"Mootori\u00f5li Synpower FE 5W20 20LBiB, Valvoline - Ranoja","robots":{"index":"index","follow":"follow","max-snippet":"max-snippet:-1","max-image-preview":"max-image-preview:large","max-video-preview":"max-video-preview:-1"},"canonical":"https:\/\/ranoja.ee\/toode\/mootorioli-synpower-fe-5w20-20lbib-valvoline\/","og_locale":"en_US","og_type":"article","og_title":"Mootori\u00f5li Synpower FE 5W20 20LBiB, Valvoline - Ranoja","og_description":"Mootori\u00f5lide absoluutne tipp. Toodetud t\u00e4iss\u00fcnteetilistest baas\u00f5lidest, kuhu on lisatatud k\u00f5rgtehnoloogilisi lisandeid. SynPower mootori\u00f5lid vastavad ja tegelikkuses \u00fcletavad pea k\u00f5iki n\u00f5udeid, mis \u00f5lidele on seatud autotootjate poolt. Sobib aastaringseks kasutamiseks nii tava- kui ka turbolaaduriga diisel-, gaasi- ja bensiinimootoritele s\u00f5iduatode ja pakibusside mootorites. Spetsaalselt v\u00e4lja t\u00f6\u00f6tatud kaasegsetele Ford Ecoboost mootoritele. API:SN ACEA C5 Ford WSS-M2C948-B garantiihoodeks Sobib tagasiulatuvalt kasutamiseks Ford mootoritele kus on n\u00f5utud M2C913-B & C ja M2C925-B. Jaguar Land Rover STJLR.03.5004","og_url":"https:\/\/ranoja.ee\/toode\/mootorioli-synpower-fe-5w20-20lbib-valvoline\/","og_site_name":"Ranoja","article_publisher":"https:\/\/www.facebook.com\/ranoja.ee","article_modified_time":"2026-03-17T12:37:07+00:00","og_image":[{"width":448,"height":429,"url":"https:\/\/ranoja.ee\/wp-content\/uploads\/2026\/03\/5638139684.png","type":"image\/png"}],"twitter_card":"summary_large_image","schema":{"@context":"https:\/\/schema.org","@graph":[{"@type":"WebPage","@id":"https:\/\/ranoja.ee\/toode\/mootorioli-synpower-fe-5w20-20lbib-valvoline\/","url":"https:\/\/ranoja.ee\/toode\/mootorioli-synpower-fe-5w20-20lbib-valvoline\/","name":"Mootori\u00f5li Synpower FE 5W20 20LBiB, Valvoline - Ranoja","isPartOf":{"@id":"https:\/\/ranoja.ee\/#website"},"primaryImageOfPage":{"@id":"https:\/\/ranoja.ee\/toode\/mootorioli-synpower-fe-5w20-20lbib-valvoline\/#primaryimage"},"image":{"@id":"https:\/\/ranoja.ee\/toode\/mootorioli-synpower-fe-5w20-20lbib-valvoline\/#primaryimage"},"thumbnailUrl":"https:\/\/ranoja.ee\/wp-content\/uploads\/2026\/03\/5638139684.png","datePublished":"2026-03-16T23:30:30+00:00","dateModified":"2026-03-17T12:37:07+00:00","breadcrumb":{"@id":"https:\/\/ranoja.ee\/toode\/mootorioli-synpower-fe-5w20-20lbib-valvoline\/#breadcrumb"},"inLanguage":"en-US","potentialAction":[{"@type":"ReadAction","target":["https:\/\/ranoja.ee\/toode\/mootorioli-synpower-fe-5w20-20lbib-valvoline\/"]}]},{"@type":"ImageObject","inLanguage":"en-US","@id":"https:\/\/ranoja.ee\/toode\/mootorioli-synpower-fe-5w20-20lbib-valvoline\/#primaryimage","url":"https:\/\/ranoja.ee\/wp-content\/uploads\/2026\/03\/5638139684.png","contentUrl":"https:\/\/ranoja.ee\/wp-content\/uploads\/2026\/03\/5638139684.png","width":448,"height":429},{"@type":"BreadcrumbList","@id":"https:\/\/ranoja.ee\/toode\/mootorioli-synpower-fe-5w20-20lbib-valvoline\/#breadcrumb","itemListElement":[{"@type":"ListItem","position":1,"name":"Home","item":"https:\/\/ranoja.ee\/"},{"@type":"ListItem","position":2,"name":"Shop","item":"https:\/\/ranoja.ee\/en\/shop\/"},{"@type":"ListItem","position":3,"name":"Mootori\u00f5li Synpower FE 5W20 20LBiB, Valvoline"}]},{"@type":"WebSite","@id":"https:\/\/ranoja.ee\/#website","url":"https:\/\/ranoja.ee\/","name":"Ranoja","description":"Equipment Shop WooCommerce WordPress Theme for Machine &amp; Tools","publisher":{"@id":"https:\/\/ranoja.ee\/#organization"},"potentialAction":[{"@type":"SearchAction","target":{"@type":"EntryPoint","urlTemplate":"https:\/\/ranoja.ee\/?s={search_term_string}"},"query-input":{"@type":"PropertyValueSpecification","valueRequired":true,"valueName":"search_term_string"}}],"inLanguage":"en-US"},{"@type":"Organization","@id":"https:\/\/ranoja.ee\/#organization","name":"Ranoja O\u00dc","url":"https:\/\/ranoja.ee\/","logo":{"@type":"ImageObject","inLanguage":"en-US","@id":"https:\/\/ranoja.ee\/#\/schema\/logo\/image\/","url":"https:\/\/ranoja.ee\/wp-content\/uploads\/2023\/11\/ranoja-Logo.png","contentUrl":"https:\/\/ranoja.ee\/wp-content\/uploads\/2023\/11\/ranoja-Logo.png","width":207,"height":58,"caption":"Ranoja O\u00dc"},"image":{"@id":"https:\/\/ranoja.ee\/#\/schema\/logo\/image\/"},"sameAs":["https:\/\/www.facebook.com\/ranoja.ee","https:\/\/www.instagram.com\/ranoja__\/"]}]}},"_links":{"self":[{"href":"https:\/\/ranoja.ee\/en\/wp-json\/wp\/v2\/product\/61538","targetHints":{"allow":["GET"]}}],"collection":[{"href":"https:\/\/ranoja.ee\/en\/wp-json\/wp\/v2\/product"}],"about":[{"href":"https:\/\/ranoja.ee\/en\/wp-json\/wp\/v2\/types\/product"}],"wp:featuredmedia":[{"embeddable":true,"href":"https:\/\/ranoja.ee\/en\/wp-json\/wp\/v2\/media\/61539"}],"wp:attachment":[{"href":"https:\/\/ranoja.ee\/en\/wp-json\/wp\/v2\/media?parent=61538"}],"wp:term":[{"taxonomy":"product_cat","embeddable":true,"href":"https:\/\/ranoja.ee\/en\/wp-json\/wp\/v2\/product_cat?post=61538"},{"taxonomy":"product_tag","embeddable":true,"href":"https:\/\/ranoja.ee\/en\/wp-json\/wp\/v2\/product_tag?post=61538"}],"curies":[{"name":"wp","href":"https:\/\/api.w.org\/{rel}","templated":true}]}}