{"id":61520,"date":"2026-03-18T17:10:01","date_gmt":"2026-03-18T14:10:01","guid":{"rendered":"https:\/\/ranoja.ee\/toode\/virtuaalpiire-2x-5m-v3-robotile-sunseeker\/"},"modified":"2026-03-18T17:10:01","modified_gmt":"2026-03-18T14:10:01","slug":"virtuaalpiire-2x-5m-v3-robotile-sunseeker","status":"publish","type":"product","link":"https:\/\/ranoja.ee\/en\/toode\/virtuaalpiire-2x-5m-v3-robotile-sunseeker\/","title":{"rendered":"Virtuaalpiire 2x 5m V3 robotile, Sunseeker"},"content":{"rendered":"","protected":false},"excerpt":{"rendered":"<p>2&#215;5 m magnetriba komplekt \u2013 kindel kaitse peenardele ja piirdele<br \/>\nM\u00e4\u00e4rake oma robotniiduki jaoks keelatud alad! Sunseekeri magnetribadega saate h\u00f5lpsalt eraldada muru lillepeenardest, muldkehadest v\u00f5i naaberkinnistutest. Teie Sunseeker V3 ja V3 Plus robotniiduk tunneb \u00e4ra m\u00e4rgised ja v\u00e4ldib neid alasid usaldusv\u00e4\u00e4rselt.<\/p>\n<p>Sunseeker magnetribade eelised:<br \/>\n\u2714 T\u00e4pne piir \u2013 takistab soovimatutesse tsoonidesse s\u00f5itmist<br \/>\n\u2714 Lihtne paigaldus \u2013 magnetribad kinnitatakse kiiresti ja kindlalt<br \/>\n\u2714 \u00dchildub Sunseeker V3 ja V3 Plusiga \u2013 sobib teie niidus\u00fcsteemiga optimaalselt<br \/>\n\u2714 Peenarde ja radade kaitse \u2013 hoiab robotniidukit usaldusv\u00e4\u00e4rselt selleks ette n\u00e4htud kohas<\/p>\n<p>Tarnekomplekt:<br \/>\n2&#215;5 meetrit magnetriba<br \/>\n20x kinnitustihvtid ja 4x \u00fchenduselemendid kiireks kokkupanekuks<\/p>\n","protected":false},"featured_media":61521,"template":"","meta":{"inline_featured_image":false},"product_cat":[1079,5085,1080,5187],"product_tag":[],"class_list":{"0":"post-61520","1":"product","2":"type-product","3":"status-publish","4":"has-post-thumbnail","6":"product_brand-sunseeker","7":"product_cat-aiatehnika-ja-niidutehnika","8":"product_cat-aiatehnika-ja-tooriistad","9":"product_cat-robotniidukid","10":"product_cat-robotniidukite-lisavarustus","12":"first","13":"instock","14":"purchasable","15":"product-type-simple"},"yoast_head":"<!-- This site is optimized with the Yoast SEO plugin v27.4 - https:\/\/yoast.com\/product\/yoast-seo-wordpress\/ -->\n<title>Virtuaalpiire 2x 5m V3 robotile, Sunseeker - Ranoja<\/title>\n<meta name=\"robots\" content=\"index, follow, max-snippet:-1, max-image-preview:large, max-video-preview:-1\" \/>\n<link rel=\"canonical\" href=\"https:\/\/ranoja.ee\/toode\/virtuaalpiire-2x-5m-v3-robotile-sunseeker\/\" \/>\n<meta property=\"og:locale\" content=\"en_US\" \/>\n<meta property=\"og:type\" content=\"article\" \/>\n<meta property=\"og:title\" content=\"Virtuaalpiire 2x 5m V3 robotile, Sunseeker - Ranoja\" \/>\n<meta property=\"og:description\" content=\"2x5 m magnetriba komplekt \u2013 kindel kaitse peenardele ja piirdele M\u00e4\u00e4rake oma robotniiduki jaoks keelatud alad! Sunseekeri magnetribadega saate h\u00f5lpsalt eraldada muru lillepeenardest, muldkehadest v\u00f5i naaberkinnistutest. Teie Sunseeker V3 ja V3 Plus robotniiduk tunneb \u00e4ra m\u00e4rgised ja v\u00e4ldib neid alasid usaldusv\u00e4\u00e4rselt. Sunseeker magnetribade eelised: \u2714 T\u00e4pne piir \u2013 takistab soovimatutesse tsoonidesse s\u00f5itmist \u2714 Lihtne paigaldus \u2013 magnetribad kinnitatakse kiiresti ja kindlalt \u2714 \u00dchildub Sunseeker V3 ja V3 Plusiga \u2013 sobib teie niidus\u00fcsteemiga optimaalselt \u2714 Peenarde ja radade kaitse \u2013 hoiab robotniidukit usaldusv\u00e4\u00e4rselt selleks ette n\u00e4htud kohas Tarnekomplekt: 2x5 meetrit magnetriba 20x kinnitustihvtid ja 4x \u00fchenduselemendid kiireks kokkupanekuks\" \/>\n<meta property=\"og:url\" content=\"https:\/\/ranoja.ee\/toode\/virtuaalpiire-2x-5m-v3-robotile-sunseeker\/\" \/>\n<meta property=\"og:site_name\" content=\"Ranoja\" \/>\n<meta property=\"article:publisher\" content=\"https:\/\/www.facebook.com\/ranoja.ee\" \/>\n<meta property=\"og:image\" content=\"https:\/\/ranoja.ee\/wp-content\/uploads\/2026\/03\/5638187126.jpg\" \/>\n\t<meta property=\"og:image:width\" content=\"900\" \/>\n\t<meta property=\"og:image:height\" content=\"801\" \/>\n\t<meta property=\"og:image:type\" content=\"image\/jpeg\" \/>\n<meta name=\"twitter:card\" content=\"summary_large_image\" \/>\n<script type=\"application\/ld+json\" class=\"yoast-schema-graph\">{\"@context\":\"https:\\\/\\\/schema.org\",\"@graph\":[{\"@type\":\"WebPage\",\"@id\":\"https:\\\/\\\/ranoja.ee\\\/toode\\\/virtuaalpiire-2x-5m-v3-robotile-sunseeker\\\/\",\"url\":\"https:\\\/\\\/ranoja.ee\\\/toode\\\/virtuaalpiire-2x-5m-v3-robotile-sunseeker\\\/\",\"name\":\"Virtuaalpiire 2x 5m V3 robotile, Sunseeker - Ranoja\",\"isPartOf\":{\"@id\":\"https:\\\/\\\/ranoja.ee\\\/#website\"},\"primaryImageOfPage\":{\"@id\":\"https:\\\/\\\/ranoja.ee\\\/toode\\\/virtuaalpiire-2x-5m-v3-robotile-sunseeker\\\/#primaryimage\"},\"image\":{\"@id\":\"https:\\\/\\\/ranoja.ee\\\/toode\\\/virtuaalpiire-2x-5m-v3-robotile-sunseeker\\\/#primaryimage\"},\"thumbnailUrl\":\"https:\\\/\\\/ranoja.ee\\\/wp-content\\\/uploads\\\/2026\\\/03\\\/5638187126.jpg\",\"datePublished\":\"2026-03-18T14:10:01+00:00\",\"breadcrumb\":{\"@id\":\"https:\\\/\\\/ranoja.ee\\\/toode\\\/virtuaalpiire-2x-5m-v3-robotile-sunseeker\\\/#breadcrumb\"},\"inLanguage\":\"en-US\",\"potentialAction\":[{\"@type\":\"ReadAction\",\"target\":[\"https:\\\/\\\/ranoja.ee\\\/toode\\\/virtuaalpiire-2x-5m-v3-robotile-sunseeker\\\/\"]}]},{\"@type\":\"ImageObject\",\"inLanguage\":\"en-US\",\"@id\":\"https:\\\/\\\/ranoja.ee\\\/toode\\\/virtuaalpiire-2x-5m-v3-robotile-sunseeker\\\/#primaryimage\",\"url\":\"https:\\\/\\\/ranoja.ee\\\/wp-content\\\/uploads\\\/2026\\\/03\\\/5638187126.jpg\",\"contentUrl\":\"https:\\\/\\\/ranoja.ee\\\/wp-content\\\/uploads\\\/2026\\\/03\\\/5638187126.jpg\",\"width\":900,\"height\":801},{\"@type\":\"BreadcrumbList\",\"@id\":\"https:\\\/\\\/ranoja.ee\\\/toode\\\/virtuaalpiire-2x-5m-v3-robotile-sunseeker\\\/#breadcrumb\",\"itemListElement\":[{\"@type\":\"ListItem\",\"position\":1,\"name\":\"Home\",\"item\":\"https:\\\/\\\/ranoja.ee\\\/\"},{\"@type\":\"ListItem\",\"position\":2,\"name\":\"Shop\",\"item\":\"https:\\\/\\\/ranoja.ee\\\/en\\\/shop\\\/\"},{\"@type\":\"ListItem\",\"position\":3,\"name\":\"Virtuaalpiire 2x 5m V3 robotile, Sunseeker\"}]},{\"@type\":\"WebSite\",\"@id\":\"https:\\\/\\\/ranoja.ee\\\/#website\",\"url\":\"https:\\\/\\\/ranoja.ee\\\/\",\"name\":\"Ranoja\",\"description\":\"Equipment Shop WooCommerce WordPress Theme for Machine &amp; Tools\",\"publisher\":{\"@id\":\"https:\\\/\\\/ranoja.ee\\\/#organization\"},\"potentialAction\":[{\"@type\":\"SearchAction\",\"target\":{\"@type\":\"EntryPoint\",\"urlTemplate\":\"https:\\\/\\\/ranoja.ee\\\/?s={search_term_string}\"},\"query-input\":{\"@type\":\"PropertyValueSpecification\",\"valueRequired\":true,\"valueName\":\"search_term_string\"}}],\"inLanguage\":\"en-US\"},{\"@type\":\"Organization\",\"@id\":\"https:\\\/\\\/ranoja.ee\\\/#organization\",\"name\":\"Ranoja O\u00dc\",\"url\":\"https:\\\/\\\/ranoja.ee\\\/\",\"logo\":{\"@type\":\"ImageObject\",\"inLanguage\":\"en-US\",\"@id\":\"https:\\\/\\\/ranoja.ee\\\/#\\\/schema\\\/logo\\\/image\\\/\",\"url\":\"https:\\\/\\\/ranoja.ee\\\/wp-content\\\/uploads\\\/2023\\\/11\\\/ranoja-Logo.png\",\"contentUrl\":\"https:\\\/\\\/ranoja.ee\\\/wp-content\\\/uploads\\\/2023\\\/11\\\/ranoja-Logo.png\",\"width\":207,\"height\":58,\"caption\":\"Ranoja O\u00dc\"},\"image\":{\"@id\":\"https:\\\/\\\/ranoja.ee\\\/#\\\/schema\\\/logo\\\/image\\\/\"},\"sameAs\":[\"https:\\\/\\\/www.facebook.com\\\/ranoja.ee\",\"https:\\\/\\\/www.instagram.com\\\/ranoja__\\\/\"]}]}<\/script>\n<!-- \/ Yoast SEO plugin. -->","yoast_head_json":{"title":"Virtuaalpiire 2x 5m V3 robotile, Sunseeker - Ranoja","robots":{"index":"index","follow":"follow","max-snippet":"max-snippet:-1","max-image-preview":"max-image-preview:large","max-video-preview":"max-video-preview:-1"},"canonical":"https:\/\/ranoja.ee\/toode\/virtuaalpiire-2x-5m-v3-robotile-sunseeker\/","og_locale":"en_US","og_type":"article","og_title":"Virtuaalpiire 2x 5m V3 robotile, Sunseeker - Ranoja","og_description":"2x5 m magnetriba komplekt \u2013 kindel kaitse peenardele ja piirdele M\u00e4\u00e4rake oma robotniiduki jaoks keelatud alad! Sunseekeri magnetribadega saate h\u00f5lpsalt eraldada muru lillepeenardest, muldkehadest v\u00f5i naaberkinnistutest. Teie Sunseeker V3 ja V3 Plus robotniiduk tunneb \u00e4ra m\u00e4rgised ja v\u00e4ldib neid alasid usaldusv\u00e4\u00e4rselt. Sunseeker magnetribade eelised: \u2714 T\u00e4pne piir \u2013 takistab soovimatutesse tsoonidesse s\u00f5itmist \u2714 Lihtne paigaldus \u2013 magnetribad kinnitatakse kiiresti ja kindlalt \u2714 \u00dchildub Sunseeker V3 ja V3 Plusiga \u2013 sobib teie niidus\u00fcsteemiga optimaalselt \u2714 Peenarde ja radade kaitse \u2013 hoiab robotniidukit usaldusv\u00e4\u00e4rselt selleks ette n\u00e4htud kohas Tarnekomplekt: 2x5 meetrit magnetriba 20x kinnitustihvtid ja 4x \u00fchenduselemendid kiireks kokkupanekuks","og_url":"https:\/\/ranoja.ee\/toode\/virtuaalpiire-2x-5m-v3-robotile-sunseeker\/","og_site_name":"Ranoja","article_publisher":"https:\/\/www.facebook.com\/ranoja.ee","og_image":[{"width":900,"height":801,"url":"https:\/\/ranoja.ee\/wp-content\/uploads\/2026\/03\/5638187126.jpg","type":"image\/jpeg"}],"twitter_card":"summary_large_image","schema":{"@context":"https:\/\/schema.org","@graph":[{"@type":"WebPage","@id":"https:\/\/ranoja.ee\/toode\/virtuaalpiire-2x-5m-v3-robotile-sunseeker\/","url":"https:\/\/ranoja.ee\/toode\/virtuaalpiire-2x-5m-v3-robotile-sunseeker\/","name":"Virtuaalpiire 2x 5m V3 robotile, Sunseeker - Ranoja","isPartOf":{"@id":"https:\/\/ranoja.ee\/#website"},"primaryImageOfPage":{"@id":"https:\/\/ranoja.ee\/toode\/virtuaalpiire-2x-5m-v3-robotile-sunseeker\/#primaryimage"},"image":{"@id":"https:\/\/ranoja.ee\/toode\/virtuaalpiire-2x-5m-v3-robotile-sunseeker\/#primaryimage"},"thumbnailUrl":"https:\/\/ranoja.ee\/wp-content\/uploads\/2026\/03\/5638187126.jpg","datePublished":"2026-03-18T14:10:01+00:00","breadcrumb":{"@id":"https:\/\/ranoja.ee\/toode\/virtuaalpiire-2x-5m-v3-robotile-sunseeker\/#breadcrumb"},"inLanguage":"en-US","potentialAction":[{"@type":"ReadAction","target":["https:\/\/ranoja.ee\/toode\/virtuaalpiire-2x-5m-v3-robotile-sunseeker\/"]}]},{"@type":"ImageObject","inLanguage":"en-US","@id":"https:\/\/ranoja.ee\/toode\/virtuaalpiire-2x-5m-v3-robotile-sunseeker\/#primaryimage","url":"https:\/\/ranoja.ee\/wp-content\/uploads\/2026\/03\/5638187126.jpg","contentUrl":"https:\/\/ranoja.ee\/wp-content\/uploads\/2026\/03\/5638187126.jpg","width":900,"height":801},{"@type":"BreadcrumbList","@id":"https:\/\/ranoja.ee\/toode\/virtuaalpiire-2x-5m-v3-robotile-sunseeker\/#breadcrumb","itemListElement":[{"@type":"ListItem","position":1,"name":"Home","item":"https:\/\/ranoja.ee\/"},{"@type":"ListItem","position":2,"name":"Shop","item":"https:\/\/ranoja.ee\/en\/shop\/"},{"@type":"ListItem","position":3,"name":"Virtuaalpiire 2x 5m V3 robotile, Sunseeker"}]},{"@type":"WebSite","@id":"https:\/\/ranoja.ee\/#website","url":"https:\/\/ranoja.ee\/","name":"Ranoja","description":"Equipment Shop WooCommerce WordPress Theme for Machine &amp; Tools","publisher":{"@id":"https:\/\/ranoja.ee\/#organization"},"potentialAction":[{"@type":"SearchAction","target":{"@type":"EntryPoint","urlTemplate":"https:\/\/ranoja.ee\/?s={search_term_string}"},"query-input":{"@type":"PropertyValueSpecification","valueRequired":true,"valueName":"search_term_string"}}],"inLanguage":"en-US"},{"@type":"Organization","@id":"https:\/\/ranoja.ee\/#organization","name":"Ranoja O\u00dc","url":"https:\/\/ranoja.ee\/","logo":{"@type":"ImageObject","inLanguage":"en-US","@id":"https:\/\/ranoja.ee\/#\/schema\/logo\/image\/","url":"https:\/\/ranoja.ee\/wp-content\/uploads\/2023\/11\/ranoja-Logo.png","contentUrl":"https:\/\/ranoja.ee\/wp-content\/uploads\/2023\/11\/ranoja-Logo.png","width":207,"height":58,"caption":"Ranoja O\u00dc"},"image":{"@id":"https:\/\/ranoja.ee\/#\/schema\/logo\/image\/"},"sameAs":["https:\/\/www.facebook.com\/ranoja.ee","https:\/\/www.instagram.com\/ranoja__\/"]}]}},"_links":{"self":[{"href":"https:\/\/ranoja.ee\/en\/wp-json\/wp\/v2\/product\/61520","targetHints":{"allow":["GET"]}}],"collection":[{"href":"https:\/\/ranoja.ee\/en\/wp-json\/wp\/v2\/product"}],"about":[{"href":"https:\/\/ranoja.ee\/en\/wp-json\/wp\/v2\/types\/product"}],"wp:featuredmedia":[{"embeddable":true,"href":"https:\/\/ranoja.ee\/en\/wp-json\/wp\/v2\/media\/61521"}],"wp:attachment":[{"href":"https:\/\/ranoja.ee\/en\/wp-json\/wp\/v2\/media?parent=61520"}],"wp:term":[{"taxonomy":"product_cat","embeddable":true,"href":"https:\/\/ranoja.ee\/en\/wp-json\/wp\/v2\/product_cat?post=61520"},{"taxonomy":"product_tag","embeddable":true,"href":"https:\/\/ranoja.ee\/en\/wp-json\/wp\/v2\/product_tag?post=61520"}],"curies":[{"name":"wp","href":"https:\/\/api.w.org\/{rel}","templated":true}]}}